{"id":616,"date":"2023-09-28T15:47:41","date_gmt":"2023-09-28T15:47:41","guid":{"rendered":"http:\/\/stcr.test\/pr-news\/"},"modified":"2025-06-16T20:49:57","modified_gmt":"2025-06-17T00:49:57","slug":"news","status":"publish","type":"page","link":"https:\/\/ravyx.com\/fr_ca\/about-us\/news\/","title":{"rendered":"NOUVELLES"},"content":{"rendered":"\n<section data-controller=\"blockPostListing\" class=\"wpx-custom-block block-postlisting block-related \" id=\"acf-post-listing3358\">\n\n\t\n\t\n\t<div class=\"related-outer\" data-controller=\"postListing\">\n\n\t\t\n\t\t<div class=\"related-inner postlisting-archive format-square-text\" data-controller=\"postListingArchive\"  data-archive-posts_per_page='9'  data-archive-post_type='\"wpx-pr\"'  data-archive-show_paging='1'  data-archive-layout='square-text'  data-archive-order='DESC'  data-archive-orderby='date'  data-archive-paged='1' >\n\n\t\t<\/div>\n\n\t<\/div>\n\n<\/section>\n\n\n\n\n<div class=\"block-subscribe wpx-custom-block \" id=\"acf-subscribe6812\">\n\n\t\t\n\t<div class=\"subscribe-col\">\n\t\t<h3>Subscribe to Ravyx<\/h3>\t\t<p>Get all the latest insights and updates in retail technology.<\/p>\t<\/div>\n\n\t<div class=\"subscribe-col\">\n\t\t<!-- Begin Constant Contact Inline Form Code -->\r\n<div class=\"ctct-inline-form\" data-form-id=\"ae4fa23b-df09-4530-b971-255cd7a4ed3d\"><\/div>\r\n<!-- End Constant Contact Inline Form Code -->\r\n<style>\r\n    .ctct-inline-form button[type=\"submit\"] { width: auto !important; position: absolute; bottom: -1px; right: 0; }\r\n    .ctct-inline-form .ctct-form-field { position: relative; }\r\n    .ctct-inline-form .ctct-form-field label { display: none !important; }\r\n    .ctct-inline-form .ctct-form-field input[type=\"email\"] { padding-right: 6rem !important; }\r\n<\/style>\r\n<script>\r\n    window.addEventListener('DOMContentLoaded', () => {\r\n       new MutationObserver( function(mutations) {\r\n            \/\/ modify form field\r\n            mutations.forEach( function( item ) {\r\n                let field = item.target.querySelector('input[type=\"email\"]');\r\n                if ( field && ! field.hasAttribute('placeholder') ) {\r\n                    field.setAttribute('placeholder','Email *');\r\n                }\r\n                field = item.target.querySelector('button[type=\"submit\"]');\r\n                if ( field && field.closest('.ctct-form-field') == null ) {\r\n                    item.target.querySelector('.ctct-form-field').insertAdjacentElement('beforeend', field);\r\n                }\r\n            });\r\n        }).observe(document.querySelector('.ctct-inline-form'), { subtree: true, childList: true }); \r\n    });\r\n<\/script>\t<\/div>\n\n<\/div>","protected":false},"excerpt":{"rendered":"","protected":false},"author":1,"featured_media":0,"parent":594,"menu_order":2,"comment_status":"closed","ping_status":"closed","template":"","meta":{"_acf_changed":false,"footnotes":""},"class_list":["post-616","page","type-page","status-publish","hentry"],"acf":[],"yoast_head":"<!-- This site is optimized with the Yoast SEO plugin v27.5 - https:\/\/yoast.com\/product\/yoast-seo-wordpress\/ -->\n<title>Ravyx in the Spotlight | Company News, Retail Tech Innovation &amp; More<\/title>\n<meta name=\"description\" content=\"Get all the latest company news, updates, events, and innovations from Ravyx.\" \/>\n<meta name=\"robots\" content=\"index, follow, max-snippet:-1, max-image-preview:large, max-video-preview:-1\" \/>\n<link rel=\"canonical\" href=\"https:\/\/ravyx.com\/fr_ca\/about-us\/news\/\" \/>\n<meta property=\"og:locale\" content=\"fr_CA\" \/>\n<meta property=\"og:type\" content=\"article\" \/>\n<meta property=\"og:title\" content=\"Ravyx in the Spotlight | Company News, Retail Tech Innovation &amp; More\" \/>\n<meta property=\"og:description\" content=\"Get all the latest company news, updates, events, and innovations from Ravyx.\" \/>\n<meta property=\"og:url\" content=\"https:\/\/ravyx.com\/fr_ca\/about-us\/news\/\" \/>\n<meta property=\"og:site_name\" content=\"Ravyx\" \/>\n<meta property=\"article:publisher\" content=\"https:\/\/www.facebook.com\/stcrpos\" \/>\n<meta property=\"article:modified_time\" content=\"2025-06-17T00:49:57+00:00\" \/>\n<meta name=\"twitter:card\" content=\"summary_large_image\" \/>\n<meta name=\"twitter:site\" content=\"@stcrpos\" \/>\n<script type=\"application\/ld+json\" class=\"yoast-schema-graph\">{\"@context\":\"https:\\\/\\\/schema.org\",\"@graph\":[{\"@type\":\"WebPage\",\"@id\":\"https:\\\/\\\/ravyx.com\\\/about-us\\\/news\\\/\",\"url\":\"https:\\\/\\\/ravyx.com\\\/about-us\\\/news\\\/\",\"name\":\"Ravyx in the Spotlight | Company News, Retail Tech Innovation & More\",\"isPartOf\":{\"@id\":\"https:\\\/\\\/ravyx.com\\\/#website\"},\"datePublished\":\"2023-09-28T15:47:41+00:00\",\"dateModified\":\"2025-06-17T00:49:57+00:00\",\"description\":\"Get all the latest company news, updates, events, and innovations from Ravyx.\",\"breadcrumb\":{\"@id\":\"https:\\\/\\\/ravyx.com\\\/about-us\\\/news\\\/#breadcrumb\"},\"inLanguage\":\"fr-CA\",\"potentialAction\":[{\"@type\":\"ReadAction\",\"target\":[\"https:\\\/\\\/ravyx.com\\\/about-us\\\/news\\\/\"]}]},{\"@type\":\"BreadcrumbList\",\"@id\":\"https:\\\/\\\/ravyx.com\\\/about-us\\\/news\\\/#breadcrumb\",\"itemListElement\":[{\"@type\":\"ListItem\",\"position\":1,\"name\":\"Home\",\"item\":\"https:\\\/\\\/ravyx.com\\\/\"},{\"@type\":\"ListItem\",\"position\":2,\"name\":\"About Us\",\"item\":\"https:\\\/\\\/ravyx.com\\\/about-us\\\/\"},{\"@type\":\"ListItem\",\"position\":3,\"name\":\"NEWS\"}]},{\"@type\":\"WebSite\",\"@id\":\"https:\\\/\\\/ravyx.com\\\/#website\",\"url\":\"https:\\\/\\\/ravyx.com\\\/\",\"name\":\"Ravyx\",\"description\":\"Proven Grocery Technologies\",\"publisher\":{\"@id\":\"https:\\\/\\\/ravyx.com\\\/#organization\"},\"potentialAction\":[{\"@type\":\"SearchAction\",\"target\":{\"@type\":\"EntryPoint\",\"urlTemplate\":\"https:\\\/\\\/ravyx.com\\\/?s={search_term_string}\"},\"query-input\":{\"@type\":\"PropertyValueSpecification\",\"valueRequired\":true,\"valueName\":\"search_term_string\"}}],\"inLanguage\":\"fr-CA\"},{\"@type\":\"Organization\",\"@id\":\"https:\\\/\\\/ravyx.com\\\/#organization\",\"name\":\"Ravyx\",\"url\":\"https:\\\/\\\/ravyx.com\\\/\",\"logo\":{\"@type\":\"ImageObject\",\"inLanguage\":\"fr-CA\",\"@id\":\"https:\\\/\\\/ravyx.com\\\/#\\\/schema\\\/logo\\\/image\\\/\",\"url\":\"https:\\\/\\\/ravyx.com\\\/wp-content\\\/uploads\\\/2023\\\/09\\\/generic-brand-1.jpg\",\"contentUrl\":\"https:\\\/\\\/ravyx.com\\\/wp-content\\\/uploads\\\/2023\\\/09\\\/generic-brand-1.jpg\",\"width\":1200,\"height\":1200,\"caption\":\"Ravyx\"},\"image\":{\"@id\":\"https:\\\/\\\/ravyx.com\\\/#\\\/schema\\\/logo\\\/image\\\/\"},\"sameAs\":[\"https:\\\/\\\/www.facebook.com\\\/stcrpos\",\"https:\\\/\\\/x.com\\\/stcrpos\",\"https:\\\/\\\/www.linkedin.com\\\/company\\\/stcr\\\/\",\"https:\\\/\\\/www.youtube.com\\\/channel\\\/UCSWcsJARYjaQnz0T5o4p9DQ\"]}]}<\/script>\n<!-- \/ Yoast SEO plugin. -->","yoast_head_json":{"title":"Ravyx sous les feux de la rampe - Nouvelles de l'entreprise, innovation technologique dans le domaine de la vente au d\u00e9tail, etc.","description":"Obtenez toutes les derni\u00e8res nouvelles de l'entreprise, les mises \u00e0 jour, les \u00e9v\u00e9nements et les innovations de Ravyx.","robots":{"index":"index","follow":"follow","max-snippet":"max-snippet:-1","max-image-preview":"max-image-preview:large","max-video-preview":"max-video-preview:-1"},"canonical":"https:\/\/ravyx.com\/fr_ca\/about-us\/news\/","og_locale":"fr_CA","og_type":"article","og_title":"Ravyx in the Spotlight | Company News, Retail Tech Innovation & More","og_description":"Get all the latest company news, updates, events, and innovations from Ravyx.","og_url":"https:\/\/ravyx.com\/fr_ca\/about-us\/news\/","og_site_name":"Ravyx","article_publisher":"https:\/\/www.facebook.com\/stcrpos","article_modified_time":"2025-06-17T00:49:57+00:00","twitter_card":"summary_large_image","twitter_site":"@stcrpos","schema":{"@context":"https:\/\/schema.org","@graph":[{"@type":"WebPage","@id":"https:\/\/ravyx.com\/about-us\/news\/","url":"https:\/\/ravyx.com\/about-us\/news\/","name":"Ravyx sous les feux de la rampe - Nouvelles de l'entreprise, innovation technologique dans le domaine de la vente au d\u00e9tail, etc.","isPartOf":{"@id":"https:\/\/ravyx.com\/#website"},"datePublished":"2023-09-28T15:47:41+00:00","dateModified":"2025-06-17T00:49:57+00:00","description":"Obtenez toutes les derni\u00e8res nouvelles de l'entreprise, les mises \u00e0 jour, les \u00e9v\u00e9nements et les innovations de Ravyx.","breadcrumb":{"@id":"https:\/\/ravyx.com\/about-us\/news\/#breadcrumb"},"inLanguage":"fr-CA","potentialAction":[{"@type":"ReadAction","target":["https:\/\/ravyx.com\/about-us\/news\/"]}]},{"@type":"BreadcrumbList","@id":"https:\/\/ravyx.com\/about-us\/news\/#breadcrumb","itemListElement":[{"@type":"ListItem","position":1,"name":"Home","item":"https:\/\/ravyx.com\/"},{"@type":"ListItem","position":2,"name":"About Us","item":"https:\/\/ravyx.com\/about-us\/"},{"@type":"ListItem","position":3,"name":"NEWS"}]},{"@type":"WebSite","@id":"https:\/\/ravyx.com\/#website","url":"https:\/\/ravyx.com\/","name":"Ravyx","description":"Proven Grocery Technologies","publisher":{"@id":"https:\/\/ravyx.com\/#organization"},"potentialAction":[{"@type":"SearchAction","target":{"@type":"EntryPoint","urlTemplate":"https:\/\/ravyx.com\/?s={search_term_string}"},"query-input":{"@type":"PropertyValueSpecification","valueRequired":true,"valueName":"search_term_string"}}],"inLanguage":"fr-CA"},{"@type":"Organization","@id":"https:\/\/ravyx.com\/#organization","name":"Ravyx","url":"https:\/\/ravyx.com\/","logo":{"@type":"ImageObject","inLanguage":"fr-CA","@id":"https:\/\/ravyx.com\/#\/schema\/logo\/image\/","url":"https:\/\/ravyx.com\/wp-content\/uploads\/2023\/09\/generic-brand-1.jpg","contentUrl":"https:\/\/ravyx.com\/wp-content\/uploads\/2023\/09\/generic-brand-1.jpg","width":1200,"height":1200,"caption":"Ravyx"},"image":{"@id":"https:\/\/ravyx.com\/#\/schema\/logo\/image\/"},"sameAs":["https:\/\/www.facebook.com\/stcrpos","https:\/\/x.com\/stcrpos","https:\/\/www.linkedin.com\/company\/stcr\/","https:\/\/www.youtube.com\/channel\/UCSWcsJARYjaQnz0T5o4p9DQ"]}]}},"_links":{"self":[{"href":"https:\/\/ravyx.com\/fr_ca\/wp-json\/wp\/v2\/pages\/616","targetHints":{"allow":["GET"]}}],"collection":[{"href":"https:\/\/ravyx.com\/fr_ca\/wp-json\/wp\/v2\/pages"}],"about":[{"href":"https:\/\/ravyx.com\/fr_ca\/wp-json\/wp\/v2\/types\/page"}],"author":[{"embeddable":true,"href":"https:\/\/ravyx.com\/fr_ca\/wp-json\/wp\/v2\/users\/1"}],"replies":[{"embeddable":true,"href":"https:\/\/ravyx.com\/fr_ca\/wp-json\/wp\/v2\/comments?post=616"}],"version-history":[{"count":0,"href":"https:\/\/ravyx.com\/fr_ca\/wp-json\/wp\/v2\/pages\/616\/revisions"}],"up":[{"embeddable":true,"href":"https:\/\/ravyx.com\/fr_ca\/wp-json\/wp\/v2\/pages\/594"}],"wp:attachment":[{"href":"https:\/\/ravyx.com\/fr_ca\/wp-json\/wp\/v2\/media?parent=616"}],"curies":[{"name":"wp","href":"https:\/\/api.w.org\/{rel}","templated":true}]}}