{"id":610,"date":"2023-09-28T15:47:39","date_gmt":"2023-09-28T15:47:39","guid":{"rendered":"http:\/\/stcr.test\/liquor-wine\/"},"modified":"2025-06-18T13:18:00","modified_gmt":"2025-06-18T17:18:00","slug":"liquor-wine-beer-technology","status":"publish","type":"page","link":"https:\/\/ravyx.com\/fr_ca\/solutions\/liquor-wine-beer-technology\/","title":{"rendered":"Spiritueux, vins et bi\u00e8res"},"content":{"rendered":"\n<div class=\"wp-block-columns is-layout-flex wp-container-core-columns-is-layout-9d6595d7 wp-block-columns-is-layout-flex\">\n<div class=\"wp-block-column is-layout-flow wp-block-column-is-layout-flow\"><\/div>\n\n\n\n<div class=\"wp-block-column is-layout-flow wp-block-column-is-layout-flow\" style=\"flex-basis:80%\">\n<p class=\"has-text-align-center has-huge-font-size\">The retail beverage alcohol industry is ever-evolving \u2014 new brands, new trends, you name it. Today&#8217;s liquor, wine, and beer retailers need a technology partner capable of keeping up with the times and serving up the best solutions possible \u2014 everything from liquor pos systems, electronic shelf labels for your ever-changing wine collection, and best-in-class inventory management for beer sellers.<\/p>\n<\/div>\n\n\n\n<div class=\"wp-block-column is-layout-flow wp-block-column-is-layout-flow\"><\/div>\n<\/div>\n\n\n\n<h2 class=\"wp-block-heading has-text-align-center\">Featured Liquor, Wine, and Beer Solutions:<\/h2>\n\n\n\n<div class=\"block-checkerboard wpx-custom-block \" id=\"acf-checkerboard5463\">\n\n\t\n\t<div class=\"checkerboard-row\">\n\n\t\t<div class=\"row-col\">\n\t\t\t<div class=\"row-content\">\n\t\t\t\t<h2 class=\"row-title\">Electronic Shelf Labels for Liquor Stores, Wine &#038; Beer Shops | SES-Imagotag ESLs<\/h2>\t\t\t\t\t\t\t\t\t<p>Better manage pricing and inventory using the latest in <a href=\"https:\/\/ravyx.com\/solutions\/select-products\/electronic-shelf-labels\/\">electronic shelf label technology<\/a>.<\/p>\n<ul class=\"stylized-list\">\n<li>Ensure pricing automation &amp; intelligence.<\/li>\n<li>Automated pick and replenishment.<\/li>\n<li>Shelf monitoring and out-of-stock alerts.<\/li>\n<\/ul>\n\t\t\t\t\t\t\t\t\t\t\t\t\t<div class=\"button-group\">\n\t\t\t\t\t\t<a href=\"https:\/\/ravyx.com\/solutions\/select-products\/electronic-shelf-labels\/\" target=\"\" class=\"wpx-button\">Learn More About Electronic Shelf Lablels<\/a>\n\t\t\t\t\t<\/div>\n\t\t\t\t\t\t\t<\/div>\n\t\t<\/div>\n\n\t\t\t\t\t<div class=\"row-col\">\n\t\t\t\t<img decoding=\"async\" src=\"https:\/\/ravyx.com\/wp-content\/uploads\/2025\/06\/6-680x460.png\" alt=\"ESLs\" srcset=\"https:\/\/ravyx.com\/wp-content\/uploads\/2025\/06\/6-680x460.png 680w, https:\/\/ravyx.com\/wp-content\/uploads\/2025\/06\/6-16x12.png 16w\" sizes=\"(max-width: 680px) 100vw, 680px\">\n\t\t\t<\/div>\n\t\t\n\t<\/div>\n\n\t\n\t<div class=\"checkerboard-row\">\n\n\t\t<div class=\"row-col\">\n\t\t\t<div class=\"row-content\">\n\t\t\t\t<h2 class=\"row-title\">Liquor, Wine, and Beer Inventory Software<\/h2>\t\t\t\t\t\t\t\t\t<p>Track and record stock levels with every purchase using specialized software designed for real-time retail.<\/p>\n<ul class=\"stylized-list\">\n<li>Track &amp; manage inventory data, leveraging intuitive and user friendly reporting and operations native within the system.<\/li>\n<li>Leverage best-in-class point of sale operations and mobility to ensure smooth and easy end user operations.<\/li>\n<li>Remove the need for a physical inventory by maintaining consistent operations and controls within the native application.<\/li>\n<\/ul>\n\t\t\t\t\t\t\t\t\t\t\t<\/div>\n\t\t<\/div>\n\n\t\t\t\t\t<div class=\"row-col\">\n\t\t\t\t<img decoding=\"async\" src=\"https:\/\/ravyx.com\/wp-content\/uploads\/2023\/10\/perpetual-inventory-680x460.jpg\" alt=\"\" srcset=\"https:\/\/ravyx.com\/wp-content\/uploads\/2023\/10\/perpetual-inventory-680x460.jpg 680w, https:\/\/ravyx.com\/wp-content\/uploads\/2023\/10\/perpetual-inventory-300x204.jpg 300w\" sizes=\"(max-width: 680px) 100vw, 680px\">\n\t\t\t<\/div>\n\t\t\n\t<\/div>\n\n\t\n\t<div class=\"checkerboard-row\">\n\n\t\t<div class=\"row-col\">\n\t\t\t<div class=\"row-content\">\n\t\t\t\t<h2 class=\"row-title\"> Real-time Liquor, Wine, and Beer Warehouse Management <\/h2>\t\t\t\t\t\t\t\t\t<p>Keep track of inventory in real-time with retail software solutions designed to manage products and out-of-stocks.<\/p>\n<ul class=\"stylized-list\">\n<li>Track &amp; manage inventory data, leveraging intuitive and user friendly reporting and operations native within the system.<\/li>\n<li>Manage distribution and receiving across a chain or small group of stores.<\/li>\n<li>Leverage best-in-class mobility and hand held devices to ensure smooth and easy end user operations.<\/li>\n<\/ul>\n\t\t\t\t\t\t\t\t\t\t\t<\/div>\n\t\t<\/div>\n\n\t\t\t\t\t<div class=\"row-col\">\n\t\t\t\t<img decoding=\"async\" src=\"https:\/\/ravyx.com\/wp-content\/uploads\/2023\/10\/warehouse-680x460-1.jpg\" alt=\"\" srcset=\"https:\/\/ravyx.com\/wp-content\/uploads\/2023\/10\/warehouse-680x460-1.jpg 680w, https:\/\/ravyx.com\/wp-content\/uploads\/2023\/10\/warehouse-680x460-1-300x203.jpg 300w\" sizes=\"(max-width: 680px) 100vw, 680px\">\n\t\t\t<\/div>\n\t\t\n\t<\/div>\n\n\t\n<\/div>\n\n\n\n\n<h2 class=\"wp-block-heading has-text-align-center\">Check Out Our Other Liquor, Wine and Beer Store Solutions:<\/h2>\n\n\n\n<div class=\"wp-block-columns gap-0-mobile is-layout-flex wp-container-core-columns-is-layout-9d6595d7 wp-block-columns-is-layout-flex\">\n<div class=\"wp-block-column is-layout-flow wp-block-column-is-layout-flow\"><\/div>\n\n\n\n<div class=\"wp-block-column margin-top-0 is-layout-flow wp-block-column-is-layout-flow\" style=\"flex-basis:30%\">\n<ul class=\"wp-block-list stylized-list\">\n<li><a href=\"https:\/\/ravyx.com\/solutions\/select-products\/self-checkout\/\">Toshiba Self Checkout<\/a><\/li>\n\n\n\n<li><a href=\"https:\/\/ravyx.com\/solutions\/select-products\/pos-applications\/\">LOC SMS<\/a><\/li>\n\n\n\n<li>Loyalty<\/li>\n<\/ul>\n<\/div>\n\n\n\n<div class=\"wp-block-column margin-top-0 is-layout-flow wp-block-column-is-layout-flow\" style=\"flex-basis:30%\">\n<ul class=\"wp-block-list stylized-list margin-top-0\">\n<li><\/li>\n\n\n\n<li>E-commerce<\/li>\n\n\n\n<li>CAO (Computer Assisted Ordering)<\/li>\n<\/ul>\n<\/div>\n\n\n\n<div class=\"wp-block-column is-layout-flow wp-block-column-is-layout-flow\"><\/div>\n<\/div>\n\n\n\n<div style=\"height:54px\" aria-hidden=\"true\" class=\"wp-block-spacer\"><\/div>\n\n\n\n<h1 class=\"wp-block-heading has-text-align-center\">Proven to Help Liquor, Wine, &amp; Beer Stores Win!<\/h1>\n\n\n\n<div class=\"wp-block-columns has-white-background-color has-background is-layout-flex wp-container-core-columns-is-layout-9d6595d7 wp-block-columns-is-layout-flex\">\n<div class=\"wp-block-column is-layout-flow wp-block-column-is-layout-flow\"><div class=\"wp-block-image\">\n<figure class=\"aligncenter size-full is-resized\"><img loading=\"lazy\" decoding=\"async\" width=\"94\" height=\"98\" src=\"https:\/\/ravyx.com\/wp-content\/uploads\/2025\/05\/real-time-reporting.svg\" alt=\"\" class=\"wp-image-3528\" style=\"width:100px\"\/><\/figure>\n<\/div>\n\n\n<h3 class=\"wp-block-heading has-text-align-center\">Real-time reporting <\/h3>\n\n\n\n<p class=\"has-text-align-center\">Keep a close eye on your liquor, wine, and beer inventory, better forecast for future sales, and earn meaningful insights about your customers \u2014 all in one simple POS solution with advanced reporting capabilities.<\/p>\n<\/div>\n\n\n\n<div class=\"wp-block-column is-layout-flow wp-block-column-is-layout-flow\"><div class=\"wp-block-image\">\n<figure class=\"aligncenter size-full is-resized\"><img loading=\"lazy\" decoding=\"async\" width=\"94\" height=\"98\" src=\"https:\/\/ravyx.com\/wp-content\/uploads\/2025\/05\/beer-liquor-win-partners.svg\" alt=\"\" class=\"wp-image-3529\" style=\"width:100px\"\/><\/figure>\n<\/div>\n\n\n<h3 class=\"wp-block-heading has-text-align-center\">Top shelf partners<\/h3>\n\n\n\n<p class=\"has-text-align-center\">The Landscape of Liquor, Wine, and Beer POS systems is vast. Ravyx works with only the best retail technology providers to determine the right-fit solution for your business(es).<\/p>\n<\/div>\n\n\n\n<div class=\"wp-block-column is-layout-flow wp-block-column-is-layout-flow\"><div class=\"wp-block-image\">\n<figure class=\"aligncenter size-full is-resized\"><img loading=\"lazy\" decoding=\"async\" width=\"94\" height=\"98\" src=\"https:\/\/ravyx.com\/wp-content\/uploads\/2025\/05\/expert-customer-service.svg\" alt=\"\" class=\"wp-image-3530\" style=\"width:100px\"\/><\/figure>\n<\/div>\n\n\n<h3 class=\"wp-block-heading has-text-align-center\">Expert customer service<\/h3>\n\n\n\n<p class=\"has-text-align-center\">Troubleshooting tech issues can be a major challenge for small liquor, wine, and beer shops. Ravyx is always there for you with a<a href=\"https:\/\/ravyx.com\/service-support\/\"> 24\/7 Customer Service &amp; Support<\/a> team that ensure minimal disruption to your business.<\/p>\n<\/div>\n<\/div>\n\n\n\n<div style=\"height:54px\" aria-hidden=\"true\" class=\"wp-block-spacer\"><\/div>\n\n\n\n<div class=\"block-subscribe wpx-custom-block \" id=\"acf-subscribe8561\">\n\n\t\t\n\t<div class=\"subscribe-col\">\n\t\t<h3>Liquor, Wine, and Beer Store Insights Straight to Your Inbox.<\/h3>\t\t<p>Get all the latest insights and updates in retail technology.<\/p>\t<\/div>\n\n\t<div class=\"subscribe-col\">\n\t\t<!-- Begin Constant Contact Inline Form Code -->\r\n<div class=\"ctct-inline-form\" data-form-id=\"ae4fa23b-df09-4530-b971-255cd7a4ed3d\"><\/div>\r\n<!-- End Constant Contact Inline Form Code -->\r\n<style>\r\n    .ctct-inline-form button[type=\"submit\"] { width: auto !important; position: absolute; bottom: -1px; right: 0; }\r\n    .ctct-inline-form .ctct-form-field { position: relative; }\r\n    .ctct-inline-form .ctct-form-field label { display: none !important; }\r\n    .ctct-inline-form .ctct-form-field input[type=\"email\"] { padding-right: 6rem !important; }\r\n<\/style>\r\n<script>\r\n    window.addEventListener('DOMContentLoaded', () => {\r\n       new MutationObserver( function(mutations) {\r\n            \/\/ modify form field\r\n            mutations.forEach( function( item ) {\r\n                let field = item.target.querySelector('input[type=\"email\"]');\r\n                if ( field && ! field.hasAttribute('placeholder') ) {\r\n                    field.setAttribute('placeholder','Email *');\r\n                }\r\n                field = item.target.querySelector('button[type=\"submit\"]');\r\n                if ( field && field.closest('.ctct-form-field') == null ) {\r\n                    item.target.querySelector('.ctct-form-field').insertAdjacentElement('beforeend', field);\r\n                }\r\n            });\r\n        }).observe(document.querySelector('.ctct-inline-form'), { subtree: true, childList: true }); \r\n    });\r\n<\/script>\t<\/div>\n\n<\/div>\n\n\n<section class=\"block-related wpx-custom-block \" id=\"acf-related-pages6583\">\n\n\t\t\n\t<div class=\"related-inner\">\n\n\t\t\n\t\t\t<article class=\"related-page \">\n\t\t\t\t<a href=\"https:\/\/ravyx.com\/fr_ca\/electronic-shelf-labels-history\/\">\n\t\t\t\t\t<div class=\"related-page-thumb\">\n\t\t\t\t\t\t\t\t\t\t\t\t<img decoding=\"async\" src=\"https:\/\/ravyx.com\/wp-content\/uploads\/2023\/09\/Electronic-Shelf-Labels-A-Brief-History-1-880x636.jpg\" alt=\"\" srcset=\"\" sizes=\"(max-width: 880px) 100vw, 880px\">\n\t\t\t\t\t<\/div>\n\t\t\t\t\t<div class=\"related-page-header\">\n\t\t\t\t\t\t<h1 class=\"related-page-title\">Electronic Shelf Labels: A Brief History + Benefits<\/h1>\n\t\t\t\t\t<\/div>\n\t\t\t\t<\/a>\n\t\t\t<\/article>\n\n\t\t\t\n\t\t\n\t\t\t<article class=\"related-page \">\n\t\t\t\t<a href=\"https:\/\/ravyx.com\/fr_ca\/how-use-customer-data-benefit-shopper\/\">\n\t\t\t\t\t<div class=\"related-page-thumb\">\n\t\t\t\t\t\t\t\t\t\t\t\t<img decoding=\"async\" src=\"https:\/\/ravyx.com\/wp-content\/uploads\/2023\/10\/How-to-Use-Customer-Data-to-Benefit-the-Shopper-1-880x636.jpeg\" alt=\"\" srcset=\"\" sizes=\"(max-width: 880px) 100vw, 880px\">\n\t\t\t\t\t<\/div>\n\t\t\t\t\t<div class=\"related-page-header\">\n\t\t\t\t\t\t<h1 class=\"related-page-title\">How to Use Customer Data to Benefit the Shopper<\/h1>\n\t\t\t\t\t<\/div>\n\t\t\t\t<\/a>\n\t\t\t<\/article>\n\n\t\t\t\n\t\t\n\t\t\t<article class=\"related-page \">\n\t\t\t\t<a href=\"https:\/\/ravyx.com\/fr_ca\/checkout-trends\/\">\n\t\t\t\t\t<div class=\"related-page-thumb\">\n\t\t\t\t\t\t\t\t\t\t\t\t<img decoding=\"async\" src=\"https:\/\/ravyx.com\/wp-content\/uploads\/2023\/09\/Stay-Up-to-Date-on-Checkout-Trends-880x636.jpg\" alt=\"\" srcset=\"\" sizes=\"(max-width: 880px) 100vw, 880px\">\n\t\t\t\t\t<\/div>\n\t\t\t\t\t<div class=\"related-page-header\">\n\t\t\t\t\t\t<h1 class=\"related-page-title\">Stay Up-to-Date on Checkout Trends<\/h1>\n\t\t\t\t\t<\/div>\n\t\t\t\t<\/a>\n\t\t\t<\/article>\n\n\t\t\t\n\t\t\n\t<\/div>\n\n<\/section>\n\n","protected":false},"excerpt":{"rendered":"<p>D\u00e9couvrez les derni\u00e8res technologies de vente au d\u00e9tail pour les magasins de vins et spiritueux, y compris les \u00e9tiquettes \u00e9lectroniques, l'inventaire permanent et bien plus encore. <\/p>","protected":false},"author":1,"featured_media":0,"parent":587,"menu_order":8,"comment_status":"closed","ping_status":"closed","template":"","meta":{"_acf_changed":true,"footnotes":""},"class_list":["post-610","page","type-page","status-publish","hentry"],"acf":[],"yoast_head":"<!-- This site is optimized with the Yoast SEO plugin v27.5 - https:\/\/yoast.com\/product\/yoast-seo-wordpress\/ -->\n<title>Wine &amp; Liquor Store Technology | POS, ESLs &amp; More<\/title>\n<meta name=\"description\" content=\"Check out all the latest retail technology for wine and liquor stores, including POS, electronic shelf labels, perpetual inventory and more.\" \/>\n<meta name=\"robots\" content=\"index, follow, max-snippet:-1, max-image-preview:large, max-video-preview:-1\" \/>\n<link rel=\"canonical\" href=\"https:\/\/ravyx.com\/fr_ca\/solutions\/liquor-wine-beer-technology\/\" \/>\n<meta property=\"og:locale\" content=\"fr_CA\" \/>\n<meta property=\"og:type\" content=\"article\" \/>\n<meta property=\"og:title\" content=\"Wine &amp; Liquor Store Technology | POS, ESLs &amp; More\" \/>\n<meta property=\"og:description\" content=\"Check out all the latest retail technology for wine and liquor stores, including POS, electronic shelf labels, perpetual inventory and more.\" \/>\n<meta property=\"og:url\" content=\"https:\/\/ravyx.com\/fr_ca\/solutions\/liquor-wine-beer-technology\/\" \/>\n<meta property=\"og:site_name\" content=\"Ravyx\" \/>\n<meta property=\"article:publisher\" content=\"https:\/\/www.facebook.com\/stcrpos\" \/>\n<meta property=\"article:modified_time\" content=\"2025-06-18T17:18:00+00:00\" \/>\n<meta property=\"og:image\" content=\"https:\/\/ravyx.com\/wp-content\/uploads\/2025\/05\/real-time-reporting.svg\" \/>\n<meta name=\"twitter:card\" content=\"summary_large_image\" \/>\n<meta name=\"twitter:site\" content=\"@stcrpos\" \/>\n<meta name=\"twitter:label1\" content=\"Est. reading time\" \/>\n\t<meta name=\"twitter:data1\" content=\"2 minutes\" \/>\n<script type=\"application\/ld+json\" class=\"yoast-schema-graph\">{\"@context\":\"https:\\\/\\\/schema.org\",\"@graph\":[{\"@type\":\"WebPage\",\"@id\":\"https:\\\/\\\/ravyx.com\\\/solutions\\\/liquor-wine-beer-technology\\\/\",\"url\":\"https:\\\/\\\/ravyx.com\\\/solutions\\\/liquor-wine-beer-technology\\\/\",\"name\":\"Wine & Liquor Store Technology | POS, ESLs & More\",\"isPartOf\":{\"@id\":\"https:\\\/\\\/ravyx.com\\\/#website\"},\"primaryImageOfPage\":{\"@id\":\"https:\\\/\\\/ravyx.com\\\/solutions\\\/liquor-wine-beer-technology\\\/#primaryimage\"},\"image\":{\"@id\":\"https:\\\/\\\/ravyx.com\\\/solutions\\\/liquor-wine-beer-technology\\\/#primaryimage\"},\"thumbnailUrl\":\"https:\\\/\\\/ravyx.com\\\/wp-content\\\/uploads\\\/2025\\\/05\\\/real-time-reporting.svg\",\"datePublished\":\"2023-09-28T15:47:39+00:00\",\"dateModified\":\"2025-06-18T17:18:00+00:00\",\"description\":\"Check out all the latest retail technology for wine and liquor stores, including POS, electronic shelf labels, perpetual inventory and more.\",\"breadcrumb\":{\"@id\":\"https:\\\/\\\/ravyx.com\\\/solutions\\\/liquor-wine-beer-technology\\\/#breadcrumb\"},\"inLanguage\":\"fr-CA\",\"potentialAction\":[{\"@type\":\"ReadAction\",\"target\":[\"https:\\\/\\\/ravyx.com\\\/solutions\\\/liquor-wine-beer-technology\\\/\"]}]},{\"@type\":\"ImageObject\",\"inLanguage\":\"fr-CA\",\"@id\":\"https:\\\/\\\/ravyx.com\\\/solutions\\\/liquor-wine-beer-technology\\\/#primaryimage\",\"url\":\"https:\\\/\\\/ravyx.com\\\/wp-content\\\/uploads\\\/2025\\\/05\\\/real-time-reporting.svg\",\"contentUrl\":\"https:\\\/\\\/ravyx.com\\\/wp-content\\\/uploads\\\/2025\\\/05\\\/real-time-reporting.svg\"},{\"@type\":\"BreadcrumbList\",\"@id\":\"https:\\\/\\\/ravyx.com\\\/solutions\\\/liquor-wine-beer-technology\\\/#breadcrumb\",\"itemListElement\":[{\"@type\":\"ListItem\",\"position\":1,\"name\":\"Home\",\"item\":\"https:\\\/\\\/ravyx.com\\\/\"},{\"@type\":\"ListItem\",\"position\":2,\"name\":\"Solutions\",\"item\":\"https:\\\/\\\/ravyx.com\\\/solutions\\\/\"},{\"@type\":\"ListItem\",\"position\":3,\"name\":\"Liquor, Wine, and Beer\"}]},{\"@type\":\"WebSite\",\"@id\":\"https:\\\/\\\/ravyx.com\\\/#website\",\"url\":\"https:\\\/\\\/ravyx.com\\\/\",\"name\":\"Ravyx\",\"description\":\"Proven Grocery Technologies\",\"publisher\":{\"@id\":\"https:\\\/\\\/ravyx.com\\\/#organization\"},\"potentialAction\":[{\"@type\":\"SearchAction\",\"target\":{\"@type\":\"EntryPoint\",\"urlTemplate\":\"https:\\\/\\\/ravyx.com\\\/?s={search_term_string}\"},\"query-input\":{\"@type\":\"PropertyValueSpecification\",\"valueRequired\":true,\"valueName\":\"search_term_string\"}}],\"inLanguage\":\"fr-CA\"},{\"@type\":\"Organization\",\"@id\":\"https:\\\/\\\/ravyx.com\\\/#organization\",\"name\":\"Ravyx\",\"url\":\"https:\\\/\\\/ravyx.com\\\/\",\"logo\":{\"@type\":\"ImageObject\",\"inLanguage\":\"fr-CA\",\"@id\":\"https:\\\/\\\/ravyx.com\\\/#\\\/schema\\\/logo\\\/image\\\/\",\"url\":\"https:\\\/\\\/ravyx.com\\\/wp-content\\\/uploads\\\/2023\\\/09\\\/generic-brand-1.jpg\",\"contentUrl\":\"https:\\\/\\\/ravyx.com\\\/wp-content\\\/uploads\\\/2023\\\/09\\\/generic-brand-1.jpg\",\"width\":1200,\"height\":1200,\"caption\":\"Ravyx\"},\"image\":{\"@id\":\"https:\\\/\\\/ravyx.com\\\/#\\\/schema\\\/logo\\\/image\\\/\"},\"sameAs\":[\"https:\\\/\\\/www.facebook.com\\\/stcrpos\",\"https:\\\/\\\/x.com\\\/stcrpos\",\"https:\\\/\\\/www.linkedin.com\\\/company\\\/stcr\\\/\",\"https:\\\/\\\/www.youtube.com\\\/channel\\\/UCSWcsJARYjaQnz0T5o4p9DQ\"]}]}<\/script>\n<!-- \/ Yoast SEO plugin. -->","yoast_head_json":{"title":"Technologie pour les magasins de vins et spiritueux - POS, ESLs et autres","description":"D\u00e9couvrez les derni\u00e8res technologies de vente au d\u00e9tail pour les magasins de vins et spiritueux, notamment les points de vente, les \u00e9tiquettes \u00e9lectroniques, l'inventaire permanent et bien plus encore.","robots":{"index":"index","follow":"follow","max-snippet":"max-snippet:-1","max-image-preview":"max-image-preview:large","max-video-preview":"max-video-preview:-1"},"canonical":"https:\/\/ravyx.com\/fr_ca\/solutions\/liquor-wine-beer-technology\/","og_locale":"fr_CA","og_type":"article","og_title":"Wine & Liquor Store Technology | POS, ESLs & More","og_description":"Check out all the latest retail technology for wine and liquor stores, including POS, electronic shelf labels, perpetual inventory and more.","og_url":"https:\/\/ravyx.com\/fr_ca\/solutions\/liquor-wine-beer-technology\/","og_site_name":"Ravyx","article_publisher":"https:\/\/www.facebook.com\/stcrpos","article_modified_time":"2025-06-18T17:18:00+00:00","og_image":[{"url":"https:\/\/ravyx.com\/wp-content\/uploads\/2025\/05\/real-time-reporting.svg","type":"","width":"","height":""}],"twitter_card":"summary_large_image","twitter_site":"@stcrpos","twitter_misc":{"Est. reading time":"2 minutes"},"schema":{"@context":"https:\/\/schema.org","@graph":[{"@type":"WebPage","@id":"https:\/\/ravyx.com\/solutions\/liquor-wine-beer-technology\/","url":"https:\/\/ravyx.com\/solutions\/liquor-wine-beer-technology\/","name":"Technologie pour les magasins de vins et spiritueux - POS, ESLs et autres","isPartOf":{"@id":"https:\/\/ravyx.com\/#website"},"primaryImageOfPage":{"@id":"https:\/\/ravyx.com\/solutions\/liquor-wine-beer-technology\/#primaryimage"},"image":{"@id":"https:\/\/ravyx.com\/solutions\/liquor-wine-beer-technology\/#primaryimage"},"thumbnailUrl":"https:\/\/ravyx.com\/wp-content\/uploads\/2025\/05\/real-time-reporting.svg","datePublished":"2023-09-28T15:47:39+00:00","dateModified":"2025-06-18T17:18:00+00:00","description":"D\u00e9couvrez les derni\u00e8res technologies de vente au d\u00e9tail pour les magasins de vins et spiritueux, notamment les points de vente, les \u00e9tiquettes \u00e9lectroniques, l'inventaire permanent et bien plus encore.","breadcrumb":{"@id":"https:\/\/ravyx.com\/solutions\/liquor-wine-beer-technology\/#breadcrumb"},"inLanguage":"fr-CA","potentialAction":[{"@type":"ReadAction","target":["https:\/\/ravyx.com\/solutions\/liquor-wine-beer-technology\/"]}]},{"@type":"ImageObject","inLanguage":"fr-CA","@id":"https:\/\/ravyx.com\/solutions\/liquor-wine-beer-technology\/#primaryimage","url":"https:\/\/ravyx.com\/wp-content\/uploads\/2025\/05\/real-time-reporting.svg","contentUrl":"https:\/\/ravyx.com\/wp-content\/uploads\/2025\/05\/real-time-reporting.svg"},{"@type":"BreadcrumbList","@id":"https:\/\/ravyx.com\/solutions\/liquor-wine-beer-technology\/#breadcrumb","itemListElement":[{"@type":"ListItem","position":1,"name":"Home","item":"https:\/\/ravyx.com\/"},{"@type":"ListItem","position":2,"name":"Solutions","item":"https:\/\/ravyx.com\/solutions\/"},{"@type":"ListItem","position":3,"name":"Liquor, Wine, and Beer"}]},{"@type":"WebSite","@id":"https:\/\/ravyx.com\/#website","url":"https:\/\/ravyx.com\/","name":"Ravyx","description":"Proven Grocery Technologies","publisher":{"@id":"https:\/\/ravyx.com\/#organization"},"potentialAction":[{"@type":"SearchAction","target":{"@type":"EntryPoint","urlTemplate":"https:\/\/ravyx.com\/?s={search_term_string}"},"query-input":{"@type":"PropertyValueSpecification","valueRequired":true,"valueName":"search_term_string"}}],"inLanguage":"fr-CA"},{"@type":"Organization","@id":"https:\/\/ravyx.com\/#organization","name":"Ravyx","url":"https:\/\/ravyx.com\/","logo":{"@type":"ImageObject","inLanguage":"fr-CA","@id":"https:\/\/ravyx.com\/#\/schema\/logo\/image\/","url":"https:\/\/ravyx.com\/wp-content\/uploads\/2023\/09\/generic-brand-1.jpg","contentUrl":"https:\/\/ravyx.com\/wp-content\/uploads\/2023\/09\/generic-brand-1.jpg","width":1200,"height":1200,"caption":"Ravyx"},"image":{"@id":"https:\/\/ravyx.com\/#\/schema\/logo\/image\/"},"sameAs":["https:\/\/www.facebook.com\/stcrpos","https:\/\/x.com\/stcrpos","https:\/\/www.linkedin.com\/company\/stcr\/","https:\/\/www.youtube.com\/channel\/UCSWcsJARYjaQnz0T5o4p9DQ"]}]}},"_links":{"self":[{"href":"https:\/\/ravyx.com\/fr_ca\/wp-json\/wp\/v2\/pages\/610","targetHints":{"allow":["GET"]}}],"collection":[{"href":"https:\/\/ravyx.com\/fr_ca\/wp-json\/wp\/v2\/pages"}],"about":[{"href":"https:\/\/ravyx.com\/fr_ca\/wp-json\/wp\/v2\/types\/page"}],"author":[{"embeddable":true,"href":"https:\/\/ravyx.com\/fr_ca\/wp-json\/wp\/v2\/users\/1"}],"replies":[{"embeddable":true,"href":"https:\/\/ravyx.com\/fr_ca\/wp-json\/wp\/v2\/comments?post=610"}],"version-history":[{"count":0,"href":"https:\/\/ravyx.com\/fr_ca\/wp-json\/wp\/v2\/pages\/610\/revisions"}],"up":[{"embeddable":true,"href":"https:\/\/ravyx.com\/fr_ca\/wp-json\/wp\/v2\/pages\/587"}],"wp:attachment":[{"href":"https:\/\/ravyx.com\/fr_ca\/wp-json\/wp\/v2\/media?parent=610"}],"curies":[{"name":"wp","href":"https:\/\/api.w.org\/{rel}","templated":true}]}}