{"id":602,"date":"2023-09-28T15:47:36","date_gmt":"2023-09-28T15:47:36","guid":{"rendered":"http:\/\/stcr.test\/disclaimer\/"},"modified":"2025-06-16T20:50:35","modified_gmt":"2025-06-17T00:50:35","slug":"disclaimer","status":"publish","type":"page","link":"https:\/\/ravyx.com\/fr_ca\/disclaimer\/","title":{"rendered":"Clause de non-responsabilit\u00e9"},"content":{"rendered":"<h2 class=\"wp-block-heading\"><strong>Avis juridique et clause de non-responsabilit\u00e9 concernant les documents contenus dans ce site<\/strong><\/h2>\n\n\n\n<p>L'acc\u00e8s et l'utilisation de ce site Internet sont soumis aux pr\u00e9sentes conditions g\u00e9n\u00e9rales.<\/p>\n\n\n\n<p>VEUILLEZ LIRE ATTENTIVEMENT CES CONDITIONS, CAR L'UTILISATION DE CE SITE IMPLIQUE L'ACCEPTATION DE CES CONDITIONS.<\/p>\n\n\n\n<h3 class=\"wp-block-heading\"><strong>Utilisation du mat\u00e9riel sur le site web de Ravyx<\/strong><\/h3>\n\n\n\n<ul class=\"wp-block-list\">\n<li>L'information, les images, les textes, les vid\u00e9os, les audios ou les photos (collectivement, les \" mat\u00e9riaux \") contenus dans le site web de Ravyx, Inc. (Ravyx) sont prot\u00e9g\u00e9s par les lois sur les droits d'auteur. L'acc\u00e8s et l'utilisation du mat\u00e9riel sont r\u00e9serv\u00e9s \u00e0 des fins personnelles ou \u00e9ducatives.<\/li>\n\n\n\n<li>Vous ne pouvez pas modifier ou utiliser le mat\u00e9riel \u00e0 d'autres fins sans le consentement \u00e9crit expr\u00e8s de Ravyx. Sauf dans les cas pr\u00e9vus ci-dessous, vous ne pouvez pas reproduire, republier, poster, transmettre ou distribuer tout mat\u00e9riel sur le site web de Ravyx Corporation.<\/li>\n\n\n\n<li>Vous pouvez imprimer les mat\u00e9riaux du site web de Ravyx \u00e0 des fins personnelles uniquement, et vous devez inclure dans toutes les copies tout avis de droit d'auteur inclus \u00e0 l'origine avec les mat\u00e9riaux.<\/li>\n\n\n\n<li>Les mat\u00e9riaux inclus dans le site web de Ravyx ont \u00e9t\u00e9 compil\u00e9s par Ravyx Corporation et sont susceptibles d'\u00eatre modifi\u00e9s sans pr\u00e9avis.<\/li>\n<\/ul>\n\n\n\n<h3 class=\"wp-block-heading\"><strong>Sites ayant un lien avec le site web de Ravyx, Inc.<\/strong><\/h3>\n\n\n\n<ul class=\"wp-block-list\">\n<li>Les sites li\u00e9s au site web de Ravyx ne sont pas sous le contr\u00f4le de Ravyx, et Ravyx n'assume aucune responsabilit\u00e9 pour les produits ou les mat\u00e9riaux disponibles sur ces sites li\u00e9s.<\/li>\n\n\n\n<li>Ravyx n'entend pas que les liens sur le site Web de Ravyx soient des r\u00e9f\u00e9rences ou des approbations des entit\u00e9s li\u00e9es. Les liens sont fournis uniquement pour des raisons de commodit\u00e9.<\/li>\n<\/ul>\n\n\n\n<h3 class=\"wp-block-heading\"><strong>Exclusion de garantie<\/strong><\/h3>\n\n\n\n<ul class=\"wp-block-list\">\n<li>Les informations ou services disponibles sur le site web de Ravyx sont fournis \"EN L'\u00c9TAT\", sans garantie d'aucune sorte.<\/li>\n\n\n\n<li>Ravyx n'est absolument pas responsable des dommages caus\u00e9s \u00e0 votre mat\u00e9riel informatique, \u00e0 vos donn\u00e9es, \u00e0 vos informations, \u00e0 votre mat\u00e9riel et \u00e0 votre entreprise r\u00e9sultant de l'information ou du manque d'information disponible sur le site web de Ravyx.<\/li>\n<\/ul>\n\n\n\n<h3 class=\"wp-block-heading\"><strong>Ravyx n'a aucune responsabilit\u00e9 pour :<\/strong><\/h3>\n\n\n\n<ul class=\"wp-block-list\">\n<li>toute perte ou tout pr\u00e9judice caus\u00e9, en tout ou en partie, par ses actions, ses omissions ou sa n\u00e9gligence, ou pour des raisons ind\u00e9pendantes de sa volont\u00e9, lors de l'obtention, de la compilation ou de la fourniture de l'information ;<\/li>\n\n\n\n<li>toute erreur, omission ou inexactitude dans les informations, quelle qu'en soit la cause, ou tout retard ou interruption dans la fourniture des informations ; ou<\/li>\n\n\n\n<li>Toute d\u00e9cision ou action prise ou non sur la base des informations fournies dans le pr\u00e9sent document.<\/li>\n<\/ul>\n\n\n\n<p>Ravyx, Inc. ne donne aucune garantie, repr\u00e9sentation ou caution quant au contenu, \u00e0 la s\u00e9quence, \u00e0 l'exactitude, \u00e0 l'actualit\u00e9 ou \u00e0 l'exhaustivit\u00e9 de l'information ou quant au fait que l'on puisse se fier \u00e0 l'information pour quelque raison que ce soit.<\/p>\n\n\n\n<p>Ravyx ne garantit pas que l'information sera ininterrompue ou exempte d'erreurs ou que tout d\u00e9faut pourra \u00eatre corrig\u00e9. Pour les besoins de cette section, Ravyx comprend Ravyx, ses divisions, ses filiales et leurs employ\u00e9s, partenaires, directeurs, agents et repr\u00e9sentants, ainsi que tout tiers fournisseur ou source d'informations ou de donn\u00e9es.<\/p>\n\n\n\n<h3 class=\"wp-block-heading\"><strong>Limitation de la responsabilit\u00e9<\/strong><\/h3>\n\n\n\n<p>En aucun cas Ravyx ne sera responsable de pertes ou de dommages quels qu'ils soient, qu'ils soient contractuels, d\u00e9lictuels ou autres, r\u00e9sultant de l'utilisation ou de la confiance accord\u00e9e \u00e0 l'information, ou de l'utilisation de l'Internet en g\u00e9n\u00e9ral.<\/p>\n\n\n\n<p>Aux fins de la pr\u00e9sente section, Ravyx comprend Ravyx, ses divisions, ses filiales et leurs employ\u00e9s, partenaires, directeurs, agents et repr\u00e9sentants, ainsi que tout tiers fournisseur ou source d'informations ou de donn\u00e9es.<\/p>","protected":false},"excerpt":{"rendered":"<p>Legal Notice and Disclaimer of Materials Contained on This Site Access to and use of this World Wide Web site is provided subject to these terms and conditions. PLEASE READ THESE TERMS CAREFULLY AS USE OF THIS SITE CONSTITUTES ACCEPTANCE OF THESE TERMS AND CONDITIONS. Use of Material On the Ravyx website Sites That Link [&hellip;]<\/p>\n","protected":false},"author":1,"featured_media":0,"parent":0,"menu_order":21,"comment_status":"closed","ping_status":"closed","template":"","meta":{"_acf_changed":false,"footnotes":""},"class_list":["post-602","page","type-page","status-publish","hentry"],"acf":[],"yoast_head":"<!-- This site is optimized with the Yoast SEO plugin v27.5 - https:\/\/yoast.com\/product\/yoast-seo-wordpress\/ -->\n<title>Disclaimer | Ravyx<\/title>\n<meta name=\"description\" content=\"Legal Notice and Disclaimer of Materials Contained on This Site\" \/>\n<meta name=\"robots\" content=\"index, follow, max-snippet:-1, max-image-preview:large, max-video-preview:-1\" \/>\n<link rel=\"canonical\" href=\"https:\/\/ravyx.com\/fr_ca\/disclaimer\/\" \/>\n<meta property=\"og:locale\" content=\"fr_CA\" \/>\n<meta property=\"og:type\" content=\"article\" \/>\n<meta property=\"og:title\" content=\"Disclaimer | Ravyx\" \/>\n<meta property=\"og:description\" content=\"Legal Notice and Disclaimer of Materials Contained on This Site\" \/>\n<meta property=\"og:url\" content=\"https:\/\/ravyx.com\/fr_ca\/disclaimer\/\" \/>\n<meta property=\"og:site_name\" content=\"Ravyx\" \/>\n<meta property=\"article:publisher\" content=\"https:\/\/www.facebook.com\/stcrpos\" \/>\n<meta property=\"article:modified_time\" content=\"2025-06-17T00:50:35+00:00\" \/>\n<meta name=\"twitter:card\" content=\"summary_large_image\" \/>\n<meta name=\"twitter:site\" content=\"@stcrpos\" \/>\n<meta name=\"twitter:label1\" content=\"Est. reading time\" \/>\n\t<meta name=\"twitter:data1\" content=\"3 minutes\" \/>\n<script type=\"application\/ld+json\" class=\"yoast-schema-graph\">{\"@context\":\"https:\\\/\\\/schema.org\",\"@graph\":[{\"@type\":\"WebPage\",\"@id\":\"https:\\\/\\\/ravyx.com\\\/disclaimer\\\/\",\"url\":\"https:\\\/\\\/ravyx.com\\\/disclaimer\\\/\",\"name\":\"Disclaimer | Ravyx\",\"isPartOf\":{\"@id\":\"https:\\\/\\\/ravyx.com\\\/#website\"},\"datePublished\":\"2023-09-28T15:47:36+00:00\",\"dateModified\":\"2025-06-17T00:50:35+00:00\",\"description\":\"Legal Notice and Disclaimer of Materials Contained on This Site\",\"breadcrumb\":{\"@id\":\"https:\\\/\\\/ravyx.com\\\/disclaimer\\\/#breadcrumb\"},\"inLanguage\":\"fr-CA\",\"potentialAction\":[{\"@type\":\"ReadAction\",\"target\":[\"https:\\\/\\\/ravyx.com\\\/disclaimer\\\/\"]}]},{\"@type\":\"BreadcrumbList\",\"@id\":\"https:\\\/\\\/ravyx.com\\\/disclaimer\\\/#breadcrumb\",\"itemListElement\":[{\"@type\":\"ListItem\",\"position\":1,\"name\":\"Home\",\"item\":\"https:\\\/\\\/ravyx.com\\\/\"},{\"@type\":\"ListItem\",\"position\":2,\"name\":\"Disclaimer\"}]},{\"@type\":\"WebSite\",\"@id\":\"https:\\\/\\\/ravyx.com\\\/#website\",\"url\":\"https:\\\/\\\/ravyx.com\\\/\",\"name\":\"Ravyx\",\"description\":\"Proven Grocery Technologies\",\"publisher\":{\"@id\":\"https:\\\/\\\/ravyx.com\\\/#organization\"},\"potentialAction\":[{\"@type\":\"SearchAction\",\"target\":{\"@type\":\"EntryPoint\",\"urlTemplate\":\"https:\\\/\\\/ravyx.com\\\/?s={search_term_string}\"},\"query-input\":{\"@type\":\"PropertyValueSpecification\",\"valueRequired\":true,\"valueName\":\"search_term_string\"}}],\"inLanguage\":\"fr-CA\"},{\"@type\":\"Organization\",\"@id\":\"https:\\\/\\\/ravyx.com\\\/#organization\",\"name\":\"Ravyx\",\"url\":\"https:\\\/\\\/ravyx.com\\\/\",\"logo\":{\"@type\":\"ImageObject\",\"inLanguage\":\"fr-CA\",\"@id\":\"https:\\\/\\\/ravyx.com\\\/#\\\/schema\\\/logo\\\/image\\\/\",\"url\":\"https:\\\/\\\/ravyx.com\\\/wp-content\\\/uploads\\\/2023\\\/09\\\/generic-brand-1.jpg\",\"contentUrl\":\"https:\\\/\\\/ravyx.com\\\/wp-content\\\/uploads\\\/2023\\\/09\\\/generic-brand-1.jpg\",\"width\":1200,\"height\":1200,\"caption\":\"Ravyx\"},\"image\":{\"@id\":\"https:\\\/\\\/ravyx.com\\\/#\\\/schema\\\/logo\\\/image\\\/\"},\"sameAs\":[\"https:\\\/\\\/www.facebook.com\\\/stcrpos\",\"https:\\\/\\\/x.com\\\/stcrpos\",\"https:\\\/\\\/www.linkedin.com\\\/company\\\/stcr\\\/\",\"https:\\\/\\\/www.youtube.com\\\/channel\\\/UCSWcsJARYjaQnz0T5o4p9DQ\"]}]}<\/script>\n<!-- \/ Yoast SEO plugin. -->","yoast_head_json":{"title":"Disclaimer | Ravyx","description":"Avis juridique et clause de non-responsabilit\u00e9 concernant les documents contenus dans ce site","robots":{"index":"index","follow":"follow","max-snippet":"max-snippet:-1","max-image-preview":"max-image-preview:large","max-video-preview":"max-video-preview:-1"},"canonical":"https:\/\/ravyx.com\/fr_ca\/disclaimer\/","og_locale":"fr_CA","og_type":"article","og_title":"Disclaimer | Ravyx","og_description":"Legal Notice and Disclaimer of Materials Contained on This Site","og_url":"https:\/\/ravyx.com\/fr_ca\/disclaimer\/","og_site_name":"Ravyx","article_publisher":"https:\/\/www.facebook.com\/stcrpos","article_modified_time":"2025-06-17T00:50:35+00:00","twitter_card":"summary_large_image","twitter_site":"@stcrpos","twitter_misc":{"Est. reading time":"3 minutes"},"schema":{"@context":"https:\/\/schema.org","@graph":[{"@type":"WebPage","@id":"https:\/\/ravyx.com\/disclaimer\/","url":"https:\/\/ravyx.com\/disclaimer\/","name":"Disclaimer | Ravyx","isPartOf":{"@id":"https:\/\/ravyx.com\/#website"},"datePublished":"2023-09-28T15:47:36+00:00","dateModified":"2025-06-17T00:50:35+00:00","description":"Avis juridique et clause de non-responsabilit\u00e9 concernant les documents contenus dans ce site","breadcrumb":{"@id":"https:\/\/ravyx.com\/disclaimer\/#breadcrumb"},"inLanguage":"fr-CA","potentialAction":[{"@type":"ReadAction","target":["https:\/\/ravyx.com\/disclaimer\/"]}]},{"@type":"BreadcrumbList","@id":"https:\/\/ravyx.com\/disclaimer\/#breadcrumb","itemListElement":[{"@type":"ListItem","position":1,"name":"Home","item":"https:\/\/ravyx.com\/"},{"@type":"ListItem","position":2,"name":"Disclaimer"}]},{"@type":"WebSite","@id":"https:\/\/ravyx.com\/#website","url":"https:\/\/ravyx.com\/","name":"Ravyx","description":"Proven Grocery Technologies","publisher":{"@id":"https:\/\/ravyx.com\/#organization"},"potentialAction":[{"@type":"SearchAction","target":{"@type":"EntryPoint","urlTemplate":"https:\/\/ravyx.com\/?s={search_term_string}"},"query-input":{"@type":"PropertyValueSpecification","valueRequired":true,"valueName":"search_term_string"}}],"inLanguage":"fr-CA"},{"@type":"Organization","@id":"https:\/\/ravyx.com\/#organization","name":"Ravyx","url":"https:\/\/ravyx.com\/","logo":{"@type":"ImageObject","inLanguage":"fr-CA","@id":"https:\/\/ravyx.com\/#\/schema\/logo\/image\/","url":"https:\/\/ravyx.com\/wp-content\/uploads\/2023\/09\/generic-brand-1.jpg","contentUrl":"https:\/\/ravyx.com\/wp-content\/uploads\/2023\/09\/generic-brand-1.jpg","width":1200,"height":1200,"caption":"Ravyx"},"image":{"@id":"https:\/\/ravyx.com\/#\/schema\/logo\/image\/"},"sameAs":["https:\/\/www.facebook.com\/stcrpos","https:\/\/x.com\/stcrpos","https:\/\/www.linkedin.com\/company\/stcr\/","https:\/\/www.youtube.com\/channel\/UCSWcsJARYjaQnz0T5o4p9DQ"]}]}},"_links":{"self":[{"href":"https:\/\/ravyx.com\/fr_ca\/wp-json\/wp\/v2\/pages\/602","targetHints":{"allow":["GET"]}}],"collection":[{"href":"https:\/\/ravyx.com\/fr_ca\/wp-json\/wp\/v2\/pages"}],"about":[{"href":"https:\/\/ravyx.com\/fr_ca\/wp-json\/wp\/v2\/types\/page"}],"author":[{"embeddable":true,"href":"https:\/\/ravyx.com\/fr_ca\/wp-json\/wp\/v2\/users\/1"}],"replies":[{"embeddable":true,"href":"https:\/\/ravyx.com\/fr_ca\/wp-json\/wp\/v2\/comments?post=602"}],"version-history":[{"count":0,"href":"https:\/\/ravyx.com\/fr_ca\/wp-json\/wp\/v2\/pages\/602\/revisions"}],"wp:attachment":[{"href":"https:\/\/ravyx.com\/fr_ca\/wp-json\/wp\/v2\/media?parent=602"}],"curies":[{"name":"wp","href":"https:\/\/api.w.org\/{rel}","templated":true}]}}