{"id":594,"date":"2023-09-28T15:38:47","date_gmt":"2023-09-28T15:38:47","guid":{"rendered":"http:\/\/stcr.test\/about-us\/"},"modified":"2026-04-13T14:40:29","modified_gmt":"2026-04-13T18:40:29","slug":"about-us","status":"publish","type":"page","link":"https:\/\/ravyx.com\/fr_ca\/about-us\/","title":{"rendered":"A propos de nous"},"content":{"rendered":"<p class=\"has-text-align-center has-huge-font-size\">Ravyx is a North American retail technology company delivering scalable, future-ready solutions for grocery stores, convenience stores, liquor retailers, pharmacies, and general retail businesses. From single-store operators to multi-location chains, we help retailers modernize operations, improve efficiency, and enhance the customer experience through integrated POS systems, retail management software, and in-store technology.<\/p>\n\n\n\n<p class=\"has-text-align-center has-huge-font-size\">With teams across the United States and Canada, Ravyx combines deep industry expertise with hands-on support to help retailers adapt, grow, and compete in a rapidly evolving market.<\/p>\n\n\n\n<h2 class=\"wp-block-heading has-text-align-center has-huge-font-size\">What Ravyx Does Best<\/h2>\n\n\n\n<div class=\"wp-block-columns is-layout-flex wp-container-core-columns-is-layout-9d6595d7 wp-block-columns-is-layout-flex\">\n<div class=\"wp-block-column is-layout-flow wp-block-column-is-layout-flow\" style=\"flex-basis:66.66%\">\n<h3 class=\"wp-block-heading has-text-align-center\"><strong>Technology for Retailers That Need to Move Faster<\/strong><\/h3>\n\n\n<div class=\"wp-block-image\">\n<figure class=\"aligncenter size-full is-resized\"><img loading=\"lazy\" decoding=\"async\" width=\"681\" height=\"463\" src=\"https:\/\/ravyx.com\/wp-content\/uploads\/2023\/10\/initial-planning-2.jpg\" alt=\"Retail tech support &amp; service\" class=\"wp-image-1297\" style=\"width:445px;height:auto\" srcset=\"https:\/\/ravyx.com\/wp-content\/uploads\/2023\/10\/initial-planning-2.jpg 681w, https:\/\/ravyx.com\/wp-content\/uploads\/2023\/10\/initial-planning-2-300x204.jpg 300w\" sizes=\"auto, (max-width: 681px) 100vw, 681px\" \/><\/figure>\n<\/div>\n\n\n<p>Ravyx provides end-to-end retail technology solutions designed to simplify operations and drive performance.<\/p>\n\n\n\n<p><strong>Our core offerings include:<\/strong><\/p>\n\n\n\n<ul class=\"wp-block-list\">\n<li>Cloud-based POS systems for grocery and convenience stores<\/li>\n\n\n\n<li>Retail management software for independent and multi-store operations<\/li>\n\n\n\n<li>Self-checkout (SCO) and in-store technology<\/li>\n\n\n\n<li>Electronic shelf labels (ESLs)<\/li>\n\n\n\n<li>Custom integrations and eCommerce solutions<\/li>\n\n\n\n<li>Retail analytics and reporting tools<\/li>\n\n\n\n<li>Bilingual support across North America<\/li>\n<\/ul>\n\n\n\n<p>We don\u2019t just implement technology, we ensure it works seamlessly within your business. Ravyx is with you through installation, training, store live, ongoing support, store growth, and so much more.<\/p>\n\n\n\n<div class=\"wp-block-buttons is-content-justification-center is-layout-flex wp-container-core-buttons-is-layout-16018d1d wp-block-buttons-is-layout-flex\">\n<div class=\"wp-block-button\"><a class=\"wp-block-button__link wp-element-button\" href=\"https:\/\/ravyx.com\/fr_ca\/about-us\/leadership\/\">D\u00e9couvrez notre \u00e9quipe<\/a><\/div>\n<\/div>\n<\/div>\n\n\n\n<div class=\"wp-block-column is-layout-flow wp-block-column-is-layout-flow\" style=\"flex-basis:33.33%\">\n<h3 class=\"wp-block-heading\"><strong>Built on Experience. Focused on Results.<\/strong><\/h3>\n\n\n<div class=\"wp-block-image\">\n<figure class=\"aligncenter size-full is-resized\"><img loading=\"lazy\" decoding=\"async\" width=\"250\" height=\"250\" src=\"https:\/\/ravyx.com\/wp-content\/uploads\/2026\/04\/Proven-solutions.png\" alt=\"\" class=\"wp-image-4410\" style=\"width:100px;height:undefinedpx\" srcset=\"https:\/\/ravyx.com\/wp-content\/uploads\/2026\/04\/Proven-solutions.png 250w, https:\/\/ravyx.com\/wp-content\/uploads\/2026\/04\/Proven-solutions-150x150.png 150w, https:\/\/ravyx.com\/wp-content\/uploads\/2026\/04\/Proven-solutions-12x12.png 12w\" sizes=\"auto, (max-width: 250px) 100vw, 250px\" \/><\/figure>\n<\/div>\n\n\n<h4 class=\"wp-block-heading has-text-align-center\">A Proven Track Record<\/h4>\n\n\n\n<p class=\"has-text-align-center\">With 58+ years and tens of thousands of installations under our belt, we know how hard the retail grocery industry is to navigate, and what it takes to help underdogs overcome.<\/p>\n\n\n<div class=\"wp-block-image\">\n<figure class=\"aligncenter size-full is-resized\"><img loading=\"lazy\" decoding=\"async\" width=\"250\" height=\"250\" src=\"https:\/\/ravyx.com\/wp-content\/uploads\/2026\/04\/genius.png\" alt=\"\" class=\"wp-image-4423\" style=\"width:100px;height:undefinedpx\" srcset=\"https:\/\/ravyx.com\/wp-content\/uploads\/2026\/04\/genius.png 250w, https:\/\/ravyx.com\/wp-content\/uploads\/2026\/04\/genius-150x150.png 150w, https:\/\/ravyx.com\/wp-content\/uploads\/2026\/04\/genius-12x12.png 12w\" sizes=\"auto, (max-width: 250px) 100vw, 250px\" \/><\/figure>\n<\/div>\n\n\n<h4 class=\"wp-block-heading has-text-align-center\">A Team of Grocery Geniuses<\/h4>\n\n\n\n<p class=\"has-text-align-center\">Forte de ses nombreuses ann\u00e9es d'exp\u00e9rience, notre \u00e9quipe de sp\u00e9cialistes sait exactement comment vous aider \u00e0 \u00eatre plus comp\u00e9titif et \u00e0 \u00e9voluer plus efficacement.<\/p>\n\n\n<div class=\"wp-block-image\">\n<figure class=\"aligncenter size-full is-resized\"><img loading=\"lazy\" decoding=\"async\" width=\"250\" height=\"250\" src=\"https:\/\/ravyx.com\/wp-content\/uploads\/2026\/04\/tier-1-partnerships.png\" alt=\"\" class=\"wp-image-4419\" style=\"width:100px;height:undefinedpx\" srcset=\"https:\/\/ravyx.com\/wp-content\/uploads\/2026\/04\/tier-1-partnerships.png 250w, https:\/\/ravyx.com\/wp-content\/uploads\/2026\/04\/tier-1-partnerships-150x150.png 150w, https:\/\/ravyx.com\/wp-content\/uploads\/2026\/04\/tier-1-partnerships-12x12.png 12w\" sizes=\"auto, (max-width: 250px) 100vw, 250px\" \/><\/figure>\n<\/div>\n\n\n<h4 class=\"wp-block-heading has-text-align-center\">Access to Top Tier Tech<\/h4>\n\n\n\n<p class=\"has-text-align-center\">Des partenariats commerciaux de longue date nous permettent de vous donner les moyens d'exploiter la puissance jusqu'alors inaccessible des technologies de pointe et de mieux rivaliser avec les g\u00e9ants de l'industrie.<\/p>\n<\/div>\n<\/div>\n\n\n\n<h2 class=\"wp-block-heading has-text-align-center\">Partenaires Ravyx<\/h2>\n\n\n\n<p class=\"has-text-align-center has-huge-font-size\">Ravyx provides end-to-end retail technology solutions designed to help grocery stores, convenience stores, and specialty retail businesses operate more efficiently, scale faster, and deliver better customer experiences. Supporting retailers through the partnerships built over nearly 60 years of business. <\/p>\n\n\n\n<div class=\"wpx-custom-block wpx-custom-block block-logo-slideshow margin\" id=\"acf-logo-slideshow1829\">\n\n\t\n\t\n\t<div class=\"logo-slideshow-bounds\">\n\n\t\t<button class=\"logo-slideshow-back logo-slideshow-nav\"><i class=\"icon-chevron-left\"><\/i><\/button>\n\n\t\t<div class=\"logo-slideshow\" data-controller=\"blockLogoSlideshow\" id=\"logoSlideshow123\">\n\n\t\t\t\n\t\t\t<div class=\"slideshow-logo\"><a href=\"https:\/\/locsoftware.com\/\" target=\"_blank\"><img decoding=\"async\" src=\"https:\/\/ravyx.com\/wp-content\/uploads\/2026\/04\/LOC-SW.png\" alt=\"\" srcset=\"https:\/\/ravyx.com\/wp-content\/uploads\/2026\/04\/LOC-SW.png 500w, https:\/\/ravyx.com\/wp-content\/uploads\/2026\/04\/LOC-SW-300x150.png 300w, https:\/\/ravyx.com\/wp-content\/uploads\/2026\/04\/LOC-SW-18x9.png 18w\" sizes=\"(max-width: 9999px) 100vw, 9999px\"><\/a><\/div>\n\n\t\t\t\n\t\t\t<div class=\"slideshow-logo\"><a href=\"https:\/\/commerce.toshiba.com\/\" target=\"_blank\"><img decoding=\"async\" src=\"\" alt=\"\" srcset=\"\" sizes=\"(max-width: 9999px) 100vw, 9999px\"><\/a><\/div>\n\n\t\t\t\n\t\t\t<div class=\"slideshow-logo\"><a href=\"https:\/\/www.datalogic.com\/eng\/index.html\" target=\"_blank\"><img decoding=\"async\" src=\"\" alt=\"\" srcset=\"\" sizes=\"(max-width: 9999px) 100vw, 9999px\"><\/a><\/div>\n\n\t\t\t\n\t\t\t<div class=\"slideshow-logo\"><a href=\"https:\/\/www.appcard.com\/\" target=\"_blank\"><img decoding=\"async\" src=\"\" alt=\"\" srcset=\"\" sizes=\"(max-width: 9999px) 100vw, 9999px\"><\/a><\/div>\n\n\t\t\t\n\t\t\t<div class=\"slideshow-logo\"><a href=\"https:\/\/ingenico.com\/us-en\" target=\"_blank\"><img decoding=\"async\" src=\"\" alt=\"\" srcset=\"\" sizes=\"(max-width: 9999px) 100vw, 9999px\"><\/a><\/div>\n\n\t\t\t\n\t\t\t<div class=\"slideshow-logo\"><a href=\"https:\/\/www.vusion.com\/\" target=\"_blank\"><img decoding=\"async\" src=\"https:\/\/ravyx.com\/wp-content\/uploads\/2026\/04\/Vusion.png\" alt=\"\" srcset=\"https:\/\/ravyx.com\/wp-content\/uploads\/2026\/04\/Vusion.png 500w, https:\/\/ravyx.com\/wp-content\/uploads\/2026\/04\/Vusion-300x150.png 300w, https:\/\/ravyx.com\/wp-content\/uploads\/2026\/04\/Vusion-18x9.png 18w\" sizes=\"(max-width: 9999px) 100vw, 9999px\"><\/a><\/div>\n\n\t\t\t\n\t\t\t<div class=\"slideshow-logo\"><span><img decoding=\"async\" src=\"\" alt=\"\" srcset=\"\" sizes=\"(max-width: 9999px) 100vw, 9999px\"><\/span><\/div>\n\n\t\t\t\n\t\t<\/div>\n\n\t\t<button class=\"logo-slideshow-next logo-slideshow-nav\"><i class=\"icon-chevron-right\"><\/i><\/button>\n\n\t<\/div>\n\n<\/div>\n\n\n\n\n\n<div class=\"wp-block-columns is-layout-flex wp-container-core-columns-is-layout-9d6595d7 wp-block-columns-is-layout-flex\">\n<div class=\"wp-block-column is-layout-flow wp-block-column-is-layout-flow\">\n<h2 class=\"wp-block-heading\">How Ravyx Helps Retailers Succeed<\/h2>\n\n\n\n<details class=\"wp-block-details is-layout-flow wp-block-details-is-layout-flow\"><summary><strong>Where and how does Ravyx support grocers?<\/strong><\/summary>\n<p>Ravyx supports retailers across the United States and Canada with localized expertise, bilingual support, and a deep understanding of regional retail challenges, from compliance requirements to evolving consumer expectations.<\/p>\n<\/details>\n\n\n\n<details class=\"wp-block-details is-layout-flow wp-block-details-is-layout-flow\"><summary><strong>What does a retail technology company do?<\/strong><\/summary>\n<p>A retail technology company provides software, hardware, and support services that help retailers manage sales, inventory, employees, and customer experiences more efficiently.<\/p>\n<\/details>\n\n\n\n<details class=\"wp-block-details is-layout-flow wp-block-details-is-layout-flow\"><summary><strong>What POS systems do grocery stores use?<\/strong><\/summary>\n<p>Grocery stores use advanced POS systems that integrate with inventory management, pricing, promotions, and reporting tools to streamline operations and improve margins.<\/p>\n<\/details>\n\n\n\n<details class=\"wp-block-details is-layout-flow wp-block-details-is-layout-flow\"><summary><strong>How can technology improve retail operations?<\/strong><\/summary>\n<p>Retail technology improves operations by automating processes, reducing errors, increasing visibility into performance, and enhancing the customer shopping experience.<\/p>\n<\/details>\n<\/div>\n\n\n\n<div class=\"wp-block-column is-layout-flow wp-block-column-is-layout-flow\"><div class=\"wp-block-image\">\n<figure class=\"aligncenter size-large is-resized\"><img loading=\"lazy\" decoding=\"async\" width=\"1024\" height=\"683\" src=\"https:\/\/ravyx.com\/wp-content\/uploads\/2026\/04\/Technology-for-grocery-stores-POS-1024x683.jpg\" alt=\"\" class=\"wp-image-4429\" style=\"aspect-ratio:1.499414291292464;width:948px;height:auto\" srcset=\"https:\/\/ravyx.com\/wp-content\/uploads\/2026\/04\/Technology-for-grocery-stores-POS-1024x683.jpg 1024w, https:\/\/ravyx.com\/wp-content\/uploads\/2026\/04\/Technology-for-grocery-stores-POS-300x200.jpg 300w, https:\/\/ravyx.com\/wp-content\/uploads\/2026\/04\/Technology-for-grocery-stores-POS-768x512.jpg 768w, https:\/\/ravyx.com\/wp-content\/uploads\/2026\/04\/Technology-for-grocery-stores-POS-1536x1025.jpg 1536w, https:\/\/ravyx.com\/wp-content\/uploads\/2026\/04\/Technology-for-grocery-stores-POS-18x12.jpg 18w, https:\/\/ravyx.com\/wp-content\/uploads\/2026\/04\/Technology-for-grocery-stores-POS.jpg 1920w\" sizes=\"auto, (max-width: 1024px) 100vw, 1024px\" \/><\/figure>\n<\/div><\/div>\n<\/div>\n\n\n\n<div class=\"wp-block-columns is-layout-flex wp-container-core-columns-is-layout-9d6595d7 wp-block-columns-is-layout-flex\">\n<div class=\"wp-block-column is-layout-flow wp-block-column-is-layout-flow\"><\/div>\n<\/div>\n\n\n\r\n<div class=\"block-testimonials wpx-custom-block\" id=\"acf-testimonials3952\">\r\n\r\n\t<h2>D\u00e9couvrez pourquoi nos partenaires sont si enthousiastes \u00e0 l'\u00e9gard de Ravyx :<\/h2>\r\n\t<div class=\"testimonials\">\r\n\r\n\t\t\r\n\t\t\t<div class=\"testimonial\">\r\n\t\t\t\t<img loading=\"lazy\" decoding=\"async\" src=\"https:\/\/ravyx.com\/wp-content\/themes\/wpx\/assets\/images\/ravyx-icon--light-green.png\" alt=\"Ravyx Icon\" width=\"50\" height=\"50\">\r\n\t\t\t\t<p>\"Nous sommes tr\u00e8s heureux d'augmenter le nombre de caisses automatiques dans nos magasins. La collaboration avec notre partenaire, Ravyx, nous a aid\u00e9s \u00e0 offrir une meilleure exp\u00e9rience client en proposant une option de paiement suppl\u00e9mentaire et pratique. Cela nous a permis de r\u00e9duire les temps d'attente pendant les p\u00e9riodes de pointe tout au long de la journ\u00e9e et a permis \u00e0 notre \u00e9quipe de continuer \u00e0 fournir un service personnalis\u00e9\"<\/p>\t\t\t\t\t\t\t\t<cite>\r\n\t\t\t\t\t<p class=\"testimonial-cite\">Marie Luglio<\/p>\t\t\t\t\t<p class=\"testimonial-role\">Sp\u00e9cialiste du service \u00e0 la client\u00e8le <br> Longo's<\/p>\t\t\t\t<\/cite>\r\n\t\t\t\t\t\t\t<\/div>\r\n\r\n\t\t\r\n\t\t\t<div class=\"testimonial\">\r\n\t\t\t\t<img loading=\"lazy\" decoding=\"async\" src=\"https:\/\/ravyx.com\/wp-content\/themes\/wpx\/assets\/images\/ravyx-icon--light-green.png\" alt=\"Ravyx Icon\" width=\"50\" height=\"50\">\r\n\t\t\t\t<p>\"Lorsque nous avons d\u00e9marr\u00e9 ce projet, tous les magasins travaillaient ind\u00e9pendamment les uns des autres, ce qui a n\u00e9cessit\u00e9 un important travail de nettoyage des donn\u00e9es. Nous avons fait appel \u00e0 Ravyx, et l'\u00e9quipe a pu cr\u00e9er des importations et nous aider \u00e0 normaliser nos donn\u00e9es d'entreprise. Nous avons collabor\u00e9 avec Ravyx plusieurs fois par semaine. C'\u00e9tait un travail d'\u00e9quipe sur toute la ligne\".<\/p>\t\t\t\t\t\t\t\t<cite>\r\n\t\t\t\t\t<p class=\"testimonial-cite\">Joe Parisi<\/p>\t\t\t\t\t<p class=\"testimonial-role\">Pr\u00e9sident et directeur de l'exploitation <br> New York Food Group<\/p>\t\t\t\t<\/cite>\r\n\t\t\t\t\t\t\t<\/div>\r\n\r\n\t\t\r\n\t\t\t<div class=\"testimonial\">\r\n\t\t\t\t<img loading=\"lazy\" decoding=\"async\" src=\"https:\/\/ravyx.com\/wp-content\/themes\/wpx\/assets\/images\/ravyx-icon--light-green.png\" alt=\"Ravyx Icon\" width=\"50\" height=\"50\">\r\n\t\t\t\t<p>\"Qu'il s'agisse d'une multinationale ou d'un exploitant d'un seul magasin, Ravyx traite tous ses clients avec une touche personnelle. Ravyx nous a donn\u00e9 l'impression de faire partie de la famille. Le syst\u00e8me lui-m\u00eame a tellement de fonctionnalit\u00e9s que Palma Pasta ne fait qu'effleurer la surface pour rendre notre entreprise plus efficace et plus productive.\"<\/p>\t\t\t\t\t\t\t\t<cite>\r\n\t\t\t\t\t<p class=\"testimonial-cite\">Anthony Petrucci<\/p>\t\t\t\t\t<p class=\"testimonial-role\">Pr\u00e9sident <br> Palma Pasta<\/p>\t\t\t\t<\/cite>\r\n\t\t\t\t\t\t\t<\/div>\r\n\r\n\t\t\r\n\t<\/div>\r\n\r\n<\/div>","protected":false},"excerpt":{"rendered":"<p>D\u00e9couvrez l'histoire de Ravyx - de nos origines \u00e0 notre pr\u00e9sence aujourd'hui dans le monde de la technologie des syst\u00e8mes de vente au d\u00e9tail.<\/p>","protected":false},"author":1,"featured_media":3625,"parent":0,"menu_order":26,"comment_status":"closed","ping_status":"closed","template":"","meta":{"_acf_changed":true,"footnotes":""},"class_list":["post-594","page","type-page","status-publish","has-post-thumbnail","hentry"],"acf":[],"yoast_head":"<!-- This site is optimized with the Yoast SEO plugin v27.5 - https:\/\/yoast.com\/product\/yoast-seo-wordpress\/ -->\n<title>About Us | Retail Technology Solutions | Ravyx<\/title>\n<meta name=\"description\" content=\"Ravyx delivers retail technology solutions for grocery, convenience, and specialty retail businesses across the U.S. and Canada.\" \/>\n<meta name=\"robots\" content=\"index, follow, max-snippet:-1, max-image-preview:large, max-video-preview:-1\" \/>\n<link rel=\"canonical\" href=\"https:\/\/ravyx.com\/fr_ca\/about-us\/\" \/>\n<meta property=\"og:locale\" content=\"fr_CA\" \/>\n<meta property=\"og:type\" content=\"article\" \/>\n<meta property=\"og:title\" content=\"About Us | Retail Technology Solutions | Ravyx\" \/>\n<meta property=\"og:description\" content=\"Ravyx delivers retail technology solutions for grocery, convenience, and specialty retail businesses across the U.S. and Canada.\" \/>\n<meta property=\"og:url\" content=\"https:\/\/ravyx.com\/fr_ca\/about-us\/\" \/>\n<meta property=\"og:site_name\" content=\"Ravyx\" \/>\n<meta property=\"article:publisher\" content=\"https:\/\/www.facebook.com\/stcrpos\" \/>\n<meta property=\"article:modified_time\" content=\"2026-04-13T18:40:29+00:00\" \/>\n<meta property=\"og:image\" content=\"https:\/\/ravyx.com\/wp-content\/uploads\/2025\/06\/ravyx-favicon_256x256.png\" \/>\n\t<meta property=\"og:image:width\" content=\"256\" \/>\n\t<meta property=\"og:image:height\" content=\"256\" \/>\n\t<meta property=\"og:image:type\" content=\"image\/png\" \/>\n<meta name=\"twitter:card\" content=\"summary_large_image\" \/>\n<meta name=\"twitter:site\" content=\"@stcrpos\" \/>\n<meta name=\"twitter:label1\" content=\"Est. reading time\" \/>\n\t<meta name=\"twitter:data1\" content=\"4 minutes\" \/>\n<script type=\"application\/ld+json\" class=\"yoast-schema-graph\">{\"@context\":\"https:\\\/\\\/schema.org\",\"@graph\":[{\"@type\":\"WebPage\",\"@id\":\"https:\\\/\\\/ravyx.com\\\/about-us\\\/\",\"url\":\"https:\\\/\\\/ravyx.com\\\/about-us\\\/\",\"name\":\"About Us | Retail Technology Solutions | Ravyx\",\"isPartOf\":{\"@id\":\"https:\\\/\\\/ravyx.com\\\/#website\"},\"primaryImageOfPage\":{\"@id\":\"https:\\\/\\\/ravyx.com\\\/about-us\\\/#primaryimage\"},\"image\":{\"@id\":\"https:\\\/\\\/ravyx.com\\\/about-us\\\/#primaryimage\"},\"thumbnailUrl\":\"https:\\\/\\\/ravyx.com\\\/wp-content\\\/uploads\\\/2025\\\/06\\\/ravyx-favicon_256x256.png\",\"datePublished\":\"2023-09-28T15:38:47+00:00\",\"dateModified\":\"2026-04-13T18:40:29+00:00\",\"description\":\"Ravyx delivers retail technology solutions for grocery, convenience, and specialty retail businesses across the U.S. and Canada.\",\"breadcrumb\":{\"@id\":\"https:\\\/\\\/ravyx.com\\\/about-us\\\/#breadcrumb\"},\"inLanguage\":\"fr-CA\",\"potentialAction\":[{\"@type\":\"ReadAction\",\"target\":[\"https:\\\/\\\/ravyx.com\\\/about-us\\\/\"]}]},{\"@type\":\"ImageObject\",\"inLanguage\":\"fr-CA\",\"@id\":\"https:\\\/\\\/ravyx.com\\\/about-us\\\/#primaryimage\",\"url\":\"https:\\\/\\\/ravyx.com\\\/wp-content\\\/uploads\\\/2025\\\/06\\\/ravyx-favicon_256x256.png\",\"contentUrl\":\"https:\\\/\\\/ravyx.com\\\/wp-content\\\/uploads\\\/2025\\\/06\\\/ravyx-favicon_256x256.png\",\"width\":256,\"height\":256},{\"@type\":\"BreadcrumbList\",\"@id\":\"https:\\\/\\\/ravyx.com\\\/about-us\\\/#breadcrumb\",\"itemListElement\":[{\"@type\":\"ListItem\",\"position\":1,\"name\":\"Home\",\"item\":\"https:\\\/\\\/ravyx.com\\\/\"},{\"@type\":\"ListItem\",\"position\":2,\"name\":\"About Us\"}]},{\"@type\":\"WebSite\",\"@id\":\"https:\\\/\\\/ravyx.com\\\/#website\",\"url\":\"https:\\\/\\\/ravyx.com\\\/\",\"name\":\"Ravyx\",\"description\":\"Proven Grocery Technologies\",\"publisher\":{\"@id\":\"https:\\\/\\\/ravyx.com\\\/#organization\"},\"potentialAction\":[{\"@type\":\"SearchAction\",\"target\":{\"@type\":\"EntryPoint\",\"urlTemplate\":\"https:\\\/\\\/ravyx.com\\\/?s={search_term_string}\"},\"query-input\":{\"@type\":\"PropertyValueSpecification\",\"valueRequired\":true,\"valueName\":\"search_term_string\"}}],\"inLanguage\":\"fr-CA\"},{\"@type\":\"Organization\",\"@id\":\"https:\\\/\\\/ravyx.com\\\/#organization\",\"name\":\"Ravyx\",\"url\":\"https:\\\/\\\/ravyx.com\\\/\",\"logo\":{\"@type\":\"ImageObject\",\"inLanguage\":\"fr-CA\",\"@id\":\"https:\\\/\\\/ravyx.com\\\/#\\\/schema\\\/logo\\\/image\\\/\",\"url\":\"https:\\\/\\\/ravyx.com\\\/wp-content\\\/uploads\\\/2023\\\/09\\\/generic-brand-1.jpg\",\"contentUrl\":\"https:\\\/\\\/ravyx.com\\\/wp-content\\\/uploads\\\/2023\\\/09\\\/generic-brand-1.jpg\",\"width\":1200,\"height\":1200,\"caption\":\"Ravyx\"},\"image\":{\"@id\":\"https:\\\/\\\/ravyx.com\\\/#\\\/schema\\\/logo\\\/image\\\/\"},\"sameAs\":[\"https:\\\/\\\/www.facebook.com\\\/stcrpos\",\"https:\\\/\\\/x.com\\\/stcrpos\",\"https:\\\/\\\/www.linkedin.com\\\/company\\\/stcr\\\/\",\"https:\\\/\\\/www.youtube.com\\\/channel\\\/UCSWcsJARYjaQnz0T5o4p9DQ\"]}]}<\/script>\n<!-- \/ Yoast SEO plugin. -->","yoast_head_json":{"title":"About Us | Retail Technology Solutions | Ravyx","description":"Ravyx delivers retail technology solutions for grocery, convenience, and specialty retail businesses across the U.S. and Canada.","robots":{"index":"index","follow":"follow","max-snippet":"max-snippet:-1","max-image-preview":"max-image-preview:large","max-video-preview":"max-video-preview:-1"},"canonical":"https:\/\/ravyx.com\/fr_ca\/about-us\/","og_locale":"fr_CA","og_type":"article","og_title":"About Us | Retail Technology Solutions | Ravyx","og_description":"Ravyx delivers retail technology solutions for grocery, convenience, and specialty retail businesses across the U.S. and Canada.","og_url":"https:\/\/ravyx.com\/fr_ca\/about-us\/","og_site_name":"Ravyx","article_publisher":"https:\/\/www.facebook.com\/stcrpos","article_modified_time":"2026-04-13T18:40:29+00:00","og_image":[{"width":256,"height":256,"url":"https:\/\/ravyx.com\/wp-content\/uploads\/2025\/06\/ravyx-favicon_256x256.png","type":"image\/png"}],"twitter_card":"summary_large_image","twitter_site":"@stcrpos","twitter_misc":{"Est. reading time":"4 minutes"},"schema":{"@context":"https:\/\/schema.org","@graph":[{"@type":"WebPage","@id":"https:\/\/ravyx.com\/about-us\/","url":"https:\/\/ravyx.com\/about-us\/","name":"About Us | Retail Technology Solutions | Ravyx","isPartOf":{"@id":"https:\/\/ravyx.com\/#website"},"primaryImageOfPage":{"@id":"https:\/\/ravyx.com\/about-us\/#primaryimage"},"image":{"@id":"https:\/\/ravyx.com\/about-us\/#primaryimage"},"thumbnailUrl":"https:\/\/ravyx.com\/wp-content\/uploads\/2025\/06\/ravyx-favicon_256x256.png","datePublished":"2023-09-28T15:38:47+00:00","dateModified":"2026-04-13T18:40:29+00:00","description":"Ravyx delivers retail technology solutions for grocery, convenience, and specialty retail businesses across the U.S. and Canada.","breadcrumb":{"@id":"https:\/\/ravyx.com\/about-us\/#breadcrumb"},"inLanguage":"fr-CA","potentialAction":[{"@type":"ReadAction","target":["https:\/\/ravyx.com\/about-us\/"]}]},{"@type":"ImageObject","inLanguage":"fr-CA","@id":"https:\/\/ravyx.com\/about-us\/#primaryimage","url":"https:\/\/ravyx.com\/wp-content\/uploads\/2025\/06\/ravyx-favicon_256x256.png","contentUrl":"https:\/\/ravyx.com\/wp-content\/uploads\/2025\/06\/ravyx-favicon_256x256.png","width":256,"height":256},{"@type":"BreadcrumbList","@id":"https:\/\/ravyx.com\/about-us\/#breadcrumb","itemListElement":[{"@type":"ListItem","position":1,"name":"Home","item":"https:\/\/ravyx.com\/"},{"@type":"ListItem","position":2,"name":"About Us"}]},{"@type":"WebSite","@id":"https:\/\/ravyx.com\/#website","url":"https:\/\/ravyx.com\/","name":"Ravyx","description":"Proven Grocery Technologies","publisher":{"@id":"https:\/\/ravyx.com\/#organization"},"potentialAction":[{"@type":"SearchAction","target":{"@type":"EntryPoint","urlTemplate":"https:\/\/ravyx.com\/?s={search_term_string}"},"query-input":{"@type":"PropertyValueSpecification","valueRequired":true,"valueName":"search_term_string"}}],"inLanguage":"fr-CA"},{"@type":"Organization","@id":"https:\/\/ravyx.com\/#organization","name":"Ravyx","url":"https:\/\/ravyx.com\/","logo":{"@type":"ImageObject","inLanguage":"fr-CA","@id":"https:\/\/ravyx.com\/#\/schema\/logo\/image\/","url":"https:\/\/ravyx.com\/wp-content\/uploads\/2023\/09\/generic-brand-1.jpg","contentUrl":"https:\/\/ravyx.com\/wp-content\/uploads\/2023\/09\/generic-brand-1.jpg","width":1200,"height":1200,"caption":"Ravyx"},"image":{"@id":"https:\/\/ravyx.com\/#\/schema\/logo\/image\/"},"sameAs":["https:\/\/www.facebook.com\/stcrpos","https:\/\/x.com\/stcrpos","https:\/\/www.linkedin.com\/company\/stcr\/","https:\/\/www.youtube.com\/channel\/UCSWcsJARYjaQnz0T5o4p9DQ"]}]}},"_links":{"self":[{"href":"https:\/\/ravyx.com\/fr_ca\/wp-json\/wp\/v2\/pages\/594","targetHints":{"allow":["GET"]}}],"collection":[{"href":"https:\/\/ravyx.com\/fr_ca\/wp-json\/wp\/v2\/pages"}],"about":[{"href":"https:\/\/ravyx.com\/fr_ca\/wp-json\/wp\/v2\/types\/page"}],"author":[{"embeddable":true,"href":"https:\/\/ravyx.com\/fr_ca\/wp-json\/wp\/v2\/users\/1"}],"replies":[{"embeddable":true,"href":"https:\/\/ravyx.com\/fr_ca\/wp-json\/wp\/v2\/comments?post=594"}],"version-history":[{"count":0,"href":"https:\/\/ravyx.com\/fr_ca\/wp-json\/wp\/v2\/pages\/594\/revisions"}],"wp:featuredmedia":[{"embeddable":true,"href":"https:\/\/ravyx.com\/fr_ca\/wp-json\/wp\/v2\/media\/3625"}],"wp:attachment":[{"href":"https:\/\/ravyx.com\/fr_ca\/wp-json\/wp\/v2\/media?parent=594"}],"curies":[{"name":"wp","href":"https:\/\/api.w.org\/{rel}","templated":true}]}}