{"id":590,"date":"2023-09-28T15:38:45","date_gmt":"2023-09-28T15:38:45","guid":{"rendered":"http:\/\/stcr.test\/services-support\/"},"modified":"2025-07-21T16:09:58","modified_gmt":"2025-07-21T20:09:58","slug":"service-support","status":"publish","type":"page","link":"https:\/\/ravyx.com\/fr_ca\/service-support\/","title":{"rendered":"Services et soutien"},"content":{"rendered":"<div class=\"wp-block-columns is-layout-flex wp-container-core-columns-is-layout-9d6595d7 wp-block-columns-is-layout-flex\">\n<div class=\"wp-block-column is-layout-flow wp-block-column-is-layout-flow\">\n<div style=\"height:18px\" aria-hidden=\"true\" class=\"wp-block-spacer\"><\/div>\n\n\n\n<p class=\"has-text-align-left has-huge-font-size\">Seul Ravyx vous permettra d'\u00eatre op\u00e9rationnel plus rapidement et avec la meilleure technologie dans le secteur de la vente au d\u00e9tail. Notre \u00e9quipe de support technique et de service travaille en \u00e9troite collaboration avec les clients et les partenaires pour concevoir le meilleur plan d'impl\u00e9mentation possible afin de r\u00e9pondre \u00e0 vos besoins sp\u00e9cifiques et nous vous accompagnons, de l'installation \u00e0 la formation, en passant par votre journ\u00e9e en direct, et au-del\u00e0.<\/p>\n<\/div>\n\n\n\n<div class=\"wp-block-column has-white-background-color has-background is-layout-flow wp-block-column-is-layout-flow\">\n<div style=\"height:20px\" aria-hidden=\"true\" class=\"wp-block-spacer\"><\/div>\n\n\n\n<div class=\"block-login wpx-custom-block\" id=\"acf-login6746\">\n\n\t\t\n\t<h3 class=\"text-align-center\">Votre portail pour du soutien \u00e0 la client\u00e8le<\/h3>\n\t<p class=\"text-align-center\">S'inscrire ou se connecter pour ouvrir un billet ou g\u00e9rer les demandes d'assistance.<\/p>\n\t<div class=\"button-group text-align-center\">\n\t\t<a class=\"wpx-button is-style-outline\" href=\"https:\/\/sirsolutions.my.site.com\/\" target=\"_blank\">Se connecter<\/a>\t\t<a class=\"wpx-button\" href=\"https:\/\/auth.connectwise.com\/Account\/RegisterCustomerPortalUser?returnUrl=https:\/\/stcr.myportallogin.com\/\" target=\"_blank\">S'inscrire<\/a>\n\t<\/div>\n\n<\/div><\/div>\n<\/div>\n\n\n\n<div class=\"block-inline-cta wpx-custom-block\" id=\"acf-inline-cta3695\">\n\n\t<div class=\"inline-cta-inner\">\n\t\t\n\t\t<h3 class=\"inline-cta-title\">Contactez notre centre d'assistance 24 heures sur 24<\/h3>\t\t<p>Envoyez un courriel \u00e0 USsupport@ravyx.com ou CAsupport@ravyx.com ou appelez le centre d'assistance de Ravyx au (US) 607-757-0181 ou (CA) 800-264-9554 \u00e0 n'importe quelle heure du jour ou de la nuit.<\/p>\n\t\t\t\t\t<div class=\"button-group\">\n\t\t\t\t<a href=\"https:\/\/ravyx.com\/fr_ca\/contact-us\/\" target=\"\" class=\"wpx-button\">Nous contacter<\/a>\n\t\t\t<\/div>\n\t\t\n\t<\/div>\n\n<\/div>\n\n\n<h2 class=\"wp-block-heading has-text-align-center\">Comment Ravyx vous met sur la voie du succ\u00e8s :<\/h2>\n\n\n\n<div class=\"block-checkerboard wpx-custom-block\" id=\"acf-checkerboard6926\">\n\n\t\n\t<div class=\"checkerboard-row\">\n\n\t\t<div class=\"row-col\">\n\t\t\t<div class=\"row-content\">\n\t\t\t\t<h2 class=\"row-title\">Planification initiale<\/h2>\t\t\t\t\t\t\t\t\t<p>D\u00e8s le d\u00e9but, Ravyx travaillera avec vous pour concevoir le meilleur plan de d\u00e9ploiement possible pour r\u00e9pondre \u00e0 vos besoins sp\u00e9cifiques. Un chef de projet technique de Ravyx sera d\u00e9sign\u00e9 pour vous guider tout au long du processus et vous rencontrera pour examiner vos param\u00e8tres de conception, vos processus actuels et d\u00e9terminer les d\u00e9tails n\u00e9cessaires \u00e0 la configuration de votre nouveau syst\u00e8me.<\/p>\n\t\t\t\t\t\t\t\t\t\t\t<\/div>\n\t\t<\/div>\n\n\t\t\t\t\t<div class=\"row-col\">\n\t\t\t\t<img decoding=\"async\" src=\"https:\/\/ravyx.com\/wp-content\/uploads\/2023\/10\/initial-planning-2-680x460.jpg\" alt=\"Retail tech support &#038; service\" srcset=\"https:\/\/ravyx.com\/wp-content\/uploads\/2023\/10\/initial-planning-2-680x460.jpg 680w, https:\/\/ravyx.com\/wp-content\/uploads\/2023\/10\/initial-planning-2-300x204.jpg 300w\" sizes=\"(max-width: 680px) 100vw, 680px\">\n\t\t\t<\/div>\n\t\t\n\t<\/div>\n\n\t\n\t<div class=\"checkerboard-row\">\n\n\t\t<div class=\"row-col\">\n\t\t\t<div class=\"row-content\">\n\t\t\t\t<h2 class=\"row-title\">Formation<\/h2>\t\t\t\t\t\t\t\t\t<p>Ravyx offre une formation compl\u00e8te d\u00e9velopp\u00e9e pour vous aider \u00e0 ma\u00eetriser et \u00e0 maintenir les comp\u00e9tences et les connaissances n\u00e9cessaires pour atteindre les objectifs de votre syst\u00e8me de vente au d\u00e9tail. Nous fournirons un programme de formation personnalis\u00e9 bas\u00e9 sur vos besoins sp\u00e9cifiques. En utilisant la m\u00e9thode \"former le formateur\", la formation peut se d\u00e9rouler dans les locaux de Ravyx ou sur le site de votre choix.<\/p>\n\t\t\t\t\t\t\t\t\t\t\t<\/div>\n\t\t<\/div>\n\n\t\t\t\t\t<div class=\"row-col\">\n\t\t\t\t<img decoding=\"async\" src=\"https:\/\/ravyx.com\/wp-content\/uploads\/2025\/07\/Website-Images-2.jpg\" alt=\"Training\" srcset=\"https:\/\/ravyx.com\/wp-content\/uploads\/2025\/07\/Website-Images-2.jpg 600w, https:\/\/ravyx.com\/wp-content\/uploads\/2025\/07\/Website-Images-2-300x200.jpg 300w, https:\/\/ravyx.com\/wp-content\/uploads\/2025\/07\/Website-Images-2-18x12.jpg 18w\" sizes=\"(max-width: 680px) 100vw, 680px\">\n\t\t\t<\/div>\n\t\t\n\t<\/div>\n\n\t\n\t<div class=\"checkerboard-row\">\n\n\t\t<div class=\"row-col\">\n\t\t\t<div class=\"row-content\">\n\t\t\t\t<h2 class=\"row-title\">Int\u00e9gration et pr\u00e9paration du syst\u00e8me<\/h2>\t\t\t\t\t\t\t\t\t<p>Quelle que soit la taille de votre entreprise, Ravyx peut fournir les ressources n\u00e9cessaires pour int\u00e9grer correctement tous les \u00e9l\u00e9ments techniques et s'assurer que le syst\u00e8me est pr\u00e9install\u00e9 et test\u00e9 avant d'\u00eatre livr\u00e9 sur les sites cibles. Ce service permet \u00e0 votre personnel ou \u00e0 un membre de l'\u00e9quipe Ravyx de d\u00e9baller et de brancher le syst\u00e8me. Nous nous assurons que lorsque le syst\u00e8me est livr\u00e9 sur votre(vos) site(s), il a \u00e9t\u00e9 test\u00e9 de mani\u00e8re approfondie et est pr\u00eat \u00e0 fonctionner.<\/p>\n\t\t\t\t\t\t\t\t\t\t\t<\/div>\n\t\t<\/div>\n\n\t\t\t\t\t<div class=\"row-col\">\n\t\t\t\t<img decoding=\"async\" src=\"https:\/\/ravyx.com\/wp-content\/uploads\/2023\/10\/system-integration-and-staging-680x460.jpg\" alt=\"\" srcset=\"https:\/\/ravyx.com\/wp-content\/uploads\/2023\/10\/system-integration-and-staging-680x460.jpg 680w, https:\/\/ravyx.com\/wp-content\/uploads\/2023\/10\/system-integration-and-staging-300x204.jpg 300w\" sizes=\"(max-width: 680px) 100vw, 680px\">\n\t\t\t<\/div>\n\t\t\n\t<\/div>\n\n\t\n<\/div>\n\n\n\n\n<div class=\"block-inline-cta wpx-custom-block\" id=\"acf-inline-cta6617\">\n\n\t<div class=\"inline-cta-inner\">\n\t\t\n\t\t<h3 class=\"inline-cta-title\">Contactez notre centre d'assistance 24 heures sur 24<\/h3>\t\t<p>Envoyez un courriel \u00e0 USsupport@ravyx.com ou CAsupport@ravyx.com ou appelez le centre d'assistance de Ravyx au (US) 607-757-0181 ou (CA) 800-264-9554 \u00e0 n'importe quelle heure du jour ou de la nuit.<\/p>\n\t\t\t\t\t<div class=\"button-group\">\n\t\t\t\t<a href=\"https:\/\/ravyx.com\/fr_ca\/contact-us\/\" target=\"\" class=\"wpx-button\">Nous contacter<\/a>\n\t\t\t<\/div>\n\t\t\n\t<\/div>\n\n<\/div>\n\n\n<div class=\"block-checkerboard wpx-custom-block\" id=\"acf-checkerboard7115\">\n\n\t\n\t<div class=\"checkerboard-row\">\n\n\t\t<div class=\"row-col\">\n\t\t\t<div class=\"row-content\">\n\t\t\t\t<h2 class=\"row-title\">Programmes optionnels et solutions personnalis\u00e9es<\/h2>\t\t\t\t\t\t\t\t\t<p>L'\u00e9quipe de Ravyx peut vous aider \u00e0 personnaliser votre syst\u00e8me pour qu'il r\u00e9ponde aux besoins sp\u00e9cifiques de votre entreprise. Notre \u00e9quipe travaille avec vous pour \u00e9valuer et analyser les crit\u00e8res cl\u00e9s et ensuite optimiser votre logiciel pour une performance maximale du syst\u00e8me.<\/p>\n<p>Au fil des ans, Ravyx a constitu\u00e9 un vaste inventaire de programmes logiciels, allant de l'am\u00e9lioration de la s\u00e9curit\u00e9 \u00e0 l'exploitation des magasins. Nous cr\u00e9ons un syst\u00e8me qui s'adapte \u00e0 votre fa\u00e7on de travailler.<\/p>\n<p>Vous ne devez plus recommencer depuis le d\u00e9but ou vous d\u00e9barrasser de votre logiciel existant chaque fois que vous avez besoin d'une nouvelle fonction. Nous pouvons \u00e9crire des interfaces qui prot\u00e9geront votre investissement et prolongeront la dur\u00e9e de vie de vos applications logicielles.<\/p>\n\t\t\t\t\t\t\t\t\t\t\t<\/div>\n\t\t<\/div>\n\n\t\t\t\t\t<div class=\"row-col\">\n\t\t\t\t<img decoding=\"async\" src=\"https:\/\/ravyx.com\/wp-content\/uploads\/2023\/10\/optional-programs-and-custom-solutions-1.jpg\" alt=\"\" srcset=\"https:\/\/ravyx.com\/wp-content\/uploads\/2023\/10\/optional-programs-and-custom-solutions-1.jpg 679w, https:\/\/ravyx.com\/wp-content\/uploads\/2023\/10\/optional-programs-and-custom-solutions-1-300x203.jpg 300w\" sizes=\"(max-width: 680px) 100vw, 680px\">\n\t\t\t<\/div>\n\t\t\n\t<\/div>\n\n\t\n\t<div class=\"checkerboard-row\">\n\n\t\t<div class=\"row-col\">\n\t\t\t<div class=\"row-content\">\n\t\t\t\t<h2 class=\"row-title\">Maintenir votre syst\u00e8me \u00e0 jour<\/h2>\t\t\t\t\t\t\t\t\t<p>L'\u00e9quipe de Ravyx peut vous aider \u00e0 maintenir vos syst\u00e8mes \u00e0 jour avec les derni\u00e8res technologies. Avec les r\u00e9centes am\u00e9liorations apport\u00e9es \u00e0 l'automatisation et \u00e0 l'intelligence artificielle, nous sommes toujours \u00e0 la pointe de l'innovation dans le domaine de la vente au d\u00e9tail.<\/p>\n\t\t\t\t\t\t\t\t\t\t\t<\/div>\n\t\t<\/div>\n\n\t\t\t\t\t<div class=\"row-col\">\n\t\t\t\t<img decoding=\"async\" src=\"https:\/\/ravyx.com\/wp-content\/uploads\/2023\/10\/keep-your-system-current-680x460.jpg\" alt=\"\" srcset=\"https:\/\/ravyx.com\/wp-content\/uploads\/2023\/10\/keep-your-system-current-680x460.jpg 680w, https:\/\/ravyx.com\/wp-content\/uploads\/2023\/10\/keep-your-system-current-300x204.jpg 300w\" sizes=\"(max-width: 680px) 100vw, 680px\">\n\t\t\t<\/div>\n\t\t\n\t<\/div>\n\n\t\n\t<div class=\"checkerboard-row\">\n\n\t\t<div class=\"row-col\">\n\t\t\t<div class=\"row-content\">\n\t\t\t\t<h2 class=\"row-title\">Assistance 24\/7<\/h2>\t\t\t\t\t\t\t\t\t<p>Parce que vos probl\u00e8mes deviennent les n\u00f4tres... et que nous les traitons LE PLUS RAPIDEMENT POSSIBLE!<\/p>\n\t\t\t\t\t\t\t\t\t\t\t<\/div>\n\t\t<\/div>\n\n\t\t\t\t\t<div class=\"row-col\">\n\t\t\t\t<img decoding=\"async\" src=\"https:\/\/ravyx.com\/wp-content\/uploads\/2023\/10\/support-24-7-1-1-679x460.jpg\" alt=\"\" srcset=\"https:\/\/ravyx.com\/wp-content\/uploads\/2023\/10\/support-24-7-1-1-679x460.jpg 679w, https:\/\/ravyx.com\/wp-content\/uploads\/2023\/10\/support-24-7-1-1-300x204.jpg 300w\" sizes=\"(max-width: 680px) 100vw, 680px\">\n\t\t\t<\/div>\n\t\t\n\t<\/div>\n\n\t\n<\/div>\n\n\n\n\n<div class=\"block-inline-cta wpx-custom-block\" id=\"acf-inline-cta2642\">\n\n\t<div class=\"inline-cta-inner\">\n\t\t\n\t\t<h3 class=\"inline-cta-title\">Contactez notre centre d'assistance 24 heures sur 24<\/h3>\t\t<p>Envoyez un courriel \u00e0 USsupport@ravyx.com ou CAsupport@ravyx.com ou appelez le centre d'assistance de Ravyx au (US) 607-757-0181 ou (CA) 800-264-9554 \u00e0 n'importe quelle heure du jour ou de la nuit.<\/p>\n\t\t\t\t\t<div class=\"button-group\">\n\t\t\t\t<a href=\"https:\/\/ravyx.com\/fr_ca\/contact-us\/\" target=\"\" class=\"wpx-button\">Nous contacter<\/a>\n\t\t\t<\/div>\n\t\t\n\t<\/div>\n\n<\/div>\n\n\n<h2 class=\"wp-block-heading has-text-align-center\">Notre promesse d'assistance technique et de service au d\u00e9tail :<\/h2>\n\n\n\n<div class=\"wp-block-columns gap-0-mobile is-layout-flex wp-container-core-columns-is-layout-9d6595d7 wp-block-columns-is-layout-flex\">\n<div class=\"wp-block-column is-layout-flow wp-block-column-is-layout-flow\"><\/div>\n\n\n\n<div class=\"wp-block-column margin-top-0 is-layout-flow wp-block-column-is-layout-flow\" style=\"flex-basis:33%\">\n<ul class=\"wp-block-list stylized-list margin-bottom-0\">\n<li>Vos appels sont trait\u00e9s rapidement.<\/li>\n\n\n\n<li>Notre \u00e9quipe est compos\u00e9e d'experts techniques et commerciaux qui suivent une formation continue.<\/li>\n\n\n\n<li>Nous maintenons une base de donn\u00e9es sophistiqu\u00e9e d'informations sur les clients afin de faciliter l'identification et la r\u00e9solution des probl\u00e8mes.<\/li>\n<\/ul>\n<\/div>\n\n\n\n<div class=\"wp-block-column margin-bottom-0 is-layout-flow wp-block-column-is-layout-flow\" style=\"flex-basis:33%\">\n<ul class=\"wp-block-list stylized-list margin-top-0\">\n<li>Nous pouvons acc\u00e9der \u00e0 votre site \u00e0 distance et, si n\u00e9cessaire, envoyer un technicien de service local.<\/li>\n\n\n\n<li>Notre centre d'assistance est ouvert en permanence - 24 heures sur 24, 365 jours par an.<\/li>\n<\/ul>\n<\/div>\n\n\n\n<div class=\"wp-block-column is-layout-flow wp-block-column-is-layout-flow\"><\/div>\n<\/div>\n\n\n\n<div style=\"height:75px\" aria-hidden=\"true\" class=\"wp-block-spacer\"><\/div>\n\n\n\n<section class=\"block-related wpx-custom-block\" id=\"acf-related-pages6114\">\n\n\t\t\n\t<div class=\"related-inner\">\n\n\t\t\n\t\t\t<article class=\"related-page has-video\">\n\t\t\t\t<a href=\"javascript:void(0);\" data-micromodal-trigger=\"modal-253\">\n\t\t\t\t\t<div class=\"related-page-thumb\">\n\t\t\t\t\t\t<i class=\"icon-play\"><\/i>\t\t\t\t\t\t<img decoding=\"async\" src=\"https:\/\/ravyx.com\/wp-content\/uploads\/2023\/10\/initial-planning-1.jpg\" alt=\"\" srcset=\"https:\/\/ravyx.com\/wp-content\/uploads\/2023\/10\/initial-planning-1.jpg 681w, https:\/\/ravyx.com\/wp-content\/uploads\/2023\/10\/initial-planning-1-300x204.jpg 300w\" sizes=\"(max-width: 880px) 100vw, 880px\">\n\t\t\t\t\t<\/div>\n\t\t\t\t\t<div class=\"related-page-header\">\n\t\t\t\t\t\t<h1 class=\"related-page-title\">\u00c0 propos de Ravyx<\/h1>\n\t\t\t\t\t<\/div>\n\t\t\t\t<\/a>\n\t\t\t<\/article>\n\n\t\t\t\t\t\t<div class=\"modal modal-video tinymce\" id=\"modal-253\" aria-hidden=\"true\">\n\t\t\t\t<div class=\"modal__overlay\" tabindex=\"-1\" data-micromodal-close>\n\t\t\t\t\t<div class=\"modal__container\" role=\"dialog\" aria-modal=\"true\">\n\t\t\t\t\t\t<button class=\"modal__close\" aria-label=\"Fermer la fen\u00eatre modale\" data-micromodal-close><\/button>\n\t\t\t\t\t\t<main class=\"modal__content\">\n\t\t\t\t\t\t\t<div class=\"flex-video\"><iframe loading=\"lazy\" title=\"Aper\u00e7u de Ravyx US (FKA STCR)\" width=\"640\" height=\"360\" src=\"https:\/\/www.youtube.com\/embed\/GSGEts0D_Mw?start=4&#038;feature=oembed\" frameborder=\"0\" allow=\"accelerometer; autoplay; clipboard-write; encrypted-media; gyroscope; picture-in-picture; web-share\" referrerpolicy=\"strict-origin-when-cross-origin\" allowfullscreen><\/iframe><\/div>\n\t\t\t\t\t\t<\/main>\n\t\t\t\t\t\t<footer class=\"modal__footer\">\n\t\t\t\t\t\t\t<button class=\"modal__btn screenreader\" data-micromodal-close aria-label=\"Quitter la fen\u00eatre modale\">Fermer<\/button>\n\t\t\t\t\t\t<\/footer>\n\t\t\t\t\t<\/div>\n\t\t\t\t<\/div>\n\t\t\t<\/div>\n\t\t\t\n\t\t\n\t\t\t<article class=\"related-page has-video\">\n\t\t\t\t<a href=\"javascript:void(0);\" data-micromodal-trigger=\"modal-236\">\n\t\t\t\t\t<div class=\"related-page-thumb\">\n\t\t\t\t\t\t<i class=\"icon-play\"><\/i>\t\t\t\t\t\t<img decoding=\"async\" src=\"https:\/\/ravyx.com\/wp-content\/uploads\/2023\/12\/Ravyx-BLOG-Video-Logo-1200x1200-2-880x636.jpg\" alt=\"\" srcset=\"\" sizes=\"(max-width: 880px) 100vw, 880px\">\n\t\t\t\t\t<\/div>\n\t\t\t\t\t<div class=\"related-page-header\">\n\t\t\t\t\t\t<h1 class=\"related-page-title\">La solution d'incitation \u00e0 la nutrition de Ravyx\u00a0<\/h1>\n\t\t\t\t\t<\/div>\n\t\t\t\t<\/a>\n\t\t\t<\/article>\n\n\t\t\t\t\t\t<div class=\"modal modal-video tinymce\" id=\"modal-236\" aria-hidden=\"true\">\n\t\t\t\t<div class=\"modal__overlay\" tabindex=\"-1\" data-micromodal-close>\n\t\t\t\t\t<div class=\"modal__container\" role=\"dialog\" aria-modal=\"true\">\n\t\t\t\t\t\t<button class=\"modal__close\" aria-label=\"Fermer la fen\u00eatre modale\" data-micromodal-close><\/button>\n\t\t\t\t\t\t<main class=\"modal__content\">\n\t\t\t\t\t\t\t<div class=\"flex-video\"><iframe loading=\"lazy\" title=\"Ravyx US (FKA STCR) - Solution d&#039;incitation \u00e0 la nutrition\" width=\"640\" height=\"360\" src=\"https:\/\/www.youtube.com\/embed\/5EnLjzv7k1A?start=8&#038;feature=oembed\" frameborder=\"0\" allow=\"accelerometer; autoplay; clipboard-write; encrypted-media; gyroscope; picture-in-picture; web-share\" referrerpolicy=\"strict-origin-when-cross-origin\" allowfullscreen><\/iframe><\/div>\n\t\t\t\t\t\t<\/main>\n\t\t\t\t\t\t<footer class=\"modal__footer\">\n\t\t\t\t\t\t\t<button class=\"modal__btn screenreader\" data-micromodal-close aria-label=\"Quitter la fen\u00eatre modale\">Fermer<\/button>\n\t\t\t\t\t\t<\/footer>\n\t\t\t\t\t<\/div>\n\t\t\t\t<\/div>\n\t\t\t<\/div>\n\t\t\t\n\t\t\n\t\t\t<article class=\"related-page has-video\">\n\t\t\t\t<a href=\"javascript:void(0);\" data-micromodal-trigger=\"modal-3013\">\n\t\t\t\t\t<div class=\"related-page-thumb\">\n\t\t\t\t\t\t<i class=\"icon-play\"><\/i>\t\t\t\t\t\t<img decoding=\"async\" src=\"\" alt=\"\" srcset=\"\" sizes=\"(max-width: 880px) 100vw, 880px\">\n\t\t\t\t\t<\/div>\n\t\t\t\t\t<div class=\"related-page-header\">\n\t\t\t\t\t\t<h1 class=\"related-page-title\">Juin 2024 Session mensuelle sur les caisses libre-service - Meilleures pratiques avec Ravyx et Toshiba<\/h1>\n\t\t\t\t\t<\/div>\n\t\t\t\t<\/a>\n\t\t\t<\/article>\n\n\t\t\t\t\t\t<div class=\"modal modal-video tinymce\" id=\"modal-3013\" aria-hidden=\"true\">\n\t\t\t\t<div class=\"modal__overlay\" tabindex=\"-1\" data-micromodal-close>\n\t\t\t\t\t<div class=\"modal__container\" role=\"dialog\" aria-modal=\"true\">\n\t\t\t\t\t\t<button class=\"modal__close\" aria-label=\"Fermer la fen\u00eatre modale\" data-micromodal-close><\/button>\n\t\t\t\t\t\t<main class=\"modal__content\">\n\t\t\t\t\t\t\t<div class=\"flex-video\"><a href=\"https:\/\/www.youtube.com\/watch?v=jtLoAv34t0Y\">https:\/\/www.youtube.com\/watch?v=jtLoAv34t0Y<\/a><\/div>\n\t\t\t\t\t\t<\/main>\n\t\t\t\t\t\t<footer class=\"modal__footer\">\n\t\t\t\t\t\t\t<button class=\"modal__btn screenreader\" data-micromodal-close aria-label=\"Quitter la fen\u00eatre modale\">Fermer<\/button>\n\t\t\t\t\t\t<\/footer>\n\t\t\t\t\t<\/div>\n\t\t\t\t<\/div>\n\t\t\t<\/div>\n\t\t\t\n\t\t\n\t<\/div>\n\n<\/section>","protected":false},"excerpt":{"rendered":"<p>Only Ravyx will get you up and running faster and with the best technology in the retail business. Our retail tech support &amp; service team works closely with customers and partners to design the best possible implementation plan to fit your specific needs and we stick with you, from installation to training, your live day, [&hellip;]<\/p>\n","protected":false},"author":1,"featured_media":0,"parent":0,"menu_order":14,"comment_status":"closed","ping_status":"closed","template":"","meta":{"_acf_changed":true,"footnotes":""},"class_list":["post-590","page","type-page","status-publish","hentry"],"acf":[],"yoast_head":"<!-- This site is optimized with the Yoast SEO plugin v27.5 - https:\/\/yoast.com\/product\/yoast-seo-wordpress\/ -->\n<title>Retail Tech Support &amp; Service | Expert-Level 24\/7\/365 | Ravyx<\/title>\n<meta name=\"description\" content=\"Get expert-level retail tech support &amp; service from Ravyx, 24\/7\/365. Thanks to our dedicated staff for keeping your system running smoothly.\" \/>\n<meta name=\"robots\" content=\"index, follow, max-snippet:-1, max-image-preview:large, max-video-preview:-1\" \/>\n<link rel=\"canonical\" href=\"https:\/\/ravyx.com\/fr_ca\/service-support\/\" \/>\n<meta property=\"og:locale\" content=\"fr_CA\" \/>\n<meta property=\"og:type\" content=\"article\" \/>\n<meta property=\"og:title\" content=\"Retail Tech Support &amp; Service | Expert-Level 24\/7\/365 | Ravyx\" \/>\n<meta property=\"og:description\" content=\"Get expert-level retail tech support &amp; service from Ravyx, 24\/7\/365. Thanks to our dedicated staff for keeping your system running smoothly.\" \/>\n<meta property=\"og:url\" content=\"https:\/\/ravyx.com\/fr_ca\/service-support\/\" \/>\n<meta property=\"og:site_name\" content=\"Ravyx\" \/>\n<meta property=\"article:publisher\" content=\"https:\/\/www.facebook.com\/stcrpos\" \/>\n<meta property=\"article:modified_time\" content=\"2025-07-21T20:09:58+00:00\" \/>\n<meta name=\"twitter:card\" content=\"summary_large_image\" \/>\n<meta name=\"twitter:site\" content=\"@stcrpos\" \/>\n<meta name=\"twitter:label1\" content=\"Est. reading time\" \/>\n\t<meta name=\"twitter:data1\" content=\"1 minute\" \/>\n<script type=\"application\/ld+json\" class=\"yoast-schema-graph\">{\"@context\":\"https:\\\/\\\/schema.org\",\"@graph\":[{\"@type\":\"WebPage\",\"@id\":\"https:\\\/\\\/ravyx.com\\\/service-support\\\/\",\"url\":\"https:\\\/\\\/ravyx.com\\\/service-support\\\/\",\"name\":\"Retail Tech Support & Service | Expert-Level 24\\\/7\\\/365 | Ravyx\",\"isPartOf\":{\"@id\":\"https:\\\/\\\/ravyx.com\\\/#website\"},\"datePublished\":\"2023-09-28T15:38:45+00:00\",\"dateModified\":\"2025-07-21T20:09:58+00:00\",\"description\":\"Get expert-level retail tech support & service from Ravyx, 24\\\/7\\\/365. Thanks to our dedicated staff for keeping your system running smoothly.\",\"breadcrumb\":{\"@id\":\"https:\\\/\\\/ravyx.com\\\/service-support\\\/#breadcrumb\"},\"inLanguage\":\"fr-CA\",\"potentialAction\":[{\"@type\":\"ReadAction\",\"target\":[\"https:\\\/\\\/ravyx.com\\\/service-support\\\/\"]}]},{\"@type\":\"BreadcrumbList\",\"@id\":\"https:\\\/\\\/ravyx.com\\\/service-support\\\/#breadcrumb\",\"itemListElement\":[{\"@type\":\"ListItem\",\"position\":1,\"name\":\"Home\",\"item\":\"https:\\\/\\\/ravyx.com\\\/\"},{\"@type\":\"ListItem\",\"position\":2,\"name\":\"Services &#038; Support\"}]},{\"@type\":\"WebSite\",\"@id\":\"https:\\\/\\\/ravyx.com\\\/#website\",\"url\":\"https:\\\/\\\/ravyx.com\\\/\",\"name\":\"Ravyx\",\"description\":\"Proven Grocery Technologies\",\"publisher\":{\"@id\":\"https:\\\/\\\/ravyx.com\\\/#organization\"},\"potentialAction\":[{\"@type\":\"SearchAction\",\"target\":{\"@type\":\"EntryPoint\",\"urlTemplate\":\"https:\\\/\\\/ravyx.com\\\/?s={search_term_string}\"},\"query-input\":{\"@type\":\"PropertyValueSpecification\",\"valueRequired\":true,\"valueName\":\"search_term_string\"}}],\"inLanguage\":\"fr-CA\"},{\"@type\":\"Organization\",\"@id\":\"https:\\\/\\\/ravyx.com\\\/#organization\",\"name\":\"Ravyx\",\"url\":\"https:\\\/\\\/ravyx.com\\\/\",\"logo\":{\"@type\":\"ImageObject\",\"inLanguage\":\"fr-CA\",\"@id\":\"https:\\\/\\\/ravyx.com\\\/#\\\/schema\\\/logo\\\/image\\\/\",\"url\":\"https:\\\/\\\/ravyx.com\\\/wp-content\\\/uploads\\\/2023\\\/09\\\/generic-brand-1.jpg\",\"contentUrl\":\"https:\\\/\\\/ravyx.com\\\/wp-content\\\/uploads\\\/2023\\\/09\\\/generic-brand-1.jpg\",\"width\":1200,\"height\":1200,\"caption\":\"Ravyx\"},\"image\":{\"@id\":\"https:\\\/\\\/ravyx.com\\\/#\\\/schema\\\/logo\\\/image\\\/\"},\"sameAs\":[\"https:\\\/\\\/www.facebook.com\\\/stcrpos\",\"https:\\\/\\\/x.com\\\/stcrpos\",\"https:\\\/\\\/www.linkedin.com\\\/company\\\/stcr\\\/\",\"https:\\\/\\\/www.youtube.com\\\/channel\\\/UCSWcsJARYjaQnz0T5o4p9DQ\"]}]}<\/script>\n<!-- \/ Yoast SEO plugin. -->","yoast_head_json":{"title":"Support technique et service pour la vente au d\u00e9tail | Niveau expert 24\/7\/365 | Ravyx","description":"Obtenez une assistance technique et un service de niveau expert de la part de Ravyx, 24 heures sur 24, 7 jours sur 7 et 365 jours par an. Merci \u00e0 notre personnel d\u00e9vou\u00e9 de veiller au bon fonctionnement de votre syst\u00e8me.","robots":{"index":"index","follow":"follow","max-snippet":"max-snippet:-1","max-image-preview":"max-image-preview:large","max-video-preview":"max-video-preview:-1"},"canonical":"https:\/\/ravyx.com\/fr_ca\/service-support\/","og_locale":"fr_CA","og_type":"article","og_title":"Retail Tech Support & Service | Expert-Level 24\/7\/365 | Ravyx","og_description":"Get expert-level retail tech support & service from Ravyx, 24\/7\/365. Thanks to our dedicated staff for keeping your system running smoothly.","og_url":"https:\/\/ravyx.com\/fr_ca\/service-support\/","og_site_name":"Ravyx","article_publisher":"https:\/\/www.facebook.com\/stcrpos","article_modified_time":"2025-07-21T20:09:58+00:00","twitter_card":"summary_large_image","twitter_site":"@stcrpos","twitter_misc":{"Est. reading time":"1 minute"},"schema":{"@context":"https:\/\/schema.org","@graph":[{"@type":"WebPage","@id":"https:\/\/ravyx.com\/service-support\/","url":"https:\/\/ravyx.com\/service-support\/","name":"Support technique et service pour la vente au d\u00e9tail | Niveau expert 24\/7\/365 | Ravyx","isPartOf":{"@id":"https:\/\/ravyx.com\/#website"},"datePublished":"2023-09-28T15:38:45+00:00","dateModified":"2025-07-21T20:09:58+00:00","description":"Obtenez une assistance technique et un service de niveau expert de la part de Ravyx, 24 heures sur 24, 7 jours sur 7 et 365 jours par an. Merci \u00e0 notre personnel d\u00e9vou\u00e9 de veiller au bon fonctionnement de votre syst\u00e8me.","breadcrumb":{"@id":"https:\/\/ravyx.com\/service-support\/#breadcrumb"},"inLanguage":"fr-CA","potentialAction":[{"@type":"ReadAction","target":["https:\/\/ravyx.com\/service-support\/"]}]},{"@type":"BreadcrumbList","@id":"https:\/\/ravyx.com\/service-support\/#breadcrumb","itemListElement":[{"@type":"ListItem","position":1,"name":"Home","item":"https:\/\/ravyx.com\/"},{"@type":"ListItem","position":2,"name":"Services &#038; Support"}]},{"@type":"WebSite","@id":"https:\/\/ravyx.com\/#website","url":"https:\/\/ravyx.com\/","name":"Ravyx","description":"Proven Grocery Technologies","publisher":{"@id":"https:\/\/ravyx.com\/#organization"},"potentialAction":[{"@type":"SearchAction","target":{"@type":"EntryPoint","urlTemplate":"https:\/\/ravyx.com\/?s={search_term_string}"},"query-input":{"@type":"PropertyValueSpecification","valueRequired":true,"valueName":"search_term_string"}}],"inLanguage":"fr-CA"},{"@type":"Organization","@id":"https:\/\/ravyx.com\/#organization","name":"Ravyx","url":"https:\/\/ravyx.com\/","logo":{"@type":"ImageObject","inLanguage":"fr-CA","@id":"https:\/\/ravyx.com\/#\/schema\/logo\/image\/","url":"https:\/\/ravyx.com\/wp-content\/uploads\/2023\/09\/generic-brand-1.jpg","contentUrl":"https:\/\/ravyx.com\/wp-content\/uploads\/2023\/09\/generic-brand-1.jpg","width":1200,"height":1200,"caption":"Ravyx"},"image":{"@id":"https:\/\/ravyx.com\/#\/schema\/logo\/image\/"},"sameAs":["https:\/\/www.facebook.com\/stcrpos","https:\/\/x.com\/stcrpos","https:\/\/www.linkedin.com\/company\/stcr\/","https:\/\/www.youtube.com\/channel\/UCSWcsJARYjaQnz0T5o4p9DQ"]}]}},"_links":{"self":[{"href":"https:\/\/ravyx.com\/fr_ca\/wp-json\/wp\/v2\/pages\/590","targetHints":{"allow":["GET"]}}],"collection":[{"href":"https:\/\/ravyx.com\/fr_ca\/wp-json\/wp\/v2\/pages"}],"about":[{"href":"https:\/\/ravyx.com\/fr_ca\/wp-json\/wp\/v2\/types\/page"}],"author":[{"embeddable":true,"href":"https:\/\/ravyx.com\/fr_ca\/wp-json\/wp\/v2\/users\/1"}],"replies":[{"embeddable":true,"href":"https:\/\/ravyx.com\/fr_ca\/wp-json\/wp\/v2\/comments?post=590"}],"version-history":[{"count":0,"href":"https:\/\/ravyx.com\/fr_ca\/wp-json\/wp\/v2\/pages\/590\/revisions"}],"wp:attachment":[{"href":"https:\/\/ravyx.com\/fr_ca\/wp-json\/wp\/v2\/media?parent=590"}],"curies":[{"name":"wp","href":"https:\/\/api.w.org\/{rel}","templated":true}]}}