{"id":587,"date":"2023-09-28T15:38:07","date_gmt":"2023-09-28T15:38:07","guid":{"rendered":"http:\/\/stcr.test\/?page_id=587"},"modified":"2025-06-18T10:56:19","modified_gmt":"2025-06-18T14:56:19","slug":"solutions","status":"publish","type":"page","link":"https:\/\/ravyx.com\/fr_ca\/solutions\/","title":{"rendered":"Solutions"},"content":{"rendered":"<h2 class=\"wp-block-heading has-text-align-center\">Une technologie de bout en bout pour le commerce de d\u00e9tail, soutenue par l'expertise<\/h2>\n\n\n\n<div class=\"wp-block-columns is-layout-flex wp-container-core-columns-is-layout-9d6595d7 wp-block-columns-is-layout-flex\">\n<div class=\"wp-block-column is-layout-flow wp-block-column-is-layout-flow\"><\/div>\n\n\n\n<div class=\"wp-block-column is-layout-flow wp-block-column-is-layout-flow\" style=\"flex-basis:80%\">\n<p class=\"has-text-align-center has-huge-font-size\">Nous fournissons plus que des outils - nous fournissons des r\u00e9sultats et du soutien. Que vous g\u00e9riez une seule \u00e9picerie ou une entreprise de vente au d\u00e9tail \u00e0 plusieurs emplacements, nos solutions technologiques sur mesure vous aident \u00e0 rationaliser vos op\u00e9rations, \u00e0 am\u00e9liorer l'exp\u00e9rience de vos clients et \u00e0 accro\u00eetre votre rentabilit\u00e9. Des points de vente frontaux aux op\u00e9rations de back-office et aux int\u00e9grations, notre \u00e9quipe d'experts s'assure que chaque syst\u00e8me fonctionne de mani\u00e8re transparente. Avec des d\u00e9cennies d'exp\u00e9rience et un engagement sans faille en faveur de la technologie de niveau 1, nous sommes con\u00e7us pour faire avancer le commerce de d\u00e9tail.<\/p>\n<\/div>\n\n\n\n<div class=\"wp-block-column is-layout-flow wp-block-column-is-layout-flow\"><\/div>\n<\/div>\n\n\n\n<div class=\"block-cta-grid wpx-custom-block\" id=\"acf-cta-grid4123\">\n\n\t<div class=\"cta-grid\">\n\n\t\t<div class=\"cta-grid-inner\">\n\n\t\t\t\n\t\t\t\t\t<article class=\"grid-item\">\n\t\t\t\t\t\t<h1 class=\"grid-item-title\">\u00c9picerie<\/h1>\t\t\t\t\t\t<a href=\"https:\/\/ravyx.com\/fr_ca\/solutions\/grocery-technology\/\" target=\"\">\n\t\t\t\t\t\t\t<div class=\"grid-item-header\">\n\t\t\t\t\t\t\t\t<p class=\"grid-item-desc\">D\u00e9couvrez les solutions que nous avons en r\u00e9serve autant pour les cha\u00eenes que pour les supermarch\u00e9s de petites ou de grandes surfaces.<\/p>\t\t\t\t\t\t\t\t<p class=\"grid-item-label\">\u00c9picerie<\/p>\t\t\t\t\t\t\t<\/div>\n\t\t\t\t\t\t\t<img decoding=\"async\" src=\"https:\/\/ravyx.com\/wp-content\/uploads\/2025\/06\/GettyImages-2186872091_831x571.jpg\" alt=\"\" srcset=\"https:\/\/ravyx.com\/wp-content\/uploads\/2025\/06\/GettyImages-2186872091_831x571.jpg 831w, https:\/\/ravyx.com\/wp-content\/uploads\/2025\/06\/GettyImages-2186872091_831x571-300x206.jpg 300w, https:\/\/ravyx.com\/wp-content\/uploads\/2025\/06\/GettyImages-2186872091_831x571-768x528.jpg 768w, https:\/\/ravyx.com\/wp-content\/uploads\/2025\/06\/GettyImages-2186872091_831x571-18x12.jpg 18w\" sizes=\"(max-width: 880px) 100vw, 880px\">\n\t\t\t\t\t\t<\/a>\n\t\t\t\t\t<\/article>\n\n\t\t\t\t\n\t\t\t\n\t\t\t\t\t<article class=\"grid-item\">\n\t\t\t\t\t\t<h1 class=\"grid-item-title\">Commerce de d\u00e9tail g\u00e9n\u00e9ral<\/h1>\t\t\t\t\t\t<a href=\"https:\/\/ravyx.com\/fr_ca\/solutions\/retail-technology\/\" target=\"\">\n\t\t\t\t\t\t\t<div class=\"grid-item-header\">\n\t\t\t\t\t\t\t\t<p class=\"grid-item-desc\">D\u00e9couvrez comment nous aidons les petits magasins et les grandes surfaces \u00e0 g\u00e9rer leurs produits et \u00e0 offrir une exp\u00e9rience d'achat exceptionnelle. <\/p>\t\t\t\t\t\t\t\t<p class=\"grid-item-label\">Vente au d\u00e9tail<\/p>\t\t\t\t\t\t\t<\/div>\n\t\t\t\t\t\t\t<img decoding=\"async\" src=\"https:\/\/ravyx.com\/wp-content\/uploads\/2023\/10\/retail.jpg\" alt=\"\" srcset=\"https:\/\/ravyx.com\/wp-content\/uploads\/2023\/10\/retail.jpg 832w, https:\/\/ravyx.com\/wp-content\/uploads\/2023\/10\/retail-300x206.jpg 300w, https:\/\/ravyx.com\/wp-content\/uploads\/2023\/10\/retail-768x527.jpg 768w\" sizes=\"(max-width: 880px) 100vw, 880px\">\n\t\t\t\t\t\t<\/a>\n\t\t\t\t\t<\/article>\n\n\t\t\t\t\n\t\t\t\n\t\t\t\t\t<article class=\"grid-item\">\n\t\t\t\t\t\t<h1 class=\"grid-item-title\">D\u00e9panneurs<\/h1>\t\t\t\t\t\t<a href=\"https:\/\/ravyx.com\/fr_ca\/solutions\/convenience-store-technology\/\" target=\"\">\n\t\t\t\t\t\t\t<div class=\"grid-item-header\">\n\t\t\t\t\t\t\t\t<p class=\"grid-item-desc\">Stimulez votre activit\u00e9 commerciale gr\u00e2ce \u00e0 un syst\u00e8me de contr\u00f4le de la vente au d\u00e9tail con\u00e7u pour les petites et moyennes \u00e9piceries, les d\u00e9panneurs, les march\u00e9s et les magasins.<\/p>\t\t\t\t\t\t\t\t<p class=\"grid-item-label\">D\u00e9panneurs<\/p>\t\t\t\t\t\t\t<\/div>\n\t\t\t\t\t\t\t<img decoding=\"async\" src=\"https:\/\/ravyx.com\/wp-content\/uploads\/2025\/06\/GettyImages-1341375854_831x571.jpg\" alt=\"Grocery Technology\" srcset=\"https:\/\/ravyx.com\/wp-content\/uploads\/2025\/06\/GettyImages-1341375854_831x571.jpg 831w, https:\/\/ravyx.com\/wp-content\/uploads\/2025\/06\/GettyImages-1341375854_831x571-300x206.jpg 300w, https:\/\/ravyx.com\/wp-content\/uploads\/2025\/06\/GettyImages-1341375854_831x571-768x528.jpg 768w, https:\/\/ravyx.com\/wp-content\/uploads\/2025\/06\/GettyImages-1341375854_831x571-18x12.jpg 18w\" sizes=\"(max-width: 880px) 100vw, 880px\">\n\t\t\t\t\t\t<\/a>\n\t\t\t\t\t<\/article>\n\n\t\t\t\t\n\t\t\t\n\t\t\t\t\t<article class=\"grid-item\">\n\t\t\t\t\t\t<h1 class=\"grid-item-title\">Spiritueux, vins et bi\u00e8res<\/h1>\t\t\t\t\t\t<a href=\"https:\/\/ravyx.com\/fr_ca\/solutions\/liquor-wine-technology\/\" target=\"\">\n\t\t\t\t\t\t\t<div class=\"grid-item-header\">\n\t\t\t\t\t\t\t\t<p class=\"grid-item-desc\">Trouvez la solution de gestion de d\u00e9tail et de point de vente qui convient \u00e0 votre \u00e9tablissement sp\u00e9cialis\u00e9 dans les spiritueux, le vin et la bi\u00e8re. <\/p>\t\t\t\t\t\t\t\t<p class=\"grid-item-label\">Vins et spiritueux<\/p>\t\t\t\t\t\t\t<\/div>\n\t\t\t\t\t\t\t<img decoding=\"async\" src=\"https:\/\/ravyx.com\/wp-content\/uploads\/2023\/10\/liquorwine.jpg\" alt=\"\" srcset=\"https:\/\/ravyx.com\/wp-content\/uploads\/2023\/10\/liquorwine.jpg 831w, https:\/\/ravyx.com\/wp-content\/uploads\/2023\/10\/liquorwine-300x206.jpg 300w, https:\/\/ravyx.com\/wp-content\/uploads\/2023\/10\/liquorwine-768x528.jpg 768w\" sizes=\"(max-width: 880px) 100vw, 880px\">\n\t\t\t\t\t\t<\/a>\n\t\t\t\t\t<\/article>\n\n\t\t\t\t\n\t\t\t\n\t\t<\/div>\n\n\t<\/div>\n\n<\/div>\n\n\n\n\n<div class=\"wpx-custom-block block-slider-ctas\" id=\"acf-slider-ctas3316\">\n\n\t\n\t\n\t<div class=\"slider-ctas-wrap\">\n\n\t\t<div class=\"slider-ctas\" data-controller=\"blockSliderCTA\" id=\"blockSliderCTAacf-slider-ctas3316\">\n\n\t\t\t\n\t\t\t\t<div class=\"slider-cta-slide\">\n\t\t\t\t\t<div class=\"cta-slide-inner\">\n\t\t\t\t\t\t<div class=\"cta-slide-content\">\n\t\t\t\t\t\t\t<h3>Demandez une d\u00e9monstration.<\/h3>\t\t\t\t\t\t\t<p>D\u00e9couvrez comment fonctionnent nos solutions de vente au d\u00e9tail et constatez par vous-m\u00eame l'impact qu'elles peuvent avoir sur votre entreprise!<\/p>\t\t\t\t\t\t\t\t\t\t\t\t\t\t<div class=\"button-group\">\n\t\t\t\t\t\t\t\t<a href=\"https:\/\/ravyx.com\/fr_ca\/resources\/request-a-demo\/\" target=\"\" class=\"wpx-button\">En savoir plus<\/a>\n\t\t\t\t\t\t\t<\/div>\n\t\t\t\t\t\t\t\t\t\t\t\t\t<\/div>\n\t\t\t\t\t<\/div>\n\t\t\t\t<\/div>\n\n\t\t\t\n\t\t<\/div>\n\n\t<\/div>\n\n\t<div class=\"slider-ctas-nav\"><\/div>\n\n<\/div>","protected":false},"excerpt":{"rendered":"<p>D\u00e9couvrez notre gamme compl\u00e8te de solutions pour les d\u00e9taillants de toutes tailles, y compris les \u00e9piceries, les magasins de d\u00e9tail, les magasins de proximit\u00e9, les magasins de vins et spiritueux, et bien plus encore. <\/p>","protected":false},"author":1,"featured_media":0,"parent":0,"menu_order":10,"comment_status":"closed","ping_status":"closed","template":"","meta":{"_acf_changed":true,"footnotes":""},"class_list":["post-587","page","type-page","status-publish","hentry"],"acf":[],"yoast_head":"<!-- This site is optimized with the Yoast SEO plugin v27.4 - https:\/\/yoast.com\/product\/yoast-seo-wordpress\/ -->\n<title>Proven Retail Technology Solutions | Ravyx<\/title>\n<meta name=\"description\" content=\"Explore Ravyx\u2019s retail technology solutions for grocery stores, general retail, convenience stores, liquor stores, beer and wine outlets, and more.\" \/>\n<meta name=\"robots\" content=\"index, follow, max-snippet:-1, max-image-preview:large, max-video-preview:-1\" \/>\n<link rel=\"canonical\" href=\"https:\/\/ravyx.com\/fr_ca\/solutions\/\" \/>\n<meta property=\"og:locale\" content=\"fr_CA\" \/>\n<meta property=\"og:type\" content=\"article\" \/>\n<meta property=\"og:title\" content=\"Proven Retail Technology Solutions | Ravyx\" \/>\n<meta property=\"og:description\" content=\"Explore Ravyx\u2019s retail technology solutions for grocery stores, general retail, convenience stores, liquor stores, beer and wine outlets, and more.\" \/>\n<meta property=\"og:url\" content=\"https:\/\/ravyx.com\/fr_ca\/solutions\/\" \/>\n<meta property=\"og:site_name\" content=\"Ravyx\" \/>\n<meta property=\"article:publisher\" content=\"https:\/\/www.facebook.com\/stcrpos\" \/>\n<meta property=\"article:modified_time\" content=\"2025-06-18T14:56:19+00:00\" \/>\n<meta name=\"twitter:card\" content=\"summary_large_image\" \/>\n<meta name=\"twitter:site\" content=\"@stcrpos\" \/>\n<meta name=\"twitter:label1\" content=\"Est. reading time\" \/>\n\t<meta name=\"twitter:data1\" content=\"1 minute\" \/>\n<script type=\"application\/ld+json\" class=\"yoast-schema-graph\">{\"@context\":\"https:\\\/\\\/schema.org\",\"@graph\":[{\"@type\":\"WebPage\",\"@id\":\"https:\\\/\\\/ravyx.com\\\/solutions\\\/\",\"url\":\"https:\\\/\\\/ravyx.com\\\/solutions\\\/\",\"name\":\"Proven Retail Technology Solutions | Ravyx\",\"isPartOf\":{\"@id\":\"https:\\\/\\\/ravyx.com\\\/#website\"},\"datePublished\":\"2023-09-28T15:38:07+00:00\",\"dateModified\":\"2025-06-18T14:56:19+00:00\",\"description\":\"Explore Ravyx\u2019s retail technology solutions for grocery stores, general retail, convenience stores, liquor stores, beer and wine outlets, and more.\",\"breadcrumb\":{\"@id\":\"https:\\\/\\\/ravyx.com\\\/solutions\\\/#breadcrumb\"},\"inLanguage\":\"fr-CA\",\"potentialAction\":[{\"@type\":\"ReadAction\",\"target\":[\"https:\\\/\\\/ravyx.com\\\/solutions\\\/\"]}]},{\"@type\":\"BreadcrumbList\",\"@id\":\"https:\\\/\\\/ravyx.com\\\/solutions\\\/#breadcrumb\",\"itemListElement\":[{\"@type\":\"ListItem\",\"position\":1,\"name\":\"Home\",\"item\":\"https:\\\/\\\/ravyx.com\\\/\"},{\"@type\":\"ListItem\",\"position\":2,\"name\":\"Solutions\"}]},{\"@type\":\"WebSite\",\"@id\":\"https:\\\/\\\/ravyx.com\\\/#website\",\"url\":\"https:\\\/\\\/ravyx.com\\\/\",\"name\":\"Ravyx\",\"description\":\"Grocery retail technologies\",\"publisher\":{\"@id\":\"https:\\\/\\\/ravyx.com\\\/#organization\"},\"potentialAction\":[{\"@type\":\"SearchAction\",\"target\":{\"@type\":\"EntryPoint\",\"urlTemplate\":\"https:\\\/\\\/ravyx.com\\\/?s={search_term_string}\"},\"query-input\":{\"@type\":\"PropertyValueSpecification\",\"valueRequired\":true,\"valueName\":\"search_term_string\"}}],\"inLanguage\":\"fr-CA\"},{\"@type\":\"Organization\",\"@id\":\"https:\\\/\\\/ravyx.com\\\/#organization\",\"name\":\"Ravyx\",\"url\":\"https:\\\/\\\/ravyx.com\\\/\",\"logo\":{\"@type\":\"ImageObject\",\"inLanguage\":\"fr-CA\",\"@id\":\"https:\\\/\\\/ravyx.com\\\/#\\\/schema\\\/logo\\\/image\\\/\",\"url\":\"https:\\\/\\\/ravyx.com\\\/wp-content\\\/uploads\\\/2023\\\/09\\\/generic-brand-1.jpg\",\"contentUrl\":\"https:\\\/\\\/ravyx.com\\\/wp-content\\\/uploads\\\/2023\\\/09\\\/generic-brand-1.jpg\",\"width\":1200,\"height\":1200,\"caption\":\"Ravyx\"},\"image\":{\"@id\":\"https:\\\/\\\/ravyx.com\\\/#\\\/schema\\\/logo\\\/image\\\/\"},\"sameAs\":[\"https:\\\/\\\/www.facebook.com\\\/stcrpos\",\"https:\\\/\\\/x.com\\\/stcrpos\",\"https:\\\/\\\/www.linkedin.com\\\/company\\\/stcr\\\/\",\"https:\\\/\\\/www.youtube.com\\\/channel\\\/UCSWcsJARYjaQnz0T5o4p9DQ\"]}]}<\/script>\n<!-- \/ Yoast SEO plugin. -->","yoast_head_json":{"title":"Solutions technologiques \u00e9prouv\u00e9es pour le commerce de d\u00e9tail | Ravyx","description":"D\u00e9couvrez les solutions technologiques de Ravyx pour les magasins d'alimentation, les magasins de d\u00e9tail, les magasins de proximit\u00e9, les magasins d'alcool, les points de vente de bi\u00e8re et de vin, et bien plus encore.","robots":{"index":"index","follow":"follow","max-snippet":"max-snippet:-1","max-image-preview":"max-image-preview:large","max-video-preview":"max-video-preview:-1"},"canonical":"https:\/\/ravyx.com\/fr_ca\/solutions\/","og_locale":"fr_CA","og_type":"article","og_title":"Proven Retail Technology Solutions | Ravyx","og_description":"Explore Ravyx\u2019s retail technology solutions for grocery stores, general retail, convenience stores, liquor stores, beer and wine outlets, and more.","og_url":"https:\/\/ravyx.com\/fr_ca\/solutions\/","og_site_name":"Ravyx","article_publisher":"https:\/\/www.facebook.com\/stcrpos","article_modified_time":"2025-06-18T14:56:19+00:00","twitter_card":"summary_large_image","twitter_site":"@stcrpos","twitter_misc":{"Est. reading time":"1 minute"},"schema":{"@context":"https:\/\/schema.org","@graph":[{"@type":"WebPage","@id":"https:\/\/ravyx.com\/solutions\/","url":"https:\/\/ravyx.com\/solutions\/","name":"Solutions technologiques \u00e9prouv\u00e9es pour le commerce de d\u00e9tail | Ravyx","isPartOf":{"@id":"https:\/\/ravyx.com\/#website"},"datePublished":"2023-09-28T15:38:07+00:00","dateModified":"2025-06-18T14:56:19+00:00","description":"D\u00e9couvrez les solutions technologiques de Ravyx pour les magasins d'alimentation, les magasins de d\u00e9tail, les magasins de proximit\u00e9, les magasins d'alcool, les points de vente de bi\u00e8re et de vin, et bien plus encore.","breadcrumb":{"@id":"https:\/\/ravyx.com\/solutions\/#breadcrumb"},"inLanguage":"fr-CA","potentialAction":[{"@type":"ReadAction","target":["https:\/\/ravyx.com\/solutions\/"]}]},{"@type":"BreadcrumbList","@id":"https:\/\/ravyx.com\/solutions\/#breadcrumb","itemListElement":[{"@type":"ListItem","position":1,"name":"Home","item":"https:\/\/ravyx.com\/"},{"@type":"ListItem","position":2,"name":"Solutions"}]},{"@type":"WebSite","@id":"https:\/\/ravyx.com\/#website","url":"https:\/\/ravyx.com\/","name":"Ravyx","description":"Technologies pour la vente au d\u00e9tail de produits d'\u00e9picerie","publisher":{"@id":"https:\/\/ravyx.com\/#organization"},"potentialAction":[{"@type":"SearchAction","target":{"@type":"EntryPoint","urlTemplate":"https:\/\/ravyx.com\/?s={search_term_string}"},"query-input":{"@type":"PropertyValueSpecification","valueRequired":true,"valueName":"search_term_string"}}],"inLanguage":"fr-CA"},{"@type":"Organization","@id":"https:\/\/ravyx.com\/#organization","name":"Ravyx","url":"https:\/\/ravyx.com\/","logo":{"@type":"ImageObject","inLanguage":"fr-CA","@id":"https:\/\/ravyx.com\/#\/schema\/logo\/image\/","url":"https:\/\/ravyx.com\/wp-content\/uploads\/2023\/09\/generic-brand-1.jpg","contentUrl":"https:\/\/ravyx.com\/wp-content\/uploads\/2023\/09\/generic-brand-1.jpg","width":1200,"height":1200,"caption":"Ravyx"},"image":{"@id":"https:\/\/ravyx.com\/#\/schema\/logo\/image\/"},"sameAs":["https:\/\/www.facebook.com\/stcrpos","https:\/\/x.com\/stcrpos","https:\/\/www.linkedin.com\/company\/stcr\/","https:\/\/www.youtube.com\/channel\/UCSWcsJARYjaQnz0T5o4p9DQ"]}]}},"_links":{"self":[{"href":"https:\/\/ravyx.com\/fr_ca\/wp-json\/wp\/v2\/pages\/587","targetHints":{"allow":["GET"]}}],"collection":[{"href":"https:\/\/ravyx.com\/fr_ca\/wp-json\/wp\/v2\/pages"}],"about":[{"href":"https:\/\/ravyx.com\/fr_ca\/wp-json\/wp\/v2\/types\/page"}],"author":[{"embeddable":true,"href":"https:\/\/ravyx.com\/fr_ca\/wp-json\/wp\/v2\/users\/1"}],"replies":[{"embeddable":true,"href":"https:\/\/ravyx.com\/fr_ca\/wp-json\/wp\/v2\/comments?post=587"}],"version-history":[{"count":0,"href":"https:\/\/ravyx.com\/fr_ca\/wp-json\/wp\/v2\/pages\/587\/revisions"}],"wp:attachment":[{"href":"https:\/\/ravyx.com\/fr_ca\/wp-json\/wp\/v2\/media?parent=587"}],"curies":[{"name":"wp","href":"https:\/\/api.w.org\/{rel}","templated":true}]}}