{"id":585,"date":"2023-09-28T15:37:08","date_gmt":"2023-09-28T15:37:57","guid":{"rendered":"http:\/\/stcr.test\/self-checkout\/"},"modified":"2025-06-18T13:12:20","modified_gmt":"2025-06-18T17:12:20","slug":"self-checkout","status":"publish","type":"page","link":"https:\/\/ravyx.com\/fr_ca\/solutions\/select-products\/self-checkout\/","title":{"rendered":"Caisse libre-service"},"content":{"rendered":"<div class=\"wp-block-columns is-layout-flex wp-container-core-columns-is-layout-9d6595d7 wp-block-columns-is-layout-flex\">\n<div class=\"wp-block-column is-layout-flow wp-block-column-is-layout-flow\"><\/div>\n\n\n\n<div class=\"wp-block-column is-layout-flow wp-block-column-is-layout-flow\" style=\"flex-basis:80%\">\n<p class=\"has-text-align-center has-huge-font-size\">C'est pourquoi Ravyx se sp\u00e9cialise dans l'offre d'une vari\u00e9t\u00e9 d'options de caisses libre-service pour les \u00e9piceries afin de maximiser l'exp\u00e9rience clients.<\/p>\n<\/div>\n\n\n\n<div class=\"wp-block-column is-layout-flow wp-block-column-is-layout-flow\"><\/div>\n<\/div>\n\n\n\n<div class=\"wp-block-columns is-layout-flex wp-container-core-columns-is-layout-9d6595d7 wp-block-columns-is-layout-flex\">\n<div class=\"wp-block-column order-2 is-layout-flow wp-block-column-is-layout-flow\">\n<h2 class=\"wp-block-heading\">Avantages des caisses libre-service Toshiba :<\/h2>\n\n\n\n<ul class=\"wp-block-list stylized-list\">\n<li class=\"stylized-list\">Un processus de passage en caisse plus rapide<\/li>\n\n\n\n<li>Lib\u00e8re un espace de vente pr\u00e9cieux<\/li>\n\n\n\n<li>Possibilit\u00e9 d'offrir des options de paiement en esp\u00e8ces et sans esp\u00e8ces<\/li>\n\n\n\n<li>Am\u00e9liore la gestion des liquidit\u00e9s et offre une v\u00e9ritable protection des investissements<\/li>\n\n\n\n<li>Logiciel flexible pour une reconfiguration facile et des fonctionnalit\u00e9s \u00e9tendues<\/li>\n\n\n\n<li>Conception ergonomique ax\u00e9e sur le consommateur et interface utilisateur tr\u00e8s intuitive<\/li>\n\n\n\n<li>Plate-forme unique et modulaire avec des unit\u00e9s de scannage, de paiement et de mise en sac s\u00e9par\u00e9es - y compris des modules 1 sac, 2 sacs, 3 sacs et carrousel.<\/li>\n\n\n\n<li>Conception modulaire et moderne avec trois facteurs de forme, offrant des options de flexibilit\u00e9 et de personnalisation<\/li>\n\n\n\n<li>Permet de contr\u00f4ler et de g\u00e9rer les donn\u00e9es op\u00e9rationnelles des caisses \u00e0 partir d'une application mobile<\/li>\n\n\n\n<li>Permet d'optimiser le rendement et de r\u00e9duire les interventions en interpr\u00e9tant le comportement des acheteurs et en corrigeant les erreurs courantes.<\/li>\n\n\n\n<li>Les caract\u00e9ristiques d'accompagnement client comprennent l'\u00e9clairage par LED, les indicateurs audio, scan \u00e0 la mise en sac et les options de mode d'accessibilit\u00e9 pour faciliter l'utilisation.<\/li>\n\n\n\n<li>Le reporting d'entreprise centralis\u00e9s et la surveillance \u00e0 distance permettent de g\u00e9rer intuitivement les caisses libre-service.<\/li>\n<\/ul>\n<\/div>\n\n\n\n<div class=\"wp-block-column is-vertically-aligned-center order-1 is-layout-flow wp-block-column-is-layout-flow\">\n<figure class=\"wp-block-image size-full\"><img loading=\"lazy\" decoding=\"async\" width=\"681\" height=\"461\" src=\"https:\/\/ravyx.com\/wp-content\/uploads\/2023\/10\/self-checkout.jpg\" alt=\"\" class=\"wp-image-997\" style=\"object-fit:cover\" srcset=\"https:\/\/ravyx.com\/wp-content\/uploads\/2023\/10\/self-checkout.jpg 681w, https:\/\/ravyx.com\/wp-content\/uploads\/2023\/10\/self-checkout-300x203.jpg 300w\" sizes=\"auto, (max-width: 681px) 100vw, 681px\" \/><\/figure>\n<\/div>\n<\/div>\n\n\n\n<h2 class=\"wp-block-heading has-text-align-center\">En apprendre plus sur nos solutions :<\/h2>\n\n\n\n<section class=\"block-related wpx-custom-block\" id=\"acf-related-pages8328\">\n\n\t\t\n\t<div class=\"related-inner\">\n\n\t\t\n\t\t\t<article class=\"related-page\">\n\t\t\t\t<a href=\"https:\/\/ravyx.com\/fr_ca\/2-ways-self-checkout-technology-advancing\/\">\n\t\t\t\t\t<div class=\"related-page-thumb\">\n\t\t\t\t\t\t\t\t\t\t\t\t<img decoding=\"async\" src=\"https:\/\/ravyx.com\/wp-content\/uploads\/2023\/10\/2-Ways-Self-Checkout-Technology-is-Advancing-1-880x636.jpeg\" alt=\"\" srcset=\"\" sizes=\"(max-width: 880px) 100vw, 880px\">\n\t\t\t\t\t<\/div>\n\t\t\t\t\t<div class=\"related-page-header\">\n\t\t\t\t\t\t<h1 class=\"related-page-title\">Deux fa\u00e7ons dont la technologie des caisses libre-service progresse<\/h1>\n\t\t\t\t\t<\/div>\n\t\t\t\t<\/a>\n\t\t\t<\/article>\n\n\t\t\t\n\t\t\n\t\t\t<article class=\"related-page\">\n\t\t\t\t<a href=\"https:\/\/ravyx.com\/fr_ca\/self-checkout-deployment-and-use-continue-grow-substantially\/\">\n\t\t\t\t\t<div class=\"related-page-thumb\">\n\t\t\t\t\t\t\t\t\t\t\t\t<img decoding=\"async\" src=\"https:\/\/ravyx.com\/wp-content\/uploads\/2023\/09\/generic-blog-img-880x601.jpg\" alt=\"\" srcset=\"\" sizes=\"(max-width: 880px) 100vw, 880px\">\n\t\t\t\t\t<\/div>\n\t\t\t\t\t<div class=\"related-page-header\">\n\t\t\t\t\t\t<h1 class=\"related-page-title\">Le d\u00e9ploiement et l'utilisation des caisses libre-service devraient continuer \u00e0 cro\u00eetre de mani\u00e8re substantielle<\/h1>\n\t\t\t\t\t<\/div>\n\t\t\t\t<\/a>\n\t\t\t<\/article>\n\n\t\t\t\n\t\t\n\t\t\t<article class=\"related-page\">\n\t\t\t\t<a href=\"https:\/\/ravyx.com\/fr_ca\/self-checkout-future-person-shopping\/\">\n\t\t\t\t\t<div class=\"related-page-thumb\">\n\t\t\t\t\t\t\t\t\t\t\t\t<img decoding=\"async\" src=\"https:\/\/ravyx.com\/wp-content\/uploads\/2023\/10\/Is-Self-Checkout-The-Future-of-In-Person-Shopping_-880x636.jpeg\" alt=\"\" srcset=\"\" sizes=\"(max-width: 880px) 100vw, 880px\">\n\t\t\t\t\t<\/div>\n\t\t\t\t\t<div class=\"related-page-header\">\n\t\t\t\t\t\t<h1 class=\"related-page-title\">La caisse libre-service est-elle l'avenir des achats en magasin?<\/h1>\n\t\t\t\t\t<\/div>\n\t\t\t\t<\/a>\n\t\t\t<\/article>\n\n\t\t\t\n\t\t\n\t<\/div>\n\n<\/section>","protected":false},"excerpt":{"rendered":"<p>Today\u2019s consumers expect a seamless checkout experience, which is why Ravyx specializes in offering a variety of grocery self-checkout options to help maximize your front-end experience. Benefits of Toshiba Self Checkout: Learn More About Our Solutions:<\/p>","protected":false},"author":1,"featured_media":2004,"parent":668,"menu_order":5,"comment_status":"closed","ping_status":"closed","template":"","meta":{"_acf_changed":true,"footnotes":""},"class_list":["post-585","page","type-page","status-publish","has-post-thumbnail","hentry"],"acf":[],"yoast_head":"<!-- This site is optimized with the Yoast SEO plugin v27.5 - https:\/\/yoast.com\/product\/yoast-seo-wordpress\/ -->\n<title>Grocery Self-Checkout | Kiosks, Machines, Software &amp; More<\/title>\n<meta name=\"description\" content=\"A grocery self-checkout machine can help you speed up the checkout process, optimize floors space and improve cash management.\" \/>\n<meta name=\"robots\" content=\"index, follow, max-snippet:-1, max-image-preview:large, max-video-preview:-1\" \/>\n<link rel=\"canonical\" href=\"https:\/\/ravyx.com\/fr_ca\/solutions\/select-products\/self-checkout\/\" \/>\n<meta property=\"og:locale\" content=\"fr_CA\" \/>\n<meta property=\"og:type\" content=\"article\" \/>\n<meta property=\"og:title\" content=\"Grocery Self-Checkout | Kiosks, Machines, Software &amp; More\" \/>\n<meta property=\"og:description\" content=\"A grocery self-checkout machine can help you speed up the checkout process, optimize floors space and improve cash management.\" \/>\n<meta property=\"og:url\" content=\"https:\/\/ravyx.com\/fr_ca\/solutions\/select-products\/self-checkout\/\" \/>\n<meta property=\"og:site_name\" content=\"Ravyx\" \/>\n<meta property=\"article:publisher\" content=\"https:\/\/www.facebook.com\/stcrpos\" \/>\n<meta property=\"article:modified_time\" content=\"2025-06-18T17:12:20+00:00\" \/>\n<meta property=\"og:image\" content=\"https:\/\/ravyx.com\/wp-content\/uploads\/2023\/10\/self-checkout-billboard-2.jpg\" \/>\n\t<meta property=\"og:image:width\" content=\"1600\" \/>\n\t<meta property=\"og:image:height\" content=\"500\" \/>\n\t<meta property=\"og:image:type\" content=\"image\/jpeg\" \/>\n<meta name=\"twitter:card\" content=\"summary_large_image\" \/>\n<meta name=\"twitter:site\" content=\"@stcrpos\" \/>\n<meta name=\"twitter:label1\" content=\"Est. reading time\" \/>\n\t<meta name=\"twitter:data1\" content=\"2 minutes\" \/>\n<script type=\"application\/ld+json\" class=\"yoast-schema-graph\">{\"@context\":\"https:\\\/\\\/schema.org\",\"@graph\":[{\"@type\":\"WebPage\",\"@id\":\"https:\\\/\\\/ravyx.com\\\/solutions\\\/select-products\\\/self-checkout\\\/\",\"url\":\"https:\\\/\\\/ravyx.com\\\/solutions\\\/select-products\\\/self-checkout\\\/\",\"name\":\"Grocery Self-Checkout | Kiosks, Machines, Software & More\",\"isPartOf\":{\"@id\":\"https:\\\/\\\/ravyx.com\\\/#website\"},\"primaryImageOfPage\":{\"@id\":\"https:\\\/\\\/ravyx.com\\\/solutions\\\/select-products\\\/self-checkout\\\/#primaryimage\"},\"image\":{\"@id\":\"https:\\\/\\\/ravyx.com\\\/solutions\\\/select-products\\\/self-checkout\\\/#primaryimage\"},\"thumbnailUrl\":\"https:\\\/\\\/ravyx.com\\\/wp-content\\\/uploads\\\/2023\\\/10\\\/self-checkout-billboard-2.jpg\",\"datePublished\":\"2023-09-28T15:37:57+00:00\",\"dateModified\":\"2025-06-18T17:12:20+00:00\",\"description\":\"A grocery self-checkout machine can help you speed up the checkout process, optimize floors space and improve cash management.\",\"breadcrumb\":{\"@id\":\"https:\\\/\\\/ravyx.com\\\/solutions\\\/select-products\\\/self-checkout\\\/#breadcrumb\"},\"inLanguage\":\"fr-CA\",\"potentialAction\":[{\"@type\":\"ReadAction\",\"target\":[\"https:\\\/\\\/ravyx.com\\\/solutions\\\/select-products\\\/self-checkout\\\/\"]}]},{\"@type\":\"ImageObject\",\"inLanguage\":\"fr-CA\",\"@id\":\"https:\\\/\\\/ravyx.com\\\/solutions\\\/select-products\\\/self-checkout\\\/#primaryimage\",\"url\":\"https:\\\/\\\/ravyx.com\\\/wp-content\\\/uploads\\\/2023\\\/10\\\/self-checkout-billboard-2.jpg\",\"contentUrl\":\"https:\\\/\\\/ravyx.com\\\/wp-content\\\/uploads\\\/2023\\\/10\\\/self-checkout-billboard-2.jpg\",\"width\":1600,\"height\":500},{\"@type\":\"BreadcrumbList\",\"@id\":\"https:\\\/\\\/ravyx.com\\\/solutions\\\/select-products\\\/self-checkout\\\/#breadcrumb\",\"itemListElement\":[{\"@type\":\"ListItem\",\"position\":1,\"name\":\"Home\",\"item\":\"https:\\\/\\\/ravyx.com\\\/\"},{\"@type\":\"ListItem\",\"position\":2,\"name\":\"Solutions\",\"item\":\"https:\\\/\\\/ravyx.com\\\/solutions\\\/\"},{\"@type\":\"ListItem\",\"position\":3,\"name\":\"Select Products\",\"item\":\"https:\\\/\\\/ravyx.com\\\/solutions\\\/select-products\\\/\"},{\"@type\":\"ListItem\",\"position\":4,\"name\":\"Self Checkout\"}]},{\"@type\":\"WebSite\",\"@id\":\"https:\\\/\\\/ravyx.com\\\/#website\",\"url\":\"https:\\\/\\\/ravyx.com\\\/\",\"name\":\"Ravyx\",\"description\":\"Proven Grocery Technologies\",\"publisher\":{\"@id\":\"https:\\\/\\\/ravyx.com\\\/#organization\"},\"potentialAction\":[{\"@type\":\"SearchAction\",\"target\":{\"@type\":\"EntryPoint\",\"urlTemplate\":\"https:\\\/\\\/ravyx.com\\\/?s={search_term_string}\"},\"query-input\":{\"@type\":\"PropertyValueSpecification\",\"valueRequired\":true,\"valueName\":\"search_term_string\"}}],\"inLanguage\":\"fr-CA\"},{\"@type\":\"Organization\",\"@id\":\"https:\\\/\\\/ravyx.com\\\/#organization\",\"name\":\"Ravyx\",\"url\":\"https:\\\/\\\/ravyx.com\\\/\",\"logo\":{\"@type\":\"ImageObject\",\"inLanguage\":\"fr-CA\",\"@id\":\"https:\\\/\\\/ravyx.com\\\/#\\\/schema\\\/logo\\\/image\\\/\",\"url\":\"https:\\\/\\\/ravyx.com\\\/wp-content\\\/uploads\\\/2023\\\/09\\\/generic-brand-1.jpg\",\"contentUrl\":\"https:\\\/\\\/ravyx.com\\\/wp-content\\\/uploads\\\/2023\\\/09\\\/generic-brand-1.jpg\",\"width\":1200,\"height\":1200,\"caption\":\"Ravyx\"},\"image\":{\"@id\":\"https:\\\/\\\/ravyx.com\\\/#\\\/schema\\\/logo\\\/image\\\/\"},\"sameAs\":[\"https:\\\/\\\/www.facebook.com\\\/stcrpos\",\"https:\\\/\\\/x.com\\\/stcrpos\",\"https:\\\/\\\/www.linkedin.com\\\/company\\\/stcr\\\/\",\"https:\\\/\\\/www.youtube.com\\\/channel\\\/UCSWcsJARYjaQnz0T5o4p9DQ\"]}]}<\/script>\n<!-- \/ Yoast SEO plugin. -->","yoast_head_json":{"title":"Grocery Self-Checkout | Kiosks, Machines, Software & More","description":"A grocery self-checkout machine can help you speed up the checkout process, optimize floors space and improve cash management.","robots":{"index":"index","follow":"follow","max-snippet":"max-snippet:-1","max-image-preview":"max-image-preview:large","max-video-preview":"max-video-preview:-1"},"canonical":"https:\/\/ravyx.com\/fr_ca\/solutions\/select-products\/self-checkout\/","og_locale":"fr_CA","og_type":"article","og_title":"Grocery Self-Checkout | Kiosks, Machines, Software & More","og_description":"A grocery self-checkout machine can help you speed up the checkout process, optimize floors space and improve cash management.","og_url":"https:\/\/ravyx.com\/fr_ca\/solutions\/select-products\/self-checkout\/","og_site_name":"Ravyx","article_publisher":"https:\/\/www.facebook.com\/stcrpos","article_modified_time":"2025-06-18T17:12:20+00:00","og_image":[{"width":1600,"height":500,"url":"https:\/\/ravyx.com\/wp-content\/uploads\/2023\/10\/self-checkout-billboard-2.jpg","type":"image\/jpeg"}],"twitter_card":"summary_large_image","twitter_site":"@stcrpos","twitter_misc":{"Est. reading time":"2 minutes"},"schema":{"@context":"https:\/\/schema.org","@graph":[{"@type":"WebPage","@id":"https:\/\/ravyx.com\/solutions\/select-products\/self-checkout\/","url":"https:\/\/ravyx.com\/solutions\/select-products\/self-checkout\/","name":"Grocery Self-Checkout | Kiosks, Machines, Software & More","isPartOf":{"@id":"https:\/\/ravyx.com\/#website"},"primaryImageOfPage":{"@id":"https:\/\/ravyx.com\/solutions\/select-products\/self-checkout\/#primaryimage"},"image":{"@id":"https:\/\/ravyx.com\/solutions\/select-products\/self-checkout\/#primaryimage"},"thumbnailUrl":"https:\/\/ravyx.com\/wp-content\/uploads\/2023\/10\/self-checkout-billboard-2.jpg","datePublished":"2023-09-28T15:37:57+00:00","dateModified":"2025-06-18T17:12:20+00:00","description":"A grocery self-checkout machine can help you speed up the checkout process, optimize floors space and improve cash management.","breadcrumb":{"@id":"https:\/\/ravyx.com\/solutions\/select-products\/self-checkout\/#breadcrumb"},"inLanguage":"fr-CA","potentialAction":[{"@type":"ReadAction","target":["https:\/\/ravyx.com\/solutions\/select-products\/self-checkout\/"]}]},{"@type":"ImageObject","inLanguage":"fr-CA","@id":"https:\/\/ravyx.com\/solutions\/select-products\/self-checkout\/#primaryimage","url":"https:\/\/ravyx.com\/wp-content\/uploads\/2023\/10\/self-checkout-billboard-2.jpg","contentUrl":"https:\/\/ravyx.com\/wp-content\/uploads\/2023\/10\/self-checkout-billboard-2.jpg","width":1600,"height":500},{"@type":"BreadcrumbList","@id":"https:\/\/ravyx.com\/solutions\/select-products\/self-checkout\/#breadcrumb","itemListElement":[{"@type":"ListItem","position":1,"name":"Home","item":"https:\/\/ravyx.com\/"},{"@type":"ListItem","position":2,"name":"Solutions","item":"https:\/\/ravyx.com\/solutions\/"},{"@type":"ListItem","position":3,"name":"Select Products","item":"https:\/\/ravyx.com\/solutions\/select-products\/"},{"@type":"ListItem","position":4,"name":"Self Checkout"}]},{"@type":"WebSite","@id":"https:\/\/ravyx.com\/#website","url":"https:\/\/ravyx.com\/","name":"Ravyx","description":"Proven Grocery Technologies","publisher":{"@id":"https:\/\/ravyx.com\/#organization"},"potentialAction":[{"@type":"SearchAction","target":{"@type":"EntryPoint","urlTemplate":"https:\/\/ravyx.com\/?s={search_term_string}"},"query-input":{"@type":"PropertyValueSpecification","valueRequired":true,"valueName":"search_term_string"}}],"inLanguage":"fr-CA"},{"@type":"Organization","@id":"https:\/\/ravyx.com\/#organization","name":"Ravyx","url":"https:\/\/ravyx.com\/","logo":{"@type":"ImageObject","inLanguage":"fr-CA","@id":"https:\/\/ravyx.com\/#\/schema\/logo\/image\/","url":"https:\/\/ravyx.com\/wp-content\/uploads\/2023\/09\/generic-brand-1.jpg","contentUrl":"https:\/\/ravyx.com\/wp-content\/uploads\/2023\/09\/generic-brand-1.jpg","width":1200,"height":1200,"caption":"Ravyx"},"image":{"@id":"https:\/\/ravyx.com\/#\/schema\/logo\/image\/"},"sameAs":["https:\/\/www.facebook.com\/stcrpos","https:\/\/x.com\/stcrpos","https:\/\/www.linkedin.com\/company\/stcr\/","https:\/\/www.youtube.com\/channel\/UCSWcsJARYjaQnz0T5o4p9DQ"]}]}},"_links":{"self":[{"href":"https:\/\/ravyx.com\/fr_ca\/wp-json\/wp\/v2\/pages\/585","targetHints":{"allow":["GET"]}}],"collection":[{"href":"https:\/\/ravyx.com\/fr_ca\/wp-json\/wp\/v2\/pages"}],"about":[{"href":"https:\/\/ravyx.com\/fr_ca\/wp-json\/wp\/v2\/types\/page"}],"author":[{"embeddable":true,"href":"https:\/\/ravyx.com\/fr_ca\/wp-json\/wp\/v2\/users\/1"}],"replies":[{"embeddable":true,"href":"https:\/\/ravyx.com\/fr_ca\/wp-json\/wp\/v2\/comments?post=585"}],"version-history":[{"count":0,"href":"https:\/\/ravyx.com\/fr_ca\/wp-json\/wp\/v2\/pages\/585\/revisions"}],"up":[{"embeddable":true,"href":"https:\/\/ravyx.com\/fr_ca\/wp-json\/wp\/v2\/pages\/668"}],"wp:featuredmedia":[{"embeddable":true,"href":"https:\/\/ravyx.com\/fr_ca\/wp-json\/wp\/v2\/media\/2004"}],"wp:attachment":[{"href":"https:\/\/ravyx.com\/fr_ca\/wp-json\/wp\/v2\/media?parent=585"}],"curies":[{"name":"wp","href":"https:\/\/api.w.org\/{rel}","templated":true}]}}