{"id":4250,"date":"2026-04-08T14:49:31","date_gmt":"2026-04-08T18:49:31","guid":{"rendered":"https:\/\/ravyx.com\/?page_id=4250"},"modified":"2026-04-08T14:53:42","modified_gmt":"2026-04-08T18:53:42","slug":"sttor","status":"publish","type":"page","link":"https:\/\/ravyx.com\/fr_ca\/solutions\/select-products\/pos-applications\/sttor\/","title":{"rendered":"STTOR"},"content":{"rendered":"<div class=\"wp-block-columns is-layout-flex wp-container-core-columns-is-layout-9d6595d7 wp-block-columns-is-layout-flex\">\n<div class=\"wp-block-column is-layout-flow wp-block-column-is-layout-flow\">\n<h2 class=\"wp-block-heading\">Qu'est-ce que STTOR POS ?<\/h2>\n\n\n\n<p>STTOR POS est une puissante solution de point de vente cloud con\u00e7ue sp\u00e9cifiquement pour les \u00e9piceries, les sup\u00e9rettes et les d\u00e9taillants sp\u00e9cialis\u00e9s. G\u00e9rez les stocks, les prix, les clients et les op\u00e9rations multi-sites, le tout depuis une plateforme intuitive.<\/p>\n\n\n\n<div class=\"wp-block-buttons is-content-justification-center is-layout-flex wp-container-core-buttons-is-layout-16018d1d wp-block-buttons-is-layout-flex\">\n<div class=\"wp-block-button\"><a class=\"wp-block-button__link has-text-align-center wp-element-button\" href=\"https:\/\/ravyx.com\/wp-content\/uploads\/2026\/04\/STTOR-One-Pager-FR.pdf\" target=\"_blank\" rel=\"noreferrer noopener\">Les bases de STTOR FR<\/a><\/div>\n\n\n\n<div class=\"wp-block-button\"><a class=\"wp-block-button__link has-text-align-center wp-element-button\" href=\"https:\/\/ravyx.com\/wp-content\/uploads\/2026\/04\/STTOR-One-Pager-EN.pdf\" target=\"_blank\" rel=\"noreferrer noopener\">Les bases de STTOR FR<\/a><\/div>\n<\/div>\n<\/div>\n\n\n\n<div class=\"wp-block-column is-layout-flow wp-block-column-is-layout-flow\">\n<figure class=\"wp-block-image size-full\"><img loading=\"lazy\" decoding=\"async\" width=\"500\" height=\"250\" src=\"https:\/\/ravyx.com\/wp-content\/uploads\/2026\/04\/Untitled-design-35.png\" alt=\"\" class=\"wp-image-4258\" srcset=\"https:\/\/ravyx.com\/wp-content\/uploads\/2026\/04\/Untitled-design-35.png 500w, https:\/\/ravyx.com\/wp-content\/uploads\/2026\/04\/Untitled-design-35-300x150.png 300w, https:\/\/ravyx.com\/wp-content\/uploads\/2026\/04\/Untitled-design-35-18x9.png 18w\" sizes=\"auto, (max-width: 500px) 100vw, 500px\" \/><\/figure>\n<\/div>\n<\/div>\n\n\n\n<div class=\"wp-block-columns is-layout-flex wp-container-core-columns-is-layout-9d6595d7 wp-block-columns-is-layout-flex\">\n<div class=\"wp-block-column is-layout-flow wp-block-column-is-layout-flow\">\n<div class=\"block-inline-cta wpx-custom-block\" id=\"acf-inline-cta7464\">\n\n\t<div class=\"inline-cta-inner\">\n\t\t\n\t\t<h3 class=\"inline-cta-title\">Un syst\u00e8me de point de vente plus intelligent pour les sup\u00e9rettes et \u00e9piceries<\/h3>\t\t<p>Les d\u00e9taillants d'aujourd'hui ont besoin de plus qu'une simple caisse. STTOR POS est un syst\u00e8me de point de vente complet pour les sup\u00e9rettes et les \u00e9piceries, r\u00e9unissant les ventes, la gestion des stocks, le reporting et l'engagement client au sein d'une plateforme unique et int\u00e9gr\u00e9e. Con\u00e7ue pour la flexibilit\u00e9 et la scalabilit\u00e9, cette solution de point de vente cloud aide les d\u00e9taillants \u00e0 fonctionner plus efficacement tout en s'adaptant aux attentes changeantes des clients et aux exigences de l'entreprise.<\/p>\n\t\t\n\t<\/div>\n\n<\/div><\/div>\n<\/div>\n\n\n\n<div class=\"wp-block-columns is-layout-flex wp-container-core-columns-is-layout-9d6595d7 wp-block-columns-is-layout-flex\">\n<div class=\"wp-block-column is-layout-flow wp-block-column-is-layout-flow\">\n<h2 class=\"wp-block-heading\"><strong>Pourquoi STTOR ?<\/strong><\/h2>\n\n\n\n<p>Pourquoi les d\u00e9taillants choisissent STTOR POS<\/p>\n\n\n\n<ul class=\"wp-block-list\">\n<li><strong>Syst\u00e8me Tout-en-Un de Point de Vente<\/strong><br>G\u00e9rez les ventes, les stocks, les promotions et les donn\u00e9es clients en un seul endroit.<\/li>\n\n\n\n<li><strong>Flexibilit\u00e9 du POS Cloud<\/strong><br>Acc\u00e9dez \u00e0 votre syst\u00e8me \u00e0 tout moment et en tout lieu gr\u00e2ce \u00e0 une plateforme de point de vente enti\u00e8rement bas\u00e9e sur le cloud.<\/li>\n\n\n\n<li><strong>Con\u00e7u pour l'\u00e9picerie et la commodit\u00e9<\/strong><br>Con\u00e7u sp\u00e9cifiquement comme un <strong>Syst\u00e8me de point de vente pour sup\u00e9rettes et \u00e9piceries<\/strong>.<\/li>\n\n\n\n<li><strong>Pr\u00eat pour plusieurs sites<\/strong><br>G\u00e9rez facilement plusieurs magasins \u00e0 partir d'un seul syst\u00e8me.<\/li>\n\n\n\n<li><strong>Visibilit\u00e9 en temps r\u00e9el<\/strong><br>Prenez de meilleures d\u00e9cisions gr\u00e2ce \u00e0 des informations \u00e0 jour sur l'ensemble de votre entreprise.<\/li>\n\n\n\n<li><strong>Facile \u00e0 utiliser<\/strong><br>R\u00e9duisez le temps d'entra\u00eenement avec une interface simple et intuitive.<\/li>\n<\/ul>\n<\/div>\n\n\n\n<div class=\"wp-block-column is-layout-flow wp-block-column-is-layout-flow\">\n<iframe loading=\"lazy\" src=\"https:\/\/info.sirsolutions.com\/l\/797653\/2026-04-08\/66878i\" width=\"100%\" height=\"500\" type=\"text\/html\" frameborder=\"0\" allowtransparency=\"true\" style=\"border: 0\"><\/iframe>\n<\/div>\n<\/div>\n\n\n\n<div class=\"wp-block-columns is-layout-flex wp-container-core-columns-is-layout-9d6595d7 wp-block-columns-is-layout-flex\">\n<div class=\"wp-block-column is-layout-flow wp-block-column-is-layout-flow\">\n<h2 class=\"wp-block-heading has-text-align-center\">CAPACIT\u00c9S<\/h2>\n\n\n\n<p class=\"has-text-align-center\">Un syst\u00e8me de point de vente dans le cloud con\u00e7u pour g\u00e9rer votre magasin<\/p>\n\n\n\n<div class=\"wp-block-columns is-layout-flex wp-container-core-columns-is-layout-9d6595d7 wp-block-columns-is-layout-flex\">\n<div class=\"wp-block-column is-layout-flow wp-block-column-is-layout-flow\"><div class=\"wp-block-image\">\n<figure class=\"aligncenter size-full\"><img decoding=\"async\" src=\"https:\/\/ravyx.com\/wp-content\/uploads\/2026\/04\/inventory.png\" alt=\"\" class=\"wp-image-4251\"\/><\/figure>\n<\/div>\n\n\n<h3 class=\"wp-block-heading has-text-align-center\"><strong>Gestion des stocks<\/strong><\/h3>\n\n\n\n<p class=\"has-text-align-center\">Suivi des stocks en temps r\u00e9el, gestion des commandes et maintien d'un inventaire pr\u00e9cis dans tous les emplacements.<\/p>\n<\/div>\n\n\n\n<div class=\"wp-block-column is-layout-flow wp-block-column-is-layout-flow\"><div class=\"wp-block-image\">\n<figure class=\"aligncenter size-full\"><img decoding=\"async\" src=\"https:\/\/ravyx.com\/wp-content\/uploads\/2026\/04\/Discount.png\" alt=\"\" class=\"wp-image-4252\"\/><\/figure>\n<\/div>\n\n\n<h3 class=\"wp-block-heading has-text-align-center\">Prix et promotions<\/h3>\n\n\n\n<p class=\"has-text-align-center\">Cr\u00e9ez des strat\u00e9gies de prix flexibles et des promotions pour stimuler les ventes et am\u00e9liorer les marges.<\/p>\n<\/div>\n\n\n\n<div class=\"wp-block-column is-layout-flow wp-block-column-is-layout-flow\"><div class=\"wp-block-image\">\n<figure class=\"aligncenter size-full\"><img decoding=\"async\" src=\"https:\/\/ravyx.com\/wp-content\/uploads\/2026\/04\/Reporting.png\" alt=\"\" class=\"wp-image-4253\"\/><\/figure>\n<\/div>\n\n\n<h3 class=\"wp-block-heading has-text-align-center\">Rapports et Analyses<\/h3>\n\n\n\n<p class=\"has-text-align-center\">Utilisez les outils de reporting int\u00e9gr\u00e9s pour surveiller les performances et prendre des d\u00e9cisions commerciales \u00e9clair\u00e9es.<\/p>\n<\/div>\n<\/div>\n\n\n\n<div class=\"wp-block-columns is-layout-flex wp-container-core-columns-is-layout-9d6595d7 wp-block-columns-is-layout-flex\">\n<div class=\"wp-block-column is-layout-flow wp-block-column-is-layout-flow\"><div class=\"wp-block-image\">\n<figure class=\"aligncenter size-full\"><img decoding=\"async\" src=\"https:\/\/ravyx.com\/wp-content\/uploads\/2026\/04\/CRM.png\" alt=\"\" class=\"wp-image-4254\"\/><\/figure>\n<\/div>\n\n\n<h3 class=\"wp-block-heading has-text-align-center\">Gestion de la client\u00e8le<\/h3>\n\n\n\n<p class=\"has-text-align-center\">Cr\u00e9ez des profils clients, suivez leur comportement et supportez les programmes de fid\u00e9lit\u00e9 au sein de votre syst\u00e8me de point de vente.<\/p>\n<\/div>\n\n\n\n<div class=\"wp-block-column is-layout-flow wp-block-column-is-layout-flow\"><div class=\"wp-block-image\">\n<figure class=\"aligncenter size-full\"><img decoding=\"async\" src=\"https:\/\/ravyx.com\/wp-content\/uploads\/2026\/04\/Payment.png\" alt=\"\" class=\"wp-image-4255\"\/><\/figure>\n<\/div>\n\n\n<h3 class=\"wp-block-heading has-text-align-center\">Transactions<\/h3>\n\n\n\n<p class=\"has-text-align-center\">G\u00e9rez facilement plusieurs types de paiement et des transactions complexes.<\/p>\n<\/div>\n\n\n\n<div class=\"wp-block-column is-layout-flow wp-block-column-is-layout-flow\"><div class=\"wp-block-image\">\n<figure class=\"aligncenter size-full\"><img decoding=\"async\" src=\"https:\/\/ravyx.com\/wp-content\/uploads\/2026\/04\/ESL.png\" alt=\"\" class=\"wp-image-4256\"\/><\/figure>\n<\/div>\n\n\n<h3 class=\"wp-block-heading has-text-align-center\">Int\u00e9gration ESL<\/h3>\n\n\n\n<p class=\"has-text-align-center\">Assurez la pr\u00e9cision des prix et r\u00e9duisez les mises \u00e0 jour manuelles gr\u00e2ce \u00e0 l'int\u00e9gration des \u00e9tiquettes \u00e9lectroniques.<\/p>\n<\/div>\n<\/div>\n<\/div>\n<\/div>\n\n\n\n<div class=\"wp-block-columns is-layout-flex wp-container-core-columns-is-layout-9d6595d7 wp-block-columns-is-layout-flex\">\n<div class=\"wp-block-column is-layout-flow wp-block-column-is-layout-flow\">\n<h2 class=\"wp-block-heading\">Un syst\u00e8me de point de vente dans le cloud con\u00e7u pour les op\u00e9rations de vente au d\u00e9tail modernes<\/h2>\n\n\n\n<div class=\"wp-block-columns is-layout-flex wp-container-core-columns-is-layout-9d6595d7 wp-block-columns-is-layout-flex\">\n<div class=\"wp-block-column is-layout-flow wp-block-column-is-layout-flow\">\n<p>Le commerce de d\u00e9tail \u00e9volue rapidement et votre technologie doit suivre. STTOR POS est une solution de point de vente bas\u00e9e sur le cloud, con\u00e7ue pour offrir une visibilit\u00e9 en temps r\u00e9el, une flexibilit\u00e9 op\u00e9rationnelle et une exp\u00e9rience client fluide \u00e0 chaque point de contact.<\/p>\n\n\n\n<ul class=\"wp-block-list\">\n<li><strong>Synchronisation en temps r\u00e9el<\/strong><br>Maintenir la coh\u00e9rence des donn\u00e9es d'inventaire, de prix et de clients sur tous les syst\u00e8mes.<\/li>\n\n\n\n<li><strong>Interface personnalisable<\/strong><br>Adaptez le syst\u00e8me de point de vente \u00e0 vos flux de travail et aux besoins de votre magasin.<\/li>\n\n\n\n<li><strong>Tableau de bord r\u00e9actif<\/strong><br>Surveillez les performances des magasins avec des donn\u00e9es et des informations en temps r\u00e9el.<\/li>\n\n\n\n<li><strong>Fonctionnalit\u00e9s de pr\u00eat-\u00e0-porter<\/strong><br>Am\u00e9liorez l'efficacit\u00e9 et r\u00e9duisez la pression sur le personnel gr\u00e2ce aux options en libre-service.<\/li>\n<\/ul>\n<\/div>\n\n\n\n<div class=\"wp-block-column is-layout-flow wp-block-column-is-layout-flow\"><div class=\"wp-block-image\">\n<figure class=\"aligncenter size-large is-resized\"><img loading=\"lazy\" decoding=\"async\" width=\"1024\" height=\"1024\" src=\"https:\/\/ravyx.com\/wp-content\/uploads\/2026\/04\/Aisle-24-1024x1024.png\" alt=\"\" class=\"wp-image-4257\" style=\"width:326px;height:auto\" srcset=\"https:\/\/ravyx.com\/wp-content\/uploads\/2026\/04\/Aisle-24-1024x1024.png 1024w, https:\/\/ravyx.com\/wp-content\/uploads\/2026\/04\/Aisle-24-300x300.png 300w, https:\/\/ravyx.com\/wp-content\/uploads\/2026\/04\/Aisle-24-150x150.png 150w, https:\/\/ravyx.com\/wp-content\/uploads\/2026\/04\/Aisle-24-768x768.png 768w, https:\/\/ravyx.com\/wp-content\/uploads\/2026\/04\/Aisle-24-12x12.png 12w, https:\/\/ravyx.com\/wp-content\/uploads\/2026\/04\/Aisle-24.png 1081w\" sizes=\"auto, (max-width: 1024px) 100vw, 1024px\" \/><\/figure>\n<\/div><\/div>\n<\/div>\n<\/div>\n<\/div>","protected":false},"excerpt":{"rendered":"<p>What is STTOR POS? STTOR POS is a powerful cloud POS solution built specifically for grocery stores, convenience stores, and specialty retailers. Manage inventory, pricing, customers, and multi-location operations\u2014all from one intuitive platform. Why STTOR? Why Retailers Choose STTOR POS CAPABILITIES A Cloud POS Built to Run Your Store Inventory Management Track stock in real [&hellip;]<\/p>\n","protected":false},"author":13,"featured_media":0,"parent":1052,"menu_order":2,"comment_status":"closed","ping_status":"closed","template":"","meta":{"_acf_changed":false,"footnotes":""},"class_list":["post-4250","page","type-page","status-publish","hentry"],"acf":[],"yoast_head":"<!-- This site is optimized with the Yoast SEO plugin v27.5 - https:\/\/yoast.com\/product\/yoast-seo-wordpress\/ -->\n<title>STTOR, Cloud POS for Convenience and Grocery | Ravyx<\/title>\n<meta name=\"description\" content=\"Discover STTOR, a cloud POS system built for grocery and convenience. Manage inventory, customers, and multiple locations with ease.\" \/>\n<meta name=\"robots\" content=\"index, follow, max-snippet:-1, max-image-preview:large, max-video-preview:-1\" \/>\n<link rel=\"canonical\" href=\"https:\/\/ravyx.com\/fr_ca\/solutions\/select-products\/pos-applications\/sttor\/\" \/>\n<meta property=\"og:locale\" content=\"fr_CA\" \/>\n<meta property=\"og:type\" content=\"article\" \/>\n<meta property=\"og:title\" content=\"STTOR, Cloud POS for Convenience and Grocery | Ravyx\" \/>\n<meta property=\"og:description\" content=\"Discover STTOR, a cloud POS system built for grocery and convenience. Manage inventory, customers, and multiple locations with ease.\" \/>\n<meta property=\"og:url\" content=\"https:\/\/ravyx.com\/fr_ca\/solutions\/select-products\/pos-applications\/sttor\/\" \/>\n<meta property=\"og:site_name\" content=\"Ravyx\" \/>\n<meta property=\"article:publisher\" content=\"https:\/\/www.facebook.com\/stcrpos\" \/>\n<meta property=\"article:modified_time\" content=\"2026-04-08T18:53:42+00:00\" \/>\n<meta property=\"og:image\" content=\"https:\/\/ravyx.com\/wp-content\/uploads\/2026\/04\/Untitled-design-35.png\" \/>\n\t<meta property=\"og:image:width\" content=\"500\" \/>\n\t<meta property=\"og:image:height\" content=\"250\" \/>\n\t<meta property=\"og:image:type\" content=\"image\/png\" \/>\n<meta name=\"twitter:card\" content=\"summary_large_image\" \/>\n<meta name=\"twitter:site\" content=\"@stcrpos\" \/>\n<meta name=\"twitter:label1\" content=\"Est. reading time\" \/>\n\t<meta name=\"twitter:data1\" content=\"3 minutes\" \/>\n<script type=\"application\/ld+json\" class=\"yoast-schema-graph\">{\"@context\":\"https:\\\/\\\/schema.org\",\"@graph\":[{\"@type\":\"WebPage\",\"@id\":\"https:\\\/\\\/ravyx.com\\\/solutions\\\/select-products\\\/pos-applications\\\/sttor\\\/\",\"url\":\"https:\\\/\\\/ravyx.com\\\/solutions\\\/select-products\\\/pos-applications\\\/sttor\\\/\",\"name\":\"STTOR, Cloud POS for Convenience and Grocery | Ravyx\",\"isPartOf\":{\"@id\":\"https:\\\/\\\/ravyx.com\\\/#website\"},\"primaryImageOfPage\":{\"@id\":\"https:\\\/\\\/ravyx.com\\\/solutions\\\/select-products\\\/pos-applications\\\/sttor\\\/#primaryimage\"},\"image\":{\"@id\":\"https:\\\/\\\/ravyx.com\\\/solutions\\\/select-products\\\/pos-applications\\\/sttor\\\/#primaryimage\"},\"thumbnailUrl\":\"https:\\\/\\\/ravyx.com\\\/wp-content\\\/uploads\\\/2026\\\/04\\\/Untitled-design-35.png\",\"datePublished\":\"2026-04-08T18:49:31+00:00\",\"dateModified\":\"2026-04-08T18:53:42+00:00\",\"description\":\"Discover STTOR, a cloud POS system built for grocery and convenience. Manage inventory, customers, and multiple locations with ease.\",\"breadcrumb\":{\"@id\":\"https:\\\/\\\/ravyx.com\\\/solutions\\\/select-products\\\/pos-applications\\\/sttor\\\/#breadcrumb\"},\"inLanguage\":\"fr-CA\",\"potentialAction\":[{\"@type\":\"ReadAction\",\"target\":[\"https:\\\/\\\/ravyx.com\\\/solutions\\\/select-products\\\/pos-applications\\\/sttor\\\/\"]}]},{\"@type\":\"ImageObject\",\"inLanguage\":\"fr-CA\",\"@id\":\"https:\\\/\\\/ravyx.com\\\/solutions\\\/select-products\\\/pos-applications\\\/sttor\\\/#primaryimage\",\"url\":\"https:\\\/\\\/ravyx.com\\\/wp-content\\\/uploads\\\/2026\\\/04\\\/Untitled-design-35.png\",\"contentUrl\":\"https:\\\/\\\/ravyx.com\\\/wp-content\\\/uploads\\\/2026\\\/04\\\/Untitled-design-35.png\"},{\"@type\":\"BreadcrumbList\",\"@id\":\"https:\\\/\\\/ravyx.com\\\/solutions\\\/select-products\\\/pos-applications\\\/sttor\\\/#breadcrumb\",\"itemListElement\":[{\"@type\":\"ListItem\",\"position\":1,\"name\":\"Home\",\"item\":\"https:\\\/\\\/ravyx.com\\\/\"},{\"@type\":\"ListItem\",\"position\":2,\"name\":\"Solutions\",\"item\":\"https:\\\/\\\/ravyx.com\\\/solutions\\\/\"},{\"@type\":\"ListItem\",\"position\":3,\"name\":\"Select Products\",\"item\":\"https:\\\/\\\/ravyx.com\\\/solutions\\\/select-products\\\/\"},{\"@type\":\"ListItem\",\"position\":4,\"name\":\"POS Applications\",\"item\":\"https:\\\/\\\/ravyx.com\\\/solutions\\\/select-products\\\/pos-applications\\\/\"},{\"@type\":\"ListItem\",\"position\":5,\"name\":\"STTOR\"}]},{\"@type\":\"WebSite\",\"@id\":\"https:\\\/\\\/ravyx.com\\\/#website\",\"url\":\"https:\\\/\\\/ravyx.com\\\/\",\"name\":\"Ravyx\",\"description\":\"Proven Grocery Technologies\",\"publisher\":{\"@id\":\"https:\\\/\\\/ravyx.com\\\/#organization\"},\"potentialAction\":[{\"@type\":\"SearchAction\",\"target\":{\"@type\":\"EntryPoint\",\"urlTemplate\":\"https:\\\/\\\/ravyx.com\\\/?s={search_term_string}\"},\"query-input\":{\"@type\":\"PropertyValueSpecification\",\"valueRequired\":true,\"valueName\":\"search_term_string\"}}],\"inLanguage\":\"fr-CA\"},{\"@type\":\"Organization\",\"@id\":\"https:\\\/\\\/ravyx.com\\\/#organization\",\"name\":\"Ravyx\",\"url\":\"https:\\\/\\\/ravyx.com\\\/\",\"logo\":{\"@type\":\"ImageObject\",\"inLanguage\":\"fr-CA\",\"@id\":\"https:\\\/\\\/ravyx.com\\\/#\\\/schema\\\/logo\\\/image\\\/\",\"url\":\"https:\\\/\\\/ravyx.com\\\/wp-content\\\/uploads\\\/2023\\\/09\\\/generic-brand-1.jpg\",\"contentUrl\":\"https:\\\/\\\/ravyx.com\\\/wp-content\\\/uploads\\\/2023\\\/09\\\/generic-brand-1.jpg\",\"width\":1200,\"height\":1200,\"caption\":\"Ravyx\"},\"image\":{\"@id\":\"https:\\\/\\\/ravyx.com\\\/#\\\/schema\\\/logo\\\/image\\\/\"},\"sameAs\":[\"https:\\\/\\\/www.facebook.com\\\/stcrpos\",\"https:\\\/\\\/x.com\\\/stcrpos\",\"https:\\\/\\\/www.linkedin.com\\\/company\\\/stcr\\\/\",\"https:\\\/\\\/www.youtube.com\\\/channel\\\/UCSWcsJARYjaQnz0T5o4p9DQ\"]}]}<\/script>\n<!-- \/ Yoast SEO plugin. -->","yoast_head_json":{"title":"STTOR, Cloud POS for Convenience and Grocery | Ravyx","description":"Discover STTOR, a cloud POS system built for grocery and convenience. Manage inventory, customers, and multiple locations with ease.","robots":{"index":"index","follow":"follow","max-snippet":"max-snippet:-1","max-image-preview":"max-image-preview:large","max-video-preview":"max-video-preview:-1"},"canonical":"https:\/\/ravyx.com\/fr_ca\/solutions\/select-products\/pos-applications\/sttor\/","og_locale":"fr_CA","og_type":"article","og_title":"STTOR, Cloud POS for Convenience and Grocery | Ravyx","og_description":"Discover STTOR, a cloud POS system built for grocery and convenience. Manage inventory, customers, and multiple locations with ease.","og_url":"https:\/\/ravyx.com\/fr_ca\/solutions\/select-products\/pos-applications\/sttor\/","og_site_name":"Ravyx","article_publisher":"https:\/\/www.facebook.com\/stcrpos","article_modified_time":"2026-04-08T18:53:42+00:00","og_image":[{"width":500,"height":250,"url":"https:\/\/ravyx.com\/wp-content\/uploads\/2026\/04\/Untitled-design-35.png","type":"image\/png"}],"twitter_card":"summary_large_image","twitter_site":"@stcrpos","twitter_misc":{"Est. reading time":"3 minutes"},"schema":{"@context":"https:\/\/schema.org","@graph":[{"@type":"WebPage","@id":"https:\/\/ravyx.com\/solutions\/select-products\/pos-applications\/sttor\/","url":"https:\/\/ravyx.com\/solutions\/select-products\/pos-applications\/sttor\/","name":"STTOR, Cloud POS for Convenience and Grocery | Ravyx","isPartOf":{"@id":"https:\/\/ravyx.com\/#website"},"primaryImageOfPage":{"@id":"https:\/\/ravyx.com\/solutions\/select-products\/pos-applications\/sttor\/#primaryimage"},"image":{"@id":"https:\/\/ravyx.com\/solutions\/select-products\/pos-applications\/sttor\/#primaryimage"},"thumbnailUrl":"https:\/\/ravyx.com\/wp-content\/uploads\/2026\/04\/Untitled-design-35.png","datePublished":"2026-04-08T18:49:31+00:00","dateModified":"2026-04-08T18:53:42+00:00","description":"Discover STTOR, a cloud POS system built for grocery and convenience. Manage inventory, customers, and multiple locations with ease.","breadcrumb":{"@id":"https:\/\/ravyx.com\/solutions\/select-products\/pos-applications\/sttor\/#breadcrumb"},"inLanguage":"fr-CA","potentialAction":[{"@type":"ReadAction","target":["https:\/\/ravyx.com\/solutions\/select-products\/pos-applications\/sttor\/"]}]},{"@type":"ImageObject","inLanguage":"fr-CA","@id":"https:\/\/ravyx.com\/solutions\/select-products\/pos-applications\/sttor\/#primaryimage","url":"https:\/\/ravyx.com\/wp-content\/uploads\/2026\/04\/Untitled-design-35.png","contentUrl":"https:\/\/ravyx.com\/wp-content\/uploads\/2026\/04\/Untitled-design-35.png"},{"@type":"BreadcrumbList","@id":"https:\/\/ravyx.com\/solutions\/select-products\/pos-applications\/sttor\/#breadcrumb","itemListElement":[{"@type":"ListItem","position":1,"name":"Home","item":"https:\/\/ravyx.com\/"},{"@type":"ListItem","position":2,"name":"Solutions","item":"https:\/\/ravyx.com\/solutions\/"},{"@type":"ListItem","position":3,"name":"Select Products","item":"https:\/\/ravyx.com\/solutions\/select-products\/"},{"@type":"ListItem","position":4,"name":"POS Applications","item":"https:\/\/ravyx.com\/solutions\/select-products\/pos-applications\/"},{"@type":"ListItem","position":5,"name":"STTOR"}]},{"@type":"WebSite","@id":"https:\/\/ravyx.com\/#website","url":"https:\/\/ravyx.com\/","name":"Ravyx","description":"Proven Grocery Technologies","publisher":{"@id":"https:\/\/ravyx.com\/#organization"},"potentialAction":[{"@type":"SearchAction","target":{"@type":"EntryPoint","urlTemplate":"https:\/\/ravyx.com\/?s={search_term_string}"},"query-input":{"@type":"PropertyValueSpecification","valueRequired":true,"valueName":"search_term_string"}}],"inLanguage":"fr-CA"},{"@type":"Organization","@id":"https:\/\/ravyx.com\/#organization","name":"Ravyx","url":"https:\/\/ravyx.com\/","logo":{"@type":"ImageObject","inLanguage":"fr-CA","@id":"https:\/\/ravyx.com\/#\/schema\/logo\/image\/","url":"https:\/\/ravyx.com\/wp-content\/uploads\/2023\/09\/generic-brand-1.jpg","contentUrl":"https:\/\/ravyx.com\/wp-content\/uploads\/2023\/09\/generic-brand-1.jpg","width":1200,"height":1200,"caption":"Ravyx"},"image":{"@id":"https:\/\/ravyx.com\/#\/schema\/logo\/image\/"},"sameAs":["https:\/\/www.facebook.com\/stcrpos","https:\/\/x.com\/stcrpos","https:\/\/www.linkedin.com\/company\/stcr\/","https:\/\/www.youtube.com\/channel\/UCSWcsJARYjaQnz0T5o4p9DQ"]}]}},"_links":{"self":[{"href":"https:\/\/ravyx.com\/fr_ca\/wp-json\/wp\/v2\/pages\/4250","targetHints":{"allow":["GET"]}}],"collection":[{"href":"https:\/\/ravyx.com\/fr_ca\/wp-json\/wp\/v2\/pages"}],"about":[{"href":"https:\/\/ravyx.com\/fr_ca\/wp-json\/wp\/v2\/types\/page"}],"author":[{"embeddable":true,"href":"https:\/\/ravyx.com\/fr_ca\/wp-json\/wp\/v2\/users\/13"}],"replies":[{"embeddable":true,"href":"https:\/\/ravyx.com\/fr_ca\/wp-json\/wp\/v2\/comments?post=4250"}],"version-history":[{"count":0,"href":"https:\/\/ravyx.com\/fr_ca\/wp-json\/wp\/v2\/pages\/4250\/revisions"}],"up":[{"embeddable":true,"href":"https:\/\/ravyx.com\/fr_ca\/wp-json\/wp\/v2\/pages\/1052"}],"wp:attachment":[{"href":"https:\/\/ravyx.com\/fr_ca\/wp-json\/wp\/v2\/media?parent=4250"}],"curies":[{"name":"wp","href":"https:\/\/api.w.org\/{rel}","templated":true}]}}