{"id":4236,"date":"2026-03-31T14:37:01","date_gmt":"2026-03-31T18:37:01","guid":{"rendered":"https:\/\/ravyx.com\/?page_id=4236"},"modified":"2026-05-01T16:01:15","modified_gmt":"2026-05-01T20:01:15","slug":"offre-exclusive-amdeq","status":"publish","type":"page","link":"https:\/\/ravyx.com\/fr_ca\/offre-exclusive-amdeq\/","title":{"rendered":"Offre exclusive AMDEQ"},"content":{"rendered":"<h2 class=\"wp-block-heading\"><strong>Modernisez votre magasin avec les ESL<\/strong><\/h2>\n\n\n\n<p><strong>10 % de rabais sur une commande minimale de 200 \u00e9tiquettes<\/strong><\/p>\n\n\n\n<p>Cette offre vous permet de moderniser votre syst\u00e8me de tarification \u00e0 grande \u00e9chelle tout en \u00e9conomisant sur les \u00e9tiquettes, le temps et la main-d\u2019\u0153uvre.<\/p>\n\n\n\n<p>Profitez-en d\u00e8s aujourd\u2019hui en remplissant le formulaire ci-dessous pour d\u00e9bloquer votre rabais.<\/p>\n\n\n\n<div class=\"wp-block-columns is-layout-flex wp-container-core-columns-is-layout-9d6595d7 wp-block-columns-is-layout-flex\">\n<div class=\"wp-block-column is-layout-flow wp-block-column-is-layout-flow\">\n<h2 class=\"wp-block-heading\">D\u00e9couvrez comment les \u00e9tiquettes \u00e9lectroniques de gondole peuvent transformer votre magasin<\/h2>\n\n\n\n<p>Les <strong>\u00e9tiquettes \u00e9lectroniques de gondole (ESL)<\/strong> font bien plus que mettre \u00e0 jour les prix : elles vous permettent de :<\/p>\n\n\n\n<ul class=\"wp-block-list\">\n<li>Afficher des prix exacts en temps r\u00e9el, \u00e9liminer les erreurs humaines et r\u00e9duire la confusion des clients.<\/li>\n\n\n\n<li>G\u00e9rer facilement les promotions et les informations produits \u00e0 partir d\u2019un tableau de bord unique.<\/li>\n\n\n\n<li>Optimiser vos op\u00e9rations gr\u00e2ce \u00e0 des mises \u00e0 jour instantan\u00e9es, moins de main-d\u2019\u0153uvre et moins d\u2019\u00e9tiquettes papier.<\/li>\n\n\n\n<li>Adapter votre magasin \u00e0 vos besoins en personnalisant vos rayons avec diff\u00e9rentes tailles et formats.<\/li>\n<\/ul>\n<\/div>\n\n\n\n<div class=\"wp-block-column is-layout-flow wp-block-column-is-layout-flow\">\n<iframe loading=\"lazy\" src=\"https:\/\/info.sirsolutions.com\/l\/797653\/2026-03-31\/664dv\" width=\"100%\" height=\"500\" type=\"text\/html\" frameborder=\"0\" allowtransparency=\"true\" style=\"border: 0\"><\/iframe>\n<\/div>\n<\/div>\n\n\n\n<div class=\"wp-block-columns is-layout-flex wp-container-core-columns-is-layout-9d6595d7 wp-block-columns-is-layout-flex\">\n<div class=\"wp-block-column is-layout-flow wp-block-column-is-layout-flow\">\n<h2 class=\"wp-block-heading\"><strong>Questions fr\u00e9quentes<\/strong><br><\/h2>\n\n\n\n<details class=\"wp-block-details is-layout-flow wp-block-details-is-layout-flow\"><summary><strong>Que sont les ESL ?<\/strong><\/summary>\n<p>Les ESL (\u00e9tiquettes \u00e9lectroniques de gondole) sont des \u00e9tiquettes num\u00e9riques qui remplacent les \u00e9tiquettes papier traditionnelles. Elles affichent les prix, promotions et informations produits en temps r\u00e9el.<\/p>\n<\/details>\n\n\n\n<details class=\"wp-block-details is-layout-flow wp-block-details-is-layout-flow\"><summary><strong>Dois-je mettre \u00e0 jour tout mon magasin en m\u00eame temps ?<\/strong><\/summary>\n<p>Non. Vous pouvez commencer par une all\u00e9e ou un d\u00e9partement, puis d\u00e9ployer graduellement selon vos besoins et votre budget.<\/p>\n<\/details>\n\n\n\n<details class=\"wp-block-details is-layout-flow wp-block-details-is-layout-flow\"><summary><strong>Les ESL sont-elles compatibles avec mon syst\u00e8me POS actuel ?<\/strong><\/summary>\n<p>Oui. Nos ESL s\u2019int\u00e8grent facilement \u00e0 la plupart des syst\u00e8mes POS et d\u2019inventaire, sans perturber vos op\u00e9rations.<\/p>\n<\/details>\n\n\n\n<details class=\"wp-block-details is-layout-flow wp-block-details-is-layout-flow\"><summary><strong>Quels types de produits peuvent utiliser les ESL ?<\/strong><\/summary>\n<p>Tous les types de produits, des articles \u00e0 rotation rapide aux produits en vrac, gr\u00e2ce \u00e0 nos diff\u00e9rentes tailles d\u2019\u00e9tiquettes.<\/p>\n<\/details>\n<\/div>\n<\/div>","protected":false},"excerpt":{"rendered":"<p>Modernisez votre magasin avec les ESL 10 % de rabais sur une commande minimale de 200 \u00e9tiquettes Cette offre vous permet de moderniser votre syst\u00e8me de tarification \u00e0 grande \u00e9chelle tout en \u00e9conomisant sur les \u00e9tiquettes, le temps et la main-d\u2019\u0153uvre. Profitez-en d\u00e8s aujourd\u2019hui en remplissant le formulaire ci-dessous pour d\u00e9bloquer votre rabais. D\u00e9couvrez comment [&hellip;]<\/p>\n","protected":false},"author":13,"featured_media":3465,"parent":0,"menu_order":5,"comment_status":"closed","ping_status":"closed","template":"","meta":{"_acf_changed":false,"footnotes":""},"class_list":["post-4236","page","type-page","status-publish","has-post-thumbnail","hentry"],"acf":[],"yoast_head":"<!-- This site is optimized with the Yoast SEO plugin v27.5 - https:\/\/yoast.com\/product\/yoast-seo-wordpress\/ -->\n<title>Offre exclusive AMDEQ | Ravyx<\/title>\n<meta name=\"robots\" content=\"index, follow, max-snippet:-1, max-image-preview:large, max-video-preview:-1\" \/>\n<link rel=\"canonical\" href=\"https:\/\/ravyx.com\/fr_ca\/offre-exclusive-amdeq\/\" \/>\n<meta property=\"og:locale\" content=\"fr_CA\" \/>\n<meta property=\"og:type\" content=\"article\" \/>\n<meta property=\"og:title\" content=\"Offre exclusive AMDEQ | Ravyx\" \/>\n<meta property=\"og:description\" content=\"Modernisez votre magasin avec les ESL 10 % de rabais sur une commande minimale de 200 \u00e9tiquettes Cette offre vous permet de moderniser votre syst\u00e8me de tarification \u00e0 grande \u00e9chelle tout en \u00e9conomisant sur les \u00e9tiquettes, le temps et la main-d\u2019\u0153uvre. Profitez-en d\u00e8s aujourd\u2019hui en remplissant le formulaire ci-dessous pour d\u00e9bloquer votre rabais. D\u00e9couvrez comment [&hellip;]\" \/>\n<meta property=\"og:url\" content=\"https:\/\/ravyx.com\/fr_ca\/offre-exclusive-amdeq\/\" \/>\n<meta property=\"og:site_name\" content=\"Ravyx\" \/>\n<meta property=\"article:publisher\" content=\"https:\/\/www.facebook.com\/stcrpos\" \/>\n<meta property=\"article:modified_time\" content=\"2026-05-01T20:01:15+00:00\" \/>\n<meta property=\"og:image\" content=\"https:\/\/ravyx.com\/wp-content\/uploads\/2025\/03\/image-20231026-165745-356c4edf.jpeg\" \/>\n\t<meta property=\"og:image:width\" content=\"1920\" \/>\n\t<meta property=\"og:image:height\" content=\"1440\" \/>\n\t<meta property=\"og:image:type\" content=\"image\/jpeg\" \/>\n<meta name=\"twitter:card\" content=\"summary_large_image\" \/>\n<meta name=\"twitter:site\" content=\"@stcrpos\" \/>\n<meta name=\"twitter:label1\" content=\"Est. reading time\" \/>\n\t<meta name=\"twitter:data1\" content=\"2 minutes\" \/>\n<script type=\"application\/ld+json\" class=\"yoast-schema-graph\">{\"@context\":\"https:\\\/\\\/schema.org\",\"@graph\":[{\"@type\":\"WebPage\",\"@id\":\"https:\\\/\\\/ravyx.com\\\/offre-exclusive-amdeq\\\/\",\"url\":\"https:\\\/\\\/ravyx.com\\\/offre-exclusive-amdeq\\\/\",\"name\":\"Offre exclusive AMDEQ | Ravyx\",\"isPartOf\":{\"@id\":\"https:\\\/\\\/ravyx.com\\\/#website\"},\"primaryImageOfPage\":{\"@id\":\"https:\\\/\\\/ravyx.com\\\/offre-exclusive-amdeq\\\/#primaryimage\"},\"image\":{\"@id\":\"https:\\\/\\\/ravyx.com\\\/offre-exclusive-amdeq\\\/#primaryimage\"},\"thumbnailUrl\":\"https:\\\/\\\/ravyx.com\\\/wp-content\\\/uploads\\\/2025\\\/03\\\/image-20231026-165745-356c4edf.jpeg\",\"datePublished\":\"2026-03-31T18:37:01+00:00\",\"dateModified\":\"2026-05-01T20:01:15+00:00\",\"breadcrumb\":{\"@id\":\"https:\\\/\\\/ravyx.com\\\/offre-exclusive-amdeq\\\/#breadcrumb\"},\"inLanguage\":\"fr-CA\",\"potentialAction\":[{\"@type\":\"ReadAction\",\"target\":[\"https:\\\/\\\/ravyx.com\\\/offre-exclusive-amdeq\\\/\"]}]},{\"@type\":\"ImageObject\",\"inLanguage\":\"fr-CA\",\"@id\":\"https:\\\/\\\/ravyx.com\\\/offre-exclusive-amdeq\\\/#primaryimage\",\"url\":\"https:\\\/\\\/ravyx.com\\\/wp-content\\\/uploads\\\/2025\\\/03\\\/image-20231026-165745-356c4edf.jpeg\",\"contentUrl\":\"https:\\\/\\\/ravyx.com\\\/wp-content\\\/uploads\\\/2025\\\/03\\\/image-20231026-165745-356c4edf.jpeg\",\"width\":1920,\"height\":1440,\"caption\":\"Electronic Shelf Labels\"},{\"@type\":\"BreadcrumbList\",\"@id\":\"https:\\\/\\\/ravyx.com\\\/offre-exclusive-amdeq\\\/#breadcrumb\",\"itemListElement\":[{\"@type\":\"ListItem\",\"position\":1,\"name\":\"Home\",\"item\":\"https:\\\/\\\/ravyx.com\\\/\"},{\"@type\":\"ListItem\",\"position\":2,\"name\":\"Offre exclusive AMDEQ\"}]},{\"@type\":\"WebSite\",\"@id\":\"https:\\\/\\\/ravyx.com\\\/#website\",\"url\":\"https:\\\/\\\/ravyx.com\\\/\",\"name\":\"Ravyx\",\"description\":\"Proven Grocery Technologies\",\"publisher\":{\"@id\":\"https:\\\/\\\/ravyx.com\\\/#organization\"},\"potentialAction\":[{\"@type\":\"SearchAction\",\"target\":{\"@type\":\"EntryPoint\",\"urlTemplate\":\"https:\\\/\\\/ravyx.com\\\/?s={search_term_string}\"},\"query-input\":{\"@type\":\"PropertyValueSpecification\",\"valueRequired\":true,\"valueName\":\"search_term_string\"}}],\"inLanguage\":\"fr-CA\"},{\"@type\":\"Organization\",\"@id\":\"https:\\\/\\\/ravyx.com\\\/#organization\",\"name\":\"Ravyx\",\"url\":\"https:\\\/\\\/ravyx.com\\\/\",\"logo\":{\"@type\":\"ImageObject\",\"inLanguage\":\"fr-CA\",\"@id\":\"https:\\\/\\\/ravyx.com\\\/#\\\/schema\\\/logo\\\/image\\\/\",\"url\":\"https:\\\/\\\/ravyx.com\\\/wp-content\\\/uploads\\\/2023\\\/09\\\/generic-brand-1.jpg\",\"contentUrl\":\"https:\\\/\\\/ravyx.com\\\/wp-content\\\/uploads\\\/2023\\\/09\\\/generic-brand-1.jpg\",\"width\":1200,\"height\":1200,\"caption\":\"Ravyx\"},\"image\":{\"@id\":\"https:\\\/\\\/ravyx.com\\\/#\\\/schema\\\/logo\\\/image\\\/\"},\"sameAs\":[\"https:\\\/\\\/www.facebook.com\\\/stcrpos\",\"https:\\\/\\\/x.com\\\/stcrpos\",\"https:\\\/\\\/www.linkedin.com\\\/company\\\/stcr\\\/\",\"https:\\\/\\\/www.youtube.com\\\/channel\\\/UCSWcsJARYjaQnz0T5o4p9DQ\"]}]}<\/script>\n<!-- \/ Yoast SEO plugin. -->","yoast_head_json":{"title":"Offre exclusive AMDEQ | Ravyx","robots":{"index":"index","follow":"follow","max-snippet":"max-snippet:-1","max-image-preview":"max-image-preview:large","max-video-preview":"max-video-preview:-1"},"canonical":"https:\/\/ravyx.com\/fr_ca\/offre-exclusive-amdeq\/","og_locale":"fr_CA","og_type":"article","og_title":"Offre exclusive AMDEQ | Ravyx","og_description":"Modernisez votre magasin avec les ESL 10 % de rabais sur une commande minimale de 200 \u00e9tiquettes Cette offre vous permet de moderniser votre syst\u00e8me de tarification \u00e0 grande \u00e9chelle tout en \u00e9conomisant sur les \u00e9tiquettes, le temps et la main-d\u2019\u0153uvre. Profitez-en d\u00e8s aujourd\u2019hui en remplissant le formulaire ci-dessous pour d\u00e9bloquer votre rabais. D\u00e9couvrez comment [&hellip;]","og_url":"https:\/\/ravyx.com\/fr_ca\/offre-exclusive-amdeq\/","og_site_name":"Ravyx","article_publisher":"https:\/\/www.facebook.com\/stcrpos","article_modified_time":"2026-05-01T20:01:15+00:00","og_image":[{"width":1920,"height":1440,"url":"https:\/\/ravyx.com\/wp-content\/uploads\/2025\/03\/image-20231026-165745-356c4edf.jpeg","type":"image\/jpeg"}],"twitter_card":"summary_large_image","twitter_site":"@stcrpos","twitter_misc":{"Est. reading time":"2 minutes"},"schema":{"@context":"https:\/\/schema.org","@graph":[{"@type":"WebPage","@id":"https:\/\/ravyx.com\/offre-exclusive-amdeq\/","url":"https:\/\/ravyx.com\/offre-exclusive-amdeq\/","name":"Offre exclusive AMDEQ | Ravyx","isPartOf":{"@id":"https:\/\/ravyx.com\/#website"},"primaryImageOfPage":{"@id":"https:\/\/ravyx.com\/offre-exclusive-amdeq\/#primaryimage"},"image":{"@id":"https:\/\/ravyx.com\/offre-exclusive-amdeq\/#primaryimage"},"thumbnailUrl":"https:\/\/ravyx.com\/wp-content\/uploads\/2025\/03\/image-20231026-165745-356c4edf.jpeg","datePublished":"2026-03-31T18:37:01+00:00","dateModified":"2026-05-01T20:01:15+00:00","breadcrumb":{"@id":"https:\/\/ravyx.com\/offre-exclusive-amdeq\/#breadcrumb"},"inLanguage":"fr-CA","potentialAction":[{"@type":"ReadAction","target":["https:\/\/ravyx.com\/offre-exclusive-amdeq\/"]}]},{"@type":"ImageObject","inLanguage":"fr-CA","@id":"https:\/\/ravyx.com\/offre-exclusive-amdeq\/#primaryimage","url":"https:\/\/ravyx.com\/wp-content\/uploads\/2025\/03\/image-20231026-165745-356c4edf.jpeg","contentUrl":"https:\/\/ravyx.com\/wp-content\/uploads\/2025\/03\/image-20231026-165745-356c4edf.jpeg","width":1920,"height":1440,"caption":"Electronic Shelf Labels"},{"@type":"BreadcrumbList","@id":"https:\/\/ravyx.com\/offre-exclusive-amdeq\/#breadcrumb","itemListElement":[{"@type":"ListItem","position":1,"name":"Home","item":"https:\/\/ravyx.com\/"},{"@type":"ListItem","position":2,"name":"Offre exclusive AMDEQ"}]},{"@type":"WebSite","@id":"https:\/\/ravyx.com\/#website","url":"https:\/\/ravyx.com\/","name":"Ravyx","description":"Proven Grocery Technologies","publisher":{"@id":"https:\/\/ravyx.com\/#organization"},"potentialAction":[{"@type":"SearchAction","target":{"@type":"EntryPoint","urlTemplate":"https:\/\/ravyx.com\/?s={search_term_string}"},"query-input":{"@type":"PropertyValueSpecification","valueRequired":true,"valueName":"search_term_string"}}],"inLanguage":"fr-CA"},{"@type":"Organization","@id":"https:\/\/ravyx.com\/#organization","name":"Ravyx","url":"https:\/\/ravyx.com\/","logo":{"@type":"ImageObject","inLanguage":"fr-CA","@id":"https:\/\/ravyx.com\/#\/schema\/logo\/image\/","url":"https:\/\/ravyx.com\/wp-content\/uploads\/2023\/09\/generic-brand-1.jpg","contentUrl":"https:\/\/ravyx.com\/wp-content\/uploads\/2023\/09\/generic-brand-1.jpg","width":1200,"height":1200,"caption":"Ravyx"},"image":{"@id":"https:\/\/ravyx.com\/#\/schema\/logo\/image\/"},"sameAs":["https:\/\/www.facebook.com\/stcrpos","https:\/\/x.com\/stcrpos","https:\/\/www.linkedin.com\/company\/stcr\/","https:\/\/www.youtube.com\/channel\/UCSWcsJARYjaQnz0T5o4p9DQ"]}]}},"_links":{"self":[{"href":"https:\/\/ravyx.com\/fr_ca\/wp-json\/wp\/v2\/pages\/4236","targetHints":{"allow":["GET"]}}],"collection":[{"href":"https:\/\/ravyx.com\/fr_ca\/wp-json\/wp\/v2\/pages"}],"about":[{"href":"https:\/\/ravyx.com\/fr_ca\/wp-json\/wp\/v2\/types\/page"}],"author":[{"embeddable":true,"href":"https:\/\/ravyx.com\/fr_ca\/wp-json\/wp\/v2\/users\/13"}],"replies":[{"embeddable":true,"href":"https:\/\/ravyx.com\/fr_ca\/wp-json\/wp\/v2\/comments?post=4236"}],"version-history":[{"count":0,"href":"https:\/\/ravyx.com\/fr_ca\/wp-json\/wp\/v2\/pages\/4236\/revisions"}],"wp:featuredmedia":[{"embeddable":true,"href":"https:\/\/ravyx.com\/fr_ca\/wp-json\/wp\/v2\/media\/3465"}],"wp:attachment":[{"href":"https:\/\/ravyx.com\/fr_ca\/wp-json\/wp\/v2\/media?parent=4236"}],"curies":[{"name":"wp","href":"https:\/\/api.w.org\/{rel}","templated":true}]}}