{"id":4048,"date":"2025-11-06T11:33:13","date_gmt":"2025-11-06T16:33:13","guid":{"rendered":"https:\/\/ravyx.com\/?page_id=4048"},"modified":"2025-11-06T11:33:44","modified_gmt":"2025-11-06T16:33:44","slug":"toronto-grocery-technology-solutions","status":"publish","type":"page","link":"https:\/\/ravyx.com\/fr_ca\/contact-us\/toronto-grocery-technology-solutions\/","title":{"rendered":"Solutions technologiques pour les \u00e9piceries de Toronto"},"content":{"rendered":"<div class=\"wp-block-columns is-layout-flex wp-container-core-columns-is-layout-9d6595d7 wp-block-columns-is-layout-flex\">\n<div class=\"wp-block-column is-layout-flow wp-block-column-is-layout-flow\">\n<h2 class=\"wp-block-heading\">Un commerce de d\u00e9tail plus intelligent pour la r\u00e9gion du Grand Toronto<\/h2>\n\n\n\n<p>Le march\u00e9 de l'alimentation de Toronto est rapide, diversifi\u00e9 et concurrentiel. Les consommateurs s'attendent \u00e0 la commodit\u00e9, \u00e0 l'efficacit\u00e9 et \u00e0 des exp\u00e9riences personnalis\u00e9es, et les d\u00e9taillants ont besoin d'une technologie \u00e0 la hauteur. Nous fournissons des solutions technologiques pour les \u00e9piceries de Toronto, con\u00e7ues pour simplifier les op\u00e9rations, r\u00e9duire les co\u00fbts et augmenter la satisfaction des clients.<br><\/p>\n\n\n\n<p>Du centre-ville de Toronto \u00e0 la r\u00e9gion du Grand Toronto, y compris Mississauga, Brampton, Markham et Scarborough, nous aidons les \u00e9piceries de toutes tailles \u00e0 moderniser leurs syst\u00e8mes, \u00e0 am\u00e9liorer leur flux de travail et \u00e0 acqu\u00e9rir un avantage concurrentiel. Que vous exploitiez un seul march\u00e9 de quartier ou une cha\u00eene \u00e0 emplacements multiples, nous vous fournissons des outils qui vous aideront \u00e0 prosp\u00e9rer.<\/p>\n<\/div>\n\n\n\n<div class=\"wp-block-column is-layout-flow wp-block-column-is-layout-flow\">\n<figure class=\"wp-block-image size-full\"><img loading=\"lazy\" decoding=\"async\" width=\"700\" height=\"500\" src=\"https:\/\/ravyx.com\/wp-content\/uploads\/2025\/11\/Ontario.png\" alt=\"\" class=\"wp-image-4049\" srcset=\"https:\/\/ravyx.com\/wp-content\/uploads\/2025\/11\/Ontario.png 700w, https:\/\/ravyx.com\/wp-content\/uploads\/2025\/11\/Ontario-300x214.png 300w, https:\/\/ravyx.com\/wp-content\/uploads\/2025\/11\/Ontario-18x12.png 18w\" sizes=\"auto, (max-width: 700px) 100vw, 700px\" \/><\/figure>\n<\/div>\n<\/div>\n\n\n\n<div class=\"block-inline-cta wpx-custom-block\" id=\"acf-inline-cta8033\">\n\n\t<div class=\"inline-cta-inner\">\n\t\t\n\t\t<h3 class=\"inline-cta-title\">Parlons de la fa\u00e7on dont Ravyx peut alimenter la technologie de l'\u00e9picerie de Toronto !<\/h3>\t\t<p>Si vous souhaitez en savoir plus mais que vous ne savez pas par o\u00f9 commencer, contactez notre \u00e9quipe d\u00e8s aujourd'hui ! Inscrivez-vous pour une consultation gratuite de votre syst\u00e8me actuel et laissez notre \u00e9quipe \u00e9laborer un plan sur la fa\u00e7on dont nos solutions peuvent aider \u00e0 am\u00e9liorer l'efficacit\u00e9 de vos magasins. <\/p>\n\t\t\t\t\t<div class=\"button-group\">\n\t\t\t\t<a href=\"https:\/\/ravyx.com\/fr_ca\/contact-us\/\" target=\"\" class=\"wpx-button\">Nous contacter<\/a>\n\t\t\t<\/div>\n\t\t\n\t<\/div>\n\n<\/div>\n\n\n<div class=\"wp-block-columns is-layout-flex wp-container-core-columns-is-layout-9d6595d7 wp-block-columns-is-layout-flex\">\n<div class=\"wp-block-column is-layout-flow wp-block-column-is-layout-flow\" style=\"flex-basis:33.33%\">\n<figure class=\"wp-block-image size-full\"><img loading=\"lazy\" decoding=\"async\" width=\"1920\" height=\"2560\" src=\"https:\/\/ravyx.com\/wp-content\/uploads\/2025\/11\/pexels-planka-28907758.jpg\" alt=\"\" class=\"wp-image-4046\" srcset=\"https:\/\/ravyx.com\/wp-content\/uploads\/2025\/11\/pexels-planka-28907758.jpg 1920w, https:\/\/ravyx.com\/wp-content\/uploads\/2025\/11\/pexels-planka-28907758-225x300.jpg 225w, https:\/\/ravyx.com\/wp-content\/uploads\/2025\/11\/pexels-planka-28907758-768x1024.jpg 768w, https:\/\/ravyx.com\/wp-content\/uploads\/2025\/11\/pexels-planka-28907758-1152x1536.jpg 1152w, https:\/\/ravyx.com\/wp-content\/uploads\/2025\/11\/pexels-planka-28907758-1536x2048.jpg 1536w, https:\/\/ravyx.com\/wp-content\/uploads\/2025\/11\/pexels-planka-28907758-9x12.jpg 9w\" sizes=\"auto, (max-width: 1920px) 100vw, 1920px\" \/><\/figure>\n<\/div>\n\n\n\n<div class=\"wp-block-column is-layout-flow wp-block-column-is-layout-flow\" style=\"flex-basis:66.66%\">\n<h2 class=\"wp-block-heading\">Pourquoi les d\u00e9taillants de Toronto choisissent Ravyx<\/h2>\n\n\n\n<p>Les d\u00e9taillants de Toronto sont confront\u00e9s \u00e0 des d\u00e9fis uniques : trafic \u00e9lev\u00e9, besoins divers des clients et \u00e9volution rapide des tendances de la vente au d\u00e9tail. Nos solutions s'attaquent \u00e0 ces d\u00e9fis de front, en fournissant une technologie transparente qui int\u00e8gre les op\u00e9rations de front-end et de back-office.<\/p>\n\n\n\n<ul class=\"wp-block-list\">\n<li><strong>Syst\u00e8mes de points de vente et mises \u00e0 jour<\/strong> - Fiable, flexible et con\u00e7u pour l'environnement commercial anim\u00e9 de Toronto<\/li>\n\n\n\n<li><strong>Self-Checkout <strong>et<\/strong> Kiosques<\/strong> - R\u00e9duire les temps d'attente et am\u00e9liorer l'efficacit\u00e9 dans les magasins \u00e0 forte fr\u00e9quentation<\/li>\n\n\n\n<li><strong>Programmes de fid\u00e9lisation<\/strong> - Stimuler la fid\u00e9lisation des clients gr\u00e2ce \u00e0 des offres et des promotions personnalis\u00e9es<\/li>\n\n\n\n<li><strong>Gestion des stocks et du back-office<\/strong> - Am\u00e9liorer la pr\u00e9cision et r\u00e9duire les inefficacit\u00e9s op\u00e9rationnelles<\/li>\n\n\n\n<li><strong>Outils de pr\u00e9vention de la d\u00e9marque inconnue et des pertes<\/strong> - Prot\u00e9ger les profits gr\u00e2ce \u00e0 une surveillance avanc\u00e9e<\/li>\n\n\n\n<li><strong>Analyse du commerce de d\u00e9tail<\/strong> - Prendre rapidement des d\u00e9cisions fond\u00e9es sur des donn\u00e9es<\/li>\n\n\n\n<li><strong>Int\u00e9gration omnicanale <\/strong>- Connecter les achats en magasin avec les commandes en ligne et le ramassage \u00e0 domicile<\/li>\n<\/ul>\n<\/div>\n<\/div>\n\n\n\n<div class=\"block-inline-cta wpx-custom-block\" id=\"acf-inline-cta1692\">\n\n\t<div class=\"inline-cta-inner\">\n\t\t\n\t\t<h3 class=\"inline-cta-title\">Pr\u00eat \u00e0 devenir un d\u00e9taillant agile ?<\/h3>\t\t<p>Les \u00e9piciers et les d\u00e9taillants de Toronto ont besoin de la bonne technologie pour leur entreprise unique. En combinant les points de vente, les caisses automatiques, la fid\u00e9lisation, la pr\u00e9vention des pertes, et plus encore, en un seul syst\u00e8me transparent. Concevons une solution qui \u00e9volue avec votre entreprise et vous permet de rester \u00e0 l'avant-garde du changement.<\/p>\n\t\t\t\t\t<div class=\"button-group\">\n\t\t\t\t<a href=\"https:\/\/ravyx.com\/fr_ca\/agile-grocer-ebook\/\" target=\"_blank\" class=\"wpx-button\">En savoir plus<\/a>\n\t\t\t<\/div>\n\t\t\n\t<\/div>\n\n<\/div>","protected":false},"excerpt":{"rendered":"<p>Smarter Retail for the GTA Toronto\u2019s grocery market is fast-paced, diverse, and competitive. Shoppers expect convenience, efficiency, and personalized experiences, and retailers need technology that keeps up. We deliver Toronto grocery technology solutions designed to simplify operations, reduce costs, and elevate customer satisfaction. From downtown Toronto to the broader GTA \u2014 including Mississauga, Brampton, Markham, [&hellip;]<\/p>\n","protected":false},"author":13,"featured_media":0,"parent":596,"menu_order":6,"comment_status":"closed","ping_status":"closed","template":"","meta":{"_acf_changed":true,"footnotes":""},"class_list":["post-4048","page","type-page","status-publish","hentry"],"acf":[],"yoast_head":"<!-- This site is optimized with the Yoast SEO plugin v27.5 - https:\/\/yoast.com\/product\/yoast-seo-wordpress\/ -->\n<title>Toronto Grocery Technology Expansion | Ravyx<\/title>\n<meta name=\"description\" content=\"Discover how Ravyx delivers Toronto grocery technology that helps retailers boost efficiency, cut costs, and enhance customer experiences.\" \/>\n<meta name=\"robots\" content=\"index, follow, max-snippet:-1, max-image-preview:large, max-video-preview:-1\" \/>\n<link rel=\"canonical\" href=\"https:\/\/ravyx.com\/fr_ca\/contact-us\/toronto-grocery-technology-solutions\/\" \/>\n<meta property=\"og:locale\" content=\"fr_CA\" \/>\n<meta property=\"og:type\" content=\"article\" \/>\n<meta property=\"og:title\" content=\"Toronto Grocery Technology Expansion | Ravyx\" \/>\n<meta property=\"og:description\" content=\"Discover how Ravyx delivers Toronto grocery technology that helps retailers boost efficiency, cut costs, and enhance customer experiences.\" \/>\n<meta property=\"og:url\" content=\"https:\/\/ravyx.com\/fr_ca\/contact-us\/toronto-grocery-technology-solutions\/\" \/>\n<meta property=\"og:site_name\" content=\"Ravyx\" \/>\n<meta property=\"article:publisher\" content=\"https:\/\/www.facebook.com\/stcrpos\" \/>\n<meta property=\"article:modified_time\" content=\"2025-11-06T16:33:44+00:00\" \/>\n<meta property=\"og:image\" content=\"https:\/\/ravyx.com\/wp-content\/uploads\/2025\/11\/Ontario.png\" \/>\n\t<meta property=\"og:image:width\" content=\"700\" \/>\n\t<meta property=\"og:image:height\" content=\"500\" \/>\n\t<meta property=\"og:image:type\" content=\"image\/png\" \/>\n<meta name=\"twitter:card\" content=\"summary_large_image\" \/>\n<meta name=\"twitter:site\" content=\"@stcrpos\" \/>\n<meta name=\"twitter:label1\" content=\"Est. reading time\" \/>\n\t<meta name=\"twitter:data1\" content=\"2 minutes\" \/>\n<script type=\"application\/ld+json\" class=\"yoast-schema-graph\">{\"@context\":\"https:\\\/\\\/schema.org\",\"@graph\":[{\"@type\":\"WebPage\",\"@id\":\"https:\\\/\\\/ravyx.com\\\/contact-us\\\/toronto-grocery-technology-solutions\\\/\",\"url\":\"https:\\\/\\\/ravyx.com\\\/contact-us\\\/toronto-grocery-technology-solutions\\\/\",\"name\":\"Toronto Grocery Technology Expansion | Ravyx\",\"isPartOf\":{\"@id\":\"https:\\\/\\\/ravyx.com\\\/#website\"},\"primaryImageOfPage\":{\"@id\":\"https:\\\/\\\/ravyx.com\\\/contact-us\\\/toronto-grocery-technology-solutions\\\/#primaryimage\"},\"image\":{\"@id\":\"https:\\\/\\\/ravyx.com\\\/contact-us\\\/toronto-grocery-technology-solutions\\\/#primaryimage\"},\"thumbnailUrl\":\"https:\\\/\\\/ravyx.com\\\/wp-content\\\/uploads\\\/2025\\\/11\\\/Ontario.png\",\"datePublished\":\"2025-11-06T16:33:13+00:00\",\"dateModified\":\"2025-11-06T16:33:44+00:00\",\"description\":\"Discover how Ravyx delivers Toronto grocery technology that helps retailers boost efficiency, cut costs, and enhance customer experiences.\",\"breadcrumb\":{\"@id\":\"https:\\\/\\\/ravyx.com\\\/contact-us\\\/toronto-grocery-technology-solutions\\\/#breadcrumb\"},\"inLanguage\":\"fr-CA\",\"potentialAction\":[{\"@type\":\"ReadAction\",\"target\":[\"https:\\\/\\\/ravyx.com\\\/contact-us\\\/toronto-grocery-technology-solutions\\\/\"]}]},{\"@type\":\"ImageObject\",\"inLanguage\":\"fr-CA\",\"@id\":\"https:\\\/\\\/ravyx.com\\\/contact-us\\\/toronto-grocery-technology-solutions\\\/#primaryimage\",\"url\":\"https:\\\/\\\/ravyx.com\\\/wp-content\\\/uploads\\\/2025\\\/11\\\/Ontario.png\",\"contentUrl\":\"https:\\\/\\\/ravyx.com\\\/wp-content\\\/uploads\\\/2025\\\/11\\\/Ontario.png\"},{\"@type\":\"BreadcrumbList\",\"@id\":\"https:\\\/\\\/ravyx.com\\\/contact-us\\\/toronto-grocery-technology-solutions\\\/#breadcrumb\",\"itemListElement\":[{\"@type\":\"ListItem\",\"position\":1,\"name\":\"Home\",\"item\":\"https:\\\/\\\/ravyx.com\\\/\"},{\"@type\":\"ListItem\",\"position\":2,\"name\":\"Contact Us\",\"item\":\"https:\\\/\\\/ravyx.com\\\/contact-us\\\/\"},{\"@type\":\"ListItem\",\"position\":3,\"name\":\"Toronto Grocery Technology Solutions\"}]},{\"@type\":\"WebSite\",\"@id\":\"https:\\\/\\\/ravyx.com\\\/#website\",\"url\":\"https:\\\/\\\/ravyx.com\\\/\",\"name\":\"Ravyx\",\"description\":\"Proven Grocery Technologies\",\"publisher\":{\"@id\":\"https:\\\/\\\/ravyx.com\\\/#organization\"},\"potentialAction\":[{\"@type\":\"SearchAction\",\"target\":{\"@type\":\"EntryPoint\",\"urlTemplate\":\"https:\\\/\\\/ravyx.com\\\/?s={search_term_string}\"},\"query-input\":{\"@type\":\"PropertyValueSpecification\",\"valueRequired\":true,\"valueName\":\"search_term_string\"}}],\"inLanguage\":\"fr-CA\"},{\"@type\":\"Organization\",\"@id\":\"https:\\\/\\\/ravyx.com\\\/#organization\",\"name\":\"Ravyx\",\"url\":\"https:\\\/\\\/ravyx.com\\\/\",\"logo\":{\"@type\":\"ImageObject\",\"inLanguage\":\"fr-CA\",\"@id\":\"https:\\\/\\\/ravyx.com\\\/#\\\/schema\\\/logo\\\/image\\\/\",\"url\":\"https:\\\/\\\/ravyx.com\\\/wp-content\\\/uploads\\\/2023\\\/09\\\/generic-brand-1.jpg\",\"contentUrl\":\"https:\\\/\\\/ravyx.com\\\/wp-content\\\/uploads\\\/2023\\\/09\\\/generic-brand-1.jpg\",\"width\":1200,\"height\":1200,\"caption\":\"Ravyx\"},\"image\":{\"@id\":\"https:\\\/\\\/ravyx.com\\\/#\\\/schema\\\/logo\\\/image\\\/\"},\"sameAs\":[\"https:\\\/\\\/www.facebook.com\\\/stcrpos\",\"https:\\\/\\\/x.com\\\/stcrpos\",\"https:\\\/\\\/www.linkedin.com\\\/company\\\/stcr\\\/\",\"https:\\\/\\\/www.youtube.com\\\/channel\\\/UCSWcsJARYjaQnz0T5o4p9DQ\"]}]}<\/script>\n<!-- \/ Yoast SEO plugin. -->","yoast_head_json":{"title":"Toronto Grocery Technology Expansion | Ravyx","description":"Discover how Ravyx delivers Toronto grocery technology that helps retailers boost efficiency, cut costs, and enhance customer experiences.","robots":{"index":"index","follow":"follow","max-snippet":"max-snippet:-1","max-image-preview":"max-image-preview:large","max-video-preview":"max-video-preview:-1"},"canonical":"https:\/\/ravyx.com\/fr_ca\/contact-us\/toronto-grocery-technology-solutions\/","og_locale":"fr_CA","og_type":"article","og_title":"Toronto Grocery Technology Expansion | Ravyx","og_description":"Discover how Ravyx delivers Toronto grocery technology that helps retailers boost efficiency, cut costs, and enhance customer experiences.","og_url":"https:\/\/ravyx.com\/fr_ca\/contact-us\/toronto-grocery-technology-solutions\/","og_site_name":"Ravyx","article_publisher":"https:\/\/www.facebook.com\/stcrpos","article_modified_time":"2025-11-06T16:33:44+00:00","og_image":[{"width":700,"height":500,"url":"https:\/\/ravyx.com\/wp-content\/uploads\/2025\/11\/Ontario.png","type":"image\/png"}],"twitter_card":"summary_large_image","twitter_site":"@stcrpos","twitter_misc":{"Est. reading time":"2 minutes"},"schema":{"@context":"https:\/\/schema.org","@graph":[{"@type":"WebPage","@id":"https:\/\/ravyx.com\/contact-us\/toronto-grocery-technology-solutions\/","url":"https:\/\/ravyx.com\/contact-us\/toronto-grocery-technology-solutions\/","name":"Toronto Grocery Technology Expansion | Ravyx","isPartOf":{"@id":"https:\/\/ravyx.com\/#website"},"primaryImageOfPage":{"@id":"https:\/\/ravyx.com\/contact-us\/toronto-grocery-technology-solutions\/#primaryimage"},"image":{"@id":"https:\/\/ravyx.com\/contact-us\/toronto-grocery-technology-solutions\/#primaryimage"},"thumbnailUrl":"https:\/\/ravyx.com\/wp-content\/uploads\/2025\/11\/Ontario.png","datePublished":"2025-11-06T16:33:13+00:00","dateModified":"2025-11-06T16:33:44+00:00","description":"Discover how Ravyx delivers Toronto grocery technology that helps retailers boost efficiency, cut costs, and enhance customer experiences.","breadcrumb":{"@id":"https:\/\/ravyx.com\/contact-us\/toronto-grocery-technology-solutions\/#breadcrumb"},"inLanguage":"fr-CA","potentialAction":[{"@type":"ReadAction","target":["https:\/\/ravyx.com\/contact-us\/toronto-grocery-technology-solutions\/"]}]},{"@type":"ImageObject","inLanguage":"fr-CA","@id":"https:\/\/ravyx.com\/contact-us\/toronto-grocery-technology-solutions\/#primaryimage","url":"https:\/\/ravyx.com\/wp-content\/uploads\/2025\/11\/Ontario.png","contentUrl":"https:\/\/ravyx.com\/wp-content\/uploads\/2025\/11\/Ontario.png"},{"@type":"BreadcrumbList","@id":"https:\/\/ravyx.com\/contact-us\/toronto-grocery-technology-solutions\/#breadcrumb","itemListElement":[{"@type":"ListItem","position":1,"name":"Home","item":"https:\/\/ravyx.com\/"},{"@type":"ListItem","position":2,"name":"Contact Us","item":"https:\/\/ravyx.com\/contact-us\/"},{"@type":"ListItem","position":3,"name":"Toronto Grocery Technology Solutions"}]},{"@type":"WebSite","@id":"https:\/\/ravyx.com\/#website","url":"https:\/\/ravyx.com\/","name":"Ravyx","description":"Proven Grocery Technologies","publisher":{"@id":"https:\/\/ravyx.com\/#organization"},"potentialAction":[{"@type":"SearchAction","target":{"@type":"EntryPoint","urlTemplate":"https:\/\/ravyx.com\/?s={search_term_string}"},"query-input":{"@type":"PropertyValueSpecification","valueRequired":true,"valueName":"search_term_string"}}],"inLanguage":"fr-CA"},{"@type":"Organization","@id":"https:\/\/ravyx.com\/#organization","name":"Ravyx","url":"https:\/\/ravyx.com\/","logo":{"@type":"ImageObject","inLanguage":"fr-CA","@id":"https:\/\/ravyx.com\/#\/schema\/logo\/image\/","url":"https:\/\/ravyx.com\/wp-content\/uploads\/2023\/09\/generic-brand-1.jpg","contentUrl":"https:\/\/ravyx.com\/wp-content\/uploads\/2023\/09\/generic-brand-1.jpg","width":1200,"height":1200,"caption":"Ravyx"},"image":{"@id":"https:\/\/ravyx.com\/#\/schema\/logo\/image\/"},"sameAs":["https:\/\/www.facebook.com\/stcrpos","https:\/\/x.com\/stcrpos","https:\/\/www.linkedin.com\/company\/stcr\/","https:\/\/www.youtube.com\/channel\/UCSWcsJARYjaQnz0T5o4p9DQ"]}]}},"_links":{"self":[{"href":"https:\/\/ravyx.com\/fr_ca\/wp-json\/wp\/v2\/pages\/4048","targetHints":{"allow":["GET"]}}],"collection":[{"href":"https:\/\/ravyx.com\/fr_ca\/wp-json\/wp\/v2\/pages"}],"about":[{"href":"https:\/\/ravyx.com\/fr_ca\/wp-json\/wp\/v2\/types\/page"}],"author":[{"embeddable":true,"href":"https:\/\/ravyx.com\/fr_ca\/wp-json\/wp\/v2\/users\/13"}],"replies":[{"embeddable":true,"href":"https:\/\/ravyx.com\/fr_ca\/wp-json\/wp\/v2\/comments?post=4048"}],"version-history":[{"count":0,"href":"https:\/\/ravyx.com\/fr_ca\/wp-json\/wp\/v2\/pages\/4048\/revisions"}],"up":[{"embeddable":true,"href":"https:\/\/ravyx.com\/fr_ca\/wp-json\/wp\/v2\/pages\/596"}],"wp:attachment":[{"href":"https:\/\/ravyx.com\/fr_ca\/wp-json\/wp\/v2\/media?parent=4048"}],"curies":[{"name":"wp","href":"https:\/\/api.w.org\/{rel}","templated":true}]}}