{"id":4043,"date":"2025-11-06T11:20:51","date_gmt":"2025-11-06T16:20:51","guid":{"rendered":"https:\/\/ravyx.com\/?page_id=4043"},"modified":"2025-11-06T11:35:19","modified_gmt":"2025-11-06T16:35:19","slug":"montreal-grocery-technology-solutions","status":"publish","type":"page","link":"https:\/\/ravyx.com\/fr_ca\/contact-us\/montreal-grocery-technology-solutions\/","title":{"rendered":"Solutions technologiques pour l'\u00e9picerie de Montr\u00e9al"},"content":{"rendered":"<div class=\"wp-block-columns is-layout-flex wp-container-core-columns-is-layout-9d6595d7 wp-block-columns-is-layout-flex\">\n<div class=\"wp-block-column is-layout-flow wp-block-column-is-layout-flow\">\n<h2 class=\"wp-block-heading\">L'innovation dans la vente au d\u00e9tail avec un soutien bilingue<\/h2>\n\n\n\n<p>Le march\u00e9 de d\u00e9tail montr\u00e9alais allie culture, communaut\u00e9 et concurrence - ce qui signifie que la technologie ne doit pas se contenter de traiter les transactions. Elle doit \u00eatre en contact avec les gens. Nous offrons des solutions technologiques pour les \u00e9piceries de Montr\u00e9al qui aident les \u00e9piciers \u00e0 servir les clients anglophones et francophones avec la m\u00eame exp\u00e9rience transparente.<\/p>\n\n\n\n<p>Du c\u0153ur du centre-ville de Montr\u00e9al aux communaut\u00e9s environnantes de Laval, Longueuil et de la Rive-Sud, nous permettons aux d\u00e9taillants de moderniser leurs op\u00e9rations, de simplifier leur flux de travail et de rester \u00e0 l'avant-garde du changement. Que vous g\u00e9riez un seul magasin ou une cha\u00eene en pleine croissance, notre \u00e9quipe vous apporte les outils et l'expertise n\u00e9cessaires pour aider votre entreprise \u00e0 prosp\u00e9rer dans le secteur de l'\u00e9picerie au Qu\u00e9bec, qui \u00e9volue rapidement.<\/p>\n<\/div>\n\n\n\n<div class=\"wp-block-column is-layout-flow wp-block-column-is-layout-flow\">\n<figure class=\"wp-block-image size-full\"><img loading=\"lazy\" decoding=\"async\" width=\"700\" height=\"500\" src=\"https:\/\/ravyx.com\/wp-content\/uploads\/2025\/11\/Quebec.png\" alt=\"\" class=\"wp-image-4044\" srcset=\"https:\/\/ravyx.com\/wp-content\/uploads\/2025\/11\/Quebec.png 700w, https:\/\/ravyx.com\/wp-content\/uploads\/2025\/11\/Quebec-300x214.png 300w, https:\/\/ravyx.com\/wp-content\/uploads\/2025\/11\/Quebec-18x12.png 18w\" sizes=\"auto, (max-width: 700px) 100vw, 700px\" \/><\/figure>\n<\/div>\n<\/div>\n\n\n\n<div class=\"block-inline-cta wpx-custom-block\" id=\"acf-inline-cta8600\">\n\n\t<div class=\"inline-cta-inner\">\n\t\t\n\t\t<h3 class=\"inline-cta-title\">Parlons de la fa\u00e7on dont Ravyx peut alimenter la technologie des \u00e9piceries de Montr\u00e9al !<\/h3>\t\t<p>Si vous souhaitez en savoir plus mais que vous ne savez pas par o\u00f9 commencer, contactez notre \u00e9quipe d\u00e8s aujourd'hui ! Inscrivez-vous pour une consultation gratuite de votre syst\u00e8me actuel et laissez notre \u00e9quipe \u00e9laborer un plan sur la fa\u00e7on dont nos solutions peuvent aider \u00e0 am\u00e9liorer l'efficacit\u00e9 de vos magasins. <\/p>\n\t\t\t\t\t<div class=\"button-group\">\n\t\t\t\t<a href=\"https:\/\/ravyx.com\/fr_ca\/contact-us\/\" target=\"\" class=\"wpx-button\">Nous contacter<\/a>\n\t\t\t<\/div>\n\t\t\n\t<\/div>\n\n<\/div>\n\n\n<div class=\"wp-block-columns is-layout-flex wp-container-core-columns-is-layout-9d6595d7 wp-block-columns-is-layout-flex\">\n<div class=\"wp-block-column is-layout-flow wp-block-column-is-layout-flow\" style=\"flex-basis:33.33%\">\n<figure class=\"wp-block-image size-full\"><img loading=\"lazy\" decoding=\"async\" width=\"1920\" height=\"2560\" src=\"https:\/\/ravyx.com\/wp-content\/uploads\/2025\/11\/ESL-Center-Store.jpg\" alt=\"\" class=\"wp-image-4047\" srcset=\"https:\/\/ravyx.com\/wp-content\/uploads\/2025\/11\/ESL-Center-Store.jpg 1920w, https:\/\/ravyx.com\/wp-content\/uploads\/2025\/11\/ESL-Center-Store-225x300.jpg 225w, https:\/\/ravyx.com\/wp-content\/uploads\/2025\/11\/ESL-Center-Store-768x1024.jpg 768w, https:\/\/ravyx.com\/wp-content\/uploads\/2025\/11\/ESL-Center-Store-1152x1536.jpg 1152w, https:\/\/ravyx.com\/wp-content\/uploads\/2025\/11\/ESL-Center-Store-1536x2048.jpg 1536w, https:\/\/ravyx.com\/wp-content\/uploads\/2025\/11\/ESL-Center-Store-9x12.jpg 9w\" sizes=\"auto, (max-width: 1920px) 100vw, 1920px\" \/><\/figure>\n<\/div>\n\n\n\n<div class=\"wp-block-column is-layout-flow wp-block-column-is-layout-flow\" style=\"flex-basis:66.66%\">\n<h2 class=\"wp-block-heading\">Pourquoi les \u00e9piciers de Montr\u00e9al choisissent Ravyx<\/h2>\n\n\n\n<p>Au Qu\u00e9bec, la technologie doit r\u00e9pondre \u00e0 des besoins op\u00e9rationnels, mais aussi respecter la langue locale et les pr\u00e9f\u00e9rences des clients. C'est pourquoi nous fournissons des syst\u00e8mes con\u00e7us pour des environnements bilingues, avec des interfaces, des re\u00e7us et des affichages destin\u00e9s aux clients disponibles en anglais et en fran\u00e7ais.<\/p>\n\n\n\n<ul class=\"wp-block-list\">\n<li><strong>Syst\u00e8mes de points de vente et mises \u00e0 jour<\/strong> - Des configurations enti\u00e8rement bilingues qui rationalisent les t\u00e2ches de caisse et de back-office.<\/li>\n\n\n\n<li><strong>Self-Checkout <strong>et<\/strong> Kiosques<\/strong> - R\u00e9duire les files d'attente et donner plus de flexibilit\u00e9 aux acheteurs<\/li>\n\n\n\n<li><strong>Programmes de fid\u00e9lisation<\/strong> - R\u00e9compenser les clients avec des offres et des promotions cibl\u00e9es et multilingues<\/li>\n\n\n\n<li><strong>Gestion des stocks et du back-office<\/strong> - Garder les rayons bien garnis et r\u00e9duire les d\u00e9chets gr\u00e2ce \u00e0 un suivi en temps r\u00e9el<\/li>\n\n\n\n<li><strong>Outils de r\u00e9duction de la r\u00e9traction<\/strong> - Pr\u00e9venir les pertes et prot\u00e9ger vos r\u00e9sultats<\/li>\n\n\n\n<li><strong>Analyse du commerce de d\u00e9tail<\/strong> - Comprendre votre activit\u00e9 gr\u00e2ce \u00e0 des visualisations de donn\u00e9es et des tableaux de bord bilingues<\/li>\n\n\n\n<li><strong>Int\u00e9gration du commerce de d\u00e9tail omnicanal <\/strong>- Connecter les ventes en ligne, mobiles et en magasin pour une exp\u00e9rience unifi\u00e9e<\/li>\n<\/ul>\n<\/div>\n<\/div>\n\n\n\n<div class=\"block-inline-cta wpx-custom-block\" id=\"acf-inline-cta5921\">\n\n\t<div class=\"inline-cta-inner\">\n\t\t\n\t\t<h3 class=\"inline-cta-title\">Pr\u00eat \u00e0 devenir un d\u00e9taillant agile ?<\/h3>\t\t<p>Les \u00e9piciers et les d\u00e9taillants de Montr\u00e9al ont besoin de la bonne technologie pour leur entreprise unique. En combinant le point de vente, la caisse automatique, la fid\u00e9lisation, la pr\u00e9vention des pertes, et plus encore, en un seul syst\u00e8me transparent. Concevons une solution qui \u00e9volue avec votre entreprise et vous permet de rester \u00e0 l'avant-garde du changement.<\/p>\n\t\t\t\t\t<div class=\"button-group\">\n\t\t\t\t<a href=\"https:\/\/ravyx.com\/fr_ca\/agile-grocer-ebook\/\" target=\"_blank\" class=\"wpx-button\">En savoir plus<\/a>\n\t\t\t<\/div>\n\t\t\n\t<\/div>\n\n<\/div>","protected":false},"excerpt":{"rendered":"<p>Retail Innovation with Bilingual Support Montreal\u2019s retail market blends culture, community, and competition \u2014 and that means technology must do more than just process transactions. It has to connect with people. We deliver Montreal grocery technology solutions that help grocers serve both English- and French-speaking customers with the same seamless experience. From the heart of [&hellip;]<\/p>\n","protected":false},"author":13,"featured_media":0,"parent":596,"menu_order":5,"comment_status":"closed","ping_status":"closed","template":"","meta":{"_acf_changed":true,"footnotes":""},"class_list":["post-4043","page","type-page","status-publish","hentry"],"acf":[],"yoast_head":"<!-- This site is optimized with the Yoast SEO plugin v27.5 - https:\/\/yoast.com\/product\/yoast-seo-wordpress\/ -->\n<title>Montreal Grocery Technology Expansion | Ravyx<\/title>\n<meta name=\"description\" content=\"Discover how Ravyx delivers Montreal grocery technology that helps retailers boost efficiency, cut costs, and enhance customer experiences.\" \/>\n<meta name=\"robots\" content=\"index, follow, max-snippet:-1, max-image-preview:large, max-video-preview:-1\" \/>\n<link rel=\"canonical\" href=\"https:\/\/ravyx.com\/fr_ca\/contact-us\/montreal-grocery-technology-solutions\/\" \/>\n<meta property=\"og:locale\" content=\"fr_CA\" \/>\n<meta property=\"og:type\" content=\"article\" \/>\n<meta property=\"og:title\" content=\"Montreal Grocery Technology Expansion | Ravyx\" \/>\n<meta property=\"og:description\" content=\"Discover how Ravyx delivers Montreal grocery technology that helps retailers boost efficiency, cut costs, and enhance customer experiences.\" \/>\n<meta property=\"og:url\" content=\"https:\/\/ravyx.com\/fr_ca\/contact-us\/montreal-grocery-technology-solutions\/\" \/>\n<meta property=\"og:site_name\" content=\"Ravyx\" \/>\n<meta property=\"article:publisher\" content=\"https:\/\/www.facebook.com\/stcrpos\" \/>\n<meta property=\"article:modified_time\" content=\"2025-11-06T16:35:19+00:00\" \/>\n<meta property=\"og:image\" content=\"https:\/\/ravyx.com\/wp-content\/uploads\/2025\/11\/Quebec.png\" \/>\n\t<meta property=\"og:image:width\" content=\"700\" \/>\n\t<meta property=\"og:image:height\" content=\"500\" \/>\n\t<meta property=\"og:image:type\" content=\"image\/png\" \/>\n<meta name=\"twitter:card\" content=\"summary_large_image\" \/>\n<meta name=\"twitter:site\" content=\"@stcrpos\" \/>\n<meta name=\"twitter:label1\" content=\"Est. reading time\" \/>\n\t<meta name=\"twitter:data1\" content=\"2 minutes\" \/>\n<script type=\"application\/ld+json\" class=\"yoast-schema-graph\">{\"@context\":\"https:\\\/\\\/schema.org\",\"@graph\":[{\"@type\":\"WebPage\",\"@id\":\"https:\\\/\\\/ravyx.com\\\/contact-us\\\/montreal-grocery-technology-solutions\\\/\",\"url\":\"https:\\\/\\\/ravyx.com\\\/contact-us\\\/montreal-grocery-technology-solutions\\\/\",\"name\":\"Montreal Grocery Technology Expansion | Ravyx\",\"isPartOf\":{\"@id\":\"https:\\\/\\\/ravyx.com\\\/#website\"},\"primaryImageOfPage\":{\"@id\":\"https:\\\/\\\/ravyx.com\\\/contact-us\\\/montreal-grocery-technology-solutions\\\/#primaryimage\"},\"image\":{\"@id\":\"https:\\\/\\\/ravyx.com\\\/contact-us\\\/montreal-grocery-technology-solutions\\\/#primaryimage\"},\"thumbnailUrl\":\"https:\\\/\\\/ravyx.com\\\/wp-content\\\/uploads\\\/2025\\\/11\\\/Quebec.png\",\"datePublished\":\"2025-11-06T16:20:51+00:00\",\"dateModified\":\"2025-11-06T16:35:19+00:00\",\"description\":\"Discover how Ravyx delivers Montreal grocery technology that helps retailers boost efficiency, cut costs, and enhance customer experiences.\",\"breadcrumb\":{\"@id\":\"https:\\\/\\\/ravyx.com\\\/contact-us\\\/montreal-grocery-technology-solutions\\\/#breadcrumb\"},\"inLanguage\":\"fr-CA\",\"potentialAction\":[{\"@type\":\"ReadAction\",\"target\":[\"https:\\\/\\\/ravyx.com\\\/contact-us\\\/montreal-grocery-technology-solutions\\\/\"]}]},{\"@type\":\"ImageObject\",\"inLanguage\":\"fr-CA\",\"@id\":\"https:\\\/\\\/ravyx.com\\\/contact-us\\\/montreal-grocery-technology-solutions\\\/#primaryimage\",\"url\":\"https:\\\/\\\/ravyx.com\\\/wp-content\\\/uploads\\\/2025\\\/11\\\/Quebec.png\",\"contentUrl\":\"https:\\\/\\\/ravyx.com\\\/wp-content\\\/uploads\\\/2025\\\/11\\\/Quebec.png\"},{\"@type\":\"BreadcrumbList\",\"@id\":\"https:\\\/\\\/ravyx.com\\\/contact-us\\\/montreal-grocery-technology-solutions\\\/#breadcrumb\",\"itemListElement\":[{\"@type\":\"ListItem\",\"position\":1,\"name\":\"Home\",\"item\":\"https:\\\/\\\/ravyx.com\\\/\"},{\"@type\":\"ListItem\",\"position\":2,\"name\":\"Contact Us\",\"item\":\"https:\\\/\\\/ravyx.com\\\/contact-us\\\/\"},{\"@type\":\"ListItem\",\"position\":3,\"name\":\"Montreal Grocery Technology Solutions\"}]},{\"@type\":\"WebSite\",\"@id\":\"https:\\\/\\\/ravyx.com\\\/#website\",\"url\":\"https:\\\/\\\/ravyx.com\\\/\",\"name\":\"Ravyx\",\"description\":\"Proven Grocery Technologies\",\"publisher\":{\"@id\":\"https:\\\/\\\/ravyx.com\\\/#organization\"},\"potentialAction\":[{\"@type\":\"SearchAction\",\"target\":{\"@type\":\"EntryPoint\",\"urlTemplate\":\"https:\\\/\\\/ravyx.com\\\/?s={search_term_string}\"},\"query-input\":{\"@type\":\"PropertyValueSpecification\",\"valueRequired\":true,\"valueName\":\"search_term_string\"}}],\"inLanguage\":\"fr-CA\"},{\"@type\":\"Organization\",\"@id\":\"https:\\\/\\\/ravyx.com\\\/#organization\",\"name\":\"Ravyx\",\"url\":\"https:\\\/\\\/ravyx.com\\\/\",\"logo\":{\"@type\":\"ImageObject\",\"inLanguage\":\"fr-CA\",\"@id\":\"https:\\\/\\\/ravyx.com\\\/#\\\/schema\\\/logo\\\/image\\\/\",\"url\":\"https:\\\/\\\/ravyx.com\\\/wp-content\\\/uploads\\\/2023\\\/09\\\/generic-brand-1.jpg\",\"contentUrl\":\"https:\\\/\\\/ravyx.com\\\/wp-content\\\/uploads\\\/2023\\\/09\\\/generic-brand-1.jpg\",\"width\":1200,\"height\":1200,\"caption\":\"Ravyx\"},\"image\":{\"@id\":\"https:\\\/\\\/ravyx.com\\\/#\\\/schema\\\/logo\\\/image\\\/\"},\"sameAs\":[\"https:\\\/\\\/www.facebook.com\\\/stcrpos\",\"https:\\\/\\\/x.com\\\/stcrpos\",\"https:\\\/\\\/www.linkedin.com\\\/company\\\/stcr\\\/\",\"https:\\\/\\\/www.youtube.com\\\/channel\\\/UCSWcsJARYjaQnz0T5o4p9DQ\"]}]}<\/script>\n<!-- \/ Yoast SEO plugin. -->","yoast_head_json":{"title":"Montreal Grocery Technology Expansion | Ravyx","description":"Discover how Ravyx delivers Montreal grocery technology that helps retailers boost efficiency, cut costs, and enhance customer experiences.","robots":{"index":"index","follow":"follow","max-snippet":"max-snippet:-1","max-image-preview":"max-image-preview:large","max-video-preview":"max-video-preview:-1"},"canonical":"https:\/\/ravyx.com\/fr_ca\/contact-us\/montreal-grocery-technology-solutions\/","og_locale":"fr_CA","og_type":"article","og_title":"Montreal Grocery Technology Expansion | Ravyx","og_description":"Discover how Ravyx delivers Montreal grocery technology that helps retailers boost efficiency, cut costs, and enhance customer experiences.","og_url":"https:\/\/ravyx.com\/fr_ca\/contact-us\/montreal-grocery-technology-solutions\/","og_site_name":"Ravyx","article_publisher":"https:\/\/www.facebook.com\/stcrpos","article_modified_time":"2025-11-06T16:35:19+00:00","og_image":[{"width":700,"height":500,"url":"https:\/\/ravyx.com\/wp-content\/uploads\/2025\/11\/Quebec.png","type":"image\/png"}],"twitter_card":"summary_large_image","twitter_site":"@stcrpos","twitter_misc":{"Est. reading time":"2 minutes"},"schema":{"@context":"https:\/\/schema.org","@graph":[{"@type":"WebPage","@id":"https:\/\/ravyx.com\/contact-us\/montreal-grocery-technology-solutions\/","url":"https:\/\/ravyx.com\/contact-us\/montreal-grocery-technology-solutions\/","name":"Montreal Grocery Technology Expansion | Ravyx","isPartOf":{"@id":"https:\/\/ravyx.com\/#website"},"primaryImageOfPage":{"@id":"https:\/\/ravyx.com\/contact-us\/montreal-grocery-technology-solutions\/#primaryimage"},"image":{"@id":"https:\/\/ravyx.com\/contact-us\/montreal-grocery-technology-solutions\/#primaryimage"},"thumbnailUrl":"https:\/\/ravyx.com\/wp-content\/uploads\/2025\/11\/Quebec.png","datePublished":"2025-11-06T16:20:51+00:00","dateModified":"2025-11-06T16:35:19+00:00","description":"Discover how Ravyx delivers Montreal grocery technology that helps retailers boost efficiency, cut costs, and enhance customer experiences.","breadcrumb":{"@id":"https:\/\/ravyx.com\/contact-us\/montreal-grocery-technology-solutions\/#breadcrumb"},"inLanguage":"fr-CA","potentialAction":[{"@type":"ReadAction","target":["https:\/\/ravyx.com\/contact-us\/montreal-grocery-technology-solutions\/"]}]},{"@type":"ImageObject","inLanguage":"fr-CA","@id":"https:\/\/ravyx.com\/contact-us\/montreal-grocery-technology-solutions\/#primaryimage","url":"https:\/\/ravyx.com\/wp-content\/uploads\/2025\/11\/Quebec.png","contentUrl":"https:\/\/ravyx.com\/wp-content\/uploads\/2025\/11\/Quebec.png"},{"@type":"BreadcrumbList","@id":"https:\/\/ravyx.com\/contact-us\/montreal-grocery-technology-solutions\/#breadcrumb","itemListElement":[{"@type":"ListItem","position":1,"name":"Home","item":"https:\/\/ravyx.com\/"},{"@type":"ListItem","position":2,"name":"Contact Us","item":"https:\/\/ravyx.com\/contact-us\/"},{"@type":"ListItem","position":3,"name":"Montreal Grocery Technology Solutions"}]},{"@type":"WebSite","@id":"https:\/\/ravyx.com\/#website","url":"https:\/\/ravyx.com\/","name":"Ravyx","description":"Proven Grocery Technologies","publisher":{"@id":"https:\/\/ravyx.com\/#organization"},"potentialAction":[{"@type":"SearchAction","target":{"@type":"EntryPoint","urlTemplate":"https:\/\/ravyx.com\/?s={search_term_string}"},"query-input":{"@type":"PropertyValueSpecification","valueRequired":true,"valueName":"search_term_string"}}],"inLanguage":"fr-CA"},{"@type":"Organization","@id":"https:\/\/ravyx.com\/#organization","name":"Ravyx","url":"https:\/\/ravyx.com\/","logo":{"@type":"ImageObject","inLanguage":"fr-CA","@id":"https:\/\/ravyx.com\/#\/schema\/logo\/image\/","url":"https:\/\/ravyx.com\/wp-content\/uploads\/2023\/09\/generic-brand-1.jpg","contentUrl":"https:\/\/ravyx.com\/wp-content\/uploads\/2023\/09\/generic-brand-1.jpg","width":1200,"height":1200,"caption":"Ravyx"},"image":{"@id":"https:\/\/ravyx.com\/#\/schema\/logo\/image\/"},"sameAs":["https:\/\/www.facebook.com\/stcrpos","https:\/\/x.com\/stcrpos","https:\/\/www.linkedin.com\/company\/stcr\/","https:\/\/www.youtube.com\/channel\/UCSWcsJARYjaQnz0T5o4p9DQ"]}]}},"_links":{"self":[{"href":"https:\/\/ravyx.com\/fr_ca\/wp-json\/wp\/v2\/pages\/4043","targetHints":{"allow":["GET"]}}],"collection":[{"href":"https:\/\/ravyx.com\/fr_ca\/wp-json\/wp\/v2\/pages"}],"about":[{"href":"https:\/\/ravyx.com\/fr_ca\/wp-json\/wp\/v2\/types\/page"}],"author":[{"embeddable":true,"href":"https:\/\/ravyx.com\/fr_ca\/wp-json\/wp\/v2\/users\/13"}],"replies":[{"embeddable":true,"href":"https:\/\/ravyx.com\/fr_ca\/wp-json\/wp\/v2\/comments?post=4043"}],"version-history":[{"count":0,"href":"https:\/\/ravyx.com\/fr_ca\/wp-json\/wp\/v2\/pages\/4043\/revisions"}],"up":[{"embeddable":true,"href":"https:\/\/ravyx.com\/fr_ca\/wp-json\/wp\/v2\/pages\/596"}],"wp:attachment":[{"href":"https:\/\/ravyx.com\/fr_ca\/wp-json\/wp\/v2\/media?parent=4043"}],"curies":[{"name":"wp","href":"https:\/\/api.w.org\/{rel}","templated":true}]}}