{"id":4039,"date":"2025-11-06T11:01:41","date_gmt":"2025-11-06T16:01:41","guid":{"rendered":"https:\/\/ravyx.com\/?page_id=4039"},"modified":"2025-11-06T11:01:43","modified_gmt":"2025-11-06T16:01:43","slug":"new-york-grocery-technology-solutions","status":"publish","type":"page","link":"https:\/\/ravyx.com\/fr_ca\/contact-us\/new-york-grocery-technology-solutions\/","title":{"rendered":"Solutions technologiques pour les \u00e9piceries de New York"},"content":{"rendered":"<div class=\"wp-block-columns is-layout-flex wp-container-core-columns-is-layout-9d6595d7 wp-block-columns-is-layout-flex\">\n<div class=\"wp-block-column is-layout-flow wp-block-column-is-layout-flow\">\n<h2 class=\"wp-block-heading\">Favoriser l'innovation dans le commerce de d\u00e9tail dans l'Empire State<\/h2>\n\n\n\n<p>L'industrie de l'alimentation et de la vente au d\u00e9tail de l'\u00c9tat de New York n'est jamais fig\u00e9e. Des all\u00e9es anim\u00e9es de la ville de New York aux march\u00e9s locaux des villes du nord de l'\u00c9tat comme Endicott, Syracuse et Albany, les d\u00e9taillants adoptent une technologie plus intelligente pour rester \u00e0 la pointe du changement.<\/p>\n\n\n\n<p>Nous fournissons une technologie pour les \u00e9piceries de New York qui simplifie les op\u00e9rations des magasins, am\u00e9liore l'exp\u00e9rience des clients et augmente les r\u00e9sultats. Que vous teniez un seul magasin ou que vous g\u00e9riez une cha\u00eene de magasins, nos solutions vous donnent la souplesse et le contr\u00f4le dont vous avez besoin pour vous d\u00e9velopper en toute confiance dans l'environnement actuel de la vente au d\u00e9tail, qui \u00e9volue rapidement.<\/p>\n<\/div>\n\n\n\n<div class=\"wp-block-column is-layout-flow wp-block-column-is-layout-flow\">\n<figure class=\"wp-block-image size-full\"><img loading=\"lazy\" decoding=\"async\" width=\"700\" height=\"500\" src=\"https:\/\/ravyx.com\/wp-content\/uploads\/2025\/11\/New-York.png\" alt=\"\" class=\"wp-image-4040\" srcset=\"https:\/\/ravyx.com\/wp-content\/uploads\/2025\/11\/New-York.png 700w, https:\/\/ravyx.com\/wp-content\/uploads\/2025\/11\/New-York-300x214.png 300w, https:\/\/ravyx.com\/wp-content\/uploads\/2025\/11\/New-York-18x12.png 18w\" sizes=\"auto, (max-width: 700px) 100vw, 700px\" \/><\/figure>\n<\/div>\n<\/div>\n\n\n\n<div class=\"block-inline-cta wpx-custom-block\" id=\"acf-inline-cta4203\">\n\n\t<div class=\"inline-cta-inner\">\n\t\t\n\t\t<h3 class=\"inline-cta-title\">Discutons de la mani\u00e8re dont Ravyx peut alimenter la technologie des \u00e9piceries new-yorkaises !<\/h3>\t\t<p>Si vous souhaitez en savoir plus mais que vous ne savez pas par o\u00f9 commencer, contactez notre \u00e9quipe d\u00e8s aujourd'hui ! Inscrivez-vous pour une consultation gratuite de votre syst\u00e8me actuel et laissez notre \u00e9quipe \u00e9laborer un plan sur la fa\u00e7on dont nos solutions peuvent aider \u00e0 am\u00e9liorer l'efficacit\u00e9 de vos magasins. <\/p>\n\t\t\t\t\t<div class=\"button-group\">\n\t\t\t\t<a href=\"https:\/\/ravyx.com\/fr_ca\/contact-us\/\" target=\"\" class=\"wpx-button\">Nous contacter<\/a>\n\t\t\t<\/div>\n\t\t\n\t<\/div>\n\n<\/div>\n\n\n<div class=\"wp-block-columns is-layout-flex wp-container-core-columns-is-layout-9d6595d7 wp-block-columns-is-layout-flex\">\n<div class=\"wp-block-column is-layout-flow wp-block-column-is-layout-flow\" style=\"flex-basis:33.33%\">\n<figure class=\"wp-block-image size-full\"><img loading=\"lazy\" decoding=\"async\" width=\"1920\" height=\"2560\" src=\"https:\/\/ravyx.com\/wp-content\/uploads\/2025\/11\/image-20250429-200749-b86b1b88.jpeg\" alt=\"\" class=\"wp-image-4041\" srcset=\"https:\/\/ravyx.com\/wp-content\/uploads\/2025\/11\/image-20250429-200749-b86b1b88.jpeg 1920w, https:\/\/ravyx.com\/wp-content\/uploads\/2025\/11\/image-20250429-200749-b86b1b88-225x300.jpeg 225w, https:\/\/ravyx.com\/wp-content\/uploads\/2025\/11\/image-20250429-200749-b86b1b88-768x1024.jpeg 768w, https:\/\/ravyx.com\/wp-content\/uploads\/2025\/11\/image-20250429-200749-b86b1b88-1152x1536.jpeg 1152w, https:\/\/ravyx.com\/wp-content\/uploads\/2025\/11\/image-20250429-200749-b86b1b88-1536x2048.jpeg 1536w, https:\/\/ravyx.com\/wp-content\/uploads\/2025\/11\/image-20250429-200749-b86b1b88-9x12.jpeg 9w\" sizes=\"auto, (max-width: 1920px) 100vw, 1920px\" \/><\/figure>\n<\/div>\n\n\n\n<div class=\"wp-block-column is-layout-flow wp-block-column-is-layout-flow\" style=\"flex-basis:66.66%\">\n<h2 class=\"wp-block-heading\">Pourquoi les d\u00e9taillants new-yorkais s'associent-ils \u00e0 Ravyx ?<\/h2>\n\n\n\n<p>Les d\u00e9taillants de New York font confiance \u00e0 Ravyx pour une seule raison : les r\u00e9sultats. Nous combinons une exp\u00e9rience approfondie de la vente au d\u00e9tail avec une technologie de pointe pour aider les \u00e9piciers \u00e0 se moderniser sans interruption. Notre \u00e9quipe est bas\u00e9e \u00e0 Endicott, dans l'\u00c9tat de New York, et soutient fi\u00e8rement les d\u00e9taillants de tout l'\u00c9tat.<\/p>\n\n\n\n<ul class=\"wp-block-list\">\n<li><strong>Syst\u00e8mes de points de vente et mises \u00e0 jour<\/strong> - Con\u00e7ue pour les \u00e9piciers et les d\u00e9taillants de New York qui ont besoin d'une technologie de caisse fiable et flexible.<\/li>\n\n\n\n<li><strong>Self-Checkout <strong>et<\/strong> Kiosques<\/strong> - R\u00e9duire les temps d'attente et maintenir les files d'attente dans les magasins urbains et suburbains tr\u00e8s fr\u00e9quent\u00e9s<\/li>\n\n\n\n<li><strong>Loyaut\u00e9 <strong>et <\/strong>Programmes de r\u00e9compenses<\/strong> - \u00c9tablir des relations avec les clients gr\u00e2ce \u00e0 des offres personnalis\u00e9es qui favorisent les visites r\u00e9p\u00e9t\u00e9es<\/li>\n\n\n\n<li><strong>Gestion des stocks et du back-office<\/strong> - Rationaliser le contr\u00f4le des stocks et r\u00e9duire les erreurs manuelles<\/li>\n\n\n\n<li><strong>Outils de pr\u00e9vention de la d\u00e9marque inconnue et des pertes<\/strong> - Prot\u00e9ger chaque dollar gr\u00e2ce \u00e0 une s\u00e9curit\u00e9 intelligente et connect\u00e9e<\/li>\n\n\n\n<li><strong>Analyse du commerce de d\u00e9tail<\/strong> - Prendre rapidement des d\u00e9cisions fond\u00e9es sur des donn\u00e9es, gr\u00e2ce \u00e0 des informations qui r\u00e9v\u00e8lent de nouvelles opportunit\u00e9s<\/li>\n\n\n\n<li><strong>Int\u00e9gration omnicanale <\/strong>- Connecter sans effort les commandes en ligne, le ramassage sur le trottoir et les transactions en magasin<\/li>\n<\/ul>\n<\/div>\n<\/div>\n\n\n\n<div class=\"block-inline-cta wpx-custom-block\" id=\"acf-inline-cta2930\">\n\n\t<div class=\"inline-cta-inner\">\n\t\t\n\t\t<h3 class=\"inline-cta-title\">Pr\u00eat \u00e0 devenir un d\u00e9taillant agile ?<\/h3>\t\t<p>Les \u00e9piciers et les d\u00e9taillants de New York ont besoin d'une technologie adapt\u00e9e \u00e0 leur activit\u00e9. En combinant les points de vente, les caisses automatiques, la fid\u00e9lisation, la pr\u00e9vention des pertes et bien d'autres choses encore en un seul syst\u00e8me homog\u00e8ne. Concevons une solution qui \u00e9volue avec votre entreprise et vous permet de rester \u00e0 la pointe du progr\u00e8s.<\/p>\n\t\t\t\t\t<div class=\"button-group\">\n\t\t\t\t<a href=\"https:\/\/ravyx.com\/fr_ca\/agile-grocer-ebook\/\" target=\"_blank\" class=\"wpx-button\">En savoir plus<\/a>\n\t\t\t<\/div>\n\t\t\n\t<\/div>\n\n<\/div>","protected":false},"excerpt":{"rendered":"<p>Powering Retail Innovation Across the Empire State New York\u2019s grocery and retail industry never stands still. From the bustling aisles of New York City to community markets in Upstate towns like Endicott, Syracuse, and Albany, retailers are embracing smarter technology to stay ahead of change. We deliver New York grocery technology that simplifies store operations, [&hellip;]<\/p>\n","protected":false},"author":13,"featured_media":0,"parent":596,"menu_order":4,"comment_status":"closed","ping_status":"closed","template":"","meta":{"_acf_changed":true,"footnotes":""},"class_list":["post-4039","page","type-page","status-publish","hentry"],"acf":[],"yoast_head":"<!-- This site is optimized with the Yoast SEO plugin v27.5 - https:\/\/yoast.com\/product\/yoast-seo-wordpress\/ -->\n<title>New York Grocery Technology Expansion | Ravyx<\/title>\n<meta name=\"description\" content=\"Discover how Ravyx delivers New York grocery technology that helps retailers boost efficiency, cut costs, and enhance customer experiences.\" \/>\n<meta name=\"robots\" content=\"index, follow, max-snippet:-1, max-image-preview:large, max-video-preview:-1\" \/>\n<link rel=\"canonical\" href=\"https:\/\/ravyx.com\/fr_ca\/contact-us\/new-york-grocery-technology-solutions\/\" \/>\n<meta property=\"og:locale\" content=\"fr_CA\" \/>\n<meta property=\"og:type\" content=\"article\" \/>\n<meta property=\"og:title\" content=\"New York Grocery Technology Expansion | Ravyx\" \/>\n<meta property=\"og:description\" content=\"Discover how Ravyx delivers New York grocery technology that helps retailers boost efficiency, cut costs, and enhance customer experiences.\" \/>\n<meta property=\"og:url\" content=\"https:\/\/ravyx.com\/fr_ca\/contact-us\/new-york-grocery-technology-solutions\/\" \/>\n<meta property=\"og:site_name\" content=\"Ravyx\" \/>\n<meta property=\"article:publisher\" content=\"https:\/\/www.facebook.com\/stcrpos\" \/>\n<meta property=\"article:modified_time\" content=\"2025-11-06T16:01:43+00:00\" \/>\n<meta property=\"og:image\" content=\"https:\/\/ravyx.com\/wp-content\/uploads\/2025\/11\/New-York.png\" \/>\n\t<meta property=\"og:image:width\" content=\"700\" \/>\n\t<meta property=\"og:image:height\" content=\"500\" \/>\n\t<meta property=\"og:image:type\" content=\"image\/png\" \/>\n<meta name=\"twitter:card\" content=\"summary_large_image\" \/>\n<meta name=\"twitter:site\" content=\"@stcrpos\" \/>\n<meta name=\"twitter:label1\" content=\"Est. reading time\" \/>\n\t<meta name=\"twitter:data1\" content=\"2 minutes\" \/>\n<script type=\"application\/ld+json\" class=\"yoast-schema-graph\">{\"@context\":\"https:\\\/\\\/schema.org\",\"@graph\":[{\"@type\":\"WebPage\",\"@id\":\"https:\\\/\\\/ravyx.com\\\/contact-us\\\/new-york-grocery-technology-solutions\\\/\",\"url\":\"https:\\\/\\\/ravyx.com\\\/contact-us\\\/new-york-grocery-technology-solutions\\\/\",\"name\":\"New York Grocery Technology Expansion | Ravyx\",\"isPartOf\":{\"@id\":\"https:\\\/\\\/ravyx.com\\\/#website\"},\"primaryImageOfPage\":{\"@id\":\"https:\\\/\\\/ravyx.com\\\/contact-us\\\/new-york-grocery-technology-solutions\\\/#primaryimage\"},\"image\":{\"@id\":\"https:\\\/\\\/ravyx.com\\\/contact-us\\\/new-york-grocery-technology-solutions\\\/#primaryimage\"},\"thumbnailUrl\":\"https:\\\/\\\/ravyx.com\\\/wp-content\\\/uploads\\\/2025\\\/11\\\/New-York.png\",\"datePublished\":\"2025-11-06T16:01:41+00:00\",\"dateModified\":\"2025-11-06T16:01:43+00:00\",\"description\":\"Discover how Ravyx delivers New York grocery technology that helps retailers boost efficiency, cut costs, and enhance customer experiences.\",\"breadcrumb\":{\"@id\":\"https:\\\/\\\/ravyx.com\\\/contact-us\\\/new-york-grocery-technology-solutions\\\/#breadcrumb\"},\"inLanguage\":\"fr-CA\",\"potentialAction\":[{\"@type\":\"ReadAction\",\"target\":[\"https:\\\/\\\/ravyx.com\\\/contact-us\\\/new-york-grocery-technology-solutions\\\/\"]}]},{\"@type\":\"ImageObject\",\"inLanguage\":\"fr-CA\",\"@id\":\"https:\\\/\\\/ravyx.com\\\/contact-us\\\/new-york-grocery-technology-solutions\\\/#primaryimage\",\"url\":\"https:\\\/\\\/ravyx.com\\\/wp-content\\\/uploads\\\/2025\\\/11\\\/New-York.png\",\"contentUrl\":\"https:\\\/\\\/ravyx.com\\\/wp-content\\\/uploads\\\/2025\\\/11\\\/New-York.png\"},{\"@type\":\"BreadcrumbList\",\"@id\":\"https:\\\/\\\/ravyx.com\\\/contact-us\\\/new-york-grocery-technology-solutions\\\/#breadcrumb\",\"itemListElement\":[{\"@type\":\"ListItem\",\"position\":1,\"name\":\"Home\",\"item\":\"https:\\\/\\\/ravyx.com\\\/\"},{\"@type\":\"ListItem\",\"position\":2,\"name\":\"Contact Us\",\"item\":\"https:\\\/\\\/ravyx.com\\\/contact-us\\\/\"},{\"@type\":\"ListItem\",\"position\":3,\"name\":\"New York Grocery Technology Solutions\"}]},{\"@type\":\"WebSite\",\"@id\":\"https:\\\/\\\/ravyx.com\\\/#website\",\"url\":\"https:\\\/\\\/ravyx.com\\\/\",\"name\":\"Ravyx\",\"description\":\"Proven Grocery Technologies\",\"publisher\":{\"@id\":\"https:\\\/\\\/ravyx.com\\\/#organization\"},\"potentialAction\":[{\"@type\":\"SearchAction\",\"target\":{\"@type\":\"EntryPoint\",\"urlTemplate\":\"https:\\\/\\\/ravyx.com\\\/?s={search_term_string}\"},\"query-input\":{\"@type\":\"PropertyValueSpecification\",\"valueRequired\":true,\"valueName\":\"search_term_string\"}}],\"inLanguage\":\"fr-CA\"},{\"@type\":\"Organization\",\"@id\":\"https:\\\/\\\/ravyx.com\\\/#organization\",\"name\":\"Ravyx\",\"url\":\"https:\\\/\\\/ravyx.com\\\/\",\"logo\":{\"@type\":\"ImageObject\",\"inLanguage\":\"fr-CA\",\"@id\":\"https:\\\/\\\/ravyx.com\\\/#\\\/schema\\\/logo\\\/image\\\/\",\"url\":\"https:\\\/\\\/ravyx.com\\\/wp-content\\\/uploads\\\/2023\\\/09\\\/generic-brand-1.jpg\",\"contentUrl\":\"https:\\\/\\\/ravyx.com\\\/wp-content\\\/uploads\\\/2023\\\/09\\\/generic-brand-1.jpg\",\"width\":1200,\"height\":1200,\"caption\":\"Ravyx\"},\"image\":{\"@id\":\"https:\\\/\\\/ravyx.com\\\/#\\\/schema\\\/logo\\\/image\\\/\"},\"sameAs\":[\"https:\\\/\\\/www.facebook.com\\\/stcrpos\",\"https:\\\/\\\/x.com\\\/stcrpos\",\"https:\\\/\\\/www.linkedin.com\\\/company\\\/stcr\\\/\",\"https:\\\/\\\/www.youtube.com\\\/channel\\\/UCSWcsJARYjaQnz0T5o4p9DQ\"]}]}<\/script>\n<!-- \/ Yoast SEO plugin. -->","yoast_head_json":{"title":"New York Grocery Technology Expansion | Ravyx","description":"Discover how Ravyx delivers New York grocery technology that helps retailers boost efficiency, cut costs, and enhance customer experiences.","robots":{"index":"index","follow":"follow","max-snippet":"max-snippet:-1","max-image-preview":"max-image-preview:large","max-video-preview":"max-video-preview:-1"},"canonical":"https:\/\/ravyx.com\/fr_ca\/contact-us\/new-york-grocery-technology-solutions\/","og_locale":"fr_CA","og_type":"article","og_title":"New York Grocery Technology Expansion | Ravyx","og_description":"Discover how Ravyx delivers New York grocery technology that helps retailers boost efficiency, cut costs, and enhance customer experiences.","og_url":"https:\/\/ravyx.com\/fr_ca\/contact-us\/new-york-grocery-technology-solutions\/","og_site_name":"Ravyx","article_publisher":"https:\/\/www.facebook.com\/stcrpos","article_modified_time":"2025-11-06T16:01:43+00:00","og_image":[{"width":700,"height":500,"url":"https:\/\/ravyx.com\/wp-content\/uploads\/2025\/11\/New-York.png","type":"image\/png"}],"twitter_card":"summary_large_image","twitter_site":"@stcrpos","twitter_misc":{"Est. reading time":"2 minutes"},"schema":{"@context":"https:\/\/schema.org","@graph":[{"@type":"WebPage","@id":"https:\/\/ravyx.com\/contact-us\/new-york-grocery-technology-solutions\/","url":"https:\/\/ravyx.com\/contact-us\/new-york-grocery-technology-solutions\/","name":"New York Grocery Technology Expansion | Ravyx","isPartOf":{"@id":"https:\/\/ravyx.com\/#website"},"primaryImageOfPage":{"@id":"https:\/\/ravyx.com\/contact-us\/new-york-grocery-technology-solutions\/#primaryimage"},"image":{"@id":"https:\/\/ravyx.com\/contact-us\/new-york-grocery-technology-solutions\/#primaryimage"},"thumbnailUrl":"https:\/\/ravyx.com\/wp-content\/uploads\/2025\/11\/New-York.png","datePublished":"2025-11-06T16:01:41+00:00","dateModified":"2025-11-06T16:01:43+00:00","description":"Discover how Ravyx delivers New York grocery technology that helps retailers boost efficiency, cut costs, and enhance customer experiences.","breadcrumb":{"@id":"https:\/\/ravyx.com\/contact-us\/new-york-grocery-technology-solutions\/#breadcrumb"},"inLanguage":"fr-CA","potentialAction":[{"@type":"ReadAction","target":["https:\/\/ravyx.com\/contact-us\/new-york-grocery-technology-solutions\/"]}]},{"@type":"ImageObject","inLanguage":"fr-CA","@id":"https:\/\/ravyx.com\/contact-us\/new-york-grocery-technology-solutions\/#primaryimage","url":"https:\/\/ravyx.com\/wp-content\/uploads\/2025\/11\/New-York.png","contentUrl":"https:\/\/ravyx.com\/wp-content\/uploads\/2025\/11\/New-York.png"},{"@type":"BreadcrumbList","@id":"https:\/\/ravyx.com\/contact-us\/new-york-grocery-technology-solutions\/#breadcrumb","itemListElement":[{"@type":"ListItem","position":1,"name":"Home","item":"https:\/\/ravyx.com\/"},{"@type":"ListItem","position":2,"name":"Contact Us","item":"https:\/\/ravyx.com\/contact-us\/"},{"@type":"ListItem","position":3,"name":"New York Grocery Technology Solutions"}]},{"@type":"WebSite","@id":"https:\/\/ravyx.com\/#website","url":"https:\/\/ravyx.com\/","name":"Ravyx","description":"Proven Grocery Technologies","publisher":{"@id":"https:\/\/ravyx.com\/#organization"},"potentialAction":[{"@type":"SearchAction","target":{"@type":"EntryPoint","urlTemplate":"https:\/\/ravyx.com\/?s={search_term_string}"},"query-input":{"@type":"PropertyValueSpecification","valueRequired":true,"valueName":"search_term_string"}}],"inLanguage":"fr-CA"},{"@type":"Organization","@id":"https:\/\/ravyx.com\/#organization","name":"Ravyx","url":"https:\/\/ravyx.com\/","logo":{"@type":"ImageObject","inLanguage":"fr-CA","@id":"https:\/\/ravyx.com\/#\/schema\/logo\/image\/","url":"https:\/\/ravyx.com\/wp-content\/uploads\/2023\/09\/generic-brand-1.jpg","contentUrl":"https:\/\/ravyx.com\/wp-content\/uploads\/2023\/09\/generic-brand-1.jpg","width":1200,"height":1200,"caption":"Ravyx"},"image":{"@id":"https:\/\/ravyx.com\/#\/schema\/logo\/image\/"},"sameAs":["https:\/\/www.facebook.com\/stcrpos","https:\/\/x.com\/stcrpos","https:\/\/www.linkedin.com\/company\/stcr\/","https:\/\/www.youtube.com\/channel\/UCSWcsJARYjaQnz0T5o4p9DQ"]}]}},"_links":{"self":[{"href":"https:\/\/ravyx.com\/fr_ca\/wp-json\/wp\/v2\/pages\/4039","targetHints":{"allow":["GET"]}}],"collection":[{"href":"https:\/\/ravyx.com\/fr_ca\/wp-json\/wp\/v2\/pages"}],"about":[{"href":"https:\/\/ravyx.com\/fr_ca\/wp-json\/wp\/v2\/types\/page"}],"author":[{"embeddable":true,"href":"https:\/\/ravyx.com\/fr_ca\/wp-json\/wp\/v2\/users\/13"}],"replies":[{"embeddable":true,"href":"https:\/\/ravyx.com\/fr_ca\/wp-json\/wp\/v2\/comments?post=4039"}],"version-history":[{"count":0,"href":"https:\/\/ravyx.com\/fr_ca\/wp-json\/wp\/v2\/pages\/4039\/revisions"}],"up":[{"embeddable":true,"href":"https:\/\/ravyx.com\/fr_ca\/wp-json\/wp\/v2\/pages\/596"}],"wp:attachment":[{"href":"https:\/\/ravyx.com\/fr_ca\/wp-json\/wp\/v2\/media?parent=4039"}],"curies":[{"name":"wp","href":"https:\/\/api.w.org\/{rel}","templated":true}]}}