{"id":4034,"date":"2025-11-06T10:24:11","date_gmt":"2025-11-06T15:24:11","guid":{"rendered":"https:\/\/ravyx.com\/?page_id=4034"},"modified":"2025-11-06T10:24:11","modified_gmt":"2025-11-06T15:24:11","slug":"expanding-to-florida-grocery-technology","status":"publish","type":"page","link":"https:\/\/ravyx.com\/fr_ca\/contact-us\/expanding-to-florida-grocery-technology\/","title":{"rendered":"Florida Grocery Technology Solutions"},"content":{"rendered":"<div class=\"wp-block-columns is-layout-flex wp-container-core-columns-is-layout-9d6595d7 wp-block-columns-is-layout-flex\">\n<div class=\"wp-block-column is-layout-flow wp-block-column-is-layout-flow\">\n<h2 class=\"wp-block-heading\">Le commerce de d\u00e9tail intelligent commence ici<\/h2>\n\n\n\n<p>Les \u00e9piceries de Floride \u00e9voluent rapidement. Les consommateurs recherchent la commodit\u00e9, la rapidit\u00e9 et la valeur - et les d\u00e9taillants ont besoin des bons outils pour suivre le mouvement. C'est l\u00e0 que nous intervenons. Nous fournissons des solutions technologiques pour les \u00e9piceries de Floride qui aident les magasins \u00e0 simplifier leurs op\u00e9rations, \u00e0 contr\u00f4ler les co\u00fbts et \u00e0 am\u00e9liorer l'exp\u00e9rience d'achat.<\/p>\n\n\n\n<p>De Miami \u00e0 Jacksonville, en passant par Orlando, Tampa et la c\u00f4te du Golfe, nous travaillons en partenariat avec des \u00e9piciers et des d\u00e9taillants de toutes tailles. Que vous g\u00e9riez un march\u00e9 local ou une cha\u00eene r\u00e9gionale enti\u00e8re, nous vous aidons \u00e0 moderniser vos syst\u00e8mes de magasins et \u00e0 rester comp\u00e9titifs.<\/p>\n<\/div>\n\n\n\n<div class=\"wp-block-column is-layout-flow wp-block-column-is-layout-flow\">\n<figure class=\"wp-block-image size-full\"><img loading=\"lazy\" decoding=\"async\" width=\"700\" height=\"500\" src=\"https:\/\/ravyx.com\/wp-content\/uploads\/2025\/11\/Florida.png\" alt=\"\" class=\"wp-image-4038\" srcset=\"https:\/\/ravyx.com\/wp-content\/uploads\/2025\/11\/Florida.png 700w, https:\/\/ravyx.com\/wp-content\/uploads\/2025\/11\/Florida-300x214.png 300w, https:\/\/ravyx.com\/wp-content\/uploads\/2025\/11\/Florida-18x12.png 18w\" sizes=\"auto, (max-width: 700px) 100vw, 700px\" \/><\/figure>\n<\/div>\n<\/div>\n\n\n\n<div class=\"block-inline-cta wpx-custom-block\" id=\"acf-inline-cta2513\">\n\n\t<div class=\"inline-cta-inner\">\n\t\t\n\t\t<h3 class=\"inline-cta-title\">Discutons de la fa\u00e7on dont Ravyx peut alimenter la technologie des \u00e9piceries de Floride !<\/h3>\t\t<p>Si vous souhaitez en savoir plus mais que vous ne savez pas par o\u00f9 commencer, contactez notre \u00e9quipe d\u00e8s aujourd'hui ! Inscrivez-vous pour une consultation gratuite de votre syst\u00e8me actuel et laissez notre \u00e9quipe \u00e9laborer un plan sur la fa\u00e7on dont nos solutions peuvent aider \u00e0 am\u00e9liorer l'efficacit\u00e9 de vos magasins. <\/p>\n\t\t\t\t\t<div class=\"button-group\">\n\t\t\t\t<a href=\"https:\/\/ravyx.com\/fr_ca\/contact-us\/\" target=\"\" class=\"wpx-button\">Nous contacter<\/a>\n\t\t\t<\/div>\n\t\t\n\t<\/div>\n\n<\/div>\n\n\n<div class=\"wp-block-columns is-layout-flex wp-container-core-columns-is-layout-9d6595d7 wp-block-columns-is-layout-flex\">\n<div class=\"wp-block-column is-layout-flow wp-block-column-is-layout-flow\" style=\"flex-basis:33.33%\">\n<figure class=\"wp-block-image size-full\"><img loading=\"lazy\" decoding=\"async\" width=\"1920\" height=\"2400\" src=\"https:\/\/ravyx.com\/wp-content\/uploads\/2025\/11\/eduardo-soares-QsYXYSwV3NU-unsplash.jpg\" alt=\"\" class=\"wp-image-4037\" srcset=\"https:\/\/ravyx.com\/wp-content\/uploads\/2025\/11\/eduardo-soares-QsYXYSwV3NU-unsplash.jpg 1920w, https:\/\/ravyx.com\/wp-content\/uploads\/2025\/11\/eduardo-soares-QsYXYSwV3NU-unsplash-240x300.jpg 240w, https:\/\/ravyx.com\/wp-content\/uploads\/2025\/11\/eduardo-soares-QsYXYSwV3NU-unsplash-819x1024.jpg 819w, https:\/\/ravyx.com\/wp-content\/uploads\/2025\/11\/eduardo-soares-QsYXYSwV3NU-unsplash-768x960.jpg 768w, https:\/\/ravyx.com\/wp-content\/uploads\/2025\/11\/eduardo-soares-QsYXYSwV3NU-unsplash-1229x1536.jpg 1229w, https:\/\/ravyx.com\/wp-content\/uploads\/2025\/11\/eduardo-soares-QsYXYSwV3NU-unsplash-1638x2048.jpg 1638w, https:\/\/ravyx.com\/wp-content\/uploads\/2025\/11\/eduardo-soares-QsYXYSwV3NU-unsplash-10x12.jpg 10w\" sizes=\"auto, (max-width: 1920px) 100vw, 1920px\" \/><\/figure>\n<\/div>\n\n\n\n<div class=\"wp-block-column is-layout-flow wp-block-column-is-layout-flow\" style=\"flex-basis:66.66%\">\n<h2 class=\"wp-block-heading\">Pourquoi les \u00e9piciers de Floride choisissent Ravyx<\/h2>\n\n\n\n<p>La technologie ne doit pas \u00eatre compliqu\u00e9e. Nous simplifions la connexion de chaque partie de votre entreprise - de la caisse au back-office - avec des outils qui permettent de gagner du temps et d'obtenir des r\u00e9sultats.<\/p>\n\n\n\n<ul class=\"wp-block-list\">\n<li><strong>Syst\u00e8mes de points de vente et mises \u00e0 jour<\/strong> - Installations personnalis\u00e9es con\u00e7ues pour des environnements d'\u00e9picerie et de vente au d\u00e9tail de toutes tailles<\/li>\n\n\n\n<li><strong>Self-Checkout <strong>et<\/strong> Kiosques<\/strong> - Raccourcissez les files d'attente et lib\u00e9rez votre personnel pour qu'il se concentre sur le service<\/li>\n\n\n\n<li><strong>Loyaut\u00e9 <strong>et <\/strong>Programmes de r\u00e9compenses<\/strong> - Faites revenir les acheteurs de Floride avec des offres personnalis\u00e9es<\/li>\n\n\n\n<li><strong>Gestion des stocks<\/strong> - Gagnez en contr\u00f4le et en pr\u00e9cision sur l'ensemble de votre cha\u00eene d'approvisionnement<\/li>\n\n\n\n<li><strong>Outils de r\u00e9duction de la r\u00e9traction<\/strong> - D\u00e9tecter les probl\u00e8mes \u00e0 temps et prot\u00e9ger vos profits<\/li>\n\n\n\n<li><strong>Analyse du commerce de d\u00e9tail<\/strong> - Prendre plus rapidement des d\u00e9cisions fond\u00e9es sur des donn\u00e9es en temps r\u00e9el<\/li>\n\n\n\n<li><strong>Solutions omnicanales<\/strong> - Relier les achats en magasin avec les commandes en ligne et le retrait en ligne<\/li>\n<\/ul>\n<\/div>\n<\/div>\n\n\n\n<div class=\"block-inline-cta wpx-custom-block\" id=\"acf-inline-cta3918\">\n\n\t<div class=\"inline-cta-inner\">\n\t\t\n\t\t<h3 class=\"inline-cta-title\">Pr\u00eat \u00e0 devenir un d\u00e9taillant agile ?<\/h3>\t\t<p>Les \u00e9piciers et les d\u00e9taillants de Floride ont besoin d'une technologie adapt\u00e9e \u00e0 leur activit\u00e9. En combinant les points de vente, les caisses automatiques, la fid\u00e9lisation, la pr\u00e9vention des pertes et bien d'autres choses encore en un seul syst\u00e8me homog\u00e8ne. Concevons ensemble une solution qui \u00e9volue avec votre entreprise et vous permet de rester \u00e0 la pointe du progr\u00e8s.<\/p>\n\t\t\t\t\t<div class=\"button-group\">\n\t\t\t\t<a href=\"https:\/\/ravyx.com\/fr_ca\/agile-grocer-ebook\/\" target=\"_blank\" class=\"wpx-button\">En savoir plus<\/a>\n\t\t\t<\/div>\n\t\t\n\t<\/div>\n\n<\/div>","protected":false},"excerpt":{"rendered":"<p>Smarter Retail Starts Here Florida\u2019s grocers are evolving fast. Shoppers expect convenience, speed, and value \u2014 and retailers need the right tools to keep up. That\u2019s where we come in. Delivering Florida grocery technology solutions that help stores simplify operations, control costs, and elevate every shopping experience. From Miami to Jacksonville, Orlando, Tampa, and the [&hellip;]<\/p>\n","protected":false},"author":13,"featured_media":0,"parent":596,"menu_order":3,"comment_status":"closed","ping_status":"closed","template":"","meta":{"_acf_changed":true,"footnotes":""},"class_list":["post-4034","page","type-page","status-publish","hentry"],"acf":[],"yoast_head":"<!-- This site is optimized with the Yoast SEO plugin v27.5 - https:\/\/yoast.com\/product\/yoast-seo-wordpress\/ -->\n<title>Florida Grocer Technology Expansion | Ravyx<\/title>\n<meta name=\"description\" content=\"Discover how Ravyx delivers Florida grocery technology that helps retailers boost efficiency, cut costs, and enhance customer experiences.\" \/>\n<meta name=\"robots\" content=\"index, follow, max-snippet:-1, max-image-preview:large, max-video-preview:-1\" \/>\n<link rel=\"canonical\" href=\"https:\/\/ravyx.com\/fr_ca\/contact-us\/expanding-to-florida-grocery-technology\/\" \/>\n<meta property=\"og:locale\" content=\"fr_CA\" \/>\n<meta property=\"og:type\" content=\"article\" \/>\n<meta property=\"og:title\" content=\"Florida Grocer Technology Expansion | Ravyx\" \/>\n<meta property=\"og:description\" content=\"Discover how Ravyx delivers Florida grocery technology that helps retailers boost efficiency, cut costs, and enhance customer experiences.\" \/>\n<meta property=\"og:url\" content=\"https:\/\/ravyx.com\/fr_ca\/contact-us\/expanding-to-florida-grocery-technology\/\" \/>\n<meta property=\"og:site_name\" content=\"Ravyx\" \/>\n<meta property=\"article:publisher\" content=\"https:\/\/www.facebook.com\/stcrpos\" \/>\n<meta property=\"og:image\" content=\"https:\/\/ravyx.com\/wp-content\/uploads\/2025\/11\/Florida.png\" \/>\n\t<meta property=\"og:image:width\" content=\"700\" \/>\n\t<meta property=\"og:image:height\" content=\"500\" \/>\n\t<meta property=\"og:image:type\" content=\"image\/png\" \/>\n<meta name=\"twitter:card\" content=\"summary_large_image\" \/>\n<meta name=\"twitter:site\" content=\"@stcrpos\" \/>\n<meta name=\"twitter:label1\" content=\"Est. reading time\" \/>\n\t<meta name=\"twitter:data1\" content=\"2 minutes\" \/>\n<script type=\"application\/ld+json\" class=\"yoast-schema-graph\">{\"@context\":\"https:\\\/\\\/schema.org\",\"@graph\":[{\"@type\":\"WebPage\",\"@id\":\"https:\\\/\\\/ravyx.com\\\/contact-us\\\/expanding-to-florida-grocery-technology\\\/\",\"url\":\"https:\\\/\\\/ravyx.com\\\/contact-us\\\/expanding-to-florida-grocery-technology\\\/\",\"name\":\"Florida Grocer Technology Expansion | Ravyx\",\"isPartOf\":{\"@id\":\"https:\\\/\\\/ravyx.com\\\/#website\"},\"primaryImageOfPage\":{\"@id\":\"https:\\\/\\\/ravyx.com\\\/contact-us\\\/expanding-to-florida-grocery-technology\\\/#primaryimage\"},\"image\":{\"@id\":\"https:\\\/\\\/ravyx.com\\\/contact-us\\\/expanding-to-florida-grocery-technology\\\/#primaryimage\"},\"thumbnailUrl\":\"https:\\\/\\\/ravyx.com\\\/wp-content\\\/uploads\\\/2025\\\/11\\\/Florida.png\",\"datePublished\":\"2025-11-06T15:24:11+00:00\",\"description\":\"Discover how Ravyx delivers Florida grocery technology that helps retailers boost efficiency, cut costs, and enhance customer experiences.\",\"breadcrumb\":{\"@id\":\"https:\\\/\\\/ravyx.com\\\/contact-us\\\/expanding-to-florida-grocery-technology\\\/#breadcrumb\"},\"inLanguage\":\"fr-CA\",\"potentialAction\":[{\"@type\":\"ReadAction\",\"target\":[\"https:\\\/\\\/ravyx.com\\\/contact-us\\\/expanding-to-florida-grocery-technology\\\/\"]}]},{\"@type\":\"ImageObject\",\"inLanguage\":\"fr-CA\",\"@id\":\"https:\\\/\\\/ravyx.com\\\/contact-us\\\/expanding-to-florida-grocery-technology\\\/#primaryimage\",\"url\":\"https:\\\/\\\/ravyx.com\\\/wp-content\\\/uploads\\\/2025\\\/11\\\/Florida.png\",\"contentUrl\":\"https:\\\/\\\/ravyx.com\\\/wp-content\\\/uploads\\\/2025\\\/11\\\/Florida.png\"},{\"@type\":\"BreadcrumbList\",\"@id\":\"https:\\\/\\\/ravyx.com\\\/contact-us\\\/expanding-to-florida-grocery-technology\\\/#breadcrumb\",\"itemListElement\":[{\"@type\":\"ListItem\",\"position\":1,\"name\":\"Home\",\"item\":\"https:\\\/\\\/ravyx.com\\\/\"},{\"@type\":\"ListItem\",\"position\":2,\"name\":\"Contact Us\",\"item\":\"https:\\\/\\\/ravyx.com\\\/contact-us\\\/\"},{\"@type\":\"ListItem\",\"position\":3,\"name\":\"Florida Grocery Technology Solutions\"}]},{\"@type\":\"WebSite\",\"@id\":\"https:\\\/\\\/ravyx.com\\\/#website\",\"url\":\"https:\\\/\\\/ravyx.com\\\/\",\"name\":\"Ravyx\",\"description\":\"Proven Grocery Technologies\",\"publisher\":{\"@id\":\"https:\\\/\\\/ravyx.com\\\/#organization\"},\"potentialAction\":[{\"@type\":\"SearchAction\",\"target\":{\"@type\":\"EntryPoint\",\"urlTemplate\":\"https:\\\/\\\/ravyx.com\\\/?s={search_term_string}\"},\"query-input\":{\"@type\":\"PropertyValueSpecification\",\"valueRequired\":true,\"valueName\":\"search_term_string\"}}],\"inLanguage\":\"fr-CA\"},{\"@type\":\"Organization\",\"@id\":\"https:\\\/\\\/ravyx.com\\\/#organization\",\"name\":\"Ravyx\",\"url\":\"https:\\\/\\\/ravyx.com\\\/\",\"logo\":{\"@type\":\"ImageObject\",\"inLanguage\":\"fr-CA\",\"@id\":\"https:\\\/\\\/ravyx.com\\\/#\\\/schema\\\/logo\\\/image\\\/\",\"url\":\"https:\\\/\\\/ravyx.com\\\/wp-content\\\/uploads\\\/2023\\\/09\\\/generic-brand-1.jpg\",\"contentUrl\":\"https:\\\/\\\/ravyx.com\\\/wp-content\\\/uploads\\\/2023\\\/09\\\/generic-brand-1.jpg\",\"width\":1200,\"height\":1200,\"caption\":\"Ravyx\"},\"image\":{\"@id\":\"https:\\\/\\\/ravyx.com\\\/#\\\/schema\\\/logo\\\/image\\\/\"},\"sameAs\":[\"https:\\\/\\\/www.facebook.com\\\/stcrpos\",\"https:\\\/\\\/x.com\\\/stcrpos\",\"https:\\\/\\\/www.linkedin.com\\\/company\\\/stcr\\\/\",\"https:\\\/\\\/www.youtube.com\\\/channel\\\/UCSWcsJARYjaQnz0T5o4p9DQ\"]}]}<\/script>\n<!-- \/ Yoast SEO plugin. -->","yoast_head_json":{"title":"Florida Grocer Technology Expansion | Ravyx","description":"Discover how Ravyx delivers Florida grocery technology that helps retailers boost efficiency, cut costs, and enhance customer experiences.","robots":{"index":"index","follow":"follow","max-snippet":"max-snippet:-1","max-image-preview":"max-image-preview:large","max-video-preview":"max-video-preview:-1"},"canonical":"https:\/\/ravyx.com\/fr_ca\/contact-us\/expanding-to-florida-grocery-technology\/","og_locale":"fr_CA","og_type":"article","og_title":"Florida Grocer Technology Expansion | Ravyx","og_description":"Discover how Ravyx delivers Florida grocery technology that helps retailers boost efficiency, cut costs, and enhance customer experiences.","og_url":"https:\/\/ravyx.com\/fr_ca\/contact-us\/expanding-to-florida-grocery-technology\/","og_site_name":"Ravyx","article_publisher":"https:\/\/www.facebook.com\/stcrpos","og_image":[{"width":700,"height":500,"url":"https:\/\/ravyx.com\/wp-content\/uploads\/2025\/11\/Florida.png","type":"image\/png"}],"twitter_card":"summary_large_image","twitter_site":"@stcrpos","twitter_misc":{"Est. reading time":"2 minutes"},"schema":{"@context":"https:\/\/schema.org","@graph":[{"@type":"WebPage","@id":"https:\/\/ravyx.com\/contact-us\/expanding-to-florida-grocery-technology\/","url":"https:\/\/ravyx.com\/contact-us\/expanding-to-florida-grocery-technology\/","name":"Florida Grocer Technology Expansion | Ravyx","isPartOf":{"@id":"https:\/\/ravyx.com\/#website"},"primaryImageOfPage":{"@id":"https:\/\/ravyx.com\/contact-us\/expanding-to-florida-grocery-technology\/#primaryimage"},"image":{"@id":"https:\/\/ravyx.com\/contact-us\/expanding-to-florida-grocery-technology\/#primaryimage"},"thumbnailUrl":"https:\/\/ravyx.com\/wp-content\/uploads\/2025\/11\/Florida.png","datePublished":"2025-11-06T15:24:11+00:00","description":"Discover how Ravyx delivers Florida grocery technology that helps retailers boost efficiency, cut costs, and enhance customer experiences.","breadcrumb":{"@id":"https:\/\/ravyx.com\/contact-us\/expanding-to-florida-grocery-technology\/#breadcrumb"},"inLanguage":"fr-CA","potentialAction":[{"@type":"ReadAction","target":["https:\/\/ravyx.com\/contact-us\/expanding-to-florida-grocery-technology\/"]}]},{"@type":"ImageObject","inLanguage":"fr-CA","@id":"https:\/\/ravyx.com\/contact-us\/expanding-to-florida-grocery-technology\/#primaryimage","url":"https:\/\/ravyx.com\/wp-content\/uploads\/2025\/11\/Florida.png","contentUrl":"https:\/\/ravyx.com\/wp-content\/uploads\/2025\/11\/Florida.png"},{"@type":"BreadcrumbList","@id":"https:\/\/ravyx.com\/contact-us\/expanding-to-florida-grocery-technology\/#breadcrumb","itemListElement":[{"@type":"ListItem","position":1,"name":"Home","item":"https:\/\/ravyx.com\/"},{"@type":"ListItem","position":2,"name":"Contact Us","item":"https:\/\/ravyx.com\/contact-us\/"},{"@type":"ListItem","position":3,"name":"Florida Grocery Technology Solutions"}]},{"@type":"WebSite","@id":"https:\/\/ravyx.com\/#website","url":"https:\/\/ravyx.com\/","name":"Ravyx","description":"Proven Grocery Technologies","publisher":{"@id":"https:\/\/ravyx.com\/#organization"},"potentialAction":[{"@type":"SearchAction","target":{"@type":"EntryPoint","urlTemplate":"https:\/\/ravyx.com\/?s={search_term_string}"},"query-input":{"@type":"PropertyValueSpecification","valueRequired":true,"valueName":"search_term_string"}}],"inLanguage":"fr-CA"},{"@type":"Organization","@id":"https:\/\/ravyx.com\/#organization","name":"Ravyx","url":"https:\/\/ravyx.com\/","logo":{"@type":"ImageObject","inLanguage":"fr-CA","@id":"https:\/\/ravyx.com\/#\/schema\/logo\/image\/","url":"https:\/\/ravyx.com\/wp-content\/uploads\/2023\/09\/generic-brand-1.jpg","contentUrl":"https:\/\/ravyx.com\/wp-content\/uploads\/2023\/09\/generic-brand-1.jpg","width":1200,"height":1200,"caption":"Ravyx"},"image":{"@id":"https:\/\/ravyx.com\/#\/schema\/logo\/image\/"},"sameAs":["https:\/\/www.facebook.com\/stcrpos","https:\/\/x.com\/stcrpos","https:\/\/www.linkedin.com\/company\/stcr\/","https:\/\/www.youtube.com\/channel\/UCSWcsJARYjaQnz0T5o4p9DQ"]}]}},"_links":{"self":[{"href":"https:\/\/ravyx.com\/fr_ca\/wp-json\/wp\/v2\/pages\/4034","targetHints":{"allow":["GET"]}}],"collection":[{"href":"https:\/\/ravyx.com\/fr_ca\/wp-json\/wp\/v2\/pages"}],"about":[{"href":"https:\/\/ravyx.com\/fr_ca\/wp-json\/wp\/v2\/types\/page"}],"author":[{"embeddable":true,"href":"https:\/\/ravyx.com\/fr_ca\/wp-json\/wp\/v2\/users\/13"}],"replies":[{"embeddable":true,"href":"https:\/\/ravyx.com\/fr_ca\/wp-json\/wp\/v2\/comments?post=4034"}],"version-history":[{"count":0,"href":"https:\/\/ravyx.com\/fr_ca\/wp-json\/wp\/v2\/pages\/4034\/revisions"}],"up":[{"embeddable":true,"href":"https:\/\/ravyx.com\/fr_ca\/wp-json\/wp\/v2\/pages\/596"}],"wp:attachment":[{"href":"https:\/\/ravyx.com\/fr_ca\/wp-json\/wp\/v2\/media?parent=4034"}],"curies":[{"name":"wp","href":"https:\/\/api.w.org\/{rel}","templated":true}]}}