{"id":3982,"date":"2025-09-19T14:23:26","date_gmt":"2025-09-19T18:23:26","guid":{"rendered":"https:\/\/ravyx.com\/?page_id=3982"},"modified":"2025-09-19T14:29:13","modified_gmt":"2025-09-19T18:29:13","slug":"thank-you-grocery-tech-ebook","status":"publish","type":"page","link":"https:\/\/ravyx.com\/fr_ca\/resources\/explore-our-resource-library\/thank-you-grocery-tech-ebook\/","title":{"rendered":"Thank You for Downloading One of Our eBooks"},"content":{"rendered":"<div class=\"wp-block-columns is-layout-flex wp-container-core-columns-is-layout-9d6595d7 wp-block-columns-is-layout-flex\">\n<div class=\"wp-block-column is-layout-flow wp-block-column-is-layout-flow\">\n<h2 class=\"wp-block-heading has-text-align-center\">Your eBook is On the Way!<\/h2>\n\n\n\n<p class=\"has-text-align-center\">En attendant, consultez notre cha\u00eene YouTube et nos derniers blogs. <\/p>\n<\/div>\n<\/div>\n\n\n\n<div class=\"wp-block-columns is-layout-flex wp-container-core-columns-is-layout-9d6595d7 wp-block-columns-is-layout-flex\">\n<div class=\"wp-block-column is-layout-flow wp-block-column-is-layout-flow\">\n<figure class=\"wp-block-embed is-type-video is-provider-youtube wp-block-embed-youtube wp-embed-aspect-16-9 wp-has-aspect-ratio\"><div class=\"wp-block-embed__wrapper\">\n<iframe loading=\"lazy\" title=\"Aliments cl\u00e9s : T\u00e9moignage client Ravyx\" width=\"500\" height=\"281\" src=\"https:\/\/www.youtube.com\/embed\/fRloDT3zOGU?list=PLDNn2XgLU9PhcLj9mRniXpycn0dr4tunQ\" frameborder=\"0\" allow=\"accelerometer; autoplay; clipboard-write; encrypted-media; gyroscope; picture-in-picture; web-share\" referrerpolicy=\"strict-origin-when-cross-origin\" allowfullscreen><\/iframe>\n<\/div><\/figure>\n<\/div>\n\n\n\n<div class=\"wp-block-column is-layout-flow wp-block-column-is-layout-flow\"><ul class=\"wp-block-latest-posts__list wp-block-latest-posts\"><li><a class=\"wp-block-latest-posts__post-title\" href=\"https:\/\/ravyx.com\/fr_ca\/provincial-sales-tax\/\">Changements de la taxe de vente provinciale et augmentation des co\u00fbts\u00a0: ce que cela signifie pour les marges des \u00e9piceries canadiennes<\/a><\/li>\n<li><a class=\"wp-block-latest-posts__post-title\" href=\"https:\/\/ravyx.com\/fr_ca\/otc-benefit-cards-grocery\/\">Revenus inexploit\u00e9s : pourquoi les \u00e9piceries ratent les cartes de prestations en vente libre<\/a><\/li>\n<li><a class=\"wp-block-latest-posts__post-title\" href=\"https:\/\/ravyx.com\/fr_ca\/new-chief-technology-officer\/\">Nomination d'un nouveau directeur de la technologie chez Ravyx<\/a><\/li>\n<li><a class=\"wp-block-latest-posts__post-title\" href=\"https:\/\/ravyx.com\/fr_ca\/the-agile-grocer-new-competitive-advantage\/\">L'\u00e9picier agile : Comment les d\u00e9taillants modernes acqui\u00e8rent un nouvel avantage concurrentiel<\/a><\/li>\n<li><a class=\"wp-block-latest-posts__post-title\" href=\"https:\/\/ravyx.com\/fr_ca\/co-op-grocery-technology-support\/\">La technologie de l'\u00e9picerie coop\u00e9rative doit soutenir votre mission, et non la compliquer<\/a><\/li>\n<\/ul><\/div>\n<\/div>\n\n\n\n<p><\/p>","protected":false},"excerpt":{"rendered":"<p>Your eBook is On the Way! In the meantime, check out our YouTube Channel and latest blogs.<\/p>","protected":false},"author":13,"featured_media":0,"parent":3447,"menu_order":0,"comment_status":"closed","ping_status":"closed","template":"","meta":{"_acf_changed":false,"footnotes":""},"class_list":["post-3982","page","type-page","status-publish","hentry"],"acf":[],"yoast_head":"<!-- This site is optimized with the Yoast SEO plugin v27.4 - https:\/\/yoast.com\/product\/yoast-seo-wordpress\/ -->\n<title>Grocery Tech eBook | Ravyx<\/title>\n<meta name=\"description\" content=\"Thank you for your submission! We will get back to you shortly, we look forward to more discussions around our grocery tech ebook.\" \/>\n<meta name=\"robots\" content=\"index, follow, max-snippet:-1, max-image-preview:large, max-video-preview:-1\" \/>\n<link rel=\"canonical\" href=\"https:\/\/ravyx.com\/fr_ca\/thank-you-grocery-tech-ebook\/\" \/>\n<meta property=\"og:locale\" content=\"fr_CA\" \/>\n<meta property=\"og:type\" content=\"article\" \/>\n<meta property=\"og:title\" content=\"Grocery Tech eBook | Ravyx\" \/>\n<meta property=\"og:description\" content=\"Thank you for your submission! We will get back to you shortly, we look forward to more discussions around our grocery tech ebook.\" \/>\n<meta property=\"og:url\" content=\"https:\/\/ravyx.com\/fr_ca\/thank-you-grocery-tech-ebook\/\" \/>\n<meta property=\"og:site_name\" content=\"Ravyx\" \/>\n<meta property=\"article:publisher\" content=\"https:\/\/www.facebook.com\/stcrpos\" \/>\n<meta property=\"article:modified_time\" content=\"2025-09-19T18:29:13+00:00\" \/>\n<meta name=\"twitter:card\" content=\"summary_large_image\" \/>\n<meta name=\"twitter:site\" content=\"@stcrpos\" \/>\n<meta name=\"twitter:label1\" content=\"Est. reading time\" \/>\n\t<meta name=\"twitter:data1\" content=\"1 minute\" \/>\n<script type=\"application\/ld+json\" class=\"yoast-schema-graph\">{\"@context\":\"https:\\\/\\\/schema.org\",\"@graph\":[{\"@type\":\"WebPage\",\"@id\":\"https:\\\/\\\/ravyx.com\\\/thank-you-grocery-tech-ebook\\\/\",\"url\":\"https:\\\/\\\/ravyx.com\\\/thank-you-grocery-tech-ebook\\\/\",\"name\":\"Grocery Tech eBook | Ravyx\",\"isPartOf\":{\"@id\":\"https:\\\/\\\/ravyx.com\\\/#website\"},\"datePublished\":\"2025-09-19T18:23:26+00:00\",\"dateModified\":\"2025-09-19T18:29:13+00:00\",\"description\":\"Thank you for your submission! We will get back to you shortly, we look forward to more discussions around our grocery tech ebook.\",\"breadcrumb\":{\"@id\":\"https:\\\/\\\/ravyx.com\\\/thank-you-grocery-tech-ebook\\\/#breadcrumb\"},\"inLanguage\":\"fr-CA\",\"potentialAction\":[{\"@type\":\"ReadAction\",\"target\":[\"https:\\\/\\\/ravyx.com\\\/thank-you-grocery-tech-ebook\\\/\"]}]},{\"@type\":\"BreadcrumbList\",\"@id\":\"https:\\\/\\\/ravyx.com\\\/thank-you-grocery-tech-ebook\\\/#breadcrumb\",\"itemListElement\":[{\"@type\":\"ListItem\",\"position\":1,\"name\":\"Home\",\"item\":\"https:\\\/\\\/ravyx.com\\\/\"},{\"@type\":\"ListItem\",\"position\":2,\"name\":\"Thank You for Downloading One of Our eBooks\"}]},{\"@type\":\"WebSite\",\"@id\":\"https:\\\/\\\/ravyx.com\\\/#website\",\"url\":\"https:\\\/\\\/ravyx.com\\\/\",\"name\":\"Ravyx\",\"description\":\"Grocery retail technologies\",\"publisher\":{\"@id\":\"https:\\\/\\\/ravyx.com\\\/#organization\"},\"potentialAction\":[{\"@type\":\"SearchAction\",\"target\":{\"@type\":\"EntryPoint\",\"urlTemplate\":\"https:\\\/\\\/ravyx.com\\\/?s={search_term_string}\"},\"query-input\":{\"@type\":\"PropertyValueSpecification\",\"valueRequired\":true,\"valueName\":\"search_term_string\"}}],\"inLanguage\":\"fr-CA\"},{\"@type\":\"Organization\",\"@id\":\"https:\\\/\\\/ravyx.com\\\/#organization\",\"name\":\"Ravyx\",\"url\":\"https:\\\/\\\/ravyx.com\\\/\",\"logo\":{\"@type\":\"ImageObject\",\"inLanguage\":\"fr-CA\",\"@id\":\"https:\\\/\\\/ravyx.com\\\/#\\\/schema\\\/logo\\\/image\\\/\",\"url\":\"https:\\\/\\\/ravyx.com\\\/wp-content\\\/uploads\\\/2023\\\/09\\\/generic-brand-1.jpg\",\"contentUrl\":\"https:\\\/\\\/ravyx.com\\\/wp-content\\\/uploads\\\/2023\\\/09\\\/generic-brand-1.jpg\",\"width\":1200,\"height\":1200,\"caption\":\"Ravyx\"},\"image\":{\"@id\":\"https:\\\/\\\/ravyx.com\\\/#\\\/schema\\\/logo\\\/image\\\/\"},\"sameAs\":[\"https:\\\/\\\/www.facebook.com\\\/stcrpos\",\"https:\\\/\\\/x.com\\\/stcrpos\",\"https:\\\/\\\/www.linkedin.com\\\/company\\\/stcr\\\/\",\"https:\\\/\\\/www.youtube.com\\\/channel\\\/UCSWcsJARYjaQnz0T5o4p9DQ\"]}]}<\/script>\n<!-- \/ Yoast SEO plugin. -->","yoast_head_json":{"title":"Grocery Tech eBook | Ravyx","description":"Thank you for your submission! We will get back to you shortly, we look forward to more discussions around our grocery tech ebook.","robots":{"index":"index","follow":"follow","max-snippet":"max-snippet:-1","max-image-preview":"max-image-preview:large","max-video-preview":"max-video-preview:-1"},"canonical":"https:\/\/ravyx.com\/fr_ca\/thank-you-grocery-tech-ebook\/","og_locale":"fr_CA","og_type":"article","og_title":"Grocery Tech eBook | Ravyx","og_description":"Thank you for your submission! We will get back to you shortly, we look forward to more discussions around our grocery tech ebook.","og_url":"https:\/\/ravyx.com\/fr_ca\/thank-you-grocery-tech-ebook\/","og_site_name":"Ravyx","article_publisher":"https:\/\/www.facebook.com\/stcrpos","article_modified_time":"2025-09-19T18:29:13+00:00","twitter_card":"summary_large_image","twitter_site":"@stcrpos","twitter_misc":{"Est. reading time":"1 minute"},"schema":{"@context":"https:\/\/schema.org","@graph":[{"@type":"WebPage","@id":"https:\/\/ravyx.com\/thank-you-grocery-tech-ebook\/","url":"https:\/\/ravyx.com\/thank-you-grocery-tech-ebook\/","name":"Grocery Tech eBook | Ravyx","isPartOf":{"@id":"https:\/\/ravyx.com\/#website"},"datePublished":"2025-09-19T18:23:26+00:00","dateModified":"2025-09-19T18:29:13+00:00","description":"Thank you for your submission! We will get back to you shortly, we look forward to more discussions around our grocery tech ebook.","breadcrumb":{"@id":"https:\/\/ravyx.com\/thank-you-grocery-tech-ebook\/#breadcrumb"},"inLanguage":"fr-CA","potentialAction":[{"@type":"ReadAction","target":["https:\/\/ravyx.com\/thank-you-grocery-tech-ebook\/"]}]},{"@type":"BreadcrumbList","@id":"https:\/\/ravyx.com\/thank-you-grocery-tech-ebook\/#breadcrumb","itemListElement":[{"@type":"ListItem","position":1,"name":"Home","item":"https:\/\/ravyx.com\/"},{"@type":"ListItem","position":2,"name":"Thank You for Downloading One of Our eBooks"}]},{"@type":"WebSite","@id":"https:\/\/ravyx.com\/#website","url":"https:\/\/ravyx.com\/","name":"Ravyx","description":"Technologies pour la vente au d\u00e9tail de produits d'\u00e9picerie","publisher":{"@id":"https:\/\/ravyx.com\/#organization"},"potentialAction":[{"@type":"SearchAction","target":{"@type":"EntryPoint","urlTemplate":"https:\/\/ravyx.com\/?s={search_term_string}"},"query-input":{"@type":"PropertyValueSpecification","valueRequired":true,"valueName":"search_term_string"}}],"inLanguage":"fr-CA"},{"@type":"Organization","@id":"https:\/\/ravyx.com\/#organization","name":"Ravyx","url":"https:\/\/ravyx.com\/","logo":{"@type":"ImageObject","inLanguage":"fr-CA","@id":"https:\/\/ravyx.com\/#\/schema\/logo\/image\/","url":"https:\/\/ravyx.com\/wp-content\/uploads\/2023\/09\/generic-brand-1.jpg","contentUrl":"https:\/\/ravyx.com\/wp-content\/uploads\/2023\/09\/generic-brand-1.jpg","width":1200,"height":1200,"caption":"Ravyx"},"image":{"@id":"https:\/\/ravyx.com\/#\/schema\/logo\/image\/"},"sameAs":["https:\/\/www.facebook.com\/stcrpos","https:\/\/x.com\/stcrpos","https:\/\/www.linkedin.com\/company\/stcr\/","https:\/\/www.youtube.com\/channel\/UCSWcsJARYjaQnz0T5o4p9DQ"]}]}},"_links":{"self":[{"href":"https:\/\/ravyx.com\/fr_ca\/wp-json\/wp\/v2\/pages\/3982","targetHints":{"allow":["GET"]}}],"collection":[{"href":"https:\/\/ravyx.com\/fr_ca\/wp-json\/wp\/v2\/pages"}],"about":[{"href":"https:\/\/ravyx.com\/fr_ca\/wp-json\/wp\/v2\/types\/page"}],"author":[{"embeddable":true,"href":"https:\/\/ravyx.com\/fr_ca\/wp-json\/wp\/v2\/users\/13"}],"replies":[{"embeddable":true,"href":"https:\/\/ravyx.com\/fr_ca\/wp-json\/wp\/v2\/comments?post=3982"}],"version-history":[{"count":0,"href":"https:\/\/ravyx.com\/fr_ca\/wp-json\/wp\/v2\/pages\/3982\/revisions"}],"up":[{"embeddable":true,"href":"https:\/\/ravyx.com\/fr_ca\/wp-json\/wp\/v2\/pages\/3447"}],"wp:attachment":[{"href":"https:\/\/ravyx.com\/fr_ca\/wp-json\/wp\/v2\/media?parent=3982"}],"curies":[{"name":"wp","href":"https:\/\/api.w.org\/{rel}","templated":true}]}}