{"id":3967,"date":"2025-09-19T14:53:31","date_gmt":"2025-09-19T18:53:01","guid":{"rendered":"https:\/\/ravyx.com\/?page_id=3967"},"modified":"2025-09-19T15:04:26","modified_gmt":"2025-09-19T19:04:26","slug":"are-you-an-agile-grocer","status":"publish","type":"page","link":"https:\/\/ravyx.com\/fr_ca\/resources\/explore-our-resource-library\/are-you-an-agile-grocer\/","title":{"rendered":"Are You an Agile Grocer? &#8211; Publications"},"content":{"rendered":"<h2 class=\"wp-block-heading\">Obtenez le livre \u00e9lectronique GRATUIT d\u00e8s aujourd'hui !<\/h2>\n\n\n\n<p class=\"has-large-font-size\"><strong>La d\u00e9marque inconnue, les probl\u00e8mes de main-d'\u0153uvre et les syst\u00e8mes obsol\u00e8tes grugent les b\u00e9n\u00e9fices des \u00e9piceries.<\/strong> Les \u00e9piciers qui prosp\u00e8rent sont ceux qui s'adaptent rapidement, pivotent intelligemment et utilisent des outils modernes pour rester en t\u00eate.<\/p>\n\n\n\n<div style=\"height:0px\" aria-hidden=\"true\" class=\"wp-block-spacer\"><\/div>\n\n\n\n<div class=\"wp-block-columns has-tan-background-color has-background is-layout-flex wp-container-core-columns-is-layout-9d6595d7 wp-block-columns-is-layout-flex\">\n<div class=\"wp-block-column is-layout-flow wp-block-column-is-layout-flow\">\n<h2 class=\"wp-block-heading has-text-align-center\">Pourquoi c'est important aujourd'hui<\/h2>\n\n\n\n<p class=\"has-large-font-size\">L'inflation, la volatilit\u00e9 de la cha\u00eene d'approvisionnement, l'instabilit\u00e9 de la main-d'\u0153uvre et l'augmentation de la d\u00e9marque inconnue red\u00e9finissent le secteur de l'\u00e9picerie. L'infrastructure existante peut silencieusement \u00e9roder les profits, frustrer le personnel et ralentir votre capacit\u00e9 d'adaptation.<\/p>\n\n\n\n<p class=\"has-large-font-size\"><strong>Ce livre \u00e9lectronique est votre guide pour transformer la technologie d'un fardeau administratif en un avantage concurrentiel.<\/strong><\/p>\n\n\n\n<iframe loading=\"lazy\" src=\"https:\/\/info.sirsolutions.com\/l\/797653\/2025-09-19\/5ypbx\" width=\"100%\" height=\"500\" type=\"text\/html\" frameborder=\"0\" allowtransparency=\"true\" style=\"border: 0\"><\/iframe>\n<\/div>\n\n\n\n<div class=\"wp-block-column is-layout-flow wp-block-column-is-layout-flow\"><div class=\"wp-block-image\">\n<figure class=\"aligncenter size-full is-resized\"><img loading=\"lazy\" decoding=\"async\" width=\"400\" height=\"400\" src=\"https:\/\/ravyx.com\/wp-content\/uploads\/2025\/09\/Untitled-design-19.png\" alt=\"\" class=\"wp-image-3968\" style=\"width:293px;height:auto\" srcset=\"https:\/\/ravyx.com\/wp-content\/uploads\/2025\/09\/Untitled-design-19.png 400w, https:\/\/ravyx.com\/wp-content\/uploads\/2025\/09\/Untitled-design-19-300x300.png 300w, https:\/\/ravyx.com\/wp-content\/uploads\/2025\/09\/Untitled-design-19-150x150.png 150w, https:\/\/ravyx.com\/wp-content\/uploads\/2025\/09\/Untitled-design-19-12x12.png 12w\" sizes=\"auto, (max-width: 400px) 100vw, 400px\" \/><\/figure>\n<\/div>\n\n\n<h2 class=\"wp-block-heading\">Ce livre \u00e9lectronique gratuit r\u00e9v\u00e8le comment les principaux \u00e9piciers sont :<\/h2>\n\n\n\n<div class=\"wp-block-group\"><div class=\"wp-block-group__inner-container is-layout-constrained wp-block-group-is-layout-constrained\">\n<ul class=\"wp-block-list has-normal-font-size\">\n<li class=\"has-large-font-size\">Combattre la d\u00e9marque inconnue avant qu'elle n'affecte la rentabilit\u00e9<\/li>\n<\/ul>\n\n\n\n<ul class=\"wp-block-list has-normal-font-size\">\n<li class=\"has-large-font-size\">Optimiser l'efficacit\u00e9 du travail sans surcharger le personnel<\/li>\n\n\n\n<li class=\"has-large-font-size\">Des op\u00e9rations \u00e0 l'\u00e9preuve du temps gr\u00e2ce \u00e0 une technologie modulaire et \u00e9volutive<\/li>\n<\/ul>\n<\/div><\/div>\n<\/div>\n<\/div>\n\n\n\n<div class=\"block-inline-cta wpx-custom-block\" id=\"acf-inline-cta7227\">\n\n\t<div class=\"inline-cta-inner\">\n\t\t\n\t\t<h3 class=\"inline-cta-title\">R\u00c9SERVEZ UNE CONSULTATION D\u00c8S AUJOURD'HUI ! <\/h3>\t\t<p>Envoyez-nous un courriel pour organiser votre consultation gratuite.<\/p>\n\t\t\t\t\t<div class=\"button-group\">\n\t\t\t\t<a href=\"mailto:sales@ravyx.com\" target=\"\" class=\"wpx-button\">CALENDRIER<\/a>\n\t\t\t<\/div>\n\t\t\n\t<\/div>\n\n<\/div>","protected":false},"excerpt":{"rendered":"<p>Get the FREE eBook Today! Shrink, labor challenges, and outdated systems are eating away at grocery profits. The grocers that thrive are the ones who adapt fast, pivot smartly, and leverage modern tools to stay ahead. Why This Matters Now Inflation, supply chain volatility, workforce instability, and rising shrink levels are redefining the grocery industry. [&hellip;]<\/p>\n","protected":false},"author":13,"featured_media":3254,"parent":3447,"menu_order":3,"comment_status":"closed","ping_status":"closed","template":"","meta":{"_acf_changed":true,"footnotes":""},"class_list":["post-3967","page","type-page","status-publish","has-post-thumbnail","hentry"],"acf":[],"yoast_head":"<!-- This site is optimized with the Yoast SEO plugin v27.5 - https:\/\/yoast.com\/product\/yoast-seo-wordpress\/ -->\n<title>Are You an Agile Grocer? | Ravyx<\/title>\n<meta name=\"description\" content=\"Download our free eBook, The Agile Grocer. Learn strategies to combat shrink, optimize labor, and future-proof grocery operations.\" \/>\n<meta name=\"robots\" content=\"index, follow, max-snippet:-1, max-image-preview:large, max-video-preview:-1\" \/>\n<link rel=\"canonical\" href=\"https:\/\/ravyx.com\/fr_ca\/are-you-an-agile-grocer\/\" \/>\n<meta property=\"og:locale\" content=\"fr_CA\" \/>\n<meta property=\"og:type\" content=\"article\" \/>\n<meta property=\"og:title\" content=\"Are You an Agile Grocer? | Ravyx\" \/>\n<meta property=\"og:description\" content=\"Download our free eBook, The Agile Grocer. Learn strategies to combat shrink, optimize labor, and future-proof grocery operations.\" \/>\n<meta property=\"og:url\" content=\"https:\/\/ravyx.com\/fr_ca\/are-you-an-agile-grocer\/\" \/>\n<meta property=\"og:site_name\" content=\"Ravyx\" \/>\n<meta property=\"article:publisher\" content=\"https:\/\/www.facebook.com\/stcrpos\" \/>\n<meta property=\"article:modified_time\" content=\"2025-09-19T19:04:26+00:00\" \/>\n<meta property=\"og:image\" content=\"https:\/\/ravyx.com\/wp-content\/uploads\/2024\/12\/SCO-ebook-billboard.jpg\" \/>\n\t<meta property=\"og:image:width\" content=\"1601\" \/>\n\t<meta property=\"og:image:height\" content=\"601\" \/>\n\t<meta property=\"og:image:type\" content=\"image\/jpeg\" \/>\n<meta name=\"twitter:card\" content=\"summary_large_image\" \/>\n<meta name=\"twitter:site\" content=\"@stcrpos\" \/>\n<meta name=\"twitter:label1\" content=\"Est. reading time\" \/>\n\t<meta name=\"twitter:data1\" content=\"1 minute\" \/>\n<script type=\"application\/ld+json\" class=\"yoast-schema-graph\">{\"@context\":\"https:\\\/\\\/schema.org\",\"@graph\":[{\"@type\":\"WebPage\",\"@id\":\"https:\\\/\\\/ravyx.com\\\/are-you-an-agile-grocer\\\/\",\"url\":\"https:\\\/\\\/ravyx.com\\\/are-you-an-agile-grocer\\\/\",\"name\":\"Are You an Agile Grocer? | Ravyx\",\"isPartOf\":{\"@id\":\"https:\\\/\\\/ravyx.com\\\/#website\"},\"primaryImageOfPage\":{\"@id\":\"https:\\\/\\\/ravyx.com\\\/are-you-an-agile-grocer\\\/#primaryimage\"},\"image\":{\"@id\":\"https:\\\/\\\/ravyx.com\\\/are-you-an-agile-grocer\\\/#primaryimage\"},\"thumbnailUrl\":\"https:\\\/\\\/ravyx.com\\\/wp-content\\\/uploads\\\/2024\\\/12\\\/SCO-ebook-billboard.jpg\",\"datePublished\":\"2025-09-19T18:53:01+00:00\",\"dateModified\":\"2025-09-19T19:04:26+00:00\",\"description\":\"Download our free eBook, The Agile Grocer. Learn strategies to combat shrink, optimize labor, and future-proof grocery operations.\",\"breadcrumb\":{\"@id\":\"https:\\\/\\\/ravyx.com\\\/are-you-an-agile-grocer\\\/#breadcrumb\"},\"inLanguage\":\"fr-CA\",\"potentialAction\":[{\"@type\":\"ReadAction\",\"target\":[\"https:\\\/\\\/ravyx.com\\\/are-you-an-agile-grocer\\\/\"]}]},{\"@type\":\"ImageObject\",\"inLanguage\":\"fr-CA\",\"@id\":\"https:\\\/\\\/ravyx.com\\\/are-you-an-agile-grocer\\\/#primaryimage\",\"url\":\"https:\\\/\\\/ravyx.com\\\/wp-content\\\/uploads\\\/2024\\\/12\\\/SCO-ebook-billboard.jpg\",\"contentUrl\":\"https:\\\/\\\/ravyx.com\\\/wp-content\\\/uploads\\\/2024\\\/12\\\/SCO-ebook-billboard.jpg\",\"width\":1601,\"height\":601},{\"@type\":\"BreadcrumbList\",\"@id\":\"https:\\\/\\\/ravyx.com\\\/are-you-an-agile-grocer\\\/#breadcrumb\",\"itemListElement\":[{\"@type\":\"ListItem\",\"position\":1,\"name\":\"Home\",\"item\":\"https:\\\/\\\/ravyx.com\\\/\"},{\"@type\":\"ListItem\",\"position\":2,\"name\":\"Are You an Agile Grocer? &#8211; Publications\"}]},{\"@type\":\"WebSite\",\"@id\":\"https:\\\/\\\/ravyx.com\\\/#website\",\"url\":\"https:\\\/\\\/ravyx.com\\\/\",\"name\":\"Ravyx\",\"description\":\"Proven Grocery Technologies\",\"publisher\":{\"@id\":\"https:\\\/\\\/ravyx.com\\\/#organization\"},\"potentialAction\":[{\"@type\":\"SearchAction\",\"target\":{\"@type\":\"EntryPoint\",\"urlTemplate\":\"https:\\\/\\\/ravyx.com\\\/?s={search_term_string}\"},\"query-input\":{\"@type\":\"PropertyValueSpecification\",\"valueRequired\":true,\"valueName\":\"search_term_string\"}}],\"inLanguage\":\"fr-CA\"},{\"@type\":\"Organization\",\"@id\":\"https:\\\/\\\/ravyx.com\\\/#organization\",\"name\":\"Ravyx\",\"url\":\"https:\\\/\\\/ravyx.com\\\/\",\"logo\":{\"@type\":\"ImageObject\",\"inLanguage\":\"fr-CA\",\"@id\":\"https:\\\/\\\/ravyx.com\\\/#\\\/schema\\\/logo\\\/image\\\/\",\"url\":\"https:\\\/\\\/ravyx.com\\\/wp-content\\\/uploads\\\/2023\\\/09\\\/generic-brand-1.jpg\",\"contentUrl\":\"https:\\\/\\\/ravyx.com\\\/wp-content\\\/uploads\\\/2023\\\/09\\\/generic-brand-1.jpg\",\"width\":1200,\"height\":1200,\"caption\":\"Ravyx\"},\"image\":{\"@id\":\"https:\\\/\\\/ravyx.com\\\/#\\\/schema\\\/logo\\\/image\\\/\"},\"sameAs\":[\"https:\\\/\\\/www.facebook.com\\\/stcrpos\",\"https:\\\/\\\/x.com\\\/stcrpos\",\"https:\\\/\\\/www.linkedin.com\\\/company\\\/stcr\\\/\",\"https:\\\/\\\/www.youtube.com\\\/channel\\\/UCSWcsJARYjaQnz0T5o4p9DQ\"]}]}<\/script>\n<!-- \/ Yoast SEO plugin. -->","yoast_head_json":{"title":"\u00cates-vous un \u00e9picier agile ? | Ravyx","description":"T\u00e9l\u00e9chargez notre livre \u00e9lectronique gratuit, The Agile Grocer. Apprenez des strat\u00e9gies pour lutter contre la d\u00e9marque inconnue, optimiser la main-d'\u0153uvre et pr\u00e9parer l'avenir des op\u00e9rations d'\u00e9picerie.","robots":{"index":"index","follow":"follow","max-snippet":"max-snippet:-1","max-image-preview":"max-image-preview:large","max-video-preview":"max-video-preview:-1"},"canonical":"https:\/\/ravyx.com\/fr_ca\/are-you-an-agile-grocer\/","og_locale":"fr_CA","og_type":"article","og_title":"Are You an Agile Grocer? | Ravyx","og_description":"Download our free eBook, The Agile Grocer. Learn strategies to combat shrink, optimize labor, and future-proof grocery operations.","og_url":"https:\/\/ravyx.com\/fr_ca\/are-you-an-agile-grocer\/","og_site_name":"Ravyx","article_publisher":"https:\/\/www.facebook.com\/stcrpos","article_modified_time":"2025-09-19T19:04:26+00:00","og_image":[{"width":1601,"height":601,"url":"https:\/\/ravyx.com\/wp-content\/uploads\/2024\/12\/SCO-ebook-billboard.jpg","type":"image\/jpeg"}],"twitter_card":"summary_large_image","twitter_site":"@stcrpos","twitter_misc":{"Est. reading time":"1 minute"},"schema":{"@context":"https:\/\/schema.org","@graph":[{"@type":"WebPage","@id":"https:\/\/ravyx.com\/are-you-an-agile-grocer\/","url":"https:\/\/ravyx.com\/are-you-an-agile-grocer\/","name":"\u00cates-vous un \u00e9picier agile ? | Ravyx","isPartOf":{"@id":"https:\/\/ravyx.com\/#website"},"primaryImageOfPage":{"@id":"https:\/\/ravyx.com\/are-you-an-agile-grocer\/#primaryimage"},"image":{"@id":"https:\/\/ravyx.com\/are-you-an-agile-grocer\/#primaryimage"},"thumbnailUrl":"https:\/\/ravyx.com\/wp-content\/uploads\/2024\/12\/SCO-ebook-billboard.jpg","datePublished":"2025-09-19T18:53:01+00:00","dateModified":"2025-09-19T19:04:26+00:00","description":"T\u00e9l\u00e9chargez notre livre \u00e9lectronique gratuit, The Agile Grocer. Apprenez des strat\u00e9gies pour lutter contre la d\u00e9marque inconnue, optimiser la main-d'\u0153uvre et pr\u00e9parer l'avenir des op\u00e9rations d'\u00e9picerie.","breadcrumb":{"@id":"https:\/\/ravyx.com\/are-you-an-agile-grocer\/#breadcrumb"},"inLanguage":"fr-CA","potentialAction":[{"@type":"ReadAction","target":["https:\/\/ravyx.com\/are-you-an-agile-grocer\/"]}]},{"@type":"ImageObject","inLanguage":"fr-CA","@id":"https:\/\/ravyx.com\/are-you-an-agile-grocer\/#primaryimage","url":"https:\/\/ravyx.com\/wp-content\/uploads\/2024\/12\/SCO-ebook-billboard.jpg","contentUrl":"https:\/\/ravyx.com\/wp-content\/uploads\/2024\/12\/SCO-ebook-billboard.jpg","width":1601,"height":601},{"@type":"BreadcrumbList","@id":"https:\/\/ravyx.com\/are-you-an-agile-grocer\/#breadcrumb","itemListElement":[{"@type":"ListItem","position":1,"name":"Home","item":"https:\/\/ravyx.com\/"},{"@type":"ListItem","position":2,"name":"Are You an Agile Grocer? &#8211; Publications"}]},{"@type":"WebSite","@id":"https:\/\/ravyx.com\/#website","url":"https:\/\/ravyx.com\/","name":"Ravyx","description":"Proven Grocery Technologies","publisher":{"@id":"https:\/\/ravyx.com\/#organization"},"potentialAction":[{"@type":"SearchAction","target":{"@type":"EntryPoint","urlTemplate":"https:\/\/ravyx.com\/?s={search_term_string}"},"query-input":{"@type":"PropertyValueSpecification","valueRequired":true,"valueName":"search_term_string"}}],"inLanguage":"fr-CA"},{"@type":"Organization","@id":"https:\/\/ravyx.com\/#organization","name":"Ravyx","url":"https:\/\/ravyx.com\/","logo":{"@type":"ImageObject","inLanguage":"fr-CA","@id":"https:\/\/ravyx.com\/#\/schema\/logo\/image\/","url":"https:\/\/ravyx.com\/wp-content\/uploads\/2023\/09\/generic-brand-1.jpg","contentUrl":"https:\/\/ravyx.com\/wp-content\/uploads\/2023\/09\/generic-brand-1.jpg","width":1200,"height":1200,"caption":"Ravyx"},"image":{"@id":"https:\/\/ravyx.com\/#\/schema\/logo\/image\/"},"sameAs":["https:\/\/www.facebook.com\/stcrpos","https:\/\/x.com\/stcrpos","https:\/\/www.linkedin.com\/company\/stcr\/","https:\/\/www.youtube.com\/channel\/UCSWcsJARYjaQnz0T5o4p9DQ"]}]}},"_links":{"self":[{"href":"https:\/\/ravyx.com\/fr_ca\/wp-json\/wp\/v2\/pages\/3967","targetHints":{"allow":["GET"]}}],"collection":[{"href":"https:\/\/ravyx.com\/fr_ca\/wp-json\/wp\/v2\/pages"}],"about":[{"href":"https:\/\/ravyx.com\/fr_ca\/wp-json\/wp\/v2\/types\/page"}],"author":[{"embeddable":true,"href":"https:\/\/ravyx.com\/fr_ca\/wp-json\/wp\/v2\/users\/13"}],"replies":[{"embeddable":true,"href":"https:\/\/ravyx.com\/fr_ca\/wp-json\/wp\/v2\/comments?post=3967"}],"version-history":[{"count":0,"href":"https:\/\/ravyx.com\/fr_ca\/wp-json\/wp\/v2\/pages\/3967\/revisions"}],"up":[{"embeddable":true,"href":"https:\/\/ravyx.com\/fr_ca\/wp-json\/wp\/v2\/pages\/3447"}],"wp:featuredmedia":[{"embeddable":true,"href":"https:\/\/ravyx.com\/fr_ca\/wp-json\/wp\/v2\/media\/3254"}],"wp:attachment":[{"href":"https:\/\/ravyx.com\/fr_ca\/wp-json\/wp\/v2\/media?parent=3967"}],"curies":[{"name":"wp","href":"https:\/\/api.w.org\/{rel}","templated":true}]}}