{"id":3944,"date":"2025-11-06T09:20:24","date_gmt":"2025-11-06T14:20:24","guid":{"rendered":"https:\/\/ravyx.com\/?page_id=3944"},"modified":"2025-11-06T09:20:24","modified_gmt":"2025-11-06T14:20:24","slug":"illinois-grocery-technology","status":"publish","type":"page","link":"https:\/\/ravyx.com\/fr_ca\/contact-us\/illinois-grocery-technology\/","title":{"rendered":"Expanding to Illinois Grocery Technology"},"content":{"rendered":"<div class=\"wp-block-columns is-layout-flex wp-container-core-columns-is-layout-9d6595d7 wp-block-columns-is-layout-flex\">\n<div class=\"wp-block-column is-layout-flow wp-block-column-is-layout-flow\">\n<h2 class=\"wp-block-heading\">Technologie de la vente au d\u00e9tail et solutions pour les points de vente<\/h2>\n\n\n\n<p>Nous fournissons maintenant des solutions technologiques et de point de vente pour les \u00e9piceries de l'Illinois, con\u00e7ues pour aider les d\u00e9taillants \u00e0 rationaliser leurs op\u00e9rations, \u00e0 r\u00e9duire leurs co\u00fbts et \u00e0 offrir une meilleure exp\u00e9rience \u00e0 leurs clients. Qu'il s'agisse d'\u00e9piceries ind\u00e9pendantes, de cha\u00eenes d'\u00e9piceries, de d\u00e9panneurs, de d\u00e9taillants de boissons alcoolis\u00e9es ou autres, nos solutions sont con\u00e7ues pour r\u00e9pondre aux besoins uniques des d\u00e9taillants de l'Illinois.<\/p>\n\n\n\n<p>De Chicago \u00e0 Springfield et dans tout l'\u00c9tat, les \u00e9piciers et les d\u00e9taillants de l'Illinois s'adaptent \u00e0 l'\u00e9volution des attentes des consommateurs et \u00e0 la pression de la concurrence. Nous aidons les d\u00e9taillants de l'Illinois, quelle que soit leur taille, en leur proposant des solutions technologiques pour les points de vente et la vente au d\u00e9tail. Nous am\u00e9liorons la vitesse de passage en caisse, r\u00e9duisons la d\u00e9marque inconnue et connectons les ventes en magasin et en ligne. Que vous g\u00e9riez un march\u00e9 de quartier ou une cha\u00eene d'\u00e9piceries \u00e0 succursales multiples, nous aidons les entreprises de l'Illinois \u00e0 rester agiles et pr\u00eates pour la croissance.<\/p>\n<\/div>\n\n\n\n<div class=\"wp-block-column is-layout-flow wp-block-column-is-layout-flow\">\n<figure class=\"wp-block-image size-full\"><img loading=\"lazy\" decoding=\"async\" width=\"700\" height=\"500\" src=\"https:\/\/ravyx.com\/wp-content\/uploads\/2025\/09\/Illinois.png\" alt=\"Illinois Grocery Technology\" class=\"wp-image-3950\" srcset=\"https:\/\/ravyx.com\/wp-content\/uploads\/2025\/09\/Illinois.png 700w, https:\/\/ravyx.com\/wp-content\/uploads\/2025\/09\/Illinois-300x214.png 300w, https:\/\/ravyx.com\/wp-content\/uploads\/2025\/09\/Illinois-18x12.png 18w\" sizes=\"auto, (max-width: 700px) 100vw, 700px\" \/><\/figure>\n<\/div>\n<\/div>\n\n\n\n<div class=\"block-inline-cta wpx-custom-block\" id=\"acf-inline-cta8466\">\n\n\t<div class=\"inline-cta-inner\">\n\t\t\n\t\t<h3 class=\"inline-cta-title\">Parlons de la fa\u00e7on dont Ravyx peut alimenter la technologie des \u00e9piceries de l'Illinois !<\/h3>\t\t<p>Si vous souhaitez en savoir plus mais que vous ne savez pas par o\u00f9 commencer, contactez notre \u00e9quipe d\u00e8s aujourd'hui ! Inscrivez-vous pour une consultation gratuite de votre syst\u00e8me actuel et laissez notre \u00e9quipe \u00e9laborer un plan sur la fa\u00e7on dont nos solutions peuvent aider \u00e0 am\u00e9liorer l'efficacit\u00e9 de vos magasins. <\/p>\n\t\t\t\t\t<div class=\"button-group\">\n\t\t\t\t<a href=\"https:\/\/ravyx.com\/fr_ca\/contact-us\/\" target=\"\" class=\"wpx-button\">Nous contacter<\/a>\n\t\t\t<\/div>\n\t\t\n\t<\/div>\n\n<\/div>\n\n\n<div class=\"wp-block-columns is-layout-flex wp-container-core-columns-is-layout-9d6595d7 wp-block-columns-is-layout-flex\">\n<div class=\"wp-block-column is-layout-flow wp-block-column-is-layout-flow\" style=\"flex-basis:33.33%\">\n<figure class=\"wp-block-image size-full\"><img loading=\"lazy\" decoding=\"async\" width=\"500\" height=\"700\" src=\"https:\/\/ravyx.com\/wp-content\/uploads\/2025\/09\/Texas-POS-System-2.png\" alt=\"Illinois POS Systems\" class=\"wp-image-3951\" srcset=\"https:\/\/ravyx.com\/wp-content\/uploads\/2025\/09\/Texas-POS-System-2.png 500w, https:\/\/ravyx.com\/wp-content\/uploads\/2025\/09\/Texas-POS-System-2-214x300.png 214w, https:\/\/ravyx.com\/wp-content\/uploads\/2025\/09\/Texas-POS-System-2-9x12.png 9w\" sizes=\"auto, (max-width: 500px) 100vw, 500px\" \/><\/figure>\n<\/div>\n\n\n\n<div class=\"wp-block-column is-layout-flow wp-block-column-is-layout-flow\" style=\"flex-basis:66.66%\">\n<h2 class=\"wp-block-heading\">Solutions que nous proposons pour la technologie des \u00e9piceries de l'Illinois<\/h2>\n\n\n\n<p>Nos solutions sont adapt\u00e9es aux \u00e9piciers et d\u00e9taillants de l'Illinois, les aidant \u00e0 moderniser leur technologie tout en contr\u00f4lant les co\u00fbts.<\/p>\n\n\n\n<ul class=\"wp-block-list\">\n<li><strong>Syst\u00e8mes de points de vente et mises \u00e0 jour<\/strong> - Des plateformes flexibles con\u00e7ues pour les magasins ind\u00e9pendants, les coop\u00e9ratives et les cha\u00eenes de supermarch\u00e9s de l'Illinois.<\/li>\n\n\n\n<li><strong>Self-Checkout <strong>et<\/strong> Kiosques<\/strong> - R\u00e9duire les temps d'attente et am\u00e9liorer le confort des clients dans les magasins \u00e0 forte fr\u00e9quentation<\/li>\n\n\n\n<li><strong>Loyaut\u00e9 <strong>et <\/strong>Programmes de promotion<\/strong> - Susciter l'int\u00e9r\u00eat des consommateurs de l'Illinois gr\u00e2ce \u00e0 des r\u00e9compenses, des offres personnalis\u00e9es et des coupons num\u00e9riques<\/li>\n\n\n\n<li><strong>Pr\u00e9vention des pertes <strong>et<\/strong> R\u00e9duction de la r\u00e9traction<\/strong> - Prot\u00e9ger les profits gr\u00e2ce \u00e0 une technologie de s\u00e9curit\u00e9 intelligente<\/li>\n\n\n\n<li><strong>Inventaire <strong>un<\/strong>d Gestion du back-office<\/strong> - Gagnez en visibilit\u00e9 et en efficacit\u00e9 dans l'ensemble de vos op\u00e9rations<\/li>\n\n\n\n<li><strong>Solutions de vente au d\u00e9tail omni-canal<\/strong> - Int\u00e9grer la commande en ligne, le ramassage sur le trottoir et les achats en magasin pour une exp\u00e9rience transparente.<\/li>\n\n\n\n<li><strong>Analyse du commerce de d\u00e9tail <strong>et<\/strong> Perspectives<\/strong> - Prendre des d\u00e9cisions plus judicieuses gr\u00e2ce \u00e0 des donn\u00e9es et des rapports en temps r\u00e9el<\/li>\n<\/ul>\n<\/div>\n<\/div>\n\n\n\n<div class=\"block-inline-cta wpx-custom-block\" id=\"acf-inline-cta4390\">\n\n\t<div class=\"inline-cta-inner\">\n\t\t\n\t\t<h3 class=\"inline-cta-title\">Pr\u00eat \u00e0 devenir un d\u00e9taillant agile ?<\/h3>\t\t<p>Les \u00e9piciers et les d\u00e9taillants de l'Illinois ont besoin d'une technologie adapt\u00e9e \u00e0 leur activit\u00e9. En combinant les points de vente, les caisses automatiques, la fid\u00e9lisation, la pr\u00e9vention des pertes et bien d'autres choses encore en un seul syst\u00e8me homog\u00e8ne. Concevons ensemble une solution qui \u00e9volue avec votre entreprise et vous permet de rester \u00e0 la pointe du progr\u00e8s.<\/p>\n\t\t\t\t\t<div class=\"button-group\">\n\t\t\t\t<a href=\"https:\/\/ravyx.com\/fr_ca\/agile-grocer-ebook\/\" target=\"_blank\" class=\"wpx-button\">En savoir plus<\/a>\n\t\t\t<\/div>\n\t\t\n\t<\/div>\n\n<\/div>","protected":false},"excerpt":{"rendered":"<p>Retail Tech and Point of Sale Solutions We are now delivering Illinois grocery technology and POS solutions designed to help retailers streamline operations, reduce costs, and create better customer experiences. From independent grocers to enterprise grocery chains, convenience stores, liquor retailers, and more, our solutions are built to meet the unique needs of Illinois retailers. [&hellip;]<\/p>\n","protected":false},"author":13,"featured_media":0,"parent":596,"menu_order":2,"comment_status":"closed","ping_status":"closed","template":"","meta":{"_acf_changed":true,"footnotes":""},"class_list":["post-3944","page","type-page","status-publish","hentry"],"acf":[],"yoast_head":"<!-- This site is optimized with the Yoast SEO plugin v27.5 - https:\/\/yoast.com\/product\/yoast-seo-wordpress\/ -->\n<title>Illinois Grocers and Retailers Expansion | Ravyx<\/title>\n<meta name=\"description\" content=\"Attention Illinois grocers and retailers! Explore how Ravyx can optimize your operations and customer experiences with custom technology.\" \/>\n<meta name=\"robots\" content=\"index, follow, max-snippet:-1, max-image-preview:large, max-video-preview:-1\" \/>\n<link rel=\"canonical\" href=\"https:\/\/ravyx.com\/fr_ca\/contact-us\/illinois-grocery-technology\/\" \/>\n<meta property=\"og:locale\" content=\"fr_CA\" \/>\n<meta property=\"og:type\" content=\"article\" \/>\n<meta property=\"og:title\" content=\"Illinois Grocers and Retailers Expansion | Ravyx\" \/>\n<meta property=\"og:description\" content=\"Attention Illinois grocers and retailers! Explore how Ravyx can optimize your operations and customer experiences with custom technology.\" \/>\n<meta property=\"og:url\" content=\"https:\/\/ravyx.com\/fr_ca\/contact-us\/illinois-grocery-technology\/\" \/>\n<meta property=\"og:site_name\" content=\"Ravyx\" \/>\n<meta property=\"article:publisher\" content=\"https:\/\/www.facebook.com\/stcrpos\" \/>\n<meta property=\"og:image\" content=\"https:\/\/ravyx.com\/wp-content\/uploads\/2025\/09\/Illinois.png\" \/>\n\t<meta property=\"og:image:width\" content=\"700\" \/>\n\t<meta property=\"og:image:height\" content=\"500\" \/>\n\t<meta property=\"og:image:type\" content=\"image\/png\" \/>\n<meta name=\"twitter:card\" content=\"summary_large_image\" \/>\n<meta name=\"twitter:site\" content=\"@stcrpos\" \/>\n<meta name=\"twitter:label1\" content=\"Est. reading time\" \/>\n\t<meta name=\"twitter:data1\" content=\"2 minutes\" \/>\n<script type=\"application\/ld+json\" class=\"yoast-schema-graph\">{\"@context\":\"https:\\\/\\\/schema.org\",\"@graph\":[{\"@type\":\"WebPage\",\"@id\":\"https:\\\/\\\/ravyx.com\\\/contact-us\\\/illinois-grocery-technology\\\/\",\"url\":\"https:\\\/\\\/ravyx.com\\\/contact-us\\\/illinois-grocery-technology\\\/\",\"name\":\"Illinois Grocers and Retailers Expansion | Ravyx\",\"isPartOf\":{\"@id\":\"https:\\\/\\\/ravyx.com\\\/#website\"},\"primaryImageOfPage\":{\"@id\":\"https:\\\/\\\/ravyx.com\\\/contact-us\\\/illinois-grocery-technology\\\/#primaryimage\"},\"image\":{\"@id\":\"https:\\\/\\\/ravyx.com\\\/contact-us\\\/illinois-grocery-technology\\\/#primaryimage\"},\"thumbnailUrl\":\"https:\\\/\\\/ravyx.com\\\/wp-content\\\/uploads\\\/2025\\\/09\\\/Illinois.png\",\"datePublished\":\"2025-11-06T14:20:24+00:00\",\"description\":\"Attention Illinois grocers and retailers! Explore how Ravyx can optimize your operations and customer experiences with custom technology.\",\"breadcrumb\":{\"@id\":\"https:\\\/\\\/ravyx.com\\\/contact-us\\\/illinois-grocery-technology\\\/#breadcrumb\"},\"inLanguage\":\"fr-CA\",\"potentialAction\":[{\"@type\":\"ReadAction\",\"target\":[\"https:\\\/\\\/ravyx.com\\\/contact-us\\\/illinois-grocery-technology\\\/\"]}]},{\"@type\":\"ImageObject\",\"inLanguage\":\"fr-CA\",\"@id\":\"https:\\\/\\\/ravyx.com\\\/contact-us\\\/illinois-grocery-technology\\\/#primaryimage\",\"url\":\"https:\\\/\\\/ravyx.com\\\/wp-content\\\/uploads\\\/2025\\\/09\\\/Illinois.png\",\"contentUrl\":\"https:\\\/\\\/ravyx.com\\\/wp-content\\\/uploads\\\/2025\\\/09\\\/Illinois.png\"},{\"@type\":\"BreadcrumbList\",\"@id\":\"https:\\\/\\\/ravyx.com\\\/contact-us\\\/illinois-grocery-technology\\\/#breadcrumb\",\"itemListElement\":[{\"@type\":\"ListItem\",\"position\":1,\"name\":\"Home\",\"item\":\"https:\\\/\\\/ravyx.com\\\/\"},{\"@type\":\"ListItem\",\"position\":2,\"name\":\"Contact Us\",\"item\":\"https:\\\/\\\/ravyx.com\\\/contact-us\\\/\"},{\"@type\":\"ListItem\",\"position\":3,\"name\":\"Expanding to Illinois Grocery Technology\"}]},{\"@type\":\"WebSite\",\"@id\":\"https:\\\/\\\/ravyx.com\\\/#website\",\"url\":\"https:\\\/\\\/ravyx.com\\\/\",\"name\":\"Ravyx\",\"description\":\"Proven Grocery Technologies\",\"publisher\":{\"@id\":\"https:\\\/\\\/ravyx.com\\\/#organization\"},\"potentialAction\":[{\"@type\":\"SearchAction\",\"target\":{\"@type\":\"EntryPoint\",\"urlTemplate\":\"https:\\\/\\\/ravyx.com\\\/?s={search_term_string}\"},\"query-input\":{\"@type\":\"PropertyValueSpecification\",\"valueRequired\":true,\"valueName\":\"search_term_string\"}}],\"inLanguage\":\"fr-CA\"},{\"@type\":\"Organization\",\"@id\":\"https:\\\/\\\/ravyx.com\\\/#organization\",\"name\":\"Ravyx\",\"url\":\"https:\\\/\\\/ravyx.com\\\/\",\"logo\":{\"@type\":\"ImageObject\",\"inLanguage\":\"fr-CA\",\"@id\":\"https:\\\/\\\/ravyx.com\\\/#\\\/schema\\\/logo\\\/image\\\/\",\"url\":\"https:\\\/\\\/ravyx.com\\\/wp-content\\\/uploads\\\/2023\\\/09\\\/generic-brand-1.jpg\",\"contentUrl\":\"https:\\\/\\\/ravyx.com\\\/wp-content\\\/uploads\\\/2023\\\/09\\\/generic-brand-1.jpg\",\"width\":1200,\"height\":1200,\"caption\":\"Ravyx\"},\"image\":{\"@id\":\"https:\\\/\\\/ravyx.com\\\/#\\\/schema\\\/logo\\\/image\\\/\"},\"sameAs\":[\"https:\\\/\\\/www.facebook.com\\\/stcrpos\",\"https:\\\/\\\/x.com\\\/stcrpos\",\"https:\\\/\\\/www.linkedin.com\\\/company\\\/stcr\\\/\",\"https:\\\/\\\/www.youtube.com\\\/channel\\\/UCSWcsJARYjaQnz0T5o4p9DQ\"]}]}<\/script>\n<!-- \/ Yoast SEO plugin. -->","yoast_head_json":{"title":"Illinois Grocers and Retailers Expansion | Ravyx","description":"Attention Illinois grocers and retailers! Explore how Ravyx can optimize your operations and customer experiences with custom technology.","robots":{"index":"index","follow":"follow","max-snippet":"max-snippet:-1","max-image-preview":"max-image-preview:large","max-video-preview":"max-video-preview:-1"},"canonical":"https:\/\/ravyx.com\/fr_ca\/contact-us\/illinois-grocery-technology\/","og_locale":"fr_CA","og_type":"article","og_title":"Illinois Grocers and Retailers Expansion | Ravyx","og_description":"Attention Illinois grocers and retailers! Explore how Ravyx can optimize your operations and customer experiences with custom technology.","og_url":"https:\/\/ravyx.com\/fr_ca\/contact-us\/illinois-grocery-technology\/","og_site_name":"Ravyx","article_publisher":"https:\/\/www.facebook.com\/stcrpos","og_image":[{"width":700,"height":500,"url":"https:\/\/ravyx.com\/wp-content\/uploads\/2025\/09\/Illinois.png","type":"image\/png"}],"twitter_card":"summary_large_image","twitter_site":"@stcrpos","twitter_misc":{"Est. reading time":"2 minutes"},"schema":{"@context":"https:\/\/schema.org","@graph":[{"@type":"WebPage","@id":"https:\/\/ravyx.com\/contact-us\/illinois-grocery-technology\/","url":"https:\/\/ravyx.com\/contact-us\/illinois-grocery-technology\/","name":"Illinois Grocers and Retailers Expansion | Ravyx","isPartOf":{"@id":"https:\/\/ravyx.com\/#website"},"primaryImageOfPage":{"@id":"https:\/\/ravyx.com\/contact-us\/illinois-grocery-technology\/#primaryimage"},"image":{"@id":"https:\/\/ravyx.com\/contact-us\/illinois-grocery-technology\/#primaryimage"},"thumbnailUrl":"https:\/\/ravyx.com\/wp-content\/uploads\/2025\/09\/Illinois.png","datePublished":"2025-11-06T14:20:24+00:00","description":"Attention Illinois grocers and retailers! Explore how Ravyx can optimize your operations and customer experiences with custom technology.","breadcrumb":{"@id":"https:\/\/ravyx.com\/contact-us\/illinois-grocery-technology\/#breadcrumb"},"inLanguage":"fr-CA","potentialAction":[{"@type":"ReadAction","target":["https:\/\/ravyx.com\/contact-us\/illinois-grocery-technology\/"]}]},{"@type":"ImageObject","inLanguage":"fr-CA","@id":"https:\/\/ravyx.com\/contact-us\/illinois-grocery-technology\/#primaryimage","url":"https:\/\/ravyx.com\/wp-content\/uploads\/2025\/09\/Illinois.png","contentUrl":"https:\/\/ravyx.com\/wp-content\/uploads\/2025\/09\/Illinois.png"},{"@type":"BreadcrumbList","@id":"https:\/\/ravyx.com\/contact-us\/illinois-grocery-technology\/#breadcrumb","itemListElement":[{"@type":"ListItem","position":1,"name":"Home","item":"https:\/\/ravyx.com\/"},{"@type":"ListItem","position":2,"name":"Contact Us","item":"https:\/\/ravyx.com\/contact-us\/"},{"@type":"ListItem","position":3,"name":"Expanding to Illinois Grocery Technology"}]},{"@type":"WebSite","@id":"https:\/\/ravyx.com\/#website","url":"https:\/\/ravyx.com\/","name":"Ravyx","description":"Proven Grocery Technologies","publisher":{"@id":"https:\/\/ravyx.com\/#organization"},"potentialAction":[{"@type":"SearchAction","target":{"@type":"EntryPoint","urlTemplate":"https:\/\/ravyx.com\/?s={search_term_string}"},"query-input":{"@type":"PropertyValueSpecification","valueRequired":true,"valueName":"search_term_string"}}],"inLanguage":"fr-CA"},{"@type":"Organization","@id":"https:\/\/ravyx.com\/#organization","name":"Ravyx","url":"https:\/\/ravyx.com\/","logo":{"@type":"ImageObject","inLanguage":"fr-CA","@id":"https:\/\/ravyx.com\/#\/schema\/logo\/image\/","url":"https:\/\/ravyx.com\/wp-content\/uploads\/2023\/09\/generic-brand-1.jpg","contentUrl":"https:\/\/ravyx.com\/wp-content\/uploads\/2023\/09\/generic-brand-1.jpg","width":1200,"height":1200,"caption":"Ravyx"},"image":{"@id":"https:\/\/ravyx.com\/#\/schema\/logo\/image\/"},"sameAs":["https:\/\/www.facebook.com\/stcrpos","https:\/\/x.com\/stcrpos","https:\/\/www.linkedin.com\/company\/stcr\/","https:\/\/www.youtube.com\/channel\/UCSWcsJARYjaQnz0T5o4p9DQ"]}]}},"_links":{"self":[{"href":"https:\/\/ravyx.com\/fr_ca\/wp-json\/wp\/v2\/pages\/3944","targetHints":{"allow":["GET"]}}],"collection":[{"href":"https:\/\/ravyx.com\/fr_ca\/wp-json\/wp\/v2\/pages"}],"about":[{"href":"https:\/\/ravyx.com\/fr_ca\/wp-json\/wp\/v2\/types\/page"}],"author":[{"embeddable":true,"href":"https:\/\/ravyx.com\/fr_ca\/wp-json\/wp\/v2\/users\/13"}],"replies":[{"embeddable":true,"href":"https:\/\/ravyx.com\/fr_ca\/wp-json\/wp\/v2\/comments?post=3944"}],"version-history":[{"count":0,"href":"https:\/\/ravyx.com\/fr_ca\/wp-json\/wp\/v2\/pages\/3944\/revisions"}],"up":[{"embeddable":true,"href":"https:\/\/ravyx.com\/fr_ca\/wp-json\/wp\/v2\/pages\/596"}],"wp:attachment":[{"href":"https:\/\/ravyx.com\/fr_ca\/wp-json\/wp\/v2\/media?parent=3944"}],"curies":[{"name":"wp","href":"https:\/\/api.w.org\/{rel}","templated":true}]}}