{"id":3934,"date":"2025-09-02T16:49:20","date_gmt":"2025-09-02T20:49:20","guid":{"rendered":"https:\/\/ravyx.com\/?page_id=3934"},"modified":"2025-11-06T09:10:32","modified_gmt":"2025-11-06T14:10:32","slug":"texas-grocers-and-retailers","status":"publish","type":"page","link":"https:\/\/ravyx.com\/fr_ca\/contact-us\/texas-grocers-and-retailers\/","title":{"rendered":"Extension aux \u00e9piciers et d\u00e9taillants du Texas"},"content":{"rendered":"<div class=\"wp-block-columns is-layout-flex wp-container-core-columns-is-layout-9d6595d7 wp-block-columns-is-layout-flex\">\n<div class=\"wp-block-column is-layout-flow wp-block-column-is-layout-flow\">\n<h2 class=\"wp-block-heading\">Technologie de la vente au d\u00e9tail et solutions POS<\/h2>\n\n\n\n<p>Nous nous sommes implant\u00e9s au Texas pour mieux servir le march\u00e9 de la vente au d\u00e9tail de cet \u00c9tat, qui ne cesse de cro\u00eetre. Qu'il s'agisse d'\u00e9piceries ind\u00e9pendantes, de cha\u00eenes d'entreprises, de d\u00e9panneurs, de d\u00e9taillants de boissons alcoolis\u00e9es ou autres, nous fournissons aux \u00e9piceries et aux d\u00e9taillants du Texas des produits sur mesure. <a href=\"https:\/\/ravyx.com\/fr_ca\/solutions\/select-products\/pos-applications\/\" target=\"_blank\" rel=\"noreferrer noopener\">Solutions technologiques pour les points de vente et le commerce de d\u00e9tail<\/a> con\u00e7u pour r\u00e9duire les co\u00fbts, am\u00e9liorer les op\u00e9rations et les exp\u00e9riences des clients.<\/p>\n\n\n\n<p>Au Texas, les \u00e9piciers et les d\u00e9taillants sont confront\u00e9s \u00e0 des d\u00e9fis uniques, qu'il s'agisse de g\u00e9rer de vastes assortiments de produits dans les cha\u00eenes d'\u00e9picerie ou de soutenir les activit\u00e9s des magasins de proximit\u00e9 et des magasins d'alcool qui \u00e9voluent rapidement. Notre expertise aide les d\u00e9taillants texans de toutes tailles \u00e0 mettre en \u0153uvre un \u00e9cosyst\u00e8me technologique, afin que vos magasins fonctionnent sans heurts. Que vous soyez \u00e0 Dallas, Houston, Austin ou San Antonio, notre \u00e9quipe est l\u00e0 pour vous aider \u00e0 construire des entreprises plus fortes et plus efficaces.<\/p>\n<\/div>\n\n\n\n<div class=\"wp-block-column is-layout-flow wp-block-column-is-layout-flow\">\n<figure class=\"wp-block-image size-full\"><img loading=\"lazy\" decoding=\"async\" width=\"700\" height=\"500\" src=\"https:\/\/ravyx.com\/wp-content\/uploads\/2025\/09\/TX-Grocery-and-Retail-POS.png\" alt=\"\" class=\"wp-image-3940\" srcset=\"https:\/\/ravyx.com\/wp-content\/uploads\/2025\/09\/TX-Grocery-and-Retail-POS.png 700w, https:\/\/ravyx.com\/wp-content\/uploads\/2025\/09\/TX-Grocery-and-Retail-POS-300x214.png 300w, https:\/\/ravyx.com\/wp-content\/uploads\/2025\/09\/TX-Grocery-and-Retail-POS-18x12.png 18w\" sizes=\"auto, (max-width: 700px) 100vw, 700px\" \/><\/figure>\n<\/div>\n<\/div>\n\n\n\n<div class=\"block-inline-cta wpx-custom-block\" id=\"acf-inline-cta9678\">\n\n\t<div class=\"inline-cta-inner\">\n\t\t\n\t\t<h3 class=\"inline-cta-title\">Discutons de la fa\u00e7on dont Ravyx peut renforcer la technologie de la vente au d\u00e9tail et de l'\u00e9picerie au Texas !<\/h3>\t\t<p>Si vous souhaitez en savoir plus mais que vous ne savez pas par o\u00f9 commencer, contactez notre \u00e9quipe d\u00e8s aujourd'hui ! Inscrivez-vous pour une consultation gratuite de votre syst\u00e8me actuel et laissez notre \u00e9quipe \u00e9laborer un plan sur la fa\u00e7on dont nos solutions peuvent aider \u00e0 am\u00e9liorer l'efficacit\u00e9 de vos magasins. <\/p>\n\t\t\t\t\t<div class=\"button-group\">\n\t\t\t\t<a href=\"https:\/\/ravyx.com\/fr_ca\/contact-us\/\" target=\"\" class=\"wpx-button\">Nous contacter<\/a>\n\t\t\t<\/div>\n\t\t\n\t<\/div>\n\n<\/div>\n\n\n<div class=\"wp-block-columns is-layout-flex wp-container-core-columns-is-layout-9d6595d7 wp-block-columns-is-layout-flex\">\n<div class=\"wp-block-column is-layout-flow wp-block-column-is-layout-flow\" style=\"flex-basis:33.33%\">\n<figure class=\"wp-block-image size-full\"><img loading=\"lazy\" decoding=\"async\" width=\"500\" height=\"700\" src=\"https:\/\/ravyx.com\/wp-content\/uploads\/2025\/09\/Texas-POS-System-1.png\" alt=\"\" class=\"wp-image-3941\" srcset=\"https:\/\/ravyx.com\/wp-content\/uploads\/2025\/09\/Texas-POS-System-1.png 500w, https:\/\/ravyx.com\/wp-content\/uploads\/2025\/09\/Texas-POS-System-1-214x300.png 214w, https:\/\/ravyx.com\/wp-content\/uploads\/2025\/09\/Texas-POS-System-1-9x12.png 9w\" sizes=\"auto, (max-width: 500px) 100vw, 500px\" \/><\/figure>\n<\/div>\n\n\n\n<div class=\"wp-block-column is-layout-flow wp-block-column-is-layout-flow\" style=\"flex-basis:66.66%\">\n<h2 class=\"wp-block-heading\">Solutions que nous proposons aux \u00e9piciers et d\u00e9taillants du Texas<\/h2>\n\n\n\n<p>Notre technologie est con\u00e7ue pour r\u00e9pondre aux besoins des \u00e9piciers et des d\u00e9taillants. Elle est con\u00e7ue pour r\u00e9duire les co\u00fbts, augmenter l'efficacit\u00e9 et offrir \u00e0 vos clients une exp\u00e9rience d'achat transparente.<\/p>\n\n\n\n<ul class=\"wp-block-list\">\n<li><strong>Syst\u00e8mes POS de bout en bout<\/strong> - Des plates-formes \u00e9volutives qui s'adressent \u00e0 tous les types de commerces, des \u00e9piceries \u00e0 emplacement unique aux grandes entreprises de vente au d\u00e9tail dans tout le Texas.<\/li>\n\n\n\n<li><strong>Self-Checkout et Mobile Checkout<\/strong> - Acc\u00e9l\u00e9rer le service en amont et donner aux clients plus de choix dans la mani\u00e8re dont ils font leurs achats.<\/li>\n\n\n\n<li><strong>Fid\u00e9lisation, promotions et coupons num\u00e9riques<\/strong> - Stimulez la fid\u00e9lisation et renforcez les relations avec vos clients gr\u00e2ce \u00e0 des programmes de fid\u00e9lisation flexibles adapt\u00e9s aux acheteurs texans.<\/li>\n\n\n\n<li><strong>Pr\u00e9vention des pertes et r\u00e9duction de la d\u00e9marque inconnue<\/strong> - Prot\u00e9gez vos profits gr\u00e2ce \u00e0 des outils de s\u00e9curit\u00e9 avanc\u00e9s qui r\u00e9pondent aux d\u00e9fis auxquels sont confront\u00e9s les \u00e9piciers et les d\u00e9taillants du Texas, qu'il s'agisse de vols ou de fraudes.<\/li>\n\n\n\n<li><strong>Back Office, rapports et gestion des stocks<\/strong> - Ma\u00eetrisez vos op\u00e9rations gr\u00e2ce \u00e0 des outils qui simplifient la programmation, les commandes et le suivi des donn\u00e9es en temps r\u00e9el.<\/li>\n\n\n\n<li><strong>Solutions de vente au d\u00e9tail omni-canal<\/strong> - Unifier les ventes en magasin avec le ramassage \u00e0 domicile, la livraison et les achats en ligne pour r\u00e9pondre aux attentes des consommateurs texans d'aujourd'hui.<\/li>\n\n\n\n<li><strong>Analyse de la vente au d\u00e9tail et intelligence \u00e9conomique<\/strong> - Utilisez des informations exploitables pour pr\u00e9voir la demande, r\u00e9duire les d\u00e9chets et prendre des d\u00e9cisions commerciales plus judicieuses.<\/li>\n<\/ul>\n<\/div>\n<\/div>\n\n\n\n<div class=\"block-inline-cta wpx-custom-block\" id=\"acf-inline-cta3840\">\n\n\t<div class=\"inline-cta-inner\">\n\t\t\n\t\t<h3 class=\"inline-cta-title\">Pr\u00eat \u00e0 devenir un d\u00e9taillant agile ?<\/h3>\t\t<p>Les \u00e9piciers et les d\u00e9taillants du Texas ont besoin d'une technologie adapt\u00e9e \u00e0 leur activit\u00e9. En combinant les points de vente, les caisses automatiques, la fid\u00e9lisation, la pr\u00e9vention des pertes et bien d'autres choses encore en un seul syst\u00e8me homog\u00e8ne. Concevons ensemble une solution qui \u00e9volue avec votre entreprise et vous permet de rester \u00e0 la pointe du progr\u00e8s.<\/p>\n\t\t\t\t\t<div class=\"button-group\">\n\t\t\t\t<a href=\"https:\/\/ravyx.com\/fr_ca\/agile-grocer-ebook\/\" target=\"_blank\" class=\"wpx-button\">En savoir plus<\/a>\n\t\t\t<\/div>\n\t\t\n\t<\/div>\n\n<\/div>","protected":false},"excerpt":{"rendered":"<p>Retail Technology and POS Solutions We have expanded to Texas to better serve the state\u2019s ever-growing retail market. From independent grocers to enterprise chains, convenience stores, liquor retailers, and more, we deliver Texas grocers and retailers with custom POS and retail technology solutions designed to reduce costs, improve operations, and enhance customer experiences. Across Texas, [&hellip;]<\/p>\n","protected":false},"author":13,"featured_media":0,"parent":596,"menu_order":7,"comment_status":"closed","ping_status":"closed","template":"","meta":{"_acf_changed":true,"footnotes":""},"class_list":["post-3934","page","type-page","status-publish","hentry"],"acf":[],"yoast_head":"<!-- This site is optimized with the Yoast SEO plugin v27.5 - https:\/\/yoast.com\/product\/yoast-seo-wordpress\/ -->\n<title>Texas Grocers and Retailers Expansion | Ravyx<\/title>\n<meta name=\"description\" content=\"Attention Texas grocers and retailers! Explore how Ravyx can optimize your operations and customer experiences with custom technology.\" \/>\n<meta name=\"robots\" content=\"index, follow, max-snippet:-1, max-image-preview:large, max-video-preview:-1\" \/>\n<link rel=\"canonical\" href=\"https:\/\/ravyx.com\/fr_ca\/contact-us\/texas-grocers-and-retailers\/\" \/>\n<meta property=\"og:locale\" content=\"fr_CA\" \/>\n<meta property=\"og:type\" content=\"article\" \/>\n<meta property=\"og:title\" content=\"Texas Grocers and Retailers Expansion | Ravyx\" \/>\n<meta property=\"og:description\" content=\"Attention Texas grocers and retailers! Explore how Ravyx can optimize your operations and customer experiences with custom technology.\" \/>\n<meta property=\"og:url\" content=\"https:\/\/ravyx.com\/fr_ca\/contact-us\/texas-grocers-and-retailers\/\" \/>\n<meta property=\"og:site_name\" content=\"Ravyx\" \/>\n<meta property=\"article:publisher\" content=\"https:\/\/www.facebook.com\/stcrpos\" \/>\n<meta property=\"article:modified_time\" content=\"2025-11-06T14:10:32+00:00\" \/>\n<meta property=\"og:image\" content=\"https:\/\/ravyx.com\/wp-content\/uploads\/2025\/09\/TX-Grocery-and-Retail-POS.png\" \/>\n\t<meta property=\"og:image:width\" content=\"700\" \/>\n\t<meta property=\"og:image:height\" content=\"500\" \/>\n\t<meta property=\"og:image:type\" content=\"image\/png\" \/>\n<meta name=\"twitter:card\" content=\"summary_large_image\" \/>\n<meta name=\"twitter:site\" content=\"@stcrpos\" \/>\n<meta name=\"twitter:label1\" content=\"Est. reading time\" \/>\n\t<meta name=\"twitter:data1\" content=\"2 minutes\" \/>\n<script type=\"application\/ld+json\" class=\"yoast-schema-graph\">{\"@context\":\"https:\\\/\\\/schema.org\",\"@graph\":[{\"@type\":\"WebPage\",\"@id\":\"https:\\\/\\\/ravyx.com\\\/contact-us\\\/texas-grocers-and-retailers\\\/\",\"url\":\"https:\\\/\\\/ravyx.com\\\/contact-us\\\/texas-grocers-and-retailers\\\/\",\"name\":\"Texas Grocers and Retailers Expansion | Ravyx\",\"isPartOf\":{\"@id\":\"https:\\\/\\\/ravyx.com\\\/#website\"},\"primaryImageOfPage\":{\"@id\":\"https:\\\/\\\/ravyx.com\\\/contact-us\\\/texas-grocers-and-retailers\\\/#primaryimage\"},\"image\":{\"@id\":\"https:\\\/\\\/ravyx.com\\\/contact-us\\\/texas-grocers-and-retailers\\\/#primaryimage\"},\"thumbnailUrl\":\"https:\\\/\\\/ravyx.com\\\/wp-content\\\/uploads\\\/2025\\\/09\\\/TX-Grocery-and-Retail-POS.png\",\"datePublished\":\"2025-09-02T20:49:20+00:00\",\"dateModified\":\"2025-11-06T14:10:32+00:00\",\"description\":\"Attention Texas grocers and retailers! Explore how Ravyx can optimize your operations and customer experiences with custom technology.\",\"breadcrumb\":{\"@id\":\"https:\\\/\\\/ravyx.com\\\/contact-us\\\/texas-grocers-and-retailers\\\/#breadcrumb\"},\"inLanguage\":\"fr-CA\",\"potentialAction\":[{\"@type\":\"ReadAction\",\"target\":[\"https:\\\/\\\/ravyx.com\\\/contact-us\\\/texas-grocers-and-retailers\\\/\"]}]},{\"@type\":\"ImageObject\",\"inLanguage\":\"fr-CA\",\"@id\":\"https:\\\/\\\/ravyx.com\\\/contact-us\\\/texas-grocers-and-retailers\\\/#primaryimage\",\"url\":\"https:\\\/\\\/ravyx.com\\\/wp-content\\\/uploads\\\/2025\\\/09\\\/TX-Grocery-and-Retail-POS.png\",\"contentUrl\":\"https:\\\/\\\/ravyx.com\\\/wp-content\\\/uploads\\\/2025\\\/09\\\/TX-Grocery-and-Retail-POS.png\"},{\"@type\":\"BreadcrumbList\",\"@id\":\"https:\\\/\\\/ravyx.com\\\/contact-us\\\/texas-grocers-and-retailers\\\/#breadcrumb\",\"itemListElement\":[{\"@type\":\"ListItem\",\"position\":1,\"name\":\"Home\",\"item\":\"https:\\\/\\\/ravyx.com\\\/\"},{\"@type\":\"ListItem\",\"position\":2,\"name\":\"Contact Us\",\"item\":\"https:\\\/\\\/ravyx.com\\\/contact-us\\\/\"},{\"@type\":\"ListItem\",\"position\":3,\"name\":\"Expanding to Texas Grocers and Retailers\"}]},{\"@type\":\"WebSite\",\"@id\":\"https:\\\/\\\/ravyx.com\\\/#website\",\"url\":\"https:\\\/\\\/ravyx.com\\\/\",\"name\":\"Ravyx\",\"description\":\"Proven Grocery Technologies\",\"publisher\":{\"@id\":\"https:\\\/\\\/ravyx.com\\\/#organization\"},\"potentialAction\":[{\"@type\":\"SearchAction\",\"target\":{\"@type\":\"EntryPoint\",\"urlTemplate\":\"https:\\\/\\\/ravyx.com\\\/?s={search_term_string}\"},\"query-input\":{\"@type\":\"PropertyValueSpecification\",\"valueRequired\":true,\"valueName\":\"search_term_string\"}}],\"inLanguage\":\"fr-CA\"},{\"@type\":\"Organization\",\"@id\":\"https:\\\/\\\/ravyx.com\\\/#organization\",\"name\":\"Ravyx\",\"url\":\"https:\\\/\\\/ravyx.com\\\/\",\"logo\":{\"@type\":\"ImageObject\",\"inLanguage\":\"fr-CA\",\"@id\":\"https:\\\/\\\/ravyx.com\\\/#\\\/schema\\\/logo\\\/image\\\/\",\"url\":\"https:\\\/\\\/ravyx.com\\\/wp-content\\\/uploads\\\/2023\\\/09\\\/generic-brand-1.jpg\",\"contentUrl\":\"https:\\\/\\\/ravyx.com\\\/wp-content\\\/uploads\\\/2023\\\/09\\\/generic-brand-1.jpg\",\"width\":1200,\"height\":1200,\"caption\":\"Ravyx\"},\"image\":{\"@id\":\"https:\\\/\\\/ravyx.com\\\/#\\\/schema\\\/logo\\\/image\\\/\"},\"sameAs\":[\"https:\\\/\\\/www.facebook.com\\\/stcrpos\",\"https:\\\/\\\/x.com\\\/stcrpos\",\"https:\\\/\\\/www.linkedin.com\\\/company\\\/stcr\\\/\",\"https:\\\/\\\/www.youtube.com\\\/channel\\\/UCSWcsJARYjaQnz0T5o4p9DQ\"]}]}<\/script>\n<!-- \/ Yoast SEO plugin. -->","yoast_head_json":{"title":"Texas Grocers and Retailers Expansion | Ravyx","description":"Attention aux \u00e9piciers et d\u00e9taillants du Texas ! D\u00e9couvrez comment Ravyx peut optimiser vos op\u00e9rations et l'exp\u00e9rience de vos clients gr\u00e2ce \u00e0 une technologie personnalis\u00e9e.","robots":{"index":"index","follow":"follow","max-snippet":"max-snippet:-1","max-image-preview":"max-image-preview:large","max-video-preview":"max-video-preview:-1"},"canonical":"https:\/\/ravyx.com\/fr_ca\/contact-us\/texas-grocers-and-retailers\/","og_locale":"fr_CA","og_type":"article","og_title":"Texas Grocers and Retailers Expansion | Ravyx","og_description":"Attention Texas grocers and retailers! Explore how Ravyx can optimize your operations and customer experiences with custom technology.","og_url":"https:\/\/ravyx.com\/fr_ca\/contact-us\/texas-grocers-and-retailers\/","og_site_name":"Ravyx","article_publisher":"https:\/\/www.facebook.com\/stcrpos","article_modified_time":"2025-11-06T14:10:32+00:00","og_image":[{"width":700,"height":500,"url":"https:\/\/ravyx.com\/wp-content\/uploads\/2025\/09\/TX-Grocery-and-Retail-POS.png","type":"image\/png"}],"twitter_card":"summary_large_image","twitter_site":"@stcrpos","twitter_misc":{"Est. reading time":"2 minutes"},"schema":{"@context":"https:\/\/schema.org","@graph":[{"@type":"WebPage","@id":"https:\/\/ravyx.com\/contact-us\/texas-grocers-and-retailers\/","url":"https:\/\/ravyx.com\/contact-us\/texas-grocers-and-retailers\/","name":"Texas Grocers and Retailers Expansion | Ravyx","isPartOf":{"@id":"https:\/\/ravyx.com\/#website"},"primaryImageOfPage":{"@id":"https:\/\/ravyx.com\/contact-us\/texas-grocers-and-retailers\/#primaryimage"},"image":{"@id":"https:\/\/ravyx.com\/contact-us\/texas-grocers-and-retailers\/#primaryimage"},"thumbnailUrl":"https:\/\/ravyx.com\/wp-content\/uploads\/2025\/09\/TX-Grocery-and-Retail-POS.png","datePublished":"2025-09-02T20:49:20+00:00","dateModified":"2025-11-06T14:10:32+00:00","description":"Attention aux \u00e9piciers et d\u00e9taillants du Texas ! D\u00e9couvrez comment Ravyx peut optimiser vos op\u00e9rations et l'exp\u00e9rience de vos clients gr\u00e2ce \u00e0 une technologie personnalis\u00e9e.","breadcrumb":{"@id":"https:\/\/ravyx.com\/contact-us\/texas-grocers-and-retailers\/#breadcrumb"},"inLanguage":"fr-CA","potentialAction":[{"@type":"ReadAction","target":["https:\/\/ravyx.com\/contact-us\/texas-grocers-and-retailers\/"]}]},{"@type":"ImageObject","inLanguage":"fr-CA","@id":"https:\/\/ravyx.com\/contact-us\/texas-grocers-and-retailers\/#primaryimage","url":"https:\/\/ravyx.com\/wp-content\/uploads\/2025\/09\/TX-Grocery-and-Retail-POS.png","contentUrl":"https:\/\/ravyx.com\/wp-content\/uploads\/2025\/09\/TX-Grocery-and-Retail-POS.png"},{"@type":"BreadcrumbList","@id":"https:\/\/ravyx.com\/contact-us\/texas-grocers-and-retailers\/#breadcrumb","itemListElement":[{"@type":"ListItem","position":1,"name":"Home","item":"https:\/\/ravyx.com\/"},{"@type":"ListItem","position":2,"name":"Contact Us","item":"https:\/\/ravyx.com\/contact-us\/"},{"@type":"ListItem","position":3,"name":"Expanding to Texas Grocers and Retailers"}]},{"@type":"WebSite","@id":"https:\/\/ravyx.com\/#website","url":"https:\/\/ravyx.com\/","name":"Ravyx","description":"Proven Grocery Technologies","publisher":{"@id":"https:\/\/ravyx.com\/#organization"},"potentialAction":[{"@type":"SearchAction","target":{"@type":"EntryPoint","urlTemplate":"https:\/\/ravyx.com\/?s={search_term_string}"},"query-input":{"@type":"PropertyValueSpecification","valueRequired":true,"valueName":"search_term_string"}}],"inLanguage":"fr-CA"},{"@type":"Organization","@id":"https:\/\/ravyx.com\/#organization","name":"Ravyx","url":"https:\/\/ravyx.com\/","logo":{"@type":"ImageObject","inLanguage":"fr-CA","@id":"https:\/\/ravyx.com\/#\/schema\/logo\/image\/","url":"https:\/\/ravyx.com\/wp-content\/uploads\/2023\/09\/generic-brand-1.jpg","contentUrl":"https:\/\/ravyx.com\/wp-content\/uploads\/2023\/09\/generic-brand-1.jpg","width":1200,"height":1200,"caption":"Ravyx"},"image":{"@id":"https:\/\/ravyx.com\/#\/schema\/logo\/image\/"},"sameAs":["https:\/\/www.facebook.com\/stcrpos","https:\/\/x.com\/stcrpos","https:\/\/www.linkedin.com\/company\/stcr\/","https:\/\/www.youtube.com\/channel\/UCSWcsJARYjaQnz0T5o4p9DQ"]}]}},"_links":{"self":[{"href":"https:\/\/ravyx.com\/fr_ca\/wp-json\/wp\/v2\/pages\/3934","targetHints":{"allow":["GET"]}}],"collection":[{"href":"https:\/\/ravyx.com\/fr_ca\/wp-json\/wp\/v2\/pages"}],"about":[{"href":"https:\/\/ravyx.com\/fr_ca\/wp-json\/wp\/v2\/types\/page"}],"author":[{"embeddable":true,"href":"https:\/\/ravyx.com\/fr_ca\/wp-json\/wp\/v2\/users\/13"}],"replies":[{"embeddable":true,"href":"https:\/\/ravyx.com\/fr_ca\/wp-json\/wp\/v2\/comments?post=3934"}],"version-history":[{"count":0,"href":"https:\/\/ravyx.com\/fr_ca\/wp-json\/wp\/v2\/pages\/3934\/revisions"}],"up":[{"embeddable":true,"href":"https:\/\/ravyx.com\/fr_ca\/wp-json\/wp\/v2\/pages\/596"}],"wp:attachment":[{"href":"https:\/\/ravyx.com\/fr_ca\/wp-json\/wp\/v2\/media?parent=3934"}],"curies":[{"name":"wp","href":"https:\/\/api.w.org\/{rel}","templated":true}]}}