{"id":3913,"date":"2025-08-28T16:34:26","date_gmt":"2025-08-28T20:34:26","guid":{"rendered":"https:\/\/ravyx.com\/?page_id=3913"},"modified":"2025-08-29T11:01:44","modified_gmt":"2025-08-29T15:01:44","slug":"technology-stacks-for-large-grocery-chains","status":"publish","type":"page","link":"https:\/\/ravyx.com\/fr_ca\/solutions\/technology-stacks-for-large-grocery-chains\/","title":{"rendered":"Des piles technologiques pour les grandes cha\u00eenes d'alimentation"},"content":{"rendered":"<h2 class=\"wp-block-heading has-text-align-center\">Permettre aux grandes cha\u00eenes d'alimentation de rationaliser et de gagner au niveau de l'entreprise<\/h2>\n\n\n\n<p>Les grandes cha\u00eenes d'\u00e9picerie sont soumises \u00e0 une pression \u00e9norme pour rester efficaces, assurer la coh\u00e9rence et innover - dans des dizaines, voire des centaines de sites. En tant qu'op\u00e9rateur d'\u00e9picerie d'entreprise, vous avez besoin d'une technologie puissante, \u00e9volutive et flexible. C'est l\u00e0 que Ravyx intervient.<\/p>\n\n\n\n<p>Que vous soyez confront\u00e9 \u00e0 la complexit\u00e9 de la cha\u00eene d'approvisionnement, \u00e0 la friction du r\u00e9seau de m\u00e9dias de d\u00e9tail ou \u00e0 la fatigue analytique, nos syst\u00e8mes sont sp\u00e9cialement con\u00e7us pour r\u00e9pondre aux exigences op\u00e9rationnelles des grandes cha\u00eenes d'\u00e9picerie, afin que vous puissiez optimiser vos performances sans compromettre votre agilit\u00e9.<\/p>\n\n\n\n<div class=\"wp-block-columns is-layout-flex wp-container-core-columns-is-layout-9d6595d7 wp-block-columns-is-layout-flex\">\n<div class=\"wp-block-column is-layout-flow wp-block-column-is-layout-flow\">\n<h2 class=\"wp-block-heading\">Ce qu'il faut faire <strong>Les d\u00e9fis \u00e0 relever <\/strong>Les grandes cha\u00eenes d'alimentation sont-elles confront\u00e9es \u00e0 l'\u00e9chelle de l'entreprise ?<\/h2>\n\n\n\n<ul class=\"wp-block-list\">\n<li><strong>Fonctionnement \u00e0 l'\u00e9chelle :<\/strong> G\u00e9rer des centaines de sites interconnect\u00e9s, au rythme rapide, avec des besoins et des demandes diff\u00e9rents.<\/li>\n\n\n\n<li><strong>Complexit\u00e9 de l'int\u00e9gration des syst\u00e8mes :<\/strong> Coordonner les points de vente, l'inventaire, le commerce \u00e9lectronique, les caisses automatiques et les services tiers sans cloisonnement.<\/li>\n\n\n\n<li><strong>Surcharge de donn\u00e9es :<\/strong> Transformer les donn\u00e9es massives provenant de diff\u00e9rents sites en informations exploitables - et non en bruit suppl\u00e9mentaire.<\/li>\n\n\n\n<li><strong>Attentes des r\u00e9seaux de m\u00e9dias de d\u00e9tail :<\/strong> Combiner de mani\u00e8re transparente les exp\u00e9riences en magasin, sur le trottoir et \u00e0 la livraison pour r\u00e9pondre aux normes modernes de consommation.<\/li>\n\n\n\n<li><strong>Coh\u00e9rence et fiabilit\u00e9 :<\/strong> Garantir le temps de fonctionnement, des exp\u00e9riences client uniformes et des normes de marque unifi\u00e9es.<\/li>\n<\/ul>\n\n\n\n<div class=\"wp-block-buttons is-content-justification-center is-layout-flex wp-container-core-buttons-is-layout-16018d1d wp-block-buttons-is-layout-flex\">\n<div class=\"wp-block-button\"><a class=\"wp-block-button__link wp-element-button\" href=\"https:\/\/ravyx.com\/fr_ca\/contact-us\/\" style=\"border-radius:0px\">Trouver une meilleure solution<\/a><\/div>\n<\/div>\n<\/div>\n\n\n\n<div class=\"wp-block-column is-layout-flow wp-block-column-is-layout-flow\"><div class=\"wp-block-image\">\n<figure class=\"alignleft size-large\"><img loading=\"lazy\" decoding=\"async\" width=\"1024\" height=\"678\" src=\"https:\/\/ravyx.com\/wp-content\/uploads\/2025\/08\/supermarket-949913_1280-1024x678.jpg\" alt=\"\" class=\"wp-image-3914\" srcset=\"https:\/\/ravyx.com\/wp-content\/uploads\/2025\/08\/supermarket-949913_1280-1024x678.jpg 1024w, https:\/\/ravyx.com\/wp-content\/uploads\/2025\/08\/supermarket-949913_1280-300x199.jpg 300w, https:\/\/ravyx.com\/wp-content\/uploads\/2025\/08\/supermarket-949913_1280-768x509.jpg 768w, https:\/\/ravyx.com\/wp-content\/uploads\/2025\/08\/supermarket-949913_1280-18x12.jpg 18w, https:\/\/ravyx.com\/wp-content\/uploads\/2025\/08\/supermarket-949913_1280.jpg 1280w\" sizes=\"auto, (max-width: 1024px) 100vw, 1024px\" \/><\/figure>\n<\/div><\/div>\n<\/div>\n\n\n\n<div class=\"block-inline-cta wpx-custom-block\" id=\"acf-inline-cta4828\">\n\n\t<div class=\"inline-cta-inner\">\n\t\t\n\t\t<h3 class=\"inline-cta-title\">\u201cNous sommes tr\u00e8s heureux d'augmenter le nombre de caisses automatiques dans nos magasins. La collaboration avec notre partenaire, Ravyx, nous a permis d'am\u00e9liorer l'exp\u00e9rience de nos clients en leur offrant une option de paiement suppl\u00e9mentaire et pratique. Cela nous a permis de r\u00e9duire les temps d'attente pendant les p\u00e9riodes de pointe tout au long de la journ\u00e9e et a permis \u00e0 notre \u00e9quipe de continuer \u00e0 offrir un service personnalis\u00e9.\u201d<\/h3>\t\t<p>- Marie Luglio, Longo's<\/p>\n\t\t\n\t<\/div>\n\n<\/div>\n\n\n<h2 class=\"wp-block-heading has-text-align-center\"><strong>Technologie pour les op\u00e9rations d'\u00e9picerie d'entreprise<\/strong><\/h2>\n\n\n\n<div class=\"wp-block-columns is-layout-flex wp-container-core-columns-is-layout-9d6595d7 wp-block-columns-is-layout-flex\">\n<div class=\"wp-block-column is-layout-flow wp-block-column-is-layout-flow\"><div class=\"wp-block-image\">\n<figure class=\"aligncenter size-full is-resized\"><img loading=\"lazy\" decoding=\"async\" width=\"940\" height=\"788\" src=\"https:\/\/ravyx.com\/wp-content\/uploads\/2025\/08\/POS.png\" alt=\"\" class=\"wp-image-3904\" style=\"aspect-ratio:1;object-fit:cover;width:150px\" srcset=\"https:\/\/ravyx.com\/wp-content\/uploads\/2025\/08\/POS.png 940w, https:\/\/ravyx.com\/wp-content\/uploads\/2025\/08\/POS-300x251.png 300w, https:\/\/ravyx.com\/wp-content\/uploads\/2025\/08\/POS-768x644.png 768w, https:\/\/ravyx.com\/wp-content\/uploads\/2025\/08\/POS-14x12.png 14w\" sizes=\"auto, (max-width: 940px) 100vw, 940px\" \/><\/figure>\n<\/div>\n\n\n<h3 class=\"wp-block-heading has-text-align-center\">Front-end<\/h3>\n\n\n\n<p>Point de vente \u00e9volutif qui s'adapte aux formats de magasins, de l'express \u00e0 l'enseigne, et qui est con\u00e7u pour g\u00e9rer des volumes importants.<\/p>\n<\/div>\n\n\n\n<div class=\"wp-block-column is-layout-flow wp-block-column-is-layout-flow\"><div class=\"wp-block-image\">\n<figure class=\"aligncenter size-full is-resized\"><img loading=\"lazy\" decoding=\"async\" width=\"940\" height=\"788\" src=\"https:\/\/ravyx.com\/wp-content\/uploads\/2025\/08\/Back-Office.png\" alt=\"\" class=\"wp-image-3905\" style=\"aspect-ratio:1;object-fit:cover;width:150px\" srcset=\"https:\/\/ravyx.com\/wp-content\/uploads\/2025\/08\/Back-Office.png 940w, https:\/\/ravyx.com\/wp-content\/uploads\/2025\/08\/Back-Office-300x251.png 300w, https:\/\/ravyx.com\/wp-content\/uploads\/2025\/08\/Back-Office-768x644.png 768w, https:\/\/ravyx.com\/wp-content\/uploads\/2025\/08\/Back-Office-14x12.png 14w\" sizes=\"auto, (max-width: 940px) 100vw, 940px\" \/><\/figure>\n<\/div>\n\n\n<h3 class=\"wp-block-heading has-text-align-center\">Back Office<\/h3>\n\n\n\n<p>Des tableaux de bord centralis\u00e9s, des rapports multi-locaux et des synchronisations comptables automatis\u00e9es permettent d'obtenir diverses informations.<\/p>\n<\/div>\n\n\n\n<div class=\"wp-block-column is-layout-flow wp-block-column-is-layout-flow\"><div class=\"wp-block-image\">\n<figure class=\"aligncenter size-full is-resized\"><img loading=\"lazy\" decoding=\"async\" width=\"940\" height=\"788\" src=\"https:\/\/ravyx.com\/wp-content\/uploads\/2025\/08\/Integration.png\" alt=\"\" class=\"wp-image-3908\" style=\"aspect-ratio:1;object-fit:cover;width:150px\" srcset=\"https:\/\/ravyx.com\/wp-content\/uploads\/2025\/08\/Integration.png 940w, https:\/\/ravyx.com\/wp-content\/uploads\/2025\/08\/Integration-300x251.png 300w, https:\/\/ravyx.com\/wp-content\/uploads\/2025\/08\/Integration-768x644.png 768w, https:\/\/ravyx.com\/wp-content\/uploads\/2025\/08\/Integration-14x12.png 14w\" sizes=\"auto, (max-width: 940px) 100vw, 940px\" \/><\/figure>\n<\/div>\n\n\n<h3 class=\"wp-block-heading has-text-align-center\">Int\u00e9grations<\/h3>\n\n\n\n<p>API et connecteurs personnalis\u00e9s pour les syst\u00e8mes ERP, les outils SaaS, les moteurs de fid\u00e9lisation et les plateformes de commerce \u00e9lectronique.<\/p>\n<\/div>\n<\/div>\n\n\n\n<div class=\"wp-block-columns is-layout-flex wp-container-core-columns-is-layout-9d6595d7 wp-block-columns-is-layout-flex\">\n<div class=\"wp-block-column is-layout-flow wp-block-column-is-layout-flow\"><div class=\"wp-block-image\">\n<figure class=\"aligncenter size-full is-resized\"><img loading=\"lazy\" decoding=\"async\" width=\"940\" height=\"788\" src=\"https:\/\/ravyx.com\/wp-content\/uploads\/2025\/08\/Inventory-management-1.png\" alt=\"\" class=\"wp-image-3907\" style=\"aspect-ratio:1;object-fit:cover;width:150px\" srcset=\"https:\/\/ravyx.com\/wp-content\/uploads\/2025\/08\/Inventory-management-1.png 940w, https:\/\/ravyx.com\/wp-content\/uploads\/2025\/08\/Inventory-management-1-300x251.png 300w, https:\/\/ravyx.com\/wp-content\/uploads\/2025\/08\/Inventory-management-1-768x644.png 768w, https:\/\/ravyx.com\/wp-content\/uploads\/2025\/08\/Inventory-management-1-14x12.png 14w\" sizes=\"auto, (max-width: 940px) 100vw, 940px\" \/><\/figure>\n<\/div>\n\n\n<h3 class=\"wp-block-heading has-text-align-center\">Gestion des stocks<\/h3>\n\n\n\n<p>R\u00e9approvisionnement automatis\u00e9, synchronisation entre l'entrep\u00f4t et le magasin, r\u00e9approvisionnement pr\u00e9dictif adapt\u00e9 \u00e0 la demande locale.<\/p>\n<\/div>\n\n\n\n<div class=\"wp-block-column is-layout-flow wp-block-column-is-layout-flow\"><div class=\"wp-block-image\">\n<figure class=\"aligncenter size-full is-resized\"><img loading=\"lazy\" decoding=\"async\" width=\"94\" height=\"98\" src=\"https:\/\/ravyx.com\/wp-content\/uploads\/2025\/05\/AI-robots.svg\" alt=\"\" class=\"wp-image-3538\" style=\"aspect-ratio:1;object-fit:cover;width:150px\"\/><\/figure>\n<\/div>\n\n\n<h3 class=\"wp-block-heading has-text-align-center\">R\u00e9seaux de m\u00e9dias de d\u00e9tail<\/h3>\n\n\n\n<p>Permettre le click-and-collect, les avantages clients et les remises pour une exp\u00e9rience client unifi\u00e9e et efficace.<\/p>\n<\/div>\n\n\n\n<div class=\"wp-block-column is-layout-flow wp-block-column-is-layout-flow\"><div class=\"wp-block-image\">\n<figure class=\"aligncenter size-full is-resized\"><img loading=\"lazy\" decoding=\"async\" width=\"940\" height=\"788\" src=\"https:\/\/ravyx.com\/wp-content\/uploads\/2025\/08\/Value-Added-Services.png\" alt=\"\" class=\"wp-image-3910\" style=\"aspect-ratio:1;object-fit:cover;width:150px\" srcset=\"https:\/\/ravyx.com\/wp-content\/uploads\/2025\/08\/Value-Added-Services.png 940w, https:\/\/ravyx.com\/wp-content\/uploads\/2025\/08\/Value-Added-Services-300x251.png 300w, https:\/\/ravyx.com\/wp-content\/uploads\/2025\/08\/Value-Added-Services-768x644.png 768w, https:\/\/ravyx.com\/wp-content\/uploads\/2025\/08\/Value-Added-Services-14x12.png 14w\" sizes=\"auto, (max-width: 940px) 100vw, 940px\" \/><\/figure>\n<\/div>\n\n\n<h3 class=\"wp-block-heading has-text-align-center\">Services \u00e0 valeur ajout\u00e9e<\/h3>\n\n\n\n<p>Services g\u00e9r\u00e9s sur mesure, du d\u00e9ploiement et de la surveillance \u00e0 l'assistance, con\u00e7us pour les entreprises.<\/p>\n<\/div>\n<\/div>\n\n\n\n<div class=\"block-inline-cta wpx-custom-block\" id=\"acf-inline-cta7988\">\n\n\t<div class=\"inline-cta-inner\">\n\t\t\n\t\t<h3 class=\"inline-cta-title\">Pourquoi les grandes cha\u00eenes d'alimentation choisissent-elles Ravyx ?<\/h3>\t\t<p>Nous sommes l\u00e0 pour fournir l'\u00e9volutivit\u00e9, l'int\u00e9gration et l'intelligence que votre entreprise d'\u00e9picerie exige. Pr\u00eat \u00e0 \u00e9lever votre grande cha\u00eene d'\u00e9picerie avec une technologie de pointe ?<\/p>\n\t\t\t\t\t<div class=\"button-group\">\n\t\t\t\t<a href=\"https:\/\/ravyx.com\/fr_ca\/contact-us\/\" target=\"\" class=\"wpx-button\">Nous contacter<\/a>\n\t\t\t<\/div>\n\t\t\n\t<\/div>\n\n<\/div>","protected":false},"excerpt":{"rendered":"<p>Empowering Large Grocery Chains to Streamline and Win at the Enterprise Level Large grocery chains face enormous pressure to stay efficient, ensure consistency, and innovate \u2014 across dozens or even hundreds of locations. As an enterprise grocery operator, you need technology that\u2019s powerful, scalable, and flexible. That\u2019s where Ravyx steps in. Whether you&#8217;re facing supply [&hellip;]<\/p>\n","protected":false},"author":13,"featured_media":0,"parent":587,"menu_order":3,"comment_status":"closed","ping_status":"closed","template":"","meta":{"_acf_changed":false,"footnotes":""},"class_list":["post-3913","page","type-page","status-publish","hentry"],"acf":[],"yoast_head":"<!-- This site is optimized with the Yoast SEO plugin v27.5 - https:\/\/yoast.com\/product\/yoast-seo-wordpress\/ -->\n<title>Large Grocery Chains Technology | Ravyx<\/title>\n<meta name=\"description\" content=\"Discover large grocery chains technology. Enterprise grocery solutions is built to scale and optimize performance throughout your business.\" \/>\n<meta name=\"robots\" content=\"index, follow, max-snippet:-1, max-image-preview:large, max-video-preview:-1\" \/>\n<link rel=\"canonical\" href=\"https:\/\/ravyx.com\/fr_ca\/solutions\/technology-stacks-for-large-grocery-chains\/\" \/>\n<meta property=\"og:locale\" content=\"fr_CA\" \/>\n<meta property=\"og:type\" content=\"article\" \/>\n<meta property=\"og:title\" content=\"Large Grocery Chains Technology | Ravyx\" \/>\n<meta property=\"og:description\" content=\"Discover large grocery chains technology. Enterprise grocery solutions is built to scale and optimize performance throughout your business.\" \/>\n<meta property=\"og:url\" content=\"https:\/\/ravyx.com\/fr_ca\/solutions\/technology-stacks-for-large-grocery-chains\/\" \/>\n<meta property=\"og:site_name\" content=\"Ravyx\" \/>\n<meta property=\"article:publisher\" content=\"https:\/\/www.facebook.com\/stcrpos\" \/>\n<meta property=\"article:modified_time\" content=\"2025-08-29T15:01:44+00:00\" \/>\n<meta property=\"og:image\" content=\"https:\/\/ravyx.com\/wp-content\/uploads\/2025\/08\/supermarket-949913_1280-1024x678.jpg\" \/>\n<meta name=\"twitter:card\" content=\"summary_large_image\" \/>\n<meta name=\"twitter:site\" content=\"@stcrpos\" \/>\n<meta name=\"twitter:label1\" content=\"Est. reading time\" \/>\n\t<meta name=\"twitter:data1\" content=\"3 minutes\" \/>\n<script type=\"application\/ld+json\" class=\"yoast-schema-graph\">{\"@context\":\"https:\\\/\\\/schema.org\",\"@graph\":[{\"@type\":\"WebPage\",\"@id\":\"https:\\\/\\\/ravyx.com\\\/solutions\\\/technology-stacks-for-large-grocery-chains\\\/\",\"url\":\"https:\\\/\\\/ravyx.com\\\/solutions\\\/technology-stacks-for-large-grocery-chains\\\/\",\"name\":\"Large Grocery Chains Technology | Ravyx\",\"isPartOf\":{\"@id\":\"https:\\\/\\\/ravyx.com\\\/#website\"},\"primaryImageOfPage\":{\"@id\":\"https:\\\/\\\/ravyx.com\\\/solutions\\\/technology-stacks-for-large-grocery-chains\\\/#primaryimage\"},\"image\":{\"@id\":\"https:\\\/\\\/ravyx.com\\\/solutions\\\/technology-stacks-for-large-grocery-chains\\\/#primaryimage\"},\"thumbnailUrl\":\"https:\\\/\\\/ravyx.com\\\/wp-content\\\/uploads\\\/2025\\\/08\\\/supermarket-949913_1280-1024x678.jpg\",\"datePublished\":\"2025-08-28T20:34:26+00:00\",\"dateModified\":\"2025-08-29T15:01:44+00:00\",\"description\":\"Discover large grocery chains technology. Enterprise grocery solutions is built to scale and optimize performance throughout your business.\",\"breadcrumb\":{\"@id\":\"https:\\\/\\\/ravyx.com\\\/solutions\\\/technology-stacks-for-large-grocery-chains\\\/#breadcrumb\"},\"inLanguage\":\"fr-CA\",\"potentialAction\":[{\"@type\":\"ReadAction\",\"target\":[\"https:\\\/\\\/ravyx.com\\\/solutions\\\/technology-stacks-for-large-grocery-chains\\\/\"]}]},{\"@type\":\"ImageObject\",\"inLanguage\":\"fr-CA\",\"@id\":\"https:\\\/\\\/ravyx.com\\\/solutions\\\/technology-stacks-for-large-grocery-chains\\\/#primaryimage\",\"url\":\"https:\\\/\\\/ravyx.com\\\/wp-content\\\/uploads\\\/2025\\\/08\\\/supermarket-949913_1280-1024x678.jpg\",\"contentUrl\":\"https:\\\/\\\/ravyx.com\\\/wp-content\\\/uploads\\\/2025\\\/08\\\/supermarket-949913_1280-1024x678.jpg\"},{\"@type\":\"BreadcrumbList\",\"@id\":\"https:\\\/\\\/ravyx.com\\\/solutions\\\/technology-stacks-for-large-grocery-chains\\\/#breadcrumb\",\"itemListElement\":[{\"@type\":\"ListItem\",\"position\":1,\"name\":\"Home\",\"item\":\"https:\\\/\\\/ravyx.com\\\/\"},{\"@type\":\"ListItem\",\"position\":2,\"name\":\"Solutions\",\"item\":\"https:\\\/\\\/ravyx.com\\\/solutions\\\/\"},{\"@type\":\"ListItem\",\"position\":3,\"name\":\"Technology Stacks for Large Grocery Chains\"}]},{\"@type\":\"WebSite\",\"@id\":\"https:\\\/\\\/ravyx.com\\\/#website\",\"url\":\"https:\\\/\\\/ravyx.com\\\/\",\"name\":\"Ravyx\",\"description\":\"Proven Grocery Technologies\",\"publisher\":{\"@id\":\"https:\\\/\\\/ravyx.com\\\/#organization\"},\"potentialAction\":[{\"@type\":\"SearchAction\",\"target\":{\"@type\":\"EntryPoint\",\"urlTemplate\":\"https:\\\/\\\/ravyx.com\\\/?s={search_term_string}\"},\"query-input\":{\"@type\":\"PropertyValueSpecification\",\"valueRequired\":true,\"valueName\":\"search_term_string\"}}],\"inLanguage\":\"fr-CA\"},{\"@type\":\"Organization\",\"@id\":\"https:\\\/\\\/ravyx.com\\\/#organization\",\"name\":\"Ravyx\",\"url\":\"https:\\\/\\\/ravyx.com\\\/\",\"logo\":{\"@type\":\"ImageObject\",\"inLanguage\":\"fr-CA\",\"@id\":\"https:\\\/\\\/ravyx.com\\\/#\\\/schema\\\/logo\\\/image\\\/\",\"url\":\"https:\\\/\\\/ravyx.com\\\/wp-content\\\/uploads\\\/2023\\\/09\\\/generic-brand-1.jpg\",\"contentUrl\":\"https:\\\/\\\/ravyx.com\\\/wp-content\\\/uploads\\\/2023\\\/09\\\/generic-brand-1.jpg\",\"width\":1200,\"height\":1200,\"caption\":\"Ravyx\"},\"image\":{\"@id\":\"https:\\\/\\\/ravyx.com\\\/#\\\/schema\\\/logo\\\/image\\\/\"},\"sameAs\":[\"https:\\\/\\\/www.facebook.com\\\/stcrpos\",\"https:\\\/\\\/x.com\\\/stcrpos\",\"https:\\\/\\\/www.linkedin.com\\\/company\\\/stcr\\\/\",\"https:\\\/\\\/www.youtube.com\\\/channel\\\/UCSWcsJARYjaQnz0T5o4p9DQ\"]}]}<\/script>\n<!-- \/ Yoast SEO plugin. -->","yoast_head_json":{"title":"Large Grocery Chains Technology | Ravyx","description":"Discover large grocery chains technology. Enterprise grocery solutions is built to scale and optimize performance throughout your business.","robots":{"index":"index","follow":"follow","max-snippet":"max-snippet:-1","max-image-preview":"max-image-preview:large","max-video-preview":"max-video-preview:-1"},"canonical":"https:\/\/ravyx.com\/fr_ca\/solutions\/technology-stacks-for-large-grocery-chains\/","og_locale":"fr_CA","og_type":"article","og_title":"Large Grocery Chains Technology | Ravyx","og_description":"Discover large grocery chains technology. Enterprise grocery solutions is built to scale and optimize performance throughout your business.","og_url":"https:\/\/ravyx.com\/fr_ca\/solutions\/technology-stacks-for-large-grocery-chains\/","og_site_name":"Ravyx","article_publisher":"https:\/\/www.facebook.com\/stcrpos","article_modified_time":"2025-08-29T15:01:44+00:00","og_image":[{"url":"https:\/\/ravyx.com\/wp-content\/uploads\/2025\/08\/supermarket-949913_1280-1024x678.jpg","type":"","width":"","height":""}],"twitter_card":"summary_large_image","twitter_site":"@stcrpos","twitter_misc":{"Est. reading time":"3 minutes"},"schema":{"@context":"https:\/\/schema.org","@graph":[{"@type":"WebPage","@id":"https:\/\/ravyx.com\/solutions\/technology-stacks-for-large-grocery-chains\/","url":"https:\/\/ravyx.com\/solutions\/technology-stacks-for-large-grocery-chains\/","name":"Large Grocery Chains Technology | Ravyx","isPartOf":{"@id":"https:\/\/ravyx.com\/#website"},"primaryImageOfPage":{"@id":"https:\/\/ravyx.com\/solutions\/technology-stacks-for-large-grocery-chains\/#primaryimage"},"image":{"@id":"https:\/\/ravyx.com\/solutions\/technology-stacks-for-large-grocery-chains\/#primaryimage"},"thumbnailUrl":"https:\/\/ravyx.com\/wp-content\/uploads\/2025\/08\/supermarket-949913_1280-1024x678.jpg","datePublished":"2025-08-28T20:34:26+00:00","dateModified":"2025-08-29T15:01:44+00:00","description":"Discover large grocery chains technology. Enterprise grocery solutions is built to scale and optimize performance throughout your business.","breadcrumb":{"@id":"https:\/\/ravyx.com\/solutions\/technology-stacks-for-large-grocery-chains\/#breadcrumb"},"inLanguage":"fr-CA","potentialAction":[{"@type":"ReadAction","target":["https:\/\/ravyx.com\/solutions\/technology-stacks-for-large-grocery-chains\/"]}]},{"@type":"ImageObject","inLanguage":"fr-CA","@id":"https:\/\/ravyx.com\/solutions\/technology-stacks-for-large-grocery-chains\/#primaryimage","url":"https:\/\/ravyx.com\/wp-content\/uploads\/2025\/08\/supermarket-949913_1280-1024x678.jpg","contentUrl":"https:\/\/ravyx.com\/wp-content\/uploads\/2025\/08\/supermarket-949913_1280-1024x678.jpg"},{"@type":"BreadcrumbList","@id":"https:\/\/ravyx.com\/solutions\/technology-stacks-for-large-grocery-chains\/#breadcrumb","itemListElement":[{"@type":"ListItem","position":1,"name":"Home","item":"https:\/\/ravyx.com\/"},{"@type":"ListItem","position":2,"name":"Solutions","item":"https:\/\/ravyx.com\/solutions\/"},{"@type":"ListItem","position":3,"name":"Technology Stacks for Large Grocery Chains"}]},{"@type":"WebSite","@id":"https:\/\/ravyx.com\/#website","url":"https:\/\/ravyx.com\/","name":"Ravyx","description":"Proven Grocery Technologies","publisher":{"@id":"https:\/\/ravyx.com\/#organization"},"potentialAction":[{"@type":"SearchAction","target":{"@type":"EntryPoint","urlTemplate":"https:\/\/ravyx.com\/?s={search_term_string}"},"query-input":{"@type":"PropertyValueSpecification","valueRequired":true,"valueName":"search_term_string"}}],"inLanguage":"fr-CA"},{"@type":"Organization","@id":"https:\/\/ravyx.com\/#organization","name":"Ravyx","url":"https:\/\/ravyx.com\/","logo":{"@type":"ImageObject","inLanguage":"fr-CA","@id":"https:\/\/ravyx.com\/#\/schema\/logo\/image\/","url":"https:\/\/ravyx.com\/wp-content\/uploads\/2023\/09\/generic-brand-1.jpg","contentUrl":"https:\/\/ravyx.com\/wp-content\/uploads\/2023\/09\/generic-brand-1.jpg","width":1200,"height":1200,"caption":"Ravyx"},"image":{"@id":"https:\/\/ravyx.com\/#\/schema\/logo\/image\/"},"sameAs":["https:\/\/www.facebook.com\/stcrpos","https:\/\/x.com\/stcrpos","https:\/\/www.linkedin.com\/company\/stcr\/","https:\/\/www.youtube.com\/channel\/UCSWcsJARYjaQnz0T5o4p9DQ"]}]}},"_links":{"self":[{"href":"https:\/\/ravyx.com\/fr_ca\/wp-json\/wp\/v2\/pages\/3913","targetHints":{"allow":["GET"]}}],"collection":[{"href":"https:\/\/ravyx.com\/fr_ca\/wp-json\/wp\/v2\/pages"}],"about":[{"href":"https:\/\/ravyx.com\/fr_ca\/wp-json\/wp\/v2\/types\/page"}],"author":[{"embeddable":true,"href":"https:\/\/ravyx.com\/fr_ca\/wp-json\/wp\/v2\/users\/13"}],"replies":[{"embeddable":true,"href":"https:\/\/ravyx.com\/fr_ca\/wp-json\/wp\/v2\/comments?post=3913"}],"version-history":[{"count":0,"href":"https:\/\/ravyx.com\/fr_ca\/wp-json\/wp\/v2\/pages\/3913\/revisions"}],"up":[{"embeddable":true,"href":"https:\/\/ravyx.com\/fr_ca\/wp-json\/wp\/v2\/pages\/587"}],"wp:attachment":[{"href":"https:\/\/ravyx.com\/fr_ca\/wp-json\/wp\/v2\/media?parent=3913"}],"curies":[{"name":"wp","href":"https:\/\/api.w.org\/{rel}","templated":true}]}}