{"id":3902,"date":"2025-08-28T14:46:22","date_gmt":"2025-08-28T18:46:22","guid":{"rendered":"https:\/\/ravyx.com\/?page_id=3902"},"modified":"2025-12-19T09:42:14","modified_gmt":"2025-12-19T14:42:14","slug":"technology-solutions-for-the-independent-grocer","status":"publish","type":"page","link":"https:\/\/ravyx.com\/fr_ca\/solutions\/technology-solutions-for-the-independent-grocer\/","title":{"rendered":"Solutions technologiques pour les \u00e9piciers ind\u00e9pendants"},"content":{"rendered":"<h2 class=\"wp-block-heading has-text-align-center\">Donner aux \u00e9piciers ind\u00e9pendants les moyens d'\u00eatre comp\u00e9titifs et de prosp\u00e9rer<\/h2>\n\n\n\n<p>Les \u00e9piceries ind\u00e9pendantes jouent un r\u00f4le essentiel dans leurs communaut\u00e9s, en offrant un service personnalis\u00e9, des produits locaux et une exp\u00e9rience d'achat de confiance. Mais la concurrence avec les cha\u00eenes nationales comporte des d\u00e9fis - marges serr\u00e9es, personnel limit\u00e9 et n\u00e9cessit\u00e9 de r\u00e9pondre aux attentes des consommateurs qui \u00e9voluent rapidement. C'est l\u00e0 que Ravyx intervient.<\/p>\n\n\n\n<p>Nous fournissons une technologie pour les \u00e9piceries ind\u00e9pendantes qui vous aide \u00e0 rationaliser les op\u00e9rations, \u00e0 am\u00e9liorer l'efficacit\u00e9 et \u00e0 renforcer la fid\u00e9lit\u00e9 des clients, sans la complexit\u00e9 ou le co\u00fbt des syst\u00e8mes d'entreprise.<\/p>\n\n\n\n<div class=\"wp-block-columns is-layout-flex wp-container-core-columns-is-layout-9d6595d7 wp-block-columns-is-layout-flex\">\n<div class=\"wp-block-column is-layout-flow wp-block-column-is-layout-flow\">\n<h2 class=\"wp-block-heading\">Ce qu'il faut faire <strong>Les d\u00e9fis auxquels sont confront\u00e9s les \u00e9piciers ind\u00e9pendants<\/strong> Aujourd'hui ?<\/h2>\n\n\n\n<ul class=\"wp-block-list\">\n<li><strong>Ressources limit\u00e9es :<\/strong> Trouver un \u00e9quilibre entre la croissance et les contraintes budg\u00e9taires et de personnel.<\/li>\n\n\n\n<li><strong>Pression concurrentielle :<\/strong> Concurrence avec les grandes cha\u00eenes qui offrent commodit\u00e9 et envergure.<\/li>\n\n\n\n<li><strong>Efficacit\u00e9 op\u00e9rationnelle :<\/strong> Gestion de la d\u00e9marque inconnue, des stocks et de la vitesse de passage en caisse.<\/li>\n\n\n\n<li><strong>Les attentes des clients :<\/strong> Les acheteurs attendent des promotions personnalis\u00e9es, des programmes de fid\u00e9lisation et des options num\u00e9riques modernes.<\/li>\n<\/ul>\n\n\n\n<div class=\"wp-block-buttons is-content-justification-center is-layout-flex wp-container-core-buttons-is-layout-16018d1d wp-block-buttons-is-layout-flex\">\n<div class=\"wp-block-button\"><a class=\"wp-block-button__link wp-element-button\" href=\"https:\/\/ravyx.com\/fr_ca\/contact-us\/\" style=\"border-radius:0px\">Trouver une meilleure solution<\/a><\/div>\n<\/div>\n<\/div>\n\n\n\n<div class=\"wp-block-column is-layout-flow wp-block-column-is-layout-flow\"><div class=\"wp-block-image\">\n<figure class=\"alignleft size-large\"><img loading=\"lazy\" decoding=\"async\" width=\"1024\" height=\"684\" src=\"https:\/\/ravyx.com\/wp-content\/uploads\/2025\/08\/pexels-kampus-8422730-1024x684.jpg\" alt=\"independent grocer\" class=\"wp-image-3903\" srcset=\"https:\/\/ravyx.com\/wp-content\/uploads\/2025\/08\/pexels-kampus-8422730-1024x684.jpg 1024w, https:\/\/ravyx.com\/wp-content\/uploads\/2025\/08\/pexels-kampus-8422730-300x200.jpg 300w, https:\/\/ravyx.com\/wp-content\/uploads\/2025\/08\/pexels-kampus-8422730-768x513.jpg 768w, https:\/\/ravyx.com\/wp-content\/uploads\/2025\/08\/pexels-kampus-8422730-1536x1026.jpg 1536w, https:\/\/ravyx.com\/wp-content\/uploads\/2025\/08\/pexels-kampus-8422730-18x12.jpg 18w, https:\/\/ravyx.com\/wp-content\/uploads\/2025\/08\/pexels-kampus-8422730.jpg 1920w\" sizes=\"auto, (max-width: 1024px) 100vw, 1024px\" \/><\/figure>\n<\/div><\/div>\n<\/div>\n\n\n\n<div class=\"block-inline-cta wpx-custom-block\" id=\"acf-inline-cta8523\">\n\n\t<div class=\"inline-cta-inner\">\n\t\t\n\t\t<h3 class=\"inline-cta-title\">\u201cDepuis notre partenariat avec Ravyx, nous avons constat\u00e9 de grandes am\u00e9liorations dans nos op\u00e9rations quotidiennes et dans l'exp\u00e9rience globale des clients. Lors du d\u00e9ploiement du projet pilote \u2018Get the Good Stuff\u2019 dans notre magasin du Bronx, l'\u00e9quipe de mise en \u0153uvre a \u00e9t\u00e9 excellente et la communication tout au long du projet a \u00e9t\u00e9 tr\u00e8s forte.\u201d<\/h3>\t\t<p>- Frank Pimentel, Key Foods<\/p>\n\t\t\n\t<\/div>\n\n<\/div>\n\n\n<h2 class=\"wp-block-heading has-text-align-center\"><strong>La technologie au service de l'\u00e9picier ind\u00e9pendant<\/strong><\/h2>\n\n\n\n<div class=\"wp-block-columns is-layout-flex wp-container-core-columns-is-layout-9d6595d7 wp-block-columns-is-layout-flex\">\n<div class=\"wp-block-column is-layout-flow wp-block-column-is-layout-flow\"><div class=\"wp-block-image\">\n<figure class=\"aligncenter size-full is-resized\"><img loading=\"lazy\" decoding=\"async\" width=\"940\" height=\"788\" src=\"https:\/\/ravyx.com\/wp-content\/uploads\/2025\/08\/POS.png\" alt=\"\" class=\"wp-image-3904\" style=\"aspect-ratio:1;object-fit:cover;width:150px\" srcset=\"https:\/\/ravyx.com\/wp-content\/uploads\/2025\/08\/POS.png 940w, https:\/\/ravyx.com\/wp-content\/uploads\/2025\/08\/POS-300x251.png 300w, https:\/\/ravyx.com\/wp-content\/uploads\/2025\/08\/POS-768x644.png 768w, https:\/\/ravyx.com\/wp-content\/uploads\/2025\/08\/POS-14x12.png 14w\" sizes=\"auto, (max-width: 940px) 100vw, 940px\" \/><\/figure>\n<\/div>\n\n\n<h3 class=\"wp-block-heading has-text-align-center\">Front-end<\/h3>\n\n\n\n<p>Rapide, fiable et facile \u00e0 apprendre pour le personnel. Des solutions modulaires adapt\u00e9es \u00e0 vos besoins.<\/p>\n<\/div>\n\n\n\n<div class=\"wp-block-column is-layout-flow wp-block-column-is-layout-flow\"><div class=\"wp-block-image\">\n<figure class=\"aligncenter size-full is-resized\"><img loading=\"lazy\" decoding=\"async\" width=\"940\" height=\"788\" src=\"https:\/\/ravyx.com\/wp-content\/uploads\/2025\/08\/Back-Office.png\" alt=\"\" class=\"wp-image-3905\" style=\"aspect-ratio:1;object-fit:cover;width:150px\" srcset=\"https:\/\/ravyx.com\/wp-content\/uploads\/2025\/08\/Back-Office.png 940w, https:\/\/ravyx.com\/wp-content\/uploads\/2025\/08\/Back-Office-300x251.png 300w, https:\/\/ravyx.com\/wp-content\/uploads\/2025\/08\/Back-Office-768x644.png 768w, https:\/\/ravyx.com\/wp-content\/uploads\/2025\/08\/Back-Office-14x12.png 14w\" sizes=\"auto, (max-width: 940px) 100vw, 940px\" \/><\/figure>\n<\/div>\n\n\n<h3 class=\"wp-block-heading has-text-align-center\">Back Office<\/h3>\n\n\n\n<p>Gagnez du temps gr\u00e2ce \u00e0 la rationalisation des rapports, de la comptabilit\u00e9 et des donn\u00e9es.<\/p>\n<\/div>\n\n\n\n<div class=\"wp-block-column is-layout-flow wp-block-column-is-layout-flow\"><div class=\"wp-block-image\">\n<figure class=\"aligncenter size-full is-resized\"><img loading=\"lazy\" decoding=\"async\" width=\"940\" height=\"788\" src=\"https:\/\/ravyx.com\/wp-content\/uploads\/2025\/08\/Integration.png\" alt=\"\" class=\"wp-image-3908\" style=\"aspect-ratio:1;object-fit:cover;width:150px\" srcset=\"https:\/\/ravyx.com\/wp-content\/uploads\/2025\/08\/Integration.png 940w, https:\/\/ravyx.com\/wp-content\/uploads\/2025\/08\/Integration-300x251.png 300w, https:\/\/ravyx.com\/wp-content\/uploads\/2025\/08\/Integration-768x644.png 768w, https:\/\/ravyx.com\/wp-content\/uploads\/2025\/08\/Integration-14x12.png 14w\" sizes=\"auto, (max-width: 940px) 100vw, 940px\" \/><\/figure>\n<\/div>\n\n\n<h3 class=\"wp-block-heading has-text-align-center\">Int\u00e9grations<\/h3>\n\n\n\n<p>Bringing your store operations and third-party partners together in a single, seamless system.<\/p>\n<\/div>\n<\/div>\n\n\n\n<div class=\"wp-block-columns is-layout-flex wp-container-core-columns-is-layout-9d6595d7 wp-block-columns-is-layout-flex\">\n<div class=\"wp-block-column is-layout-flow wp-block-column-is-layout-flow\"><div class=\"wp-block-image\">\n<figure class=\"aligncenter size-full is-resized\"><img loading=\"lazy\" decoding=\"async\" width=\"940\" height=\"788\" src=\"https:\/\/ravyx.com\/wp-content\/uploads\/2025\/08\/Inventory-management-1.png\" alt=\"\" class=\"wp-image-3907\" style=\"aspect-ratio:1;object-fit:cover;width:150px\" srcset=\"https:\/\/ravyx.com\/wp-content\/uploads\/2025\/08\/Inventory-management-1.png 940w, https:\/\/ravyx.com\/wp-content\/uploads\/2025\/08\/Inventory-management-1-300x251.png 300w, https:\/\/ravyx.com\/wp-content\/uploads\/2025\/08\/Inventory-management-1-768x644.png 768w, https:\/\/ravyx.com\/wp-content\/uploads\/2025\/08\/Inventory-management-1-14x12.png 14w\" sizes=\"auto, (max-width: 940px) 100vw, 940px\" \/><\/figure>\n<\/div>\n\n\n<h3 class=\"wp-block-heading has-text-align-center\">Gestion des stocks<\/h3>\n\n\n\n<p>R\u00e9duisez la d\u00e9marque inconnue, am\u00e9liorez la visibilit\u00e9 et approvisionnez vos rayons avec ce que veulent vos clients.<\/p>\n<\/div>\n\n\n\n<div class=\"wp-block-column is-layout-flow wp-block-column-is-layout-flow\"><div class=\"wp-block-image\">\n<figure class=\"aligncenter size-full is-resized\"><img loading=\"lazy\" decoding=\"async\" width=\"940\" height=\"788\" src=\"https:\/\/ravyx.com\/wp-content\/uploads\/2025\/08\/Loss-Prevention-2.png\" alt=\"\" class=\"wp-image-3909\" style=\"aspect-ratio:1;object-fit:cover;width:150px\" srcset=\"https:\/\/ravyx.com\/wp-content\/uploads\/2025\/08\/Loss-Prevention-2.png 940w, https:\/\/ravyx.com\/wp-content\/uploads\/2025\/08\/Loss-Prevention-2-300x251.png 300w, https:\/\/ravyx.com\/wp-content\/uploads\/2025\/08\/Loss-Prevention-2-768x644.png 768w, https:\/\/ravyx.com\/wp-content\/uploads\/2025\/08\/Loss-Prevention-2-14x12.png 14w\" sizes=\"auto, (max-width: 940px) 100vw, 940px\" \/><\/figure>\n<\/div>\n\n\n<h3 class=\"wp-block-heading has-text-align-center\">Fid\u00e9lisation et promotions<\/h3>\n\n\n\n<p>Renforcer les relations avec les clients gr\u00e2ce \u00e0 des r\u00e9compenses cibl\u00e9es et \u00e0 des campagnes num\u00e9riques.<\/p>\n<\/div>\n\n\n\n<div class=\"wp-block-column is-layout-flow wp-block-column-is-layout-flow\"><div class=\"wp-block-image\">\n<figure class=\"aligncenter size-full is-resized\"><img loading=\"lazy\" decoding=\"async\" width=\"940\" height=\"788\" src=\"https:\/\/ravyx.com\/wp-content\/uploads\/2025\/08\/Value-Added-Services.png\" alt=\"\" class=\"wp-image-3910\" style=\"aspect-ratio:1;object-fit:cover;width:150px\" srcset=\"https:\/\/ravyx.com\/wp-content\/uploads\/2025\/08\/Value-Added-Services.png 940w, https:\/\/ravyx.com\/wp-content\/uploads\/2025\/08\/Value-Added-Services-300x251.png 300w, https:\/\/ravyx.com\/wp-content\/uploads\/2025\/08\/Value-Added-Services-768x644.png 768w, https:\/\/ravyx.com\/wp-content\/uploads\/2025\/08\/Value-Added-Services-14x12.png 14w\" sizes=\"auto, (max-width: 940px) 100vw, 940px\" \/><\/figure>\n<\/div>\n\n\n<h3 class=\"wp-block-heading has-text-align-center\">Services \u00e0 valeur ajout\u00e9e<\/h3>\n\n\n\n<p>Renforcez votre s\u00e9curit\u00e9 gr\u00e2ce \u00e0 des services g\u00e9r\u00e9s adapt\u00e9s aux besoins de votre magasin.<\/p>\n<\/div>\n<\/div>\n\n\n\n<div class=\"block-inline-cta wpx-custom-block\" id=\"acf-inline-cta4732\">\n\n\t<div class=\"inline-cta-inner\">\n\t\t\n\t\t<h3 class=\"inline-cta-title\">Pourquoi les \u00e9piciers ind\u00e9pendants choisissent Ravyx<\/h3>\t\t<p>Nous sommes d\u00e9termin\u00e9s \u00e0 aider les \u00e9piciers ind\u00e9pendants \u00e0 r\u00e9ussir sur un march\u00e9 concurrentiel. Que vous cherchiez \u00e0 moderniser votre point de vente, \u00e0 r\u00e9duire la d\u00e9marque inconnue ou \u00e0 am\u00e9liorer la fid\u00e9lit\u00e9 de vos clients, nos solutions sont con\u00e7ues pour r\u00e9pondre \u00e0 vos besoins. Pr\u00eat \u00e0 renforcer votre \u00e9picerie ind\u00e9pendante ?<\/p>\n\t\t\t\t\t<div class=\"button-group\">\n\t\t\t\t<a href=\"https:\/\/ravyx.com\/fr_ca\/contact-us\/\" target=\"\" class=\"wpx-button\">Nous contacter<\/a>\n\t\t\t<\/div>\n\t\t\n\t<\/div>\n\n<\/div>","protected":false},"excerpt":{"rendered":"<p>Empowering Independent Grocers with Tools to Compete and Thrive The Independent grocer plays a vital role in their communities, offering personalized service, local products, and a trusted shopping experience. But competing with national chains comes with challenges \u2014 tight margins, limited staff, and the need to keep up with fast-changing shopper expectations. That\u2019s where Ravyx [&hellip;]<\/p>\n","protected":false},"author":13,"featured_media":0,"parent":587,"menu_order":4,"comment_status":"closed","ping_status":"closed","template":"","meta":{"_acf_changed":true,"footnotes":""},"class_list":["post-3902","page","type-page","status-publish","hentry"],"acf":[],"yoast_head":"<!-- This site is optimized with the Yoast SEO plugin v27.5 - https:\/\/yoast.com\/product\/yoast-seo-wordpress\/ -->\n<title>Independent Grocer Technology | Ravyx<\/title>\n<meta name=\"description\" content=\"Discover technology for the independent grocer. At Ravyx, we help you compete, reduce shrink, and grow your business.\" \/>\n<meta name=\"robots\" content=\"index, follow, max-snippet:-1, max-image-preview:large, max-video-preview:-1\" \/>\n<link rel=\"canonical\" href=\"https:\/\/ravyx.com\/fr_ca\/solutions\/technology-solutions-for-the-independent-grocer\/\" \/>\n<meta property=\"og:locale\" content=\"fr_CA\" \/>\n<meta property=\"og:type\" content=\"article\" \/>\n<meta property=\"og:title\" content=\"Independent Grocer Technology | Ravyx\" \/>\n<meta property=\"og:description\" content=\"Discover technology for the independent grocer. At Ravyx, we help you compete, reduce shrink, and grow your business.\" \/>\n<meta property=\"og:url\" content=\"https:\/\/ravyx.com\/fr_ca\/solutions\/technology-solutions-for-the-independent-grocer\/\" \/>\n<meta property=\"og:site_name\" content=\"Ravyx\" \/>\n<meta property=\"article:publisher\" content=\"https:\/\/www.facebook.com\/stcrpos\" \/>\n<meta property=\"article:modified_time\" content=\"2025-12-19T14:42:14+00:00\" \/>\n<meta property=\"og:image\" content=\"https:\/\/ravyx.com\/wp-content\/uploads\/2025\/08\/pexels-kampus-8422730.jpg\" \/>\n\t<meta property=\"og:image:width\" content=\"1920\" \/>\n\t<meta property=\"og:image:height\" content=\"1282\" \/>\n\t<meta property=\"og:image:type\" content=\"image\/jpeg\" \/>\n<meta name=\"twitter:card\" content=\"summary_large_image\" \/>\n<meta name=\"twitter:site\" content=\"@stcrpos\" \/>\n<meta name=\"twitter:label1\" content=\"Est. reading time\" \/>\n\t<meta name=\"twitter:data1\" content=\"3 minutes\" \/>\n<script type=\"application\/ld+json\" class=\"yoast-schema-graph\">{\"@context\":\"https:\\\/\\\/schema.org\",\"@graph\":[{\"@type\":\"WebPage\",\"@id\":\"https:\\\/\\\/ravyx.com\\\/solutions\\\/technology-solutions-for-the-independent-grocer\\\/\",\"url\":\"https:\\\/\\\/ravyx.com\\\/solutions\\\/technology-solutions-for-the-independent-grocer\\\/\",\"name\":\"Independent Grocer Technology | Ravyx\",\"isPartOf\":{\"@id\":\"https:\\\/\\\/ravyx.com\\\/#website\"},\"primaryImageOfPage\":{\"@id\":\"https:\\\/\\\/ravyx.com\\\/solutions\\\/technology-solutions-for-the-independent-grocer\\\/#primaryimage\"},\"image\":{\"@id\":\"https:\\\/\\\/ravyx.com\\\/solutions\\\/technology-solutions-for-the-independent-grocer\\\/#primaryimage\"},\"thumbnailUrl\":\"https:\\\/\\\/ravyx.com\\\/wp-content\\\/uploads\\\/2025\\\/08\\\/pexels-kampus-8422730-1024x684.jpg\",\"datePublished\":\"2025-08-28T18:46:22+00:00\",\"dateModified\":\"2025-12-19T14:42:14+00:00\",\"description\":\"Discover technology for the independent grocer. At Ravyx, we help you compete, reduce shrink, and grow your business.\",\"breadcrumb\":{\"@id\":\"https:\\\/\\\/ravyx.com\\\/solutions\\\/technology-solutions-for-the-independent-grocer\\\/#breadcrumb\"},\"inLanguage\":\"fr-CA\",\"potentialAction\":[{\"@type\":\"ReadAction\",\"target\":[\"https:\\\/\\\/ravyx.com\\\/solutions\\\/technology-solutions-for-the-independent-grocer\\\/\"]}]},{\"@type\":\"ImageObject\",\"inLanguage\":\"fr-CA\",\"@id\":\"https:\\\/\\\/ravyx.com\\\/solutions\\\/technology-solutions-for-the-independent-grocer\\\/#primaryimage\",\"url\":\"https:\\\/\\\/ravyx.com\\\/wp-content\\\/uploads\\\/2025\\\/08\\\/pexels-kampus-8422730-1024x684.jpg\",\"contentUrl\":\"https:\\\/\\\/ravyx.com\\\/wp-content\\\/uploads\\\/2025\\\/08\\\/pexels-kampus-8422730-1024x684.jpg\"},{\"@type\":\"BreadcrumbList\",\"@id\":\"https:\\\/\\\/ravyx.com\\\/solutions\\\/technology-solutions-for-the-independent-grocer\\\/#breadcrumb\",\"itemListElement\":[{\"@type\":\"ListItem\",\"position\":1,\"name\":\"Home\",\"item\":\"https:\\\/\\\/ravyx.com\\\/\"},{\"@type\":\"ListItem\",\"position\":2,\"name\":\"Solutions\",\"item\":\"https:\\\/\\\/ravyx.com\\\/solutions\\\/\"},{\"@type\":\"ListItem\",\"position\":3,\"name\":\"Technology Solutions for Independent Grocers\"}]},{\"@type\":\"WebSite\",\"@id\":\"https:\\\/\\\/ravyx.com\\\/#website\",\"url\":\"https:\\\/\\\/ravyx.com\\\/\",\"name\":\"Ravyx\",\"description\":\"Proven Grocery Technologies\",\"publisher\":{\"@id\":\"https:\\\/\\\/ravyx.com\\\/#organization\"},\"potentialAction\":[{\"@type\":\"SearchAction\",\"target\":{\"@type\":\"EntryPoint\",\"urlTemplate\":\"https:\\\/\\\/ravyx.com\\\/?s={search_term_string}\"},\"query-input\":{\"@type\":\"PropertyValueSpecification\",\"valueRequired\":true,\"valueName\":\"search_term_string\"}}],\"inLanguage\":\"fr-CA\"},{\"@type\":\"Organization\",\"@id\":\"https:\\\/\\\/ravyx.com\\\/#organization\",\"name\":\"Ravyx\",\"url\":\"https:\\\/\\\/ravyx.com\\\/\",\"logo\":{\"@type\":\"ImageObject\",\"inLanguage\":\"fr-CA\",\"@id\":\"https:\\\/\\\/ravyx.com\\\/#\\\/schema\\\/logo\\\/image\\\/\",\"url\":\"https:\\\/\\\/ravyx.com\\\/wp-content\\\/uploads\\\/2023\\\/09\\\/generic-brand-1.jpg\",\"contentUrl\":\"https:\\\/\\\/ravyx.com\\\/wp-content\\\/uploads\\\/2023\\\/09\\\/generic-brand-1.jpg\",\"width\":1200,\"height\":1200,\"caption\":\"Ravyx\"},\"image\":{\"@id\":\"https:\\\/\\\/ravyx.com\\\/#\\\/schema\\\/logo\\\/image\\\/\"},\"sameAs\":[\"https:\\\/\\\/www.facebook.com\\\/stcrpos\",\"https:\\\/\\\/x.com\\\/stcrpos\",\"https:\\\/\\\/www.linkedin.com\\\/company\\\/stcr\\\/\",\"https:\\\/\\\/www.youtube.com\\\/channel\\\/UCSWcsJARYjaQnz0T5o4p9DQ\"]}]}<\/script>\n<!-- \/ Yoast SEO plugin. -->","yoast_head_json":{"title":"Independent Grocer Technology | Ravyx","description":"Discover technology for the independent grocer. At Ravyx, we help you compete, reduce shrink, and grow your business.","robots":{"index":"index","follow":"follow","max-snippet":"max-snippet:-1","max-image-preview":"max-image-preview:large","max-video-preview":"max-video-preview:-1"},"canonical":"https:\/\/ravyx.com\/fr_ca\/solutions\/technology-solutions-for-the-independent-grocer\/","og_locale":"fr_CA","og_type":"article","og_title":"Independent Grocer Technology | Ravyx","og_description":"Discover technology for the independent grocer. At Ravyx, we help you compete, reduce shrink, and grow your business.","og_url":"https:\/\/ravyx.com\/fr_ca\/solutions\/technology-solutions-for-the-independent-grocer\/","og_site_name":"Ravyx","article_publisher":"https:\/\/www.facebook.com\/stcrpos","article_modified_time":"2025-12-19T14:42:14+00:00","og_image":[{"width":1920,"height":1282,"url":"https:\/\/ravyx.com\/wp-content\/uploads\/2025\/08\/pexels-kampus-8422730.jpg","type":"image\/jpeg"}],"twitter_card":"summary_large_image","twitter_site":"@stcrpos","twitter_misc":{"Est. reading time":"3 minutes"},"schema":{"@context":"https:\/\/schema.org","@graph":[{"@type":"WebPage","@id":"https:\/\/ravyx.com\/solutions\/technology-solutions-for-the-independent-grocer\/","url":"https:\/\/ravyx.com\/solutions\/technology-solutions-for-the-independent-grocer\/","name":"Independent Grocer Technology | Ravyx","isPartOf":{"@id":"https:\/\/ravyx.com\/#website"},"primaryImageOfPage":{"@id":"https:\/\/ravyx.com\/solutions\/technology-solutions-for-the-independent-grocer\/#primaryimage"},"image":{"@id":"https:\/\/ravyx.com\/solutions\/technology-solutions-for-the-independent-grocer\/#primaryimage"},"thumbnailUrl":"https:\/\/ravyx.com\/wp-content\/uploads\/2025\/08\/pexels-kampus-8422730-1024x684.jpg","datePublished":"2025-08-28T18:46:22+00:00","dateModified":"2025-12-19T14:42:14+00:00","description":"Discover technology for the independent grocer. At Ravyx, we help you compete, reduce shrink, and grow your business.","breadcrumb":{"@id":"https:\/\/ravyx.com\/solutions\/technology-solutions-for-the-independent-grocer\/#breadcrumb"},"inLanguage":"fr-CA","potentialAction":[{"@type":"ReadAction","target":["https:\/\/ravyx.com\/solutions\/technology-solutions-for-the-independent-grocer\/"]}]},{"@type":"ImageObject","inLanguage":"fr-CA","@id":"https:\/\/ravyx.com\/solutions\/technology-solutions-for-the-independent-grocer\/#primaryimage","url":"https:\/\/ravyx.com\/wp-content\/uploads\/2025\/08\/pexels-kampus-8422730-1024x684.jpg","contentUrl":"https:\/\/ravyx.com\/wp-content\/uploads\/2025\/08\/pexels-kampus-8422730-1024x684.jpg"},{"@type":"BreadcrumbList","@id":"https:\/\/ravyx.com\/solutions\/technology-solutions-for-the-independent-grocer\/#breadcrumb","itemListElement":[{"@type":"ListItem","position":1,"name":"Home","item":"https:\/\/ravyx.com\/"},{"@type":"ListItem","position":2,"name":"Solutions","item":"https:\/\/ravyx.com\/solutions\/"},{"@type":"ListItem","position":3,"name":"Technology Solutions for Independent Grocers"}]},{"@type":"WebSite","@id":"https:\/\/ravyx.com\/#website","url":"https:\/\/ravyx.com\/","name":"Ravyx","description":"Proven Grocery Technologies","publisher":{"@id":"https:\/\/ravyx.com\/#organization"},"potentialAction":[{"@type":"SearchAction","target":{"@type":"EntryPoint","urlTemplate":"https:\/\/ravyx.com\/?s={search_term_string}"},"query-input":{"@type":"PropertyValueSpecification","valueRequired":true,"valueName":"search_term_string"}}],"inLanguage":"fr-CA"},{"@type":"Organization","@id":"https:\/\/ravyx.com\/#organization","name":"Ravyx","url":"https:\/\/ravyx.com\/","logo":{"@type":"ImageObject","inLanguage":"fr-CA","@id":"https:\/\/ravyx.com\/#\/schema\/logo\/image\/","url":"https:\/\/ravyx.com\/wp-content\/uploads\/2023\/09\/generic-brand-1.jpg","contentUrl":"https:\/\/ravyx.com\/wp-content\/uploads\/2023\/09\/generic-brand-1.jpg","width":1200,"height":1200,"caption":"Ravyx"},"image":{"@id":"https:\/\/ravyx.com\/#\/schema\/logo\/image\/"},"sameAs":["https:\/\/www.facebook.com\/stcrpos","https:\/\/x.com\/stcrpos","https:\/\/www.linkedin.com\/company\/stcr\/","https:\/\/www.youtube.com\/channel\/UCSWcsJARYjaQnz0T5o4p9DQ"]}]}},"_links":{"self":[{"href":"https:\/\/ravyx.com\/fr_ca\/wp-json\/wp\/v2\/pages\/3902","targetHints":{"allow":["GET"]}}],"collection":[{"href":"https:\/\/ravyx.com\/fr_ca\/wp-json\/wp\/v2\/pages"}],"about":[{"href":"https:\/\/ravyx.com\/fr_ca\/wp-json\/wp\/v2\/types\/page"}],"author":[{"embeddable":true,"href":"https:\/\/ravyx.com\/fr_ca\/wp-json\/wp\/v2\/users\/13"}],"replies":[{"embeddable":true,"href":"https:\/\/ravyx.com\/fr_ca\/wp-json\/wp\/v2\/comments?post=3902"}],"version-history":[{"count":0,"href":"https:\/\/ravyx.com\/fr_ca\/wp-json\/wp\/v2\/pages\/3902\/revisions"}],"up":[{"embeddable":true,"href":"https:\/\/ravyx.com\/fr_ca\/wp-json\/wp\/v2\/pages\/587"}],"wp:attachment":[{"href":"https:\/\/ravyx.com\/fr_ca\/wp-json\/wp\/v2\/media?parent=3902"}],"curies":[{"name":"wp","href":"https:\/\/api.w.org\/{rel}","templated":true}]}}