{"id":3693,"date":"2025-06-13T09:54:57","date_gmt":"2025-06-13T13:54:57","guid":{"rendered":"https:\/\/stcr.com\/?page_id=3693"},"modified":"2025-06-18T10:53:55","modified_gmt":"2025-06-18T14:53:55","slug":"implementation","status":"publish","type":"page","link":"https:\/\/ravyx.com\/fr_ca\/implementation\/","title":{"rendered":"D\u00e9ploiement"},"content":{"rendered":"<div class=\"wp-block-columns is-layout-flex wp-container-core-columns-is-layout-9d6595d7 wp-block-columns-is-layout-flex\">\n<div class=\"wp-block-column is-layout-flow wp-block-column-is-layout-flow\">\n<div style=\"height:18px\" aria-hidden=\"true\" class=\"wp-block-spacer\"><\/div>\n\n\n\n<p class=\"has-text-align-left has-huge-font-size\">Une fois vos solutions POS choisies, le vrai travail commence. M\u00eame avec des \u00e9quipes informatiques internes, vous avez besoin d'un partenaire sp\u00e9cialis\u00e9 pour g\u00e9rer toute la logistique complexe, les configurations et les tests n\u00e9cessaires pour un d\u00e9ploiement en douceur. C'est l\u00e0 que les services de d\u00e9ploiement de Ravyx brillent.<\/p>\n<\/div>\n\n\n\n<div class=\"wp-block-column has-white-background-color has-background is-layout-flow wp-block-column-is-layout-flow\">\n<div style=\"height:20px\" aria-hidden=\"true\" class=\"wp-block-spacer\"><\/div>\n\n\n\n<figure class=\"wp-block-image size-large\"><img loading=\"lazy\" decoding=\"async\" width=\"1024\" height=\"768\" src=\"https:\/\/ravyx.com\/wp-content\/uploads\/2025\/06\/25-1024x768.png\" alt=\"\" class=\"wp-image-3736\" srcset=\"https:\/\/ravyx.com\/wp-content\/uploads\/2025\/06\/25-1024x768.png 1024w, https:\/\/ravyx.com\/wp-content\/uploads\/2025\/06\/25-300x225.png 300w, https:\/\/ravyx.com\/wp-content\/uploads\/2025\/06\/25-768x576.png 768w, https:\/\/ravyx.com\/wp-content\/uploads\/2025\/06\/25-16x12.png 16w, https:\/\/ravyx.com\/wp-content\/uploads\/2025\/06\/25.png 1200w\" sizes=\"auto, (max-width: 1024px) 100vw, 1024px\" \/><\/figure>\n<\/div>\n<\/div>\n\n\n\n<div class=\"block-inline-cta wpx-custom-block\" id=\"acf-inline-cta9801\">\n\n\t<div class=\"inline-cta-inner\">\n\t\t\n\t\t<h3 class=\"inline-cta-title\">Curieux de conna\u00eetre notre processus de d\u00e9ploiement?<\/h3>\t\t<p>Contactez notre \u00e9quipe d\u00e8s aujourd'hui!<\/p>\n\t\t\t\t\t<div class=\"button-group\">\n\t\t\t\t<a href=\"https:\/\/ravyx.com\/fr_ca\/contact-us\/\" target=\"\" class=\"wpx-button\">Nous contacter<\/a>\n\t\t\t<\/div>\n\t\t\n\t<\/div>\n\n<\/div>\n\n\n<h2 class=\"wp-block-heading has-text-align-center\">Pourquoi le d\u00e9ploiement de Ravyx?<\/h2>\n\n\n\n<div class=\"block-checkerboard wpx-custom-block\" id=\"acf-checkerboard1580\">\n\n\t\n\t<div class=\"checkerboard-row\">\n\n\t\t<div class=\"row-col\">\n\t\t\t<div class=\"row-content\">\n\t\t\t\t<h2 class=\"row-title\">Une expertise approfondie<\/h2>\t\t\t\t\t\t\t\t\t<p data-start=\"548\" data-end=\"761\">Ravyx apporte une grande exp\u00e9rience de d\u00e9ploiement dans le commerce de d\u00e9tail et un savoir-faire technique approfondi \u00e0 chaque projet - qu'il s'agisse d'installer de nouveaux terminaux, de mettre \u00e0 niveau des claviers PIN, d'automatiser des \u00e9tiquettes ou de d\u00e9ployer des syst\u00e8mes \u00e0 l'\u00e9chelle d'un magasin.<\/p>\n<p data-start=\"763\" data-end=\"797\">Notre approche globale couvre<\/p>\n<ul data-start=\"798\" data-end=\"988\">\n<li data-start=\"798\" data-end=\"843\">\n<p data-start=\"800\" data-end=\"843\">Planification de la logistique<\/p>\n<\/li>\n<li data-start=\"844\" data-end=\"868\">\n<p data-start=\"846\" data-end=\"868\">Configuration de l'appareil<\/p>\n<\/li>\n<li data-start=\"869\" data-end=\"901\">\n<p data-start=\"871\" data-end=\"901\">Configuration et test des p\u00e9riph\u00e9riques<\/p>\n<\/li>\n<li data-start=\"902\" data-end=\"945\">\n<p data-start=\"904\" data-end=\"945\">V\u00e9rification du r\u00e9seau et de l'infrastructure<\/p>\n<\/li>\n<li data-start=\"946\" data-end=\"988\">\n<p data-start=\"948\" data-end=\"988\">Formation du personnel et proc\u00e9dures de transfert<\/p>\n<\/li>\n<\/ul>\n<p data-start=\"990\" data-end=\"1071\">Avec Ravyx, chaque aspect est d\u00e9fini, test\u00e9 et valid\u00e9 avant d'\u00eatre mis en service dans votre magasin.<\/p>\n\t\t\t\t\t\t\t\t\t\t\t<\/div>\n\t\t<\/div>\n\n\t\t\t\t\t<div class=\"row-col\">\n\t\t\t\t<img decoding=\"async\" src=\"https:\/\/ravyx.com\/wp-content\/uploads\/2025\/06\/27-680x460.png\" alt=\"Team of Experts\" srcset=\"https:\/\/ravyx.com\/wp-content\/uploads\/2025\/06\/27-680x460.png 680w, https:\/\/ravyx.com\/wp-content\/uploads\/2025\/06\/27-16x12.png 16w\" sizes=\"(max-width: 680px) 100vw, 680px\">\n\t\t\t<\/div>\n\t\t\n\t<\/div>\n\n\t\n<\/div>\n\n\n\n\n<h2 class=\"wp-block-heading has-text-align-center\">Capacit\u00e9s techniques<\/h2>\n\n\n\n<div class=\"block-checkerboard wpx-custom-block\" id=\"acf-checkerboard6585\">\n\n\t\n\t<div class=\"checkerboard-row\">\n\n\t\t<div class=\"row-col\">\n\t\t\t<div class=\"row-content\">\n\t\t\t\t<h2 class=\"row-title\">Sp\u00e9cialistes du d\u00e9ploiement de la vente au d\u00e9tail<\/h2>\t\t\t\t\t\t\t\t\t<p data-start=\"548\" data-end=\"761\">Nos experts en logiciels POS, r\u00e9seaux, p\u00e9riph\u00e9riques, caisses libre-service, appareils mobiles et autres sont l\u00e0 pour vous aider \u00e0 faire passer votre magasin au niveau sup\u00e9rieur.<\/p>\n\t\t\t\t\t\t\t\t\t\t\t<\/div>\n\t\t<\/div>\n\n\t\t\t\t\t<div class=\"row-col\">\n\t\t\t\t<img decoding=\"async\" src=\"https:\/\/ravyx.com\/wp-content\/uploads\/2025\/06\/22-680x460.png\" alt=\"Implementation Specialist\" srcset=\"https:\/\/ravyx.com\/wp-content\/uploads\/2025\/06\/22-680x460.png 680w, https:\/\/ravyx.com\/wp-content\/uploads\/2025\/06\/22-16x12.png 16w\" sizes=\"(max-width: 680px) 100vw, 680px\">\n\t\t\t<\/div>\n\t\t\n\t<\/div>\n\n\t\n\t<div class=\"checkerboard-row\">\n\n\t\t<div class=\"row-col\">\n\t\t\t<div class=\"row-content\">\n\t\t\t\t<h2 class=\"row-title\">Conformit\u00e9 assur\u00e9e<\/h2>\t\t\t\t\t\t\t\t\t<p>Nous veillons \u00e0 ce que les normes EMV, PCI et r\u00e9glementaires soient int\u00e9gr\u00e9es \u00e0 chaque \u00e9tape de votre projet.<\/p>\n\t\t\t\t\t\t\t\t\t\t\t<\/div>\n\t\t<\/div>\n\n\t\t\t\t\t<div class=\"row-col\">\n\t\t\t\t<img decoding=\"async\" src=\"https:\/\/ravyx.com\/wp-content\/uploads\/2025\/06\/30-680x460.png\" alt=\"Compliance Assistance\" srcset=\"https:\/\/ravyx.com\/wp-content\/uploads\/2025\/06\/30-680x460.png 680w, https:\/\/ravyx.com\/wp-content\/uploads\/2025\/06\/30-16x12.png 16w\" sizes=\"(max-width: 680px) 100vw, 680px\">\n\t\t\t<\/div>\n\t\t\n\t<\/div>\n\n\t\n\t<div class=\"checkerboard-row\">\n\n\t\t<div class=\"row-col\">\n\t\t\t<div class=\"row-content\">\n\t\t\t\t<h2 class=\"row-title\">Pr\u00e9paration \u00e0 grande \u00e9chelle<\/h2>\t\t\t\t\t\t\t\t\t<p>Nos installations sont con\u00e7ues pour garantir que les appareils sont configur\u00e9s, test\u00e9s et pr\u00eats avant d'\u00eatre exp\u00e9di\u00e9s \u00e0 vos magasins.<\/p>\n\t\t\t\t\t\t\t\t\t\t\t<\/div>\n\t\t<\/div>\n\n\t\t\t\t\t<div class=\"row-col\">\n\t\t\t\t<img decoding=\"async\" src=\"https:\/\/ravyx.com\/wp-content\/uploads\/2025\/06\/28-680x460.png\" alt=\"Pre-Staging\" srcset=\"https:\/\/ravyx.com\/wp-content\/uploads\/2025\/06\/28-680x460.png 680w, https:\/\/ravyx.com\/wp-content\/uploads\/2025\/06\/28-16x12.png 16w\" sizes=\"(max-width: 680px) 100vw, 680px\">\n\t\t\t<\/div>\n\t\t\n\t<\/div>\n\n\t\n<\/div>\n\n\n\n\n<div class=\"block-inline-cta wpx-custom-block\" id=\"acf-inline-cta4811\">\n\n\t<div class=\"inline-cta-inner\">\n\t\t\n\t\t<h3 class=\"inline-cta-title\">Pr\u00eat \u00e0 commencer l'aventure avec Ravyx ?<\/h3>\t\t<p>Prenez contact avec notre \u00e9quipe pour d\u00e9marrer votre projet.<\/p>\n\t\t\t\t\t<div class=\"button-group\">\n\t\t\t\t<a href=\"https:\/\/ravyx.com\/fr_ca\/contact-us\/\" target=\"\" class=\"wpx-button\">Nous contacter<\/a>\n\t\t\t<\/div>\n\t\t\n\t<\/div>\n\n<\/div>\n\n\n<h2 class=\"wp-block-heading has-text-align-center\">Notre promesse :<\/h2>\n\n\n\n<div class=\"wp-block-columns gap-0-mobile is-layout-flex wp-container-core-columns-is-layout-9d6595d7 wp-block-columns-is-layout-flex\">\n<div class=\"wp-block-column is-layout-flow wp-block-column-is-layout-flow\"><\/div>\n\n\n\n<div class=\"wp-block-column margin-top-0 is-layout-flow wp-block-column-is-layout-flow\" style=\"flex-basis:33%\">\n<ul class=\"wp-block-list stylized-list margin-bottom-0\">\n<li>R\u00e9seau de d\u00e9ploiement \u00e0 l'\u00e9chelle nationale<\/li>\n\n\n\n<li>Une expertise \u00e9prouv\u00e9e dans l'industrie<\/li>\n<\/ul>\n<\/div>\n\n\n\n<div class=\"wp-block-column margin-bottom-0 is-layout-flow wp-block-column-is-layout-flow\" style=\"flex-basis:33%\">\n<ul class=\"wp-block-list stylized-list margin-top-0\">\n<li>Formation cl\u00e9 en main<\/li>\n\n\n\n<li>Gestion simplifi\u00e9e<\/li>\n<\/ul>\n<\/div>\n\n\n\n<div class=\"wp-block-column is-layout-flow wp-block-column-is-layout-flow\"><\/div>\n<\/div>\n\n\n\n<div style=\"height:75px\" aria-hidden=\"true\" class=\"wp-block-spacer\"><\/div>","protected":false},"excerpt":{"rendered":"<p>Une fois que vous avez choisi vos solutions POS, le vrai travail commence. M\u00eame avec des \u00e9quipes informatiques internes, vous avez besoin d'un partenaire sp\u00e9cialis\u00e9 pour g\u00e9rer toute la logistique complexe, les configurations et les tests n\u00e9cessaires \u00e0 un d\u00e9ploiement en douceur. C'est l\u00e0 que les services d'impl\u00e9mentation de Ravyx brillent. Pourquoi l'impl\u00e9mentation Ravyx ? Capacit\u00e9s techniques Notre promesse :<\/p>","protected":false},"author":2,"featured_media":0,"parent":0,"menu_order":16,"comment_status":"closed","ping_status":"closed","template":"","meta":{"_acf_changed":true,"footnotes":""},"class_list":["post-3693","page","type-page","status-publish","hentry"],"acf":[],"yoast_head":"<!-- This site is optimized with the Yoast SEO plugin v27.6 - https:\/\/yoast.com\/product\/yoast-seo-wordpress\/ -->\n<title>POS Implementation | Ravyx<\/title>\n<meta name=\"description\" content=\"Why choose Ravyx? Because of our top-of-the-line implementation strategies and support. Contact us today to learn more!\" \/>\n<meta name=\"robots\" content=\"index, follow, max-snippet:-1, max-image-preview:large, max-video-preview:-1\" \/>\n<link rel=\"canonical\" href=\"https:\/\/ravyx.com\/fr_ca\/implementation\/\" \/>\n<meta property=\"og:locale\" content=\"fr_CA\" \/>\n<meta property=\"og:type\" content=\"article\" \/>\n<meta property=\"og:title\" content=\"POS Implementation | Ravyx\" \/>\n<meta property=\"og:description\" content=\"Why choose Ravyx? Because of our top-of-the-line implementation strategies and support. Contact us today to learn more!\" \/>\n<meta property=\"og:url\" content=\"https:\/\/ravyx.com\/fr_ca\/implementation\/\" \/>\n<meta property=\"og:site_name\" content=\"Ravyx\" \/>\n<meta property=\"article:publisher\" content=\"https:\/\/www.facebook.com\/stcrpos\" \/>\n<meta property=\"article:modified_time\" content=\"2025-06-18T14:53:55+00:00\" \/>\n<meta property=\"og:image\" content=\"https:\/\/ravyx.com\/wp-content\/uploads\/2025\/06\/25-1024x768.png\" \/>\n<meta name=\"twitter:card\" content=\"summary_large_image\" \/>\n<meta name=\"twitter:site\" content=\"@stcrpos\" \/>\n<meta name=\"twitter:label1\" content=\"Est. reading time\" \/>\n\t<meta name=\"twitter:data1\" content=\"1 minute\" \/>\n<script type=\"application\/ld+json\" class=\"yoast-schema-graph\">{\"@context\":\"https:\\\/\\\/schema.org\",\"@graph\":[{\"@type\":\"WebPage\",\"@id\":\"https:\\\/\\\/ravyx.com\\\/implementation\\\/\",\"url\":\"https:\\\/\\\/ravyx.com\\\/implementation\\\/\",\"name\":\"POS Implementation | Ravyx\",\"isPartOf\":{\"@id\":\"https:\\\/\\\/ravyx.com\\\/#website\"},\"primaryImageOfPage\":{\"@id\":\"https:\\\/\\\/ravyx.com\\\/implementation\\\/#primaryimage\"},\"image\":{\"@id\":\"https:\\\/\\\/ravyx.com\\\/implementation\\\/#primaryimage\"},\"thumbnailUrl\":\"https:\\\/\\\/ravyx.com\\\/wp-content\\\/uploads\\\/2025\\\/06\\\/25-1024x768.png\",\"datePublished\":\"2025-06-13T13:54:57+00:00\",\"dateModified\":\"2025-06-18T14:53:55+00:00\",\"description\":\"Why choose Ravyx? Because of our top-of-the-line implementation strategies and support. Contact us today to learn more!\",\"breadcrumb\":{\"@id\":\"https:\\\/\\\/ravyx.com\\\/implementation\\\/#breadcrumb\"},\"inLanguage\":\"fr-CA\",\"potentialAction\":[{\"@type\":\"ReadAction\",\"target\":[\"https:\\\/\\\/ravyx.com\\\/implementation\\\/\"]}]},{\"@type\":\"ImageObject\",\"inLanguage\":\"fr-CA\",\"@id\":\"https:\\\/\\\/ravyx.com\\\/implementation\\\/#primaryimage\",\"url\":\"https:\\\/\\\/ravyx.com\\\/wp-content\\\/uploads\\\/2025\\\/06\\\/25-1024x768.png\",\"contentUrl\":\"https:\\\/\\\/ravyx.com\\\/wp-content\\\/uploads\\\/2025\\\/06\\\/25-1024x768.png\"},{\"@type\":\"BreadcrumbList\",\"@id\":\"https:\\\/\\\/ravyx.com\\\/implementation\\\/#breadcrumb\",\"itemListElement\":[{\"@type\":\"ListItem\",\"position\":1,\"name\":\"Home\",\"item\":\"https:\\\/\\\/ravyx.com\\\/\"},{\"@type\":\"ListItem\",\"position\":2,\"name\":\"Implementation\"}]},{\"@type\":\"WebSite\",\"@id\":\"https:\\\/\\\/ravyx.com\\\/#website\",\"url\":\"https:\\\/\\\/ravyx.com\\\/\",\"name\":\"Ravyx\",\"description\":\"Proven Grocery Technologies\",\"publisher\":{\"@id\":\"https:\\\/\\\/ravyx.com\\\/#organization\"},\"potentialAction\":[{\"@type\":\"SearchAction\",\"target\":{\"@type\":\"EntryPoint\",\"urlTemplate\":\"https:\\\/\\\/ravyx.com\\\/?s={search_term_string}\"},\"query-input\":{\"@type\":\"PropertyValueSpecification\",\"valueRequired\":true,\"valueName\":\"search_term_string\"}}],\"inLanguage\":\"fr-CA\"},{\"@type\":\"Organization\",\"@id\":\"https:\\\/\\\/ravyx.com\\\/#organization\",\"name\":\"Ravyx\",\"url\":\"https:\\\/\\\/ravyx.com\\\/\",\"logo\":{\"@type\":\"ImageObject\",\"inLanguage\":\"fr-CA\",\"@id\":\"https:\\\/\\\/ravyx.com\\\/#\\\/schema\\\/logo\\\/image\\\/\",\"url\":\"https:\\\/\\\/ravyx.com\\\/wp-content\\\/uploads\\\/2023\\\/09\\\/generic-brand-1.jpg\",\"contentUrl\":\"https:\\\/\\\/ravyx.com\\\/wp-content\\\/uploads\\\/2023\\\/09\\\/generic-brand-1.jpg\",\"width\":1200,\"height\":1200,\"caption\":\"Ravyx\"},\"image\":{\"@id\":\"https:\\\/\\\/ravyx.com\\\/#\\\/schema\\\/logo\\\/image\\\/\"},\"sameAs\":[\"https:\\\/\\\/www.facebook.com\\\/stcrpos\",\"https:\\\/\\\/x.com\\\/stcrpos\",\"https:\\\/\\\/www.linkedin.com\\\/company\\\/stcr\\\/\",\"https:\\\/\\\/www.youtube.com\\\/channel\\\/UCSWcsJARYjaQnz0T5o4p9DQ\"]}]}<\/script>\n<!-- \/ Yoast SEO plugin. -->","yoast_head_json":{"title":"Mise en \u0153uvre POS | Ravyx","description":"Pourquoi choisir Ravyx ? En raison de nos strat\u00e9gies de mise en \u0153uvre et de notre soutien haut de gamme. Contactez-nous d\u00e8s aujourd'hui pour en savoir plus !","robots":{"index":"index","follow":"follow","max-snippet":"max-snippet:-1","max-image-preview":"max-image-preview:large","max-video-preview":"max-video-preview:-1"},"canonical":"https:\/\/ravyx.com\/fr_ca\/implementation\/","og_locale":"fr_CA","og_type":"article","og_title":"POS Implementation | Ravyx","og_description":"Why choose Ravyx? Because of our top-of-the-line implementation strategies and support. Contact us today to learn more!","og_url":"https:\/\/ravyx.com\/fr_ca\/implementation\/","og_site_name":"Ravyx","article_publisher":"https:\/\/www.facebook.com\/stcrpos","article_modified_time":"2025-06-18T14:53:55+00:00","og_image":[{"url":"https:\/\/ravyx.com\/wp-content\/uploads\/2025\/06\/25-1024x768.png","type":"","width":"","height":""}],"twitter_card":"summary_large_image","twitter_site":"@stcrpos","twitter_misc":{"Est. reading time":"1 minute"},"schema":{"@context":"https:\/\/schema.org","@graph":[{"@type":"WebPage","@id":"https:\/\/ravyx.com\/implementation\/","url":"https:\/\/ravyx.com\/implementation\/","name":"Mise en \u0153uvre POS | Ravyx","isPartOf":{"@id":"https:\/\/ravyx.com\/#website"},"primaryImageOfPage":{"@id":"https:\/\/ravyx.com\/implementation\/#primaryimage"},"image":{"@id":"https:\/\/ravyx.com\/implementation\/#primaryimage"},"thumbnailUrl":"https:\/\/ravyx.com\/wp-content\/uploads\/2025\/06\/25-1024x768.png","datePublished":"2025-06-13T13:54:57+00:00","dateModified":"2025-06-18T14:53:55+00:00","description":"Pourquoi choisir Ravyx ? En raison de nos strat\u00e9gies de mise en \u0153uvre et de notre soutien haut de gamme. Contactez-nous d\u00e8s aujourd'hui pour en savoir plus !","breadcrumb":{"@id":"https:\/\/ravyx.com\/implementation\/#breadcrumb"},"inLanguage":"fr-CA","potentialAction":[{"@type":"ReadAction","target":["https:\/\/ravyx.com\/implementation\/"]}]},{"@type":"ImageObject","inLanguage":"fr-CA","@id":"https:\/\/ravyx.com\/implementation\/#primaryimage","url":"https:\/\/ravyx.com\/wp-content\/uploads\/2025\/06\/25-1024x768.png","contentUrl":"https:\/\/ravyx.com\/wp-content\/uploads\/2025\/06\/25-1024x768.png"},{"@type":"BreadcrumbList","@id":"https:\/\/ravyx.com\/implementation\/#breadcrumb","itemListElement":[{"@type":"ListItem","position":1,"name":"Home","item":"https:\/\/ravyx.com\/"},{"@type":"ListItem","position":2,"name":"Implementation"}]},{"@type":"WebSite","@id":"https:\/\/ravyx.com\/#website","url":"https:\/\/ravyx.com\/","name":"Ravyx","description":"Proven Grocery Technologies","publisher":{"@id":"https:\/\/ravyx.com\/#organization"},"potentialAction":[{"@type":"SearchAction","target":{"@type":"EntryPoint","urlTemplate":"https:\/\/ravyx.com\/?s={search_term_string}"},"query-input":{"@type":"PropertyValueSpecification","valueRequired":true,"valueName":"search_term_string"}}],"inLanguage":"fr-CA"},{"@type":"Organization","@id":"https:\/\/ravyx.com\/#organization","name":"Ravyx","url":"https:\/\/ravyx.com\/","logo":{"@type":"ImageObject","inLanguage":"fr-CA","@id":"https:\/\/ravyx.com\/#\/schema\/logo\/image\/","url":"https:\/\/ravyx.com\/wp-content\/uploads\/2023\/09\/generic-brand-1.jpg","contentUrl":"https:\/\/ravyx.com\/wp-content\/uploads\/2023\/09\/generic-brand-1.jpg","width":1200,"height":1200,"caption":"Ravyx"},"image":{"@id":"https:\/\/ravyx.com\/#\/schema\/logo\/image\/"},"sameAs":["https:\/\/www.facebook.com\/stcrpos","https:\/\/x.com\/stcrpos","https:\/\/www.linkedin.com\/company\/stcr\/","https:\/\/www.youtube.com\/channel\/UCSWcsJARYjaQnz0T5o4p9DQ"]}]}},"_links":{"self":[{"href":"https:\/\/ravyx.com\/fr_ca\/wp-json\/wp\/v2\/pages\/3693","targetHints":{"allow":["GET"]}}],"collection":[{"href":"https:\/\/ravyx.com\/fr_ca\/wp-json\/wp\/v2\/pages"}],"about":[{"href":"https:\/\/ravyx.com\/fr_ca\/wp-json\/wp\/v2\/types\/page"}],"author":[{"embeddable":true,"href":"https:\/\/ravyx.com\/fr_ca\/wp-json\/wp\/v2\/users\/2"}],"replies":[{"embeddable":true,"href":"https:\/\/ravyx.com\/fr_ca\/wp-json\/wp\/v2\/comments?post=3693"}],"version-history":[{"count":0,"href":"https:\/\/ravyx.com\/fr_ca\/wp-json\/wp\/v2\/pages\/3693\/revisions"}],"wp:attachment":[{"href":"https:\/\/ravyx.com\/fr_ca\/wp-json\/wp\/v2\/media?parent=3693"}],"curies":[{"name":"wp","href":"https:\/\/api.w.org\/{rel}","templated":true}]}}