{"id":3692,"date":"2025-06-13T09:54:07","date_gmt":"2025-06-13T13:54:07","guid":{"rendered":"https:\/\/stcr.com\/?page_id=3692"},"modified":"2025-08-27T15:52:42","modified_gmt":"2025-08-27T19:52:42","slug":"systems-integration","status":"publish","type":"page","link":"https:\/\/ravyx.com\/fr_ca\/systems-integration\/","title":{"rendered":"Int\u00e9gration des syst\u00e8mes"},"content":{"rendered":"<div class=\"wp-block-columns is-layout-flex wp-container-core-columns-is-layout-9d6595d7 wp-block-columns-is-layout-flex\">\n<div class=\"wp-block-column is-layout-flow wp-block-column-is-layout-flow\">\n<div style=\"height:18px\" aria-hidden=\"true\" class=\"wp-block-spacer\"><\/div>\n\n\n\n<p class=\"has-text-align-left has-huge-font-size\">Des syst\u00e8mes d\u00e9connect\u00e9s vous ralentissent. Ravyx fournit une int\u00e9gration experte des syst\u00e8mes en magasin, en ligne et \u00e0 travers l'infrastructure de l'entreprise, garantissant la fluidit\u00e9 des donn\u00e9es, l'harmonie des syst\u00e8mes et la synchronisation des \u00e9quipes.<\/p>\n<\/div>\n\n\n\n<div class=\"wp-block-column has-white-background-color has-background is-layout-flow wp-block-column-is-layout-flow\">\n<div style=\"height:20px\" aria-hidden=\"true\" class=\"wp-block-spacer\"><\/div>\n\n\n\n<figure class=\"wp-block-image size-large\"><img loading=\"lazy\" decoding=\"async\" width=\"1024\" height=\"768\" src=\"https:\/\/ravyx.com\/wp-content\/uploads\/2025\/06\/10-1024x768.png\" alt=\"\" class=\"wp-image-3742\" srcset=\"https:\/\/ravyx.com\/wp-content\/uploads\/2025\/06\/10-1024x768.png 1024w, https:\/\/ravyx.com\/wp-content\/uploads\/2025\/06\/10-300x225.png 300w, https:\/\/ravyx.com\/wp-content\/uploads\/2025\/06\/10-768x576.png 768w, https:\/\/ravyx.com\/wp-content\/uploads\/2025\/06\/10-16x12.png 16w, https:\/\/ravyx.com\/wp-content\/uploads\/2025\/06\/10.png 1200w\" sizes=\"auto, (max-width: 1024px) 100vw, 1024px\" \/><\/figure>\n<\/div>\n<\/div>\n\n\n\n<div class=\"block-inline-cta wpx-custom-block\" id=\"acf-inline-cta9937\">\n\n\t<div class=\"inline-cta-inner\">\n\t\t\n\t\t<h3 class=\"inline-cta-title\">Pr\u00eat \u00e0 connecter tous les aspects de votre entreprise?<\/h3>\t\t<p>Contactez notre \u00e9quipe d\u00e8s aujourd'hui.<\/p>\n\t\t\t\t\t<div class=\"button-group\">\n\t\t\t\t<a href=\"https:\/\/ravyx.com\/fr_ca\/contact-us\/\" target=\"\" class=\"wpx-button\">Nous contacter<\/a>\n\t\t\t<\/div>\n\t\t\n\t<\/div>\n\n<\/div>\n\n\n<h2 class=\"wp-block-heading has-text-align-center\">Avantages de l'int\u00e9gration des syst\u00e8mes<\/h2>\n\n\n\n<div class=\"block-checkerboard wpx-custom-block\" id=\"acf-checkerboard3521\">\n\n\t\n\t<div class=\"checkerboard-row\">\n\n\t\t<div class=\"row-col\">\n\t\t\t<div class=\"row-content\">\n\t\t\t\t<h2 class=\"row-title\">Expertise centr\u00e9e sur le commerce de d\u00e9tail<\/h2>\t\t\t\t\t\t\t\t\t<p data-start=\"1108\" data-end=\"1281\">Notre \u00e9quipe se sp\u00e9cialise uniquement dans les syst\u00e8mes de vente au d\u00e9tail - POS, ERP, e-Commerce, gestion des stocks, etc. et comprend les nuances auxquelles vous \u00eates confront\u00e9s chaque jour.<\/p>\n\t\t\t\t\t\t\t\t\t\t\t<\/div>\n\t\t<\/div>\n\n\t\t\t\t\t<div class=\"row-col\">\n\t\t\t\t<img decoding=\"async\" src=\"https:\/\/ravyx.com\/wp-content\/uploads\/2025\/06\/20-680x460.png\" alt=\"Team\" srcset=\"https:\/\/ravyx.com\/wp-content\/uploads\/2025\/06\/20-680x460.png 680w, https:\/\/ravyx.com\/wp-content\/uploads\/2025\/06\/20-16x12.png 16w\" sizes=\"(max-width: 680px) 100vw, 680px\">\n\t\t\t<\/div>\n\t\t\n\t<\/div>\n\n\t\n\t<div class=\"checkerboard-row\">\n\n\t\t<div class=\"row-col\">\n\t\t\t<div class=\"row-content\">\n\t\t\t\t<h2 class=\"row-title\">Connecteurs standard et personnalis\u00e9s<\/h2>\t\t\t\t\t\t\t\t\t<p data-start=\"1286\" data-end=\"1465\">Nous d\u00e9ployons des connecteurs pr\u00eats \u00e0 l'emploi \u00e0 partir des principales plateformes, tout en cr\u00e9ant des API et des intergiciels personnalis\u00e9s pour r\u00e9pondre \u00e0 vos besoins sp\u00e9cifiques.<\/p>\n\t\t\t\t\t\t\t\t\t\t\t<\/div>\n\t\t<\/div>\n\n\t\t\t\t\t<div class=\"row-col\">\n\t\t\t\t<img decoding=\"async\" src=\"https:\/\/ravyx.com\/wp-content\/uploads\/2025\/06\/26-680x460.png\" alt=\"Connectors\" srcset=\"https:\/\/ravyx.com\/wp-content\/uploads\/2025\/06\/26-680x460.png 680w, https:\/\/ravyx.com\/wp-content\/uploads\/2025\/06\/26-16x12.png 16w\" sizes=\"(max-width: 680px) 100vw, 680px\">\n\t\t\t<\/div>\n\t\t\n\t<\/div>\n\n\t\n\t<div class=\"checkerboard-row\">\n\n\t\t<div class=\"row-col\">\n\t\t\t<div class=\"row-content\">\n\t\t\t\t<h2 class=\"row-title\">Nettoyage et normalisation des donn\u00e9es<\/h2>\t\t\t\t\t\t\t\t\t<p data-start=\"1643\" data-end=\"1817\">Ravyx assure la coh\u00e9rence des donn\u00e9es - formatage des unit\u00e9s, hi\u00e9rarchies des catalogues, dossiers clients - ainsi vos syst\u00e8mes parlent r\u00e9ellement le m\u00eame langage.<\/p>\n\t\t\t\t\t\t\t\t\t\t\t<\/div>\n\t\t<\/div>\n\n\t\t\t\t\t<div class=\"row-col\">\n\t\t\t\t<img decoding=\"async\" src=\"https:\/\/ravyx.com\/wp-content\/uploads\/2025\/06\/Blog-Images-3-680x460.png\" alt=\"Data\" srcset=\"https:\/\/ravyx.com\/wp-content\/uploads\/2025\/06\/Blog-Images-3-680x460.png 680w, https:\/\/ravyx.com\/wp-content\/uploads\/2025\/06\/Blog-Images-3-18x12.png 18w\" sizes=\"(max-width: 680px) 100vw, 680px\">\n\t\t\t<\/div>\n\t\t\n\t<\/div>\n\n\t\n<\/div>\n\n\n\n\n<div class=\"block-inline-cta wpx-custom-block\" id=\"acf-inline-cta9629\">\n\n\t<div class=\"inline-cta-inner\">\n\t\t\n\t\t<h3 class=\"inline-cta-title\">Unifier votre magasin<\/h3>\t\t<p>Connectez tous les aspects de votre entreprise pour ainsi disposez d'un syst\u00e8me plus coh\u00e9rent.<\/p>\n\t\t\t\t\t<div class=\"button-group\">\n\t\t\t\t<a href=\"https:\/\/ravyx.com\/fr_ca\/contact-us\/\" target=\"\" class=\"wpx-button\">Nous contacter<\/a>\n\t\t\t<\/div>\n\t\t\n\t<\/div>\n\n<\/div>\n\n\n<h2 class=\"wp-block-heading has-text-align-center\">Notre processus :<\/h2>\n\n\n\n<div class=\"wp-block-columns gap-0-mobile is-layout-flex wp-container-core-columns-is-layout-9d6595d7 wp-block-columns-is-layout-flex\">\n<div class=\"wp-block-column is-layout-flow wp-block-column-is-layout-flow\"><\/div>\n\n\n\n<div class=\"wp-block-column margin-top-0 is-layout-flow wp-block-column-is-layout-flow\" style=\"flex-basis:33%\">\n<ul class=\"wp-block-list stylized-list margin-bottom-0\">\n<li>\u00c9laborez des strat\u00e9gies<\/li>\n\n\n\n<li>Tests rigoureux<\/li>\n<\/ul>\n<\/div>\n\n\n\n<div class=\"wp-block-column margin-bottom-0 is-layout-flow wp-block-column-is-layout-flow\" style=\"flex-basis:33%\">\n<ul class=\"wp-block-list stylized-list margin-top-0\">\n<li>D\u00e9ploiement<\/li>\n\n\n\n<li>Contr\u00f4le<\/li>\n<\/ul>\n<\/div>\n\n\n\n<div class=\"wp-block-column is-layout-flow wp-block-column-is-layout-flow\"><\/div>\n<\/div>\n\n\n\n<div style=\"height:75px\" aria-hidden=\"true\" class=\"wp-block-spacer\"><\/div>","protected":false},"excerpt":{"rendered":"<p>Les syst\u00e8mes d\u00e9connect\u00e9s vous ralentissent. Ravyx propose une int\u00e9gration experte des syst\u00e8mes en magasin, en ligne et dans l'infrastructure de l'entreprise, garantissant la fluidit\u00e9 des donn\u00e9es, l'harmonie des syst\u00e8mes et la synchronisation des \u00e9quipes. Avantages de l'int\u00e9gration de syst\u00e8mes Notre processus :<\/p>","protected":false},"author":2,"featured_media":0,"parent":0,"menu_order":15,"comment_status":"closed","ping_status":"closed","template":"","meta":{"_acf_changed":true,"footnotes":""},"class_list":["post-3692","page","type-page","status-publish","hentry"],"acf":[],"yoast_head":"<!-- This site is optimized with the Yoast SEO plugin v27.6 - https:\/\/yoast.com\/product\/yoast-seo-wordpress\/ -->\n<title>POS System Integration | Ravyx<\/title>\n<meta name=\"description\" content=\"Need your POS system integration done right? Want to learn how we set you up for success. Connect with our team of experts today!\" \/>\n<meta name=\"robots\" content=\"index, follow, max-snippet:-1, max-image-preview:large, max-video-preview:-1\" \/>\n<link rel=\"canonical\" href=\"https:\/\/ravyx.com\/fr_ca\/systems-integration\/\" \/>\n<meta property=\"og:locale\" content=\"fr_CA\" \/>\n<meta property=\"og:type\" content=\"article\" \/>\n<meta property=\"og:title\" content=\"POS System Integration | Ravyx\" \/>\n<meta property=\"og:description\" content=\"Need your POS system integration done right? Want to learn how we set you up for success. Connect with our team of experts today!\" \/>\n<meta property=\"og:url\" content=\"https:\/\/ravyx.com\/fr_ca\/systems-integration\/\" \/>\n<meta property=\"og:site_name\" content=\"Ravyx\" \/>\n<meta property=\"article:publisher\" content=\"https:\/\/www.facebook.com\/stcrpos\" \/>\n<meta property=\"article:modified_time\" content=\"2025-08-27T19:52:42+00:00\" \/>\n<meta property=\"og:image\" content=\"https:\/\/ravyx.com\/wp-content\/uploads\/2025\/06\/10-1024x768.png\" \/>\n<meta name=\"twitter:card\" content=\"summary_large_image\" \/>\n<meta name=\"twitter:site\" content=\"@stcrpos\" \/>\n<meta name=\"twitter:label1\" content=\"Est. reading time\" \/>\n\t<meta name=\"twitter:data1\" content=\"1 minute\" \/>\n<script type=\"application\/ld+json\" class=\"yoast-schema-graph\">{\"@context\":\"https:\\\/\\\/schema.org\",\"@graph\":[{\"@type\":\"WebPage\",\"@id\":\"https:\\\/\\\/ravyx.com\\\/systems-integration\\\/\",\"url\":\"https:\\\/\\\/ravyx.com\\\/systems-integration\\\/\",\"name\":\"POS System Integration | Ravyx\",\"isPartOf\":{\"@id\":\"https:\\\/\\\/ravyx.com\\\/#website\"},\"primaryImageOfPage\":{\"@id\":\"https:\\\/\\\/ravyx.com\\\/systems-integration\\\/#primaryimage\"},\"image\":{\"@id\":\"https:\\\/\\\/ravyx.com\\\/systems-integration\\\/#primaryimage\"},\"thumbnailUrl\":\"https:\\\/\\\/ravyx.com\\\/wp-content\\\/uploads\\\/2025\\\/06\\\/10-1024x768.png\",\"datePublished\":\"2025-06-13T13:54:07+00:00\",\"dateModified\":\"2025-08-27T19:52:42+00:00\",\"description\":\"Need your POS system integration done right? Want to learn how we set you up for success. Connect with our team of experts today!\",\"breadcrumb\":{\"@id\":\"https:\\\/\\\/ravyx.com\\\/systems-integration\\\/#breadcrumb\"},\"inLanguage\":\"fr-CA\",\"potentialAction\":[{\"@type\":\"ReadAction\",\"target\":[\"https:\\\/\\\/ravyx.com\\\/systems-integration\\\/\"]}]},{\"@type\":\"ImageObject\",\"inLanguage\":\"fr-CA\",\"@id\":\"https:\\\/\\\/ravyx.com\\\/systems-integration\\\/#primaryimage\",\"url\":\"https:\\\/\\\/ravyx.com\\\/wp-content\\\/uploads\\\/2025\\\/06\\\/10-1024x768.png\",\"contentUrl\":\"https:\\\/\\\/ravyx.com\\\/wp-content\\\/uploads\\\/2025\\\/06\\\/10-1024x768.png\"},{\"@type\":\"BreadcrumbList\",\"@id\":\"https:\\\/\\\/ravyx.com\\\/systems-integration\\\/#breadcrumb\",\"itemListElement\":[{\"@type\":\"ListItem\",\"position\":1,\"name\":\"Home\",\"item\":\"https:\\\/\\\/ravyx.com\\\/\"},{\"@type\":\"ListItem\",\"position\":2,\"name\":\"Systems Integration\"}]},{\"@type\":\"WebSite\",\"@id\":\"https:\\\/\\\/ravyx.com\\\/#website\",\"url\":\"https:\\\/\\\/ravyx.com\\\/\",\"name\":\"Ravyx\",\"description\":\"Proven Grocery Technologies\",\"publisher\":{\"@id\":\"https:\\\/\\\/ravyx.com\\\/#organization\"},\"potentialAction\":[{\"@type\":\"SearchAction\",\"target\":{\"@type\":\"EntryPoint\",\"urlTemplate\":\"https:\\\/\\\/ravyx.com\\\/?s={search_term_string}\"},\"query-input\":{\"@type\":\"PropertyValueSpecification\",\"valueRequired\":true,\"valueName\":\"search_term_string\"}}],\"inLanguage\":\"fr-CA\"},{\"@type\":\"Organization\",\"@id\":\"https:\\\/\\\/ravyx.com\\\/#organization\",\"name\":\"Ravyx\",\"url\":\"https:\\\/\\\/ravyx.com\\\/\",\"logo\":{\"@type\":\"ImageObject\",\"inLanguage\":\"fr-CA\",\"@id\":\"https:\\\/\\\/ravyx.com\\\/#\\\/schema\\\/logo\\\/image\\\/\",\"url\":\"https:\\\/\\\/ravyx.com\\\/wp-content\\\/uploads\\\/2023\\\/09\\\/generic-brand-1.jpg\",\"contentUrl\":\"https:\\\/\\\/ravyx.com\\\/wp-content\\\/uploads\\\/2023\\\/09\\\/generic-brand-1.jpg\",\"width\":1200,\"height\":1200,\"caption\":\"Ravyx\"},\"image\":{\"@id\":\"https:\\\/\\\/ravyx.com\\\/#\\\/schema\\\/logo\\\/image\\\/\"},\"sameAs\":[\"https:\\\/\\\/www.facebook.com\\\/stcrpos\",\"https:\\\/\\\/x.com\\\/stcrpos\",\"https:\\\/\\\/www.linkedin.com\\\/company\\\/stcr\\\/\",\"https:\\\/\\\/www.youtube.com\\\/channel\\\/UCSWcsJARYjaQnz0T5o4p9DQ\"]}]}<\/script>\n<!-- \/ Yoast SEO plugin. -->","yoast_head_json":{"title":"Int\u00e9gration du syst\u00e8me POS | Ravyx","description":"L'int\u00e9gration de votre syst\u00e8me de point de vente doit \u00eatre bien faite ? Vous voulez savoir comment nous vous aidons \u00e0 r\u00e9ussir. Contactez notre \u00e9quipe d'experts d\u00e8s aujourd'hui !","robots":{"index":"index","follow":"follow","max-snippet":"max-snippet:-1","max-image-preview":"max-image-preview:large","max-video-preview":"max-video-preview:-1"},"canonical":"https:\/\/ravyx.com\/fr_ca\/systems-integration\/","og_locale":"fr_CA","og_type":"article","og_title":"POS System Integration | Ravyx","og_description":"Need your POS system integration done right? Want to learn how we set you up for success. Connect with our team of experts today!","og_url":"https:\/\/ravyx.com\/fr_ca\/systems-integration\/","og_site_name":"Ravyx","article_publisher":"https:\/\/www.facebook.com\/stcrpos","article_modified_time":"2025-08-27T19:52:42+00:00","og_image":[{"url":"https:\/\/ravyx.com\/wp-content\/uploads\/2025\/06\/10-1024x768.png","type":"","width":"","height":""}],"twitter_card":"summary_large_image","twitter_site":"@stcrpos","twitter_misc":{"Est. reading time":"1 minute"},"schema":{"@context":"https:\/\/schema.org","@graph":[{"@type":"WebPage","@id":"https:\/\/ravyx.com\/systems-integration\/","url":"https:\/\/ravyx.com\/systems-integration\/","name":"Int\u00e9gration du syst\u00e8me POS | Ravyx","isPartOf":{"@id":"https:\/\/ravyx.com\/#website"},"primaryImageOfPage":{"@id":"https:\/\/ravyx.com\/systems-integration\/#primaryimage"},"image":{"@id":"https:\/\/ravyx.com\/systems-integration\/#primaryimage"},"thumbnailUrl":"https:\/\/ravyx.com\/wp-content\/uploads\/2025\/06\/10-1024x768.png","datePublished":"2025-06-13T13:54:07+00:00","dateModified":"2025-08-27T19:52:42+00:00","description":"L'int\u00e9gration de votre syst\u00e8me de point de vente doit \u00eatre bien faite ? Vous voulez savoir comment nous vous aidons \u00e0 r\u00e9ussir. Contactez notre \u00e9quipe d'experts d\u00e8s aujourd'hui !","breadcrumb":{"@id":"https:\/\/ravyx.com\/systems-integration\/#breadcrumb"},"inLanguage":"fr-CA","potentialAction":[{"@type":"ReadAction","target":["https:\/\/ravyx.com\/systems-integration\/"]}]},{"@type":"ImageObject","inLanguage":"fr-CA","@id":"https:\/\/ravyx.com\/systems-integration\/#primaryimage","url":"https:\/\/ravyx.com\/wp-content\/uploads\/2025\/06\/10-1024x768.png","contentUrl":"https:\/\/ravyx.com\/wp-content\/uploads\/2025\/06\/10-1024x768.png"},{"@type":"BreadcrumbList","@id":"https:\/\/ravyx.com\/systems-integration\/#breadcrumb","itemListElement":[{"@type":"ListItem","position":1,"name":"Home","item":"https:\/\/ravyx.com\/"},{"@type":"ListItem","position":2,"name":"Systems Integration"}]},{"@type":"WebSite","@id":"https:\/\/ravyx.com\/#website","url":"https:\/\/ravyx.com\/","name":"Ravyx","description":"Proven Grocery Technologies","publisher":{"@id":"https:\/\/ravyx.com\/#organization"},"potentialAction":[{"@type":"SearchAction","target":{"@type":"EntryPoint","urlTemplate":"https:\/\/ravyx.com\/?s={search_term_string}"},"query-input":{"@type":"PropertyValueSpecification","valueRequired":true,"valueName":"search_term_string"}}],"inLanguage":"fr-CA"},{"@type":"Organization","@id":"https:\/\/ravyx.com\/#organization","name":"Ravyx","url":"https:\/\/ravyx.com\/","logo":{"@type":"ImageObject","inLanguage":"fr-CA","@id":"https:\/\/ravyx.com\/#\/schema\/logo\/image\/","url":"https:\/\/ravyx.com\/wp-content\/uploads\/2023\/09\/generic-brand-1.jpg","contentUrl":"https:\/\/ravyx.com\/wp-content\/uploads\/2023\/09\/generic-brand-1.jpg","width":1200,"height":1200,"caption":"Ravyx"},"image":{"@id":"https:\/\/ravyx.com\/#\/schema\/logo\/image\/"},"sameAs":["https:\/\/www.facebook.com\/stcrpos","https:\/\/x.com\/stcrpos","https:\/\/www.linkedin.com\/company\/stcr\/","https:\/\/www.youtube.com\/channel\/UCSWcsJARYjaQnz0T5o4p9DQ"]}]}},"_links":{"self":[{"href":"https:\/\/ravyx.com\/fr_ca\/wp-json\/wp\/v2\/pages\/3692","targetHints":{"allow":["GET"]}}],"collection":[{"href":"https:\/\/ravyx.com\/fr_ca\/wp-json\/wp\/v2\/pages"}],"about":[{"href":"https:\/\/ravyx.com\/fr_ca\/wp-json\/wp\/v2\/types\/page"}],"author":[{"embeddable":true,"href":"https:\/\/ravyx.com\/fr_ca\/wp-json\/wp\/v2\/users\/2"}],"replies":[{"embeddable":true,"href":"https:\/\/ravyx.com\/fr_ca\/wp-json\/wp\/v2\/comments?post=3692"}],"version-history":[{"count":0,"href":"https:\/\/ravyx.com\/fr_ca\/wp-json\/wp\/v2\/pages\/3692\/revisions"}],"wp:attachment":[{"href":"https:\/\/ravyx.com\/fr_ca\/wp-json\/wp\/v2\/media?parent=3692"}],"curies":[{"name":"wp","href":"https:\/\/api.w.org\/{rel}","templated":true}]}}