{"id":3691,"date":"2025-06-13T09:54:26","date_gmt":"2025-06-13T13:54:26","guid":{"rendered":"https:\/\/stcr.com\/?page_id=3691"},"modified":"2025-06-18T10:51:26","modified_gmt":"2025-06-18T14:51:26","slug":"back-office-support","status":"publish","type":"page","link":"https:\/\/ravyx.com\/fr_ca\/back-office-support\/","title":{"rendered":"Soutien administratif"},"content":{"rendered":"<div class=\"wp-block-columns is-layout-flex wp-container-core-columns-is-layout-9d6595d7 wp-block-columns-is-layout-flex\">\n<div class=\"wp-block-column is-layout-flow wp-block-column-is-layout-flow\">\n<div style=\"height:18px\" aria-hidden=\"true\" class=\"wp-block-spacer\"><\/div>\n\n\n\n<p class=\"has-text-align-left has-huge-font-size\">L'efficacit\u00e9 de vos \u00e9quipes en magasin d\u00e9pend des syst\u00e8mes qui les soutiennent. Chez Ravyx, nous allons au-del\u00e0 des outils de terrain pour optimiser vos op\u00e9rations de back-office. Notamment : reporting, comptabilit\u00e9, syst\u00e8mes h\u00f4tes, paie, gestion des fournisseurs, audit, inventaire, etc.<\/p>\n<\/div>\n\n\n\n<div class=\"wp-block-column has-white-background-color has-background is-layout-flow wp-block-column-is-layout-flow\">\n<div style=\"height:20px\" aria-hidden=\"true\" class=\"wp-block-spacer\"><\/div>\n\n\n\n<figure class=\"wp-block-image size-large\"><img loading=\"lazy\" decoding=\"async\" width=\"1024\" height=\"768\" src=\"https:\/\/ravyx.com\/wp-content\/uploads\/2025\/06\/35-1024x768.png\" alt=\"\" class=\"wp-image-3749\" srcset=\"https:\/\/ravyx.com\/wp-content\/uploads\/2025\/06\/35-1024x768.png 1024w, https:\/\/ravyx.com\/wp-content\/uploads\/2025\/06\/35-300x225.png 300w, https:\/\/ravyx.com\/wp-content\/uploads\/2025\/06\/35-768x576.png 768w, https:\/\/ravyx.com\/wp-content\/uploads\/2025\/06\/35-16x12.png 16w, https:\/\/ravyx.com\/wp-content\/uploads\/2025\/06\/35.png 1200w\" sizes=\"auto, (max-width: 1024px) 100vw, 1024px\" \/><\/figure>\n<\/div>\n<\/div>\n\n\n\n<div class=\"block-inline-cta wpx-custom-block\" id=\"acf-inline-cta5507\">\n\n\t<div class=\"inline-cta-inner\">\n\t\t\n\t\t<h3 class=\"inline-cta-title\">Votre back-office est-il \u00e0 la hauteur de vos attentes?<\/h3>\t\t<p>Explorez vos options de back-office avec notre \u00e9quipe d'experts.<\/p>\n\t\t\t\t\t<div class=\"button-group\">\n\t\t\t\t<a href=\"https:\/\/ravyx.com\/fr_ca\/contact-us\/\" target=\"\" class=\"wpx-button\">Nous contacter<\/a>\n\t\t\t<\/div>\n\t\t\n\t<\/div>\n\n<\/div>\n\n\n<h2 class=\"wp-block-heading has-text-align-center\">L'importance d'un back-office int\u00e9gr\u00e9<\/h2>\n\n\n\n<div class=\"block-checkerboard wpx-custom-block\" id=\"acf-checkerboard3326\">\n\n\t\n\t<div class=\"checkerboard-row\">\n\n\t\t<div class=\"row-col\">\n\t\t\t<div class=\"row-content\">\n\t\t\t\t<h2 class=\"row-title\">Des op\u00e9rations simplifi\u00e9es<\/h2>\t\t\t\t\t\t\t\t\t<p data-start=\"573\" data-end=\"731\">D\u00e9couvrez comment des donn\u00e9es centralis\u00e9es, des processus automatis\u00e9s et une base pr\u00eate pour l'audit peuvent lib\u00e9rer votre \u00e9quipe de la chasse aux rapports et de la correction des erreurs.<\/p>\n\t\t\t\t\t\t\t\t\t\t\t<\/div>\n\t\t<\/div>\n\n\t\t\t\t\t<div class=\"row-col\">\n\t\t\t\t<img decoding=\"async\" src=\"https:\/\/ravyx.com\/wp-content\/uploads\/2025\/06\/4-680x460.png\" alt=\"Optimization\" srcset=\"https:\/\/ravyx.com\/wp-content\/uploads\/2025\/06\/4-680x460.png 680w, https:\/\/ravyx.com\/wp-content\/uploads\/2025\/06\/4-16x12.png 16w\" sizes=\"(max-width: 680px) 100vw, 680px\">\n\t\t\t<\/div>\n\t\t\n\t<\/div>\n\n\t\n\t<div class=\"checkerboard-row\">\n\n\t\t<div class=\"row-col\">\n\t\t\t<div class=\"row-content\">\n\t\t\t\t<h2 class=\"row-title\">Des informations pr\u00e9cises pour des d\u00e9cisions plus rapides<\/h2>\t\t\t\t\t\t\t\t\t<p data-start=\"735\" data-end=\"862\">Les donn\u00e9es en temps r\u00e9el et sans erreur permettent d'ajuster rapidement les prix, les stocks et la main-d'\u0153uvre, ce qui permet \u00e0 votre personnel de gagner du temps et \u00e0 votre entreprise d'\u00e9conomiser de l'argent.<\/p>\n\t\t\t\t\t\t\t\t\t\t\t<\/div>\n\t\t<\/div>\n\n\t\t\t\t\t<div class=\"row-col\">\n\t\t\t\t<img decoding=\"async\" src=\"https:\/\/ravyx.com\/wp-content\/uploads\/2025\/06\/39-680x460.png\" alt=\"Operations\" srcset=\"https:\/\/ravyx.com\/wp-content\/uploads\/2025\/06\/39-680x460.png 680w, https:\/\/ravyx.com\/wp-content\/uploads\/2025\/06\/39-16x12.png 16w\" sizes=\"(max-width: 680px) 100vw, 680px\">\n\t\t\t<\/div>\n\t\t\n\t<\/div>\n\n\t\n\t<div class=\"checkerboard-row\">\n\n\t\t<div class=\"row-col\">\n\t\t\t<div class=\"row-content\">\n\t\t\t\t<h2 class=\"row-title\">Acc\u00e8s centralis\u00e9 aux donn\u00e9es<\/h2>\t\t\t\t\t\t\t\t\t<p data-start=\"1008\" data-end=\"1147\">Permettez \u00e0 votre personnel d'acc\u00e9der \u00e0 des tableaux de bord et \u00e0 des rapports unifi\u00e9s. Notamment : revenus, d\u00e9penses, salaires, stocks, offres - le tout en un seul endroit.<\/p>\n\t\t\t\t\t\t\t\t\t\t\t<\/div>\n\t\t<\/div>\n\n\t\t\t\t\t<div class=\"row-col\">\n\t\t\t\t<img decoding=\"async\" src=\"https:\/\/ravyx.com\/wp-content\/uploads\/2025\/06\/17-680x460.png\" alt=\"Visibility\" srcset=\"https:\/\/ravyx.com\/wp-content\/uploads\/2025\/06\/17-680x460.png 680w, https:\/\/ravyx.com\/wp-content\/uploads\/2025\/06\/17-16x12.png 16w\" sizes=\"(max-width: 680px) 100vw, 680px\">\n\t\t\t<\/div>\n\t\t\n\t<\/div>\n\n\t\n<\/div>\n\n\n\n\n<div style=\"height:75px\" aria-hidden=\"true\" class=\"wp-block-spacer\"><\/div>","protected":false},"excerpt":{"rendered":"<p>L'efficacit\u00e9 de vos \u00e9quipes en magasin d\u00e9pend des syst\u00e8mes qui les soutiennent. Chez Ravyx, nous allons au-del\u00e0 des outils de terrain pour optimiser vos op\u00e9rations de back-office. Cela comprend : les rapports, la comptabilit\u00e9, les syst\u00e8mes h\u00f4tes, la paie, la gestion des fournisseurs, l'audit, l'inventaire et bien plus encore. Pourquoi l'int\u00e9gration du back-office est importante :<\/p>","protected":false},"author":2,"featured_media":0,"parent":0,"menu_order":18,"comment_status":"closed","ping_status":"closed","template":"","meta":{"_acf_changed":true,"footnotes":""},"class_list":["post-3691","page","type-page","status-publish","hentry"],"acf":[],"yoast_head":"<!-- This site is optimized with the Yoast SEO plugin v27.5 - https:\/\/yoast.com\/product\/yoast-seo-wordpress\/ -->\n<title>POS Back-Office | Ravyx<\/title>\n<meta name=\"description\" content=\"Want to centralize your system and optimize your staff? Get an integrated back-office system to improve your business.\" \/>\n<meta name=\"robots\" content=\"index, follow, max-snippet:-1, max-image-preview:large, max-video-preview:-1\" \/>\n<link rel=\"canonical\" href=\"https:\/\/ravyx.com\/fr_ca\/back-office-support\/\" \/>\n<meta property=\"og:locale\" content=\"fr_CA\" \/>\n<meta property=\"og:type\" content=\"article\" \/>\n<meta property=\"og:title\" content=\"POS Back-Office | Ravyx\" \/>\n<meta property=\"og:description\" content=\"Want to centralize your system and optimize your staff? Get an integrated back-office system to improve your business.\" \/>\n<meta property=\"og:url\" content=\"https:\/\/ravyx.com\/fr_ca\/back-office-support\/\" \/>\n<meta property=\"og:site_name\" content=\"Ravyx\" \/>\n<meta property=\"article:publisher\" content=\"https:\/\/www.facebook.com\/stcrpos\" \/>\n<meta property=\"article:modified_time\" content=\"2025-06-18T14:51:26+00:00\" \/>\n<meta property=\"og:image\" content=\"https:\/\/ravyx.com\/wp-content\/uploads\/2025\/06\/35-1024x768.png\" \/>\n<meta name=\"twitter:card\" content=\"summary_large_image\" \/>\n<meta name=\"twitter:site\" content=\"@stcrpos\" \/>\n<meta name=\"twitter:label1\" content=\"Est. reading time\" \/>\n\t<meta name=\"twitter:data1\" content=\"1 minute\" \/>\n<script type=\"application\/ld+json\" class=\"yoast-schema-graph\">{\"@context\":\"https:\\\/\\\/schema.org\",\"@graph\":[{\"@type\":\"WebPage\",\"@id\":\"https:\\\/\\\/ravyx.com\\\/back-office-support\\\/\",\"url\":\"https:\\\/\\\/ravyx.com\\\/back-office-support\\\/\",\"name\":\"POS Back-Office | Ravyx\",\"isPartOf\":{\"@id\":\"https:\\\/\\\/ravyx.com\\\/#website\"},\"primaryImageOfPage\":{\"@id\":\"https:\\\/\\\/ravyx.com\\\/back-office-support\\\/#primaryimage\"},\"image\":{\"@id\":\"https:\\\/\\\/ravyx.com\\\/back-office-support\\\/#primaryimage\"},\"thumbnailUrl\":\"https:\\\/\\\/ravyx.com\\\/wp-content\\\/uploads\\\/2025\\\/06\\\/35-1024x768.png\",\"datePublished\":\"2025-06-13T13:54:26+00:00\",\"dateModified\":\"2025-06-18T14:51:26+00:00\",\"description\":\"Want to centralize your system and optimize your staff? Get an integrated back-office system to improve your business.\",\"breadcrumb\":{\"@id\":\"https:\\\/\\\/ravyx.com\\\/back-office-support\\\/#breadcrumb\"},\"inLanguage\":\"fr-CA\",\"potentialAction\":[{\"@type\":\"ReadAction\",\"target\":[\"https:\\\/\\\/ravyx.com\\\/back-office-support\\\/\"]}]},{\"@type\":\"ImageObject\",\"inLanguage\":\"fr-CA\",\"@id\":\"https:\\\/\\\/ravyx.com\\\/back-office-support\\\/#primaryimage\",\"url\":\"https:\\\/\\\/ravyx.com\\\/wp-content\\\/uploads\\\/2025\\\/06\\\/35-1024x768.png\",\"contentUrl\":\"https:\\\/\\\/ravyx.com\\\/wp-content\\\/uploads\\\/2025\\\/06\\\/35-1024x768.png\"},{\"@type\":\"BreadcrumbList\",\"@id\":\"https:\\\/\\\/ravyx.com\\\/back-office-support\\\/#breadcrumb\",\"itemListElement\":[{\"@type\":\"ListItem\",\"position\":1,\"name\":\"Home\",\"item\":\"https:\\\/\\\/ravyx.com\\\/\"},{\"@type\":\"ListItem\",\"position\":2,\"name\":\"Back Office Support\"}]},{\"@type\":\"WebSite\",\"@id\":\"https:\\\/\\\/ravyx.com\\\/#website\",\"url\":\"https:\\\/\\\/ravyx.com\\\/\",\"name\":\"Ravyx\",\"description\":\"Proven Grocery Technologies\",\"publisher\":{\"@id\":\"https:\\\/\\\/ravyx.com\\\/#organization\"},\"potentialAction\":[{\"@type\":\"SearchAction\",\"target\":{\"@type\":\"EntryPoint\",\"urlTemplate\":\"https:\\\/\\\/ravyx.com\\\/?s={search_term_string}\"},\"query-input\":{\"@type\":\"PropertyValueSpecification\",\"valueRequired\":true,\"valueName\":\"search_term_string\"}}],\"inLanguage\":\"fr-CA\"},{\"@type\":\"Organization\",\"@id\":\"https:\\\/\\\/ravyx.com\\\/#organization\",\"name\":\"Ravyx\",\"url\":\"https:\\\/\\\/ravyx.com\\\/\",\"logo\":{\"@type\":\"ImageObject\",\"inLanguage\":\"fr-CA\",\"@id\":\"https:\\\/\\\/ravyx.com\\\/#\\\/schema\\\/logo\\\/image\\\/\",\"url\":\"https:\\\/\\\/ravyx.com\\\/wp-content\\\/uploads\\\/2023\\\/09\\\/generic-brand-1.jpg\",\"contentUrl\":\"https:\\\/\\\/ravyx.com\\\/wp-content\\\/uploads\\\/2023\\\/09\\\/generic-brand-1.jpg\",\"width\":1200,\"height\":1200,\"caption\":\"Ravyx\"},\"image\":{\"@id\":\"https:\\\/\\\/ravyx.com\\\/#\\\/schema\\\/logo\\\/image\\\/\"},\"sameAs\":[\"https:\\\/\\\/www.facebook.com\\\/stcrpos\",\"https:\\\/\\\/x.com\\\/stcrpos\",\"https:\\\/\\\/www.linkedin.com\\\/company\\\/stcr\\\/\",\"https:\\\/\\\/www.youtube.com\\\/channel\\\/UCSWcsJARYjaQnz0T5o4p9DQ\"]}]}<\/script>\n<!-- \/ Yoast SEO plugin. -->","yoast_head_json":{"title":"POS Back-Office | Ravyx","description":"Vous souhaitez centraliser votre syst\u00e8me et optimiser votre personnel ? B\u00e9n\u00e9ficiez d'un syst\u00e8me de back-office int\u00e9gr\u00e9 pour am\u00e9liorer votre activit\u00e9.","robots":{"index":"index","follow":"follow","max-snippet":"max-snippet:-1","max-image-preview":"max-image-preview:large","max-video-preview":"max-video-preview:-1"},"canonical":"https:\/\/ravyx.com\/fr_ca\/back-office-support\/","og_locale":"fr_CA","og_type":"article","og_title":"POS Back-Office | Ravyx","og_description":"Want to centralize your system and optimize your staff? Get an integrated back-office system to improve your business.","og_url":"https:\/\/ravyx.com\/fr_ca\/back-office-support\/","og_site_name":"Ravyx","article_publisher":"https:\/\/www.facebook.com\/stcrpos","article_modified_time":"2025-06-18T14:51:26+00:00","og_image":[{"url":"https:\/\/ravyx.com\/wp-content\/uploads\/2025\/06\/35-1024x768.png","type":"","width":"","height":""}],"twitter_card":"summary_large_image","twitter_site":"@stcrpos","twitter_misc":{"Est. reading time":"1 minute"},"schema":{"@context":"https:\/\/schema.org","@graph":[{"@type":"WebPage","@id":"https:\/\/ravyx.com\/back-office-support\/","url":"https:\/\/ravyx.com\/back-office-support\/","name":"POS Back-Office | Ravyx","isPartOf":{"@id":"https:\/\/ravyx.com\/#website"},"primaryImageOfPage":{"@id":"https:\/\/ravyx.com\/back-office-support\/#primaryimage"},"image":{"@id":"https:\/\/ravyx.com\/back-office-support\/#primaryimage"},"thumbnailUrl":"https:\/\/ravyx.com\/wp-content\/uploads\/2025\/06\/35-1024x768.png","datePublished":"2025-06-13T13:54:26+00:00","dateModified":"2025-06-18T14:51:26+00:00","description":"Vous souhaitez centraliser votre syst\u00e8me et optimiser votre personnel ? B\u00e9n\u00e9ficiez d'un syst\u00e8me de back-office int\u00e9gr\u00e9 pour am\u00e9liorer votre activit\u00e9.","breadcrumb":{"@id":"https:\/\/ravyx.com\/back-office-support\/#breadcrumb"},"inLanguage":"fr-CA","potentialAction":[{"@type":"ReadAction","target":["https:\/\/ravyx.com\/back-office-support\/"]}]},{"@type":"ImageObject","inLanguage":"fr-CA","@id":"https:\/\/ravyx.com\/back-office-support\/#primaryimage","url":"https:\/\/ravyx.com\/wp-content\/uploads\/2025\/06\/35-1024x768.png","contentUrl":"https:\/\/ravyx.com\/wp-content\/uploads\/2025\/06\/35-1024x768.png"},{"@type":"BreadcrumbList","@id":"https:\/\/ravyx.com\/back-office-support\/#breadcrumb","itemListElement":[{"@type":"ListItem","position":1,"name":"Home","item":"https:\/\/ravyx.com\/"},{"@type":"ListItem","position":2,"name":"Back Office Support"}]},{"@type":"WebSite","@id":"https:\/\/ravyx.com\/#website","url":"https:\/\/ravyx.com\/","name":"Ravyx","description":"Proven Grocery Technologies","publisher":{"@id":"https:\/\/ravyx.com\/#organization"},"potentialAction":[{"@type":"SearchAction","target":{"@type":"EntryPoint","urlTemplate":"https:\/\/ravyx.com\/?s={search_term_string}"},"query-input":{"@type":"PropertyValueSpecification","valueRequired":true,"valueName":"search_term_string"}}],"inLanguage":"fr-CA"},{"@type":"Organization","@id":"https:\/\/ravyx.com\/#organization","name":"Ravyx","url":"https:\/\/ravyx.com\/","logo":{"@type":"ImageObject","inLanguage":"fr-CA","@id":"https:\/\/ravyx.com\/#\/schema\/logo\/image\/","url":"https:\/\/ravyx.com\/wp-content\/uploads\/2023\/09\/generic-brand-1.jpg","contentUrl":"https:\/\/ravyx.com\/wp-content\/uploads\/2023\/09\/generic-brand-1.jpg","width":1200,"height":1200,"caption":"Ravyx"},"image":{"@id":"https:\/\/ravyx.com\/#\/schema\/logo\/image\/"},"sameAs":["https:\/\/www.facebook.com\/stcrpos","https:\/\/x.com\/stcrpos","https:\/\/www.linkedin.com\/company\/stcr\/","https:\/\/www.youtube.com\/channel\/UCSWcsJARYjaQnz0T5o4p9DQ"]}]}},"_links":{"self":[{"href":"https:\/\/ravyx.com\/fr_ca\/wp-json\/wp\/v2\/pages\/3691","targetHints":{"allow":["GET"]}}],"collection":[{"href":"https:\/\/ravyx.com\/fr_ca\/wp-json\/wp\/v2\/pages"}],"about":[{"href":"https:\/\/ravyx.com\/fr_ca\/wp-json\/wp\/v2\/types\/page"}],"author":[{"embeddable":true,"href":"https:\/\/ravyx.com\/fr_ca\/wp-json\/wp\/v2\/users\/2"}],"replies":[{"embeddable":true,"href":"https:\/\/ravyx.com\/fr_ca\/wp-json\/wp\/v2\/comments?post=3691"}],"version-history":[{"count":0,"href":"https:\/\/ravyx.com\/fr_ca\/wp-json\/wp\/v2\/pages\/3691\/revisions"}],"wp:attachment":[{"href":"https:\/\/ravyx.com\/fr_ca\/wp-json\/wp\/v2\/media?parent=3691"}],"curies":[{"name":"wp","href":"https:\/\/api.w.org\/{rel}","templated":true}]}}