{"id":3688,"date":"2025-06-13T09:53:08","date_gmt":"2025-06-13T13:53:08","guid":{"rendered":"https:\/\/stcr.com\/?page_id=3688"},"modified":"2025-06-18T10:46:52","modified_gmt":"2025-06-18T14:46:52","slug":"customizations-development","status":"publish","type":"page","link":"https:\/\/ravyx.com\/fr_ca\/customizations-development\/","title":{"rendered":"Personnalisations et d\u00e9veloppement"},"content":{"rendered":"<div class=\"wp-block-columns is-layout-flex wp-container-core-columns-is-layout-9d6595d7 wp-block-columns-is-layout-flex\">\n<div class=\"wp-block-column is-layout-flow wp-block-column-is-layout-flow\">\n<div style=\"height:18px\" aria-hidden=\"true\" class=\"wp-block-spacer\"><\/div>\n\n\n\n<p class=\"has-text-align-left has-huge-font-size\">Vos magasins et vos flux de travail sont uniques, et votre technologie doit l'\u00eatre aussi. Chez Ravyx, nous ne faisons pas de \"taille unique\". Nous fournissons des syst\u00e8mes de vente au d\u00e9tail enti\u00e8rement personnalis\u00e9s, con\u00e7us en fonction de vos op\u00e9rations, de sorte que votre technologie renforce votre entreprise, et non l'inverse.<\/p>\n<\/div>\n\n\n\n<div class=\"wp-block-column has-white-background-color has-background is-layout-flow wp-block-column-is-layout-flow\">\n<div style=\"height:20px\" aria-hidden=\"true\" class=\"wp-block-spacer\"><\/div>\n\n\n\n<figure class=\"wp-block-image size-large is-resized\"><img loading=\"lazy\" decoding=\"async\" width=\"1024\" height=\"768\" src=\"https:\/\/ravyx.com\/wp-content\/uploads\/2025\/06\/1-1024x768.png\" alt=\"\" class=\"wp-image-3732\" style=\"width:595px;height:auto\" srcset=\"https:\/\/ravyx.com\/wp-content\/uploads\/2025\/06\/1-1024x768.png 1024w, https:\/\/ravyx.com\/wp-content\/uploads\/2025\/06\/1-300x225.png 300w, https:\/\/ravyx.com\/wp-content\/uploads\/2025\/06\/1-768x576.png 768w, https:\/\/ravyx.com\/wp-content\/uploads\/2025\/06\/1-16x12.png 16w, https:\/\/ravyx.com\/wp-content\/uploads\/2025\/06\/1.png 1200w\" sizes=\"auto, (max-width: 1024px) 100vw, 1024px\" \/><\/figure>\n<\/div>\n<\/div>\n\n\n\n<div class=\"block-inline-cta wpx-custom-block\" id=\"acf-inline-cta7507\">\n\n\t<div class=\"inline-cta-inner\">\n\t\t\n\t\t<h3 class=\"inline-cta-title\">Pr\u00eat \u00e0 \u00e9laborer une solution adapt\u00e9e pour vous?<\/h3>\t\t<p>Contactez notre \u00e9quipe d'experts pour d\u00e9couvrir comment nous pouvons personnaliser une solution pour votre magasin.<\/p>\n\t\t\t\t\t<div class=\"button-group\">\n\t\t\t\t<a href=\"https:\/\/ravyx.com\/fr_ca\/contact-us\/\" target=\"\" class=\"wpx-button\">Nous contacter<\/a>\n\t\t\t<\/div>\n\t\t\n\t<\/div>\n\n<\/div>\n\n\n<h2 class=\"wp-block-heading has-text-align-center\">L'importance de la personnalisation et du d\u00e9veloppement<\/h2>\n\n\n\n<div class=\"block-checkerboard wpx-custom-block\" id=\"acf-checkerboard3159\">\n\n\t\n\t<div class=\"checkerboard-row\">\n\n\t\t<div class=\"row-col\">\n\t\t\t<div class=\"row-content\">\n\t\t\t\t<h2 class=\"row-title\">Refl\u00e9ter votre flux de travail unique<\/h2>\t\t\t\t\t\t\t\t\t<p data-start=\"557\" data-end=\"761\">Qu'il s'agisse de la gestion du personnel, des cycles de commande ou de la gestion des stocks, vos processus vous sont propres. Ravyx adapte votre infrastructure technologique pour am\u00e9liorer - et non entraver - vos points forts.<\/p>\n\t\t\t\t\t\t\t\t\t\t\t<\/div>\n\t\t<\/div>\n\n\t\t\t\t\t<div class=\"row-col\">\n\t\t\t\t<img decoding=\"async\" src=\"https:\/\/ravyx.com\/wp-content\/uploads\/2025\/06\/33-680x460.png\" alt=\"Customization and development\" srcset=\"https:\/\/ravyx.com\/wp-content\/uploads\/2025\/06\/33-680x460.png 680w, https:\/\/ravyx.com\/wp-content\/uploads\/2025\/06\/33-16x12.png 16w\" sizes=\"(max-width: 680px) 100vw, 680px\">\n\t\t\t<\/div>\n\t\t\n\t<\/div>\n\n\t\n\t<div class=\"checkerboard-row\">\n\n\t\t<div class=\"row-col\">\n\t\t\t<div class=\"row-content\">\n\t\t\t\t<h2 class=\"row-title\">Vous diff\u00e9renciez de vos concurrents et prot\u00e9gez vos investissements<\/h2>\t\t\t\t\t\t\t\t\t<p data-start=\"765\" data-end=\"882\">D\u00e9marquez-vous avec un syst\u00e8me sp\u00e9cifiquement con\u00e7u pour vos op\u00e9rations, plut\u00f4t qu'un mod\u00e8le g\u00e9n\u00e9rique. D\u00e9couvrez comment d\u00e9velopper et faire \u00e9voluer votre technologie au fil du temps. Notre d\u00e9veloppement est con\u00e7u pour r\u00e9pondre \u00e0 vos besoins futurs.<\/p>\n\t\t\t\t\t\t\t\t\t\t\t<\/div>\n\t\t<\/div>\n\n\t\t\t\t\t<div class=\"row-col\">\n\t\t\t\t<img decoding=\"async\" src=\"https:\/\/ravyx.com\/wp-content\/uploads\/2023\/10\/training-1-679x460.jpg\" alt=\"\" srcset=\"https:\/\/ravyx.com\/wp-content\/uploads\/2023\/10\/training-1-679x460.jpg 679w, https:\/\/ravyx.com\/wp-content\/uploads\/2023\/10\/training-1-300x204.jpg 300w\" sizes=\"(max-width: 680px) 100vw, 680px\">\n\t\t\t<\/div>\n\t\t\n\t<\/div>\n\n\t\n\t<div class=\"checkerboard-row\">\n\n\t\t<div class=\"row-col\">\n\t\t\t<div class=\"row-content\">\n\t\t\t\t<h2 class=\"row-title\">Innover au-del\u00e0 des solutions pr\u00eates \u00e0 l'emploi<\/h2>\t\t\t\t\t\t\t\t\t<p>Lorsque les outils existants ne suffisent pas, Ravyx construit ce dont vous avez vraiment besoin.<\/p>\n\t\t\t\t\t\t\t\t\t\t\t<\/div>\n\t\t<\/div>\n\n\t\t\t\t\t<div class=\"row-col\">\n\t\t\t\t<img decoding=\"async\" src=\"https:\/\/ravyx.com\/wp-content\/uploads\/2025\/06\/6-680x460.png\" alt=\"ESLs\" srcset=\"https:\/\/ravyx.com\/wp-content\/uploads\/2025\/06\/6-680x460.png 680w, https:\/\/ravyx.com\/wp-content\/uploads\/2025\/06\/6-16x12.png 16w\" sizes=\"(max-width: 680px) 100vw, 680px\">\n\t\t\t<\/div>\n\t\t\n\t<\/div>\n\n\t\n<\/div>\n\n\n\n\n<div class=\"block-inline-cta wpx-custom-block\" id=\"acf-inline-cta5026\">\n\n\t<div class=\"inline-cta-inner\">\n\t\t\n\t\t<h3 class=\"inline-cta-title\">D\u00e9couvrez la prochaine \u00e9tape vers des solutions POS personnalis\u00e9es.<\/h3>\t\t\n\t\t\t\t\t<div class=\"button-group\">\n\t\t\t\t<a href=\"https:\/\/ravyx.com\/fr_ca\/contact-us\/\" target=\"\" class=\"wpx-button\">Nous contacter<\/a>\n\t\t\t<\/div>\n\t\t\n\t<\/div>\n\n<\/div>\n\n\n<div style=\"height:30px\" aria-hidden=\"true\" class=\"wp-block-spacer\"><\/div>\n\n\n\n<h2 class=\"wp-block-heading has-text-align-center\">Avantages de la personnalisation et du d\u00e9veloppement de Ravyx<\/h2>\n\n\n\n<div style=\"height:15px\" aria-hidden=\"true\" class=\"wp-block-spacer\"><\/div>\n\n\n\n<div class=\"wp-block-columns is-layout-flex wp-container-core-columns-is-layout-9d6595d7 wp-block-columns-is-layout-flex\">\n<div class=\"wp-block-column is-layout-flow wp-block-column-is-layout-flow\">\n<p class=\"has-text-align-center has-large-font-size\">D\u00e9couverte approfondie <br>et la planification<\/p>\n<\/div>\n\n\n\n<div class=\"wp-block-column is-layout-flow wp-block-column-is-layout-flow\">\n<p class=\"has-text-align-center stylized-list margin-bottom-0 has-large-font-size\">Int\u00e9grations fluides<\/p>\n<\/div>\n\n\n\n<div class=\"wp-block-column is-layout-flow wp-block-column-is-layout-flow\">\n<p class=\"has-text-align-center stylized-list margin-top-0 has-large-font-size\">\u00c9volutivit\u00e9<\/p>\n<\/div>\n\n\n\n<div class=\"wp-block-column is-layout-flow wp-block-column-is-layout-flow\">\n<p class=\"has-text-align-center has-large-font-size\">Soutien continu<\/p>\n<\/div>\n<\/div>\n\n\n\n<div style=\"height:75px\" aria-hidden=\"true\" class=\"wp-block-spacer\"><\/div>","protected":false},"excerpt":{"rendered":"<p>Your stores and workflows are unique\u2014and your technology should be too. At Ravyx, we don\u2019t do \u201cone\u2011size\u2011fits\u2011all.\u201d We deliver fully customized retail systems shaped around your operations, so your tech empowers your business, not the other way around. Why Customization and Development Matters Advantages of Ravyx Customization and Development In-depth discovery and planning Seamless integrations [&hellip;]<\/p>\n","protected":false},"author":2,"featured_media":0,"parent":0,"menu_order":17,"comment_status":"closed","ping_status":"closed","template":"","meta":{"_acf_changed":true,"footnotes":""},"class_list":["post-3688","page","type-page","status-publish","hentry"],"acf":[],"yoast_head":"<!-- This site is optimized with the Yoast SEO plugin v27.6 - https:\/\/yoast.com\/product\/yoast-seo-wordpress\/ -->\n<title>Customization and Development | Ravyx<\/title>\n<meta name=\"description\" content=\"Building customization and development for your retail business to improve workflow, integrate with third parties, and create a system perfect for you.\" \/>\n<meta name=\"robots\" content=\"index, follow, max-snippet:-1, max-image-preview:large, max-video-preview:-1\" \/>\n<link rel=\"canonical\" href=\"https:\/\/ravyx.com\/fr_ca\/customizations-development\/\" \/>\n<meta property=\"og:locale\" content=\"fr_CA\" \/>\n<meta property=\"og:type\" content=\"article\" \/>\n<meta property=\"og:title\" content=\"Customization and Development | Ravyx\" \/>\n<meta property=\"og:description\" content=\"Building customization and development for your retail business to improve workflow, integrate with third parties, and create a system perfect for you.\" \/>\n<meta property=\"og:url\" content=\"https:\/\/ravyx.com\/fr_ca\/customizations-development\/\" \/>\n<meta property=\"og:site_name\" content=\"Ravyx\" \/>\n<meta property=\"article:publisher\" content=\"https:\/\/www.facebook.com\/stcrpos\" \/>\n<meta property=\"article:modified_time\" content=\"2025-06-18T14:46:52+00:00\" \/>\n<meta property=\"og:image\" content=\"https:\/\/ravyx.com\/wp-content\/uploads\/2025\/06\/1-1024x768.png\" \/>\n<meta name=\"twitter:card\" content=\"summary_large_image\" \/>\n<meta name=\"twitter:site\" content=\"@stcrpos\" \/>\n<meta name=\"twitter:label1\" content=\"Est. reading time\" \/>\n\t<meta name=\"twitter:data1\" content=\"1 minute\" \/>\n<script type=\"application\/ld+json\" class=\"yoast-schema-graph\">{\"@context\":\"https:\\\/\\\/schema.org\",\"@graph\":[{\"@type\":\"WebPage\",\"@id\":\"https:\\\/\\\/ravyx.com\\\/customizations-development\\\/\",\"url\":\"https:\\\/\\\/ravyx.com\\\/customizations-development\\\/\",\"name\":\"Customization and Development | Ravyx\",\"isPartOf\":{\"@id\":\"https:\\\/\\\/ravyx.com\\\/#website\"},\"primaryImageOfPage\":{\"@id\":\"https:\\\/\\\/ravyx.com\\\/customizations-development\\\/#primaryimage\"},\"image\":{\"@id\":\"https:\\\/\\\/ravyx.com\\\/customizations-development\\\/#primaryimage\"},\"thumbnailUrl\":\"https:\\\/\\\/ravyx.com\\\/wp-content\\\/uploads\\\/2025\\\/06\\\/1-1024x768.png\",\"datePublished\":\"2025-06-13T13:53:08+00:00\",\"dateModified\":\"2025-06-18T14:46:52+00:00\",\"description\":\"Building customization and development for your retail business to improve workflow, integrate with third parties, and create a system perfect for you.\",\"breadcrumb\":{\"@id\":\"https:\\\/\\\/ravyx.com\\\/customizations-development\\\/#breadcrumb\"},\"inLanguage\":\"fr-CA\",\"potentialAction\":[{\"@type\":\"ReadAction\",\"target\":[\"https:\\\/\\\/ravyx.com\\\/customizations-development\\\/\"]}]},{\"@type\":\"ImageObject\",\"inLanguage\":\"fr-CA\",\"@id\":\"https:\\\/\\\/ravyx.com\\\/customizations-development\\\/#primaryimage\",\"url\":\"https:\\\/\\\/ravyx.com\\\/wp-content\\\/uploads\\\/2025\\\/06\\\/1-1024x768.png\",\"contentUrl\":\"https:\\\/\\\/ravyx.com\\\/wp-content\\\/uploads\\\/2025\\\/06\\\/1-1024x768.png\"},{\"@type\":\"BreadcrumbList\",\"@id\":\"https:\\\/\\\/ravyx.com\\\/customizations-development\\\/#breadcrumb\",\"itemListElement\":[{\"@type\":\"ListItem\",\"position\":1,\"name\":\"Home\",\"item\":\"https:\\\/\\\/ravyx.com\\\/\"},{\"@type\":\"ListItem\",\"position\":2,\"name\":\"Customizations &amp; Development\"}]},{\"@type\":\"WebSite\",\"@id\":\"https:\\\/\\\/ravyx.com\\\/#website\",\"url\":\"https:\\\/\\\/ravyx.com\\\/\",\"name\":\"Ravyx\",\"description\":\"Proven Grocery Technologies\",\"publisher\":{\"@id\":\"https:\\\/\\\/ravyx.com\\\/#organization\"},\"potentialAction\":[{\"@type\":\"SearchAction\",\"target\":{\"@type\":\"EntryPoint\",\"urlTemplate\":\"https:\\\/\\\/ravyx.com\\\/?s={search_term_string}\"},\"query-input\":{\"@type\":\"PropertyValueSpecification\",\"valueRequired\":true,\"valueName\":\"search_term_string\"}}],\"inLanguage\":\"fr-CA\"},{\"@type\":\"Organization\",\"@id\":\"https:\\\/\\\/ravyx.com\\\/#organization\",\"name\":\"Ravyx\",\"url\":\"https:\\\/\\\/ravyx.com\\\/\",\"logo\":{\"@type\":\"ImageObject\",\"inLanguage\":\"fr-CA\",\"@id\":\"https:\\\/\\\/ravyx.com\\\/#\\\/schema\\\/logo\\\/image\\\/\",\"url\":\"https:\\\/\\\/ravyx.com\\\/wp-content\\\/uploads\\\/2023\\\/09\\\/generic-brand-1.jpg\",\"contentUrl\":\"https:\\\/\\\/ravyx.com\\\/wp-content\\\/uploads\\\/2023\\\/09\\\/generic-brand-1.jpg\",\"width\":1200,\"height\":1200,\"caption\":\"Ravyx\"},\"image\":{\"@id\":\"https:\\\/\\\/ravyx.com\\\/#\\\/schema\\\/logo\\\/image\\\/\"},\"sameAs\":[\"https:\\\/\\\/www.facebook.com\\\/stcrpos\",\"https:\\\/\\\/x.com\\\/stcrpos\",\"https:\\\/\\\/www.linkedin.com\\\/company\\\/stcr\\\/\",\"https:\\\/\\\/www.youtube.com\\\/channel\\\/UCSWcsJARYjaQnz0T5o4p9DQ\"]}]}<\/script>\n<!-- \/ Yoast SEO plugin. -->","yoast_head_json":{"title":"Personnalisation et d\u00e9veloppement | Ravyx","description":"Personnalisation et d\u00e9veloppement de la construction pour votre commerce de d\u00e9tail afin d'am\u00e9liorer le flux de travail, d'int\u00e9grer des tiers et de cr\u00e9er un syst\u00e8me parfait pour vous.","robots":{"index":"index","follow":"follow","max-snippet":"max-snippet:-1","max-image-preview":"max-image-preview:large","max-video-preview":"max-video-preview:-1"},"canonical":"https:\/\/ravyx.com\/fr_ca\/customizations-development\/","og_locale":"fr_CA","og_type":"article","og_title":"Customization and Development | Ravyx","og_description":"Building customization and development for your retail business to improve workflow, integrate with third parties, and create a system perfect for you.","og_url":"https:\/\/ravyx.com\/fr_ca\/customizations-development\/","og_site_name":"Ravyx","article_publisher":"https:\/\/www.facebook.com\/stcrpos","article_modified_time":"2025-06-18T14:46:52+00:00","og_image":[{"url":"https:\/\/ravyx.com\/wp-content\/uploads\/2025\/06\/1-1024x768.png","type":"","width":"","height":""}],"twitter_card":"summary_large_image","twitter_site":"@stcrpos","twitter_misc":{"Est. reading time":"1 minute"},"schema":{"@context":"https:\/\/schema.org","@graph":[{"@type":"WebPage","@id":"https:\/\/ravyx.com\/customizations-development\/","url":"https:\/\/ravyx.com\/customizations-development\/","name":"Personnalisation et d\u00e9veloppement | Ravyx","isPartOf":{"@id":"https:\/\/ravyx.com\/#website"},"primaryImageOfPage":{"@id":"https:\/\/ravyx.com\/customizations-development\/#primaryimage"},"image":{"@id":"https:\/\/ravyx.com\/customizations-development\/#primaryimage"},"thumbnailUrl":"https:\/\/ravyx.com\/wp-content\/uploads\/2025\/06\/1-1024x768.png","datePublished":"2025-06-13T13:53:08+00:00","dateModified":"2025-06-18T14:46:52+00:00","description":"Personnalisation et d\u00e9veloppement de la construction pour votre commerce de d\u00e9tail afin d'am\u00e9liorer le flux de travail, d'int\u00e9grer des tiers et de cr\u00e9er un syst\u00e8me parfait pour vous.","breadcrumb":{"@id":"https:\/\/ravyx.com\/customizations-development\/#breadcrumb"},"inLanguage":"fr-CA","potentialAction":[{"@type":"ReadAction","target":["https:\/\/ravyx.com\/customizations-development\/"]}]},{"@type":"ImageObject","inLanguage":"fr-CA","@id":"https:\/\/ravyx.com\/customizations-development\/#primaryimage","url":"https:\/\/ravyx.com\/wp-content\/uploads\/2025\/06\/1-1024x768.png","contentUrl":"https:\/\/ravyx.com\/wp-content\/uploads\/2025\/06\/1-1024x768.png"},{"@type":"BreadcrumbList","@id":"https:\/\/ravyx.com\/customizations-development\/#breadcrumb","itemListElement":[{"@type":"ListItem","position":1,"name":"Home","item":"https:\/\/ravyx.com\/"},{"@type":"ListItem","position":2,"name":"Customizations &amp; Development"}]},{"@type":"WebSite","@id":"https:\/\/ravyx.com\/#website","url":"https:\/\/ravyx.com\/","name":"Ravyx","description":"Proven Grocery Technologies","publisher":{"@id":"https:\/\/ravyx.com\/#organization"},"potentialAction":[{"@type":"SearchAction","target":{"@type":"EntryPoint","urlTemplate":"https:\/\/ravyx.com\/?s={search_term_string}"},"query-input":{"@type":"PropertyValueSpecification","valueRequired":true,"valueName":"search_term_string"}}],"inLanguage":"fr-CA"},{"@type":"Organization","@id":"https:\/\/ravyx.com\/#organization","name":"Ravyx","url":"https:\/\/ravyx.com\/","logo":{"@type":"ImageObject","inLanguage":"fr-CA","@id":"https:\/\/ravyx.com\/#\/schema\/logo\/image\/","url":"https:\/\/ravyx.com\/wp-content\/uploads\/2023\/09\/generic-brand-1.jpg","contentUrl":"https:\/\/ravyx.com\/wp-content\/uploads\/2023\/09\/generic-brand-1.jpg","width":1200,"height":1200,"caption":"Ravyx"},"image":{"@id":"https:\/\/ravyx.com\/#\/schema\/logo\/image\/"},"sameAs":["https:\/\/www.facebook.com\/stcrpos","https:\/\/x.com\/stcrpos","https:\/\/www.linkedin.com\/company\/stcr\/","https:\/\/www.youtube.com\/channel\/UCSWcsJARYjaQnz0T5o4p9DQ"]}]}},"_links":{"self":[{"href":"https:\/\/ravyx.com\/fr_ca\/wp-json\/wp\/v2\/pages\/3688","targetHints":{"allow":["GET"]}}],"collection":[{"href":"https:\/\/ravyx.com\/fr_ca\/wp-json\/wp\/v2\/pages"}],"about":[{"href":"https:\/\/ravyx.com\/fr_ca\/wp-json\/wp\/v2\/types\/page"}],"author":[{"embeddable":true,"href":"https:\/\/ravyx.com\/fr_ca\/wp-json\/wp\/v2\/users\/2"}],"replies":[{"embeddable":true,"href":"https:\/\/ravyx.com\/fr_ca\/wp-json\/wp\/v2\/comments?post=3688"}],"version-history":[{"count":0,"href":"https:\/\/ravyx.com\/fr_ca\/wp-json\/wp\/v2\/pages\/3688\/revisions"}],"wp:attachment":[{"href":"https:\/\/ravyx.com\/fr_ca\/wp-json\/wp\/v2\/media?parent=3688"}],"curies":[{"name":"wp","href":"https:\/\/api.w.org\/{rel}","templated":true}]}}