{"id":3492,"date":"2025-08-19T08:33:17","date_gmt":"2025-08-19T12:33:17","guid":{"rendered":"https:\/\/stcr.com\/?page_id=3492"},"modified":"2025-08-19T08:34:00","modified_gmt":"2025-08-19T12:34:00","slug":"ecommerce","status":"publish","type":"page","link":"https:\/\/ravyx.com\/fr_ca\/ecommerce\/","title":{"rendered":"Commerce \u00e9lectronique"},"content":{"rendered":"<div class=\"wp-block-columns is-layout-flex wp-container-core-columns-is-layout-9d6595d7 wp-block-columns-is-layout-flex\">\n<div class=\"wp-block-column is-layout-flow wp-block-column-is-layout-flow\"><\/div>\n\n\n\n<div class=\"wp-block-column is-layout-flow wp-block-column-is-layout-flow\" style=\"flex-basis:80%\">\n<p class=\"has-text-align-center has-huge-font-size\">Faites confiance \u00e0 Ravyx pour int\u00e9grer votre logiciel de point de vente \u00e0 votre plateforme d'e-commerce pr\u00e9f\u00e9r\u00e9e.<\/p>\n<\/div>\n\n\n\n<div class=\"wp-block-column is-layout-flow wp-block-column-is-layout-flow\"><\/div>\n<\/div>\n\n\n\n<div class=\"wp-block-columns is-layout-flex wp-container-core-columns-is-layout-9d6595d7 wp-block-columns-is-layout-flex\">\n<div class=\"wp-block-column is-layout-flow wp-block-column-is-layout-flow\">\n<h2 class=\"wp-block-heading\">Pourquoi investir dans une plateforme de commerce \u00e9lectronique ?<\/h2>\n\n\n\n<p>De nos jours, l'achat en ligne est un \u00e9l\u00e9ment essentiel de l'exp\u00e9rience globale d'achat. Une plateforme de commerce \u00e9lectronique offre de nombreux avantages qu'il est important de prendre en compte.<\/p>\n\n\n\n<ul class=\"wp-block-list stylized-list\">\n<li class=\"stylized-list\">Am\u00e9liorer l'exp\u00e9rience d'achat des clients<\/li>\n\n\n\n<li>\u00catre accessible 24 heures sur 24, 7 jours sur 7<\/li>\n\n\n\n<li>Touchez plus de consommateurs et augmentez potentiellement votre base de clients<\/li>\n\n\n\n<li>Faites-vous remarquer et prenez la part qui vous revient sur le march\u00e9 en ligne<\/li>\n<\/ul>\n<\/div>\n\n\n\n<div class=\"wp-block-column is-layout-flow wp-block-column-is-layout-flow\">\n<figure class=\"wp-block-image size-full\"><img loading=\"lazy\" decoding=\"async\" width=\"600\" height=\"400\" src=\"https:\/\/ravyx.com\/wp-content\/uploads\/2025\/08\/20.png\" alt=\"\" class=\"wp-image-3888\" srcset=\"https:\/\/ravyx.com\/wp-content\/uploads\/2025\/08\/20.png 600w, https:\/\/ravyx.com\/wp-content\/uploads\/2025\/08\/20-300x200.png 300w, https:\/\/ravyx.com\/wp-content\/uploads\/2025\/08\/20-18x12.png 18w\" sizes=\"auto, (max-width: 600px) 100vw, 600px\" \/><\/figure>\n<\/div>\n<\/div>\n\n\n\n<div class=\"wp-block-columns is-layout-flex wp-container-core-columns-is-layout-9d6595d7 wp-block-columns-is-layout-flex\">\n<div class=\"wp-block-column order-1 is-layout-flow wp-block-column-is-layout-flow\">\n<figure class=\"wp-block-image size-full is-resized\"><img loading=\"lazy\" decoding=\"async\" width=\"600\" height=\"400\" src=\"https:\/\/ravyx.com\/wp-content\/uploads\/2025\/08\/21.png\" alt=\"\" class=\"wp-image-3889\" style=\"aspect-ratio:1.4772234273318872;width:518px;height:auto\" srcset=\"https:\/\/ravyx.com\/wp-content\/uploads\/2025\/08\/21.png 600w, https:\/\/ravyx.com\/wp-content\/uploads\/2025\/08\/21-300x200.png 300w, https:\/\/ravyx.com\/wp-content\/uploads\/2025\/08\/21-18x12.png 18w\" sizes=\"auto, (max-width: 600px) 100vw, 600px\" \/><\/figure>\n<\/div>\n\n\n\n<div class=\"wp-block-column order-2 is-layout-flow wp-block-column-is-layout-flow\">\n<h2 class=\"wp-block-heading\">Int\u00e9gration compl\u00e8te du commerce \u00e9lectronique \u00e0 votre logiciel de point de vente<br><\/h2>\n\n\n\n<p>Votre base de donn\u00e9es compl\u00e8te est g\u00e9r\u00e9e \u00e0 partir de votre logiciel POS et est automatiquement synchronis\u00e9e avec votre site web. Profitez de cette communication bidirectionnelle pour augmenter votre efficacit\u00e9 op\u00e9rationnelle.<\/p>\n\n\n\n<ul class=\"wp-block-list stylized-list\">\n<li class=\"stylized-list\">Les informations sur les produits, telles que les prix, les stocks ou les promotions, sont automatiquement transf\u00e9r\u00e9es sur votre site web.<\/li>\n\n\n\n<li>Les commandes effectu\u00e9es en ligne sont directement transf\u00e9r\u00e9es sur votre SMS<\/li>\n\n\n\n<li>Lorsqu'une commande en ligne est pass\u00e9e, le niveau de stock dans le SMS est automatiquement ajust\u00e9.<\/li>\n<\/ul>\n<\/div>\n<\/div>\n\n\n\n<div class=\"wp-block-columns is-layout-flex wp-container-core-columns-is-layout-9d6595d7 wp-block-columns-is-layout-flex\">\n<div class=\"wp-block-column is-layout-flow wp-block-column-is-layout-flow\">\n<h2 class=\"wp-block-heading\">D\u00e9velopper votre image de marque et votre marketing&nbsp;<\/h2>\n\n\n\n<p>Votre site web est une extension de votre magasin, mais il dispose de son propre ensemble d'outils de gestion de contenu, ce qui lui conf\u00e8re un potentiel de marketing consid\u00e9rable. Avec l'essor du commerce en ligne, il est essentiel d'optimiser votre pr\u00e9sence en ligne et de vous assurer que vous apparaissez dans les premi\u00e8res recherches sur le web.<\/p>\n\n\n\n<ul class=\"wp-block-list stylized-list\">\n<li class=\"stylized-list\">Assurez-vous d'appara\u00eetre dans les premi\u00e8res recherches sur le web, \u00e0 l'aide de nos outils de r\u00e9f\u00e9rencement<\/li>\n\n\n\n<li>Cr\u00e9er des combinaisons de produits pour augmenter vos ventes<\/li>\n\n\n\n<li class=\"stylized-list\">B\u00e9n\u00e9ficiez de rapports de vente en ligne pour conna\u00eetre vos meilleures ventes, mais aussi pour faire des promotions sur des produits s\u00e9lectionn\u00e9s.<\/li>\n<\/ul>\n<\/div>\n\n\n\n<div class=\"wp-block-column is-layout-flow wp-block-column-is-layout-flow\">\n<figure class=\"wp-block-image size-full\"><img loading=\"lazy\" decoding=\"async\" width=\"600\" height=\"400\" src=\"https:\/\/ravyx.com\/wp-content\/uploads\/2025\/08\/23.png\" alt=\"\" class=\"wp-image-3890\" srcset=\"https:\/\/ravyx.com\/wp-content\/uploads\/2025\/08\/23.png 600w, https:\/\/ravyx.com\/wp-content\/uploads\/2025\/08\/23-300x200.png 300w, https:\/\/ravyx.com\/wp-content\/uploads\/2025\/08\/23-18x12.png 18w\" sizes=\"auto, (max-width: 600px) 100vw, 600px\" \/><\/figure>\n<\/div>\n<\/div>\n\n\n\n<div class=\"block-inline-cta wpx-custom-block\" id=\"acf-inline-cta8540\">\n\n\t<div class=\"inline-cta-inner\">\n\t\t\n\t\t<h3 class=\"inline-cta-title\">Vous souhaitez en savoir plus ?<\/h3>\t\t\n\t\t\t\t\t<div class=\"button-group\">\n\t\t\t\t<a href=\"https:\/\/ravyx.com\/fr_ca\/contact-us\/\" target=\"\" class=\"wpx-button\">CONTACTEZ-NOUS<\/a>\n\t\t\t<\/div>\n\t\t\n\t<\/div>\n\n<\/div>\n\n\n<h2 class=\"wp-block-heading has-text-align-center\">En apprendre plus sur nos solutions :<\/h2>\n\n\n\n<section class=\"block-related wpx-custom-block\" id=\"acf-related-pages5415\">\n\n\t\t\n\t<div class=\"related-inner\">\n\n\t\t\n\t\t\t<article class=\"related-page\">\n\t\t\t\t<a href=\"https:\/\/ravyx.com\/fr_ca\/are-out-stock-items-hurting-your-online-grocery-sales\/\">\n\t\t\t\t\t<div class=\"related-page-thumb\">\n\t\t\t\t\t\t\t\t\t\t\t\t<img decoding=\"async\" src=\"https:\/\/ravyx.com\/wp-content\/uploads\/2023\/10\/Are-Out-of-Stock-Items-Hurting-Your-Online-Grocery-Sales_-880x636.jpg\" alt=\"\" srcset=\"\" sizes=\"(max-width: 880px) 100vw, 880px\">\n\t\t\t\t\t<\/div>\n\t\t\t\t\t<div class=\"related-page-header\">\n\t\t\t\t\t\t<h1 class=\"related-page-title\">Comment \u00e9viter que les ruptures de stock ne nuisent \u00e0 vos ventes en ligne.<\/h1>\n\t\t\t\t\t<\/div>\n\t\t\t\t<\/a>\n\t\t\t<\/article>\n\n\t\t\t\n\t\t\n\t\t\t<article class=\"related-page\">\n\t\t\t\t<a href=\"https:\/\/ravyx.com\/fr_ca\/how-upgrade-store-shopping-grocery-technology\/\">\n\t\t\t\t\t<div class=\"related-page-thumb\">\n\t\t\t\t\t\t\t\t\t\t\t\t<img decoding=\"async\" src=\"https:\/\/ravyx.com\/wp-content\/uploads\/2023\/10\/How-To-Upgrade-In-Store-Shopping-With-Grocery-Technology-1-880x636.jpg\" alt=\"\" srcset=\"\" sizes=\"(max-width: 880px) 100vw, 880px\">\n\t\t\t\t\t<\/div>\n\t\t\t\t\t<div class=\"related-page-header\">\n\t\t\t\t\t\t<h1 class=\"related-page-title\">Comment am\u00e9liorer les achats en magasin gr\u00e2ce \u00e0 la technologie du secteur de l'\u00e9picerie<\/h1>\n\t\t\t\t\t<\/div>\n\t\t\t\t<\/a>\n\t\t\t<\/article>\n\n\t\t\t\n\t\t\n\t\t\t<article class=\"related-page\">\n\t\t\t\t<a href=\"https:\/\/ravyx.com\/fr_ca\/bringing-digital-experiences-shoppers-carts\/\">\n\t\t\t\t\t<div class=\"related-page-thumb\">\n\t\t\t\t\t\t\t\t\t\t\t\t<img decoding=\"async\" src=\"https:\/\/ravyx.com\/wp-content\/uploads\/2023\/09\/generic-blog-img-880x601.jpg\" alt=\"\" srcset=\"\" sizes=\"(max-width: 880px) 100vw, 880px\">\n\t\t\t\t\t<\/div>\n\t\t\t\t\t<div class=\"related-page-header\">\n\t\t\t\t\t\t<h1 class=\"related-page-title\">Apporter des exp\u00e9riences num\u00e9riques aux paniers des consommateurs<\/h1>\n\t\t\t\t\t<\/div>\n\t\t\t\t<\/a>\n\t\t\t<\/article>\n\n\t\t\t\n\t\t\n\t<\/div>\n\n<\/section>\n\n\n\n\n<p class=\"has-text-align-center\"><a href=\"https:\/\/ravyx.com\/fr_ca\/2-ways-self-checkout-technology-advancing\/\"><\/a><\/p>","protected":false},"excerpt":{"rendered":"<p>Les applications POS telles que LOC SMS et Toshiba ACE &amp; Elera vous offrent toutes les fonctionnalit\u00e9s dont vous avez besoin pour g\u00e9rer votre entreprise de mani\u00e8re int\u00e9gr\u00e9e.<\/p>","protected":false},"author":7,"featured_media":0,"parent":0,"menu_order":9,"comment_status":"closed","ping_status":"closed","template":"","meta":{"_acf_changed":true,"footnotes":""},"class_list":["post-3492","page","type-page","status-publish","hentry"],"acf":[],"yoast_head":"<!-- This site is optimized with the Yoast SEO plugin v27.5 - https:\/\/yoast.com\/product\/yoast-seo-wordpress\/ -->\n<title>eCommerce Integrations | Ravyx<\/title>\n<meta name=\"description\" content=\"Seamlessly connect your retail systems with eCommerce integration services. Enhance your online presence and streamline operations.\" \/>\n<meta name=\"robots\" content=\"index, follow, max-snippet:-1, max-image-preview:large, max-video-preview:-1\" \/>\n<link rel=\"canonical\" href=\"https:\/\/ravyx.com\/fr_ca\/ecommerce\/\" \/>\n<meta property=\"og:locale\" content=\"fr_CA\" \/>\n<meta property=\"og:type\" content=\"article\" \/>\n<meta property=\"og:title\" content=\"eCommerce Integrations | Ravyx\" \/>\n<meta property=\"og:description\" content=\"Seamlessly connect your retail systems with eCommerce integration services. Enhance your online presence and streamline operations.\" \/>\n<meta property=\"og:url\" content=\"https:\/\/ravyx.com\/fr_ca\/ecommerce\/\" \/>\n<meta property=\"og:site_name\" content=\"Ravyx\" \/>\n<meta property=\"article:publisher\" content=\"https:\/\/www.facebook.com\/stcrpos\" \/>\n<meta property=\"article:modified_time\" content=\"2025-08-19T12:34:00+00:00\" \/>\n<meta property=\"og:image\" content=\"https:\/\/ravyx.com\/wp-content\/uploads\/2025\/08\/20.png\" \/>\n<meta name=\"twitter:card\" content=\"summary_large_image\" \/>\n<meta name=\"twitter:site\" content=\"@stcrpos\" \/>\n<meta name=\"twitter:label1\" content=\"Est. reading time\" \/>\n\t<meta name=\"twitter:data1\" content=\"2 minutes\" \/>\n<script type=\"application\/ld+json\" class=\"yoast-schema-graph\">{\"@context\":\"https:\\\/\\\/schema.org\",\"@graph\":[{\"@type\":\"WebPage\",\"@id\":\"https:\\\/\\\/ravyx.com\\\/ecommerce\\\/\",\"url\":\"https:\\\/\\\/ravyx.com\\\/ecommerce\\\/\",\"name\":\"eCommerce Integrations | Ravyx\",\"isPartOf\":{\"@id\":\"https:\\\/\\\/ravyx.com\\\/#website\"},\"primaryImageOfPage\":{\"@id\":\"https:\\\/\\\/ravyx.com\\\/ecommerce\\\/#primaryimage\"},\"image\":{\"@id\":\"https:\\\/\\\/ravyx.com\\\/ecommerce\\\/#primaryimage\"},\"thumbnailUrl\":\"https:\\\/\\\/ravyx.com\\\/wp-content\\\/uploads\\\/2025\\\/08\\\/20.png\",\"datePublished\":\"2025-08-19T12:33:17+00:00\",\"dateModified\":\"2025-08-19T12:34:00+00:00\",\"description\":\"Seamlessly connect your retail systems with eCommerce integration services. Enhance your online presence and streamline operations.\",\"breadcrumb\":{\"@id\":\"https:\\\/\\\/ravyx.com\\\/ecommerce\\\/#breadcrumb\"},\"inLanguage\":\"fr-CA\",\"potentialAction\":[{\"@type\":\"ReadAction\",\"target\":[\"https:\\\/\\\/ravyx.com\\\/ecommerce\\\/\"]}]},{\"@type\":\"ImageObject\",\"inLanguage\":\"fr-CA\",\"@id\":\"https:\\\/\\\/ravyx.com\\\/ecommerce\\\/#primaryimage\",\"url\":\"https:\\\/\\\/ravyx.com\\\/wp-content\\\/uploads\\\/2025\\\/08\\\/20.png\",\"contentUrl\":\"https:\\\/\\\/ravyx.com\\\/wp-content\\\/uploads\\\/2025\\\/08\\\/20.png\"},{\"@type\":\"BreadcrumbList\",\"@id\":\"https:\\\/\\\/ravyx.com\\\/ecommerce\\\/#breadcrumb\",\"itemListElement\":[{\"@type\":\"ListItem\",\"position\":1,\"name\":\"Home\",\"item\":\"https:\\\/\\\/ravyx.com\\\/\"},{\"@type\":\"ListItem\",\"position\":2,\"name\":\"eCommerce\"}]},{\"@type\":\"WebSite\",\"@id\":\"https:\\\/\\\/ravyx.com\\\/#website\",\"url\":\"https:\\\/\\\/ravyx.com\\\/\",\"name\":\"Ravyx\",\"description\":\"Proven Grocery Technologies\",\"publisher\":{\"@id\":\"https:\\\/\\\/ravyx.com\\\/#organization\"},\"potentialAction\":[{\"@type\":\"SearchAction\",\"target\":{\"@type\":\"EntryPoint\",\"urlTemplate\":\"https:\\\/\\\/ravyx.com\\\/?s={search_term_string}\"},\"query-input\":{\"@type\":\"PropertyValueSpecification\",\"valueRequired\":true,\"valueName\":\"search_term_string\"}}],\"inLanguage\":\"fr-CA\"},{\"@type\":\"Organization\",\"@id\":\"https:\\\/\\\/ravyx.com\\\/#organization\",\"name\":\"Ravyx\",\"url\":\"https:\\\/\\\/ravyx.com\\\/\",\"logo\":{\"@type\":\"ImageObject\",\"inLanguage\":\"fr-CA\",\"@id\":\"https:\\\/\\\/ravyx.com\\\/#\\\/schema\\\/logo\\\/image\\\/\",\"url\":\"https:\\\/\\\/ravyx.com\\\/wp-content\\\/uploads\\\/2023\\\/09\\\/generic-brand-1.jpg\",\"contentUrl\":\"https:\\\/\\\/ravyx.com\\\/wp-content\\\/uploads\\\/2023\\\/09\\\/generic-brand-1.jpg\",\"width\":1200,\"height\":1200,\"caption\":\"Ravyx\"},\"image\":{\"@id\":\"https:\\\/\\\/ravyx.com\\\/#\\\/schema\\\/logo\\\/image\\\/\"},\"sameAs\":[\"https:\\\/\\\/www.facebook.com\\\/stcrpos\",\"https:\\\/\\\/x.com\\\/stcrpos\",\"https:\\\/\\\/www.linkedin.com\\\/company\\\/stcr\\\/\",\"https:\\\/\\\/www.youtube.com\\\/channel\\\/UCSWcsJARYjaQnz0T5o4p9DQ\"]}]}<\/script>\n<!-- \/ Yoast SEO plugin. -->","yoast_head_json":{"title":"Int\u00e9grations eCommerce | Ravyx","description":"Connectez vos syst\u00e8mes de vente au d\u00e9tail en toute transparence gr\u00e2ce aux services d'int\u00e9gration du commerce \u00e9lectronique. Am\u00e9liorez votre pr\u00e9sence en ligne et rationalisez vos op\u00e9rations.","robots":{"index":"index","follow":"follow","max-snippet":"max-snippet:-1","max-image-preview":"max-image-preview:large","max-video-preview":"max-video-preview:-1"},"canonical":"https:\/\/ravyx.com\/fr_ca\/ecommerce\/","og_locale":"fr_CA","og_type":"article","og_title":"eCommerce Integrations | Ravyx","og_description":"Seamlessly connect your retail systems with eCommerce integration services. Enhance your online presence and streamline operations.","og_url":"https:\/\/ravyx.com\/fr_ca\/ecommerce\/","og_site_name":"Ravyx","article_publisher":"https:\/\/www.facebook.com\/stcrpos","article_modified_time":"2025-08-19T12:34:00+00:00","og_image":[{"url":"https:\/\/ravyx.com\/wp-content\/uploads\/2025\/08\/20.png","type":"","width":"","height":""}],"twitter_card":"summary_large_image","twitter_site":"@stcrpos","twitter_misc":{"Est. reading time":"2 minutes"},"schema":{"@context":"https:\/\/schema.org","@graph":[{"@type":"WebPage","@id":"https:\/\/ravyx.com\/ecommerce\/","url":"https:\/\/ravyx.com\/ecommerce\/","name":"Int\u00e9grations eCommerce | Ravyx","isPartOf":{"@id":"https:\/\/ravyx.com\/#website"},"primaryImageOfPage":{"@id":"https:\/\/ravyx.com\/ecommerce\/#primaryimage"},"image":{"@id":"https:\/\/ravyx.com\/ecommerce\/#primaryimage"},"thumbnailUrl":"https:\/\/ravyx.com\/wp-content\/uploads\/2025\/08\/20.png","datePublished":"2025-08-19T12:33:17+00:00","dateModified":"2025-08-19T12:34:00+00:00","description":"Connectez vos syst\u00e8mes de vente au d\u00e9tail en toute transparence gr\u00e2ce aux services d'int\u00e9gration du commerce \u00e9lectronique. Am\u00e9liorez votre pr\u00e9sence en ligne et rationalisez vos op\u00e9rations.","breadcrumb":{"@id":"https:\/\/ravyx.com\/ecommerce\/#breadcrumb"},"inLanguage":"fr-CA","potentialAction":[{"@type":"ReadAction","target":["https:\/\/ravyx.com\/ecommerce\/"]}]},{"@type":"ImageObject","inLanguage":"fr-CA","@id":"https:\/\/ravyx.com\/ecommerce\/#primaryimage","url":"https:\/\/ravyx.com\/wp-content\/uploads\/2025\/08\/20.png","contentUrl":"https:\/\/ravyx.com\/wp-content\/uploads\/2025\/08\/20.png"},{"@type":"BreadcrumbList","@id":"https:\/\/ravyx.com\/ecommerce\/#breadcrumb","itemListElement":[{"@type":"ListItem","position":1,"name":"Home","item":"https:\/\/ravyx.com\/"},{"@type":"ListItem","position":2,"name":"eCommerce"}]},{"@type":"WebSite","@id":"https:\/\/ravyx.com\/#website","url":"https:\/\/ravyx.com\/","name":"Ravyx","description":"Proven Grocery Technologies","publisher":{"@id":"https:\/\/ravyx.com\/#organization"},"potentialAction":[{"@type":"SearchAction","target":{"@type":"EntryPoint","urlTemplate":"https:\/\/ravyx.com\/?s={search_term_string}"},"query-input":{"@type":"PropertyValueSpecification","valueRequired":true,"valueName":"search_term_string"}}],"inLanguage":"fr-CA"},{"@type":"Organization","@id":"https:\/\/ravyx.com\/#organization","name":"Ravyx","url":"https:\/\/ravyx.com\/","logo":{"@type":"ImageObject","inLanguage":"fr-CA","@id":"https:\/\/ravyx.com\/#\/schema\/logo\/image\/","url":"https:\/\/ravyx.com\/wp-content\/uploads\/2023\/09\/generic-brand-1.jpg","contentUrl":"https:\/\/ravyx.com\/wp-content\/uploads\/2023\/09\/generic-brand-1.jpg","width":1200,"height":1200,"caption":"Ravyx"},"image":{"@id":"https:\/\/ravyx.com\/#\/schema\/logo\/image\/"},"sameAs":["https:\/\/www.facebook.com\/stcrpos","https:\/\/x.com\/stcrpos","https:\/\/www.linkedin.com\/company\/stcr\/","https:\/\/www.youtube.com\/channel\/UCSWcsJARYjaQnz0T5o4p9DQ"]}]}},"_links":{"self":[{"href":"https:\/\/ravyx.com\/fr_ca\/wp-json\/wp\/v2\/pages\/3492","targetHints":{"allow":["GET"]}}],"collection":[{"href":"https:\/\/ravyx.com\/fr_ca\/wp-json\/wp\/v2\/pages"}],"about":[{"href":"https:\/\/ravyx.com\/fr_ca\/wp-json\/wp\/v2\/types\/page"}],"author":[{"embeddable":true,"href":"https:\/\/ravyx.com\/fr_ca\/wp-json\/wp\/v2\/users\/7"}],"replies":[{"embeddable":true,"href":"https:\/\/ravyx.com\/fr_ca\/wp-json\/wp\/v2\/comments?post=3492"}],"version-history":[{"count":0,"href":"https:\/\/ravyx.com\/fr_ca\/wp-json\/wp\/v2\/pages\/3492\/revisions"}],"wp:attachment":[{"href":"https:\/\/ravyx.com\/fr_ca\/wp-json\/wp\/v2\/media?parent=3492"}],"curies":[{"name":"wp","href":"https:\/\/api.w.org\/{rel}","templated":true}]}}