{"id":3490,"date":"2025-06-18T13:36:18","date_gmt":"2025-06-18T17:36:18","guid":{"rendered":"https:\/\/stcr.com\/?page_id=3490"},"modified":"2025-06-18T13:37:45","modified_gmt":"2025-06-18T17:37:45","slug":"anti-virus-and-backup-services","status":"publish","type":"page","link":"https:\/\/ravyx.com\/fr_ca\/solutions\/select-products\/anti-virus-and-backup-services\/","title":{"rendered":"Services \u00e0 Valeur Ajout\u00e9e"},"content":{"rendered":"<div class=\"wp-block-columns is-layout-flex wp-container-core-columns-is-layout-9d6595d7 wp-block-columns-is-layout-flex\">\n<div class=\"wp-block-column is-layout-flow wp-block-column-is-layout-flow\"><\/div>\n\n\n\n<div class=\"wp-block-column is-layout-flow wp-block-column-is-layout-flow\" style=\"flex-basis:80%\">\n<p class=\"has-text-align-center has-huge-font-size\"><\/p>\n<\/div>\n\n\n\n<div class=\"wp-block-column is-layout-flow wp-block-column-is-layout-flow\"><\/div>\n<\/div>\n\n\n\n<div class=\"wp-block-columns is-layout-flex wp-container-core-columns-is-layout-9d6595d7 wp-block-columns-is-layout-flex\">\n<div class=\"wp-block-column is-layout-flow wp-block-column-is-layout-flow\">\n<h2 class=\"wp-block-heading\">Antivirus et Sauvegarde<\/h2>\n\n\n\n<p>Les cybermenaces mettent vos op\u00e9rations et vos donn\u00e9es en danger et peuvent entra\u00eener de lourdes cons\u00e9quences, notamment financi\u00e8res. Mais elles peuvent \u00eatre \u00e9vit\u00e9es. Notre double protection, compos\u00e9e d\u2019un antivirus g\u00e9r\u00e9 \u00e0 distance et d\u2019un service de sauvegarde, assure une s\u00e9curit\u00e9 infaillible.<\/p>\n\n\n\n<ul class=\"wp-block-list stylized-list\">\n<li class=\"stylized-list\">Rapports mensuels sur l\u2019\u00e9tat des alertes<\/li>\n\n\n\n<li>Surveillance effectu\u00e9e par notre \u00e9quipe<\/li>\n\n\n\n<li>Installation et mises \u00e0 jour prises en charge par notre \u00e9quipe<\/li>\n\n\n\n<li>R\u00e9cup\u00e9ration possible de jusqu\u2019\u00e0 30 jours de donn\u00e9es en cas de perte<\/li>\n\n\n\n<li>Sauvegardes effectu\u00e9es quotidiennement et mensuellement sur nos serveurs<\/li>\n<\/ul>\n<\/div>\n\n\n\n<div class=\"wp-block-column is-layout-flow wp-block-column-is-layout-flow\">\n<figure class=\"wp-block-image size-full is-resized\"><img loading=\"lazy\" decoding=\"async\" width=\"1200\" height=\"900\" src=\"https:\/\/ravyx.com\/wp-content\/uploads\/2025\/06\/1-2.png\" alt=\"\" class=\"wp-image-3801\" style=\"width:627px;height:auto\" srcset=\"https:\/\/ravyx.com\/wp-content\/uploads\/2025\/06\/1-2.png 1200w, https:\/\/ravyx.com\/wp-content\/uploads\/2025\/06\/1-2-300x225.png 300w, https:\/\/ravyx.com\/wp-content\/uploads\/2025\/06\/1-2-1024x768.png 1024w, https:\/\/ravyx.com\/wp-content\/uploads\/2025\/06\/1-2-768x576.png 768w, https:\/\/ravyx.com\/wp-content\/uploads\/2025\/06\/1-2-16x12.png 16w\" sizes=\"auto, (max-width: 1200px) 100vw, 1200px\" \/><\/figure>\n<\/div>\n<\/div>\n\n\n\n<div class=\"wp-block-columns is-layout-flex wp-container-core-columns-is-layout-9d6595d7 wp-block-columns-is-layout-flex\">\n<div class=\"wp-block-column order-1 is-layout-flow wp-block-column-is-layout-flow\">\n<figure class=\"wp-block-image size-full is-resized\"><img loading=\"lazy\" decoding=\"async\" width=\"1200\" height=\"900\" src=\"https:\/\/ravyx.com\/wp-content\/uploads\/2025\/06\/System-Integration-Banner-1.png\" alt=\"\" class=\"wp-image-3803\" style=\"aspect-ratio:1.4772234273318872;width:595px;height:auto\" srcset=\"https:\/\/ravyx.com\/wp-content\/uploads\/2025\/06\/System-Integration-Banner-1.png 1200w, https:\/\/ravyx.com\/wp-content\/uploads\/2025\/06\/System-Integration-Banner-1-300x225.png 300w, https:\/\/ravyx.com\/wp-content\/uploads\/2025\/06\/System-Integration-Banner-1-1024x768.png 1024w, https:\/\/ravyx.com\/wp-content\/uploads\/2025\/06\/System-Integration-Banner-1-768x576.png 768w, https:\/\/ravyx.com\/wp-content\/uploads\/2025\/06\/System-Integration-Banner-1-16x12.png 16w\" sizes=\"auto, (max-width: 1200px) 100vw, 1200px\" \/><\/figure>\n<\/div>\n\n\n\n<div class=\"wp-block-column order-2 is-layout-flow wp-block-column-is-layout-flow\">\n<h2 class=\"wp-block-heading\">R\u00e9seautique<\/h2>\n\n\n\n<p>Notre \u00e9quipe d\u2019experts agit comme point de contact unique pour votre connectivit\u00e9 r\u00e9seau afin d\u2019assurer des communications unifi\u00e9es de qualit\u00e9. Nous g\u00e9rons votre r\u00e9seau pour aider votre entreprise \u00e0 atteindre une rentabilit\u00e9 optimale tout en r\u00e9duisant les co\u00fbts.&nbsp;<\/p>\n\n\n\n<ul class=\"wp-block-list stylized-list\">\n<li class=\"stylized-list\">Soyez r\u00e9actif gr\u00e2ce \u00e0 une surveillance accrue des activit\u00e9s quotidiennes de votre r\u00e9seau<\/li>\n\n\n\n<li>Un entretien r\u00e9gulier et des mises \u00e0 jour permettent un temps de r\u00e9ponse rapide<\/li>\n\n\n\n<li>Pr\u00e9venez les interruptions de service impr\u00e9vues<\/li>\n<\/ul>\n<\/div>\n<\/div>\n\n\n\n<div class=\"wp-block-columns is-layout-flex wp-container-core-columns-is-layout-9d6595d7 wp-block-columns-is-layout-flex\">\n<div class=\"wp-block-column is-layout-flow wp-block-column-is-layout-flow\">\n<h2 class=\"wp-block-heading\">Virtualisation<\/h2>\n\n\n\n<p>La puissance du nuage \u00e0 votre service ! La consolidation de serveurs bas\u00e9e sur le cloud s\u2019int\u00e8gre \u00e0 votre infrastructure TI existante pour offrir un acc\u00e8s flexible et s\u00e9curis\u00e9 \u00e0 vos donn\u00e9es.<\/p>\n\n\n\n<ul class=\"wp-block-list stylized-list\">\n<li class=\"stylized-list\">Service incluant antivirus et sauvegarde<\/li>\n\n\n\n<li>R\u00e9duction des co\u00fbts d\u2019exploitation et des co\u00fbts TI<\/li>\n\n\n\n<li>Infrastructures enti\u00e8rement autog\u00e9r\u00e9es<\/li>\n\n\n\n<li>Haute disponibilit\u00e9 et performance<\/li>\n\n\n\n<li class=\"stylized-list\">Tout est fait \u00e0 l\u2019interne, sans intervention de tiers, ce qui acc\u00e9l\u00e8re les d\u00e9lais de r\u00e9ponse et de r\u00e9action<\/li>\n<\/ul>\n<\/div>\n\n\n\n<div class=\"wp-block-column is-layout-flow wp-block-column-is-layout-flow\">\n<figure class=\"wp-block-image size-full is-resized\"><img loading=\"lazy\" decoding=\"async\" width=\"1200\" height=\"900\" src=\"https:\/\/ravyx.com\/wp-content\/uploads\/2025\/06\/CD-Banner.png\" alt=\"\" class=\"wp-image-3779\" style=\"width:619px;height:auto\" srcset=\"https:\/\/ravyx.com\/wp-content\/uploads\/2025\/06\/CD-Banner.png 1200w, https:\/\/ravyx.com\/wp-content\/uploads\/2025\/06\/CD-Banner-300x225.png 300w, https:\/\/ravyx.com\/wp-content\/uploads\/2025\/06\/CD-Banner-1024x768.png 1024w, https:\/\/ravyx.com\/wp-content\/uploads\/2025\/06\/CD-Banner-768x576.png 768w, https:\/\/ravyx.com\/wp-content\/uploads\/2025\/06\/CD-Banner-16x12.png 16w\" sizes=\"auto, (max-width: 1200px) 100vw, 1200px\" \/><\/figure>\n<\/div>\n<\/div>\n\n\n\n<div class=\"block-inline-cta wpx-custom-block\" id=\"acf-inline-cta6974\">\n\n\t<div class=\"inline-cta-inner\">\n\t\t\n\t\t<h3 class=\"inline-cta-title\">Vous souhaitez en savoir plus ?<\/h3>\t\t\n\t\t\t\t\t<div class=\"button-group\">\n\t\t\t\t<a href=\"https:\/\/ravyx.com\/fr_ca\/contact-us\/\" target=\"\" class=\"wpx-button\">CONTACTEZ-NOUS<\/a>\n\t\t\t<\/div>\n\t\t\n\t<\/div>\n\n<\/div>\n\n\n<h2 class=\"wp-block-heading has-text-align-center\">En apprendre plus sur nos solutions :<\/h2>\n\n\n\n<section class=\"block-related wpx-custom-block\" id=\"acf-related-pages8378\">\n\n\t\t\n\t<div class=\"related-inner\">\n\n\t\t\n\t\t\t<article class=\"related-page\">\n\t\t\t\t<a href=\"https:\/\/ravyx.com\/fr_ca\/are-out-stock-items-hurting-your-online-grocery-sales\/\">\n\t\t\t\t\t<div class=\"related-page-thumb\">\n\t\t\t\t\t\t\t\t\t\t\t\t<img decoding=\"async\" src=\"https:\/\/ravyx.com\/wp-content\/uploads\/2023\/10\/Are-Out-of-Stock-Items-Hurting-Your-Online-Grocery-Sales_-880x636.jpg\" alt=\"\" srcset=\"\" sizes=\"(max-width: 880px) 100vw, 880px\">\n\t\t\t\t\t<\/div>\n\t\t\t\t\t<div class=\"related-page-header\">\n\t\t\t\t\t\t<h1 class=\"related-page-title\">Comment \u00e9viter que les ruptures de stock ne nuisent \u00e0 vos ventes en ligne.<\/h1>\n\t\t\t\t\t<\/div>\n\t\t\t\t<\/a>\n\t\t\t<\/article>\n\n\t\t\t\n\t\t\n\t\t\t<article class=\"related-page\">\n\t\t\t\t<a href=\"https:\/\/ravyx.com\/fr_ca\/how-upgrade-store-shopping-grocery-technology\/\">\n\t\t\t\t\t<div class=\"related-page-thumb\">\n\t\t\t\t\t\t\t\t\t\t\t\t<img decoding=\"async\" src=\"https:\/\/ravyx.com\/wp-content\/uploads\/2023\/10\/How-To-Upgrade-In-Store-Shopping-With-Grocery-Technology-1-880x636.jpg\" alt=\"\" srcset=\"\" sizes=\"(max-width: 880px) 100vw, 880px\">\n\t\t\t\t\t<\/div>\n\t\t\t\t\t<div class=\"related-page-header\">\n\t\t\t\t\t\t<h1 class=\"related-page-title\">Comment am\u00e9liorer les achats en magasin gr\u00e2ce \u00e0 la technologie du secteur de l'\u00e9picerie<\/h1>\n\t\t\t\t\t<\/div>\n\t\t\t\t<\/a>\n\t\t\t<\/article>\n\n\t\t\t\n\t\t\n\t\t\t<article class=\"related-page\">\n\t\t\t\t<a href=\"https:\/\/ravyx.com\/fr_ca\/bringing-digital-experiences-shoppers-carts\/\">\n\t\t\t\t\t<div class=\"related-page-thumb\">\n\t\t\t\t\t\t\t\t\t\t\t\t<img decoding=\"async\" src=\"https:\/\/ravyx.com\/wp-content\/uploads\/2023\/09\/generic-blog-img-880x601.jpg\" alt=\"\" srcset=\"\" sizes=\"(max-width: 880px) 100vw, 880px\">\n\t\t\t\t\t<\/div>\n\t\t\t\t\t<div class=\"related-page-header\">\n\t\t\t\t\t\t<h1 class=\"related-page-title\">Apporter des exp\u00e9riences num\u00e9riques aux paniers des consommateurs<\/h1>\n\t\t\t\t\t<\/div>\n\t\t\t\t<\/a>\n\t\t\t<\/article>\n\n\t\t\t\n\t\t\n\t<\/div>\n\n<\/section>\n\n\n\n\n<p class=\"has-text-align-center\"><a href=\"https:\/\/ravyx.com\/fr_ca\/2-ways-self-checkout-technology-advancing\/\"><\/a><\/p>","protected":false},"excerpt":{"rendered":"<p>Les applications POS telles que LOC SMS et Toshiba ACE &amp; Elera vous offrent toutes les fonctionnalit\u00e9s dont vous avez besoin pour g\u00e9rer votre entreprise de mani\u00e8re int\u00e9gr\u00e9e.<\/p>","protected":false},"author":7,"featured_media":0,"parent":668,"menu_order":9,"comment_status":"closed","ping_status":"closed","template":"","meta":{"_acf_changed":true,"footnotes":""},"class_list":["post-3490","page","type-page","status-publish","hentry"],"acf":[],"yoast_head":"<!-- This site is optimized with the Yoast SEO plugin v27.5 - https:\/\/yoast.com\/product\/yoast-seo-wordpress\/ -->\n<title>Anti-Virus and Backup Services | Ravyx<\/title>\n<meta name=\"description\" content=\"Learn more about our complimentary services, including anti-virus and backups, networking, and more. We offer a full-service solution.\" \/>\n<meta name=\"robots\" content=\"index, follow, max-snippet:-1, max-image-preview:large, max-video-preview:-1\" \/>\n<link rel=\"canonical\" href=\"https:\/\/ravyx.com\/fr_ca\/solutions\/select-products\/anti-virus-and-backup-services\/\" \/>\n<meta property=\"og:locale\" content=\"fr_CA\" \/>\n<meta property=\"og:type\" content=\"article\" \/>\n<meta property=\"og:title\" content=\"Anti-Virus and Backup Services | Ravyx\" \/>\n<meta property=\"og:description\" content=\"Learn more about our complimentary services, including anti-virus and backups, networking, and more. We offer a full-service solution.\" \/>\n<meta property=\"og:url\" content=\"https:\/\/ravyx.com\/fr_ca\/solutions\/select-products\/anti-virus-and-backup-services\/\" \/>\n<meta property=\"og:site_name\" content=\"Ravyx\" \/>\n<meta property=\"article:publisher\" content=\"https:\/\/www.facebook.com\/stcrpos\" \/>\n<meta property=\"article:modified_time\" content=\"2025-06-18T17:37:45+00:00\" \/>\n<meta property=\"og:image\" content=\"https:\/\/ravyx.com\/wp-content\/uploads\/2025\/06\/1-2.png\" \/>\n<meta name=\"twitter:card\" content=\"summary_large_image\" \/>\n<meta name=\"twitter:site\" content=\"@stcrpos\" \/>\n<meta name=\"twitter:label1\" content=\"Est. reading time\" \/>\n\t<meta name=\"twitter:data1\" content=\"2 minutes\" \/>\n<script type=\"application\/ld+json\" class=\"yoast-schema-graph\">{\"@context\":\"https:\\\/\\\/schema.org\",\"@graph\":[{\"@type\":\"WebPage\",\"@id\":\"https:\\\/\\\/ravyx.com\\\/solutions\\\/select-products\\\/anti-virus-and-backup-services\\\/\",\"url\":\"https:\\\/\\\/ravyx.com\\\/solutions\\\/select-products\\\/anti-virus-and-backup-services\\\/\",\"name\":\"Anti-Virus and Backup Services | Ravyx\",\"isPartOf\":{\"@id\":\"https:\\\/\\\/ravyx.com\\\/#website\"},\"primaryImageOfPage\":{\"@id\":\"https:\\\/\\\/ravyx.com\\\/solutions\\\/select-products\\\/anti-virus-and-backup-services\\\/#primaryimage\"},\"image\":{\"@id\":\"https:\\\/\\\/ravyx.com\\\/solutions\\\/select-products\\\/anti-virus-and-backup-services\\\/#primaryimage\"},\"thumbnailUrl\":\"https:\\\/\\\/ravyx.com\\\/wp-content\\\/uploads\\\/2025\\\/06\\\/1-2.png\",\"datePublished\":\"2025-06-18T17:36:18+00:00\",\"dateModified\":\"2025-06-18T17:37:45+00:00\",\"description\":\"Learn more about our complimentary services, including anti-virus and backups, networking, and more. We offer a full-service solution.\",\"breadcrumb\":{\"@id\":\"https:\\\/\\\/ravyx.com\\\/solutions\\\/select-products\\\/anti-virus-and-backup-services\\\/#breadcrumb\"},\"inLanguage\":\"fr-CA\",\"potentialAction\":[{\"@type\":\"ReadAction\",\"target\":[\"https:\\\/\\\/ravyx.com\\\/solutions\\\/select-products\\\/anti-virus-and-backup-services\\\/\"]}]},{\"@type\":\"ImageObject\",\"inLanguage\":\"fr-CA\",\"@id\":\"https:\\\/\\\/ravyx.com\\\/solutions\\\/select-products\\\/anti-virus-and-backup-services\\\/#primaryimage\",\"url\":\"https:\\\/\\\/ravyx.com\\\/wp-content\\\/uploads\\\/2025\\\/06\\\/1-2.png\",\"contentUrl\":\"https:\\\/\\\/ravyx.com\\\/wp-content\\\/uploads\\\/2025\\\/06\\\/1-2.png\"},{\"@type\":\"BreadcrumbList\",\"@id\":\"https:\\\/\\\/ravyx.com\\\/solutions\\\/select-products\\\/anti-virus-and-backup-services\\\/#breadcrumb\",\"itemListElement\":[{\"@type\":\"ListItem\",\"position\":1,\"name\":\"Home\",\"item\":\"https:\\\/\\\/ravyx.com\\\/\"},{\"@type\":\"ListItem\",\"position\":2,\"name\":\"Solutions\",\"item\":\"https:\\\/\\\/ravyx.com\\\/solutions\\\/\"},{\"@type\":\"ListItem\",\"position\":3,\"name\":\"Select Products\",\"item\":\"https:\\\/\\\/ravyx.com\\\/solutions\\\/select-products\\\/\"},{\"@type\":\"ListItem\",\"position\":4,\"name\":\"Complementary Services\"}]},{\"@type\":\"WebSite\",\"@id\":\"https:\\\/\\\/ravyx.com\\\/#website\",\"url\":\"https:\\\/\\\/ravyx.com\\\/\",\"name\":\"Ravyx\",\"description\":\"Proven Grocery Technologies\",\"publisher\":{\"@id\":\"https:\\\/\\\/ravyx.com\\\/#organization\"},\"potentialAction\":[{\"@type\":\"SearchAction\",\"target\":{\"@type\":\"EntryPoint\",\"urlTemplate\":\"https:\\\/\\\/ravyx.com\\\/?s={search_term_string}\"},\"query-input\":{\"@type\":\"PropertyValueSpecification\",\"valueRequired\":true,\"valueName\":\"search_term_string\"}}],\"inLanguage\":\"fr-CA\"},{\"@type\":\"Organization\",\"@id\":\"https:\\\/\\\/ravyx.com\\\/#organization\",\"name\":\"Ravyx\",\"url\":\"https:\\\/\\\/ravyx.com\\\/\",\"logo\":{\"@type\":\"ImageObject\",\"inLanguage\":\"fr-CA\",\"@id\":\"https:\\\/\\\/ravyx.com\\\/#\\\/schema\\\/logo\\\/image\\\/\",\"url\":\"https:\\\/\\\/ravyx.com\\\/wp-content\\\/uploads\\\/2023\\\/09\\\/generic-brand-1.jpg\",\"contentUrl\":\"https:\\\/\\\/ravyx.com\\\/wp-content\\\/uploads\\\/2023\\\/09\\\/generic-brand-1.jpg\",\"width\":1200,\"height\":1200,\"caption\":\"Ravyx\"},\"image\":{\"@id\":\"https:\\\/\\\/ravyx.com\\\/#\\\/schema\\\/logo\\\/image\\\/\"},\"sameAs\":[\"https:\\\/\\\/www.facebook.com\\\/stcrpos\",\"https:\\\/\\\/x.com\\\/stcrpos\",\"https:\\\/\\\/www.linkedin.com\\\/company\\\/stcr\\\/\",\"https:\\\/\\\/www.youtube.com\\\/channel\\\/UCSWcsJARYjaQnz0T5o4p9DQ\"]}]}<\/script>\n<!-- \/ Yoast SEO plugin. -->","yoast_head_json":{"title":"Services d'antivirus et de sauvegarde | Ravyx","description":"D\u00e9couvrez nos services compl\u00e9mentaires, notamment l'antivirus et les sauvegardes, la mise en r\u00e9seau, etc. Nous offrons une solution compl\u00e8te.","robots":{"index":"index","follow":"follow","max-snippet":"max-snippet:-1","max-image-preview":"max-image-preview:large","max-video-preview":"max-video-preview:-1"},"canonical":"https:\/\/ravyx.com\/fr_ca\/solutions\/select-products\/anti-virus-and-backup-services\/","og_locale":"fr_CA","og_type":"article","og_title":"Anti-Virus and Backup Services | Ravyx","og_description":"Learn more about our complimentary services, including anti-virus and backups, networking, and more. We offer a full-service solution.","og_url":"https:\/\/ravyx.com\/fr_ca\/solutions\/select-products\/anti-virus-and-backup-services\/","og_site_name":"Ravyx","article_publisher":"https:\/\/www.facebook.com\/stcrpos","article_modified_time":"2025-06-18T17:37:45+00:00","og_image":[{"url":"https:\/\/ravyx.com\/wp-content\/uploads\/2025\/06\/1-2.png","type":"","width":"","height":""}],"twitter_card":"summary_large_image","twitter_site":"@stcrpos","twitter_misc":{"Est. reading time":"2 minutes"},"schema":{"@context":"https:\/\/schema.org","@graph":[{"@type":"WebPage","@id":"https:\/\/ravyx.com\/solutions\/select-products\/anti-virus-and-backup-services\/","url":"https:\/\/ravyx.com\/solutions\/select-products\/anti-virus-and-backup-services\/","name":"Services d'antivirus et de sauvegarde | Ravyx","isPartOf":{"@id":"https:\/\/ravyx.com\/#website"},"primaryImageOfPage":{"@id":"https:\/\/ravyx.com\/solutions\/select-products\/anti-virus-and-backup-services\/#primaryimage"},"image":{"@id":"https:\/\/ravyx.com\/solutions\/select-products\/anti-virus-and-backup-services\/#primaryimage"},"thumbnailUrl":"https:\/\/ravyx.com\/wp-content\/uploads\/2025\/06\/1-2.png","datePublished":"2025-06-18T17:36:18+00:00","dateModified":"2025-06-18T17:37:45+00:00","description":"D\u00e9couvrez nos services compl\u00e9mentaires, notamment l'antivirus et les sauvegardes, la mise en r\u00e9seau, etc. Nous offrons une solution compl\u00e8te.","breadcrumb":{"@id":"https:\/\/ravyx.com\/solutions\/select-products\/anti-virus-and-backup-services\/#breadcrumb"},"inLanguage":"fr-CA","potentialAction":[{"@type":"ReadAction","target":["https:\/\/ravyx.com\/solutions\/select-products\/anti-virus-and-backup-services\/"]}]},{"@type":"ImageObject","inLanguage":"fr-CA","@id":"https:\/\/ravyx.com\/solutions\/select-products\/anti-virus-and-backup-services\/#primaryimage","url":"https:\/\/ravyx.com\/wp-content\/uploads\/2025\/06\/1-2.png","contentUrl":"https:\/\/ravyx.com\/wp-content\/uploads\/2025\/06\/1-2.png"},{"@type":"BreadcrumbList","@id":"https:\/\/ravyx.com\/solutions\/select-products\/anti-virus-and-backup-services\/#breadcrumb","itemListElement":[{"@type":"ListItem","position":1,"name":"Home","item":"https:\/\/ravyx.com\/"},{"@type":"ListItem","position":2,"name":"Solutions","item":"https:\/\/ravyx.com\/solutions\/"},{"@type":"ListItem","position":3,"name":"Select Products","item":"https:\/\/ravyx.com\/solutions\/select-products\/"},{"@type":"ListItem","position":4,"name":"Complementary Services"}]},{"@type":"WebSite","@id":"https:\/\/ravyx.com\/#website","url":"https:\/\/ravyx.com\/","name":"Ravyx","description":"Proven Grocery Technologies","publisher":{"@id":"https:\/\/ravyx.com\/#organization"},"potentialAction":[{"@type":"SearchAction","target":{"@type":"EntryPoint","urlTemplate":"https:\/\/ravyx.com\/?s={search_term_string}"},"query-input":{"@type":"PropertyValueSpecification","valueRequired":true,"valueName":"search_term_string"}}],"inLanguage":"fr-CA"},{"@type":"Organization","@id":"https:\/\/ravyx.com\/#organization","name":"Ravyx","url":"https:\/\/ravyx.com\/","logo":{"@type":"ImageObject","inLanguage":"fr-CA","@id":"https:\/\/ravyx.com\/#\/schema\/logo\/image\/","url":"https:\/\/ravyx.com\/wp-content\/uploads\/2023\/09\/generic-brand-1.jpg","contentUrl":"https:\/\/ravyx.com\/wp-content\/uploads\/2023\/09\/generic-brand-1.jpg","width":1200,"height":1200,"caption":"Ravyx"},"image":{"@id":"https:\/\/ravyx.com\/#\/schema\/logo\/image\/"},"sameAs":["https:\/\/www.facebook.com\/stcrpos","https:\/\/x.com\/stcrpos","https:\/\/www.linkedin.com\/company\/stcr\/","https:\/\/www.youtube.com\/channel\/UCSWcsJARYjaQnz0T5o4p9DQ"]}]}},"_links":{"self":[{"href":"https:\/\/ravyx.com\/fr_ca\/wp-json\/wp\/v2\/pages\/3490","targetHints":{"allow":["GET"]}}],"collection":[{"href":"https:\/\/ravyx.com\/fr_ca\/wp-json\/wp\/v2\/pages"}],"about":[{"href":"https:\/\/ravyx.com\/fr_ca\/wp-json\/wp\/v2\/types\/page"}],"author":[{"embeddable":true,"href":"https:\/\/ravyx.com\/fr_ca\/wp-json\/wp\/v2\/users\/7"}],"replies":[{"embeddable":true,"href":"https:\/\/ravyx.com\/fr_ca\/wp-json\/wp\/v2\/comments?post=3490"}],"version-history":[{"count":0,"href":"https:\/\/ravyx.com\/fr_ca\/wp-json\/wp\/v2\/pages\/3490\/revisions"}],"up":[{"embeddable":true,"href":"https:\/\/ravyx.com\/fr_ca\/wp-json\/wp\/v2\/pages\/668"}],"wp:attachment":[{"href":"https:\/\/ravyx.com\/fr_ca\/wp-json\/wp\/v2\/media?parent=3490"}],"curies":[{"name":"wp","href":"https:\/\/api.w.org\/{rel}","templated":true}]}}