{"id":3244,"date":"2024-12-20T15:19:43","date_gmt":"2024-12-20T15:19:43","guid":{"rendered":"https:\/\/stcr.com\/?page_id=3244"},"modified":"2025-11-28T16:28:27","modified_gmt":"2025-11-28T21:28:27","slug":"self-checkout-ebook","status":"publish","type":"page","link":"https:\/\/ravyx.com\/fr_ca\/resources\/explore-our-resource-library\/self-checkout-ebook\/","title":{"rendered":"(eBook)Transformez votre magasin avec la technologie des caisses automatiques"},"content":{"rendered":"<div style=\"height:0px\" aria-hidden=\"true\" class=\"wp-block-spacer\"><\/div>\n\n\n\n<p class=\"has-text-align-center has-large-font-size\">Cherchez-vous \u00e0 am\u00e9liorer les op\u00e9rations de votre magasin ? La technologie des caisses automatiques peut changer la donne : elle permet de gagner du temps, de r\u00e9duire les erreurs et d'am\u00e9liorer l'exp\u00e9rience des clients.<\/p>\n\n\n\n<hr class=\"wp-block-separator has-alpha-channel-opacity\"\/>\n\n\n\n<div class=\"wp-block-columns has-tan-background-color has-background is-layout-flex wp-container-core-columns-is-layout-9d6595d7 wp-block-columns-is-layout-flex\">\n<div class=\"wp-block-column is-layout-flow wp-block-column-is-layout-flow\">\n<div style=\"height:52px\" aria-hidden=\"true\" class=\"wp-block-spacer\"><\/div>\n\n\n\n<h2 class=\"wp-block-heading\">Obtenez le guide GRATUIT d\u00e8s aujourd'hui !<\/h2>\n\n\n\n<p class=\"has-large-font-size\">Que vous souhaitiez moderniser rapidement votre magasin ou \u00e9valuer les avantages des caisses automatiques avant un d\u00e9ploiement plus important, nous avons tout ce qu'il faut pour vous aider \u00e0 d\u00e9marrer.<\/p>\n\n\n\n<iframe loading=\"lazy\" src=\"https:\/\/info.sirsolutions.com\/l\/797653\/2025-08-06\/5scgb\" width=\"100%\" height=\"500\" type=\"text\/html\" frameborder=\"0\" allowtransparency=\"true\" style=\"border: 0\"><\/iframe>\n<\/div>\n\n\n\n<div class=\"wp-block-column is-layout-flow wp-block-column-is-layout-flow\"><div class=\"wp-block-image\">\n<figure class=\"aligncenter size-full is-resized\"><img loading=\"lazy\" decoding=\"async\" width=\"1920\" height=\"1812\" src=\"https:\/\/ravyx.com\/wp-content\/uploads\/2025\/07\/RAVXY_SCO_ebook-mock.png\" alt=\"\" class=\"wp-image-3839\" style=\"width:293px;height:auto\" srcset=\"https:\/\/ravyx.com\/wp-content\/uploads\/2025\/07\/RAVXY_SCO_ebook-mock.png 1920w, https:\/\/ravyx.com\/wp-content\/uploads\/2025\/07\/RAVXY_SCO_ebook-mock-300x283.png 300w, https:\/\/ravyx.com\/wp-content\/uploads\/2025\/07\/RAVXY_SCO_ebook-mock-1024x966.png 1024w, https:\/\/ravyx.com\/wp-content\/uploads\/2025\/07\/RAVXY_SCO_ebook-mock-768x725.png 768w, https:\/\/ravyx.com\/wp-content\/uploads\/2025\/07\/RAVXY_SCO_ebook-mock-1536x1450.png 1536w, https:\/\/ravyx.com\/wp-content\/uploads\/2025\/07\/RAVXY_SCO_ebook-mock-13x12.png 13w\" sizes=\"auto, (max-width: 1920px) 100vw, 1920px\" \/><\/figure>\n<\/div>\n\n\n<h2 class=\"wp-block-heading has-text-align-center\">Notre guide comprend<\/h2>\n\n\n\n<div class=\"wp-block-group\"><div class=\"wp-block-group__inner-container is-layout-constrained wp-block-group-is-layout-constrained\">\n<ul class=\"wp-block-list has-normal-font-size\">\n<li class=\"has-large-font-size\"><strong>Am\u00e9liorer le flux des clients : <\/strong>Les caisses automatiques permettent de r\u00e9duire les files d'attente et d'am\u00e9liorer la satisfaction des clients.<\/li>\n<\/ul>\n\n\n\n<ul class=\"wp-block-list has-normal-font-size\">\n<li class=\"has-large-font-size\"><strong>\u00c9conomies de main-d'\u0153uvre : <\/strong>Les caisses automatiques permettent \u00e0 votre \u00e9quipe de se concentrer sur le service et l'approvisionnement.<\/li>\n<\/ul>\n\n\n\n<ul class=\"wp-block-list has-normal-font-size\">\n<li class=\"has-large-font-size\"><strong>Conseils de mise en \u0153uvre : <\/strong>Des conseils pratiques sur la mani\u00e8re d'int\u00e9grer en douceur la solution dans votre configuration existante.<\/li>\n<\/ul>\n<\/div><\/div>\n<\/div>\n<\/div>\n\n\n\n<div class=\"block-inline-cta wpx-custom-block\" id=\"acf-inline-cta7465\">\n\n\t<div class=\"inline-cta-inner\">\n\t\t\n\t\t<h3 class=\"inline-cta-title\">R\u00c9SERVEZ UNE CONSULTATION D\u00c8S AUJOURD'HUI ! <\/h3>\t\t<p>Envoyez-nous un courriel pour organiser votre consultation gratuite.<\/p>\n\t\t\t\t\t<div class=\"button-group\">\n\t\t\t\t<a href=\"mailto:sales@ravyx.com\" target=\"\" class=\"wpx-button\">CALENDRIER<\/a>\n\t\t\t<\/div>\n\t\t\n\t<\/div>\n\n<\/div>","protected":false},"excerpt":{"rendered":"<p>Are you looking to enhance your store\u2019s operations? Self checkout technology can be a game-changer \u2014 saving time, reducing errors, and creating a better customer experience. Get the FREE Guide Today! Whether you&#8217;re aiming to modernize your store quickly or evaluate the benefits of self checkouts before a larger rollout, we&#8217;ve got everything you need [&hellip;]<\/p>\n","protected":false},"author":2,"featured_media":3254,"parent":3447,"menu_order":2,"comment_status":"closed","ping_status":"closed","template":"","meta":{"_acf_changed":false,"footnotes":""},"class_list":["post-3244","page","type-page","status-publish","has-post-thumbnail","hentry"],"acf":[],"yoast_head":"<!-- This site is optimized with the Yoast SEO plugin v27.4 - https:\/\/yoast.com\/product\/yoast-seo-wordpress\/ -->\n<title>Transform Your Store With Self-Checkout | Ravyx<\/title>\n<meta name=\"description\" content=\"A Free Download on how Self Checkout Technology can help you save time, reduce errors, and create a better customer experience for shoppers.\" \/>\n<meta name=\"robots\" content=\"index, follow, max-snippet:-1, max-image-preview:large, max-video-preview:-1\" \/>\n<link rel=\"canonical\" href=\"https:\/\/ravyx.com\/fr_ca\/self-checkout-ebook\/\" \/>\n<meta property=\"og:locale\" content=\"fr_CA\" \/>\n<meta property=\"og:type\" content=\"article\" \/>\n<meta property=\"og:title\" content=\"Transform Your Store With Self-Checkout | Ravyx\" \/>\n<meta property=\"og:description\" content=\"A Free Download on how Self Checkout Technology can help you save time, reduce errors, and create a better customer experience for shoppers.\" \/>\n<meta property=\"og:url\" content=\"https:\/\/ravyx.com\/fr_ca\/self-checkout-ebook\/\" \/>\n<meta property=\"og:site_name\" content=\"Ravyx\" \/>\n<meta property=\"article:publisher\" content=\"https:\/\/www.facebook.com\/stcrpos\" \/>\n<meta property=\"article:modified_time\" content=\"2025-11-28T21:28:27+00:00\" \/>\n<meta property=\"og:image\" content=\"https:\/\/ravyx.com\/wp-content\/uploads\/2024\/12\/SCO-ebook-billboard.jpg\" \/>\n\t<meta property=\"og:image:width\" content=\"1601\" \/>\n\t<meta property=\"og:image:height\" content=\"601\" \/>\n\t<meta property=\"og:image:type\" content=\"image\/jpeg\" \/>\n<meta name=\"twitter:card\" content=\"summary_large_image\" \/>\n<meta name=\"twitter:site\" content=\"@stcrpos\" \/>\n<meta name=\"twitter:label1\" content=\"Est. reading time\" \/>\n\t<meta name=\"twitter:data1\" content=\"1 minute\" \/>\n<script type=\"application\/ld+json\" class=\"yoast-schema-graph\">{\"@context\":\"https:\\\/\\\/schema.org\",\"@graph\":[{\"@type\":\"WebPage\",\"@id\":\"https:\\\/\\\/ravyx.com\\\/self-checkout-ebook\\\/\",\"url\":\"https:\\\/\\\/ravyx.com\\\/self-checkout-ebook\\\/\",\"name\":\"Transform Your Store With Self-Checkout | Ravyx\",\"isPartOf\":{\"@id\":\"https:\\\/\\\/ravyx.com\\\/#website\"},\"primaryImageOfPage\":{\"@id\":\"https:\\\/\\\/ravyx.com\\\/self-checkout-ebook\\\/#primaryimage\"},\"image\":{\"@id\":\"https:\\\/\\\/ravyx.com\\\/self-checkout-ebook\\\/#primaryimage\"},\"thumbnailUrl\":\"https:\\\/\\\/ravyx.com\\\/wp-content\\\/uploads\\\/2024\\\/12\\\/SCO-ebook-billboard.jpg\",\"datePublished\":\"2024-12-20T15:19:43+00:00\",\"dateModified\":\"2025-11-28T21:28:27+00:00\",\"description\":\"A Free Download on how Self Checkout Technology can help you save time, reduce errors, and create a better customer experience for shoppers.\",\"breadcrumb\":{\"@id\":\"https:\\\/\\\/ravyx.com\\\/self-checkout-ebook\\\/#breadcrumb\"},\"inLanguage\":\"fr-CA\",\"potentialAction\":[{\"@type\":\"ReadAction\",\"target\":[\"https:\\\/\\\/ravyx.com\\\/self-checkout-ebook\\\/\"]}]},{\"@type\":\"ImageObject\",\"inLanguage\":\"fr-CA\",\"@id\":\"https:\\\/\\\/ravyx.com\\\/self-checkout-ebook\\\/#primaryimage\",\"url\":\"https:\\\/\\\/ravyx.com\\\/wp-content\\\/uploads\\\/2024\\\/12\\\/SCO-ebook-billboard.jpg\",\"contentUrl\":\"https:\\\/\\\/ravyx.com\\\/wp-content\\\/uploads\\\/2024\\\/12\\\/SCO-ebook-billboard.jpg\",\"width\":1601,\"height\":601},{\"@type\":\"BreadcrumbList\",\"@id\":\"https:\\\/\\\/ravyx.com\\\/self-checkout-ebook\\\/#breadcrumb\",\"itemListElement\":[{\"@type\":\"ListItem\",\"position\":1,\"name\":\"Home\",\"item\":\"https:\\\/\\\/ravyx.com\\\/\"},{\"@type\":\"ListItem\",\"position\":2,\"name\":\"(eBook)Transform Your Store with Self Checkout Technology\"}]},{\"@type\":\"WebSite\",\"@id\":\"https:\\\/\\\/ravyx.com\\\/#website\",\"url\":\"https:\\\/\\\/ravyx.com\\\/\",\"name\":\"Ravyx\",\"description\":\"Grocery retail technologies\",\"publisher\":{\"@id\":\"https:\\\/\\\/ravyx.com\\\/#organization\"},\"potentialAction\":[{\"@type\":\"SearchAction\",\"target\":{\"@type\":\"EntryPoint\",\"urlTemplate\":\"https:\\\/\\\/ravyx.com\\\/?s={search_term_string}\"},\"query-input\":{\"@type\":\"PropertyValueSpecification\",\"valueRequired\":true,\"valueName\":\"search_term_string\"}}],\"inLanguage\":\"fr-CA\"},{\"@type\":\"Organization\",\"@id\":\"https:\\\/\\\/ravyx.com\\\/#organization\",\"name\":\"Ravyx\",\"url\":\"https:\\\/\\\/ravyx.com\\\/\",\"logo\":{\"@type\":\"ImageObject\",\"inLanguage\":\"fr-CA\",\"@id\":\"https:\\\/\\\/ravyx.com\\\/#\\\/schema\\\/logo\\\/image\\\/\",\"url\":\"https:\\\/\\\/ravyx.com\\\/wp-content\\\/uploads\\\/2023\\\/09\\\/generic-brand-1.jpg\",\"contentUrl\":\"https:\\\/\\\/ravyx.com\\\/wp-content\\\/uploads\\\/2023\\\/09\\\/generic-brand-1.jpg\",\"width\":1200,\"height\":1200,\"caption\":\"Ravyx\"},\"image\":{\"@id\":\"https:\\\/\\\/ravyx.com\\\/#\\\/schema\\\/logo\\\/image\\\/\"},\"sameAs\":[\"https:\\\/\\\/www.facebook.com\\\/stcrpos\",\"https:\\\/\\\/x.com\\\/stcrpos\",\"https:\\\/\\\/www.linkedin.com\\\/company\\\/stcr\\\/\",\"https:\\\/\\\/www.youtube.com\\\/channel\\\/UCSWcsJARYjaQnz0T5o4p9DQ\"]}]}<\/script>\n<!-- \/ Yoast SEO plugin. -->","yoast_head_json":{"title":"Transformer votre magasin avec la caisse automatique | Ravyx","description":"Un t\u00e9l\u00e9chargement gratuit sur la fa\u00e7on dont la technologie des caisses automatiques peut vous aider \u00e0 gagner du temps, \u00e0 r\u00e9duire les erreurs et \u00e0 cr\u00e9er une meilleure exp\u00e9rience client pour les consommateurs.","robots":{"index":"index","follow":"follow","max-snippet":"max-snippet:-1","max-image-preview":"max-image-preview:large","max-video-preview":"max-video-preview:-1"},"canonical":"https:\/\/ravyx.com\/fr_ca\/self-checkout-ebook\/","og_locale":"fr_CA","og_type":"article","og_title":"Transform Your Store With Self-Checkout | Ravyx","og_description":"A Free Download on how Self Checkout Technology can help you save time, reduce errors, and create a better customer experience for shoppers.","og_url":"https:\/\/ravyx.com\/fr_ca\/self-checkout-ebook\/","og_site_name":"Ravyx","article_publisher":"https:\/\/www.facebook.com\/stcrpos","article_modified_time":"2025-11-28T21:28:27+00:00","og_image":[{"width":1601,"height":601,"url":"https:\/\/ravyx.com\/wp-content\/uploads\/2024\/12\/SCO-ebook-billboard.jpg","type":"image\/jpeg"}],"twitter_card":"summary_large_image","twitter_site":"@stcrpos","twitter_misc":{"Est. reading time":"1 minute"},"schema":{"@context":"https:\/\/schema.org","@graph":[{"@type":"WebPage","@id":"https:\/\/ravyx.com\/self-checkout-ebook\/","url":"https:\/\/ravyx.com\/self-checkout-ebook\/","name":"Transformer votre magasin avec la caisse automatique | Ravyx","isPartOf":{"@id":"https:\/\/ravyx.com\/#website"},"primaryImageOfPage":{"@id":"https:\/\/ravyx.com\/self-checkout-ebook\/#primaryimage"},"image":{"@id":"https:\/\/ravyx.com\/self-checkout-ebook\/#primaryimage"},"thumbnailUrl":"https:\/\/ravyx.com\/wp-content\/uploads\/2024\/12\/SCO-ebook-billboard.jpg","datePublished":"2024-12-20T15:19:43+00:00","dateModified":"2025-11-28T21:28:27+00:00","description":"Un t\u00e9l\u00e9chargement gratuit sur la fa\u00e7on dont la technologie des caisses automatiques peut vous aider \u00e0 gagner du temps, \u00e0 r\u00e9duire les erreurs et \u00e0 cr\u00e9er une meilleure exp\u00e9rience client pour les consommateurs.","breadcrumb":{"@id":"https:\/\/ravyx.com\/self-checkout-ebook\/#breadcrumb"},"inLanguage":"fr-CA","potentialAction":[{"@type":"ReadAction","target":["https:\/\/ravyx.com\/self-checkout-ebook\/"]}]},{"@type":"ImageObject","inLanguage":"fr-CA","@id":"https:\/\/ravyx.com\/self-checkout-ebook\/#primaryimage","url":"https:\/\/ravyx.com\/wp-content\/uploads\/2024\/12\/SCO-ebook-billboard.jpg","contentUrl":"https:\/\/ravyx.com\/wp-content\/uploads\/2024\/12\/SCO-ebook-billboard.jpg","width":1601,"height":601},{"@type":"BreadcrumbList","@id":"https:\/\/ravyx.com\/self-checkout-ebook\/#breadcrumb","itemListElement":[{"@type":"ListItem","position":1,"name":"Home","item":"https:\/\/ravyx.com\/"},{"@type":"ListItem","position":2,"name":"(eBook)Transform Your Store with Self Checkout Technology"}]},{"@type":"WebSite","@id":"https:\/\/ravyx.com\/#website","url":"https:\/\/ravyx.com\/","name":"Ravyx","description":"Technologies pour la vente au d\u00e9tail de produits d'\u00e9picerie","publisher":{"@id":"https:\/\/ravyx.com\/#organization"},"potentialAction":[{"@type":"SearchAction","target":{"@type":"EntryPoint","urlTemplate":"https:\/\/ravyx.com\/?s={search_term_string}"},"query-input":{"@type":"PropertyValueSpecification","valueRequired":true,"valueName":"search_term_string"}}],"inLanguage":"fr-CA"},{"@type":"Organization","@id":"https:\/\/ravyx.com\/#organization","name":"Ravyx","url":"https:\/\/ravyx.com\/","logo":{"@type":"ImageObject","inLanguage":"fr-CA","@id":"https:\/\/ravyx.com\/#\/schema\/logo\/image\/","url":"https:\/\/ravyx.com\/wp-content\/uploads\/2023\/09\/generic-brand-1.jpg","contentUrl":"https:\/\/ravyx.com\/wp-content\/uploads\/2023\/09\/generic-brand-1.jpg","width":1200,"height":1200,"caption":"Ravyx"},"image":{"@id":"https:\/\/ravyx.com\/#\/schema\/logo\/image\/"},"sameAs":["https:\/\/www.facebook.com\/stcrpos","https:\/\/x.com\/stcrpos","https:\/\/www.linkedin.com\/company\/stcr\/","https:\/\/www.youtube.com\/channel\/UCSWcsJARYjaQnz0T5o4p9DQ"]}]}},"_links":{"self":[{"href":"https:\/\/ravyx.com\/fr_ca\/wp-json\/wp\/v2\/pages\/3244","targetHints":{"allow":["GET"]}}],"collection":[{"href":"https:\/\/ravyx.com\/fr_ca\/wp-json\/wp\/v2\/pages"}],"about":[{"href":"https:\/\/ravyx.com\/fr_ca\/wp-json\/wp\/v2\/types\/page"}],"author":[{"embeddable":true,"href":"https:\/\/ravyx.com\/fr_ca\/wp-json\/wp\/v2\/users\/2"}],"replies":[{"embeddable":true,"href":"https:\/\/ravyx.com\/fr_ca\/wp-json\/wp\/v2\/comments?post=3244"}],"version-history":[{"count":0,"href":"https:\/\/ravyx.com\/fr_ca\/wp-json\/wp\/v2\/pages\/3244\/revisions"}],"up":[{"embeddable":true,"href":"https:\/\/ravyx.com\/fr_ca\/wp-json\/wp\/v2\/pages\/3447"}],"wp:featuredmedia":[{"embeddable":true,"href":"https:\/\/ravyx.com\/fr_ca\/wp-json\/wp\/v2\/media\/3254"}],"wp:attachment":[{"href":"https:\/\/ravyx.com\/fr_ca\/wp-json\/wp\/v2\/media?parent=3244"}],"curies":[{"name":"wp","href":"https:\/\/api.w.org\/{rel}","templated":true}]}}