{"id":2846,"date":"2024-04-15T14:09:11","date_gmt":"2024-04-15T14:09:11","guid":{"rendered":"https:\/\/stcr.com\/?page_id=2846"},"modified":"2026-05-01T17:27:12","modified_gmt":"2026-05-01T21:27:12","slug":"2026-technology-webinars","status":"publish","type":"page","link":"https:\/\/ravyx.com\/fr_ca\/resources\/2026-technology-webinars\/","title":{"rendered":"Webinaires 2026"},"content":{"rendered":"<div class=\"wp-block-columns is-layout-flex wp-container-core-columns-is-layout-9d6595d7 wp-block-columns-is-layout-flex\">\n<div class=\"wp-block-column is-layout-flow wp-block-column-is-layout-flow\">\n<h2 class=\"wp-block-heading\">Pourquoi participer \u00e0 la s\u00e9rie de webinaires de Ravyx ?<\/h2>\n\n\n\n<p>Gardez une longueur d'avance dans le monde en \u00e9volution rapide de la technologie de l'\u00e9picerie gr\u00e2ce \u00e0 la s\u00e9rie de webinaires sur la technologie 2026 de Ravyx. Nos sessions sont con\u00e7ues pour donner aux \u00e9piciers, aux leaders de la distribution et aux professionnels de la technologie des informations utiles, des strat\u00e9gies pratiques et un premier aper\u00e7u des derni\u00e8res innovations qui fa\u00e7onnent l'industrie.<\/p>\n\n\n\n<p>En vous inscrivant, vous b\u00e9n\u00e9ficierez de conseils d'experts sur les tendances technologiques \u00e9mergentes dans le secteur de l'\u00e9picerie, vous apprendrez \u00e0 optimiser les op\u00e9rations des magasins avec les derniers outils et vous d\u00e9couvrirez les coulisses des solutions con\u00e7ues pour favoriser l'efficacit\u00e9 et la croissance en 2026. Que vous exploriez de nouvelles technologies ou que vous cherchiez \u00e0 affiner vos strat\u00e9gies existantes, ces webinaires vous apporteront les connaissances dont vous avez besoin pour rester comp\u00e9titif.<\/p>\n\n\n\n<h2 class=\"wp-block-heading has-text-align-left\">Prochains webinaires<\/h2>\n\n\n\n<p class=\"has-text-align-left\">Nos webinaires en direct couvrent deux formats dynamiques.<\/p>\n<\/div>\n\n\n\n<div class=\"wp-block-column is-layout-flow wp-block-column-is-layout-flow\"><div class=\"wp-block-image\">\n<figure class=\"aligncenter size-large is-resized\"><img loading=\"lazy\" decoding=\"async\" width=\"1024\" height=\"1024\" src=\"https:\/\/ravyx.com\/wp-content\/uploads\/2025\/12\/2026-Technology-Webinar-Mockup-1024x1024.png\" alt=\"Ravyx\u2019s 2026 technology webinar\" class=\"wp-image-4134\" style=\"width:432px;height:auto\" srcset=\"https:\/\/ravyx.com\/wp-content\/uploads\/2025\/12\/2026-Technology-Webinar-Mockup-1024x1024.png 1024w, https:\/\/ravyx.com\/wp-content\/uploads\/2025\/12\/2026-Technology-Webinar-Mockup-300x300.png 300w, https:\/\/ravyx.com\/wp-content\/uploads\/2025\/12\/2026-Technology-Webinar-Mockup-150x150.png 150w, https:\/\/ravyx.com\/wp-content\/uploads\/2025\/12\/2026-Technology-Webinar-Mockup-768x768.png 768w, https:\/\/ravyx.com\/wp-content\/uploads\/2025\/12\/2026-Technology-Webinar-Mockup-12x12.png 12w, https:\/\/ravyx.com\/wp-content\/uploads\/2025\/12\/2026-Technology-Webinar-Mockup.png 1080w\" sizes=\"auto, (max-width: 1024px) 100vw, 1024px\" \/><\/figure>\n<\/div><\/div>\n<\/div>\n\n\n\n<div class=\"wp-block-columns is-layout-flex wp-container-core-columns-is-layout-9d6595d7 wp-block-columns-is-layout-flex\">\n<div class=\"wp-block-column is-layout-flow wp-block-column-is-layout-flow\">\n<h2 class=\"wp-block-heading\">S\u00e9rie de d\u00e9jeuners et d'ateliers 2026<\/h2>\n\n\n\n<h3 class=\"wp-block-heading\">Un contenu instructif et engageant<\/h3>\n\n\n\n<ul class=\"wp-block-list\">\n<li><a href=\"https:\/\/www.youtube.com\/watch?v=kxm3iOFROM4\" type=\"link\" id=\"https:\/\/www.youtube.com\/watch?v=kxm3iOFROM4\" target=\"_blank\" rel=\"noreferrer noopener\">29 janvier \u00e0 13h EST | Maintenance des produits<\/a><\/li>\n\n\n\n<li><a href=\"https:\/\/youtu.be\/tbdyB0GtfSU\" type=\"link\" id=\"https:\/\/youtu.be\/tbdyB0GtfSU\" target=\"_blank\" rel=\"noreferrer noopener\">26 f\u00e9vrier \u00e0 13h EST | \u00c9quilibre<\/a><\/li>\n\n\n\n<li><a href=\"https:\/\/www.youtube.com\/watch?v=3JjKEFhxE_M\" target=\"_blank\" rel=\"noreferrer noopener\">26 mars \u00e0 13h EST | Publicit\u00e9<\/a><\/li>\n\n\n\n<li><a href=\"https:\/\/youtu.be\/grxqASooaSE\">30 avril \u00e0 13h EST | Loyaut\u00e9<\/a><\/li>\n\n\n\n<li>28 mai \u00e0 13h EST | Op\u00e9rations PDA<\/li>\n\n\n\n<li>25 juin \u00e0 13h EST | Restrictions sur les articles<\/li>\n\n\n\n<li>30 juillet \u00e0 13h EST | Remise<\/li>\n\n\n\n<li>27 ao\u00fbt \u00e0 13h EST | Zero Movers<\/li>\n\n\n\n<li>24 septembre \u00e0 13h EST | Couponing<\/li>\n\n\n\n<li>22 octobre \u00e0 13h EST | Mise en lot des articles<\/li>\n<\/ul>\n\n\n\n<div class=\"wp-block-buttons is-content-justification-left is-layout-flex wp-container-core-buttons-is-layout-fdcfc74e wp-block-buttons-is-layout-flex\">\n<div class=\"wp-block-button\"><a class=\"wp-block-button__link wp-element-button\" href=\"https:\/\/events.zoom.us\/ev\/Ao8VPDjnPffcD8zP5O98ekP7jmVCclcise1GoqPTC7Lo7otfVPiG~AgPvJNYPB67LS-VKj7sCAyLpSO4cimqxc664scJg4WkynXHLX99cWicMmQ\" target=\"_blank\" rel=\"noreferrer noopener\">Register for the L&amp;L Webinar Series<\/a><\/div>\n<\/div>\n<\/div>\n\n\n\n<div class=\"wp-block-column is-layout-flow wp-block-column-is-layout-flow\">\n<h2 class=\"wp-block-heading\">La s\u00e9rie Ravyx Rundown<\/h2>\n\n\n\n<h3 class=\"wp-block-heading\">Solutions nouvelles et innovantes<\/h3>\n\n\n\n<ul class=\"wp-block-list\">\n<li>May 12 at 1pm EST | ThriVersA Overview | FR <\/li>\n\n\n\n<li>May 19 at 1pm EST | ThriVersA System Insights | FR<\/li>\n\n\n\n<li>May 26 at 1pm EST | ThriVersA Features | FR<\/li>\n<\/ul>\n\n\n\n<div class=\"wp-block-buttons is-layout-flex wp-block-buttons-is-layout-flex\">\n<div class=\"wp-block-button\"><a class=\"wp-block-button__link wp-element-button\" href=\"https:\/\/us02web.zoom.us\/webinar\/register\/WN_5HaG9tG6Qjq3CBnFX7_jWA\" target=\"_blank\" rel=\"noreferrer noopener\">Register for the ThriVersA Rundown Series<\/a><\/div>\n<\/div>\n\n\n\n<ul class=\"wp-block-list\">\n<li>More Webinars Coming Soon<\/li>\n<\/ul>\n<\/div>\n<\/div>\n\n\n\n<h2 class=\"wp-block-heading has-text-align-center\">REGARDEZ LA VITRINE DE L'INNOVATION DANS LE COMMERCE DE D\u00c9TAIL DE RAVYX<\/h2>\n\n\n\n<p class=\"has-text-align-center\">Rejoignez les meilleurs fournisseurs de technologie du secteur de l'\u00e9picerie pour former les d\u00e9taillants progressistes d'aujourd'hui aux technologies de pointe dont vous avez besoin dans vos op\u00e9rations pour g\u00e9rer efficacement votre magasin !<\/p>\n\n\n\n<div class=\"wp-block-columns is-layout-flex wp-container-core-columns-is-layout-9d6595d7 wp-block-columns-is-layout-flex\">\n<div class=\"wp-block-column is-layout-flow wp-block-column-is-layout-flow\">\n<figure class=\"wp-block-embed is-type-video is-provider-youtube wp-block-embed-youtube wp-embed-aspect-16-9 wp-has-aspect-ratio\"><div class=\"wp-block-embed__wrapper\">\n<iframe loading=\"lazy\" title=\"Ravyx Lunch &amp; Learn Webinars\" width=\"500\" height=\"281\" src=\"https:\/\/www.youtube.com\/embed\/videoseries?list=PLDNn2XgLU9PglXEeNOriVf6aqn6olUJ1y\" frameborder=\"0\" allow=\"accelerometer; autoplay; clipboard-write; encrypted-media; gyroscope; picture-in-picture; web-share\" referrerpolicy=\"strict-origin-when-cross-origin\" allowfullscreen><\/iframe>\n<\/div><\/figure>\n<\/div>\n\n\n\n<div class=\"wp-block-column is-layout-flow wp-block-column-is-layout-flow\">\n<figure class=\"wp-block-embed is-type-video is-provider-youtube wp-block-embed-youtube wp-embed-aspect-16-9 wp-has-aspect-ratio\"><div class=\"wp-block-embed__wrapper\">\n<iframe loading=\"lazy\" title=\"Pasta Palma - T\u00e9moignage d&#039;un client\" width=\"500\" height=\"281\" src=\"https:\/\/www.youtube.com\/embed\/I1IyKI7Kgr4?list=PLDNn2XgLU9PhcLj9mRniXpycn0dr4tunQ\" frameborder=\"0\" allow=\"accelerometer; autoplay; clipboard-write; encrypted-media; gyroscope; picture-in-picture; web-share\" referrerpolicy=\"strict-origin-when-cross-origin\" allowfullscreen><\/iframe>\n<\/div><\/figure>\n<\/div>\n<\/div>\n\n\n\n<div class=\"wp-block-columns is-layout-flex wp-container-core-columns-is-layout-9d6595d7 wp-block-columns-is-layout-flex\">\n<div class=\"wp-block-column is-layout-flow wp-block-column-is-layout-flow\">\n<figure class=\"wp-block-embed is-type-video is-provider-youtube wp-block-embed-youtube wp-embed-aspect-16-9 wp-has-aspect-ratio\"><div class=\"wp-block-embed__wrapper\">\n<iframe loading=\"lazy\" title=\"Etiquettes \u00e9lectroniques de rayonnage - T\u00e9moignage client - VusionGroup x Lee&#039;s Discount Liquor\" width=\"500\" height=\"281\" src=\"https:\/\/www.youtube.com\/embed\/zqiqGqjub2I?list=PLDNn2XgLU9PihScvSYptOAzBzWyZ1f-ui\" frameborder=\"0\" allow=\"accelerometer; autoplay; clipboard-write; encrypted-media; gyroscope; picture-in-picture; web-share\" referrerpolicy=\"strict-origin-when-cross-origin\" allowfullscreen><\/iframe>\n<\/div><\/figure>\n<\/div>\n\n\n\n<div class=\"wp-block-column is-layout-flow wp-block-column-is-layout-flow\">\n<figure class=\"wp-block-embed is-type-video is-provider-youtube wp-block-embed-youtube wp-embed-aspect-16-9 wp-has-aspect-ratio\"><div class=\"wp-block-embed__wrapper\">\n<iframe loading=\"lazy\" title=\"Contr\u00f4le d inventaire - en fran\u00e7ais\" width=\"500\" height=\"281\" src=\"https:\/\/www.youtube.com\/embed\/zHiVquRBzSM?list=PLDNn2XgLU9Pi7x4Zv0kil1XgPCtPtc48L\" frameborder=\"0\" allow=\"accelerometer; autoplay; clipboard-write; encrypted-media; gyroscope; picture-in-picture; web-share\" referrerpolicy=\"strict-origin-when-cross-origin\" allowfullscreen><\/iframe>\n<\/div><\/figure>\n<\/div>\n<\/div>","protected":false},"excerpt":{"rendered":"<p>Why Join Ravyx Webinar Series? Stay ahead in the fast-changing world of grocery technology with Ravyx\u2019s 2026 technology webinar series. Our sessions are designed to give grocers, retail leaders, and technology professionals actionable insights, practical strategies, and a first look at the latest innovations shaping the industry. By joining, you\u2019ll gain expert guidance on emerging [&hellip;]<\/p>\n","protected":false},"author":2,"featured_media":0,"parent":592,"menu_order":7,"comment_status":"closed","ping_status":"closed","template":"","meta":{"_acf_changed":false,"footnotes":""},"class_list":["post-2846","page","type-page","status-publish","hentry"],"acf":[],"yoast_head":"<!-- This site is optimized with the Yoast SEO plugin v27.5 - https:\/\/yoast.com\/product\/yoast-seo-wordpress\/ -->\n<title>Free Online 2026 Technology Webinar | Ravyx<\/title>\n<meta name=\"description\" content=\"Stay informed by registering for our 2026 technology webinar, or watch recent and past webinar presentations from Ravyx. Stay informed\" \/>\n<meta name=\"robots\" content=\"index, follow, max-snippet:-1, max-image-preview:large, max-video-preview:-1\" \/>\n<link rel=\"canonical\" href=\"https:\/\/ravyx.com\/fr_ca\/resources\/2026-technology-webinars\/\" \/>\n<meta property=\"og:locale\" content=\"fr_CA\" \/>\n<meta property=\"og:type\" content=\"article\" \/>\n<meta property=\"og:title\" content=\"Free Online 2026 Technology Webinar | Ravyx\" \/>\n<meta property=\"og:description\" content=\"Stay informed by registering for our 2026 technology webinar, or watch recent and past webinar presentations from Ravyx. Stay informed\" \/>\n<meta property=\"og:url\" content=\"https:\/\/ravyx.com\/fr_ca\/resources\/2026-technology-webinars\/\" \/>\n<meta property=\"og:site_name\" content=\"Ravyx\" \/>\n<meta property=\"article:publisher\" content=\"https:\/\/www.facebook.com\/stcrpos\" \/>\n<meta property=\"article:modified_time\" content=\"2026-05-01T21:27:12+00:00\" \/>\n<meta property=\"og:image\" content=\"https:\/\/ravyx.com\/wp-content\/uploads\/2025\/12\/2026-Technology-Webinar-Mockup.png\" \/>\n\t<meta property=\"og:image:width\" content=\"1080\" \/>\n\t<meta property=\"og:image:height\" content=\"1080\" \/>\n\t<meta property=\"og:image:type\" content=\"image\/png\" \/>\n<meta name=\"twitter:card\" content=\"summary_large_image\" \/>\n<meta name=\"twitter:site\" content=\"@stcrpos\" \/>\n<meta name=\"twitter:label1\" content=\"Est. reading time\" \/>\n\t<meta name=\"twitter:data1\" content=\"2 minutes\" \/>\n<script type=\"application\/ld+json\" class=\"yoast-schema-graph\">{\"@context\":\"https:\\\/\\\/schema.org\",\"@graph\":[{\"@type\":\"WebPage\",\"@id\":\"https:\\\/\\\/ravyx.com\\\/resources\\\/2026-technology-webinars\\\/\",\"url\":\"https:\\\/\\\/ravyx.com\\\/resources\\\/2026-technology-webinars\\\/\",\"name\":\"Free Online 2026 Technology Webinar | Ravyx\",\"isPartOf\":{\"@id\":\"https:\\\/\\\/ravyx.com\\\/#website\"},\"primaryImageOfPage\":{\"@id\":\"https:\\\/\\\/ravyx.com\\\/resources\\\/2026-technology-webinars\\\/#primaryimage\"},\"image\":{\"@id\":\"https:\\\/\\\/ravyx.com\\\/resources\\\/2026-technology-webinars\\\/#primaryimage\"},\"thumbnailUrl\":\"https:\\\/\\\/ravyx.com\\\/wp-content\\\/uploads\\\/2025\\\/12\\\/2026-Technology-Webinar-Mockup-1024x1024.png\",\"datePublished\":\"2024-04-15T14:09:11+00:00\",\"dateModified\":\"2026-05-01T21:27:12+00:00\",\"description\":\"Stay informed by registering for our 2026 technology webinar, or watch recent and past webinar presentations from Ravyx. Stay informed\",\"breadcrumb\":{\"@id\":\"https:\\\/\\\/ravyx.com\\\/resources\\\/2026-technology-webinars\\\/#breadcrumb\"},\"inLanguage\":\"fr-CA\",\"potentialAction\":[{\"@type\":\"ReadAction\",\"target\":[\"https:\\\/\\\/ravyx.com\\\/resources\\\/2026-technology-webinars\\\/\"]}]},{\"@type\":\"ImageObject\",\"inLanguage\":\"fr-CA\",\"@id\":\"https:\\\/\\\/ravyx.com\\\/resources\\\/2026-technology-webinars\\\/#primaryimage\",\"url\":\"https:\\\/\\\/ravyx.com\\\/wp-content\\\/uploads\\\/2025\\\/12\\\/2026-Technology-Webinar-Mockup-1024x1024.png\",\"contentUrl\":\"https:\\\/\\\/ravyx.com\\\/wp-content\\\/uploads\\\/2025\\\/12\\\/2026-Technology-Webinar-Mockup-1024x1024.png\"},{\"@type\":\"BreadcrumbList\",\"@id\":\"https:\\\/\\\/ravyx.com\\\/resources\\\/2026-technology-webinars\\\/#breadcrumb\",\"itemListElement\":[{\"@type\":\"ListItem\",\"position\":1,\"name\":\"Home\",\"item\":\"https:\\\/\\\/ravyx.com\\\/\"},{\"@type\":\"ListItem\",\"position\":2,\"name\":\"Resources\",\"item\":\"https:\\\/\\\/ravyx.com\\\/resources\\\/\"},{\"@type\":\"ListItem\",\"position\":3,\"name\":\"Webinars 2026\"}]},{\"@type\":\"WebSite\",\"@id\":\"https:\\\/\\\/ravyx.com\\\/#website\",\"url\":\"https:\\\/\\\/ravyx.com\\\/\",\"name\":\"Ravyx\",\"description\":\"Proven Grocery Technologies\",\"publisher\":{\"@id\":\"https:\\\/\\\/ravyx.com\\\/#organization\"},\"potentialAction\":[{\"@type\":\"SearchAction\",\"target\":{\"@type\":\"EntryPoint\",\"urlTemplate\":\"https:\\\/\\\/ravyx.com\\\/?s={search_term_string}\"},\"query-input\":{\"@type\":\"PropertyValueSpecification\",\"valueRequired\":true,\"valueName\":\"search_term_string\"}}],\"inLanguage\":\"fr-CA\"},{\"@type\":\"Organization\",\"@id\":\"https:\\\/\\\/ravyx.com\\\/#organization\",\"name\":\"Ravyx\",\"url\":\"https:\\\/\\\/ravyx.com\\\/\",\"logo\":{\"@type\":\"ImageObject\",\"inLanguage\":\"fr-CA\",\"@id\":\"https:\\\/\\\/ravyx.com\\\/#\\\/schema\\\/logo\\\/image\\\/\",\"url\":\"https:\\\/\\\/ravyx.com\\\/wp-content\\\/uploads\\\/2023\\\/09\\\/generic-brand-1.jpg\",\"contentUrl\":\"https:\\\/\\\/ravyx.com\\\/wp-content\\\/uploads\\\/2023\\\/09\\\/generic-brand-1.jpg\",\"width\":1200,\"height\":1200,\"caption\":\"Ravyx\"},\"image\":{\"@id\":\"https:\\\/\\\/ravyx.com\\\/#\\\/schema\\\/logo\\\/image\\\/\"},\"sameAs\":[\"https:\\\/\\\/www.facebook.com\\\/stcrpos\",\"https:\\\/\\\/x.com\\\/stcrpos\",\"https:\\\/\\\/www.linkedin.com\\\/company\\\/stcr\\\/\",\"https:\\\/\\\/www.youtube.com\\\/channel\\\/UCSWcsJARYjaQnz0T5o4p9DQ\"]}]}<\/script>\n<!-- \/ Yoast SEO plugin. -->","yoast_head_json":{"title":"Free Online 2026 Technology Webinar | Ravyx","description":"Stay informed by registering for our 2026 technology webinar, or watch recent and past webinar presentations from Ravyx. Stay informed","robots":{"index":"index","follow":"follow","max-snippet":"max-snippet:-1","max-image-preview":"max-image-preview:large","max-video-preview":"max-video-preview:-1"},"canonical":"https:\/\/ravyx.com\/fr_ca\/resources\/2026-technology-webinars\/","og_locale":"fr_CA","og_type":"article","og_title":"Free Online 2026 Technology Webinar | Ravyx","og_description":"Stay informed by registering for our 2026 technology webinar, or watch recent and past webinar presentations from Ravyx. Stay informed","og_url":"https:\/\/ravyx.com\/fr_ca\/resources\/2026-technology-webinars\/","og_site_name":"Ravyx","article_publisher":"https:\/\/www.facebook.com\/stcrpos","article_modified_time":"2026-05-01T21:27:12+00:00","og_image":[{"width":1080,"height":1080,"url":"https:\/\/ravyx.com\/wp-content\/uploads\/2025\/12\/2026-Technology-Webinar-Mockup.png","type":"image\/png"}],"twitter_card":"summary_large_image","twitter_site":"@stcrpos","twitter_misc":{"Est. reading time":"2 minutes"},"schema":{"@context":"https:\/\/schema.org","@graph":[{"@type":"WebPage","@id":"https:\/\/ravyx.com\/resources\/2026-technology-webinars\/","url":"https:\/\/ravyx.com\/resources\/2026-technology-webinars\/","name":"Free Online 2026 Technology Webinar | Ravyx","isPartOf":{"@id":"https:\/\/ravyx.com\/#website"},"primaryImageOfPage":{"@id":"https:\/\/ravyx.com\/resources\/2026-technology-webinars\/#primaryimage"},"image":{"@id":"https:\/\/ravyx.com\/resources\/2026-technology-webinars\/#primaryimage"},"thumbnailUrl":"https:\/\/ravyx.com\/wp-content\/uploads\/2025\/12\/2026-Technology-Webinar-Mockup-1024x1024.png","datePublished":"2024-04-15T14:09:11+00:00","dateModified":"2026-05-01T21:27:12+00:00","description":"Stay informed by registering for our 2026 technology webinar, or watch recent and past webinar presentations from Ravyx. Stay informed","breadcrumb":{"@id":"https:\/\/ravyx.com\/resources\/2026-technology-webinars\/#breadcrumb"},"inLanguage":"fr-CA","potentialAction":[{"@type":"ReadAction","target":["https:\/\/ravyx.com\/resources\/2026-technology-webinars\/"]}]},{"@type":"ImageObject","inLanguage":"fr-CA","@id":"https:\/\/ravyx.com\/resources\/2026-technology-webinars\/#primaryimage","url":"https:\/\/ravyx.com\/wp-content\/uploads\/2025\/12\/2026-Technology-Webinar-Mockup-1024x1024.png","contentUrl":"https:\/\/ravyx.com\/wp-content\/uploads\/2025\/12\/2026-Technology-Webinar-Mockup-1024x1024.png"},{"@type":"BreadcrumbList","@id":"https:\/\/ravyx.com\/resources\/2026-technology-webinars\/#breadcrumb","itemListElement":[{"@type":"ListItem","position":1,"name":"Home","item":"https:\/\/ravyx.com\/"},{"@type":"ListItem","position":2,"name":"Resources","item":"https:\/\/ravyx.com\/resources\/"},{"@type":"ListItem","position":3,"name":"Webinars 2026"}]},{"@type":"WebSite","@id":"https:\/\/ravyx.com\/#website","url":"https:\/\/ravyx.com\/","name":"Ravyx","description":"Proven Grocery Technologies","publisher":{"@id":"https:\/\/ravyx.com\/#organization"},"potentialAction":[{"@type":"SearchAction","target":{"@type":"EntryPoint","urlTemplate":"https:\/\/ravyx.com\/?s={search_term_string}"},"query-input":{"@type":"PropertyValueSpecification","valueRequired":true,"valueName":"search_term_string"}}],"inLanguage":"fr-CA"},{"@type":"Organization","@id":"https:\/\/ravyx.com\/#organization","name":"Ravyx","url":"https:\/\/ravyx.com\/","logo":{"@type":"ImageObject","inLanguage":"fr-CA","@id":"https:\/\/ravyx.com\/#\/schema\/logo\/image\/","url":"https:\/\/ravyx.com\/wp-content\/uploads\/2023\/09\/generic-brand-1.jpg","contentUrl":"https:\/\/ravyx.com\/wp-content\/uploads\/2023\/09\/generic-brand-1.jpg","width":1200,"height":1200,"caption":"Ravyx"},"image":{"@id":"https:\/\/ravyx.com\/#\/schema\/logo\/image\/"},"sameAs":["https:\/\/www.facebook.com\/stcrpos","https:\/\/x.com\/stcrpos","https:\/\/www.linkedin.com\/company\/stcr\/","https:\/\/www.youtube.com\/channel\/UCSWcsJARYjaQnz0T5o4p9DQ"]}]}},"_links":{"self":[{"href":"https:\/\/ravyx.com\/fr_ca\/wp-json\/wp\/v2\/pages\/2846","targetHints":{"allow":["GET"]}}],"collection":[{"href":"https:\/\/ravyx.com\/fr_ca\/wp-json\/wp\/v2\/pages"}],"about":[{"href":"https:\/\/ravyx.com\/fr_ca\/wp-json\/wp\/v2\/types\/page"}],"author":[{"embeddable":true,"href":"https:\/\/ravyx.com\/fr_ca\/wp-json\/wp\/v2\/users\/2"}],"replies":[{"embeddable":true,"href":"https:\/\/ravyx.com\/fr_ca\/wp-json\/wp\/v2\/comments?post=2846"}],"version-history":[{"count":0,"href":"https:\/\/ravyx.com\/fr_ca\/wp-json\/wp\/v2\/pages\/2846\/revisions"}],"up":[{"embeddable":true,"href":"https:\/\/ravyx.com\/fr_ca\/wp-json\/wp\/v2\/pages\/592"}],"wp:attachment":[{"href":"https:\/\/ravyx.com\/fr_ca\/wp-json\/wp\/v2\/media?parent=2846"}],"curies":[{"name":"wp","href":"https:\/\/api.w.org\/{rel}","templated":true}]}}