{"id":1073,"date":"2023-10-12T16:38:08","date_gmt":"2023-10-12T16:38:03","guid":{"rendered":"https:\/\/stcr.dev.dquinn.net\/?page_id=1073"},"modified":"2025-07-21T14:43:42","modified_gmt":"2025-07-21T18:43:42","slug":"electronic-shelf-labels","status":"publish","type":"page","link":"https:\/\/ravyx.com\/fr_ca\/solutions\/select-products\/electronic-shelf-labels\/","title":{"rendered":"\u00c9tiquettes \u00e9lectroniques"},"content":{"rendered":"<div class=\"wp-block-columns is-layout-flex wp-container-core-columns-is-layout-9d6595d7 wp-block-columns-is-layout-flex\">\n<div class=\"wp-block-column is-layout-flow wp-block-column-is-layout-flow\"><\/div>\n\n\n\n<div class=\"wp-block-column is-layout-flow wp-block-column-is-layout-flow\" style=\"flex-basis:80%\">\n<p class=\"has-text-align-center has-huge-font-size\">Dans le secteur concurrentiel de l'\u00e9picerie, il est essentiel de trouver des moyens d'augmenter les marges de profits. Les \u00e9tiquettes \u00e9lectroniques (ESL) offrent aux d\u00e9taillants une opportunit\u00e9 puissante, mais sous-utilis\u00e9e, d'acqu\u00e9rir une avance technologique - sans parler des \u00e9conomies r\u00e9alis\u00e9es sur le temps n\u00e9cessaire aux changements de prix manuels et sur les pertes encourues lorsque les prix sont erron\u00e9s.<\/p>\n<\/div>\n\n\n\n<div class=\"wp-block-column is-layout-flow wp-block-column-is-layout-flow\"><\/div>\n<\/div>\n\n\n\n<div class=\"wp-block-columns is-layout-flex wp-container-core-columns-is-layout-9d6595d7 wp-block-columns-is-layout-flex\">\n<div class=\"wp-block-column order-2 is-layout-flow wp-block-column-is-layout-flow\">\n<h2 class=\"wp-block-heading\">Caract\u00e9ristiques des \u00e9tiquettes \u00e9lectroniques :<\/h2>\n\n\n\n<ul class=\"wp-block-list stylized-list\">\n<li class=\"stylized-list\">G\u00e9olocalisation des produits et gestion des planogrammes en temps r\u00e9el.<\/li>\n\n\n\n<li>Optimisation de la pr\u00e9paration des commandes et du r\u00e9approvisionnement.<\/li>\n\n\n\n<li>Surveillance automatis\u00e9e des rayons et d\u00e9tection des ruptures de stock.<\/li>\n\n\n\n<li>Connectivit\u00e9 des consommateurs et services num\u00e9riques en magasin.<\/li>\n\n\n\n<li>Publicit\u00e9 et promotion num\u00e9riques.<\/li>\n\n\n\n<li>Acc\u00e8s aux donn\u00e9es environnementales, telles que les alertes de temp\u00e9rature dans les unit\u00e9s de r\u00e9frig\u00e9ration.<\/li>\n\n\n\n<li>Synchronisation des canaux avec les boutiques, les applications et les sites multiples en ligne.<\/li>\n<\/ul>\n<\/div>\n\n\n\n<div class=\"wp-block-column order-1 is-layout-flow wp-block-column-is-layout-flow\">\n<figure class=\"wp-block-image size-full\"><img loading=\"lazy\" decoding=\"async\" width=\"600\" height=\"400\" src=\"https:\/\/ravyx.com\/wp-content\/uploads\/2025\/07\/Website-Images-1.jpg\" alt=\"Electronic Shelf Labels Fruit\" class=\"wp-image-3861\" srcset=\"https:\/\/ravyx.com\/wp-content\/uploads\/2025\/07\/Website-Images-1.jpg 600w, https:\/\/ravyx.com\/wp-content\/uploads\/2025\/07\/Website-Images-1-300x200.jpg 300w, https:\/\/ravyx.com\/wp-content\/uploads\/2025\/07\/Website-Images-1-18x12.jpg 18w\" sizes=\"auto, (max-width: 600px) 100vw, 600px\" \/><\/figure>\n<\/div>\n<\/div>\n\n\n\n<h2 class=\"wp-block-heading has-text-align-center\">Avantages des \u00e9tiquettes \u00e9lectroniques dans votre magasin<\/h2>\n\n\n\n<div class=\"wp-block-columns is-layout-flex wp-container-core-columns-is-layout-9d6595d7 wp-block-columns-is-layout-flex\">\n<div class=\"wp-block-column is-layout-flow wp-block-column-is-layout-flow\"><div class=\"wp-block-image\">\n<figure class=\"aligncenter size-full is-resized\"><img loading=\"lazy\" decoding=\"async\" width=\"94\" height=\"98\" src=\"https:\/\/ravyx.com\/wp-content\/uploads\/2025\/05\/improved-productivity.svg\" alt=\"\" class=\"wp-image-3549\" style=\"width:100px\"\/><\/figure>\n<\/div>\n\n\n<h3 class=\"wp-block-heading has-text-align-center\">Am\u00e9lioration de la productivit\u00e9<\/h3>\n\n\n\n<p class=\"has-text-align-center\">Les changements de prix manuels peuvent faire perdre beaucoup de temps. Les ESL vous permettent d'am\u00e9liorer l'affectation de votre personnel et de l'utiliser \u00e0 d'autres fins - en faisant participer vos clients.<\/p>\n<\/div>\n\n\n\n<div class=\"wp-block-column is-layout-flow wp-block-column-is-layout-flow\"><div class=\"wp-block-image\">\n<figure class=\"aligncenter size-full is-resized\"><img loading=\"lazy\" decoding=\"async\" width=\"94\" height=\"98\" src=\"https:\/\/ravyx.com\/wp-content\/uploads\/2025\/05\/price-optimization-agility.svg\" alt=\"\" class=\"wp-image-3550\" style=\"width:100px\"\/><\/figure>\n<\/div>\n\n\n<h3 class=\"wp-block-heading has-text-align-center\">Optimisation des prix<\/h3>\n\n\n\n<p class=\"has-text-align-center\">Les changements de prix peuvent \u00eatre critiques en termes de temps - augmentez vos revenus et am\u00e9liorez vos marges de profits en quelques secondes selon la demande, les meilleures pratiques et plus encore.<\/p>\n<\/div>\n\n\n\n<div class=\"wp-block-column is-layout-flow wp-block-column-is-layout-flow\"><div class=\"wp-block-image\">\n<figure class=\"aligncenter size-full is-resized\"><img loading=\"lazy\" decoding=\"async\" width=\"94\" height=\"98\" src=\"https:\/\/ravyx.com\/wp-content\/uploads\/2025\/05\/accurate-price-management.svg\" alt=\"\" class=\"wp-image-3551\" style=\"width:100px\"\/><\/figure>\n<\/div>\n\n\n<h3 class=\"wp-block-heading has-text-align-center\">L'exactitude des prix<\/h3>\n\n\n\n<p class=\"has-text-align-center\">Les \u00e9tiquettes de prix en papier peuvent entra\u00eener des erreurs fr\u00e9quentes et co\u00fbteuses. Gardez vos clients satisfaits et garantissez l'int\u00e9grit\u00e9 des prix gr\u00e2ce \u00e0 des \u00e9tiquettes \u00e9lectroniques faciles \u00e0 mettre \u00e0 jour.<\/p>\n<\/div>\n<\/div>\n\n\n\n<div style=\"height:28px\" aria-hidden=\"true\" class=\"wp-block-spacer\"><\/div>\n\n\n\n<figure class=\"wp-block-embed is-type-video is-provider-youtube wp-block-embed-youtube wp-embed-aspect-16-9 wp-has-aspect-ratio\"><div class=\"wp-block-embed__wrapper\">\n<iframe loading=\"lazy\" title=\"Etiquettes \u00e9lectroniques de rayonnage - T\u00e9moignage client - VusionGroup x Lee&#039;s Discount Liquor\" width=\"500\" height=\"281\" src=\"https:\/\/www.youtube.com\/embed\/zqiqGqjub2I?list=PLDNn2XgLU9PihScvSYptOAzBzWyZ1f-ui\" frameborder=\"0\" allow=\"accelerometer; autoplay; clipboard-write; encrypted-media; gyroscope; picture-in-picture; web-share\" referrerpolicy=\"strict-origin-when-cross-origin\" allowfullscreen><\/iframe>\n<\/div><\/figure>\n\n\n\n<h2 class=\"wp-block-heading has-text-align-center\">En apprendre plus sur nos solutions :<\/h2>\n\n\n\n<section class=\"block-related wpx-custom-block\" id=\"acf-related-pages9592\">\n\n\t\t\n\t<div class=\"related-inner\">\n\n\t\t\n\t\t\t<article class=\"related-page\">\n\t\t\t\t<a href=\"https:\/\/ravyx.com\/fr_ca\/electronic-shelf-labels-history\/\">\n\t\t\t\t\t<div class=\"related-page-thumb\">\n\t\t\t\t\t\t\t\t\t\t\t\t<img decoding=\"async\" src=\"https:\/\/ravyx.com\/wp-content\/uploads\/2023\/09\/Electronic-Shelf-Labels-A-Brief-History-1-880x636.jpg\" alt=\"\" srcset=\"\" sizes=\"(max-width: 880px) 100vw, 880px\">\n\t\t\t\t\t<\/div>\n\t\t\t\t\t<div class=\"related-page-header\">\n\t\t\t\t\t\t<h1 class=\"related-page-title\">\u00c9tiquettes \u00e9lectroniques : une br\u00e8ve histoire et ses avantages<\/h1>\n\t\t\t\t\t<\/div>\n\t\t\t\t<\/a>\n\t\t\t<\/article>\n\n\t\t\t\n\t\t\n\t\t\t<article class=\"related-page\">\n\t\t\t\t<a href=\"https:\/\/ravyx.com\/fr_ca\/5-grocers-embracing-technology-around-globes\/\">\n\t\t\t\t\t<div class=\"related-page-thumb\">\n\t\t\t\t\t\t\t\t\t\t\t\t<img decoding=\"async\" src=\"https:\/\/ravyx.com\/wp-content\/uploads\/2023\/09\/generic-blog-img-880x601.jpg\" alt=\"\" srcset=\"\" sizes=\"(max-width: 880px) 100vw, 880px\">\n\t\t\t\t\t<\/div>\n\t\t\t\t\t<div class=\"related-page-header\">\n\t\t\t\t\t\t<h1 class=\"related-page-title\">5 \u00e9piciers qui adoptent la technologie dans le monde entier<\/h1>\n\t\t\t\t\t<\/div>\n\t\t\t\t<\/a>\n\t\t\t<\/article>\n\n\t\t\t\n\t\t\n\t\t\t<article class=\"related-page\">\n\t\t\t\t<a href=\"https:\/\/ravyx.com\/fr_ca\/8-ways-esl-improves-supermarket\/\">\n\t\t\t\t\t<div class=\"related-page-thumb\">\n\t\t\t\t\t\t\t\t\t\t\t\t<img decoding=\"async\" src=\"https:\/\/ravyx.com\/wp-content\/uploads\/2023\/09\/8-Key-Ways-ESLs-Will-Improve-Efficiencies-_-Save-Your-Supermarket-Time-_-Money-880x636.jpg\" alt=\"\" srcset=\"\" sizes=\"(max-width: 880px) 100vw, 880px\">\n\t\t\t\t\t<\/div>\n\t\t\t\t\t<div class=\"related-page-header\">\n\t\t\t\t\t\t<h1 class=\"related-page-title\">8 fa\u00e7ons d'am\u00e9liorer l'efficacit\u00e9 et de faire gagner du temps et de l'argent \u00e0 votre commerce gr\u00e2ce aux \u00e9tiquettes \u00e9lectroniques<\/h1>\n\t\t\t\t\t<\/div>\n\t\t\t\t<\/a>\n\t\t\t<\/article>\n\n\t\t\t\n\t\t\n\t<\/div>\n\n<\/section>","protected":false},"excerpt":{"rendered":"<p>In today&#8217;s competitive grocery industry, finding ways to increase profit margins is crucial. Electronic shelf labels (ESLs) present a powerful, yet underutilized, opportunity for retailers to gain a technological edge \u2014 not to mention save money on the time it takes for manual price changes and the loss incurred when prices are wrong. Features of [&hellip;]<\/p>\n","protected":false},"author":4,"featured_media":3465,"parent":668,"menu_order":3,"comment_status":"closed","ping_status":"closed","template":"","meta":{"_acf_changed":false,"footnotes":""},"class_list":["post-1073","page","type-page","status-publish","has-post-thumbnail","hentry"],"acf":[],"yoast_head":"<!-- This site is optimized with the Yoast SEO plugin v27.5 - https:\/\/yoast.com\/product\/yoast-seo-wordpress\/ -->\n<title>Electronic Shelf Labels (ESLs) | Ravyx<\/title>\n<meta name=\"description\" content=\"Interested in Electronic Shelf Labels? Learn how ESLs can help your retail business thrive in an ever changing world of retail technology.\" \/>\n<meta name=\"robots\" content=\"index, follow, max-snippet:-1, max-image-preview:large, max-video-preview:-1\" \/>\n<link rel=\"canonical\" href=\"https:\/\/ravyx.com\/fr_ca\/solutions\/select-products\/electronic-shelf-labels\/\" \/>\n<meta property=\"og:locale\" content=\"fr_CA\" \/>\n<meta property=\"og:type\" content=\"article\" \/>\n<meta property=\"og:title\" content=\"Electronic Shelf Labels (ESLs) | Ravyx\" \/>\n<meta property=\"og:description\" content=\"Interested in Electronic Shelf Labels? Learn how ESLs can help your retail business thrive in an ever changing world of retail technology.\" \/>\n<meta property=\"og:url\" content=\"https:\/\/ravyx.com\/fr_ca\/solutions\/select-products\/electronic-shelf-labels\/\" \/>\n<meta property=\"og:site_name\" content=\"Ravyx\" \/>\n<meta property=\"article:publisher\" content=\"https:\/\/www.facebook.com\/stcrpos\" \/>\n<meta property=\"article:modified_time\" content=\"2025-07-21T18:43:42+00:00\" \/>\n<meta property=\"og:image\" content=\"https:\/\/ravyx.com\/wp-content\/uploads\/2025\/03\/image-20231026-165745-356c4edf.jpeg\" \/>\n\t<meta property=\"og:image:width\" content=\"1920\" \/>\n\t<meta property=\"og:image:height\" content=\"1440\" \/>\n\t<meta property=\"og:image:type\" content=\"image\/jpeg\" \/>\n<meta name=\"twitter:card\" content=\"summary_large_image\" \/>\n<meta name=\"twitter:site\" content=\"@stcrpos\" \/>\n<meta name=\"twitter:label1\" content=\"Est. reading time\" \/>\n\t<meta name=\"twitter:data1\" content=\"2 minutes\" \/>\n<script type=\"application\/ld+json\" class=\"yoast-schema-graph\">{\"@context\":\"https:\\\/\\\/schema.org\",\"@graph\":[{\"@type\":\"WebPage\",\"@id\":\"https:\\\/\\\/ravyx.com\\\/solutions\\\/select-products\\\/electronic-shelf-labels\\\/\",\"url\":\"https:\\\/\\\/ravyx.com\\\/solutions\\\/select-products\\\/electronic-shelf-labels\\\/\",\"name\":\"Electronic Shelf Labels (ESLs) | Ravyx\",\"isPartOf\":{\"@id\":\"https:\\\/\\\/ravyx.com\\\/#website\"},\"primaryImageOfPage\":{\"@id\":\"https:\\\/\\\/ravyx.com\\\/solutions\\\/select-products\\\/electronic-shelf-labels\\\/#primaryimage\"},\"image\":{\"@id\":\"https:\\\/\\\/ravyx.com\\\/solutions\\\/select-products\\\/electronic-shelf-labels\\\/#primaryimage\"},\"thumbnailUrl\":\"https:\\\/\\\/ravyx.com\\\/wp-content\\\/uploads\\\/2025\\\/03\\\/image-20231026-165745-356c4edf.jpeg\",\"datePublished\":\"2023-10-12T16:38:03+00:00\",\"dateModified\":\"2025-07-21T18:43:42+00:00\",\"description\":\"Interested in Electronic Shelf Labels? Learn how ESLs can help your retail business thrive in an ever changing world of retail technology.\",\"breadcrumb\":{\"@id\":\"https:\\\/\\\/ravyx.com\\\/solutions\\\/select-products\\\/electronic-shelf-labels\\\/#breadcrumb\"},\"inLanguage\":\"fr-CA\",\"potentialAction\":[{\"@type\":\"ReadAction\",\"target\":[\"https:\\\/\\\/ravyx.com\\\/solutions\\\/select-products\\\/electronic-shelf-labels\\\/\"]}]},{\"@type\":\"ImageObject\",\"inLanguage\":\"fr-CA\",\"@id\":\"https:\\\/\\\/ravyx.com\\\/solutions\\\/select-products\\\/electronic-shelf-labels\\\/#primaryimage\",\"url\":\"https:\\\/\\\/ravyx.com\\\/wp-content\\\/uploads\\\/2025\\\/03\\\/image-20231026-165745-356c4edf.jpeg\",\"contentUrl\":\"https:\\\/\\\/ravyx.com\\\/wp-content\\\/uploads\\\/2025\\\/03\\\/image-20231026-165745-356c4edf.jpeg\",\"width\":1920,\"height\":1440,\"caption\":\"Electronic Shelf Labels\"},{\"@type\":\"BreadcrumbList\",\"@id\":\"https:\\\/\\\/ravyx.com\\\/solutions\\\/select-products\\\/electronic-shelf-labels\\\/#breadcrumb\",\"itemListElement\":[{\"@type\":\"ListItem\",\"position\":1,\"name\":\"Home\",\"item\":\"https:\\\/\\\/ravyx.com\\\/\"},{\"@type\":\"ListItem\",\"position\":2,\"name\":\"Solutions\",\"item\":\"https:\\\/\\\/ravyx.com\\\/solutions\\\/\"},{\"@type\":\"ListItem\",\"position\":3,\"name\":\"Select Products\",\"item\":\"https:\\\/\\\/ravyx.com\\\/solutions\\\/select-products\\\/\"},{\"@type\":\"ListItem\",\"position\":4,\"name\":\"Electronic Shelf Labels\"}]},{\"@type\":\"WebSite\",\"@id\":\"https:\\\/\\\/ravyx.com\\\/#website\",\"url\":\"https:\\\/\\\/ravyx.com\\\/\",\"name\":\"Ravyx\",\"description\":\"Proven Grocery Technologies\",\"publisher\":{\"@id\":\"https:\\\/\\\/ravyx.com\\\/#organization\"},\"potentialAction\":[{\"@type\":\"SearchAction\",\"target\":{\"@type\":\"EntryPoint\",\"urlTemplate\":\"https:\\\/\\\/ravyx.com\\\/?s={search_term_string}\"},\"query-input\":{\"@type\":\"PropertyValueSpecification\",\"valueRequired\":true,\"valueName\":\"search_term_string\"}}],\"inLanguage\":\"fr-CA\"},{\"@type\":\"Organization\",\"@id\":\"https:\\\/\\\/ravyx.com\\\/#organization\",\"name\":\"Ravyx\",\"url\":\"https:\\\/\\\/ravyx.com\\\/\",\"logo\":{\"@type\":\"ImageObject\",\"inLanguage\":\"fr-CA\",\"@id\":\"https:\\\/\\\/ravyx.com\\\/#\\\/schema\\\/logo\\\/image\\\/\",\"url\":\"https:\\\/\\\/ravyx.com\\\/wp-content\\\/uploads\\\/2023\\\/09\\\/generic-brand-1.jpg\",\"contentUrl\":\"https:\\\/\\\/ravyx.com\\\/wp-content\\\/uploads\\\/2023\\\/09\\\/generic-brand-1.jpg\",\"width\":1200,\"height\":1200,\"caption\":\"Ravyx\"},\"image\":{\"@id\":\"https:\\\/\\\/ravyx.com\\\/#\\\/schema\\\/logo\\\/image\\\/\"},\"sameAs\":[\"https:\\\/\\\/www.facebook.com\\\/stcrpos\",\"https:\\\/\\\/x.com\\\/stcrpos\",\"https:\\\/\\\/www.linkedin.com\\\/company\\\/stcr\\\/\",\"https:\\\/\\\/www.youtube.com\\\/channel\\\/UCSWcsJARYjaQnz0T5o4p9DQ\"]}]}<\/script>\n<!-- \/ Yoast SEO plugin. -->","yoast_head_json":{"title":"\u00c9tiquettes \u00e9lectroniques de rayonnage (ESL) | Ravyx","description":"Les \u00e9tiquettes \u00e9lectroniques de rayonnage vous int\u00e9ressent ? D\u00e9couvrez comment les ESL peuvent aider votre commerce de d\u00e9tail \u00e0 prosp\u00e9rer dans un monde en constante \u00e9volution de la technologie du commerce de d\u00e9tail.","robots":{"index":"index","follow":"follow","max-snippet":"max-snippet:-1","max-image-preview":"max-image-preview:large","max-video-preview":"max-video-preview:-1"},"canonical":"https:\/\/ravyx.com\/fr_ca\/solutions\/select-products\/electronic-shelf-labels\/","og_locale":"fr_CA","og_type":"article","og_title":"Electronic Shelf Labels (ESLs) | Ravyx","og_description":"Interested in Electronic Shelf Labels? Learn how ESLs can help your retail business thrive in an ever changing world of retail technology.","og_url":"https:\/\/ravyx.com\/fr_ca\/solutions\/select-products\/electronic-shelf-labels\/","og_site_name":"Ravyx","article_publisher":"https:\/\/www.facebook.com\/stcrpos","article_modified_time":"2025-07-21T18:43:42+00:00","og_image":[{"width":1920,"height":1440,"url":"https:\/\/ravyx.com\/wp-content\/uploads\/2025\/03\/image-20231026-165745-356c4edf.jpeg","type":"image\/jpeg"}],"twitter_card":"summary_large_image","twitter_site":"@stcrpos","twitter_misc":{"Est. reading time":"2 minutes"},"schema":{"@context":"https:\/\/schema.org","@graph":[{"@type":"WebPage","@id":"https:\/\/ravyx.com\/solutions\/select-products\/electronic-shelf-labels\/","url":"https:\/\/ravyx.com\/solutions\/select-products\/electronic-shelf-labels\/","name":"\u00c9tiquettes \u00e9lectroniques de rayonnage (ESL) | Ravyx","isPartOf":{"@id":"https:\/\/ravyx.com\/#website"},"primaryImageOfPage":{"@id":"https:\/\/ravyx.com\/solutions\/select-products\/electronic-shelf-labels\/#primaryimage"},"image":{"@id":"https:\/\/ravyx.com\/solutions\/select-products\/electronic-shelf-labels\/#primaryimage"},"thumbnailUrl":"https:\/\/ravyx.com\/wp-content\/uploads\/2025\/03\/image-20231026-165745-356c4edf.jpeg","datePublished":"2023-10-12T16:38:03+00:00","dateModified":"2025-07-21T18:43:42+00:00","description":"Les \u00e9tiquettes \u00e9lectroniques de rayonnage vous int\u00e9ressent ? D\u00e9couvrez comment les ESL peuvent aider votre commerce de d\u00e9tail \u00e0 prosp\u00e9rer dans un monde en constante \u00e9volution de la technologie du commerce de d\u00e9tail.","breadcrumb":{"@id":"https:\/\/ravyx.com\/solutions\/select-products\/electronic-shelf-labels\/#breadcrumb"},"inLanguage":"fr-CA","potentialAction":[{"@type":"ReadAction","target":["https:\/\/ravyx.com\/solutions\/select-products\/electronic-shelf-labels\/"]}]},{"@type":"ImageObject","inLanguage":"fr-CA","@id":"https:\/\/ravyx.com\/solutions\/select-products\/electronic-shelf-labels\/#primaryimage","url":"https:\/\/ravyx.com\/wp-content\/uploads\/2025\/03\/image-20231026-165745-356c4edf.jpeg","contentUrl":"https:\/\/ravyx.com\/wp-content\/uploads\/2025\/03\/image-20231026-165745-356c4edf.jpeg","width":1920,"height":1440,"caption":"Electronic Shelf Labels"},{"@type":"BreadcrumbList","@id":"https:\/\/ravyx.com\/solutions\/select-products\/electronic-shelf-labels\/#breadcrumb","itemListElement":[{"@type":"ListItem","position":1,"name":"Home","item":"https:\/\/ravyx.com\/"},{"@type":"ListItem","position":2,"name":"Solutions","item":"https:\/\/ravyx.com\/solutions\/"},{"@type":"ListItem","position":3,"name":"Select Products","item":"https:\/\/ravyx.com\/solutions\/select-products\/"},{"@type":"ListItem","position":4,"name":"Electronic Shelf Labels"}]},{"@type":"WebSite","@id":"https:\/\/ravyx.com\/#website","url":"https:\/\/ravyx.com\/","name":"Ravyx","description":"Proven Grocery Technologies","publisher":{"@id":"https:\/\/ravyx.com\/#organization"},"potentialAction":[{"@type":"SearchAction","target":{"@type":"EntryPoint","urlTemplate":"https:\/\/ravyx.com\/?s={search_term_string}"},"query-input":{"@type":"PropertyValueSpecification","valueRequired":true,"valueName":"search_term_string"}}],"inLanguage":"fr-CA"},{"@type":"Organization","@id":"https:\/\/ravyx.com\/#organization","name":"Ravyx","url":"https:\/\/ravyx.com\/","logo":{"@type":"ImageObject","inLanguage":"fr-CA","@id":"https:\/\/ravyx.com\/#\/schema\/logo\/image\/","url":"https:\/\/ravyx.com\/wp-content\/uploads\/2023\/09\/generic-brand-1.jpg","contentUrl":"https:\/\/ravyx.com\/wp-content\/uploads\/2023\/09\/generic-brand-1.jpg","width":1200,"height":1200,"caption":"Ravyx"},"image":{"@id":"https:\/\/ravyx.com\/#\/schema\/logo\/image\/"},"sameAs":["https:\/\/www.facebook.com\/stcrpos","https:\/\/x.com\/stcrpos","https:\/\/www.linkedin.com\/company\/stcr\/","https:\/\/www.youtube.com\/channel\/UCSWcsJARYjaQnz0T5o4p9DQ"]}]}},"_links":{"self":[{"href":"https:\/\/ravyx.com\/fr_ca\/wp-json\/wp\/v2\/pages\/1073","targetHints":{"allow":["GET"]}}],"collection":[{"href":"https:\/\/ravyx.com\/fr_ca\/wp-json\/wp\/v2\/pages"}],"about":[{"href":"https:\/\/ravyx.com\/fr_ca\/wp-json\/wp\/v2\/types\/page"}],"author":[{"embeddable":true,"href":"https:\/\/ravyx.com\/fr_ca\/wp-json\/wp\/v2\/users\/4"}],"replies":[{"embeddable":true,"href":"https:\/\/ravyx.com\/fr_ca\/wp-json\/wp\/v2\/comments?post=1073"}],"version-history":[{"count":0,"href":"https:\/\/ravyx.com\/fr_ca\/wp-json\/wp\/v2\/pages\/1073\/revisions"}],"up":[{"embeddable":true,"href":"https:\/\/ravyx.com\/fr_ca\/wp-json\/wp\/v2\/pages\/668"}],"wp:featuredmedia":[{"embeddable":true,"href":"https:\/\/ravyx.com\/fr_ca\/wp-json\/wp\/v2\/media\/3465"}],"wp:attachment":[{"href":"https:\/\/ravyx.com\/fr_ca\/wp-json\/wp\/v2\/media?parent=1073"}],"curies":[{"name":"wp","href":"https:\/\/api.w.org\/{rel}","templated":true}]}}