{"id":1052,"date":"2023-10-12T16:23:08","date_gmt":"2023-10-12T16:23:21","guid":{"rendered":"https:\/\/stcr.dev.dquinn.net\/?page_id=1052"},"modified":"2025-06-30T16:17:19","modified_gmt":"2025-06-30T20:17:19","slug":"pos-applications","status":"publish","type":"page","link":"https:\/\/ravyx.com\/fr_ca\/solutions\/select-products\/pos-applications\/","title":{"rendered":"Applications POS"},"content":{"rendered":"<div class=\"wp-block-columns is-layout-flex wp-container-core-columns-is-layout-9d6595d7 wp-block-columns-is-layout-flex\">\n<div class=\"wp-block-column is-layout-flow wp-block-column-is-layout-flow\"><\/div>\n\n\n\n<div class=\"wp-block-column is-layout-flow wp-block-column-is-layout-flow\" style=\"flex-basis:80%\">\n<p class=\"has-text-align-center has-huge-font-size\">Du point de vente au back-office en passant par le h\u00f4te central, LOC ThriVersA &amp; SMS et Toshiba ACE &amp; Elera offrent des solutions de gestion de magasin dont vous avez besoin pour g\u00e9rer votre activit\u00e9 de mani\u00e8re int\u00e9gr\u00e9e et efficace.<\/p>\n<\/div>\n\n\n\n<div class=\"wp-block-column is-layout-flow wp-block-column-is-layout-flow\"><\/div>\n<\/div>\n\n\n\n<div class=\"wp-block-columns is-layout-flex wp-container-core-columns-is-layout-9d6595d7 wp-block-columns-is-layout-flex\">\n<div class=\"wp-block-column is-layout-flow wp-block-column-is-layout-flow\">\n<h2 class=\"wp-block-heading\">Caract\u00e9ristiques sp\u00e9ciales de Toshiba ACE et Elera : <\/h2>\n\n\n\n<p>Les solutions compl\u00e8tes de Toshiba acc\u00e9l\u00e8rent l'avenir de l'\u00e9picerie en offrant flexibilit\u00e9, \u00e9volutivit\u00e9 et innovation.<\/p>\n\n\n\n<ul class=\"stylized-list wp-block-list\">\n<li class=\"stylized-list\">Fiabilit\u00e9 \u00e0 toute \u00e9preuve et un temps d'usage in\u00e9gal\u00e9 pour garantir que votre \u00e9picerie fonctionne de mani\u00e8re optimale \u00e0 tout moment.<\/li>\n\n\n\n<li>Nouvelle architecture de microservices sur le march\u00e9, vous permettant de d\u00e9velopper l'application pour r\u00e9pondre aux besoins changeants de vos clients.<\/li>\n\n\n\n<li>Fonctionnalit\u00e9s am\u00e9lior\u00e9es telles que la fid\u00e9lisation, la reconnaissance des produits, le cryptage de bout en bout et bien d'autres encore.<\/li>\n<\/ul>\n<\/div>\n\n\n\n<div class=\"wp-block-column is-layout-flow wp-block-column-is-layout-flow\">\n<figure class=\"wp-block-image size-full\"><img loading=\"lazy\" decoding=\"async\" width=\"681\" height=\"461\" src=\"https:\/\/ravyx.com\/wp-content\/uploads\/2023\/10\/toshiba-ace-elera.jpg\" alt=\"\" class=\"wp-image-2015\" srcset=\"https:\/\/ravyx.com\/wp-content\/uploads\/2023\/10\/toshiba-ace-elera.jpg 681w, https:\/\/ravyx.com\/wp-content\/uploads\/2023\/10\/toshiba-ace-elera-300x203.jpg 300w\" sizes=\"auto, (max-width: 681px) 100vw, 681px\" \/><\/figure>\n<\/div>\n<\/div>\n\n\n\n<div class=\"wp-block-columns is-layout-flex wp-container-core-columns-is-layout-9d6595d7 wp-block-columns-is-layout-flex\">\n<div class=\"wp-block-column order-1 is-layout-flow wp-block-column-is-layout-flow\">\n<figure class=\"wp-block-image size-full is-resized\"><img loading=\"lazy\" decoding=\"async\" width=\"681\" height=\"461\" src=\"https:\/\/ravyx.com\/wp-content\/uploads\/2023\/10\/loc-sms-2.jpg\" alt=\"\" class=\"wp-image-1058\" style=\"aspect-ratio:1.4772234273318872;width:595px;height:auto\" srcset=\"https:\/\/ravyx.com\/wp-content\/uploads\/2023\/10\/loc-sms-2.jpg 681w, https:\/\/ravyx.com\/wp-content\/uploads\/2023\/10\/loc-sms-2-300x203.jpg 300w\" sizes=\"auto, (max-width: 681px) 100vw, 681px\" \/><\/figure>\n<\/div>\n\n\n\n<div class=\"wp-block-column order-2 is-layout-flow wp-block-column-is-layout-flow\">\n<h2 class=\"wp-block-heading\">Caract\u00e9ristiques sp\u00e9ciales de LOC ThriVersA et SMS :<\/h2>\n\n\n\n<ul class=\"stylized-list wp-block-list\">\n<li class=\"stylized-list\">POS<\/li>\n\n\n\n<li>Processus d'achat complet<\/li>\n\n\n\n<li>Commande assist\u00e9e par ordinateur<\/li>\n\n\n\n<li>Livraison directe (DSD)<\/li>\n\n\n\n<li>\u00c9tiquettes et enseignes natives<\/li>\n\n\n\n<li>Catalogue des fournisseurs <\/li>\n\n\n\n<li>Gestion des balances<\/li>\n\n\n\n<li>Optimisation des prix <\/li>\n\n\n\n<li>Pr\u00e9visions<\/li>\n<\/ul>\n<\/div>\n<\/div>\n\n\n\n<div class=\"wp-block-columns is-layout-flex wp-container-core-columns-is-layout-9d6595d7 wp-block-columns-is-layout-flex\">\n<div class=\"wp-block-column is-layout-flow wp-block-column-is-layout-flow\">\n<h3 class=\"wp-block-heading\">Avantages de ThriVersA et SMS pour la fid\u00e9lisation :<\/h3>\n\n\n\n<ul class=\"stylized-list wp-block-list\">\n<li class=\"stylized-list\">Conception d'une base de donn\u00e9es unique et unifi\u00e9e<\/li>\n\n\n\n<li>Alignement des points de vente sur le back-office et l'h\u00f4te<\/li>\n\n\n\n<li>Assure un flux de donn\u00e9es fluide dans toutes les directions, m\u00eame entre les magasins.<\/li>\n\n\n\n<li>Disponibilit\u00e9 de l'information partout, l'interaction se fait l\u00e0 o\u00f9 elle a le plus de sens.<\/li>\n\n\n\n<li>Le marketing de pr\u00e9cision et le moteur de promotion puissant peuvent cibler sp\u00e9cifiquement vos clients.<\/li>\n\n\n\n<li>Promotions avanc\u00e9es<\/li>\n\n\n\n<li>Offres cibl\u00e9es par cartes ou anonymes<\/li>\n\n\n\n<li class=\"stylized-list\">Segmentation de la client\u00e8le<\/li>\n\n\n\n<li>Analyse des habitudes de d\u00e9penses en fonction d'indicateurs de performance cl\u00e9s<\/li>\n\n\n\n<li>Offres cibl\u00e9es bas\u00e9es sur des crit\u00e8res personnalis\u00e9s<\/li>\n\n\n\n<li>Analyse des r\u00e9sultats<\/li>\n<\/ul>\n<\/div>\n\n\n\n<div class=\"wp-block-column is-layout-flow wp-block-column-is-layout-flow\">\n<h3 class=\"wp-block-heading\">Avantages de ThriVersA et SMS pour le commerce \u00e9lectronique et les consommateurs mobiles :<\/h3>\n\n\n\n<ul class=\"stylized-list wp-block-list\">\n<li class=\"stylized-list\">Aligne les transactions en magasin, en ligne et mobiles<\/li>\n\n\n\n<li>Fid\u00e9lisation fluide entre le web et le magasin<\/li>\n\n\n\n<li>Les donn\u00e9es circulent naturellement et en temps r\u00e9el<\/li>\n\n\n\n<li>Utilis\u00e9 sur n'importe quel appareil ou syst\u00e8me d'exploitation<\/li>\n<\/ul>\n\n\n\n<h3 class=\"wp-block-heading has-text-align-left\">Avantages de ThriVersA et SMS pour le si\u00e8ge social :<\/h3>\n\n\n\n<ul class=\"stylized-list wp-block-list\">\n<li class=\"stylized-list\">Exploitation des donn\u00e9es transactionnelles et op\u00e9rationnelles \u00e0 partir d'un point central<\/li>\n\n\n\n<li>Maintenance contr\u00f4l\u00e9e et d\u00e9taill\u00e9e dans l'ensemble de vos magasins<\/li>\n\n\n\n<li>Analyses des donn\u00e9es de rapports consolid\u00e9s<\/li>\n\n\n\n<li>Moteur centralis\u00e9 de fid\u00e9lisation et de promotion<\/li>\n\n\n\n<li>Pr\u00e9vention des pertes par contr\u00f4le centralis\u00e9<\/li>\n<\/ul>\n<\/div>\n<\/div>\n\n\n\n<div class=\"wp-block-columns is-layout-flex wp-container-core-columns-is-layout-9d6595d7 wp-block-columns-is-layout-flex\">\n<div class=\"wp-block-column is-layout-flow wp-block-column-is-layout-flow\">\n<h3 class=\"wp-block-heading\">Avantages de ThriVersA et SMS pour le reporting :<\/h3>\n\n\n\n<ul class=\"stylized-list wp-block-list\">\n<li class=\"stylized-list\">Reporting dynamique - moins de rapports, plus de donn\u00e9es<\/li>\n\n\n\n<li>Expose les donn\u00e9es qui ont un sens au moment et \u00e0 l'endroit o\u00f9 vous en avez besoin<\/li>\n<\/ul>\n<\/div>\n<\/div>\n\n\n\n<div class=\"block-inline-cta wpx-custom-block\" id=\"acf-inline-cta6626\">\n\n\t<div class=\"inline-cta-inner\">\n\t\t\n\t\t<h3 class=\"inline-cta-title\">Vous souhaitez en savoir plus sur LOC ThriVersA &amp; SMS et Toshiba ACE &amp; Elera ?<\/h3>\t\t\n\t\t\t\t\t<div class=\"button-group\">\n\t\t\t\t<a href=\"https:\/\/ravyx.com\/fr_ca\/contact-us\/\" target=\"\" class=\"wpx-button\">CONTACTEZ-NOUS<\/a>\n\t\t\t<\/div>\n\t\t\n\t<\/div>\n\n<\/div>\n\n\n<h2 class=\"wp-block-heading has-text-align-center\">En apprendre plus sur nos solutions :<\/h2>\n\n\n\n<section class=\"block-related wpx-custom-block\" id=\"acf-related-pages9427\">\n\n\t\t\n\t<div class=\"related-inner\">\n\n\t\t\n\t\t\t<article class=\"related-page\">\n\t\t\t\t<a href=\"https:\/\/ravyx.com\/fr_ca\/are-out-stock-items-hurting-your-online-grocery-sales\/\">\n\t\t\t\t\t<div class=\"related-page-thumb\">\n\t\t\t\t\t\t\t\t\t\t\t\t<img decoding=\"async\" src=\"https:\/\/ravyx.com\/wp-content\/uploads\/2023\/10\/Are-Out-of-Stock-Items-Hurting-Your-Online-Grocery-Sales_-880x636.jpg\" alt=\"\" srcset=\"\" sizes=\"(max-width: 880px) 100vw, 880px\">\n\t\t\t\t\t<\/div>\n\t\t\t\t\t<div class=\"related-page-header\">\n\t\t\t\t\t\t<h1 class=\"related-page-title\">Comment \u00e9viter que les ruptures de stock ne nuisent \u00e0 vos ventes en ligne.<\/h1>\n\t\t\t\t\t<\/div>\n\t\t\t\t<\/a>\n\t\t\t<\/article>\n\n\t\t\t\n\t\t\n\t\t\t<article class=\"related-page\">\n\t\t\t\t<a href=\"https:\/\/ravyx.com\/fr_ca\/how-upgrade-store-shopping-grocery-technology\/\">\n\t\t\t\t\t<div class=\"related-page-thumb\">\n\t\t\t\t\t\t\t\t\t\t\t\t<img decoding=\"async\" src=\"https:\/\/ravyx.com\/wp-content\/uploads\/2023\/10\/How-To-Upgrade-In-Store-Shopping-With-Grocery-Technology-1-880x636.jpg\" alt=\"\" srcset=\"\" sizes=\"(max-width: 880px) 100vw, 880px\">\n\t\t\t\t\t<\/div>\n\t\t\t\t\t<div class=\"related-page-header\">\n\t\t\t\t\t\t<h1 class=\"related-page-title\">Comment am\u00e9liorer les achats en magasin gr\u00e2ce \u00e0 la technologie du secteur de l'\u00e9picerie<\/h1>\n\t\t\t\t\t<\/div>\n\t\t\t\t<\/a>\n\t\t\t<\/article>\n\n\t\t\t\n\t\t\n\t\t\t<article class=\"related-page\">\n\t\t\t\t<a href=\"https:\/\/ravyx.com\/fr_ca\/bringing-digital-experiences-shoppers-carts\/\">\n\t\t\t\t\t<div class=\"related-page-thumb\">\n\t\t\t\t\t\t\t\t\t\t\t\t<img decoding=\"async\" src=\"https:\/\/ravyx.com\/wp-content\/uploads\/2023\/09\/generic-blog-img-880x601.jpg\" alt=\"\" srcset=\"\" sizes=\"(max-width: 880px) 100vw, 880px\">\n\t\t\t\t\t<\/div>\n\t\t\t\t\t<div class=\"related-page-header\">\n\t\t\t\t\t\t<h1 class=\"related-page-title\">Apporter des exp\u00e9riences num\u00e9riques aux paniers des consommateurs<\/h1>\n\t\t\t\t\t<\/div>\n\t\t\t\t<\/a>\n\t\t\t<\/article>\n\n\t\t\t\n\t\t\n\t<\/div>\n\n<\/section>\n\n\n\n\n<p class=\"has-text-align-center\"><a href=\"https:\/\/ravyx.com\/fr_ca\/2-ways-self-checkout-technology-advancing\/\"><\/a><\/p>","protected":false},"excerpt":{"rendered":"<p>Les applications POS telles que LOC SMS et Toshiba ACE &amp; Elera vous offrent toutes les fonctionnalit\u00e9s dont vous avez besoin pour g\u00e9rer votre entreprise de mani\u00e8re int\u00e9gr\u00e9e.<\/p>","protected":false},"author":4,"featured_media":0,"parent":668,"menu_order":0,"comment_status":"closed","ping_status":"closed","template":"","meta":{"_acf_changed":false,"footnotes":""},"class_list":["post-1052","page","type-page","status-publish","hentry"],"acf":[],"yoast_head":"<!-- This site is optimized with the Yoast SEO plugin v27.5 - https:\/\/yoast.com\/product\/yoast-seo-wordpress\/ -->\n<title>POS Applications | LOC ThriVersA &amp; SMS + Toshiba ACE &amp; Elera | Ravyx<\/title>\n<meta name=\"description\" content=\"POS applications supported by Ravyx that deliver all the features and functionality that modern retailers need \u2014 from inventory to loyalty tools and more.\" \/>\n<meta name=\"robots\" content=\"index, follow, max-snippet:-1, max-image-preview:large, max-video-preview:-1\" \/>\n<link rel=\"canonical\" href=\"https:\/\/ravyx.com\/fr_ca\/solutions\/select-products\/pos-applications\/\" \/>\n<meta property=\"og:locale\" content=\"fr_CA\" \/>\n<meta property=\"og:type\" content=\"article\" \/>\n<meta property=\"og:title\" content=\"POS Applications | LOC ThriVersA &amp; SMS + Toshiba ACE &amp; Elera | Ravyx\" \/>\n<meta property=\"og:description\" content=\"POS applications supported by Ravyx that deliver all the features and functionality that modern retailers need \u2014 from inventory to loyalty tools and more.\" \/>\n<meta property=\"og:url\" content=\"https:\/\/ravyx.com\/fr_ca\/solutions\/select-products\/pos-applications\/\" \/>\n<meta property=\"og:site_name\" content=\"Ravyx\" \/>\n<meta property=\"article:publisher\" content=\"https:\/\/www.facebook.com\/stcrpos\" \/>\n<meta property=\"article:modified_time\" content=\"2025-06-30T20:17:19+00:00\" \/>\n<meta property=\"og:image\" content=\"https:\/\/ravyx.com\/wp-content\/uploads\/2023\/10\/toshiba-ace-elera.jpg\" \/>\n<meta name=\"twitter:card\" content=\"summary_large_image\" \/>\n<meta name=\"twitter:site\" content=\"@stcrpos\" \/>\n<meta name=\"twitter:label1\" content=\"Est. reading time\" \/>\n\t<meta name=\"twitter:data1\" content=\"2 minutes\" \/>\n<script type=\"application\/ld+json\" class=\"yoast-schema-graph\">{\"@context\":\"https:\\\/\\\/schema.org\",\"@graph\":[{\"@type\":\"WebPage\",\"@id\":\"https:\\\/\\\/ravyx.com\\\/solutions\\\/select-products\\\/pos-applications\\\/\",\"url\":\"https:\\\/\\\/ravyx.com\\\/solutions\\\/select-products\\\/pos-applications\\\/\",\"name\":\"POS Applications | LOC ThriVersA & SMS + Toshiba ACE & Elera | Ravyx\",\"isPartOf\":{\"@id\":\"https:\\\/\\\/ravyx.com\\\/#website\"},\"primaryImageOfPage\":{\"@id\":\"https:\\\/\\\/ravyx.com\\\/solutions\\\/select-products\\\/pos-applications\\\/#primaryimage\"},\"image\":{\"@id\":\"https:\\\/\\\/ravyx.com\\\/solutions\\\/select-products\\\/pos-applications\\\/#primaryimage\"},\"thumbnailUrl\":\"https:\\\/\\\/ravyx.com\\\/wp-content\\\/uploads\\\/2023\\\/10\\\/toshiba-ace-elera.jpg\",\"datePublished\":\"2023-10-12T16:23:21+00:00\",\"dateModified\":\"2025-06-30T20:17:19+00:00\",\"description\":\"POS applications supported by Ravyx that deliver all the features and functionality that modern retailers need \u2014 from inventory to loyalty tools and more.\",\"breadcrumb\":{\"@id\":\"https:\\\/\\\/ravyx.com\\\/solutions\\\/select-products\\\/pos-applications\\\/#breadcrumb\"},\"inLanguage\":\"fr-CA\",\"potentialAction\":[{\"@type\":\"ReadAction\",\"target\":[\"https:\\\/\\\/ravyx.com\\\/solutions\\\/select-products\\\/pos-applications\\\/\"]}]},{\"@type\":\"ImageObject\",\"inLanguage\":\"fr-CA\",\"@id\":\"https:\\\/\\\/ravyx.com\\\/solutions\\\/select-products\\\/pos-applications\\\/#primaryimage\",\"url\":\"https:\\\/\\\/ravyx.com\\\/wp-content\\\/uploads\\\/2023\\\/10\\\/toshiba-ace-elera.jpg\",\"contentUrl\":\"https:\\\/\\\/ravyx.com\\\/wp-content\\\/uploads\\\/2023\\\/10\\\/toshiba-ace-elera.jpg\"},{\"@type\":\"BreadcrumbList\",\"@id\":\"https:\\\/\\\/ravyx.com\\\/solutions\\\/select-products\\\/pos-applications\\\/#breadcrumb\",\"itemListElement\":[{\"@type\":\"ListItem\",\"position\":1,\"name\":\"Home\",\"item\":\"https:\\\/\\\/ravyx.com\\\/\"},{\"@type\":\"ListItem\",\"position\":2,\"name\":\"Solutions\",\"item\":\"https:\\\/\\\/ravyx.com\\\/solutions\\\/\"},{\"@type\":\"ListItem\",\"position\":3,\"name\":\"Select Products\",\"item\":\"https:\\\/\\\/ravyx.com\\\/solutions\\\/select-products\\\/\"},{\"@type\":\"ListItem\",\"position\":4,\"name\":\"POS Applications\"}]},{\"@type\":\"WebSite\",\"@id\":\"https:\\\/\\\/ravyx.com\\\/#website\",\"url\":\"https:\\\/\\\/ravyx.com\\\/\",\"name\":\"Ravyx\",\"description\":\"Proven Grocery Technologies\",\"publisher\":{\"@id\":\"https:\\\/\\\/ravyx.com\\\/#organization\"},\"potentialAction\":[{\"@type\":\"SearchAction\",\"target\":{\"@type\":\"EntryPoint\",\"urlTemplate\":\"https:\\\/\\\/ravyx.com\\\/?s={search_term_string}\"},\"query-input\":{\"@type\":\"PropertyValueSpecification\",\"valueRequired\":true,\"valueName\":\"search_term_string\"}}],\"inLanguage\":\"fr-CA\"},{\"@type\":\"Organization\",\"@id\":\"https:\\\/\\\/ravyx.com\\\/#organization\",\"name\":\"Ravyx\",\"url\":\"https:\\\/\\\/ravyx.com\\\/\",\"logo\":{\"@type\":\"ImageObject\",\"inLanguage\":\"fr-CA\",\"@id\":\"https:\\\/\\\/ravyx.com\\\/#\\\/schema\\\/logo\\\/image\\\/\",\"url\":\"https:\\\/\\\/ravyx.com\\\/wp-content\\\/uploads\\\/2023\\\/09\\\/generic-brand-1.jpg\",\"contentUrl\":\"https:\\\/\\\/ravyx.com\\\/wp-content\\\/uploads\\\/2023\\\/09\\\/generic-brand-1.jpg\",\"width\":1200,\"height\":1200,\"caption\":\"Ravyx\"},\"image\":{\"@id\":\"https:\\\/\\\/ravyx.com\\\/#\\\/schema\\\/logo\\\/image\\\/\"},\"sameAs\":[\"https:\\\/\\\/www.facebook.com\\\/stcrpos\",\"https:\\\/\\\/x.com\\\/stcrpos\",\"https:\\\/\\\/www.linkedin.com\\\/company\\\/stcr\\\/\",\"https:\\\/\\\/www.youtube.com\\\/channel\\\/UCSWcsJARYjaQnz0T5o4p9DQ\"]}]}<\/script>\n<!-- \/ Yoast SEO plugin. -->","yoast_head_json":{"title":"Applications POS | LOC ThriVersA &amp; SMS + Toshiba ACE &amp; Elera | Ravyx","description":"Les applications POS soutenues par Ravyx offrent toutes les caract\u00e9ristiques et fonctionnalit\u00e9s dont les d\u00e9taillants modernes ont besoin - de l'inventaire aux outils de fid\u00e9lisation et plus encore.","robots":{"index":"index","follow":"follow","max-snippet":"max-snippet:-1","max-image-preview":"max-image-preview:large","max-video-preview":"max-video-preview:-1"},"canonical":"https:\/\/ravyx.com\/fr_ca\/solutions\/select-products\/pos-applications\/","og_locale":"fr_CA","og_type":"article","og_title":"POS Applications | LOC ThriVersA & SMS + Toshiba ACE & Elera | Ravyx","og_description":"POS applications supported by Ravyx that deliver all the features and functionality that modern retailers need \u2014 from inventory to loyalty tools and more.","og_url":"https:\/\/ravyx.com\/fr_ca\/solutions\/select-products\/pos-applications\/","og_site_name":"Ravyx","article_publisher":"https:\/\/www.facebook.com\/stcrpos","article_modified_time":"2025-06-30T20:17:19+00:00","og_image":[{"url":"https:\/\/ravyx.com\/wp-content\/uploads\/2023\/10\/toshiba-ace-elera.jpg","type":"","width":"","height":""}],"twitter_card":"summary_large_image","twitter_site":"@stcrpos","twitter_misc":{"Est. reading time":"2 minutes"},"schema":{"@context":"https:\/\/schema.org","@graph":[{"@type":"WebPage","@id":"https:\/\/ravyx.com\/solutions\/select-products\/pos-applications\/","url":"https:\/\/ravyx.com\/solutions\/select-products\/pos-applications\/","name":"Applications POS | LOC ThriVersA &amp; SMS + Toshiba ACE &amp; Elera | Ravyx","isPartOf":{"@id":"https:\/\/ravyx.com\/#website"},"primaryImageOfPage":{"@id":"https:\/\/ravyx.com\/solutions\/select-products\/pos-applications\/#primaryimage"},"image":{"@id":"https:\/\/ravyx.com\/solutions\/select-products\/pos-applications\/#primaryimage"},"thumbnailUrl":"https:\/\/ravyx.com\/wp-content\/uploads\/2023\/10\/toshiba-ace-elera.jpg","datePublished":"2023-10-12T16:23:21+00:00","dateModified":"2025-06-30T20:17:19+00:00","description":"Les applications POS soutenues par Ravyx offrent toutes les caract\u00e9ristiques et fonctionnalit\u00e9s dont les d\u00e9taillants modernes ont besoin - de l'inventaire aux outils de fid\u00e9lisation et plus encore.","breadcrumb":{"@id":"https:\/\/ravyx.com\/solutions\/select-products\/pos-applications\/#breadcrumb"},"inLanguage":"fr-CA","potentialAction":[{"@type":"ReadAction","target":["https:\/\/ravyx.com\/solutions\/select-products\/pos-applications\/"]}]},{"@type":"ImageObject","inLanguage":"fr-CA","@id":"https:\/\/ravyx.com\/solutions\/select-products\/pos-applications\/#primaryimage","url":"https:\/\/ravyx.com\/wp-content\/uploads\/2023\/10\/toshiba-ace-elera.jpg","contentUrl":"https:\/\/ravyx.com\/wp-content\/uploads\/2023\/10\/toshiba-ace-elera.jpg"},{"@type":"BreadcrumbList","@id":"https:\/\/ravyx.com\/solutions\/select-products\/pos-applications\/#breadcrumb","itemListElement":[{"@type":"ListItem","position":1,"name":"Home","item":"https:\/\/ravyx.com\/"},{"@type":"ListItem","position":2,"name":"Solutions","item":"https:\/\/ravyx.com\/solutions\/"},{"@type":"ListItem","position":3,"name":"Select Products","item":"https:\/\/ravyx.com\/solutions\/select-products\/"},{"@type":"ListItem","position":4,"name":"POS Applications"}]},{"@type":"WebSite","@id":"https:\/\/ravyx.com\/#website","url":"https:\/\/ravyx.com\/","name":"Ravyx","description":"Proven Grocery Technologies","publisher":{"@id":"https:\/\/ravyx.com\/#organization"},"potentialAction":[{"@type":"SearchAction","target":{"@type":"EntryPoint","urlTemplate":"https:\/\/ravyx.com\/?s={search_term_string}"},"query-input":{"@type":"PropertyValueSpecification","valueRequired":true,"valueName":"search_term_string"}}],"inLanguage":"fr-CA"},{"@type":"Organization","@id":"https:\/\/ravyx.com\/#organization","name":"Ravyx","url":"https:\/\/ravyx.com\/","logo":{"@type":"ImageObject","inLanguage":"fr-CA","@id":"https:\/\/ravyx.com\/#\/schema\/logo\/image\/","url":"https:\/\/ravyx.com\/wp-content\/uploads\/2023\/09\/generic-brand-1.jpg","contentUrl":"https:\/\/ravyx.com\/wp-content\/uploads\/2023\/09\/generic-brand-1.jpg","width":1200,"height":1200,"caption":"Ravyx"},"image":{"@id":"https:\/\/ravyx.com\/#\/schema\/logo\/image\/"},"sameAs":["https:\/\/www.facebook.com\/stcrpos","https:\/\/x.com\/stcrpos","https:\/\/www.linkedin.com\/company\/stcr\/","https:\/\/www.youtube.com\/channel\/UCSWcsJARYjaQnz0T5o4p9DQ"]}]}},"_links":{"self":[{"href":"https:\/\/ravyx.com\/fr_ca\/wp-json\/wp\/v2\/pages\/1052","targetHints":{"allow":["GET"]}}],"collection":[{"href":"https:\/\/ravyx.com\/fr_ca\/wp-json\/wp\/v2\/pages"}],"about":[{"href":"https:\/\/ravyx.com\/fr_ca\/wp-json\/wp\/v2\/types\/page"}],"author":[{"embeddable":true,"href":"https:\/\/ravyx.com\/fr_ca\/wp-json\/wp\/v2\/users\/4"}],"replies":[{"embeddable":true,"href":"https:\/\/ravyx.com\/fr_ca\/wp-json\/wp\/v2\/comments?post=1052"}],"version-history":[{"count":0,"href":"https:\/\/ravyx.com\/fr_ca\/wp-json\/wp\/v2\/pages\/1052\/revisions"}],"up":[{"embeddable":true,"href":"https:\/\/ravyx.com\/fr_ca\/wp-json\/wp\/v2\/pages\/668"}],"wp:attachment":[{"href":"https:\/\/ravyx.com\/fr_ca\/wp-json\/wp\/v2\/media?parent=1052"}],"curies":[{"name":"wp","href":"https:\/\/api.w.org\/{rel}","templated":true}]}}