{"id":1008,"date":"2023-10-12T15:49:08","date_gmt":"2023-10-12T15:49:37","guid":{"rendered":"https:\/\/stcr.dev.dquinn.net\/?page_id=1008"},"modified":"2025-06-18T13:14:52","modified_gmt":"2025-06-18T17:14:52","slug":"point-of-sale","status":"publish","type":"page","link":"https:\/\/ravyx.com\/fr_ca\/solutions\/select-products\/point-of-sale\/","title":{"rendered":"Point de vente"},"content":{"rendered":"<div class=\"wp-block-columns is-layout-flex wp-container-core-columns-is-layout-9d6595d7 wp-block-columns-is-layout-flex\">\n<div class=\"wp-block-column is-layout-flow wp-block-column-is-layout-flow\"><\/div>\n\n\n\n<div class=\"wp-block-column is-layout-flow wp-block-column-is-layout-flow\" style=\"flex-basis:80%\">\n<p class=\"has-text-align-center has-huge-font-size\">Traitez les paiements et assurez le bon fonctionnement de votre commerce de d\u00e9tail gr\u00e2ce aux syst\u00e8mes mat\u00e9riels et logiciels prim\u00e9s et enti\u00e8rement adaptables des POS de Toshiba.<\/p>\n<\/div>\n\n\n\n<div class=\"wp-block-column is-layout-flow wp-block-column-is-layout-flow\"><\/div>\n<\/div>\n\n\n\n<div class=\"wp-block-columns are-vertically-aligned-center is-layout-flex wp-container-core-columns-is-layout-9d6595d7 wp-block-columns-is-layout-flex\">\n<div class=\"wp-block-column is-vertically-aligned-center order-2 is-layout-flow wp-block-column-is-layout-flow\">\n<h2 class=\"wp-block-heading\">Avantages des points de vente Toshiba :<\/h2>\n\n\n\n<ul class=\"wp-block-list stylized-list\">\n<li class=\"stylized-list\">Acc\u00e9l\u00e9rez le passage en caisse et am\u00e9liorer la productivit\u00e9 gr\u00e2ce \u00e0 des plateformes puissantes, y compris des options portables.<\/li>\n\n\n\n<li>Maximisez le temps d'usage et aidez \u00e0 r\u00e9duire les co\u00fbts de maintenance gr\u00e2ce \u00e0 une conception pratiquement sans outil.<\/li>\n\n\n\n<li>Acc\u00e8s frontal facile et s\u00e9curis\u00e9 et entretien facile.<\/li>\n\n\n\n<li>Optimisez votre investissement gr\u00e2ce \u00e0 un syst\u00e8me de point de vente hautement \u00e9volutif qui s'int\u00e8gre aux syst\u00e8mes existants.<\/li>\n\n\n\n<li>Des processeurs plus rapides et des fonctionnalit\u00e9s am\u00e9lior\u00e9es permettent d'obtenir des performances rentables.<\/li>\n\n\n\n<li>La plate-forme ouverte et la conception distribu\u00e9e augmentent les choix de logiciels et de p\u00e9riph\u00e9riques.<\/li>\n\n\n\n<li>La conception renforc\u00e9e pour la vente au d\u00e9tail permet de prolonger la dur\u00e9e de vie des \u00e9quipements pour une protection exceptionnelle des investissements.<\/li>\n\n\n\n<li>L'unit\u00e9 compacte prend tr\u00e8s peu de place, ce qui en fait une option abordable pour les \u00e9piceries ind\u00e9pendantes.<\/li>\n<\/ul>\n<\/div>\n\n\n\n<div class=\"wp-block-column is-vertically-aligned-center order-1 is-layout-flow wp-block-column-is-layout-flow\">\n<figure class=\"wp-block-image size-full\"><img loading=\"lazy\" decoding=\"async\" width=\"680\" height=\"460\" src=\"https:\/\/ravyx.com\/wp-content\/uploads\/2023\/10\/pos.jpg\" alt=\"\" class=\"wp-image-1025\" srcset=\"https:\/\/ravyx.com\/wp-content\/uploads\/2023\/10\/pos.jpg 680w, https:\/\/ravyx.com\/wp-content\/uploads\/2023\/10\/pos-300x203.jpg 300w\" sizes=\"auto, (max-width: 680px) 100vw, 680px\" \/><\/figure>\n<\/div>\n<\/div>\n\n\n\n<h2 class=\"wp-block-heading has-text-align-center\">Qu'est-ce qui fait qu'un syst\u00e8me de point de vente est un vrai tout-en-un?<\/h2>\n\n\n\n<div class=\"wp-block-columns is-layout-flex wp-container-core-columns-is-layout-9d6595d7 wp-block-columns-is-layout-flex\">\n<div class=\"wp-block-column is-layout-flow wp-block-column-is-layout-flow\">\n<ul class=\"wp-block-list stylized-list\">\n<li class=\"stylized-list\">Syst\u00e8me de point de vente, kiosque ou unit\u00e9 de libre-service enti\u00e8rement configurable.<\/li>\n\n\n\n<li>Une conception flexible de l'\u00e9cran permettant de passer facilement d'un affichage \u00e0 90 degr\u00e9s \u00e0 un affichage \u00e0 plat.<\/li>\n\n\n\n<li>Trois tailles d'\u00e9cran tactile avec protection antireflet.<\/li>\n<\/ul>\n<\/div>\n\n\n\n<div class=\"wp-block-column is-layout-flow wp-block-column-is-layout-flow\">\n<ul class=\"wp-block-list stylized-list\">\n<li class=\"stylized-list\">L'acc\u00e8s \u00e0 distance au syst\u00e8me surveille l'appareil pour une efficacit\u00e9 optimale.<\/li>\n\n\n\n<li>Des performances solides cr\u00e9ent de nouvelles opportunit\u00e9s pour satisfaire les clients.<\/li>\n<\/ul>\n<\/div>\n<\/div>\n\n\n\n<div class=\"block-inline-cta wpx-custom-block\" id=\"acf-inline-cta7384\">\n\n\t<div class=\"inline-cta-inner\">\n\t\t\n\t\t<h3 class=\"inline-cta-title\">Vous souhaitez en apprendre plus sur les points de vente?<\/h3>\t\t\n\t\t\t\t\t<div class=\"button-group\">\n\t\t\t\t<a href=\"https:\/\/ravyx.com\/fr_ca\/contact-us\/\" target=\"\" class=\"wpx-button\">CONTACTEZ-NOUS<\/a>\n\t\t\t<\/div>\n\t\t\n\t<\/div>\n\n<\/div>\n\n\n<h2 class=\"wp-block-heading has-text-align-center\">En apprendre plus sur nos solutions :<\/h2>\n\n\n\n<section class=\"block-related wpx-custom-block\" id=\"acf-related-pages9926\">\n\n\t\t\n\t<div class=\"related-inner\">\n\n\t\t\n\t\t\t<article class=\"related-page\">\n\t\t\t\t<a href=\"https:\/\/ravyx.com\/fr_ca\/frictionless-payment-technology-expanding\/\">\n\t\t\t\t\t<div class=\"related-page-thumb\">\n\t\t\t\t\t\t\t\t\t\t\t\t<img decoding=\"async\" src=\"\" alt=\"\" srcset=\"\" sizes=\"(max-width: 880px) 100vw, 880px\">\n\t\t\t\t\t<\/div>\n\t\t\t\t\t<div class=\"related-page-header\">\n\t\t\t\t\t\t<h1 class=\"related-page-title\">La technologie du paiement sans friction se d\u00e9veloppe<\/h1>\n\t\t\t\t\t<\/div>\n\t\t\t\t<\/a>\n\t\t\t<\/article>\n\n\t\t\t\n\t\t\n\t\t\t<article class=\"related-page\">\n\t\t\t\t<a href=\"https:\/\/ravyx.com\/fr_ca\/how-stores-can-prepare-self-service-shopping-demand\/\">\n\t\t\t\t\t<div class=\"related-page-thumb\">\n\t\t\t\t\t\t\t\t\t\t\t\t<img decoding=\"async\" src=\"https:\/\/ravyx.com\/wp-content\/uploads\/2023\/09\/generic-blog-img-880x601.jpg\" alt=\"\" srcset=\"\" sizes=\"(max-width: 880px) 100vw, 880px\">\n\t\t\t\t\t<\/div>\n\t\t\t\t\t<div class=\"related-page-header\">\n\t\t\t\t\t\t<h1 class=\"related-page-title\">Comment les magasins peuvent-ils se pr\u00e9parer \u00e0 la demande d'achats en libre-service ?<\/h1>\n\t\t\t\t\t<\/div>\n\t\t\t\t<\/a>\n\t\t\t<\/article>\n\n\t\t\t\n\t\t\n\t\t\t<article class=\"related-page\">\n\t\t\t\t<a href=\"https:\/\/ravyx.com\/fr_ca\/automation-answer-solving-staffing-challenges\/\">\n\t\t\t\t\t<div class=\"related-page-thumb\">\n\t\t\t\t\t\t\t\t\t\t\t\t<img decoding=\"async\" src=\"https:\/\/ravyx.com\/wp-content\/uploads\/2023\/10\/Is-Automation-the-Answer-to-Solving-Staffing-Challenges_-880x636.jpeg\" alt=\"\" srcset=\"\" sizes=\"(max-width: 880px) 100vw, 880px\">\n\t\t\t\t\t<\/div>\n\t\t\t\t\t<div class=\"related-page-header\">\n\t\t\t\t\t\t<h1 class=\"related-page-title\">Comment les d\u00e9taillants peuvent-ils s'appuyer sur la technologie pour combler le manque de personnel?<\/h1>\n\t\t\t\t\t<\/div>\n\t\t\t\t<\/a>\n\t\t\t<\/article>\n\n\t\t\t\n\t\t\n\t<\/div>\n\n<\/section>","protected":false},"excerpt":{"rendered":"<p>Traitez les paiements et assurez le bon fonctionnement de votre commerce de d\u00e9tail gr\u00e2ce aux syst\u00e8mes mat\u00e9riels et logiciels Toshiba POS, prim\u00e9s et enti\u00e8rement adaptables. Avantages des syst\u00e8mes de point de vente Toshiba : Qu'est-ce qui fait un v\u00e9ritable syst\u00e8me de PDV tout-en-un ? En savoir plus sur nos solutions :<\/p>","protected":false},"author":4,"featured_media":0,"parent":668,"menu_order":6,"comment_status":"closed","ping_status":"closed","template":"","meta":{"_acf_changed":true,"footnotes":""},"class_list":["post-1008","page","type-page","status-publish","hentry"],"acf":[],"yoast_head":"<!-- This site is optimized with the Yoast SEO plugin v27.5 - https:\/\/yoast.com\/product\/yoast-seo-wordpress\/ -->\n<title>Point of Sale Powered by Toshiba | Ravyx<\/title>\n<meta name=\"description\" content=\"Speed up sales and manage your store with ease using Toshiba POS systems that offer power, flexibility, and seamless integration, backed by Ravyx&#039;s 24\/7 support.\" \/>\n<meta name=\"robots\" content=\"index, follow, max-snippet:-1, max-image-preview:large, max-video-preview:-1\" \/>\n<link rel=\"canonical\" href=\"https:\/\/ravyx.com\/fr_ca\/solutions\/select-products\/point-of-sale\/\" \/>\n<meta property=\"og:locale\" content=\"fr_CA\" \/>\n<meta property=\"og:type\" content=\"article\" \/>\n<meta property=\"og:title\" content=\"Point of Sale Powered by Toshiba | Ravyx\" \/>\n<meta property=\"og:description\" content=\"Speed up sales and manage your store with ease using Toshiba POS systems that offer power, flexibility, and seamless integration, backed by Ravyx&#039;s 24\/7 support.\" \/>\n<meta property=\"og:url\" content=\"https:\/\/ravyx.com\/fr_ca\/solutions\/select-products\/point-of-sale\/\" \/>\n<meta property=\"og:site_name\" content=\"Ravyx\" \/>\n<meta property=\"article:publisher\" content=\"https:\/\/www.facebook.com\/stcrpos\" \/>\n<meta property=\"article:modified_time\" content=\"2025-06-18T17:14:52+00:00\" \/>\n<meta property=\"og:image\" content=\"https:\/\/ravyx.com\/wp-content\/uploads\/2023\/10\/pos.jpg\" \/>\n<meta name=\"twitter:card\" content=\"summary_large_image\" \/>\n<meta name=\"twitter:site\" content=\"@stcrpos\" \/>\n<meta name=\"twitter:label1\" content=\"Est. reading time\" \/>\n\t<meta name=\"twitter:data1\" content=\"1 minute\" \/>\n<script type=\"application\/ld+json\" class=\"yoast-schema-graph\">{\"@context\":\"https:\\\/\\\/schema.org\",\"@graph\":[{\"@type\":\"WebPage\",\"@id\":\"https:\\\/\\\/ravyx.com\\\/solutions\\\/select-products\\\/point-of-sale\\\/\",\"url\":\"https:\\\/\\\/ravyx.com\\\/solutions\\\/select-products\\\/point-of-sale\\\/\",\"name\":\"Point of Sale Powered by Toshiba | Ravyx\",\"isPartOf\":{\"@id\":\"https:\\\/\\\/ravyx.com\\\/#website\"},\"primaryImageOfPage\":{\"@id\":\"https:\\\/\\\/ravyx.com\\\/solutions\\\/select-products\\\/point-of-sale\\\/#primaryimage\"},\"image\":{\"@id\":\"https:\\\/\\\/ravyx.com\\\/solutions\\\/select-products\\\/point-of-sale\\\/#primaryimage\"},\"thumbnailUrl\":\"https:\\\/\\\/ravyx.com\\\/wp-content\\\/uploads\\\/2023\\\/10\\\/pos.jpg\",\"datePublished\":\"2023-10-12T15:49:37+00:00\",\"dateModified\":\"2025-06-18T17:14:52+00:00\",\"description\":\"Speed up sales and manage your store with ease using Toshiba POS systems that offer power, flexibility, and seamless integration, backed by Ravyx's 24\\\/7 support.\",\"breadcrumb\":{\"@id\":\"https:\\\/\\\/ravyx.com\\\/solutions\\\/select-products\\\/point-of-sale\\\/#breadcrumb\"},\"inLanguage\":\"fr-CA\",\"potentialAction\":[{\"@type\":\"ReadAction\",\"target\":[\"https:\\\/\\\/ravyx.com\\\/solutions\\\/select-products\\\/point-of-sale\\\/\"]}]},{\"@type\":\"ImageObject\",\"inLanguage\":\"fr-CA\",\"@id\":\"https:\\\/\\\/ravyx.com\\\/solutions\\\/select-products\\\/point-of-sale\\\/#primaryimage\",\"url\":\"https:\\\/\\\/ravyx.com\\\/wp-content\\\/uploads\\\/2023\\\/10\\\/pos.jpg\",\"contentUrl\":\"https:\\\/\\\/ravyx.com\\\/wp-content\\\/uploads\\\/2023\\\/10\\\/pos.jpg\"},{\"@type\":\"BreadcrumbList\",\"@id\":\"https:\\\/\\\/ravyx.com\\\/solutions\\\/select-products\\\/point-of-sale\\\/#breadcrumb\",\"itemListElement\":[{\"@type\":\"ListItem\",\"position\":1,\"name\":\"Home\",\"item\":\"https:\\\/\\\/ravyx.com\\\/\"},{\"@type\":\"ListItem\",\"position\":2,\"name\":\"Solutions\",\"item\":\"https:\\\/\\\/ravyx.com\\\/solutions\\\/\"},{\"@type\":\"ListItem\",\"position\":3,\"name\":\"Select Products\",\"item\":\"https:\\\/\\\/ravyx.com\\\/solutions\\\/select-products\\\/\"},{\"@type\":\"ListItem\",\"position\":4,\"name\":\"Point of Sale\"}]},{\"@type\":\"WebSite\",\"@id\":\"https:\\\/\\\/ravyx.com\\\/#website\",\"url\":\"https:\\\/\\\/ravyx.com\\\/\",\"name\":\"Ravyx\",\"description\":\"Proven Grocery Technologies\",\"publisher\":{\"@id\":\"https:\\\/\\\/ravyx.com\\\/#organization\"},\"potentialAction\":[{\"@type\":\"SearchAction\",\"target\":{\"@type\":\"EntryPoint\",\"urlTemplate\":\"https:\\\/\\\/ravyx.com\\\/?s={search_term_string}\"},\"query-input\":{\"@type\":\"PropertyValueSpecification\",\"valueRequired\":true,\"valueName\":\"search_term_string\"}}],\"inLanguage\":\"fr-CA\"},{\"@type\":\"Organization\",\"@id\":\"https:\\\/\\\/ravyx.com\\\/#organization\",\"name\":\"Ravyx\",\"url\":\"https:\\\/\\\/ravyx.com\\\/\",\"logo\":{\"@type\":\"ImageObject\",\"inLanguage\":\"fr-CA\",\"@id\":\"https:\\\/\\\/ravyx.com\\\/#\\\/schema\\\/logo\\\/image\\\/\",\"url\":\"https:\\\/\\\/ravyx.com\\\/wp-content\\\/uploads\\\/2023\\\/09\\\/generic-brand-1.jpg\",\"contentUrl\":\"https:\\\/\\\/ravyx.com\\\/wp-content\\\/uploads\\\/2023\\\/09\\\/generic-brand-1.jpg\",\"width\":1200,\"height\":1200,\"caption\":\"Ravyx\"},\"image\":{\"@id\":\"https:\\\/\\\/ravyx.com\\\/#\\\/schema\\\/logo\\\/image\\\/\"},\"sameAs\":[\"https:\\\/\\\/www.facebook.com\\\/stcrpos\",\"https:\\\/\\\/x.com\\\/stcrpos\",\"https:\\\/\\\/www.linkedin.com\\\/company\\\/stcr\\\/\",\"https:\\\/\\\/www.youtube.com\\\/channel\\\/UCSWcsJARYjaQnz0T5o4p9DQ\"]}]}<\/script>\n<!-- \/ Yoast SEO plugin. -->","yoast_head_json":{"title":"Point de vente optimis\u00e9 par Toshiba | Ravyx","description":"Acc\u00e9l\u00e9rez les ventes et g\u00e9rez votre magasin en toute simplicit\u00e9 gr\u00e2ce aux syst\u00e8mes POS Toshiba qui offrent puissance, flexibilit\u00e9 et int\u00e9gration transparente, le tout soutenu par l'assistance 24\/7 de Ravyx.","robots":{"index":"index","follow":"follow","max-snippet":"max-snippet:-1","max-image-preview":"max-image-preview:large","max-video-preview":"max-video-preview:-1"},"canonical":"https:\/\/ravyx.com\/fr_ca\/solutions\/select-products\/point-of-sale\/","og_locale":"fr_CA","og_type":"article","og_title":"Point of Sale Powered by Toshiba | Ravyx","og_description":"Speed up sales and manage your store with ease using Toshiba POS systems that offer power, flexibility, and seamless integration, backed by Ravyx's 24\/7 support.","og_url":"https:\/\/ravyx.com\/fr_ca\/solutions\/select-products\/point-of-sale\/","og_site_name":"Ravyx","article_publisher":"https:\/\/www.facebook.com\/stcrpos","article_modified_time":"2025-06-18T17:14:52+00:00","og_image":[{"url":"https:\/\/ravyx.com\/wp-content\/uploads\/2023\/10\/pos.jpg","type":"","width":"","height":""}],"twitter_card":"summary_large_image","twitter_site":"@stcrpos","twitter_misc":{"Est. reading time":"1 minute"},"schema":{"@context":"https:\/\/schema.org","@graph":[{"@type":"WebPage","@id":"https:\/\/ravyx.com\/solutions\/select-products\/point-of-sale\/","url":"https:\/\/ravyx.com\/solutions\/select-products\/point-of-sale\/","name":"Point de vente optimis\u00e9 par Toshiba | Ravyx","isPartOf":{"@id":"https:\/\/ravyx.com\/#website"},"primaryImageOfPage":{"@id":"https:\/\/ravyx.com\/solutions\/select-products\/point-of-sale\/#primaryimage"},"image":{"@id":"https:\/\/ravyx.com\/solutions\/select-products\/point-of-sale\/#primaryimage"},"thumbnailUrl":"https:\/\/ravyx.com\/wp-content\/uploads\/2023\/10\/pos.jpg","datePublished":"2023-10-12T15:49:37+00:00","dateModified":"2025-06-18T17:14:52+00:00","description":"Acc\u00e9l\u00e9rez les ventes et g\u00e9rez votre magasin en toute simplicit\u00e9 gr\u00e2ce aux syst\u00e8mes POS Toshiba qui offrent puissance, flexibilit\u00e9 et int\u00e9gration transparente, le tout soutenu par l'assistance 24\/7 de Ravyx.","breadcrumb":{"@id":"https:\/\/ravyx.com\/solutions\/select-products\/point-of-sale\/#breadcrumb"},"inLanguage":"fr-CA","potentialAction":[{"@type":"ReadAction","target":["https:\/\/ravyx.com\/solutions\/select-products\/point-of-sale\/"]}]},{"@type":"ImageObject","inLanguage":"fr-CA","@id":"https:\/\/ravyx.com\/solutions\/select-products\/point-of-sale\/#primaryimage","url":"https:\/\/ravyx.com\/wp-content\/uploads\/2023\/10\/pos.jpg","contentUrl":"https:\/\/ravyx.com\/wp-content\/uploads\/2023\/10\/pos.jpg"},{"@type":"BreadcrumbList","@id":"https:\/\/ravyx.com\/solutions\/select-products\/point-of-sale\/#breadcrumb","itemListElement":[{"@type":"ListItem","position":1,"name":"Home","item":"https:\/\/ravyx.com\/"},{"@type":"ListItem","position":2,"name":"Solutions","item":"https:\/\/ravyx.com\/solutions\/"},{"@type":"ListItem","position":3,"name":"Select Products","item":"https:\/\/ravyx.com\/solutions\/select-products\/"},{"@type":"ListItem","position":4,"name":"Point of Sale"}]},{"@type":"WebSite","@id":"https:\/\/ravyx.com\/#website","url":"https:\/\/ravyx.com\/","name":"Ravyx","description":"Proven Grocery Technologies","publisher":{"@id":"https:\/\/ravyx.com\/#organization"},"potentialAction":[{"@type":"SearchAction","target":{"@type":"EntryPoint","urlTemplate":"https:\/\/ravyx.com\/?s={search_term_string}"},"query-input":{"@type":"PropertyValueSpecification","valueRequired":true,"valueName":"search_term_string"}}],"inLanguage":"fr-CA"},{"@type":"Organization","@id":"https:\/\/ravyx.com\/#organization","name":"Ravyx","url":"https:\/\/ravyx.com\/","logo":{"@type":"ImageObject","inLanguage":"fr-CA","@id":"https:\/\/ravyx.com\/#\/schema\/logo\/image\/","url":"https:\/\/ravyx.com\/wp-content\/uploads\/2023\/09\/generic-brand-1.jpg","contentUrl":"https:\/\/ravyx.com\/wp-content\/uploads\/2023\/09\/generic-brand-1.jpg","width":1200,"height":1200,"caption":"Ravyx"},"image":{"@id":"https:\/\/ravyx.com\/#\/schema\/logo\/image\/"},"sameAs":["https:\/\/www.facebook.com\/stcrpos","https:\/\/x.com\/stcrpos","https:\/\/www.linkedin.com\/company\/stcr\/","https:\/\/www.youtube.com\/channel\/UCSWcsJARYjaQnz0T5o4p9DQ"]}]}},"_links":{"self":[{"href":"https:\/\/ravyx.com\/fr_ca\/wp-json\/wp\/v2\/pages\/1008","targetHints":{"allow":["GET"]}}],"collection":[{"href":"https:\/\/ravyx.com\/fr_ca\/wp-json\/wp\/v2\/pages"}],"about":[{"href":"https:\/\/ravyx.com\/fr_ca\/wp-json\/wp\/v2\/types\/page"}],"author":[{"embeddable":true,"href":"https:\/\/ravyx.com\/fr_ca\/wp-json\/wp\/v2\/users\/4"}],"replies":[{"embeddable":true,"href":"https:\/\/ravyx.com\/fr_ca\/wp-json\/wp\/v2\/comments?post=1008"}],"version-history":[{"count":0,"href":"https:\/\/ravyx.com\/fr_ca\/wp-json\/wp\/v2\/pages\/1008\/revisions"}],"up":[{"embeddable":true,"href":"https:\/\/ravyx.com\/fr_ca\/wp-json\/wp\/v2\/pages\/668"}],"wp:attachment":[{"href":"https:\/\/ravyx.com\/fr_ca\/wp-json\/wp\/v2\/media?parent=1008"}],"curies":[{"name":"wp","href":"https:\/\/api.w.org\/{rel}","templated":true}]}}