{"id":602,"date":"2023-09-28T15:47:36","date_gmt":"2023-09-28T15:47:36","guid":{"rendered":"http:\/\/stcr.test\/disclaimer\/"},"modified":"2025-06-16T20:50:35","modified_gmt":"2025-06-17T00:50:35","slug":"disclaimer","status":"publish","type":"page","link":"https:\/\/ravyx.com\/es\/disclaimer\/","title":{"rendered":"Descargo de responsabilidad"},"content":{"rendered":"<h2 class=\"wp-block-heading\"><strong>Aviso legal y exenci\u00f3n de responsabilidad respecto al contenido de este sitio web<\/strong><\/h2>\n\n\n\n<p>El acceso y el uso de este sitio web est\u00e1n sujetos a los siguientes t\u00e9rminos y condiciones.<\/p>\n\n\n\n<p>LEA ATENTAMENTE ESTAS CONDICIONES, YA QUE EL USO DE ESTE SITIO IMPLICA LA ACEPTACI\u00d3N DE ESTOS T\u00c9RMINOS Y CONDICIONES.<\/p>\n\n\n\n<h3 class=\"wp-block-heading\"><strong>Uso del material del sitio web de Ravyx<\/strong><\/h3>\n\n\n\n<ul class=\"wp-block-list\">\n<li>La informaci\u00f3n, las im\u00e1genes, los textos, los v\u00eddeos, los archivos de audio o las fotograf\u00edas (en conjunto, los \u201cMateriales\u201d) que figuran en el sitio web de Ravyx, Inc. (Ravyx) est\u00e1n protegidos por las leyes de derechos de autor. El acceso y el uso de los Materiales est\u00e1n permitidos \u00fanicamente con fines personales o educativos.<\/li>\n\n\n\n<li>No podr\u00e1 modificar ni utilizar los Materiales para ning\u00fan otro fin sin el consentimiento expreso por escrito de Ravyx. Salvo en los casos que se indican a continuaci\u00f3n, no podr\u00e1 reproducir, volver a publicar, publicar, transmitir ni distribuir ning\u00fan Material del sitio web de Ravyx Corporation.<\/li>\n\n\n\n<li>Puede imprimir los Materiales del sitio web de Ravyx \u00fanicamente para uso personal, y debe incluir en todas las copias cualquier aviso de derechos de autor que figure originalmente en los Materiales.<\/li>\n\n\n\n<li>Los materiales incluidos en el sitio web de Ravyx han sido recopilados por Ravyx Corporation y est\u00e1n sujetos a cambios sin previo aviso.<\/li>\n<\/ul>\n\n\n\n<h3 class=\"wp-block-heading\"><strong>Sitios web que enlazan desde el sitio web de Ravyx, Inc.<\/strong><\/h3>\n\n\n\n<ul class=\"wp-block-list\">\n<li>Los sitios web a los que se accede a trav\u00e9s de enlaces desde el sitio web de Ravyx no est\u00e1n bajo el control de Ravyx, y Ravyx no asume ninguna responsabilidad por los productos o materiales disponibles en dichos sitios.<\/li>\n\n\n\n<li>Ravyx no pretende que los enlaces que aparecen en su sitio web constituyan recomendaciones o avales de las entidades enlazadas. Los enlaces se proporcionan \u00fanicamente por comodidad.<\/li>\n<\/ul>\n\n\n\n<h3 class=\"wp-block-heading\"><strong>Exenci\u00f3n de responsabilidad<\/strong><\/h3>\n\n\n\n<ul class=\"wp-block-list\">\n<li>La informaci\u00f3n o los servicios disponibles en el sitio web de Ravyx se proporcionan \u201cTAL CUAL\u201d, sin garant\u00edas de ning\u00fan tipo.<\/li>\n\n\n\n<li>Ravyx no asumir\u00e1 responsabilidad alguna por los da\u00f1os que puedan sufrir el hardware de su computadora, sus datos, su informaci\u00f3n, sus materiales o su negocio como consecuencia de la informaci\u00f3n o la falta de informaci\u00f3n disponible en el sitio web de Ravyx.<\/li>\n<\/ul>\n\n\n\n<h3 class=\"wp-block-heading\"><strong>Ravyx no se hace responsable de:<\/strong><\/h3>\n\n\n\n<ul class=\"wp-block-list\">\n<li>Cualquier p\u00e9rdida o da\u00f1o causado, total o parcialmente, por sus acciones, omisiones o negligencia, o por circunstancias ajenas a su control, en la obtenci\u00f3n, recopilaci\u00f3n o entrega de la Informaci\u00f3n;<\/li>\n\n\n\n<li>Cualquier error, omisi\u00f3n o inexactitud en la Informaci\u00f3n, independientemente de su causa, o cualquier retraso o interrupci\u00f3n en la entrega de la Informaci\u00f3n; o<\/li>\n\n\n\n<li>Cualquier decisi\u00f3n que se adopte o cualquier medida que se tome o no se tome bas\u00e1ndose en la informaci\u00f3n facilitada en el presente documento.<\/li>\n<\/ul>\n\n\n\n<p>Ravyx, Inc. no ofrece ninguna garant\u00eda ni realiza ninguna declaraci\u00f3n en cuanto al contenido, el orden, la exactitud, la actualidad o la integridad de la Informaci\u00f3n, ni garantiza que se pueda confiar en dicha Informaci\u00f3n por ning\u00fan motivo.<\/p>\n\n\n\n<p>Ravyx no ofrece ninguna garant\u00eda ni realiza ninguna declaraci\u00f3n de que la Informaci\u00f3n estar\u00e1 disponible de manera ininterrumpida o libre de errores, ni de que se puedan corregir los defectos que puedan surgir. A los efectos de esta secci\u00f3n, el t\u00e9rmino \u00abRavyx\u00bb incluir\u00e1 a Ravyx, as\u00ed como a sus divisiones, filiales y sus empleados, socios, directivos, agentes y representantes, y a cualquier proveedor externo o fuente de informaci\u00f3n o datos.<\/p>\n\n\n\n<h3 class=\"wp-block-heading\"><strong>Limitaci\u00f3n de responsabilidad<\/strong><\/h3>\n\n\n\n<p>Bajo ninguna circunstancia Ravyx se har\u00e1 responsable de ninguna p\u00e9rdida o da\u00f1o, ya sea por responsabilidad contractual, extracontractual o de otro tipo, derivado del uso o la confianza depositada en la Informaci\u00f3n, o del uso de Internet en general.<\/p>\n\n\n\n<p>A los efectos de esta secci\u00f3n, el t\u00e9rmino \u00abRavyx\u00bb incluir\u00e1 a Ravyx, as\u00ed como a sus divisiones, filiales y sus empleados, socios, directivos, agentes y representantes, y a cualquier proveedor externo o fuente de informaci\u00f3n o datos.<\/p>","protected":false},"excerpt":{"rendered":"<p>Legal Notice and Disclaimer of Materials Contained on This Site Access to and use of this World Wide Web site is provided subject to these terms and conditions. PLEASE READ THESE TERMS CAREFULLY AS USE OF THIS SITE CONSTITUTES ACCEPTANCE OF THESE TERMS AND CONDITIONS. Use of Material On the Ravyx website Sites That Link [&hellip;]<\/p>\n","protected":false},"author":1,"featured_media":0,"parent":0,"menu_order":21,"comment_status":"closed","ping_status":"closed","template":"","meta":{"_acf_changed":false,"footnotes":""},"class_list":["post-602","page","type-page","status-publish","hentry"],"acf":[],"yoast_head":"<!-- This site is optimized with the Yoast SEO plugin v27.5 - https:\/\/yoast.com\/product\/yoast-seo-wordpress\/ -->\n<title>Disclaimer | Ravyx<\/title>\n<meta name=\"description\" content=\"Legal Notice and Disclaimer of Materials Contained on This Site\" \/>\n<meta name=\"robots\" content=\"index, follow, max-snippet:-1, max-image-preview:large, max-video-preview:-1\" \/>\n<link rel=\"canonical\" href=\"https:\/\/ravyx.com\/es\/disclaimer\/\" \/>\n<meta property=\"og:locale\" content=\"es_ES\" \/>\n<meta property=\"og:type\" content=\"article\" \/>\n<meta property=\"og:title\" content=\"Disclaimer | Ravyx\" \/>\n<meta property=\"og:description\" content=\"Legal Notice and Disclaimer of Materials Contained on This Site\" \/>\n<meta property=\"og:url\" content=\"https:\/\/ravyx.com\/es\/disclaimer\/\" \/>\n<meta property=\"og:site_name\" content=\"Ravyx\" \/>\n<meta property=\"article:publisher\" content=\"https:\/\/www.facebook.com\/stcrpos\" \/>\n<meta property=\"article:modified_time\" content=\"2025-06-17T00:50:35+00:00\" \/>\n<meta name=\"twitter:card\" content=\"summary_large_image\" \/>\n<meta name=\"twitter:site\" content=\"@stcrpos\" \/>\n<meta name=\"twitter:label1\" content=\"Est. reading time\" \/>\n\t<meta name=\"twitter:data1\" content=\"3 minutos\" \/>\n<script type=\"application\/ld+json\" class=\"yoast-schema-graph\">{\"@context\":\"https:\\\/\\\/schema.org\",\"@graph\":[{\"@type\":\"WebPage\",\"@id\":\"https:\\\/\\\/ravyx.com\\\/disclaimer\\\/\",\"url\":\"https:\\\/\\\/ravyx.com\\\/disclaimer\\\/\",\"name\":\"Disclaimer | Ravyx\",\"isPartOf\":{\"@id\":\"https:\\\/\\\/ravyx.com\\\/#website\"},\"datePublished\":\"2023-09-28T15:47:36+00:00\",\"dateModified\":\"2025-06-17T00:50:35+00:00\",\"description\":\"Legal Notice and Disclaimer of Materials Contained on This Site\",\"breadcrumb\":{\"@id\":\"https:\\\/\\\/ravyx.com\\\/disclaimer\\\/#breadcrumb\"},\"inLanguage\":\"es-DO\",\"potentialAction\":[{\"@type\":\"ReadAction\",\"target\":[\"https:\\\/\\\/ravyx.com\\\/disclaimer\\\/\"]}]},{\"@type\":\"BreadcrumbList\",\"@id\":\"https:\\\/\\\/ravyx.com\\\/disclaimer\\\/#breadcrumb\",\"itemListElement\":[{\"@type\":\"ListItem\",\"position\":1,\"name\":\"Home\",\"item\":\"https:\\\/\\\/ravyx.com\\\/\"},{\"@type\":\"ListItem\",\"position\":2,\"name\":\"Disclaimer\"}]},{\"@type\":\"WebSite\",\"@id\":\"https:\\\/\\\/ravyx.com\\\/#website\",\"url\":\"https:\\\/\\\/ravyx.com\\\/\",\"name\":\"Ravyx\",\"description\":\"Proven Grocery Technologies\",\"publisher\":{\"@id\":\"https:\\\/\\\/ravyx.com\\\/#organization\"},\"potentialAction\":[{\"@type\":\"SearchAction\",\"target\":{\"@type\":\"EntryPoint\",\"urlTemplate\":\"https:\\\/\\\/ravyx.com\\\/?s={search_term_string}\"},\"query-input\":{\"@type\":\"PropertyValueSpecification\",\"valueRequired\":true,\"valueName\":\"search_term_string\"}}],\"inLanguage\":\"es-DO\"},{\"@type\":\"Organization\",\"@id\":\"https:\\\/\\\/ravyx.com\\\/#organization\",\"name\":\"Ravyx\",\"url\":\"https:\\\/\\\/ravyx.com\\\/\",\"logo\":{\"@type\":\"ImageObject\",\"inLanguage\":\"es-DO\",\"@id\":\"https:\\\/\\\/ravyx.com\\\/#\\\/schema\\\/logo\\\/image\\\/\",\"url\":\"https:\\\/\\\/ravyx.com\\\/wp-content\\\/uploads\\\/2023\\\/09\\\/generic-brand-1.jpg\",\"contentUrl\":\"https:\\\/\\\/ravyx.com\\\/wp-content\\\/uploads\\\/2023\\\/09\\\/generic-brand-1.jpg\",\"width\":1200,\"height\":1200,\"caption\":\"Ravyx\"},\"image\":{\"@id\":\"https:\\\/\\\/ravyx.com\\\/#\\\/schema\\\/logo\\\/image\\\/\"},\"sameAs\":[\"https:\\\/\\\/www.facebook.com\\\/stcrpos\",\"https:\\\/\\\/x.com\\\/stcrpos\",\"https:\\\/\\\/www.linkedin.com\\\/company\\\/stcr\\\/\",\"https:\\\/\\\/www.youtube.com\\\/channel\\\/UCSWcsJARYjaQnz0T5o4p9DQ\"]}]}<\/script>\n<!-- \/ Yoast SEO plugin. -->","yoast_head_json":{"title":"Disclaimer | Ravyx","description":"Aviso legal y exenci\u00f3n de responsabilidad respecto al contenido de este sitio web","robots":{"index":"index","follow":"follow","max-snippet":"max-snippet:-1","max-image-preview":"max-image-preview:large","max-video-preview":"max-video-preview:-1"},"canonical":"https:\/\/ravyx.com\/es\/disclaimer\/","og_locale":"es_ES","og_type":"article","og_title":"Disclaimer | Ravyx","og_description":"Legal Notice and Disclaimer of Materials Contained on This Site","og_url":"https:\/\/ravyx.com\/es\/disclaimer\/","og_site_name":"Ravyx","article_publisher":"https:\/\/www.facebook.com\/stcrpos","article_modified_time":"2025-06-17T00:50:35+00:00","twitter_card":"summary_large_image","twitter_site":"@stcrpos","twitter_misc":{"Est. reading time":"3 minutos"},"schema":{"@context":"https:\/\/schema.org","@graph":[{"@type":"WebPage","@id":"https:\/\/ravyx.com\/disclaimer\/","url":"https:\/\/ravyx.com\/disclaimer\/","name":"Disclaimer | Ravyx","isPartOf":{"@id":"https:\/\/ravyx.com\/#website"},"datePublished":"2023-09-28T15:47:36+00:00","dateModified":"2025-06-17T00:50:35+00:00","description":"Aviso legal y exenci\u00f3n de responsabilidad respecto al contenido de este sitio web","breadcrumb":{"@id":"https:\/\/ravyx.com\/disclaimer\/#breadcrumb"},"inLanguage":"es-DO","potentialAction":[{"@type":"ReadAction","target":["https:\/\/ravyx.com\/disclaimer\/"]}]},{"@type":"BreadcrumbList","@id":"https:\/\/ravyx.com\/disclaimer\/#breadcrumb","itemListElement":[{"@type":"ListItem","position":1,"name":"Home","item":"https:\/\/ravyx.com\/"},{"@type":"ListItem","position":2,"name":"Disclaimer"}]},{"@type":"WebSite","@id":"https:\/\/ravyx.com\/#website","url":"https:\/\/ravyx.com\/","name":"Ravyx","description":"Proven Grocery Technologies","publisher":{"@id":"https:\/\/ravyx.com\/#organization"},"potentialAction":[{"@type":"SearchAction","target":{"@type":"EntryPoint","urlTemplate":"https:\/\/ravyx.com\/?s={search_term_string}"},"query-input":{"@type":"PropertyValueSpecification","valueRequired":true,"valueName":"search_term_string"}}],"inLanguage":"es-DO"},{"@type":"Organization","@id":"https:\/\/ravyx.com\/#organization","name":"Ravyx","url":"https:\/\/ravyx.com\/","logo":{"@type":"ImageObject","inLanguage":"es-DO","@id":"https:\/\/ravyx.com\/#\/schema\/logo\/image\/","url":"https:\/\/ravyx.com\/wp-content\/uploads\/2023\/09\/generic-brand-1.jpg","contentUrl":"https:\/\/ravyx.com\/wp-content\/uploads\/2023\/09\/generic-brand-1.jpg","width":1200,"height":1200,"caption":"Ravyx"},"image":{"@id":"https:\/\/ravyx.com\/#\/schema\/logo\/image\/"},"sameAs":["https:\/\/www.facebook.com\/stcrpos","https:\/\/x.com\/stcrpos","https:\/\/www.linkedin.com\/company\/stcr\/","https:\/\/www.youtube.com\/channel\/UCSWcsJARYjaQnz0T5o4p9DQ"]}]}},"_links":{"self":[{"href":"https:\/\/ravyx.com\/es\/wp-json\/wp\/v2\/pages\/602","targetHints":{"allow":["GET"]}}],"collection":[{"href":"https:\/\/ravyx.com\/es\/wp-json\/wp\/v2\/pages"}],"about":[{"href":"https:\/\/ravyx.com\/es\/wp-json\/wp\/v2\/types\/page"}],"author":[{"embeddable":true,"href":"https:\/\/ravyx.com\/es\/wp-json\/wp\/v2\/users\/1"}],"replies":[{"embeddable":true,"href":"https:\/\/ravyx.com\/es\/wp-json\/wp\/v2\/comments?post=602"}],"version-history":[{"count":0,"href":"https:\/\/ravyx.com\/es\/wp-json\/wp\/v2\/pages\/602\/revisions"}],"wp:attachment":[{"href":"https:\/\/ravyx.com\/es\/wp-json\/wp\/v2\/media?parent=602"}],"curies":[{"name":"wp","href":"https:\/\/api.w.org\/{rel}","templated":true}]}}