{"id":585,"date":"2023-09-28T15:37:08","date_gmt":"2023-09-28T15:37:57","guid":{"rendered":"http:\/\/stcr.test\/self-checkout\/"},"modified":"2025-06-18T13:12:20","modified_gmt":"2025-06-18T17:12:20","slug":"self-checkout","status":"publish","type":"page","link":"https:\/\/ravyx.com\/es\/solutions\/select-products\/self-checkout\/","title":{"rendered":"Caja de autopago"},"content":{"rendered":"<div class=\"wp-block-columns is-layout-flex wp-container-core-columns-is-layout-9d6595d7 wp-block-columns-is-layout-flex\">\n<div class=\"wp-block-column is-layout-flow wp-block-column-is-layout-flow\"><\/div>\n\n\n\n<div class=\"wp-block-column is-layout-flow wp-block-column-is-layout-flow\" style=\"flex-basis:80%\">\n<p class=\"has-text-align-center has-huge-font-size\">Los consumidores de hoy en d\u00eda esperan una experiencia de pago fluida, por lo que Ravyx se especializa en ofrecer una variedad de opciones de autopago para productos de supermercado que ayudan a maximizar su experiencia en la tienda.<\/p>\n<\/div>\n\n\n\n<div class=\"wp-block-column is-layout-flow wp-block-column-is-layout-flow\"><\/div>\n<\/div>\n\n\n\n<div class=\"wp-block-columns is-layout-flex wp-container-core-columns-is-layout-9d6595d7 wp-block-columns-is-layout-flex\">\n<div class=\"wp-block-column order-2 is-layout-flow wp-block-column-is-layout-flow\">\n<h2 class=\"wp-block-heading\">Ventajas del autoservicio de Toshiba:<\/h2>\n\n\n\n<ul class=\"wp-block-list stylized-list\">\n<li class=\"stylized-list\">Garantiza un proceso de pago m\u00e1s r\u00e1pido.<\/li>\n\n\n\n<li>Libera un valioso espacio en el piso.<\/li>\n\n\n\n<li>Posibilidad de ofrecer opciones en efectivo y sin efectivo.<\/li>\n\n\n\n<li>Mejora la administraci\u00f3n del efectivo y ofrece protecci\u00f3n real para las inversiones.<\/li>\n\n\n\n<li>Software flexible para una f\u00e1cil reconfiguraci\u00f3n y funcionalidad ampliada.<\/li>\n\n\n\n<li>Dise\u00f1o ergon\u00f3mico orientado al consumidor e interfaz de usuario muy intuitiva.<\/li>\n\n\n\n<li>Plataforma \u00fanica y modular con unidades independientes de escaneo, pago y embolsado, que incluye m\u00f3dulos de 1 bolsa, 2 bolsas, 3 bolsas y carrusel.<\/li>\n\n\n\n<li>Dise\u00f1o modular y moderno con tres factores de forma, que ofrece flexibilidad y opciones de personalizaci\u00f3n.<\/li>\n\n\n\n<li>Supervise y gestione los datos vitales de las operaciones de los carriles desde una aplicaci\u00f3n m\u00f3vil.<\/li>\n\n\n\n<li>Optimice el rendimiento y reduzca las intervenciones interpretando el comportamiento de los compradores y corrigiendo autom\u00e1ticamente los errores comunes.<\/li>\n\n\n\n<li>Las funciones de orientaci\u00f3n al cliente incluyen iluminaci\u00f3n LED, indicadores de audio, colocaci\u00f3n de escaneo a bolsa y opciones de modo de accesibilidad para facilitar su uso.<\/li>\n\n\n\n<li>Los informes empresariales centralizados y la supervisi\u00f3n remota gestionan de forma intuitiva las cajas de autopago de los supermercados.<\/li>\n<\/ul>\n<\/div>\n\n\n\n<div class=\"wp-block-column is-vertically-aligned-center order-1 is-layout-flow wp-block-column-is-layout-flow\">\n<figure class=\"wp-block-image size-full\"><img loading=\"lazy\" decoding=\"async\" width=\"681\" height=\"461\" src=\"https:\/\/ravyx.com\/wp-content\/uploads\/2023\/10\/self-checkout.jpg\" alt=\"\" class=\"wp-image-997\" style=\"object-fit:cover\" srcset=\"https:\/\/ravyx.com\/wp-content\/uploads\/2023\/10\/self-checkout.jpg 681w, https:\/\/ravyx.com\/wp-content\/uploads\/2023\/10\/self-checkout-300x203.jpg 300w\" sizes=\"auto, (max-width: 681px) 100vw, 681px\" \/><\/figure>\n<\/div>\n<\/div>\n\n\n\n<h2 class=\"wp-block-heading has-text-align-center\">M\u00e1s informaci\u00f3n sobre nuestras soluciones:<\/h2>\n\n\n\n<section class=\"block-related wpx-custom-block\" id=\"acf-related-pages9089\">\n\n\t\t\n\t<div class=\"related-inner\">\n\n\t\t\n\t\t\t<article class=\"related-page\">\n\t\t\t\t<a href=\"https:\/\/ravyx.com\/es\/2-ways-self-checkout-technology-advancing\/\">\n\t\t\t\t\t<div class=\"related-page-thumb\">\n\t\t\t\t\t\t\t\t\t\t\t\t<img decoding=\"async\" src=\"https:\/\/ravyx.com\/wp-content\/uploads\/2023\/10\/2-Ways-Self-Checkout-Technology-is-Advancing-1-880x636.jpeg\" alt=\"\" srcset=\"\" sizes=\"(max-width: 880px) 100vw, 880px\">\n\t\t\t\t\t<\/div>\n\t\t\t\t\t<div class=\"related-page-header\">\n\t\t\t\t\t\t<h1 class=\"related-page-title\">Dos formas en las que avanza la tecnolog\u00eda de autopago<\/h1>\n\t\t\t\t\t<\/div>\n\t\t\t\t<\/a>\n\t\t\t<\/article>\n\n\t\t\t\n\t\t\n\t\t\t<article class=\"related-page\">\n\t\t\t\t<a href=\"https:\/\/ravyx.com\/es\/self-checkout-deployment-and-use-continue-grow-substantially\/\">\n\t\t\t\t\t<div class=\"related-page-thumb\">\n\t\t\t\t\t\t\t\t\t\t\t\t<img decoding=\"async\" src=\"https:\/\/ravyx.com\/wp-content\/uploads\/2023\/09\/generic-blog-img-880x601.jpg\" alt=\"\" srcset=\"\" sizes=\"(max-width: 880px) 100vw, 880px\">\n\t\t\t\t\t<\/div>\n\t\t\t\t\t<div class=\"related-page-header\">\n\t\t\t\t\t\t<h1 class=\"related-page-title\">La implementaci\u00f3n y el uso de los cajeros autom\u00e1ticos seguir\u00e1n creciendo de manera sustancial.<\/h1>\n\t\t\t\t\t<\/div>\n\t\t\t\t<\/a>\n\t\t\t<\/article>\n\n\t\t\t\n\t\t\n\t\t\t<article class=\"related-page\">\n\t\t\t\t<a href=\"https:\/\/ravyx.com\/es\/self-checkout-future-person-shopping\/\">\n\t\t\t\t\t<div class=\"related-page-thumb\">\n\t\t\t\t\t\t\t\t\t\t\t\t<img decoding=\"async\" src=\"https:\/\/ravyx.com\/wp-content\/uploads\/2023\/10\/Is-Self-Checkout-The-Future-of-In-Person-Shopping_-880x636.jpeg\" alt=\"\" srcset=\"\" sizes=\"(max-width: 880px) 100vw, 880px\">\n\t\t\t\t\t<\/div>\n\t\t\t\t\t<div class=\"related-page-header\">\n\t\t\t\t\t\t<h1 class=\"related-page-title\">\u00bfEs el autopago el futuro de las compras presenciales?<\/h1>\n\t\t\t\t\t<\/div>\n\t\t\t\t<\/a>\n\t\t\t<\/article>\n\n\t\t\t\n\t\t\n\t<\/div>\n\n<\/section>","protected":false},"excerpt":{"rendered":"<p>Today\u2019s consumers expect a seamless checkout experience, which is why Ravyx specializes in offering a variety of grocery self-checkout options to help maximize your front-end experience. Benefits of Toshiba Self Checkout: Learn More About Our Solutions:<\/p>","protected":false},"author":1,"featured_media":2004,"parent":668,"menu_order":5,"comment_status":"closed","ping_status":"closed","template":"","meta":{"_acf_changed":true,"footnotes":""},"class_list":["post-585","page","type-page","status-publish","has-post-thumbnail","hentry"],"acf":[],"yoast_head":"<!-- This site is optimized with the Yoast SEO plugin v27.5 - https:\/\/yoast.com\/product\/yoast-seo-wordpress\/ -->\n<title>Grocery Self-Checkout | Kiosks, Machines, Software &amp; More<\/title>\n<meta name=\"description\" content=\"A grocery self-checkout machine can help you speed up the checkout process, optimize floors space and improve cash management.\" \/>\n<meta name=\"robots\" content=\"index, follow, max-snippet:-1, max-image-preview:large, max-video-preview:-1\" \/>\n<link rel=\"canonical\" href=\"https:\/\/ravyx.com\/es\/solutions\/select-products\/self-checkout\/\" \/>\n<meta property=\"og:locale\" content=\"es_ES\" \/>\n<meta property=\"og:type\" content=\"article\" \/>\n<meta property=\"og:title\" content=\"Grocery Self-Checkout | Kiosks, Machines, Software &amp; More\" \/>\n<meta property=\"og:description\" content=\"A grocery self-checkout machine can help you speed up the checkout process, optimize floors space and improve cash management.\" \/>\n<meta property=\"og:url\" content=\"https:\/\/ravyx.com\/es\/solutions\/select-products\/self-checkout\/\" \/>\n<meta property=\"og:site_name\" content=\"Ravyx\" \/>\n<meta property=\"article:publisher\" content=\"https:\/\/www.facebook.com\/stcrpos\" \/>\n<meta property=\"article:modified_time\" content=\"2025-06-18T17:12:20+00:00\" \/>\n<meta property=\"og:image\" content=\"https:\/\/ravyx.com\/wp-content\/uploads\/2023\/10\/self-checkout-billboard-2.jpg\" \/>\n\t<meta property=\"og:image:width\" content=\"1600\" \/>\n\t<meta property=\"og:image:height\" content=\"500\" \/>\n\t<meta property=\"og:image:type\" content=\"image\/jpeg\" \/>\n<meta name=\"twitter:card\" content=\"summary_large_image\" \/>\n<meta name=\"twitter:site\" content=\"@stcrpos\" \/>\n<meta name=\"twitter:label1\" content=\"Est. reading time\" \/>\n\t<meta name=\"twitter:data1\" content=\"2 minutos\" \/>\n<script type=\"application\/ld+json\" class=\"yoast-schema-graph\">{\"@context\":\"https:\\\/\\\/schema.org\",\"@graph\":[{\"@type\":\"WebPage\",\"@id\":\"https:\\\/\\\/ravyx.com\\\/solutions\\\/select-products\\\/self-checkout\\\/\",\"url\":\"https:\\\/\\\/ravyx.com\\\/solutions\\\/select-products\\\/self-checkout\\\/\",\"name\":\"Grocery Self-Checkout | Kiosks, Machines, Software & More\",\"isPartOf\":{\"@id\":\"https:\\\/\\\/ravyx.com\\\/#website\"},\"primaryImageOfPage\":{\"@id\":\"https:\\\/\\\/ravyx.com\\\/solutions\\\/select-products\\\/self-checkout\\\/#primaryimage\"},\"image\":{\"@id\":\"https:\\\/\\\/ravyx.com\\\/solutions\\\/select-products\\\/self-checkout\\\/#primaryimage\"},\"thumbnailUrl\":\"https:\\\/\\\/ravyx.com\\\/wp-content\\\/uploads\\\/2023\\\/10\\\/self-checkout-billboard-2.jpg\",\"datePublished\":\"2023-09-28T15:37:57+00:00\",\"dateModified\":\"2025-06-18T17:12:20+00:00\",\"description\":\"A grocery self-checkout machine can help you speed up the checkout process, optimize floors space and improve cash management.\",\"breadcrumb\":{\"@id\":\"https:\\\/\\\/ravyx.com\\\/solutions\\\/select-products\\\/self-checkout\\\/#breadcrumb\"},\"inLanguage\":\"es-DO\",\"potentialAction\":[{\"@type\":\"ReadAction\",\"target\":[\"https:\\\/\\\/ravyx.com\\\/solutions\\\/select-products\\\/self-checkout\\\/\"]}]},{\"@type\":\"ImageObject\",\"inLanguage\":\"es-DO\",\"@id\":\"https:\\\/\\\/ravyx.com\\\/solutions\\\/select-products\\\/self-checkout\\\/#primaryimage\",\"url\":\"https:\\\/\\\/ravyx.com\\\/wp-content\\\/uploads\\\/2023\\\/10\\\/self-checkout-billboard-2.jpg\",\"contentUrl\":\"https:\\\/\\\/ravyx.com\\\/wp-content\\\/uploads\\\/2023\\\/10\\\/self-checkout-billboard-2.jpg\",\"width\":1600,\"height\":500},{\"@type\":\"BreadcrumbList\",\"@id\":\"https:\\\/\\\/ravyx.com\\\/solutions\\\/select-products\\\/self-checkout\\\/#breadcrumb\",\"itemListElement\":[{\"@type\":\"ListItem\",\"position\":1,\"name\":\"Home\",\"item\":\"https:\\\/\\\/ravyx.com\\\/\"},{\"@type\":\"ListItem\",\"position\":2,\"name\":\"Solutions\",\"item\":\"https:\\\/\\\/ravyx.com\\\/solutions\\\/\"},{\"@type\":\"ListItem\",\"position\":3,\"name\":\"Select Products\",\"item\":\"https:\\\/\\\/ravyx.com\\\/solutions\\\/select-products\\\/\"},{\"@type\":\"ListItem\",\"position\":4,\"name\":\"Self Checkout\"}]},{\"@type\":\"WebSite\",\"@id\":\"https:\\\/\\\/ravyx.com\\\/#website\",\"url\":\"https:\\\/\\\/ravyx.com\\\/\",\"name\":\"Ravyx\",\"description\":\"Proven Grocery Technologies\",\"publisher\":{\"@id\":\"https:\\\/\\\/ravyx.com\\\/#organization\"},\"potentialAction\":[{\"@type\":\"SearchAction\",\"target\":{\"@type\":\"EntryPoint\",\"urlTemplate\":\"https:\\\/\\\/ravyx.com\\\/?s={search_term_string}\"},\"query-input\":{\"@type\":\"PropertyValueSpecification\",\"valueRequired\":true,\"valueName\":\"search_term_string\"}}],\"inLanguage\":\"es-DO\"},{\"@type\":\"Organization\",\"@id\":\"https:\\\/\\\/ravyx.com\\\/#organization\",\"name\":\"Ravyx\",\"url\":\"https:\\\/\\\/ravyx.com\\\/\",\"logo\":{\"@type\":\"ImageObject\",\"inLanguage\":\"es-DO\",\"@id\":\"https:\\\/\\\/ravyx.com\\\/#\\\/schema\\\/logo\\\/image\\\/\",\"url\":\"https:\\\/\\\/ravyx.com\\\/wp-content\\\/uploads\\\/2023\\\/09\\\/generic-brand-1.jpg\",\"contentUrl\":\"https:\\\/\\\/ravyx.com\\\/wp-content\\\/uploads\\\/2023\\\/09\\\/generic-brand-1.jpg\",\"width\":1200,\"height\":1200,\"caption\":\"Ravyx\"},\"image\":{\"@id\":\"https:\\\/\\\/ravyx.com\\\/#\\\/schema\\\/logo\\\/image\\\/\"},\"sameAs\":[\"https:\\\/\\\/www.facebook.com\\\/stcrpos\",\"https:\\\/\\\/x.com\\\/stcrpos\",\"https:\\\/\\\/www.linkedin.com\\\/company\\\/stcr\\\/\",\"https:\\\/\\\/www.youtube.com\\\/channel\\\/UCSWcsJARYjaQnz0T5o4p9DQ\"]}]}<\/script>\n<!-- \/ Yoast SEO plugin. -->","yoast_head_json":{"title":"Grocery Self-Checkout | Kiosks, Machines, Software & More","description":"A grocery self-checkout machine can help you speed up the checkout process, optimize floors space and improve cash management.","robots":{"index":"index","follow":"follow","max-snippet":"max-snippet:-1","max-image-preview":"max-image-preview:large","max-video-preview":"max-video-preview:-1"},"canonical":"https:\/\/ravyx.com\/es\/solutions\/select-products\/self-checkout\/","og_locale":"es_ES","og_type":"article","og_title":"Grocery Self-Checkout | Kiosks, Machines, Software & More","og_description":"A grocery self-checkout machine can help you speed up the checkout process, optimize floors space and improve cash management.","og_url":"https:\/\/ravyx.com\/es\/solutions\/select-products\/self-checkout\/","og_site_name":"Ravyx","article_publisher":"https:\/\/www.facebook.com\/stcrpos","article_modified_time":"2025-06-18T17:12:20+00:00","og_image":[{"width":1600,"height":500,"url":"https:\/\/ravyx.com\/wp-content\/uploads\/2023\/10\/self-checkout-billboard-2.jpg","type":"image\/jpeg"}],"twitter_card":"summary_large_image","twitter_site":"@stcrpos","twitter_misc":{"Est. reading time":"2 minutos"},"schema":{"@context":"https:\/\/schema.org","@graph":[{"@type":"WebPage","@id":"https:\/\/ravyx.com\/solutions\/select-products\/self-checkout\/","url":"https:\/\/ravyx.com\/solutions\/select-products\/self-checkout\/","name":"Grocery Self-Checkout | Kiosks, Machines, Software & More","isPartOf":{"@id":"https:\/\/ravyx.com\/#website"},"primaryImageOfPage":{"@id":"https:\/\/ravyx.com\/solutions\/select-products\/self-checkout\/#primaryimage"},"image":{"@id":"https:\/\/ravyx.com\/solutions\/select-products\/self-checkout\/#primaryimage"},"thumbnailUrl":"https:\/\/ravyx.com\/wp-content\/uploads\/2023\/10\/self-checkout-billboard-2.jpg","datePublished":"2023-09-28T15:37:57+00:00","dateModified":"2025-06-18T17:12:20+00:00","description":"A grocery self-checkout machine can help you speed up the checkout process, optimize floors space and improve cash management.","breadcrumb":{"@id":"https:\/\/ravyx.com\/solutions\/select-products\/self-checkout\/#breadcrumb"},"inLanguage":"es-DO","potentialAction":[{"@type":"ReadAction","target":["https:\/\/ravyx.com\/solutions\/select-products\/self-checkout\/"]}]},{"@type":"ImageObject","inLanguage":"es-DO","@id":"https:\/\/ravyx.com\/solutions\/select-products\/self-checkout\/#primaryimage","url":"https:\/\/ravyx.com\/wp-content\/uploads\/2023\/10\/self-checkout-billboard-2.jpg","contentUrl":"https:\/\/ravyx.com\/wp-content\/uploads\/2023\/10\/self-checkout-billboard-2.jpg","width":1600,"height":500},{"@type":"BreadcrumbList","@id":"https:\/\/ravyx.com\/solutions\/select-products\/self-checkout\/#breadcrumb","itemListElement":[{"@type":"ListItem","position":1,"name":"Home","item":"https:\/\/ravyx.com\/"},{"@type":"ListItem","position":2,"name":"Solutions","item":"https:\/\/ravyx.com\/solutions\/"},{"@type":"ListItem","position":3,"name":"Select Products","item":"https:\/\/ravyx.com\/solutions\/select-products\/"},{"@type":"ListItem","position":4,"name":"Self Checkout"}]},{"@type":"WebSite","@id":"https:\/\/ravyx.com\/#website","url":"https:\/\/ravyx.com\/","name":"Ravyx","description":"Proven Grocery Technologies","publisher":{"@id":"https:\/\/ravyx.com\/#organization"},"potentialAction":[{"@type":"SearchAction","target":{"@type":"EntryPoint","urlTemplate":"https:\/\/ravyx.com\/?s={search_term_string}"},"query-input":{"@type":"PropertyValueSpecification","valueRequired":true,"valueName":"search_term_string"}}],"inLanguage":"es-DO"},{"@type":"Organization","@id":"https:\/\/ravyx.com\/#organization","name":"Ravyx","url":"https:\/\/ravyx.com\/","logo":{"@type":"ImageObject","inLanguage":"es-DO","@id":"https:\/\/ravyx.com\/#\/schema\/logo\/image\/","url":"https:\/\/ravyx.com\/wp-content\/uploads\/2023\/09\/generic-brand-1.jpg","contentUrl":"https:\/\/ravyx.com\/wp-content\/uploads\/2023\/09\/generic-brand-1.jpg","width":1200,"height":1200,"caption":"Ravyx"},"image":{"@id":"https:\/\/ravyx.com\/#\/schema\/logo\/image\/"},"sameAs":["https:\/\/www.facebook.com\/stcrpos","https:\/\/x.com\/stcrpos","https:\/\/www.linkedin.com\/company\/stcr\/","https:\/\/www.youtube.com\/channel\/UCSWcsJARYjaQnz0T5o4p9DQ"]}]}},"_links":{"self":[{"href":"https:\/\/ravyx.com\/es\/wp-json\/wp\/v2\/pages\/585","targetHints":{"allow":["GET"]}}],"collection":[{"href":"https:\/\/ravyx.com\/es\/wp-json\/wp\/v2\/pages"}],"about":[{"href":"https:\/\/ravyx.com\/es\/wp-json\/wp\/v2\/types\/page"}],"author":[{"embeddable":true,"href":"https:\/\/ravyx.com\/es\/wp-json\/wp\/v2\/users\/1"}],"replies":[{"embeddable":true,"href":"https:\/\/ravyx.com\/es\/wp-json\/wp\/v2\/comments?post=585"}],"version-history":[{"count":0,"href":"https:\/\/ravyx.com\/es\/wp-json\/wp\/v2\/pages\/585\/revisions"}],"up":[{"embeddable":true,"href":"https:\/\/ravyx.com\/es\/wp-json\/wp\/v2\/pages\/668"}],"wp:featuredmedia":[{"embeddable":true,"href":"https:\/\/ravyx.com\/es\/wp-json\/wp\/v2\/media\/2004"}],"wp:attachment":[{"href":"https:\/\/ravyx.com\/es\/wp-json\/wp\/v2\/media?parent=585"}],"curies":[{"name":"wp","href":"https:\/\/api.w.org\/{rel}","templated":true}]}}