{"id":4250,"date":"2026-04-08T14:49:31","date_gmt":"2026-04-08T18:49:31","guid":{"rendered":"https:\/\/ravyx.com\/?page_id=4250"},"modified":"2026-04-08T14:53:42","modified_gmt":"2026-04-08T18:53:42","slug":"sttor","status":"publish","type":"page","link":"https:\/\/ravyx.com\/es\/solutions\/select-products\/pos-applications\/sttor\/","title":{"rendered":"STTOR"},"content":{"rendered":"<div class=\"wp-block-columns is-layout-flex wp-container-core-columns-is-layout-9d6595d7 wp-block-columns-is-layout-flex\">\n<div class=\"wp-block-column is-layout-flow wp-block-column-is-layout-flow\">\n<h2 class=\"wp-block-heading\">\u00bfQu\u00e9 es STTOR POS?<\/h2>\n\n\n\n<p>STTOR POS es una potente soluci\u00f3n de punto de venta en la nube dise\u00f1ada espec\u00edficamente para supermercados, tiendas de conveniencia y minoristas especializados. Gestiona el inventario, precios, clientes y operaciones multilocaci\u00f3n, todo desde una plataforma intuitiva.<\/p>\n\n\n\n<div class=\"wp-block-buttons is-content-justification-center is-layout-flex wp-container-core-buttons-is-layout-16018d1d wp-block-buttons-is-layout-flex\">\n<div class=\"wp-block-button\"><a class=\"wp-block-button__link has-text-align-center wp-element-button\" href=\"https:\/\/ravyx.com\/wp-content\/uploads\/2026\/04\/STTOR-One-Pager-FR.pdf\" target=\"_blank\" rel=\"noreferrer noopener\">Aspectos b\u00e1sicos de STTOR<\/a><\/div>\n\n\n\n<div class=\"wp-block-button\"><a class=\"wp-block-button__link has-text-align-center wp-element-button\" href=\"https:\/\/ravyx.com\/wp-content\/uploads\/2026\/04\/STTOR-One-Pager-EN.pdf\" target=\"_blank\" rel=\"noreferrer noopener\">Fundamentos de STTOR ES<\/a><\/div>\n<\/div>\n<\/div>\n\n\n\n<div class=\"wp-block-column is-layout-flow wp-block-column-is-layout-flow\">\n<figure class=\"wp-block-image size-full\"><img loading=\"lazy\" decoding=\"async\" width=\"500\" height=\"250\" src=\"https:\/\/ravyx.com\/wp-content\/uploads\/2026\/04\/Untitled-design-35.png\" alt=\"\" class=\"wp-image-4258\" srcset=\"https:\/\/ravyx.com\/wp-content\/uploads\/2026\/04\/Untitled-design-35.png 500w, https:\/\/ravyx.com\/wp-content\/uploads\/2026\/04\/Untitled-design-35-300x150.png 300w, https:\/\/ravyx.com\/wp-content\/uploads\/2026\/04\/Untitled-design-35-18x9.png 18w\" sizes=\"auto, (max-width: 500px) 100vw, 500px\" \/><\/figure>\n<\/div>\n<\/div>\n\n\n\n<div class=\"wp-block-columns is-layout-flex wp-container-core-columns-is-layout-9d6595d7 wp-block-columns-is-layout-flex\">\n<div class=\"wp-block-column is-layout-flow wp-block-column-is-layout-flow\">\n<div class=\"block-inline-cta wpx-custom-block\" id=\"acf-inline-cta7529\">\n\n\t<div class=\"inline-cta-inner\">\n\t\t\n\t\t<h3 class=\"inline-cta-title\">Un sistema POS m\u00e1s inteligente para tiendas de conveniencia y abarrotes<\/h3>\t\t<p>Las tiendas minoristas de hoy necesitan m\u00e1s que solo una caja registradora. STTOR POS es un sistema de punto de venta completo para tiendas de conveniencia y supermercados, que re\u00fane ventas, gesti\u00f3n de inventario, informes y participaci\u00f3n del cliente en una plataforma integrada. Dise\u00f1ada para ser flexible y escalable, esta soluci\u00f3n de punto de venta en la nube ayuda a los minoristas a operar de manera m\u00e1s eficiente mientras se adaptan a las cambiantes expectativas de los clientes y las demandas del negocio.<\/p>\n\t\t\n\t<\/div>\n\n<\/div><\/div>\n<\/div>\n\n\n\n<div class=\"wp-block-columns is-layout-flex wp-container-core-columns-is-layout-9d6595d7 wp-block-columns-is-layout-flex\">\n<div class=\"wp-block-column is-layout-flow wp-block-column-is-layout-flow\">\n<h2 class=\"wp-block-heading\"><strong>\u00bfPor qu\u00e9 STTOR?<\/strong><\/h2>\n\n\n\n<p>\u00bfPor qu\u00e9 los minoristas eligen STTOR POS?<\/p>\n\n\n\n<ul class=\"wp-block-list\">\n<li><strong>Sistema de Punto de Venta Todo en Uno<\/strong><br>Gestiona ventas, inventario, promociones y datos de clientes en un solo lugar.<\/li>\n\n\n\n<li><strong>Flexibilidad de Punto de Venta en la Nube<\/strong><br>Accede a tu sistema en cualquier momento y lugar con una plataforma de punto de venta totalmente basada en la nube.<\/li>\n\n\n\n<li><strong>Dise\u00f1ado para supermercados y tiendas de conveniencia<\/strong><br>Dise\u00f1ado espec\u00edficamente como un <strong>Sistema de punto de venta (POS) para tiendas de conveniencia y abarrotes<\/strong>.<\/li>\n\n\n\n<li><strong>Listo para m\u00faltiples ubicaciones<\/strong><br>Administra m\u00faltiples tiendas f\u00e1cilmente desde un solo sistema.<\/li>\n\n\n\n<li><strong>Visibilidad en tiempo real<\/strong><br>Toma mejores decisiones con informaci\u00f3n actualizada de tu negocio.<\/li>\n\n\n\n<li><strong>F\u00e1cil de usar<\/strong><br>Reduce el tiempo de entrenamiento con una interfaz simple e intuitiva.<\/li>\n<\/ul>\n<\/div>\n\n\n\n<div class=\"wp-block-column is-layout-flow wp-block-column-is-layout-flow\">\n<iframe loading=\"lazy\" src=\"https:\/\/info.sirsolutions.com\/l\/797653\/2026-04-08\/66878i\" width=\"100%\" height=\"500\" type=\"text\/html\" frameborder=\"0\" allowtransparency=\"true\" style=\"border: 0\"><\/iframe>\n<\/div>\n<\/div>\n\n\n\n<div class=\"wp-block-columns is-layout-flex wp-container-core-columns-is-layout-9d6595d7 wp-block-columns-is-layout-flex\">\n<div class=\"wp-block-column is-layout-flow wp-block-column-is-layout-flow\">\n<h2 class=\"wp-block-heading has-text-align-center\">CAPACIDADES<\/h2>\n\n\n\n<p class=\"has-text-align-center\">Un POS en la nube dise\u00f1ado para administrar tu tienda<\/p>\n\n\n\n<div class=\"wp-block-columns is-layout-flex wp-container-core-columns-is-layout-9d6595d7 wp-block-columns-is-layout-flex\">\n<div class=\"wp-block-column is-layout-flow wp-block-column-is-layout-flow\"><div class=\"wp-block-image\">\n<figure class=\"aligncenter size-full\"><img decoding=\"async\" src=\"https:\/\/ravyx.com\/wp-content\/uploads\/2026\/04\/inventory.png\" alt=\"\" class=\"wp-image-4251\"\/><\/figure>\n<\/div>\n\n\n<h3 class=\"wp-block-heading has-text-align-center\"><strong>Gesti\u00f3n de inventario<\/strong><\/h3>\n\n\n\n<p class=\"has-text-align-center\">Rastrea existencias en tiempo real, gestiona pedidos y mant\u00e9n un inventario preciso en todas las ubicaciones.<\/p>\n<\/div>\n\n\n\n<div class=\"wp-block-column is-layout-flow wp-block-column-is-layout-flow\"><div class=\"wp-block-image\">\n<figure class=\"aligncenter size-full\"><img decoding=\"async\" src=\"https:\/\/ravyx.com\/wp-content\/uploads\/2026\/04\/Discount.png\" alt=\"\" class=\"wp-image-4252\"\/><\/figure>\n<\/div>\n\n\n<h3 class=\"wp-block-heading has-text-align-center\">Precios y Promociones<\/h3>\n\n\n\n<p class=\"has-text-align-center\">Crea estrategias de precios flexibles y promociones para impulsar las ventas y mejorar los m\u00e1rgenes.<\/p>\n<\/div>\n\n\n\n<div class=\"wp-block-column is-layout-flow wp-block-column-is-layout-flow\"><div class=\"wp-block-image\">\n<figure class=\"aligncenter size-full\"><img decoding=\"async\" src=\"https:\/\/ravyx.com\/wp-content\/uploads\/2026\/04\/Reporting.png\" alt=\"\" class=\"wp-image-4253\"\/><\/figure>\n<\/div>\n\n\n<h3 class=\"wp-block-heading has-text-align-center\">Informes y An\u00e1lisis<\/h3>\n\n\n\n<p class=\"has-text-align-center\">Utilice herramientas de informes integradas para monitorear el rendimiento y tomar decisiones comerciales informadas.<\/p>\n<\/div>\n<\/div>\n\n\n\n<div class=\"wp-block-columns is-layout-flex wp-container-core-columns-is-layout-9d6595d7 wp-block-columns-is-layout-flex\">\n<div class=\"wp-block-column is-layout-flow wp-block-column-is-layout-flow\"><div class=\"wp-block-image\">\n<figure class=\"aligncenter size-full\"><img decoding=\"async\" src=\"https:\/\/ravyx.com\/wp-content\/uploads\/2026\/04\/CRM.png\" alt=\"\" class=\"wp-image-4254\"\/><\/figure>\n<\/div>\n\n\n<h3 class=\"wp-block-heading has-text-align-center\">Gesti\u00f3n de clientes<\/h3>\n\n\n\n<p class=\"has-text-align-center\">Crea perfiles de clientes, rastrea su comportamiento y administra programas de lealtad dentro de tu sistema POS.<\/p>\n<\/div>\n\n\n\n<div class=\"wp-block-column is-layout-flow wp-block-column-is-layout-flow\"><div class=\"wp-block-image\">\n<figure class=\"aligncenter size-full\"><img decoding=\"async\" src=\"https:\/\/ravyx.com\/wp-content\/uploads\/2026\/04\/Payment.png\" alt=\"\" class=\"wp-image-4255\"\/><\/figure>\n<\/div>\n\n\n<h3 class=\"wp-block-heading has-text-align-center\">Transacciones<\/h3>\n\n\n\n<p class=\"has-text-align-center\">Maneja m\u00faltiples tipos de pago y transacciones complejas con facilidad.<\/p>\n<\/div>\n\n\n\n<div class=\"wp-block-column is-layout-flow wp-block-column-is-layout-flow\"><div class=\"wp-block-image\">\n<figure class=\"aligncenter size-full\"><img decoding=\"async\" src=\"https:\/\/ravyx.com\/wp-content\/uploads\/2026\/04\/ESL.png\" alt=\"\" class=\"wp-image-4256\"\/><\/figure>\n<\/div>\n\n\n<h3 class=\"wp-block-heading has-text-align-center\">Integraci\u00f3n de ESL<\/h3>\n\n\n\n<p class=\"has-text-align-center\">Garantiza la precisi\u00f3n de los precios y reduce las actualizaciones manuales con la integraci\u00f3n de etiquetas electr\u00f3nicas para estanter\u00edas.<\/p>\n<\/div>\n<\/div>\n<\/div>\n<\/div>\n\n\n\n<div class=\"wp-block-columns is-layout-flex wp-container-core-columns-is-layout-9d6595d7 wp-block-columns-is-layout-flex\">\n<div class=\"wp-block-column is-layout-flow wp-block-column-is-layout-flow\">\n<h2 class=\"wp-block-heading\">Un TPV en la Nube Dise\u00f1ado para Operaciones de Venta Minorista Modernas<\/h2>\n\n\n\n<div class=\"wp-block-columns is-layout-flex wp-container-core-columns-is-layout-9d6595d7 wp-block-columns-is-layout-flex\">\n<div class=\"wp-block-column is-layout-flow wp-block-column-is-layout-flow\">\n<p>El comercio minorista se mueve r\u00e1pido y tu tecnolog\u00eda debe seguirle el ritmo. STTOR POS es una soluci\u00f3n de punto de venta en la nube dise\u00f1ada para brindar visibilidad en tiempo real, flexibilidad operativa y una experiencia de cliente fluida en cada punto de contacto.<\/p>\n\n\n\n<ul class=\"wp-block-list\">\n<li><strong>Sincronizaci\u00f3n en Tiempo Real<\/strong><br>Mant\u00e9n la informaci\u00f3n de inventario, precios y clientes consistente en todos los sistemas.<\/li>\n\n\n\n<li><strong>Interfaz personalizable<\/strong><br>Adapta el sistema POS para que coincida con tus flujos de trabajo y las necesidades de tu tienda.<\/li>\n\n\n\n<li><strong>Panel de control responsivo<\/strong><br>Monitorea el rendimiento de la tienda con datos e informaci\u00f3n en tiempo real.<\/li>\n\n\n\n<li><strong>Capacidades de autocobro<\/strong><br>Mejora la eficiencia y reduce la presi\u00f3n laboral con opciones de autoservicio.<\/li>\n<\/ul>\n<\/div>\n\n\n\n<div class=\"wp-block-column is-layout-flow wp-block-column-is-layout-flow\"><div class=\"wp-block-image\">\n<figure class=\"aligncenter size-large is-resized\"><img loading=\"lazy\" decoding=\"async\" width=\"1024\" height=\"1024\" src=\"https:\/\/ravyx.com\/wp-content\/uploads\/2026\/04\/Aisle-24-1024x1024.png\" alt=\"\" class=\"wp-image-4257\" style=\"width:326px;height:auto\" srcset=\"https:\/\/ravyx.com\/wp-content\/uploads\/2026\/04\/Aisle-24-1024x1024.png 1024w, https:\/\/ravyx.com\/wp-content\/uploads\/2026\/04\/Aisle-24-300x300.png 300w, https:\/\/ravyx.com\/wp-content\/uploads\/2026\/04\/Aisle-24-150x150.png 150w, https:\/\/ravyx.com\/wp-content\/uploads\/2026\/04\/Aisle-24-768x768.png 768w, https:\/\/ravyx.com\/wp-content\/uploads\/2026\/04\/Aisle-24-12x12.png 12w, https:\/\/ravyx.com\/wp-content\/uploads\/2026\/04\/Aisle-24.png 1081w\" sizes=\"auto, (max-width: 1024px) 100vw, 1024px\" \/><\/figure>\n<\/div><\/div>\n<\/div>\n<\/div>\n<\/div>","protected":false},"excerpt":{"rendered":"<p>What is STTOR POS? STTOR POS is a powerful cloud POS solution built specifically for grocery stores, convenience stores, and specialty retailers. Manage inventory, pricing, customers, and multi-location operations\u2014all from one intuitive platform. Why STTOR? Why Retailers Choose STTOR POS CAPABILITIES A Cloud POS Built to Run Your Store Inventory Management Track stock in real [&hellip;]<\/p>\n","protected":false},"author":13,"featured_media":0,"parent":1052,"menu_order":2,"comment_status":"closed","ping_status":"closed","template":"","meta":{"_acf_changed":false,"footnotes":""},"class_list":["post-4250","page","type-page","status-publish","hentry"],"acf":[],"yoast_head":"<!-- This site is optimized with the Yoast SEO plugin v27.5 - https:\/\/yoast.com\/product\/yoast-seo-wordpress\/ -->\n<title>STTOR, Cloud POS for Convenience and Grocery | Ravyx<\/title>\n<meta name=\"description\" content=\"Discover STTOR, a cloud POS system built for grocery and convenience. Manage inventory, customers, and multiple locations with ease.\" \/>\n<meta name=\"robots\" content=\"index, follow, max-snippet:-1, max-image-preview:large, max-video-preview:-1\" \/>\n<link rel=\"canonical\" href=\"https:\/\/ravyx.com\/es\/solutions\/select-products\/pos-applications\/sttor\/\" \/>\n<meta property=\"og:locale\" content=\"es_ES\" \/>\n<meta property=\"og:type\" content=\"article\" \/>\n<meta property=\"og:title\" content=\"STTOR, Cloud POS for Convenience and Grocery | Ravyx\" \/>\n<meta property=\"og:description\" content=\"Discover STTOR, a cloud POS system built for grocery and convenience. Manage inventory, customers, and multiple locations with ease.\" \/>\n<meta property=\"og:url\" content=\"https:\/\/ravyx.com\/es\/solutions\/select-products\/pos-applications\/sttor\/\" \/>\n<meta property=\"og:site_name\" content=\"Ravyx\" \/>\n<meta property=\"article:publisher\" content=\"https:\/\/www.facebook.com\/stcrpos\" \/>\n<meta property=\"article:modified_time\" content=\"2026-04-08T18:53:42+00:00\" \/>\n<meta property=\"og:image\" content=\"https:\/\/ravyx.com\/wp-content\/uploads\/2026\/04\/Untitled-design-35.png\" \/>\n\t<meta property=\"og:image:width\" content=\"500\" \/>\n\t<meta property=\"og:image:height\" content=\"250\" \/>\n\t<meta property=\"og:image:type\" content=\"image\/png\" \/>\n<meta name=\"twitter:card\" content=\"summary_large_image\" \/>\n<meta name=\"twitter:site\" content=\"@stcrpos\" \/>\n<meta name=\"twitter:label1\" content=\"Est. reading time\" \/>\n\t<meta name=\"twitter:data1\" content=\"3 minutos\" \/>\n<script type=\"application\/ld+json\" class=\"yoast-schema-graph\">{\"@context\":\"https:\\\/\\\/schema.org\",\"@graph\":[{\"@type\":\"WebPage\",\"@id\":\"https:\\\/\\\/ravyx.com\\\/solutions\\\/select-products\\\/pos-applications\\\/sttor\\\/\",\"url\":\"https:\\\/\\\/ravyx.com\\\/solutions\\\/select-products\\\/pos-applications\\\/sttor\\\/\",\"name\":\"STTOR, Cloud POS for Convenience and Grocery | Ravyx\",\"isPartOf\":{\"@id\":\"https:\\\/\\\/ravyx.com\\\/#website\"},\"primaryImageOfPage\":{\"@id\":\"https:\\\/\\\/ravyx.com\\\/solutions\\\/select-products\\\/pos-applications\\\/sttor\\\/#primaryimage\"},\"image\":{\"@id\":\"https:\\\/\\\/ravyx.com\\\/solutions\\\/select-products\\\/pos-applications\\\/sttor\\\/#primaryimage\"},\"thumbnailUrl\":\"https:\\\/\\\/ravyx.com\\\/wp-content\\\/uploads\\\/2026\\\/04\\\/Untitled-design-35.png\",\"datePublished\":\"2026-04-08T18:49:31+00:00\",\"dateModified\":\"2026-04-08T18:53:42+00:00\",\"description\":\"Discover STTOR, a cloud POS system built for grocery and convenience. Manage inventory, customers, and multiple locations with ease.\",\"breadcrumb\":{\"@id\":\"https:\\\/\\\/ravyx.com\\\/solutions\\\/select-products\\\/pos-applications\\\/sttor\\\/#breadcrumb\"},\"inLanguage\":\"es-DO\",\"potentialAction\":[{\"@type\":\"ReadAction\",\"target\":[\"https:\\\/\\\/ravyx.com\\\/solutions\\\/select-products\\\/pos-applications\\\/sttor\\\/\"]}]},{\"@type\":\"ImageObject\",\"inLanguage\":\"es-DO\",\"@id\":\"https:\\\/\\\/ravyx.com\\\/solutions\\\/select-products\\\/pos-applications\\\/sttor\\\/#primaryimage\",\"url\":\"https:\\\/\\\/ravyx.com\\\/wp-content\\\/uploads\\\/2026\\\/04\\\/Untitled-design-35.png\",\"contentUrl\":\"https:\\\/\\\/ravyx.com\\\/wp-content\\\/uploads\\\/2026\\\/04\\\/Untitled-design-35.png\"},{\"@type\":\"BreadcrumbList\",\"@id\":\"https:\\\/\\\/ravyx.com\\\/solutions\\\/select-products\\\/pos-applications\\\/sttor\\\/#breadcrumb\",\"itemListElement\":[{\"@type\":\"ListItem\",\"position\":1,\"name\":\"Home\",\"item\":\"https:\\\/\\\/ravyx.com\\\/\"},{\"@type\":\"ListItem\",\"position\":2,\"name\":\"Solutions\",\"item\":\"https:\\\/\\\/ravyx.com\\\/solutions\\\/\"},{\"@type\":\"ListItem\",\"position\":3,\"name\":\"Select Products\",\"item\":\"https:\\\/\\\/ravyx.com\\\/solutions\\\/select-products\\\/\"},{\"@type\":\"ListItem\",\"position\":4,\"name\":\"POS Applications\",\"item\":\"https:\\\/\\\/ravyx.com\\\/solutions\\\/select-products\\\/pos-applications\\\/\"},{\"@type\":\"ListItem\",\"position\":5,\"name\":\"STTOR\"}]},{\"@type\":\"WebSite\",\"@id\":\"https:\\\/\\\/ravyx.com\\\/#website\",\"url\":\"https:\\\/\\\/ravyx.com\\\/\",\"name\":\"Ravyx\",\"description\":\"Proven Grocery Technologies\",\"publisher\":{\"@id\":\"https:\\\/\\\/ravyx.com\\\/#organization\"},\"potentialAction\":[{\"@type\":\"SearchAction\",\"target\":{\"@type\":\"EntryPoint\",\"urlTemplate\":\"https:\\\/\\\/ravyx.com\\\/?s={search_term_string}\"},\"query-input\":{\"@type\":\"PropertyValueSpecification\",\"valueRequired\":true,\"valueName\":\"search_term_string\"}}],\"inLanguage\":\"es-DO\"},{\"@type\":\"Organization\",\"@id\":\"https:\\\/\\\/ravyx.com\\\/#organization\",\"name\":\"Ravyx\",\"url\":\"https:\\\/\\\/ravyx.com\\\/\",\"logo\":{\"@type\":\"ImageObject\",\"inLanguage\":\"es-DO\",\"@id\":\"https:\\\/\\\/ravyx.com\\\/#\\\/schema\\\/logo\\\/image\\\/\",\"url\":\"https:\\\/\\\/ravyx.com\\\/wp-content\\\/uploads\\\/2023\\\/09\\\/generic-brand-1.jpg\",\"contentUrl\":\"https:\\\/\\\/ravyx.com\\\/wp-content\\\/uploads\\\/2023\\\/09\\\/generic-brand-1.jpg\",\"width\":1200,\"height\":1200,\"caption\":\"Ravyx\"},\"image\":{\"@id\":\"https:\\\/\\\/ravyx.com\\\/#\\\/schema\\\/logo\\\/image\\\/\"},\"sameAs\":[\"https:\\\/\\\/www.facebook.com\\\/stcrpos\",\"https:\\\/\\\/x.com\\\/stcrpos\",\"https:\\\/\\\/www.linkedin.com\\\/company\\\/stcr\\\/\",\"https:\\\/\\\/www.youtube.com\\\/channel\\\/UCSWcsJARYjaQnz0T5o4p9DQ\"]}]}<\/script>\n<!-- \/ Yoast SEO plugin. -->","yoast_head_json":{"title":"STTOR, Cloud POS for Convenience and Grocery | Ravyx","description":"Discover STTOR, a cloud POS system built for grocery and convenience. Manage inventory, customers, and multiple locations with ease.","robots":{"index":"index","follow":"follow","max-snippet":"max-snippet:-1","max-image-preview":"max-image-preview:large","max-video-preview":"max-video-preview:-1"},"canonical":"https:\/\/ravyx.com\/es\/solutions\/select-products\/pos-applications\/sttor\/","og_locale":"es_ES","og_type":"article","og_title":"STTOR, Cloud POS for Convenience and Grocery | Ravyx","og_description":"Discover STTOR, a cloud POS system built for grocery and convenience. Manage inventory, customers, and multiple locations with ease.","og_url":"https:\/\/ravyx.com\/es\/solutions\/select-products\/pos-applications\/sttor\/","og_site_name":"Ravyx","article_publisher":"https:\/\/www.facebook.com\/stcrpos","article_modified_time":"2026-04-08T18:53:42+00:00","og_image":[{"width":500,"height":250,"url":"https:\/\/ravyx.com\/wp-content\/uploads\/2026\/04\/Untitled-design-35.png","type":"image\/png"}],"twitter_card":"summary_large_image","twitter_site":"@stcrpos","twitter_misc":{"Est. reading time":"3 minutos"},"schema":{"@context":"https:\/\/schema.org","@graph":[{"@type":"WebPage","@id":"https:\/\/ravyx.com\/solutions\/select-products\/pos-applications\/sttor\/","url":"https:\/\/ravyx.com\/solutions\/select-products\/pos-applications\/sttor\/","name":"STTOR, Cloud POS for Convenience and Grocery | Ravyx","isPartOf":{"@id":"https:\/\/ravyx.com\/#website"},"primaryImageOfPage":{"@id":"https:\/\/ravyx.com\/solutions\/select-products\/pos-applications\/sttor\/#primaryimage"},"image":{"@id":"https:\/\/ravyx.com\/solutions\/select-products\/pos-applications\/sttor\/#primaryimage"},"thumbnailUrl":"https:\/\/ravyx.com\/wp-content\/uploads\/2026\/04\/Untitled-design-35.png","datePublished":"2026-04-08T18:49:31+00:00","dateModified":"2026-04-08T18:53:42+00:00","description":"Discover STTOR, a cloud POS system built for grocery and convenience. Manage inventory, customers, and multiple locations with ease.","breadcrumb":{"@id":"https:\/\/ravyx.com\/solutions\/select-products\/pos-applications\/sttor\/#breadcrumb"},"inLanguage":"es-DO","potentialAction":[{"@type":"ReadAction","target":["https:\/\/ravyx.com\/solutions\/select-products\/pos-applications\/sttor\/"]}]},{"@type":"ImageObject","inLanguage":"es-DO","@id":"https:\/\/ravyx.com\/solutions\/select-products\/pos-applications\/sttor\/#primaryimage","url":"https:\/\/ravyx.com\/wp-content\/uploads\/2026\/04\/Untitled-design-35.png","contentUrl":"https:\/\/ravyx.com\/wp-content\/uploads\/2026\/04\/Untitled-design-35.png"},{"@type":"BreadcrumbList","@id":"https:\/\/ravyx.com\/solutions\/select-products\/pos-applications\/sttor\/#breadcrumb","itemListElement":[{"@type":"ListItem","position":1,"name":"Home","item":"https:\/\/ravyx.com\/"},{"@type":"ListItem","position":2,"name":"Solutions","item":"https:\/\/ravyx.com\/solutions\/"},{"@type":"ListItem","position":3,"name":"Select Products","item":"https:\/\/ravyx.com\/solutions\/select-products\/"},{"@type":"ListItem","position":4,"name":"POS Applications","item":"https:\/\/ravyx.com\/solutions\/select-products\/pos-applications\/"},{"@type":"ListItem","position":5,"name":"STTOR"}]},{"@type":"WebSite","@id":"https:\/\/ravyx.com\/#website","url":"https:\/\/ravyx.com\/","name":"Ravyx","description":"Proven Grocery Technologies","publisher":{"@id":"https:\/\/ravyx.com\/#organization"},"potentialAction":[{"@type":"SearchAction","target":{"@type":"EntryPoint","urlTemplate":"https:\/\/ravyx.com\/?s={search_term_string}"},"query-input":{"@type":"PropertyValueSpecification","valueRequired":true,"valueName":"search_term_string"}}],"inLanguage":"es-DO"},{"@type":"Organization","@id":"https:\/\/ravyx.com\/#organization","name":"Ravyx","url":"https:\/\/ravyx.com\/","logo":{"@type":"ImageObject","inLanguage":"es-DO","@id":"https:\/\/ravyx.com\/#\/schema\/logo\/image\/","url":"https:\/\/ravyx.com\/wp-content\/uploads\/2023\/09\/generic-brand-1.jpg","contentUrl":"https:\/\/ravyx.com\/wp-content\/uploads\/2023\/09\/generic-brand-1.jpg","width":1200,"height":1200,"caption":"Ravyx"},"image":{"@id":"https:\/\/ravyx.com\/#\/schema\/logo\/image\/"},"sameAs":["https:\/\/www.facebook.com\/stcrpos","https:\/\/x.com\/stcrpos","https:\/\/www.linkedin.com\/company\/stcr\/","https:\/\/www.youtube.com\/channel\/UCSWcsJARYjaQnz0T5o4p9DQ"]}]}},"_links":{"self":[{"href":"https:\/\/ravyx.com\/es\/wp-json\/wp\/v2\/pages\/4250","targetHints":{"allow":["GET"]}}],"collection":[{"href":"https:\/\/ravyx.com\/es\/wp-json\/wp\/v2\/pages"}],"about":[{"href":"https:\/\/ravyx.com\/es\/wp-json\/wp\/v2\/types\/page"}],"author":[{"embeddable":true,"href":"https:\/\/ravyx.com\/es\/wp-json\/wp\/v2\/users\/13"}],"replies":[{"embeddable":true,"href":"https:\/\/ravyx.com\/es\/wp-json\/wp\/v2\/comments?post=4250"}],"version-history":[{"count":0,"href":"https:\/\/ravyx.com\/es\/wp-json\/wp\/v2\/pages\/4250\/revisions"}],"up":[{"embeddable":true,"href":"https:\/\/ravyx.com\/es\/wp-json\/wp\/v2\/pages\/1052"}],"wp:attachment":[{"href":"https:\/\/ravyx.com\/es\/wp-json\/wp\/v2\/media?parent=4250"}],"curies":[{"name":"wp","href":"https:\/\/api.w.org\/{rel}","templated":true}]}}