{"id":4214,"date":"2026-03-12T15:44:02","date_gmt":"2026-03-12T19:44:02","guid":{"rendered":"https:\/\/ravyx.com\/?page_id=4214"},"modified":"2026-03-12T16:01:01","modified_gmt":"2026-03-12T20:01:01","slug":"inventaire-intelligent-pour-les-magasins-cooperatifs","status":"publish","type":"page","link":"https:\/\/ravyx.com\/es\/resources\/explore-our-resource-library\/inventaire-intelligent-pour-les-magasins-cooperatifs\/","title":{"rendered":"Smart Inventory for Co-op Stores FR"},"content":{"rendered":"<div class=\"wp-block-columns is-layout-flex wp-container-core-columns-is-layout-9d6595d7 wp-block-columns-is-layout-flex\">\n<div class=\"wp-block-column is-layout-flow wp-block-column-is-layout-flow\">\n<p>G\u00e9rer une coop\u00e9rative ou un magasin d\u2019aliments naturels exige de trouver l\u2019\u00e9quilibre entre la mission, la rentabilit\u00e9 et les attentes des membres. La gestion d\u2019un inventaire p\u00e9rissable, le soutien aux fournisseurs locaux et le maintien de programmes solides de fid\u00e9lit\u00e9 et d\u2019incitatifs nutritionnels peuvent devenir difficiles lorsque l\u2019on s\u2019appuie sur des processus manuels ou des syst\u00e8mes d\u00e9suets.<\/p>\n\n\n\n<p>Ce livre num\u00e9rique explore comment un inventaire intelligent pour les coop\u00e9ratives aide les d\u00e9taillants \u00e0 r\u00e9duire les pertes, \u00e0 am\u00e9liorer les pr\u00e9visions et \u00e0 s\u2019assurer que les produits sur lesquels les membres comptent sont toujours disponibles. En tirant parti des technologies modernes pour les coop\u00e9ratives et les magasins d\u2019aliments naturels, les d\u00e9taillants peuvent prendre des d\u00e9cisions plus \u00e9clair\u00e9es qui renforcent \u00e0 la fois leurs op\u00e9rations et leur impact dans la communaut\u00e9.<\/p>\n<\/div>\n<\/div>\n\n\n\n<div class=\"wp-block-columns is-layout-flex wp-container-core-columns-is-layout-9d6595d7 wp-block-columns-is-layout-flex\">\n<div class=\"wp-block-column is-layout-flow wp-block-column-is-layout-flow\">\n<h2 class=\"wp-block-heading\">Ce que vous apprendrez<\/h2>\n\n\n\n<p>Dans ce livre num\u00e9rique, vous d\u00e9couvrirez comment <strong>un inventaire intelligent pour les coop\u00e9ratives<\/strong> peut vous aider \u00e0 :<\/p>\n\n\n\n<ul class=\"wp-block-list\">\n<li>R\u00e9duire le gaspillage alimentaire et les pertes dans les d\u00e9partements de produits p\u00e9rissables<\/li>\n\n\n\n<li>Pr\u00e9voir plus pr\u00e9cis\u00e9ment la demande pour les produits sp\u00e9cialis\u00e9s et saisonniers<\/li>\n\n\n\n<li>Soutenir la fid\u00e9lit\u00e9 et la participation des membres<\/li>\n\n\n\n<li>Am\u00e9liorer la planification des stocks pour les fournisseurs locaux et les producteurs en petits lots<\/li>\n\n\n\n<li>Utiliser les technologies pour coop\u00e9ratives et magasins d\u2019aliments naturels afin de prendre des d\u00e9cisions d\u2019achat bas\u00e9es sur les donn\u00e9es<\/li>\n<\/ul>\n\n\n<div class=\"wp-block-image\">\n<figure class=\"aligncenter size-full is-resized\"><img loading=\"lazy\" decoding=\"async\" width=\"500\" height=\"250\" src=\"https:\/\/ravyx.com\/wp-content\/uploads\/2026\/03\/Co-op-eBook-FR.png\" alt=\"\" class=\"wp-image-4215\" style=\"width:962px;height:auto\" srcset=\"https:\/\/ravyx.com\/wp-content\/uploads\/2026\/03\/Co-op-eBook-FR.png 500w, https:\/\/ravyx.com\/wp-content\/uploads\/2026\/03\/Co-op-eBook-FR-300x150.png 300w, https:\/\/ravyx.com\/wp-content\/uploads\/2026\/03\/Co-op-eBook-FR-18x9.png 18w\" sizes=\"auto, (max-width: 500px) 100vw, 500px\" \/><\/figure>\n<\/div><\/div>\n\n\n\n<div class=\"wp-block-column is-layout-flow wp-block-column-is-layout-flow\">\n<iframe loading=\"lazy\" src=\"https:\/\/info.sirsolutions.com\/l\/797653\/2026-03-12\/65ptv\" width=\"100%\" height=\"500\" type=\"text\/html\" frameborder=\"0\" allowtransparency=\"true\" style=\"border: 0\"><\/iframe>\n<\/div>\n<\/div>\n\n\n\n<div class=\"wp-block-columns is-layout-flex wp-container-core-columns-is-layout-9d6595d7 wp-block-columns-is-layout-flex\">\n<div class=\"wp-block-column is-layout-flow wp-block-column-is-layout-flow\">\n<h2 class=\"wp-block-heading\">Pourquoi c\u2019est important pour les coop\u00e9ratives et les d\u00e9taillants d\u2019aliments naturels<\/h2>\n\n\n\n<p>Pour les coop\u00e9ratives et les d\u00e9taillants d\u2019aliments naturels, la gestion des stocks ne concerne pas seulement l\u2019efficacit\u00e9 op\u00e9rationnelle. La disponibilit\u00e9 des produits a un impact direct sur la satisfaction des membres, les programmes nutritionnels et la capacit\u00e9 de soutenir les producteurs locaux.<\/p>\n\n\n\n<p>En adoptant un inventaire intelligent pour les magasins coop\u00e9ratifs, les d\u00e9taillants peuvent aligner leurs d\u00e9cisions d\u2019achat sur la demande r\u00e9elle des membres, r\u00e9duire les pertes et s\u2019assurer que les programmes de fid\u00e9lit\u00e9 et d\u2019incitatifs nutritionnels offrent une valeur r\u00e9elle.<\/p>\n\n\n\n<p>Les technologies modernes pour les coop\u00e9ratives et les magasins d\u2019aliments naturels permettent d\u2019exploiter les magasins plus efficacement tout en restant fid\u00e8les aux valeurs ax\u00e9es sur la mission qui rendent les coop\u00e9ratives uniques.<\/p>\n<\/div>\n<\/div>\n\n\n\n<div class=\"wp-block-columns is-layout-flex wp-container-core-columns-is-layout-9d6595d7 wp-block-columns-is-layout-flex\">\n<div class=\"wp-block-column is-layout-flow wp-block-column-is-layout-flow\">\n<h2 class=\"wp-block-heading\">FAQs<\/h2>\n\n\n\n<details class=\"wp-block-details is-layout-flow wp-block-details-is-layout-flow\"><summary>Qu\u2019est-ce que l\u2019inventaire intelligent pour les magasins coop\u00e9ratifs?<\/summary>\n<p>L\u2019inventaire intelligent pour les magasins coop\u00e9ratifs utilise des outils modernes de donn\u00e9es et de pr\u00e9vision pour aider les d\u00e9taillants \u00e0 mieux anticiper la demande, r\u00e9duire le gaspillage alimentaire et maintenir des niveaux de stock optimaux. En adoptant des strat\u00e9gies d\u2019inventaire plus intelligentes, les coop\u00e9ratives peuvent s\u2019assurer que les produits populaires, les articles saisonniers et les favoris des membres sont disponibles tout en minimisant les pertes et la d\u00e9t\u00e9rioration.<\/p>\n<\/details>\n\n\n\n<details class=\"wp-block-details is-layout-flow wp-block-details-is-layout-flow\"><summary>Pourquoi la gestion des stocks est-elle importante pour les coop\u00e9ratives et les magasins d\u2019aliments naturels?<\/summary>\n<p>Les coop\u00e9ratives et les magasins d\u2019aliments naturels offrent souvent des produits hautement p\u00e9rissables et sp\u00e9cialis\u00e9s, ce qui rend une gestion pr\u00e9cise des stocks essentielle. Des syst\u00e8mes efficaces de gestion des stocks permettent de r\u00e9duire le gaspillage, de soutenir les fournisseurs locaux, de maintenir la disponibilit\u00e9 de produits frais et d\u2019assurer que les programmes de fid\u00e9lit\u00e9 et d\u2019incitatifs nutritionnels offrent une r\u00e9elle valeur aux membres.<\/p>\n<\/details>\n\n\n\n<details class=\"wp-block-details is-layout-flow wp-block-details-is-layout-flow\"><summary>Comment l\u2019inventaire intelligent soutient-il les programmes pour les membres?<\/summary>\n<p>L\u2019inventaire intelligent aide les d\u00e9taillants \u00e0 anticiper la demande li\u00e9e aux programmes de fid\u00e9lit\u00e9, aux r\u00e9compenses des membres et aux incitatifs nutritionnels. En alignant les niveaux de stock avec les promotions et les \u00e9changes de r\u00e9compenses, les coop\u00e9ratives peuvent s\u2019assurer que les membres ont un acc\u00e8s constant aux produits qu\u2019ils souhaitent tout en maintenant des op\u00e9rations efficaces.<\/p>\n<\/details>\n\n\n\n<details class=\"wp-block-details is-layout-flow wp-block-details-is-layout-flow\"><summary>Quels types de technologies sont utilis\u00e9s dans les solutions technologiques pour les coop\u00e9ratives et les magasins d\u2019aliments naturels?<\/summary>\n<p>Les technologies modernes pour les coop\u00e9ratives et les magasins d\u2019aliments naturels incluent souvent des outils de pr\u00e9vision de la demande, des syst\u00e8mes de r\u00e9approvisionnement automatis\u00e9, des int\u00e9grations avec les syst\u00e8mes de point de vente (POS), la gestion des programmes de fid\u00e9lit\u00e9 et une visibilit\u00e9 des stocks en temps r\u00e9el. Ces outils aident les d\u00e9taillants \u00e0 prendre des d\u00e9cisions d\u2019achat plus \u00e9clair\u00e9es et \u00e0 am\u00e9liorer la performance globale du magasin.<\/p>\n<\/details>\n\n\n\n<details class=\"wp-block-details is-layout-flow wp-block-details-is-layout-flow\"><summary>L\u2019inventaire intelligent peut-il aider \u00e0 r\u00e9duire le gaspillage alimentaire?<\/summary>\n<p>Oui. Les syst\u00e8mes d\u2019inventaire intelligent analysent les tendances de ventes, la demande saisonni\u00e8re et les habitudes d\u2019achat afin de recommander des quantit\u00e9s de commande plus pr\u00e9cises. Cela aide les magasins coop\u00e9ratifs \u00e0 r\u00e9duire les surcommandes, \u00e0 limiter la d\u00e9t\u00e9rioration des produits et \u00e0 am\u00e9liorer leurs efforts en mati\u00e8re de durabilit\u00e9.<\/p>\n<\/details>\n<\/div>\n\n\n\n<div class=\"wp-block-column is-layout-flow wp-block-column-is-layout-flow\"><div class=\"wp-block-image\">\n<figure class=\"aligncenter size-full is-resized\"><img loading=\"lazy\" decoding=\"async\" width=\"500\" height=\"250\" src=\"https:\/\/ravyx.com\/wp-content\/uploads\/2026\/03\/Coop-Grocery.png\" alt=\"\" class=\"wp-image-4212\" style=\"width:748px;height:auto\" srcset=\"https:\/\/ravyx.com\/wp-content\/uploads\/2026\/03\/Coop-Grocery.png 500w, https:\/\/ravyx.com\/wp-content\/uploads\/2026\/03\/Coop-Grocery-300x150.png 300w, https:\/\/ravyx.com\/wp-content\/uploads\/2026\/03\/Coop-Grocery-18x9.png 18w\" sizes=\"auto, (max-width: 500px) 100vw, 500px\" \/><\/figure>\n<\/div><\/div>\n<\/div>\n\n\n\n<p><\/p>","protected":false},"excerpt":{"rendered":"<p>G\u00e9rer une coop\u00e9rative ou un magasin d\u2019aliments naturels exige de trouver l\u2019\u00e9quilibre entre la mission, la rentabilit\u00e9 et les attentes des membres. La gestion d\u2019un inventaire p\u00e9rissable, le soutien aux fournisseurs locaux et le maintien de programmes solides de fid\u00e9lit\u00e9 et d\u2019incitatifs nutritionnels peuvent devenir difficiles lorsque l\u2019on s\u2019appuie sur des processus manuels ou des [&hellip;]<\/p>\n","protected":false},"author":13,"featured_media":0,"parent":3447,"menu_order":5,"comment_status":"closed","ping_status":"closed","template":"","meta":{"_acf_changed":true,"footnotes":""},"class_list":["post-4214","page","type-page","status-publish","hentry"],"acf":[],"yoast_head":"<!-- This site is optimized with the Yoast SEO plugin v27.5 - https:\/\/yoast.com\/product\/yoast-seo-wordpress\/ -->\n<title>Inventaire intelligent pour les magasins coop\u00e9ratifs | Ravyx<\/title>\n<meta name=\"description\" content=\"D\u00e9couvrez comment l\u2019inventaire intelligent pour les magasins coop\u00e9ratifs permet de r\u00e9duire le gaspillage, de pr\u00e9voir la demande et de soutenir les programmes de fid\u00e9lit\u00e9 des membres. T\u00e9l\u00e9chargez le livre num\u00e9rique d\u00e8s aujourd\u2019hui.\" \/>\n<meta name=\"robots\" content=\"index, follow, max-snippet:-1, max-image-preview:large, max-video-preview:-1\" \/>\n<link rel=\"canonical\" href=\"https:\/\/ravyx.com\/es\/inventaire-intelligent-pour-les-magasins-cooperatifs\/\" \/>\n<meta property=\"og:locale\" content=\"es_ES\" \/>\n<meta property=\"og:type\" content=\"article\" \/>\n<meta property=\"og:title\" content=\"Inventaire intelligent pour les magasins coop\u00e9ratifs | Ravyx\" \/>\n<meta property=\"og:description\" content=\"D\u00e9couvrez comment l\u2019inventaire intelligent pour les magasins coop\u00e9ratifs permet de r\u00e9duire le gaspillage, de pr\u00e9voir la demande et de soutenir les programmes de fid\u00e9lit\u00e9 des membres. T\u00e9l\u00e9chargez le livre num\u00e9rique d\u00e8s aujourd\u2019hui.\" \/>\n<meta property=\"og:url\" content=\"https:\/\/ravyx.com\/es\/inventaire-intelligent-pour-les-magasins-cooperatifs\/\" \/>\n<meta property=\"og:site_name\" content=\"Ravyx\" \/>\n<meta property=\"article:publisher\" content=\"https:\/\/www.facebook.com\/stcrpos\" \/>\n<meta property=\"article:modified_time\" content=\"2026-03-12T20:01:01+00:00\" \/>\n<meta property=\"og:image\" content=\"https:\/\/ravyx.com\/wp-content\/uploads\/2026\/03\/Co-op-eBook-FR.png\" \/>\n\t<meta property=\"og:image:width\" content=\"500\" \/>\n\t<meta property=\"og:image:height\" content=\"250\" \/>\n\t<meta property=\"og:image:type\" content=\"image\/png\" \/>\n<meta name=\"twitter:card\" content=\"summary_large_image\" \/>\n<meta name=\"twitter:site\" content=\"@stcrpos\" \/>\n<meta name=\"twitter:label1\" content=\"Est. reading time\" \/>\n\t<meta name=\"twitter:data1\" content=\"4 minutos\" \/>\n<script type=\"application\/ld+json\" class=\"yoast-schema-graph\">{\"@context\":\"https:\\\/\\\/schema.org\",\"@graph\":[{\"@type\":\"WebPage\",\"@id\":\"https:\\\/\\\/ravyx.com\\\/inventaire-intelligent-pour-les-magasins-cooperatifs\\\/\",\"url\":\"https:\\\/\\\/ravyx.com\\\/inventaire-intelligent-pour-les-magasins-cooperatifs\\\/\",\"name\":\"Inventaire intelligent pour les magasins coop\u00e9ratifs | Ravyx\",\"isPartOf\":{\"@id\":\"https:\\\/\\\/ravyx.com\\\/#website\"},\"primaryImageOfPage\":{\"@id\":\"https:\\\/\\\/ravyx.com\\\/inventaire-intelligent-pour-les-magasins-cooperatifs\\\/#primaryimage\"},\"image\":{\"@id\":\"https:\\\/\\\/ravyx.com\\\/inventaire-intelligent-pour-les-magasins-cooperatifs\\\/#primaryimage\"},\"thumbnailUrl\":\"https:\\\/\\\/ravyx.com\\\/wp-content\\\/uploads\\\/2026\\\/03\\\/Co-op-eBook-FR.png\",\"datePublished\":\"2026-03-12T19:44:02+00:00\",\"dateModified\":\"2026-03-12T20:01:01+00:00\",\"description\":\"D\u00e9couvrez comment l\u2019inventaire intelligent pour les magasins coop\u00e9ratifs permet de r\u00e9duire le gaspillage, de pr\u00e9voir la demande et de soutenir les programmes de fid\u00e9lit\u00e9 des membres. T\u00e9l\u00e9chargez le livre num\u00e9rique d\u00e8s aujourd\u2019hui.\",\"breadcrumb\":{\"@id\":\"https:\\\/\\\/ravyx.com\\\/inventaire-intelligent-pour-les-magasins-cooperatifs\\\/#breadcrumb\"},\"inLanguage\":\"es-DO\",\"potentialAction\":[{\"@type\":\"ReadAction\",\"target\":[\"https:\\\/\\\/ravyx.com\\\/inventaire-intelligent-pour-les-magasins-cooperatifs\\\/\"]}]},{\"@type\":\"ImageObject\",\"inLanguage\":\"es-DO\",\"@id\":\"https:\\\/\\\/ravyx.com\\\/inventaire-intelligent-pour-les-magasins-cooperatifs\\\/#primaryimage\",\"url\":\"https:\\\/\\\/ravyx.com\\\/wp-content\\\/uploads\\\/2026\\\/03\\\/Co-op-eBook-FR.png\",\"contentUrl\":\"https:\\\/\\\/ravyx.com\\\/wp-content\\\/uploads\\\/2026\\\/03\\\/Co-op-eBook-FR.png\"},{\"@type\":\"BreadcrumbList\",\"@id\":\"https:\\\/\\\/ravyx.com\\\/inventaire-intelligent-pour-les-magasins-cooperatifs\\\/#breadcrumb\",\"itemListElement\":[{\"@type\":\"ListItem\",\"position\":1,\"name\":\"Home\",\"item\":\"https:\\\/\\\/ravyx.com\\\/\"},{\"@type\":\"ListItem\",\"position\":2,\"name\":\"Smart Inventory for Co-op Stores FR\"}]},{\"@type\":\"WebSite\",\"@id\":\"https:\\\/\\\/ravyx.com\\\/#website\",\"url\":\"https:\\\/\\\/ravyx.com\\\/\",\"name\":\"Ravyx\",\"description\":\"Proven Grocery Technologies\",\"publisher\":{\"@id\":\"https:\\\/\\\/ravyx.com\\\/#organization\"},\"potentialAction\":[{\"@type\":\"SearchAction\",\"target\":{\"@type\":\"EntryPoint\",\"urlTemplate\":\"https:\\\/\\\/ravyx.com\\\/?s={search_term_string}\"},\"query-input\":{\"@type\":\"PropertyValueSpecification\",\"valueRequired\":true,\"valueName\":\"search_term_string\"}}],\"inLanguage\":\"es-DO\"},{\"@type\":\"Organization\",\"@id\":\"https:\\\/\\\/ravyx.com\\\/#organization\",\"name\":\"Ravyx\",\"url\":\"https:\\\/\\\/ravyx.com\\\/\",\"logo\":{\"@type\":\"ImageObject\",\"inLanguage\":\"es-DO\",\"@id\":\"https:\\\/\\\/ravyx.com\\\/#\\\/schema\\\/logo\\\/image\\\/\",\"url\":\"https:\\\/\\\/ravyx.com\\\/wp-content\\\/uploads\\\/2023\\\/09\\\/generic-brand-1.jpg\",\"contentUrl\":\"https:\\\/\\\/ravyx.com\\\/wp-content\\\/uploads\\\/2023\\\/09\\\/generic-brand-1.jpg\",\"width\":1200,\"height\":1200,\"caption\":\"Ravyx\"},\"image\":{\"@id\":\"https:\\\/\\\/ravyx.com\\\/#\\\/schema\\\/logo\\\/image\\\/\"},\"sameAs\":[\"https:\\\/\\\/www.facebook.com\\\/stcrpos\",\"https:\\\/\\\/x.com\\\/stcrpos\",\"https:\\\/\\\/www.linkedin.com\\\/company\\\/stcr\\\/\",\"https:\\\/\\\/www.youtube.com\\\/channel\\\/UCSWcsJARYjaQnz0T5o4p9DQ\"]}]}<\/script>\n<!-- \/ Yoast SEO plugin. -->","yoast_head_json":{"title":"Inventaire intelligent pour les magasins coop\u00e9ratifs | Ravyx","description":"D\u00e9couvrez comment l\u2019inventaire intelligent pour les magasins coop\u00e9ratifs permet de r\u00e9duire le gaspillage, de pr\u00e9voir la demande et de soutenir les programmes de fid\u00e9lit\u00e9 des membres. T\u00e9l\u00e9chargez le livre num\u00e9rique d\u00e8s aujourd\u2019hui.","robots":{"index":"index","follow":"follow","max-snippet":"max-snippet:-1","max-image-preview":"max-image-preview:large","max-video-preview":"max-video-preview:-1"},"canonical":"https:\/\/ravyx.com\/es\/inventaire-intelligent-pour-les-magasins-cooperatifs\/","og_locale":"es_ES","og_type":"article","og_title":"Inventaire intelligent pour les magasins coop\u00e9ratifs | Ravyx","og_description":"D\u00e9couvrez comment l\u2019inventaire intelligent pour les magasins coop\u00e9ratifs permet de r\u00e9duire le gaspillage, de pr\u00e9voir la demande et de soutenir les programmes de fid\u00e9lit\u00e9 des membres. T\u00e9l\u00e9chargez le livre num\u00e9rique d\u00e8s aujourd\u2019hui.","og_url":"https:\/\/ravyx.com\/es\/inventaire-intelligent-pour-les-magasins-cooperatifs\/","og_site_name":"Ravyx","article_publisher":"https:\/\/www.facebook.com\/stcrpos","article_modified_time":"2026-03-12T20:01:01+00:00","og_image":[{"width":500,"height":250,"url":"https:\/\/ravyx.com\/wp-content\/uploads\/2026\/03\/Co-op-eBook-FR.png","type":"image\/png"}],"twitter_card":"summary_large_image","twitter_site":"@stcrpos","twitter_misc":{"Est. reading time":"4 minutos"},"schema":{"@context":"https:\/\/schema.org","@graph":[{"@type":"WebPage","@id":"https:\/\/ravyx.com\/inventaire-intelligent-pour-les-magasins-cooperatifs\/","url":"https:\/\/ravyx.com\/inventaire-intelligent-pour-les-magasins-cooperatifs\/","name":"Inventaire intelligent pour les magasins coop\u00e9ratifs | Ravyx","isPartOf":{"@id":"https:\/\/ravyx.com\/#website"},"primaryImageOfPage":{"@id":"https:\/\/ravyx.com\/inventaire-intelligent-pour-les-magasins-cooperatifs\/#primaryimage"},"image":{"@id":"https:\/\/ravyx.com\/inventaire-intelligent-pour-les-magasins-cooperatifs\/#primaryimage"},"thumbnailUrl":"https:\/\/ravyx.com\/wp-content\/uploads\/2026\/03\/Co-op-eBook-FR.png","datePublished":"2026-03-12T19:44:02+00:00","dateModified":"2026-03-12T20:01:01+00:00","description":"D\u00e9couvrez comment l\u2019inventaire intelligent pour les magasins coop\u00e9ratifs permet de r\u00e9duire le gaspillage, de pr\u00e9voir la demande et de soutenir les programmes de fid\u00e9lit\u00e9 des membres. T\u00e9l\u00e9chargez le livre num\u00e9rique d\u00e8s aujourd\u2019hui.","breadcrumb":{"@id":"https:\/\/ravyx.com\/inventaire-intelligent-pour-les-magasins-cooperatifs\/#breadcrumb"},"inLanguage":"es-DO","potentialAction":[{"@type":"ReadAction","target":["https:\/\/ravyx.com\/inventaire-intelligent-pour-les-magasins-cooperatifs\/"]}]},{"@type":"ImageObject","inLanguage":"es-DO","@id":"https:\/\/ravyx.com\/inventaire-intelligent-pour-les-magasins-cooperatifs\/#primaryimage","url":"https:\/\/ravyx.com\/wp-content\/uploads\/2026\/03\/Co-op-eBook-FR.png","contentUrl":"https:\/\/ravyx.com\/wp-content\/uploads\/2026\/03\/Co-op-eBook-FR.png"},{"@type":"BreadcrumbList","@id":"https:\/\/ravyx.com\/inventaire-intelligent-pour-les-magasins-cooperatifs\/#breadcrumb","itemListElement":[{"@type":"ListItem","position":1,"name":"Home","item":"https:\/\/ravyx.com\/"},{"@type":"ListItem","position":2,"name":"Smart Inventory for Co-op Stores FR"}]},{"@type":"WebSite","@id":"https:\/\/ravyx.com\/#website","url":"https:\/\/ravyx.com\/","name":"Ravyx","description":"Proven Grocery Technologies","publisher":{"@id":"https:\/\/ravyx.com\/#organization"},"potentialAction":[{"@type":"SearchAction","target":{"@type":"EntryPoint","urlTemplate":"https:\/\/ravyx.com\/?s={search_term_string}"},"query-input":{"@type":"PropertyValueSpecification","valueRequired":true,"valueName":"search_term_string"}}],"inLanguage":"es-DO"},{"@type":"Organization","@id":"https:\/\/ravyx.com\/#organization","name":"Ravyx","url":"https:\/\/ravyx.com\/","logo":{"@type":"ImageObject","inLanguage":"es-DO","@id":"https:\/\/ravyx.com\/#\/schema\/logo\/image\/","url":"https:\/\/ravyx.com\/wp-content\/uploads\/2023\/09\/generic-brand-1.jpg","contentUrl":"https:\/\/ravyx.com\/wp-content\/uploads\/2023\/09\/generic-brand-1.jpg","width":1200,"height":1200,"caption":"Ravyx"},"image":{"@id":"https:\/\/ravyx.com\/#\/schema\/logo\/image\/"},"sameAs":["https:\/\/www.facebook.com\/stcrpos","https:\/\/x.com\/stcrpos","https:\/\/www.linkedin.com\/company\/stcr\/","https:\/\/www.youtube.com\/channel\/UCSWcsJARYjaQnz0T5o4p9DQ"]}]}},"_links":{"self":[{"href":"https:\/\/ravyx.com\/es\/wp-json\/wp\/v2\/pages\/4214","targetHints":{"allow":["GET"]}}],"collection":[{"href":"https:\/\/ravyx.com\/es\/wp-json\/wp\/v2\/pages"}],"about":[{"href":"https:\/\/ravyx.com\/es\/wp-json\/wp\/v2\/types\/page"}],"author":[{"embeddable":true,"href":"https:\/\/ravyx.com\/es\/wp-json\/wp\/v2\/users\/13"}],"replies":[{"embeddable":true,"href":"https:\/\/ravyx.com\/es\/wp-json\/wp\/v2\/comments?post=4214"}],"version-history":[{"count":0,"href":"https:\/\/ravyx.com\/es\/wp-json\/wp\/v2\/pages\/4214\/revisions"}],"up":[{"embeddable":true,"href":"https:\/\/ravyx.com\/es\/wp-json\/wp\/v2\/pages\/3447"}],"wp:attachment":[{"href":"https:\/\/ravyx.com\/es\/wp-json\/wp\/v2\/media?parent=4214"}],"curies":[{"name":"wp","href":"https:\/\/api.w.org\/{rel}","templated":true}]}}