{"id":4048,"date":"2025-11-06T11:33:13","date_gmt":"2025-11-06T16:33:13","guid":{"rendered":"https:\/\/ravyx.com\/?page_id=4048"},"modified":"2025-11-06T11:33:44","modified_gmt":"2025-11-06T16:33:44","slug":"toronto-grocery-technology-solutions","status":"publish","type":"page","link":"https:\/\/ravyx.com\/es\/contact-us\/toronto-grocery-technology-solutions\/","title":{"rendered":"Soluciones tecnol\u00f3gicas para tiendas de comestibles en Toronto"},"content":{"rendered":"<div class=\"wp-block-columns is-layout-flex wp-container-core-columns-is-layout-9d6595d7 wp-block-columns-is-layout-flex\">\n<div class=\"wp-block-column is-layout-flow wp-block-column-is-layout-flow\">\n<h2 class=\"wp-block-heading\">Comercio minorista m\u00e1s inteligente para el \u00e1rea metropolitana de Toronto<\/h2>\n\n\n\n<p>El mercado de abarrotes de Toronto es din\u00e1mico, diverso y competitivo. Los compradores esperan comodidad, eficiencia y experiencias personalizadas, y los minoristas necesitan tecnolog\u00eda que se mantenga al d\u00eda. Ofrecemos soluciones tecnol\u00f3gicas para abarrotes en Toronto dise\u00f1adas para simplificar las operaciones, reducir costos y elevar la satisfacci\u00f3n del cliente.<br><\/p>\n\n\n\n<p>Desde el centro de Toronto hasta el \u00e1rea metropolitana de Toronto, incluyendo Mississauga, Brampton, Markham y Scarborough, ayudamos a tiendas de comestibles de todos los tama\u00f1os a modernizar sus sistemas, mejorar el flujo de trabajo y obtener una ventaja competitiva. Ya sea que administres un solo mercado de barrio o una cadena con m\u00faltiples ubicaciones, te proporcionamos herramientas que ayudan a que tu negocio prospere.<\/p>\n<\/div>\n\n\n\n<div class=\"wp-block-column is-layout-flow wp-block-column-is-layout-flow\">\n<figure class=\"wp-block-image size-full\"><img loading=\"lazy\" decoding=\"async\" width=\"700\" height=\"500\" src=\"https:\/\/ravyx.com\/wp-content\/uploads\/2025\/11\/Ontario.png\" alt=\"\" class=\"wp-image-4049\" srcset=\"https:\/\/ravyx.com\/wp-content\/uploads\/2025\/11\/Ontario.png 700w, https:\/\/ravyx.com\/wp-content\/uploads\/2025\/11\/Ontario-300x214.png 300w, https:\/\/ravyx.com\/wp-content\/uploads\/2025\/11\/Ontario-18x12.png 18w\" sizes=\"auto, (max-width: 700px) 100vw, 700px\" \/><\/figure>\n<\/div>\n<\/div>\n\n\n\n<div class=\"block-inline-cta wpx-custom-block\" id=\"acf-inline-cta9190\">\n\n\t<div class=\"inline-cta-inner\">\n\t\t\n\t\t<h3 class=\"inline-cta-title\">\u00a1Hablemos de c\u00f3mo Ravyx puede impulsar la tecnolog\u00eda de los supermercados de Toronto!<\/h3>\t\t<p>Si est\u00e1 interesado en obtener m\u00e1s informaci\u00f3n, pero no sabe por d\u00f3nde empezar, \u00a1p\u00f3ngase en contacto con nuestro equipo hoy mismo! Reg\u00edstrese para obtener una consulta gratuita sobre su sistema actual y deje que nuestro equipo elabore un plan sobre c\u00f3mo nuestras soluciones pueden ayudarle a aumentar la eficiencia de sus tiendas. <\/p>\n\t\t\t\t\t<div class=\"button-group\">\n\t\t\t\t<a href=\"https:\/\/ravyx.com\/es\/contact-us\/\" target=\"\" class=\"wpx-button\">Cont\u00e1ctenos<\/a>\n\t\t\t<\/div>\n\t\t\n\t<\/div>\n\n<\/div>\n\n\n<div class=\"wp-block-columns is-layout-flex wp-container-core-columns-is-layout-9d6595d7 wp-block-columns-is-layout-flex\">\n<div class=\"wp-block-column is-layout-flow wp-block-column-is-layout-flow\" style=\"flex-basis:33.33%\">\n<figure class=\"wp-block-image size-full\"><img loading=\"lazy\" decoding=\"async\" width=\"1920\" height=\"2560\" src=\"https:\/\/ravyx.com\/wp-content\/uploads\/2025\/11\/pexels-planka-28907758.jpg\" alt=\"\" class=\"wp-image-4046\" srcset=\"https:\/\/ravyx.com\/wp-content\/uploads\/2025\/11\/pexels-planka-28907758.jpg 1920w, https:\/\/ravyx.com\/wp-content\/uploads\/2025\/11\/pexels-planka-28907758-225x300.jpg 225w, https:\/\/ravyx.com\/wp-content\/uploads\/2025\/11\/pexels-planka-28907758-768x1024.jpg 768w, https:\/\/ravyx.com\/wp-content\/uploads\/2025\/11\/pexels-planka-28907758-1152x1536.jpg 1152w, https:\/\/ravyx.com\/wp-content\/uploads\/2025\/11\/pexels-planka-28907758-1536x2048.jpg 1536w, https:\/\/ravyx.com\/wp-content\/uploads\/2025\/11\/pexels-planka-28907758-9x12.jpg 9w\" sizes=\"auto, (max-width: 1920px) 100vw, 1920px\" \/><\/figure>\n<\/div>\n\n\n\n<div class=\"wp-block-column is-layout-flow wp-block-column-is-layout-flow\" style=\"flex-basis:66.66%\">\n<h2 class=\"wp-block-heading\">Por qu\u00e9 los minoristas de Toronto eligen Ravyx<\/h2>\n\n\n\n<p>Los minoristas de Toronto se enfrentan a retos \u00fanicos: alto tr\u00e1fico, necesidades diversas de los clientes y tendencias minoristas en r\u00e1pida evoluci\u00f3n. Nuestras soluciones abordan estos retos de frente, proporcionando una tecnolog\u00eda fluida que integra las operaciones de front-end y back-office.<\/p>\n\n\n\n<ul class=\"wp-block-list\">\n<li><strong>Sistemas POS y actualizaciones<\/strong> \u2013 Fiable, flexible y dise\u00f1ado para el ajetreado entorno comercial de Toronto.<\/li>\n\n\n\n<li><strong>Autocobro <strong>y<\/strong> Quioscos<\/strong> \u2013 Reducir los tiempos de espera y mejorar la eficiencia en tiendas con mucho tr\u00e1fico.<\/li>\n\n\n\n<li><strong>Programas de fidelizaci\u00f3n<\/strong> \u2013 Impulsa la repetici\u00f3n de compras con ofertas y promociones personalizadas.<\/li>\n\n\n\n<li><strong>Gesti\u00f3n de inventario y back office<\/strong> \u2013 Mejorar la precisi\u00f3n y reducir las ineficiencias operativas.<\/li>\n\n\n\n<li><strong>Herramientas para reducir p\u00e9rdidas y prevenir robos<\/strong> \u2013 Proteja sus ganancias con un monitoreo avanzado.<\/li>\n\n\n\n<li><strong>An\u00e1lisis minorista<\/strong> \u2013 Tome decisiones basadas en datos r\u00e1pidamente.<\/li>\n\n\n\n<li><strong>Integraci\u00f3n omnicanal <\/strong>\u2013 Conecta las compras en la tienda con los pedidos en l\u00ednea y la recogida en la acera.<\/li>\n<\/ul>\n<\/div>\n<\/div>\n\n\n\n<div class=\"block-inline-cta wpx-custom-block\" id=\"acf-inline-cta4513\">\n\n\t<div class=\"inline-cta-inner\">\n\t\t\n\t\t<h3 class=\"inline-cta-title\">\u00bfListo para convertirse en un minorista \u00e1gil?<\/h3>\t\t<p>Los comerciantes y minoristas de Toronto necesitan la tecnolog\u00eda adecuada para su negocio \u00fanico. Combine el punto de venta, el autopago, la fidelizaci\u00f3n, la prevenci\u00f3n de p\u00e9rdidas y mucho m\u00e1s en un solo sistema integrado. Dise\u00f1emos una soluci\u00f3n que crezca con su negocio y le mantenga a la vanguardia del cambio.<\/p>\n\t\t\t\t\t<div class=\"button-group\">\n\t\t\t\t<a href=\"https:\/\/ravyx.com\/es\/agile-grocer-ebook\/\" target=\"_blank\" class=\"wpx-button\">M\u00e1s informaci\u00f3n<\/a>\n\t\t\t<\/div>\n\t\t\n\t<\/div>\n\n<\/div>","protected":false},"excerpt":{"rendered":"<p>Smarter Retail for the GTA Toronto\u2019s grocery market is fast-paced, diverse, and competitive. Shoppers expect convenience, efficiency, and personalized experiences, and retailers need technology that keeps up. We deliver Toronto grocery technology solutions designed to simplify operations, reduce costs, and elevate customer satisfaction. From downtown Toronto to the broader GTA \u2014 including Mississauga, Brampton, Markham, [&hellip;]<\/p>\n","protected":false},"author":13,"featured_media":0,"parent":596,"menu_order":6,"comment_status":"closed","ping_status":"closed","template":"","meta":{"_acf_changed":true,"footnotes":""},"class_list":["post-4048","page","type-page","status-publish","hentry"],"acf":[],"yoast_head":"<!-- This site is optimized with the Yoast SEO plugin v27.5 - https:\/\/yoast.com\/product\/yoast-seo-wordpress\/ -->\n<title>Toronto Grocery Technology Expansion | Ravyx<\/title>\n<meta name=\"description\" content=\"Discover how Ravyx delivers Toronto grocery technology that helps retailers boost efficiency, cut costs, and enhance customer experiences.\" \/>\n<meta name=\"robots\" content=\"index, follow, max-snippet:-1, max-image-preview:large, max-video-preview:-1\" \/>\n<link rel=\"canonical\" href=\"https:\/\/ravyx.com\/es\/contact-us\/toronto-grocery-technology-solutions\/\" \/>\n<meta property=\"og:locale\" content=\"es_ES\" \/>\n<meta property=\"og:type\" content=\"article\" \/>\n<meta property=\"og:title\" content=\"Toronto Grocery Technology Expansion | Ravyx\" \/>\n<meta property=\"og:description\" content=\"Discover how Ravyx delivers Toronto grocery technology that helps retailers boost efficiency, cut costs, and enhance customer experiences.\" \/>\n<meta property=\"og:url\" content=\"https:\/\/ravyx.com\/es\/contact-us\/toronto-grocery-technology-solutions\/\" \/>\n<meta property=\"og:site_name\" content=\"Ravyx\" \/>\n<meta property=\"article:publisher\" content=\"https:\/\/www.facebook.com\/stcrpos\" \/>\n<meta property=\"article:modified_time\" content=\"2025-11-06T16:33:44+00:00\" \/>\n<meta property=\"og:image\" content=\"https:\/\/ravyx.com\/wp-content\/uploads\/2025\/11\/Ontario.png\" \/>\n\t<meta property=\"og:image:width\" content=\"700\" \/>\n\t<meta property=\"og:image:height\" content=\"500\" \/>\n\t<meta property=\"og:image:type\" content=\"image\/png\" \/>\n<meta name=\"twitter:card\" content=\"summary_large_image\" \/>\n<meta name=\"twitter:site\" content=\"@stcrpos\" \/>\n<meta name=\"twitter:label1\" content=\"Est. reading time\" \/>\n\t<meta name=\"twitter:data1\" content=\"2 minutos\" \/>\n<script type=\"application\/ld+json\" class=\"yoast-schema-graph\">{\"@context\":\"https:\\\/\\\/schema.org\",\"@graph\":[{\"@type\":\"WebPage\",\"@id\":\"https:\\\/\\\/ravyx.com\\\/contact-us\\\/toronto-grocery-technology-solutions\\\/\",\"url\":\"https:\\\/\\\/ravyx.com\\\/contact-us\\\/toronto-grocery-technology-solutions\\\/\",\"name\":\"Toronto Grocery Technology Expansion | Ravyx\",\"isPartOf\":{\"@id\":\"https:\\\/\\\/ravyx.com\\\/#website\"},\"primaryImageOfPage\":{\"@id\":\"https:\\\/\\\/ravyx.com\\\/contact-us\\\/toronto-grocery-technology-solutions\\\/#primaryimage\"},\"image\":{\"@id\":\"https:\\\/\\\/ravyx.com\\\/contact-us\\\/toronto-grocery-technology-solutions\\\/#primaryimage\"},\"thumbnailUrl\":\"https:\\\/\\\/ravyx.com\\\/wp-content\\\/uploads\\\/2025\\\/11\\\/Ontario.png\",\"datePublished\":\"2025-11-06T16:33:13+00:00\",\"dateModified\":\"2025-11-06T16:33:44+00:00\",\"description\":\"Discover how Ravyx delivers Toronto grocery technology that helps retailers boost efficiency, cut costs, and enhance customer experiences.\",\"breadcrumb\":{\"@id\":\"https:\\\/\\\/ravyx.com\\\/contact-us\\\/toronto-grocery-technology-solutions\\\/#breadcrumb\"},\"inLanguage\":\"es-DO\",\"potentialAction\":[{\"@type\":\"ReadAction\",\"target\":[\"https:\\\/\\\/ravyx.com\\\/contact-us\\\/toronto-grocery-technology-solutions\\\/\"]}]},{\"@type\":\"ImageObject\",\"inLanguage\":\"es-DO\",\"@id\":\"https:\\\/\\\/ravyx.com\\\/contact-us\\\/toronto-grocery-technology-solutions\\\/#primaryimage\",\"url\":\"https:\\\/\\\/ravyx.com\\\/wp-content\\\/uploads\\\/2025\\\/11\\\/Ontario.png\",\"contentUrl\":\"https:\\\/\\\/ravyx.com\\\/wp-content\\\/uploads\\\/2025\\\/11\\\/Ontario.png\"},{\"@type\":\"BreadcrumbList\",\"@id\":\"https:\\\/\\\/ravyx.com\\\/contact-us\\\/toronto-grocery-technology-solutions\\\/#breadcrumb\",\"itemListElement\":[{\"@type\":\"ListItem\",\"position\":1,\"name\":\"Home\",\"item\":\"https:\\\/\\\/ravyx.com\\\/\"},{\"@type\":\"ListItem\",\"position\":2,\"name\":\"Contact Us\",\"item\":\"https:\\\/\\\/ravyx.com\\\/contact-us\\\/\"},{\"@type\":\"ListItem\",\"position\":3,\"name\":\"Toronto Grocery Technology Solutions\"}]},{\"@type\":\"WebSite\",\"@id\":\"https:\\\/\\\/ravyx.com\\\/#website\",\"url\":\"https:\\\/\\\/ravyx.com\\\/\",\"name\":\"Ravyx\",\"description\":\"Proven Grocery Technologies\",\"publisher\":{\"@id\":\"https:\\\/\\\/ravyx.com\\\/#organization\"},\"potentialAction\":[{\"@type\":\"SearchAction\",\"target\":{\"@type\":\"EntryPoint\",\"urlTemplate\":\"https:\\\/\\\/ravyx.com\\\/?s={search_term_string}\"},\"query-input\":{\"@type\":\"PropertyValueSpecification\",\"valueRequired\":true,\"valueName\":\"search_term_string\"}}],\"inLanguage\":\"es-DO\"},{\"@type\":\"Organization\",\"@id\":\"https:\\\/\\\/ravyx.com\\\/#organization\",\"name\":\"Ravyx\",\"url\":\"https:\\\/\\\/ravyx.com\\\/\",\"logo\":{\"@type\":\"ImageObject\",\"inLanguage\":\"es-DO\",\"@id\":\"https:\\\/\\\/ravyx.com\\\/#\\\/schema\\\/logo\\\/image\\\/\",\"url\":\"https:\\\/\\\/ravyx.com\\\/wp-content\\\/uploads\\\/2023\\\/09\\\/generic-brand-1.jpg\",\"contentUrl\":\"https:\\\/\\\/ravyx.com\\\/wp-content\\\/uploads\\\/2023\\\/09\\\/generic-brand-1.jpg\",\"width\":1200,\"height\":1200,\"caption\":\"Ravyx\"},\"image\":{\"@id\":\"https:\\\/\\\/ravyx.com\\\/#\\\/schema\\\/logo\\\/image\\\/\"},\"sameAs\":[\"https:\\\/\\\/www.facebook.com\\\/stcrpos\",\"https:\\\/\\\/x.com\\\/stcrpos\",\"https:\\\/\\\/www.linkedin.com\\\/company\\\/stcr\\\/\",\"https:\\\/\\\/www.youtube.com\\\/channel\\\/UCSWcsJARYjaQnz0T5o4p9DQ\"]}]}<\/script>\n<!-- \/ Yoast SEO plugin. -->","yoast_head_json":{"title":"Toronto Grocery Technology Expansion | Ravyx","description":"Discover how Ravyx delivers Toronto grocery technology that helps retailers boost efficiency, cut costs, and enhance customer experiences.","robots":{"index":"index","follow":"follow","max-snippet":"max-snippet:-1","max-image-preview":"max-image-preview:large","max-video-preview":"max-video-preview:-1"},"canonical":"https:\/\/ravyx.com\/es\/contact-us\/toronto-grocery-technology-solutions\/","og_locale":"es_ES","og_type":"article","og_title":"Toronto Grocery Technology Expansion | Ravyx","og_description":"Discover how Ravyx delivers Toronto grocery technology that helps retailers boost efficiency, cut costs, and enhance customer experiences.","og_url":"https:\/\/ravyx.com\/es\/contact-us\/toronto-grocery-technology-solutions\/","og_site_name":"Ravyx","article_publisher":"https:\/\/www.facebook.com\/stcrpos","article_modified_time":"2025-11-06T16:33:44+00:00","og_image":[{"width":700,"height":500,"url":"https:\/\/ravyx.com\/wp-content\/uploads\/2025\/11\/Ontario.png","type":"image\/png"}],"twitter_card":"summary_large_image","twitter_site":"@stcrpos","twitter_misc":{"Est. reading time":"2 minutos"},"schema":{"@context":"https:\/\/schema.org","@graph":[{"@type":"WebPage","@id":"https:\/\/ravyx.com\/contact-us\/toronto-grocery-technology-solutions\/","url":"https:\/\/ravyx.com\/contact-us\/toronto-grocery-technology-solutions\/","name":"Toronto Grocery Technology Expansion | Ravyx","isPartOf":{"@id":"https:\/\/ravyx.com\/#website"},"primaryImageOfPage":{"@id":"https:\/\/ravyx.com\/contact-us\/toronto-grocery-technology-solutions\/#primaryimage"},"image":{"@id":"https:\/\/ravyx.com\/contact-us\/toronto-grocery-technology-solutions\/#primaryimage"},"thumbnailUrl":"https:\/\/ravyx.com\/wp-content\/uploads\/2025\/11\/Ontario.png","datePublished":"2025-11-06T16:33:13+00:00","dateModified":"2025-11-06T16:33:44+00:00","description":"Discover how Ravyx delivers Toronto grocery technology that helps retailers boost efficiency, cut costs, and enhance customer experiences.","breadcrumb":{"@id":"https:\/\/ravyx.com\/contact-us\/toronto-grocery-technology-solutions\/#breadcrumb"},"inLanguage":"es-DO","potentialAction":[{"@type":"ReadAction","target":["https:\/\/ravyx.com\/contact-us\/toronto-grocery-technology-solutions\/"]}]},{"@type":"ImageObject","inLanguage":"es-DO","@id":"https:\/\/ravyx.com\/contact-us\/toronto-grocery-technology-solutions\/#primaryimage","url":"https:\/\/ravyx.com\/wp-content\/uploads\/2025\/11\/Ontario.png","contentUrl":"https:\/\/ravyx.com\/wp-content\/uploads\/2025\/11\/Ontario.png"},{"@type":"BreadcrumbList","@id":"https:\/\/ravyx.com\/contact-us\/toronto-grocery-technology-solutions\/#breadcrumb","itemListElement":[{"@type":"ListItem","position":1,"name":"Home","item":"https:\/\/ravyx.com\/"},{"@type":"ListItem","position":2,"name":"Contact Us","item":"https:\/\/ravyx.com\/contact-us\/"},{"@type":"ListItem","position":3,"name":"Toronto Grocery Technology Solutions"}]},{"@type":"WebSite","@id":"https:\/\/ravyx.com\/#website","url":"https:\/\/ravyx.com\/","name":"Ravyx","description":"Proven Grocery Technologies","publisher":{"@id":"https:\/\/ravyx.com\/#organization"},"potentialAction":[{"@type":"SearchAction","target":{"@type":"EntryPoint","urlTemplate":"https:\/\/ravyx.com\/?s={search_term_string}"},"query-input":{"@type":"PropertyValueSpecification","valueRequired":true,"valueName":"search_term_string"}}],"inLanguage":"es-DO"},{"@type":"Organization","@id":"https:\/\/ravyx.com\/#organization","name":"Ravyx","url":"https:\/\/ravyx.com\/","logo":{"@type":"ImageObject","inLanguage":"es-DO","@id":"https:\/\/ravyx.com\/#\/schema\/logo\/image\/","url":"https:\/\/ravyx.com\/wp-content\/uploads\/2023\/09\/generic-brand-1.jpg","contentUrl":"https:\/\/ravyx.com\/wp-content\/uploads\/2023\/09\/generic-brand-1.jpg","width":1200,"height":1200,"caption":"Ravyx"},"image":{"@id":"https:\/\/ravyx.com\/#\/schema\/logo\/image\/"},"sameAs":["https:\/\/www.facebook.com\/stcrpos","https:\/\/x.com\/stcrpos","https:\/\/www.linkedin.com\/company\/stcr\/","https:\/\/www.youtube.com\/channel\/UCSWcsJARYjaQnz0T5o4p9DQ"]}]}},"_links":{"self":[{"href":"https:\/\/ravyx.com\/es\/wp-json\/wp\/v2\/pages\/4048","targetHints":{"allow":["GET"]}}],"collection":[{"href":"https:\/\/ravyx.com\/es\/wp-json\/wp\/v2\/pages"}],"about":[{"href":"https:\/\/ravyx.com\/es\/wp-json\/wp\/v2\/types\/page"}],"author":[{"embeddable":true,"href":"https:\/\/ravyx.com\/es\/wp-json\/wp\/v2\/users\/13"}],"replies":[{"embeddable":true,"href":"https:\/\/ravyx.com\/es\/wp-json\/wp\/v2\/comments?post=4048"}],"version-history":[{"count":0,"href":"https:\/\/ravyx.com\/es\/wp-json\/wp\/v2\/pages\/4048\/revisions"}],"up":[{"embeddable":true,"href":"https:\/\/ravyx.com\/es\/wp-json\/wp\/v2\/pages\/596"}],"wp:attachment":[{"href":"https:\/\/ravyx.com\/es\/wp-json\/wp\/v2\/media?parent=4048"}],"curies":[{"name":"wp","href":"https:\/\/api.w.org\/{rel}","templated":true}]}}