{"id":4039,"date":"2025-11-06T11:01:41","date_gmt":"2025-11-06T16:01:41","guid":{"rendered":"https:\/\/ravyx.com\/?page_id=4039"},"modified":"2025-11-06T11:01:43","modified_gmt":"2025-11-06T16:01:43","slug":"new-york-grocery-technology-solutions","status":"publish","type":"page","link":"https:\/\/ravyx.com\/es\/contact-us\/new-york-grocery-technology-solutions\/","title":{"rendered":"Soluciones tecnol\u00f3gicas para tiendas de comestibles en Nueva York"},"content":{"rendered":"<div class=\"wp-block-columns is-layout-flex wp-container-core-columns-is-layout-9d6595d7 wp-block-columns-is-layout-flex\">\n<div class=\"wp-block-column is-layout-flow wp-block-column-is-layout-flow\">\n<h2 class=\"wp-block-heading\">Impulsando la innovaci\u00f3n en el comercio minorista en todo el estado de Nueva York<\/h2>\n\n\n\n<p>El sector minorista y de alimentaci\u00f3n de Nueva York nunca se detiene. Desde los bulliciosos pasillos de la ciudad de Nueva York hasta los mercados comunitarios de localidades del norte del estado como Endicott, Syracuse y Albany, los minoristas est\u00e1n adoptando tecnolog\u00edas m\u00e1s inteligentes para adelantarse a los cambios.<\/p>\n\n\n\n<p>Ofrecemos tecnolog\u00eda para tiendas de comestibles de Nueva York que simplifica las operaciones de las tiendas, mejora la experiencia de los clientes y aumenta los resultados financieros. Tanto si gestiona una sola tienda como una cadena con m\u00faltiples establecimientos, nuestras soluciones le proporcionan la agilidad y el control que necesita para crecer con confianza en el din\u00e1mico entorno minorista actual.<\/p>\n<\/div>\n\n\n\n<div class=\"wp-block-column is-layout-flow wp-block-column-is-layout-flow\">\n<figure class=\"wp-block-image size-full\"><img loading=\"lazy\" decoding=\"async\" width=\"700\" height=\"500\" src=\"https:\/\/ravyx.com\/wp-content\/uploads\/2025\/11\/New-York.png\" alt=\"\" class=\"wp-image-4040\" srcset=\"https:\/\/ravyx.com\/wp-content\/uploads\/2025\/11\/New-York.png 700w, https:\/\/ravyx.com\/wp-content\/uploads\/2025\/11\/New-York-300x214.png 300w, https:\/\/ravyx.com\/wp-content\/uploads\/2025\/11\/New-York-18x12.png 18w\" sizes=\"auto, (max-width: 700px) 100vw, 700px\" \/><\/figure>\n<\/div>\n<\/div>\n\n\n\n<div class=\"block-inline-cta wpx-custom-block\" id=\"acf-inline-cta5216\">\n\n\t<div class=\"inline-cta-inner\">\n\t\t\n\t\t<h3 class=\"inline-cta-title\">\u00a1Hablemos de c\u00f3mo Ravyx puede impulsar la tecnolog\u00eda de los supermercados de Nueva York!<\/h3>\t\t<p>Si est\u00e1 interesado en obtener m\u00e1s informaci\u00f3n, pero no sabe por d\u00f3nde empezar, \u00a1p\u00f3ngase en contacto con nuestro equipo hoy mismo! Reg\u00edstrese para obtener una consulta gratuita sobre su sistema actual y deje que nuestro equipo elabore un plan sobre c\u00f3mo nuestras soluciones pueden ayudarle a aumentar la eficiencia de sus tiendas. <\/p>\n\t\t\t\t\t<div class=\"button-group\">\n\t\t\t\t<a href=\"https:\/\/ravyx.com\/es\/contact-us\/\" target=\"\" class=\"wpx-button\">Cont\u00e1ctenos<\/a>\n\t\t\t<\/div>\n\t\t\n\t<\/div>\n\n<\/div>\n\n\n<div class=\"wp-block-columns is-layout-flex wp-container-core-columns-is-layout-9d6595d7 wp-block-columns-is-layout-flex\">\n<div class=\"wp-block-column is-layout-flow wp-block-column-is-layout-flow\" style=\"flex-basis:33.33%\">\n<figure class=\"wp-block-image size-full\"><img loading=\"lazy\" decoding=\"async\" width=\"1920\" height=\"2560\" src=\"https:\/\/ravyx.com\/wp-content\/uploads\/2025\/11\/image-20250429-200749-b86b1b88.jpeg\" alt=\"\" class=\"wp-image-4041\" srcset=\"https:\/\/ravyx.com\/wp-content\/uploads\/2025\/11\/image-20250429-200749-b86b1b88.jpeg 1920w, https:\/\/ravyx.com\/wp-content\/uploads\/2025\/11\/image-20250429-200749-b86b1b88-225x300.jpeg 225w, https:\/\/ravyx.com\/wp-content\/uploads\/2025\/11\/image-20250429-200749-b86b1b88-768x1024.jpeg 768w, https:\/\/ravyx.com\/wp-content\/uploads\/2025\/11\/image-20250429-200749-b86b1b88-1152x1536.jpeg 1152w, https:\/\/ravyx.com\/wp-content\/uploads\/2025\/11\/image-20250429-200749-b86b1b88-1536x2048.jpeg 1536w, https:\/\/ravyx.com\/wp-content\/uploads\/2025\/11\/image-20250429-200749-b86b1b88-9x12.jpeg 9w\" sizes=\"auto, (max-width: 1920px) 100vw, 1920px\" \/><\/figure>\n<\/div>\n\n\n\n<div class=\"wp-block-column is-layout-flow wp-block-column-is-layout-flow\" style=\"flex-basis:66.66%\">\n<h2 class=\"wp-block-heading\">Por qu\u00e9 los minoristas de Nueva York se asocian con Ravyx<\/h2>\n\n\n\n<p>Los minoristas de Nueva York conf\u00edan en Ravyx por una raz\u00f3n: los resultados. Combinamos una amplia experiencia en el sector minorista con tecnolog\u00eda de vanguardia para ayudar a los comercios de alimentaci\u00f3n a modernizarse sin interrupciones. Nuestro equipo tiene su sede en Endicott, Nueva York, y se enorgullece de prestar apoyo a los minoristas de todo el estado.<\/p>\n\n\n\n<ul class=\"wp-block-list\">\n<li><strong>Sistemas POS y actualizaciones<\/strong> \u2013 Dise\u00f1ado para tiendas de comestibles y minoristas de Nueva York que necesitan una tecnolog\u00eda de caja registradora fiable y flexible.<\/li>\n\n\n\n<li><strong>Autocobro <strong>y<\/strong> Quioscos<\/strong> \u2013 Reduzca los tiempos de espera y mantenga las filas en movimiento en las tiendas urbanas y suburbanas con gran afluencia de p\u00fablico.<\/li>\n\n\n\n<li><strong>Lealtad <strong>y <\/strong>Programas de recompensa<\/strong> \u2013 Establezca relaciones con los clientes mediante ofertas personalizadas que fomenten las visitas repetidas.<\/li>\n\n\n\n<li><strong>Gesti\u00f3n de inventario y back office<\/strong> \u2013 Optimice el control de existencias y reduzca los errores manuales.<\/li>\n\n\n\n<li><strong>Herramientas para reducir p\u00e9rdidas y prevenir robos<\/strong> \u2013 Proteja cada peso con una seguridad inteligente y conectada.<\/li>\n\n\n\n<li><strong>An\u00e1lisis minorista<\/strong> \u2013 Tome decisiones r\u00e1pidas basadas en datos con informaci\u00f3n que revela nuevas oportunidades.<\/li>\n\n\n\n<li><strong>Integraci\u00f3n omnicanal <\/strong>\u2013 Conecta sin esfuerzo los pedidos en l\u00ednea, la recogida en la acera y las transacciones en la tienda.<\/li>\n<\/ul>\n<\/div>\n<\/div>\n\n\n\n<div class=\"block-inline-cta wpx-custom-block\" id=\"acf-inline-cta2625\">\n\n\t<div class=\"inline-cta-inner\">\n\t\t\n\t\t<h3 class=\"inline-cta-title\">\u00bfListo para convertirse en un minorista \u00e1gil?<\/h3>\t\t<p>Las tiendas de comestibles y los minoristas de Nueva York necesitan la tecnolog\u00eda adecuada para su negocio \u00fanico. Combine puntos de venta, autopago, fidelizaci\u00f3n, prevenci\u00f3n de p\u00e9rdidas y mucho m\u00e1s en un solo sistema integrado. Dise\u00f1emos una soluci\u00f3n que crezca con su negocio y le mantenga a la vanguardia del cambio.<\/p>\n\t\t\t\t\t<div class=\"button-group\">\n\t\t\t\t<a href=\"https:\/\/ravyx.com\/es\/agile-grocer-ebook\/\" target=\"_blank\" class=\"wpx-button\">M\u00e1s informaci\u00f3n<\/a>\n\t\t\t<\/div>\n\t\t\n\t<\/div>\n\n<\/div>","protected":false},"excerpt":{"rendered":"<p>Powering Retail Innovation Across the Empire State New York\u2019s grocery and retail industry never stands still. From the bustling aisles of New York City to community markets in Upstate towns like Endicott, Syracuse, and Albany, retailers are embracing smarter technology to stay ahead of change. We deliver New York grocery technology that simplifies store operations, [&hellip;]<\/p>\n","protected":false},"author":13,"featured_media":0,"parent":596,"menu_order":4,"comment_status":"closed","ping_status":"closed","template":"","meta":{"_acf_changed":true,"footnotes":""},"class_list":["post-4039","page","type-page","status-publish","hentry"],"acf":[],"yoast_head":"<!-- This site is optimized with the Yoast SEO plugin v27.5 - https:\/\/yoast.com\/product\/yoast-seo-wordpress\/ -->\n<title>New York Grocery Technology Expansion | Ravyx<\/title>\n<meta name=\"description\" content=\"Discover how Ravyx delivers New York grocery technology that helps retailers boost efficiency, cut costs, and enhance customer experiences.\" \/>\n<meta name=\"robots\" content=\"index, follow, max-snippet:-1, max-image-preview:large, max-video-preview:-1\" \/>\n<link rel=\"canonical\" href=\"https:\/\/ravyx.com\/es\/contact-us\/new-york-grocery-technology-solutions\/\" \/>\n<meta property=\"og:locale\" content=\"es_ES\" \/>\n<meta property=\"og:type\" content=\"article\" \/>\n<meta property=\"og:title\" content=\"New York Grocery Technology Expansion | Ravyx\" \/>\n<meta property=\"og:description\" content=\"Discover how Ravyx delivers New York grocery technology that helps retailers boost efficiency, cut costs, and enhance customer experiences.\" \/>\n<meta property=\"og:url\" content=\"https:\/\/ravyx.com\/es\/contact-us\/new-york-grocery-technology-solutions\/\" \/>\n<meta property=\"og:site_name\" content=\"Ravyx\" \/>\n<meta property=\"article:publisher\" content=\"https:\/\/www.facebook.com\/stcrpos\" \/>\n<meta property=\"article:modified_time\" content=\"2025-11-06T16:01:43+00:00\" \/>\n<meta property=\"og:image\" content=\"https:\/\/ravyx.com\/wp-content\/uploads\/2025\/11\/New-York.png\" \/>\n\t<meta property=\"og:image:width\" content=\"700\" \/>\n\t<meta property=\"og:image:height\" content=\"500\" \/>\n\t<meta property=\"og:image:type\" content=\"image\/png\" \/>\n<meta name=\"twitter:card\" content=\"summary_large_image\" \/>\n<meta name=\"twitter:site\" content=\"@stcrpos\" \/>\n<meta name=\"twitter:label1\" content=\"Est. reading time\" \/>\n\t<meta name=\"twitter:data1\" content=\"2 minutos\" \/>\n<script type=\"application\/ld+json\" class=\"yoast-schema-graph\">{\"@context\":\"https:\\\/\\\/schema.org\",\"@graph\":[{\"@type\":\"WebPage\",\"@id\":\"https:\\\/\\\/ravyx.com\\\/contact-us\\\/new-york-grocery-technology-solutions\\\/\",\"url\":\"https:\\\/\\\/ravyx.com\\\/contact-us\\\/new-york-grocery-technology-solutions\\\/\",\"name\":\"New York Grocery Technology Expansion | Ravyx\",\"isPartOf\":{\"@id\":\"https:\\\/\\\/ravyx.com\\\/#website\"},\"primaryImageOfPage\":{\"@id\":\"https:\\\/\\\/ravyx.com\\\/contact-us\\\/new-york-grocery-technology-solutions\\\/#primaryimage\"},\"image\":{\"@id\":\"https:\\\/\\\/ravyx.com\\\/contact-us\\\/new-york-grocery-technology-solutions\\\/#primaryimage\"},\"thumbnailUrl\":\"https:\\\/\\\/ravyx.com\\\/wp-content\\\/uploads\\\/2025\\\/11\\\/New-York.png\",\"datePublished\":\"2025-11-06T16:01:41+00:00\",\"dateModified\":\"2025-11-06T16:01:43+00:00\",\"description\":\"Discover how Ravyx delivers New York grocery technology that helps retailers boost efficiency, cut costs, and enhance customer experiences.\",\"breadcrumb\":{\"@id\":\"https:\\\/\\\/ravyx.com\\\/contact-us\\\/new-york-grocery-technology-solutions\\\/#breadcrumb\"},\"inLanguage\":\"es-DO\",\"potentialAction\":[{\"@type\":\"ReadAction\",\"target\":[\"https:\\\/\\\/ravyx.com\\\/contact-us\\\/new-york-grocery-technology-solutions\\\/\"]}]},{\"@type\":\"ImageObject\",\"inLanguage\":\"es-DO\",\"@id\":\"https:\\\/\\\/ravyx.com\\\/contact-us\\\/new-york-grocery-technology-solutions\\\/#primaryimage\",\"url\":\"https:\\\/\\\/ravyx.com\\\/wp-content\\\/uploads\\\/2025\\\/11\\\/New-York.png\",\"contentUrl\":\"https:\\\/\\\/ravyx.com\\\/wp-content\\\/uploads\\\/2025\\\/11\\\/New-York.png\"},{\"@type\":\"BreadcrumbList\",\"@id\":\"https:\\\/\\\/ravyx.com\\\/contact-us\\\/new-york-grocery-technology-solutions\\\/#breadcrumb\",\"itemListElement\":[{\"@type\":\"ListItem\",\"position\":1,\"name\":\"Home\",\"item\":\"https:\\\/\\\/ravyx.com\\\/\"},{\"@type\":\"ListItem\",\"position\":2,\"name\":\"Contact Us\",\"item\":\"https:\\\/\\\/ravyx.com\\\/contact-us\\\/\"},{\"@type\":\"ListItem\",\"position\":3,\"name\":\"New York Grocery Technology Solutions\"}]},{\"@type\":\"WebSite\",\"@id\":\"https:\\\/\\\/ravyx.com\\\/#website\",\"url\":\"https:\\\/\\\/ravyx.com\\\/\",\"name\":\"Ravyx\",\"description\":\"Proven Grocery Technologies\",\"publisher\":{\"@id\":\"https:\\\/\\\/ravyx.com\\\/#organization\"},\"potentialAction\":[{\"@type\":\"SearchAction\",\"target\":{\"@type\":\"EntryPoint\",\"urlTemplate\":\"https:\\\/\\\/ravyx.com\\\/?s={search_term_string}\"},\"query-input\":{\"@type\":\"PropertyValueSpecification\",\"valueRequired\":true,\"valueName\":\"search_term_string\"}}],\"inLanguage\":\"es-DO\"},{\"@type\":\"Organization\",\"@id\":\"https:\\\/\\\/ravyx.com\\\/#organization\",\"name\":\"Ravyx\",\"url\":\"https:\\\/\\\/ravyx.com\\\/\",\"logo\":{\"@type\":\"ImageObject\",\"inLanguage\":\"es-DO\",\"@id\":\"https:\\\/\\\/ravyx.com\\\/#\\\/schema\\\/logo\\\/image\\\/\",\"url\":\"https:\\\/\\\/ravyx.com\\\/wp-content\\\/uploads\\\/2023\\\/09\\\/generic-brand-1.jpg\",\"contentUrl\":\"https:\\\/\\\/ravyx.com\\\/wp-content\\\/uploads\\\/2023\\\/09\\\/generic-brand-1.jpg\",\"width\":1200,\"height\":1200,\"caption\":\"Ravyx\"},\"image\":{\"@id\":\"https:\\\/\\\/ravyx.com\\\/#\\\/schema\\\/logo\\\/image\\\/\"},\"sameAs\":[\"https:\\\/\\\/www.facebook.com\\\/stcrpos\",\"https:\\\/\\\/x.com\\\/stcrpos\",\"https:\\\/\\\/www.linkedin.com\\\/company\\\/stcr\\\/\",\"https:\\\/\\\/www.youtube.com\\\/channel\\\/UCSWcsJARYjaQnz0T5o4p9DQ\"]}]}<\/script>\n<!-- \/ Yoast SEO plugin. -->","yoast_head_json":{"title":"New York Grocery Technology Expansion | Ravyx","description":"Discover how Ravyx delivers New York grocery technology that helps retailers boost efficiency, cut costs, and enhance customer experiences.","robots":{"index":"index","follow":"follow","max-snippet":"max-snippet:-1","max-image-preview":"max-image-preview:large","max-video-preview":"max-video-preview:-1"},"canonical":"https:\/\/ravyx.com\/es\/contact-us\/new-york-grocery-technology-solutions\/","og_locale":"es_ES","og_type":"article","og_title":"New York Grocery Technology Expansion | Ravyx","og_description":"Discover how Ravyx delivers New York grocery technology that helps retailers boost efficiency, cut costs, and enhance customer experiences.","og_url":"https:\/\/ravyx.com\/es\/contact-us\/new-york-grocery-technology-solutions\/","og_site_name":"Ravyx","article_publisher":"https:\/\/www.facebook.com\/stcrpos","article_modified_time":"2025-11-06T16:01:43+00:00","og_image":[{"width":700,"height":500,"url":"https:\/\/ravyx.com\/wp-content\/uploads\/2025\/11\/New-York.png","type":"image\/png"}],"twitter_card":"summary_large_image","twitter_site":"@stcrpos","twitter_misc":{"Est. reading time":"2 minutos"},"schema":{"@context":"https:\/\/schema.org","@graph":[{"@type":"WebPage","@id":"https:\/\/ravyx.com\/contact-us\/new-york-grocery-technology-solutions\/","url":"https:\/\/ravyx.com\/contact-us\/new-york-grocery-technology-solutions\/","name":"New York Grocery Technology Expansion | Ravyx","isPartOf":{"@id":"https:\/\/ravyx.com\/#website"},"primaryImageOfPage":{"@id":"https:\/\/ravyx.com\/contact-us\/new-york-grocery-technology-solutions\/#primaryimage"},"image":{"@id":"https:\/\/ravyx.com\/contact-us\/new-york-grocery-technology-solutions\/#primaryimage"},"thumbnailUrl":"https:\/\/ravyx.com\/wp-content\/uploads\/2025\/11\/New-York.png","datePublished":"2025-11-06T16:01:41+00:00","dateModified":"2025-11-06T16:01:43+00:00","description":"Discover how Ravyx delivers New York grocery technology that helps retailers boost efficiency, cut costs, and enhance customer experiences.","breadcrumb":{"@id":"https:\/\/ravyx.com\/contact-us\/new-york-grocery-technology-solutions\/#breadcrumb"},"inLanguage":"es-DO","potentialAction":[{"@type":"ReadAction","target":["https:\/\/ravyx.com\/contact-us\/new-york-grocery-technology-solutions\/"]}]},{"@type":"ImageObject","inLanguage":"es-DO","@id":"https:\/\/ravyx.com\/contact-us\/new-york-grocery-technology-solutions\/#primaryimage","url":"https:\/\/ravyx.com\/wp-content\/uploads\/2025\/11\/New-York.png","contentUrl":"https:\/\/ravyx.com\/wp-content\/uploads\/2025\/11\/New-York.png"},{"@type":"BreadcrumbList","@id":"https:\/\/ravyx.com\/contact-us\/new-york-grocery-technology-solutions\/#breadcrumb","itemListElement":[{"@type":"ListItem","position":1,"name":"Home","item":"https:\/\/ravyx.com\/"},{"@type":"ListItem","position":2,"name":"Contact Us","item":"https:\/\/ravyx.com\/contact-us\/"},{"@type":"ListItem","position":3,"name":"New York Grocery Technology Solutions"}]},{"@type":"WebSite","@id":"https:\/\/ravyx.com\/#website","url":"https:\/\/ravyx.com\/","name":"Ravyx","description":"Proven Grocery Technologies","publisher":{"@id":"https:\/\/ravyx.com\/#organization"},"potentialAction":[{"@type":"SearchAction","target":{"@type":"EntryPoint","urlTemplate":"https:\/\/ravyx.com\/?s={search_term_string}"},"query-input":{"@type":"PropertyValueSpecification","valueRequired":true,"valueName":"search_term_string"}}],"inLanguage":"es-DO"},{"@type":"Organization","@id":"https:\/\/ravyx.com\/#organization","name":"Ravyx","url":"https:\/\/ravyx.com\/","logo":{"@type":"ImageObject","inLanguage":"es-DO","@id":"https:\/\/ravyx.com\/#\/schema\/logo\/image\/","url":"https:\/\/ravyx.com\/wp-content\/uploads\/2023\/09\/generic-brand-1.jpg","contentUrl":"https:\/\/ravyx.com\/wp-content\/uploads\/2023\/09\/generic-brand-1.jpg","width":1200,"height":1200,"caption":"Ravyx"},"image":{"@id":"https:\/\/ravyx.com\/#\/schema\/logo\/image\/"},"sameAs":["https:\/\/www.facebook.com\/stcrpos","https:\/\/x.com\/stcrpos","https:\/\/www.linkedin.com\/company\/stcr\/","https:\/\/www.youtube.com\/channel\/UCSWcsJARYjaQnz0T5o4p9DQ"]}]}},"_links":{"self":[{"href":"https:\/\/ravyx.com\/es\/wp-json\/wp\/v2\/pages\/4039","targetHints":{"allow":["GET"]}}],"collection":[{"href":"https:\/\/ravyx.com\/es\/wp-json\/wp\/v2\/pages"}],"about":[{"href":"https:\/\/ravyx.com\/es\/wp-json\/wp\/v2\/types\/page"}],"author":[{"embeddable":true,"href":"https:\/\/ravyx.com\/es\/wp-json\/wp\/v2\/users\/13"}],"replies":[{"embeddable":true,"href":"https:\/\/ravyx.com\/es\/wp-json\/wp\/v2\/comments?post=4039"}],"version-history":[{"count":0,"href":"https:\/\/ravyx.com\/es\/wp-json\/wp\/v2\/pages\/4039\/revisions"}],"up":[{"embeddable":true,"href":"https:\/\/ravyx.com\/es\/wp-json\/wp\/v2\/pages\/596"}],"wp:attachment":[{"href":"https:\/\/ravyx.com\/es\/wp-json\/wp\/v2\/media?parent=4039"}],"curies":[{"name":"wp","href":"https:\/\/api.w.org\/{rel}","templated":true}]}}