{"id":4034,"date":"2025-11-06T10:24:11","date_gmt":"2025-11-06T15:24:11","guid":{"rendered":"https:\/\/ravyx.com\/?page_id=4034"},"modified":"2025-11-06T10:24:11","modified_gmt":"2025-11-06T15:24:11","slug":"expanding-to-florida-grocery-technology","status":"publish","type":"page","link":"https:\/\/ravyx.com\/es\/contact-us\/expanding-to-florida-grocery-technology\/","title":{"rendered":"Soluciones tecnol\u00f3gicas para tiendas de comestibles en Florida"},"content":{"rendered":"<div class=\"wp-block-columns is-layout-flex wp-container-core-columns-is-layout-9d6595d7 wp-block-columns-is-layout-flex\">\n<div class=\"wp-block-column is-layout-flow wp-block-column-is-layout-flow\">\n<h2 class=\"wp-block-heading\">El comercio minorista m\u00e1s inteligente comienza aqu\u00ed<\/h2>\n\n\n\n<p>Las tiendas de comestibles de Florida est\u00e1n evolucionando r\u00e1pidamente. Los compradores esperan comodidad, rapidez y valor, y los minoristas necesitan las herramientas adecuadas para mantenerse al d\u00eda. Ah\u00ed es donde entramos nosotros. Ofrecemos soluciones tecnol\u00f3gicas para tiendas de comestibles de Florida que ayudan a simplificar las operaciones, controlar los costos y mejorar la experiencia de compra.<\/p>\n\n\n\n<p>Desde Miami hasta Jacksonville, Orlando, Tampa y la costa del Golfo, colaboramos con tiendas de comestibles y minoristas de todos los tama\u00f1os. Tanto si gestiona un mercado local como toda una cadena regional, le ayudamos a modernizar los sistemas de su tienda y a seguir siendo competitivo.<\/p>\n<\/div>\n\n\n\n<div class=\"wp-block-column is-layout-flow wp-block-column-is-layout-flow\">\n<figure class=\"wp-block-image size-full\"><img loading=\"lazy\" decoding=\"async\" width=\"700\" height=\"500\" src=\"https:\/\/ravyx.com\/wp-content\/uploads\/2025\/11\/Florida.png\" alt=\"\" class=\"wp-image-4038\" srcset=\"https:\/\/ravyx.com\/wp-content\/uploads\/2025\/11\/Florida.png 700w, https:\/\/ravyx.com\/wp-content\/uploads\/2025\/11\/Florida-300x214.png 300w, https:\/\/ravyx.com\/wp-content\/uploads\/2025\/11\/Florida-18x12.png 18w\" sizes=\"auto, (max-width: 700px) 100vw, 700px\" \/><\/figure>\n<\/div>\n<\/div>\n\n\n\n<div class=\"block-inline-cta wpx-custom-block\" id=\"acf-inline-cta6629\">\n\n\t<div class=\"inline-cta-inner\">\n\t\t\n\t\t<h3 class=\"inline-cta-title\">\u00a1Hablemos de c\u00f3mo Ravyx puede impulsar la tecnolog\u00eda de los supermercados de Florida!<\/h3>\t\t<p>Si est\u00e1 interesado en obtener m\u00e1s informaci\u00f3n, pero no sabe por d\u00f3nde empezar, \u00a1p\u00f3ngase en contacto con nuestro equipo hoy mismo! Reg\u00edstrese para obtener una consulta gratuita sobre su sistema actual y deje que nuestro equipo elabore un plan sobre c\u00f3mo nuestras soluciones pueden ayudarle a aumentar la eficiencia de sus tiendas. <\/p>\n\t\t\t\t\t<div class=\"button-group\">\n\t\t\t\t<a href=\"https:\/\/ravyx.com\/es\/contact-us\/\" target=\"\" class=\"wpx-button\">Cont\u00e1ctenos<\/a>\n\t\t\t<\/div>\n\t\t\n\t<\/div>\n\n<\/div>\n\n\n<div class=\"wp-block-columns is-layout-flex wp-container-core-columns-is-layout-9d6595d7 wp-block-columns-is-layout-flex\">\n<div class=\"wp-block-column is-layout-flow wp-block-column-is-layout-flow\" style=\"flex-basis:33.33%\">\n<figure class=\"wp-block-image size-full\"><img loading=\"lazy\" decoding=\"async\" width=\"1920\" height=\"2400\" src=\"https:\/\/ravyx.com\/wp-content\/uploads\/2025\/11\/eduardo-soares-QsYXYSwV3NU-unsplash.jpg\" alt=\"\" class=\"wp-image-4037\" srcset=\"https:\/\/ravyx.com\/wp-content\/uploads\/2025\/11\/eduardo-soares-QsYXYSwV3NU-unsplash.jpg 1920w, https:\/\/ravyx.com\/wp-content\/uploads\/2025\/11\/eduardo-soares-QsYXYSwV3NU-unsplash-240x300.jpg 240w, https:\/\/ravyx.com\/wp-content\/uploads\/2025\/11\/eduardo-soares-QsYXYSwV3NU-unsplash-819x1024.jpg 819w, https:\/\/ravyx.com\/wp-content\/uploads\/2025\/11\/eduardo-soares-QsYXYSwV3NU-unsplash-768x960.jpg 768w, https:\/\/ravyx.com\/wp-content\/uploads\/2025\/11\/eduardo-soares-QsYXYSwV3NU-unsplash-1229x1536.jpg 1229w, https:\/\/ravyx.com\/wp-content\/uploads\/2025\/11\/eduardo-soares-QsYXYSwV3NU-unsplash-1638x2048.jpg 1638w, https:\/\/ravyx.com\/wp-content\/uploads\/2025\/11\/eduardo-soares-QsYXYSwV3NU-unsplash-10x12.jpg 10w\" sizes=\"auto, (max-width: 1920px) 100vw, 1920px\" \/><\/figure>\n<\/div>\n\n\n\n<div class=\"wp-block-column is-layout-flow wp-block-column-is-layout-flow\" style=\"flex-basis:66.66%\">\n<h2 class=\"wp-block-heading\">Por qu\u00e9 los comerciantes de Florida eligen Ravyx<\/h2>\n\n\n\n<p>La tecnolog\u00eda no tiene por qu\u00e9 ser complicada. Simplificamos la conexi\u00f3n entre todas las partes de su negocio, desde la caja hasta la administraci\u00f3n, con herramientas que ahorran tiempo y generan resultados.<\/p>\n\n\n\n<ul class=\"wp-block-list\">\n<li><strong>Sistemas POS y actualizaciones<\/strong> \u2013 Configuraciones personalizadas dise\u00f1adas para entornos de supermercados y tiendas minoristas de todos los tama\u00f1os.<\/li>\n\n\n\n<li><strong>Autocobro <strong>y<\/strong> Quioscos<\/strong> \u2013 Reduzca las filas y libere a su personal para que se concentre en el servicio.<\/li>\n\n\n\n<li><strong>Lealtad <strong>y <\/strong>Programas de recompensa<\/strong> \u2013 Haz que los compradores de Florida vuelvan con ofertas personalizadas.<\/li>\n\n\n\n<li><strong>Gesti\u00f3n de inventario<\/strong> \u2013 Obtenga control y precisi\u00f3n en toda su cadena de suministro.<\/li>\n\n\n\n<li><strong>Herramientas de reducci\u00f3n de contracci\u00f3n<\/strong> \u2013 Detecte los problemas a tiempo y proteja sus ganancias.<\/li>\n\n\n\n<li><strong>An\u00e1lisis minorista<\/strong> \u2013 Tome decisiones m\u00e1s r\u00e1pidas y basadas en datos utilizando informaci\u00f3n en tiempo real.<\/li>\n\n\n\n<li><strong>Soluciones omnicanal<\/strong> \u2013 Vincular las compras en la tienda con los pedidos en l\u00ednea y la recogida.<\/li>\n<\/ul>\n<\/div>\n<\/div>\n\n\n\n<div class=\"block-inline-cta wpx-custom-block\" id=\"acf-inline-cta2941\">\n\n\t<div class=\"inline-cta-inner\">\n\t\t\n\t\t<h3 class=\"inline-cta-title\">\u00bfListo para convertirse en un minorista \u00e1gil?<\/h3>\t\t<p>Los comerciantes y minoristas de Florida necesitan la tecnolog\u00eda adecuada para su negocio \u00fanico. Combine POS, autopago, fidelizaci\u00f3n, prevenci\u00f3n de p\u00e9rdidas y mucho m\u00e1s en un solo sistema integrado. Dise\u00f1emos una soluci\u00f3n que crezca con su negocio y le mantenga a la vanguardia del cambio.<\/p>\n\t\t\t\t\t<div class=\"button-group\">\n\t\t\t\t<a href=\"https:\/\/ravyx.com\/es\/agile-grocer-ebook\/\" target=\"_blank\" class=\"wpx-button\">M\u00e1s informaci\u00f3n<\/a>\n\t\t\t<\/div>\n\t\t\n\t<\/div>\n\n<\/div>","protected":false},"excerpt":{"rendered":"<p>Smarter Retail Starts Here Florida\u2019s grocers are evolving fast. Shoppers expect convenience, speed, and value \u2014 and retailers need the right tools to keep up. That\u2019s where we come in. Delivering Florida grocery technology solutions that help stores simplify operations, control costs, and elevate every shopping experience. From Miami to Jacksonville, Orlando, Tampa, and the [&hellip;]<\/p>\n","protected":false},"author":13,"featured_media":0,"parent":596,"menu_order":3,"comment_status":"closed","ping_status":"closed","template":"","meta":{"_acf_changed":true,"footnotes":""},"class_list":["post-4034","page","type-page","status-publish","hentry"],"acf":[],"yoast_head":"<!-- This site is optimized with the Yoast SEO plugin v27.5 - https:\/\/yoast.com\/product\/yoast-seo-wordpress\/ -->\n<title>Florida Grocer Technology Expansion | Ravyx<\/title>\n<meta name=\"description\" content=\"Discover how Ravyx delivers Florida grocery technology that helps retailers boost efficiency, cut costs, and enhance customer experiences.\" \/>\n<meta name=\"robots\" content=\"index, follow, max-snippet:-1, max-image-preview:large, max-video-preview:-1\" \/>\n<link rel=\"canonical\" href=\"https:\/\/ravyx.com\/es\/contact-us\/expanding-to-florida-grocery-technology\/\" \/>\n<meta property=\"og:locale\" content=\"es_ES\" \/>\n<meta property=\"og:type\" content=\"article\" \/>\n<meta property=\"og:title\" content=\"Florida Grocer Technology Expansion | Ravyx\" \/>\n<meta property=\"og:description\" content=\"Discover how Ravyx delivers Florida grocery technology that helps retailers boost efficiency, cut costs, and enhance customer experiences.\" \/>\n<meta property=\"og:url\" content=\"https:\/\/ravyx.com\/es\/contact-us\/expanding-to-florida-grocery-technology\/\" \/>\n<meta property=\"og:site_name\" content=\"Ravyx\" \/>\n<meta property=\"article:publisher\" content=\"https:\/\/www.facebook.com\/stcrpos\" \/>\n<meta property=\"og:image\" content=\"https:\/\/ravyx.com\/wp-content\/uploads\/2025\/11\/Florida.png\" \/>\n\t<meta property=\"og:image:width\" content=\"700\" \/>\n\t<meta property=\"og:image:height\" content=\"500\" \/>\n\t<meta property=\"og:image:type\" content=\"image\/png\" \/>\n<meta name=\"twitter:card\" content=\"summary_large_image\" \/>\n<meta name=\"twitter:site\" content=\"@stcrpos\" \/>\n<meta name=\"twitter:label1\" content=\"Est. reading time\" \/>\n\t<meta name=\"twitter:data1\" content=\"2 minutos\" \/>\n<script type=\"application\/ld+json\" class=\"yoast-schema-graph\">{\"@context\":\"https:\\\/\\\/schema.org\",\"@graph\":[{\"@type\":\"WebPage\",\"@id\":\"https:\\\/\\\/ravyx.com\\\/contact-us\\\/expanding-to-florida-grocery-technology\\\/\",\"url\":\"https:\\\/\\\/ravyx.com\\\/contact-us\\\/expanding-to-florida-grocery-technology\\\/\",\"name\":\"Florida Grocer Technology Expansion | Ravyx\",\"isPartOf\":{\"@id\":\"https:\\\/\\\/ravyx.com\\\/#website\"},\"primaryImageOfPage\":{\"@id\":\"https:\\\/\\\/ravyx.com\\\/contact-us\\\/expanding-to-florida-grocery-technology\\\/#primaryimage\"},\"image\":{\"@id\":\"https:\\\/\\\/ravyx.com\\\/contact-us\\\/expanding-to-florida-grocery-technology\\\/#primaryimage\"},\"thumbnailUrl\":\"https:\\\/\\\/ravyx.com\\\/wp-content\\\/uploads\\\/2025\\\/11\\\/Florida.png\",\"datePublished\":\"2025-11-06T15:24:11+00:00\",\"description\":\"Discover how Ravyx delivers Florida grocery technology that helps retailers boost efficiency, cut costs, and enhance customer experiences.\",\"breadcrumb\":{\"@id\":\"https:\\\/\\\/ravyx.com\\\/contact-us\\\/expanding-to-florida-grocery-technology\\\/#breadcrumb\"},\"inLanguage\":\"es-DO\",\"potentialAction\":[{\"@type\":\"ReadAction\",\"target\":[\"https:\\\/\\\/ravyx.com\\\/contact-us\\\/expanding-to-florida-grocery-technology\\\/\"]}]},{\"@type\":\"ImageObject\",\"inLanguage\":\"es-DO\",\"@id\":\"https:\\\/\\\/ravyx.com\\\/contact-us\\\/expanding-to-florida-grocery-technology\\\/#primaryimage\",\"url\":\"https:\\\/\\\/ravyx.com\\\/wp-content\\\/uploads\\\/2025\\\/11\\\/Florida.png\",\"contentUrl\":\"https:\\\/\\\/ravyx.com\\\/wp-content\\\/uploads\\\/2025\\\/11\\\/Florida.png\"},{\"@type\":\"BreadcrumbList\",\"@id\":\"https:\\\/\\\/ravyx.com\\\/contact-us\\\/expanding-to-florida-grocery-technology\\\/#breadcrumb\",\"itemListElement\":[{\"@type\":\"ListItem\",\"position\":1,\"name\":\"Home\",\"item\":\"https:\\\/\\\/ravyx.com\\\/\"},{\"@type\":\"ListItem\",\"position\":2,\"name\":\"Contact Us\",\"item\":\"https:\\\/\\\/ravyx.com\\\/contact-us\\\/\"},{\"@type\":\"ListItem\",\"position\":3,\"name\":\"Florida Grocery Technology Solutions\"}]},{\"@type\":\"WebSite\",\"@id\":\"https:\\\/\\\/ravyx.com\\\/#website\",\"url\":\"https:\\\/\\\/ravyx.com\\\/\",\"name\":\"Ravyx\",\"description\":\"Proven Grocery Technologies\",\"publisher\":{\"@id\":\"https:\\\/\\\/ravyx.com\\\/#organization\"},\"potentialAction\":[{\"@type\":\"SearchAction\",\"target\":{\"@type\":\"EntryPoint\",\"urlTemplate\":\"https:\\\/\\\/ravyx.com\\\/?s={search_term_string}\"},\"query-input\":{\"@type\":\"PropertyValueSpecification\",\"valueRequired\":true,\"valueName\":\"search_term_string\"}}],\"inLanguage\":\"es-DO\"},{\"@type\":\"Organization\",\"@id\":\"https:\\\/\\\/ravyx.com\\\/#organization\",\"name\":\"Ravyx\",\"url\":\"https:\\\/\\\/ravyx.com\\\/\",\"logo\":{\"@type\":\"ImageObject\",\"inLanguage\":\"es-DO\",\"@id\":\"https:\\\/\\\/ravyx.com\\\/#\\\/schema\\\/logo\\\/image\\\/\",\"url\":\"https:\\\/\\\/ravyx.com\\\/wp-content\\\/uploads\\\/2023\\\/09\\\/generic-brand-1.jpg\",\"contentUrl\":\"https:\\\/\\\/ravyx.com\\\/wp-content\\\/uploads\\\/2023\\\/09\\\/generic-brand-1.jpg\",\"width\":1200,\"height\":1200,\"caption\":\"Ravyx\"},\"image\":{\"@id\":\"https:\\\/\\\/ravyx.com\\\/#\\\/schema\\\/logo\\\/image\\\/\"},\"sameAs\":[\"https:\\\/\\\/www.facebook.com\\\/stcrpos\",\"https:\\\/\\\/x.com\\\/stcrpos\",\"https:\\\/\\\/www.linkedin.com\\\/company\\\/stcr\\\/\",\"https:\\\/\\\/www.youtube.com\\\/channel\\\/UCSWcsJARYjaQnz0T5o4p9DQ\"]}]}<\/script>\n<!-- \/ Yoast SEO plugin. -->","yoast_head_json":{"title":"Florida Grocer Technology Expansion | Ravyx","description":"Discover how Ravyx delivers Florida grocery technology that helps retailers boost efficiency, cut costs, and enhance customer experiences.","robots":{"index":"index","follow":"follow","max-snippet":"max-snippet:-1","max-image-preview":"max-image-preview:large","max-video-preview":"max-video-preview:-1"},"canonical":"https:\/\/ravyx.com\/es\/contact-us\/expanding-to-florida-grocery-technology\/","og_locale":"es_ES","og_type":"article","og_title":"Florida Grocer Technology Expansion | Ravyx","og_description":"Discover how Ravyx delivers Florida grocery technology that helps retailers boost efficiency, cut costs, and enhance customer experiences.","og_url":"https:\/\/ravyx.com\/es\/contact-us\/expanding-to-florida-grocery-technology\/","og_site_name":"Ravyx","article_publisher":"https:\/\/www.facebook.com\/stcrpos","og_image":[{"width":700,"height":500,"url":"https:\/\/ravyx.com\/wp-content\/uploads\/2025\/11\/Florida.png","type":"image\/png"}],"twitter_card":"summary_large_image","twitter_site":"@stcrpos","twitter_misc":{"Est. reading time":"2 minutos"},"schema":{"@context":"https:\/\/schema.org","@graph":[{"@type":"WebPage","@id":"https:\/\/ravyx.com\/contact-us\/expanding-to-florida-grocery-technology\/","url":"https:\/\/ravyx.com\/contact-us\/expanding-to-florida-grocery-technology\/","name":"Florida Grocer Technology Expansion | Ravyx","isPartOf":{"@id":"https:\/\/ravyx.com\/#website"},"primaryImageOfPage":{"@id":"https:\/\/ravyx.com\/contact-us\/expanding-to-florida-grocery-technology\/#primaryimage"},"image":{"@id":"https:\/\/ravyx.com\/contact-us\/expanding-to-florida-grocery-technology\/#primaryimage"},"thumbnailUrl":"https:\/\/ravyx.com\/wp-content\/uploads\/2025\/11\/Florida.png","datePublished":"2025-11-06T15:24:11+00:00","description":"Discover how Ravyx delivers Florida grocery technology that helps retailers boost efficiency, cut costs, and enhance customer experiences.","breadcrumb":{"@id":"https:\/\/ravyx.com\/contact-us\/expanding-to-florida-grocery-technology\/#breadcrumb"},"inLanguage":"es-DO","potentialAction":[{"@type":"ReadAction","target":["https:\/\/ravyx.com\/contact-us\/expanding-to-florida-grocery-technology\/"]}]},{"@type":"ImageObject","inLanguage":"es-DO","@id":"https:\/\/ravyx.com\/contact-us\/expanding-to-florida-grocery-technology\/#primaryimage","url":"https:\/\/ravyx.com\/wp-content\/uploads\/2025\/11\/Florida.png","contentUrl":"https:\/\/ravyx.com\/wp-content\/uploads\/2025\/11\/Florida.png"},{"@type":"BreadcrumbList","@id":"https:\/\/ravyx.com\/contact-us\/expanding-to-florida-grocery-technology\/#breadcrumb","itemListElement":[{"@type":"ListItem","position":1,"name":"Home","item":"https:\/\/ravyx.com\/"},{"@type":"ListItem","position":2,"name":"Contact Us","item":"https:\/\/ravyx.com\/contact-us\/"},{"@type":"ListItem","position":3,"name":"Florida Grocery Technology Solutions"}]},{"@type":"WebSite","@id":"https:\/\/ravyx.com\/#website","url":"https:\/\/ravyx.com\/","name":"Ravyx","description":"Proven Grocery Technologies","publisher":{"@id":"https:\/\/ravyx.com\/#organization"},"potentialAction":[{"@type":"SearchAction","target":{"@type":"EntryPoint","urlTemplate":"https:\/\/ravyx.com\/?s={search_term_string}"},"query-input":{"@type":"PropertyValueSpecification","valueRequired":true,"valueName":"search_term_string"}}],"inLanguage":"es-DO"},{"@type":"Organization","@id":"https:\/\/ravyx.com\/#organization","name":"Ravyx","url":"https:\/\/ravyx.com\/","logo":{"@type":"ImageObject","inLanguage":"es-DO","@id":"https:\/\/ravyx.com\/#\/schema\/logo\/image\/","url":"https:\/\/ravyx.com\/wp-content\/uploads\/2023\/09\/generic-brand-1.jpg","contentUrl":"https:\/\/ravyx.com\/wp-content\/uploads\/2023\/09\/generic-brand-1.jpg","width":1200,"height":1200,"caption":"Ravyx"},"image":{"@id":"https:\/\/ravyx.com\/#\/schema\/logo\/image\/"},"sameAs":["https:\/\/www.facebook.com\/stcrpos","https:\/\/x.com\/stcrpos","https:\/\/www.linkedin.com\/company\/stcr\/","https:\/\/www.youtube.com\/channel\/UCSWcsJARYjaQnz0T5o4p9DQ"]}]}},"_links":{"self":[{"href":"https:\/\/ravyx.com\/es\/wp-json\/wp\/v2\/pages\/4034","targetHints":{"allow":["GET"]}}],"collection":[{"href":"https:\/\/ravyx.com\/es\/wp-json\/wp\/v2\/pages"}],"about":[{"href":"https:\/\/ravyx.com\/es\/wp-json\/wp\/v2\/types\/page"}],"author":[{"embeddable":true,"href":"https:\/\/ravyx.com\/es\/wp-json\/wp\/v2\/users\/13"}],"replies":[{"embeddable":true,"href":"https:\/\/ravyx.com\/es\/wp-json\/wp\/v2\/comments?post=4034"}],"version-history":[{"count":0,"href":"https:\/\/ravyx.com\/es\/wp-json\/wp\/v2\/pages\/4034\/revisions"}],"up":[{"embeddable":true,"href":"https:\/\/ravyx.com\/es\/wp-json\/wp\/v2\/pages\/596"}],"wp:attachment":[{"href":"https:\/\/ravyx.com\/es\/wp-json\/wp\/v2\/media?parent=4034"}],"curies":[{"name":"wp","href":"https:\/\/api.w.org\/{rel}","templated":true}]}}