{"id":3967,"date":"2025-09-19T14:53:31","date_gmt":"2025-09-19T18:53:01","guid":{"rendered":"https:\/\/ravyx.com\/?page_id=3967"},"modified":"2025-09-19T15:04:26","modified_gmt":"2025-09-19T19:04:26","slug":"are-you-an-agile-grocer","status":"publish","type":"page","link":"https:\/\/ravyx.com\/es\/resources\/explore-our-resource-library\/are-you-an-agile-grocer\/","title":{"rendered":"Are You an Agile Grocer? &#8211; Publications"},"content":{"rendered":"<h2 class=\"wp-block-heading\">\u00a1Obt\u00e9n el eBook GRATIS Hoy!<\/h2>\n\n\n\n<p class=\"has-large-font-size\"><strong>La reducci\u00f3n de m\u00e1rgenes, los desaf\u00edos laborales y los sistemas obsoletos est\u00e1n mermando las ganancias de los supermercados.<\/strong> Los tenderos que prosperan son los que se adaptan r\u00e1pido, cambian inteligentemente y aprovechan las herramientas modernas para mantenerse a la vanguardia.<\/p>\n\n\n\n<div style=\"height:0px\" aria-hidden=\"true\" class=\"wp-block-spacer\"><\/div>\n\n\n\n<div class=\"wp-block-columns has-tan-background-color has-background is-layout-flex wp-container-core-columns-is-layout-9d6595d7 wp-block-columns-is-layout-flex\">\n<div class=\"wp-block-column is-layout-flow wp-block-column-is-layout-flow\">\n<h2 class=\"wp-block-heading has-text-align-center\">Por qu\u00e9 esto importa ahora<\/h2>\n\n\n\n<p class=\"has-large-font-size\">La inflaci\u00f3n, la volatilidad de la cadena de suministro, la inestabilidad de la fuerza laboral y el aumento de los niveles de merma est\u00e1n redefiniendo la industria de comestibles. La infraestructura heredada puede erosionar silenciosamente las ganancias, frustrar al personal y ralentizar su capacidad de adaptaci\u00f3n.<\/p>\n\n\n\n<p class=\"has-large-font-size\"><strong>Este eBook es tu gu\u00eda para transformar la tecnolog\u00eda de una carga administrativa a una ventaja competitiva.<\/strong><\/p>\n\n\n\n<iframe loading=\"lazy\" src=\"https:\/\/info.sirsolutions.com\/l\/797653\/2025-09-19\/5ypbx\" width=\"100%\" height=\"500\" type=\"text\/html\" frameborder=\"0\" allowtransparency=\"true\" style=\"border: 0\"><\/iframe>\n<\/div>\n\n\n\n<div class=\"wp-block-column is-layout-flow wp-block-column-is-layout-flow\"><div class=\"wp-block-image\">\n<figure class=\"aligncenter size-full is-resized\"><img loading=\"lazy\" decoding=\"async\" width=\"400\" height=\"400\" src=\"https:\/\/ravyx.com\/wp-content\/uploads\/2025\/09\/Untitled-design-19.png\" alt=\"\" class=\"wp-image-3968\" style=\"width:293px;height:auto\" srcset=\"https:\/\/ravyx.com\/wp-content\/uploads\/2025\/09\/Untitled-design-19.png 400w, https:\/\/ravyx.com\/wp-content\/uploads\/2025\/09\/Untitled-design-19-300x300.png 300w, https:\/\/ravyx.com\/wp-content\/uploads\/2025\/09\/Untitled-design-19-150x150.png 150w, https:\/\/ravyx.com\/wp-content\/uploads\/2025\/09\/Untitled-design-19-12x12.png 12w\" sizes=\"auto, (max-width: 400px) 100vw, 400px\" \/><\/figure>\n<\/div>\n\n\n<h2 class=\"wp-block-heading\">Este eBook gratuito revela c\u00f3mo los supermercados l\u00edderes est\u00e1n:<\/h2>\n\n\n\n<div class=\"wp-block-group\"><div class=\"wp-block-group__inner-container is-layout-constrained wp-block-group-is-layout-constrained\">\n<ul class=\"wp-block-list has-normal-font-size\">\n<li class=\"has-large-font-size\">Combatir el merma antes de que agote la rentabilidad<\/li>\n<\/ul>\n\n\n\n<ul class=\"wp-block-list has-normal-font-size\">\n<li class=\"has-large-font-size\">Optimizar la eficiencia laboral sin sobrecargar al personal<\/li>\n\n\n\n<li class=\"has-large-font-size\">Preparando operaciones para el futuro con tecnolog\u00eda modular y escalable<\/li>\n<\/ul>\n<\/div><\/div>\n<\/div>\n<\/div>\n\n\n\n<div class=\"block-inline-cta wpx-custom-block\" id=\"acf-inline-cta2885\">\n\n\t<div class=\"inline-cta-inner\">\n\t\t\n\t\t<h3 class=\"inline-cta-title\">\u00a1RESERVA UNA CONSULTA HOY! <\/h3>\t\t<p>Env\u00edanos un correo electr\u00f3nico para programar tu consulta gratuita.<\/p>\n\t\t\t\t\t<div class=\"button-group\">\n\t\t\t\t<a href=\"mailto:sales@ravyx.com\" target=\"\" class=\"wpx-button\">HORARIO<\/a>\n\t\t\t<\/div>\n\t\t\n\t<\/div>\n\n<\/div>","protected":false},"excerpt":{"rendered":"<p>Get the FREE eBook Today! Shrink, labor challenges, and outdated systems are eating away at grocery profits. The grocers that thrive are the ones who adapt fast, pivot smartly, and leverage modern tools to stay ahead. Why This Matters Now Inflation, supply chain volatility, workforce instability, and rising shrink levels are redefining the grocery industry. [&hellip;]<\/p>\n","protected":false},"author":13,"featured_media":3254,"parent":3447,"menu_order":3,"comment_status":"closed","ping_status":"closed","template":"","meta":{"_acf_changed":true,"footnotes":""},"class_list":["post-3967","page","type-page","status-publish","has-post-thumbnail","hentry"],"acf":[],"yoast_head":"<!-- This site is optimized with the Yoast SEO plugin v27.5 - https:\/\/yoast.com\/product\/yoast-seo-wordpress\/ -->\n<title>Are You an Agile Grocer? | Ravyx<\/title>\n<meta name=\"description\" content=\"Download our free eBook, The Agile Grocer. Learn strategies to combat shrink, optimize labor, and future-proof grocery operations.\" \/>\n<meta name=\"robots\" content=\"index, follow, max-snippet:-1, max-image-preview:large, max-video-preview:-1\" \/>\n<link rel=\"canonical\" href=\"https:\/\/ravyx.com\/es\/are-you-an-agile-grocer\/\" \/>\n<meta property=\"og:locale\" content=\"es_ES\" \/>\n<meta property=\"og:type\" content=\"article\" \/>\n<meta property=\"og:title\" content=\"Are You an Agile Grocer? | Ravyx\" \/>\n<meta property=\"og:description\" content=\"Download our free eBook, The Agile Grocer. Learn strategies to combat shrink, optimize labor, and future-proof grocery operations.\" \/>\n<meta property=\"og:url\" content=\"https:\/\/ravyx.com\/es\/are-you-an-agile-grocer\/\" \/>\n<meta property=\"og:site_name\" content=\"Ravyx\" \/>\n<meta property=\"article:publisher\" content=\"https:\/\/www.facebook.com\/stcrpos\" \/>\n<meta property=\"article:modified_time\" content=\"2025-09-19T19:04:26+00:00\" \/>\n<meta property=\"og:image\" content=\"https:\/\/ravyx.com\/wp-content\/uploads\/2024\/12\/SCO-ebook-billboard.jpg\" \/>\n\t<meta property=\"og:image:width\" content=\"1601\" \/>\n\t<meta property=\"og:image:height\" content=\"601\" \/>\n\t<meta property=\"og:image:type\" content=\"image\/jpeg\" \/>\n<meta name=\"twitter:card\" content=\"summary_large_image\" \/>\n<meta name=\"twitter:site\" content=\"@stcrpos\" \/>\n<meta name=\"twitter:label1\" content=\"Est. reading time\" \/>\n\t<meta name=\"twitter:data1\" content=\"1 minuto\" \/>\n<script type=\"application\/ld+json\" class=\"yoast-schema-graph\">{\"@context\":\"https:\\\/\\\/schema.org\",\"@graph\":[{\"@type\":\"WebPage\",\"@id\":\"https:\\\/\\\/ravyx.com\\\/are-you-an-agile-grocer\\\/\",\"url\":\"https:\\\/\\\/ravyx.com\\\/are-you-an-agile-grocer\\\/\",\"name\":\"Are You an Agile Grocer? | Ravyx\",\"isPartOf\":{\"@id\":\"https:\\\/\\\/ravyx.com\\\/#website\"},\"primaryImageOfPage\":{\"@id\":\"https:\\\/\\\/ravyx.com\\\/are-you-an-agile-grocer\\\/#primaryimage\"},\"image\":{\"@id\":\"https:\\\/\\\/ravyx.com\\\/are-you-an-agile-grocer\\\/#primaryimage\"},\"thumbnailUrl\":\"https:\\\/\\\/ravyx.com\\\/wp-content\\\/uploads\\\/2024\\\/12\\\/SCO-ebook-billboard.jpg\",\"datePublished\":\"2025-09-19T18:53:01+00:00\",\"dateModified\":\"2025-09-19T19:04:26+00:00\",\"description\":\"Download our free eBook, The Agile Grocer. Learn strategies to combat shrink, optimize labor, and future-proof grocery operations.\",\"breadcrumb\":{\"@id\":\"https:\\\/\\\/ravyx.com\\\/are-you-an-agile-grocer\\\/#breadcrumb\"},\"inLanguage\":\"es-DO\",\"potentialAction\":[{\"@type\":\"ReadAction\",\"target\":[\"https:\\\/\\\/ravyx.com\\\/are-you-an-agile-grocer\\\/\"]}]},{\"@type\":\"ImageObject\",\"inLanguage\":\"es-DO\",\"@id\":\"https:\\\/\\\/ravyx.com\\\/are-you-an-agile-grocer\\\/#primaryimage\",\"url\":\"https:\\\/\\\/ravyx.com\\\/wp-content\\\/uploads\\\/2024\\\/12\\\/SCO-ebook-billboard.jpg\",\"contentUrl\":\"https:\\\/\\\/ravyx.com\\\/wp-content\\\/uploads\\\/2024\\\/12\\\/SCO-ebook-billboard.jpg\",\"width\":1601,\"height\":601},{\"@type\":\"BreadcrumbList\",\"@id\":\"https:\\\/\\\/ravyx.com\\\/are-you-an-agile-grocer\\\/#breadcrumb\",\"itemListElement\":[{\"@type\":\"ListItem\",\"position\":1,\"name\":\"Home\",\"item\":\"https:\\\/\\\/ravyx.com\\\/\"},{\"@type\":\"ListItem\",\"position\":2,\"name\":\"Are You an Agile Grocer? &#8211; Publications\"}]},{\"@type\":\"WebSite\",\"@id\":\"https:\\\/\\\/ravyx.com\\\/#website\",\"url\":\"https:\\\/\\\/ravyx.com\\\/\",\"name\":\"Ravyx\",\"description\":\"Proven Grocery Technologies\",\"publisher\":{\"@id\":\"https:\\\/\\\/ravyx.com\\\/#organization\"},\"potentialAction\":[{\"@type\":\"SearchAction\",\"target\":{\"@type\":\"EntryPoint\",\"urlTemplate\":\"https:\\\/\\\/ravyx.com\\\/?s={search_term_string}\"},\"query-input\":{\"@type\":\"PropertyValueSpecification\",\"valueRequired\":true,\"valueName\":\"search_term_string\"}}],\"inLanguage\":\"es-DO\"},{\"@type\":\"Organization\",\"@id\":\"https:\\\/\\\/ravyx.com\\\/#organization\",\"name\":\"Ravyx\",\"url\":\"https:\\\/\\\/ravyx.com\\\/\",\"logo\":{\"@type\":\"ImageObject\",\"inLanguage\":\"es-DO\",\"@id\":\"https:\\\/\\\/ravyx.com\\\/#\\\/schema\\\/logo\\\/image\\\/\",\"url\":\"https:\\\/\\\/ravyx.com\\\/wp-content\\\/uploads\\\/2023\\\/09\\\/generic-brand-1.jpg\",\"contentUrl\":\"https:\\\/\\\/ravyx.com\\\/wp-content\\\/uploads\\\/2023\\\/09\\\/generic-brand-1.jpg\",\"width\":1200,\"height\":1200,\"caption\":\"Ravyx\"},\"image\":{\"@id\":\"https:\\\/\\\/ravyx.com\\\/#\\\/schema\\\/logo\\\/image\\\/\"},\"sameAs\":[\"https:\\\/\\\/www.facebook.com\\\/stcrpos\",\"https:\\\/\\\/x.com\\\/stcrpos\",\"https:\\\/\\\/www.linkedin.com\\\/company\\\/stcr\\\/\",\"https:\\\/\\\/www.youtube.com\\\/channel\\\/UCSWcsJARYjaQnz0T5o4p9DQ\"]}]}<\/script>\n<!-- \/ Yoast SEO plugin. -->","yoast_head_json":{"title":"Are You an Agile Grocer? | Ravyx","description":"Download our free eBook, The Agile Grocer. Learn strategies to combat shrink, optimize labor, and future-proof grocery operations.","robots":{"index":"index","follow":"follow","max-snippet":"max-snippet:-1","max-image-preview":"max-image-preview:large","max-video-preview":"max-video-preview:-1"},"canonical":"https:\/\/ravyx.com\/es\/are-you-an-agile-grocer\/","og_locale":"es_ES","og_type":"article","og_title":"Are You an Agile Grocer? | Ravyx","og_description":"Download our free eBook, The Agile Grocer. Learn strategies to combat shrink, optimize labor, and future-proof grocery operations.","og_url":"https:\/\/ravyx.com\/es\/are-you-an-agile-grocer\/","og_site_name":"Ravyx","article_publisher":"https:\/\/www.facebook.com\/stcrpos","article_modified_time":"2025-09-19T19:04:26+00:00","og_image":[{"width":1601,"height":601,"url":"https:\/\/ravyx.com\/wp-content\/uploads\/2024\/12\/SCO-ebook-billboard.jpg","type":"image\/jpeg"}],"twitter_card":"summary_large_image","twitter_site":"@stcrpos","twitter_misc":{"Est. reading time":"1 minuto"},"schema":{"@context":"https:\/\/schema.org","@graph":[{"@type":"WebPage","@id":"https:\/\/ravyx.com\/are-you-an-agile-grocer\/","url":"https:\/\/ravyx.com\/are-you-an-agile-grocer\/","name":"Are You an Agile Grocer? | Ravyx","isPartOf":{"@id":"https:\/\/ravyx.com\/#website"},"primaryImageOfPage":{"@id":"https:\/\/ravyx.com\/are-you-an-agile-grocer\/#primaryimage"},"image":{"@id":"https:\/\/ravyx.com\/are-you-an-agile-grocer\/#primaryimage"},"thumbnailUrl":"https:\/\/ravyx.com\/wp-content\/uploads\/2024\/12\/SCO-ebook-billboard.jpg","datePublished":"2025-09-19T18:53:01+00:00","dateModified":"2025-09-19T19:04:26+00:00","description":"Download our free eBook, The Agile Grocer. Learn strategies to combat shrink, optimize labor, and future-proof grocery operations.","breadcrumb":{"@id":"https:\/\/ravyx.com\/are-you-an-agile-grocer\/#breadcrumb"},"inLanguage":"es-DO","potentialAction":[{"@type":"ReadAction","target":["https:\/\/ravyx.com\/are-you-an-agile-grocer\/"]}]},{"@type":"ImageObject","inLanguage":"es-DO","@id":"https:\/\/ravyx.com\/are-you-an-agile-grocer\/#primaryimage","url":"https:\/\/ravyx.com\/wp-content\/uploads\/2024\/12\/SCO-ebook-billboard.jpg","contentUrl":"https:\/\/ravyx.com\/wp-content\/uploads\/2024\/12\/SCO-ebook-billboard.jpg","width":1601,"height":601},{"@type":"BreadcrumbList","@id":"https:\/\/ravyx.com\/are-you-an-agile-grocer\/#breadcrumb","itemListElement":[{"@type":"ListItem","position":1,"name":"Home","item":"https:\/\/ravyx.com\/"},{"@type":"ListItem","position":2,"name":"Are You an Agile Grocer? &#8211; Publications"}]},{"@type":"WebSite","@id":"https:\/\/ravyx.com\/#website","url":"https:\/\/ravyx.com\/","name":"Ravyx","description":"Proven Grocery Technologies","publisher":{"@id":"https:\/\/ravyx.com\/#organization"},"potentialAction":[{"@type":"SearchAction","target":{"@type":"EntryPoint","urlTemplate":"https:\/\/ravyx.com\/?s={search_term_string}"},"query-input":{"@type":"PropertyValueSpecification","valueRequired":true,"valueName":"search_term_string"}}],"inLanguage":"es-DO"},{"@type":"Organization","@id":"https:\/\/ravyx.com\/#organization","name":"Ravyx","url":"https:\/\/ravyx.com\/","logo":{"@type":"ImageObject","inLanguage":"es-DO","@id":"https:\/\/ravyx.com\/#\/schema\/logo\/image\/","url":"https:\/\/ravyx.com\/wp-content\/uploads\/2023\/09\/generic-brand-1.jpg","contentUrl":"https:\/\/ravyx.com\/wp-content\/uploads\/2023\/09\/generic-brand-1.jpg","width":1200,"height":1200,"caption":"Ravyx"},"image":{"@id":"https:\/\/ravyx.com\/#\/schema\/logo\/image\/"},"sameAs":["https:\/\/www.facebook.com\/stcrpos","https:\/\/x.com\/stcrpos","https:\/\/www.linkedin.com\/company\/stcr\/","https:\/\/www.youtube.com\/channel\/UCSWcsJARYjaQnz0T5o4p9DQ"]}]}},"_links":{"self":[{"href":"https:\/\/ravyx.com\/es\/wp-json\/wp\/v2\/pages\/3967","targetHints":{"allow":["GET"]}}],"collection":[{"href":"https:\/\/ravyx.com\/es\/wp-json\/wp\/v2\/pages"}],"about":[{"href":"https:\/\/ravyx.com\/es\/wp-json\/wp\/v2\/types\/page"}],"author":[{"embeddable":true,"href":"https:\/\/ravyx.com\/es\/wp-json\/wp\/v2\/users\/13"}],"replies":[{"embeddable":true,"href":"https:\/\/ravyx.com\/es\/wp-json\/wp\/v2\/comments?post=3967"}],"version-history":[{"count":0,"href":"https:\/\/ravyx.com\/es\/wp-json\/wp\/v2\/pages\/3967\/revisions"}],"up":[{"embeddable":true,"href":"https:\/\/ravyx.com\/es\/wp-json\/wp\/v2\/pages\/3447"}],"wp:featuredmedia":[{"embeddable":true,"href":"https:\/\/ravyx.com\/es\/wp-json\/wp\/v2\/media\/3254"}],"wp:attachment":[{"href":"https:\/\/ravyx.com\/es\/wp-json\/wp\/v2\/media?parent=3967"}],"curies":[{"name":"wp","href":"https:\/\/api.w.org\/{rel}","templated":true}]}}