{"id":3944,"date":"2025-11-06T09:20:24","date_gmt":"2025-11-06T14:20:24","guid":{"rendered":"https:\/\/ravyx.com\/?page_id=3944"},"modified":"2025-11-06T09:20:24","modified_gmt":"2025-11-06T14:20:24","slug":"illinois-grocery-technology","status":"publish","type":"page","link":"https:\/\/ravyx.com\/es\/contact-us\/illinois-grocery-technology\/","title":{"rendered":"Expansi\u00f3n a Illinois Tecnolog\u00eda para tiendas de comestibles"},"content":{"rendered":"<div class=\"wp-block-columns is-layout-flex wp-container-core-columns-is-layout-9d6595d7 wp-block-columns-is-layout-flex\">\n<div class=\"wp-block-column is-layout-flow wp-block-column-is-layout-flow\">\n<h2 class=\"wp-block-heading\">Tecnolog\u00eda para el comercio minorista y soluciones para puntos de venta<\/h2>\n\n\n\n<p>Ahora ofrecemos tecnolog\u00eda para tiendas de comestibles y soluciones de punto de venta en Illinois, dise\u00f1adas para ayudar a los minoristas a optimizar sus operaciones, reducir costos y crear mejores experiencias para los clientes. Desde tiendas de comestibles independientes hasta cadenas de supermercados, tiendas de conveniencia, minoristas de bebidas alcoh\u00f3licas y m\u00e1s, nuestras soluciones est\u00e1n dise\u00f1adas para satisfacer las necesidades \u00fanicas de los minoristas de Illinois.<\/p>\n\n\n\n<p>Desde Chicago hasta Springfield y en todo el estado, los comerciantes y minoristas de Illinois se est\u00e1n adaptando a las cambiantes expectativas de los compradores y a las presiones competitivas. Apoyamos a los minoristas de Illinois de todos los tama\u00f1os con soluciones tecnol\u00f3gicas para puntos de venta y comercio minorista. Mejoramos la velocidad de pago, reducimos las p\u00e9rdidas y conectamos las ventas en tienda y en l\u00ednea. Tanto si gestiona un mercado de barrio como una cadena de supermercados con m\u00faltiples ubicaciones, ayudamos a las empresas de Illinois a mantenerse \u00e1giles y preparadas para el crecimiento.<\/p>\n<\/div>\n\n\n\n<div class=\"wp-block-column is-layout-flow wp-block-column-is-layout-flow\">\n<figure class=\"wp-block-image size-full\"><img loading=\"lazy\" decoding=\"async\" width=\"700\" height=\"500\" src=\"https:\/\/ravyx.com\/wp-content\/uploads\/2025\/09\/Illinois.png\" alt=\"Illinois Grocery Technology\" class=\"wp-image-3950\" srcset=\"https:\/\/ravyx.com\/wp-content\/uploads\/2025\/09\/Illinois.png 700w, https:\/\/ravyx.com\/wp-content\/uploads\/2025\/09\/Illinois-300x214.png 300w, https:\/\/ravyx.com\/wp-content\/uploads\/2025\/09\/Illinois-18x12.png 18w\" sizes=\"auto, (max-width: 700px) 100vw, 700px\" \/><\/figure>\n<\/div>\n<\/div>\n\n\n\n<div class=\"block-inline-cta wpx-custom-block\" id=\"acf-inline-cta3274\">\n\n\t<div class=\"inline-cta-inner\">\n\t\t\n\t\t<h3 class=\"inline-cta-title\">\u00a1Hablemos de c\u00f3mo Ravyx puede impulsar la tecnolog\u00eda de los supermercados de Illinois!<\/h3>\t\t<p>Si est\u00e1 interesado en obtener m\u00e1s informaci\u00f3n, pero no sabe por d\u00f3nde empezar, \u00a1p\u00f3ngase en contacto con nuestro equipo hoy mismo! Reg\u00edstrese para obtener una consulta gratuita sobre su sistema actual y deje que nuestro equipo elabore un plan sobre c\u00f3mo nuestras soluciones pueden ayudarle a aumentar la eficiencia de sus tiendas. <\/p>\n\t\t\t\t\t<div class=\"button-group\">\n\t\t\t\t<a href=\"https:\/\/ravyx.com\/es\/contact-us\/\" target=\"\" class=\"wpx-button\">Cont\u00e1ctenos<\/a>\n\t\t\t<\/div>\n\t\t\n\t<\/div>\n\n<\/div>\n\n\n<div class=\"wp-block-columns is-layout-flex wp-container-core-columns-is-layout-9d6595d7 wp-block-columns-is-layout-flex\">\n<div class=\"wp-block-column is-layout-flow wp-block-column-is-layout-flow\" style=\"flex-basis:33.33%\">\n<figure class=\"wp-block-image size-full\"><img loading=\"lazy\" decoding=\"async\" width=\"500\" height=\"700\" src=\"https:\/\/ravyx.com\/wp-content\/uploads\/2025\/09\/Texas-POS-System-2.png\" alt=\"Illinois POS Systems\" class=\"wp-image-3951\" srcset=\"https:\/\/ravyx.com\/wp-content\/uploads\/2025\/09\/Texas-POS-System-2.png 500w, https:\/\/ravyx.com\/wp-content\/uploads\/2025\/09\/Texas-POS-System-2-214x300.png 214w, https:\/\/ravyx.com\/wp-content\/uploads\/2025\/09\/Texas-POS-System-2-9x12.png 9w\" sizes=\"auto, (max-width: 500px) 100vw, 500px\" \/><\/figure>\n<\/div>\n\n\n\n<div class=\"wp-block-column is-layout-flow wp-block-column-is-layout-flow\" style=\"flex-basis:66.66%\">\n<h2 class=\"wp-block-heading\">Soluciones que ofrecemos para la tecnolog\u00eda de los supermercados de Illinois<\/h2>\n\n\n\n<p>Nuestras soluciones est\u00e1n dise\u00f1adas a la medida para los comerciantes y minoristas de Illinois, ayud\u00e1ndoles a modernizar su tecnolog\u00eda y controlar los costos.<\/p>\n\n\n\n<ul class=\"wp-block-list\">\n<li><strong>Sistemas POS y actualizaciones<\/strong> \u2013 Plataformas flexibles dise\u00f1adas para tiendas independientes, cooperativas y cadenas de supermercados empresariales en todo Illinois.<\/li>\n\n\n\n<li><strong>Autocobro <strong>y<\/strong> Quioscos<\/strong> \u2013 Reducir los tiempos de espera y mejorar la comodidad de los clientes en tiendas con mucho tr\u00e1fico.<\/li>\n\n\n\n<li><strong>Lealtad <strong>y <\/strong>Programas de promociones<\/strong> \u2013 Atraiga a los compradores de Illinois con recompensas, ofertas personalizadas y cupones digitales.<\/li>\n\n\n\n<li><strong>Prevenci\u00f3n de p\u00e9rdidas <strong>y<\/strong> Reducci\u00f3n de contracci\u00f3n<\/strong> \u2013 Proteja sus ganancias con tecnolog\u00eda de seguridad inteligente.<\/li>\n\n\n\n<li><strong>Inventario <strong>un<\/strong>d Gesti\u00f3n administrativa<\/strong> \u2013 Obtenga visibilidad y eficiencia en todas sus operaciones.<\/li>\n\n\n\n<li><strong>Soluciones minoristas omnicanal<\/strong> \u2013 Integra los pedidos en l\u00ednea, la recogida en la acera y las compras en la tienda para ofrecer una experiencia fluida.<\/li>\n\n\n\n<li><strong>An\u00e1lisis minorista <strong>y<\/strong> Perspectivas<\/strong> \u2013 Tome decisiones m\u00e1s inteligentes con datos e informes en tiempo real.<\/li>\n<\/ul>\n<\/div>\n<\/div>\n\n\n\n<div class=\"block-inline-cta wpx-custom-block\" id=\"acf-inline-cta9845\">\n\n\t<div class=\"inline-cta-inner\">\n\t\t\n\t\t<h3 class=\"inline-cta-title\">\u00bfListo para convertirse en un minorista \u00e1gil?<\/h3>\t\t<p>Los comerciantes y minoristas de Illinois necesitan la tecnolog\u00eda adecuada para su negocio \u00fanico. Combine puntos de venta, autopago, fidelizaci\u00f3n, prevenci\u00f3n de p\u00e9rdidas y mucho m\u00e1s en un solo sistema integrado. Dise\u00f1emos una soluci\u00f3n que crezca con su negocio y le mantenga a la vanguardia del cambio.<\/p>\n\t\t\t\t\t<div class=\"button-group\">\n\t\t\t\t<a href=\"https:\/\/ravyx.com\/es\/agile-grocer-ebook\/\" target=\"_blank\" class=\"wpx-button\">M\u00e1s informaci\u00f3n<\/a>\n\t\t\t<\/div>\n\t\t\n\t<\/div>\n\n<\/div>","protected":false},"excerpt":{"rendered":"<p>Retail Tech and Point of Sale Solutions We are now delivering Illinois grocery technology and POS solutions designed to help retailers streamline operations, reduce costs, and create better customer experiences. From independent grocers to enterprise grocery chains, convenience stores, liquor retailers, and more, our solutions are built to meet the unique needs of Illinois retailers. [&hellip;]<\/p>\n","protected":false},"author":13,"featured_media":0,"parent":596,"menu_order":2,"comment_status":"closed","ping_status":"closed","template":"","meta":{"_acf_changed":true,"footnotes":""},"class_list":["post-3944","page","type-page","status-publish","hentry"],"acf":[],"yoast_head":"<!-- This site is optimized with the Yoast SEO plugin v27.5 - https:\/\/yoast.com\/product\/yoast-seo-wordpress\/ -->\n<title>Illinois Grocers and Retailers Expansion | Ravyx<\/title>\n<meta name=\"description\" content=\"Attention Illinois grocers and retailers! Explore how Ravyx can optimize your operations and customer experiences with custom technology.\" \/>\n<meta name=\"robots\" content=\"index, follow, max-snippet:-1, max-image-preview:large, max-video-preview:-1\" \/>\n<link rel=\"canonical\" href=\"https:\/\/ravyx.com\/es\/contact-us\/illinois-grocery-technology\/\" \/>\n<meta property=\"og:locale\" content=\"es_ES\" \/>\n<meta property=\"og:type\" content=\"article\" \/>\n<meta property=\"og:title\" content=\"Illinois Grocers and Retailers Expansion | Ravyx\" \/>\n<meta property=\"og:description\" content=\"Attention Illinois grocers and retailers! Explore how Ravyx can optimize your operations and customer experiences with custom technology.\" \/>\n<meta property=\"og:url\" content=\"https:\/\/ravyx.com\/es\/contact-us\/illinois-grocery-technology\/\" \/>\n<meta property=\"og:site_name\" content=\"Ravyx\" \/>\n<meta property=\"article:publisher\" content=\"https:\/\/www.facebook.com\/stcrpos\" \/>\n<meta property=\"og:image\" content=\"https:\/\/ravyx.com\/wp-content\/uploads\/2025\/09\/Illinois.png\" \/>\n\t<meta property=\"og:image:width\" content=\"700\" \/>\n\t<meta property=\"og:image:height\" content=\"500\" \/>\n\t<meta property=\"og:image:type\" content=\"image\/png\" \/>\n<meta name=\"twitter:card\" content=\"summary_large_image\" \/>\n<meta name=\"twitter:site\" content=\"@stcrpos\" \/>\n<meta name=\"twitter:label1\" content=\"Est. reading time\" \/>\n\t<meta name=\"twitter:data1\" content=\"2 minutos\" \/>\n<script type=\"application\/ld+json\" class=\"yoast-schema-graph\">{\"@context\":\"https:\\\/\\\/schema.org\",\"@graph\":[{\"@type\":\"WebPage\",\"@id\":\"https:\\\/\\\/ravyx.com\\\/contact-us\\\/illinois-grocery-technology\\\/\",\"url\":\"https:\\\/\\\/ravyx.com\\\/contact-us\\\/illinois-grocery-technology\\\/\",\"name\":\"Illinois Grocers and Retailers Expansion | Ravyx\",\"isPartOf\":{\"@id\":\"https:\\\/\\\/ravyx.com\\\/#website\"},\"primaryImageOfPage\":{\"@id\":\"https:\\\/\\\/ravyx.com\\\/contact-us\\\/illinois-grocery-technology\\\/#primaryimage\"},\"image\":{\"@id\":\"https:\\\/\\\/ravyx.com\\\/contact-us\\\/illinois-grocery-technology\\\/#primaryimage\"},\"thumbnailUrl\":\"https:\\\/\\\/ravyx.com\\\/wp-content\\\/uploads\\\/2025\\\/09\\\/Illinois.png\",\"datePublished\":\"2025-11-06T14:20:24+00:00\",\"description\":\"Attention Illinois grocers and retailers! Explore how Ravyx can optimize your operations and customer experiences with custom technology.\",\"breadcrumb\":{\"@id\":\"https:\\\/\\\/ravyx.com\\\/contact-us\\\/illinois-grocery-technology\\\/#breadcrumb\"},\"inLanguage\":\"es-DO\",\"potentialAction\":[{\"@type\":\"ReadAction\",\"target\":[\"https:\\\/\\\/ravyx.com\\\/contact-us\\\/illinois-grocery-technology\\\/\"]}]},{\"@type\":\"ImageObject\",\"inLanguage\":\"es-DO\",\"@id\":\"https:\\\/\\\/ravyx.com\\\/contact-us\\\/illinois-grocery-technology\\\/#primaryimage\",\"url\":\"https:\\\/\\\/ravyx.com\\\/wp-content\\\/uploads\\\/2025\\\/09\\\/Illinois.png\",\"contentUrl\":\"https:\\\/\\\/ravyx.com\\\/wp-content\\\/uploads\\\/2025\\\/09\\\/Illinois.png\"},{\"@type\":\"BreadcrumbList\",\"@id\":\"https:\\\/\\\/ravyx.com\\\/contact-us\\\/illinois-grocery-technology\\\/#breadcrumb\",\"itemListElement\":[{\"@type\":\"ListItem\",\"position\":1,\"name\":\"Home\",\"item\":\"https:\\\/\\\/ravyx.com\\\/\"},{\"@type\":\"ListItem\",\"position\":2,\"name\":\"Contact Us\",\"item\":\"https:\\\/\\\/ravyx.com\\\/contact-us\\\/\"},{\"@type\":\"ListItem\",\"position\":3,\"name\":\"Expanding to Illinois Grocery Technology\"}]},{\"@type\":\"WebSite\",\"@id\":\"https:\\\/\\\/ravyx.com\\\/#website\",\"url\":\"https:\\\/\\\/ravyx.com\\\/\",\"name\":\"Ravyx\",\"description\":\"Proven Grocery Technologies\",\"publisher\":{\"@id\":\"https:\\\/\\\/ravyx.com\\\/#organization\"},\"potentialAction\":[{\"@type\":\"SearchAction\",\"target\":{\"@type\":\"EntryPoint\",\"urlTemplate\":\"https:\\\/\\\/ravyx.com\\\/?s={search_term_string}\"},\"query-input\":{\"@type\":\"PropertyValueSpecification\",\"valueRequired\":true,\"valueName\":\"search_term_string\"}}],\"inLanguage\":\"es-DO\"},{\"@type\":\"Organization\",\"@id\":\"https:\\\/\\\/ravyx.com\\\/#organization\",\"name\":\"Ravyx\",\"url\":\"https:\\\/\\\/ravyx.com\\\/\",\"logo\":{\"@type\":\"ImageObject\",\"inLanguage\":\"es-DO\",\"@id\":\"https:\\\/\\\/ravyx.com\\\/#\\\/schema\\\/logo\\\/image\\\/\",\"url\":\"https:\\\/\\\/ravyx.com\\\/wp-content\\\/uploads\\\/2023\\\/09\\\/generic-brand-1.jpg\",\"contentUrl\":\"https:\\\/\\\/ravyx.com\\\/wp-content\\\/uploads\\\/2023\\\/09\\\/generic-brand-1.jpg\",\"width\":1200,\"height\":1200,\"caption\":\"Ravyx\"},\"image\":{\"@id\":\"https:\\\/\\\/ravyx.com\\\/#\\\/schema\\\/logo\\\/image\\\/\"},\"sameAs\":[\"https:\\\/\\\/www.facebook.com\\\/stcrpos\",\"https:\\\/\\\/x.com\\\/stcrpos\",\"https:\\\/\\\/www.linkedin.com\\\/company\\\/stcr\\\/\",\"https:\\\/\\\/www.youtube.com\\\/channel\\\/UCSWcsJARYjaQnz0T5o4p9DQ\"]}]}<\/script>\n<!-- \/ Yoast SEO plugin. -->","yoast_head_json":{"title":"Illinois Grocers and Retailers Expansion | Ravyx","description":"Attention Illinois grocers and retailers! Explore how Ravyx can optimize your operations and customer experiences with custom technology.","robots":{"index":"index","follow":"follow","max-snippet":"max-snippet:-1","max-image-preview":"max-image-preview:large","max-video-preview":"max-video-preview:-1"},"canonical":"https:\/\/ravyx.com\/es\/contact-us\/illinois-grocery-technology\/","og_locale":"es_ES","og_type":"article","og_title":"Illinois Grocers and Retailers Expansion | Ravyx","og_description":"Attention Illinois grocers and retailers! Explore how Ravyx can optimize your operations and customer experiences with custom technology.","og_url":"https:\/\/ravyx.com\/es\/contact-us\/illinois-grocery-technology\/","og_site_name":"Ravyx","article_publisher":"https:\/\/www.facebook.com\/stcrpos","og_image":[{"width":700,"height":500,"url":"https:\/\/ravyx.com\/wp-content\/uploads\/2025\/09\/Illinois.png","type":"image\/png"}],"twitter_card":"summary_large_image","twitter_site":"@stcrpos","twitter_misc":{"Est. reading time":"2 minutos"},"schema":{"@context":"https:\/\/schema.org","@graph":[{"@type":"WebPage","@id":"https:\/\/ravyx.com\/contact-us\/illinois-grocery-technology\/","url":"https:\/\/ravyx.com\/contact-us\/illinois-grocery-technology\/","name":"Illinois Grocers and Retailers Expansion | Ravyx","isPartOf":{"@id":"https:\/\/ravyx.com\/#website"},"primaryImageOfPage":{"@id":"https:\/\/ravyx.com\/contact-us\/illinois-grocery-technology\/#primaryimage"},"image":{"@id":"https:\/\/ravyx.com\/contact-us\/illinois-grocery-technology\/#primaryimage"},"thumbnailUrl":"https:\/\/ravyx.com\/wp-content\/uploads\/2025\/09\/Illinois.png","datePublished":"2025-11-06T14:20:24+00:00","description":"Attention Illinois grocers and retailers! Explore how Ravyx can optimize your operations and customer experiences with custom technology.","breadcrumb":{"@id":"https:\/\/ravyx.com\/contact-us\/illinois-grocery-technology\/#breadcrumb"},"inLanguage":"es-DO","potentialAction":[{"@type":"ReadAction","target":["https:\/\/ravyx.com\/contact-us\/illinois-grocery-technology\/"]}]},{"@type":"ImageObject","inLanguage":"es-DO","@id":"https:\/\/ravyx.com\/contact-us\/illinois-grocery-technology\/#primaryimage","url":"https:\/\/ravyx.com\/wp-content\/uploads\/2025\/09\/Illinois.png","contentUrl":"https:\/\/ravyx.com\/wp-content\/uploads\/2025\/09\/Illinois.png"},{"@type":"BreadcrumbList","@id":"https:\/\/ravyx.com\/contact-us\/illinois-grocery-technology\/#breadcrumb","itemListElement":[{"@type":"ListItem","position":1,"name":"Home","item":"https:\/\/ravyx.com\/"},{"@type":"ListItem","position":2,"name":"Contact Us","item":"https:\/\/ravyx.com\/contact-us\/"},{"@type":"ListItem","position":3,"name":"Expanding to Illinois Grocery Technology"}]},{"@type":"WebSite","@id":"https:\/\/ravyx.com\/#website","url":"https:\/\/ravyx.com\/","name":"Ravyx","description":"Proven Grocery Technologies","publisher":{"@id":"https:\/\/ravyx.com\/#organization"},"potentialAction":[{"@type":"SearchAction","target":{"@type":"EntryPoint","urlTemplate":"https:\/\/ravyx.com\/?s={search_term_string}"},"query-input":{"@type":"PropertyValueSpecification","valueRequired":true,"valueName":"search_term_string"}}],"inLanguage":"es-DO"},{"@type":"Organization","@id":"https:\/\/ravyx.com\/#organization","name":"Ravyx","url":"https:\/\/ravyx.com\/","logo":{"@type":"ImageObject","inLanguage":"es-DO","@id":"https:\/\/ravyx.com\/#\/schema\/logo\/image\/","url":"https:\/\/ravyx.com\/wp-content\/uploads\/2023\/09\/generic-brand-1.jpg","contentUrl":"https:\/\/ravyx.com\/wp-content\/uploads\/2023\/09\/generic-brand-1.jpg","width":1200,"height":1200,"caption":"Ravyx"},"image":{"@id":"https:\/\/ravyx.com\/#\/schema\/logo\/image\/"},"sameAs":["https:\/\/www.facebook.com\/stcrpos","https:\/\/x.com\/stcrpos","https:\/\/www.linkedin.com\/company\/stcr\/","https:\/\/www.youtube.com\/channel\/UCSWcsJARYjaQnz0T5o4p9DQ"]}]}},"_links":{"self":[{"href":"https:\/\/ravyx.com\/es\/wp-json\/wp\/v2\/pages\/3944","targetHints":{"allow":["GET"]}}],"collection":[{"href":"https:\/\/ravyx.com\/es\/wp-json\/wp\/v2\/pages"}],"about":[{"href":"https:\/\/ravyx.com\/es\/wp-json\/wp\/v2\/types\/page"}],"author":[{"embeddable":true,"href":"https:\/\/ravyx.com\/es\/wp-json\/wp\/v2\/users\/13"}],"replies":[{"embeddable":true,"href":"https:\/\/ravyx.com\/es\/wp-json\/wp\/v2\/comments?post=3944"}],"version-history":[{"count":0,"href":"https:\/\/ravyx.com\/es\/wp-json\/wp\/v2\/pages\/3944\/revisions"}],"up":[{"embeddable":true,"href":"https:\/\/ravyx.com\/es\/wp-json\/wp\/v2\/pages\/596"}],"wp:attachment":[{"href":"https:\/\/ravyx.com\/es\/wp-json\/wp\/v2\/media?parent=3944"}],"curies":[{"name":"wp","href":"https:\/\/api.w.org\/{rel}","templated":true}]}}