{"id":3934,"date":"2025-09-02T16:49:20","date_gmt":"2025-09-02T20:49:20","guid":{"rendered":"https:\/\/ravyx.com\/?page_id=3934"},"modified":"2025-11-06T09:10:32","modified_gmt":"2025-11-06T14:10:32","slug":"texas-grocers-and-retailers","status":"publish","type":"page","link":"https:\/\/ravyx.com\/es\/contact-us\/texas-grocers-and-retailers\/","title":{"rendered":"Expansi\u00f3n a las tiendas de comestibles y minoristas de Texas"},"content":{"rendered":"<div class=\"wp-block-columns is-layout-flex wp-container-core-columns-is-layout-9d6595d7 wp-block-columns-is-layout-flex\">\n<div class=\"wp-block-column is-layout-flow wp-block-column-is-layout-flow\">\n<h2 class=\"wp-block-heading\">Tecnolog\u00eda para el comercio minorista y soluciones para puntos de venta<\/h2>\n\n\n\n<p>Nos hemos expandido a Texas para atender mejor al mercado minorista en constante crecimiento de este estado. Desde tiendas de comestibles independientes hasta cadenas empresariales, tiendas de conveniencia, minoristas de bebidas alcoh\u00f3licas y m\u00e1s, ofrecemos a las tiendas de comestibles y minoristas de Texas soluciones personalizadas. <a href=\"https:\/\/ravyx.com\/es\/solutions\/select-products\/pos-applications\/\" target=\"_blank\" rel=\"noreferrer noopener\">Soluciones tecnol\u00f3gicas para puntos de venta y comercio minorista<\/a> dise\u00f1ado para reducir costos, mejorar las operaciones y optimizar la experiencia del cliente.<\/p>\n\n\n\n<p>En todo Texas, los comerciantes y minoristas se enfrentan a retos \u00fanicos, como la gesti\u00f3n de grandes surtidos de productos en las cadenas de supermercados o el apoyo a las operaciones de las tiendas de conveniencia y licorer\u00edas, que se caracterizan por su r\u00e1pido movimiento. Nuestra experiencia ayuda a los minoristas de Texas de todos los tama\u00f1os a implementar un ecosistema tecnol\u00f3gico para que sus tiendas funcionen sin problemas. Ya sea que se encuentre en Dallas, Houston, Austin o San Antonio, nuestro equipo est\u00e1 aqu\u00ed para ayudarle a construir negocios m\u00e1s s\u00f3lidos y eficientes.<\/p>\n<\/div>\n\n\n\n<div class=\"wp-block-column is-layout-flow wp-block-column-is-layout-flow\">\n<figure class=\"wp-block-image size-full\"><img loading=\"lazy\" decoding=\"async\" width=\"700\" height=\"500\" src=\"https:\/\/ravyx.com\/wp-content\/uploads\/2025\/09\/TX-Grocery-and-Retail-POS.png\" alt=\"\" class=\"wp-image-3940\" srcset=\"https:\/\/ravyx.com\/wp-content\/uploads\/2025\/09\/TX-Grocery-and-Retail-POS.png 700w, https:\/\/ravyx.com\/wp-content\/uploads\/2025\/09\/TX-Grocery-and-Retail-POS-300x214.png 300w, https:\/\/ravyx.com\/wp-content\/uploads\/2025\/09\/TX-Grocery-and-Retail-POS-18x12.png 18w\" sizes=\"auto, (max-width: 700px) 100vw, 700px\" \/><\/figure>\n<\/div>\n<\/div>\n\n\n\n<div class=\"block-inline-cta wpx-custom-block\" id=\"acf-inline-cta3960\">\n\n\t<div class=\"inline-cta-inner\">\n\t\t\n\t\t<h3 class=\"inline-cta-title\">\u00a1Hablemos de c\u00f3mo Ravyx puede impulsar la tecnolog\u00eda minorista y de supermercados en Texas!<\/h3>\t\t<p>Si est\u00e1 interesado en obtener m\u00e1s informaci\u00f3n, pero no sabe por d\u00f3nde empezar, \u00a1p\u00f3ngase en contacto con nuestro equipo hoy mismo! Reg\u00edstrese para obtener una consulta gratuita sobre su sistema actual y deje que nuestro equipo elabore un plan sobre c\u00f3mo nuestras soluciones pueden ayudarle a aumentar la eficiencia de sus tiendas. <\/p>\n\t\t\t\t\t<div class=\"button-group\">\n\t\t\t\t<a href=\"https:\/\/ravyx.com\/es\/contact-us\/\" target=\"\" class=\"wpx-button\">Cont\u00e1ctenos<\/a>\n\t\t\t<\/div>\n\t\t\n\t<\/div>\n\n<\/div>\n\n\n<div class=\"wp-block-columns is-layout-flex wp-container-core-columns-is-layout-9d6595d7 wp-block-columns-is-layout-flex\">\n<div class=\"wp-block-column is-layout-flow wp-block-column-is-layout-flow\" style=\"flex-basis:33.33%\">\n<figure class=\"wp-block-image size-full\"><img loading=\"lazy\" decoding=\"async\" width=\"500\" height=\"700\" src=\"https:\/\/ravyx.com\/wp-content\/uploads\/2025\/09\/Texas-POS-System-1.png\" alt=\"\" class=\"wp-image-3941\" srcset=\"https:\/\/ravyx.com\/wp-content\/uploads\/2025\/09\/Texas-POS-System-1.png 500w, https:\/\/ravyx.com\/wp-content\/uploads\/2025\/09\/Texas-POS-System-1-214x300.png 214w, https:\/\/ravyx.com\/wp-content\/uploads\/2025\/09\/Texas-POS-System-1-9x12.png 9w\" sizes=\"auto, (max-width: 500px) 100vw, 500px\" \/><\/figure>\n<\/div>\n\n\n\n<div class=\"wp-block-column is-layout-flow wp-block-column-is-layout-flow\" style=\"flex-basis:66.66%\">\n<h2 class=\"wp-block-heading\">Soluciones que ofrecemos a los comerciantes y minoristas de Texas<\/h2>\n\n\n\n<p>Nuestra tecnolog\u00eda est\u00e1 dise\u00f1ada para satisfacer las necesidades de los comerciantes y minoristas. Dise\u00f1ada para reducir costos, aumentar la eficiencia y ofrecer a sus clientes una experiencia de compra perfecta.<\/p>\n\n\n\n<ul class=\"wp-block-list\">\n<li><strong>Sistemas POS integrales<\/strong> \u2013 Plataformas escalables que dan soporte a todo tipo de negocios, desde tiendas de comestibles con una sola ubicaci\u00f3n hasta grandes minoristas en todo Texas.<\/li>\n\n\n\n<li><strong>Pago autom\u00e1tico y pago con celular<\/strong> \u2013 Acelerar el servicio de atenci\u00f3n al cliente y ofrecer a los clientes m\u00e1s opciones a la hora de comprar.<\/li>\n\n\n\n<li><strong>Lealtad, promociones y cupones digitales<\/strong> \u2013 Impulse la repetici\u00f3n de compras y fortalezca las relaciones con los clientes mediante programas de fidelizaci\u00f3n flexibles dise\u00f1ados a la medida de los compradores de Texas.<\/li>\n\n\n\n<li><strong>Prevenci\u00f3n de p\u00e9rdidas y reducci\u00f3n de mermas<\/strong> \u2013 Proteja sus ganancias con herramientas de seguridad avanzadas que abordan los desaf\u00edos a los que se enfrentan los comerciantes y minoristas de Texas, desde el robo hasta el fraude.<\/li>\n\n\n\n<li><strong>Administraci\u00f3n, informes y gesti\u00f3n de inventario<\/strong> \u2013 Obtenga control sobre sus operaciones con herramientas que simplifican la programaci\u00f3n, los pedidos y el seguimiento de datos en tiempo real.<\/li>\n\n\n\n<li><strong>Soluciones minoristas omnicanal<\/strong> \u2013 Unificar las ventas en tienda con la recogida en la acera, la entrega a domicilio y las compras en l\u00ednea para satisfacer las expectativas de los consumidores actuales de Texas.<\/li>\n\n\n\n<li><strong>An\u00e1lisis minorista e inteligencia empresarial<\/strong> \u2013 Utilice informaci\u00f3n \u00fatil para pronosticar la demanda, reducir el desperdicio y tomar decisiones comerciales m\u00e1s inteligentes.<\/li>\n<\/ul>\n<\/div>\n<\/div>\n\n\n\n<div class=\"block-inline-cta wpx-custom-block\" id=\"acf-inline-cta3883\">\n\n\t<div class=\"inline-cta-inner\">\n\t\t\n\t\t<h3 class=\"inline-cta-title\">\u00bfListo para convertirse en un minorista \u00e1gil?<\/h3>\t\t<p>Los comerciantes y minoristas de Texas necesitan la tecnolog\u00eda adecuada para su negocio \u00fanico. Combine POS, autopago, fidelizaci\u00f3n, prevenci\u00f3n de p\u00e9rdidas y mucho m\u00e1s en un solo sistema integrado. Dise\u00f1emos una soluci\u00f3n que crezca con su negocio y le mantenga a la vanguardia del cambio.<\/p>\n\t\t\t\t\t<div class=\"button-group\">\n\t\t\t\t<a href=\"https:\/\/ravyx.com\/es\/agile-grocer-ebook\/\" target=\"_blank\" class=\"wpx-button\">M\u00e1s informaci\u00f3n<\/a>\n\t\t\t<\/div>\n\t\t\n\t<\/div>\n\n<\/div>","protected":false},"excerpt":{"rendered":"<p>Retail Technology and POS Solutions We have expanded to Texas to better serve the state\u2019s ever-growing retail market. From independent grocers to enterprise chains, convenience stores, liquor retailers, and more, we deliver Texas grocers and retailers with custom POS and retail technology solutions designed to reduce costs, improve operations, and enhance customer experiences. Across Texas, [&hellip;]<\/p>\n","protected":false},"author":13,"featured_media":0,"parent":596,"menu_order":7,"comment_status":"closed","ping_status":"closed","template":"","meta":{"_acf_changed":true,"footnotes":""},"class_list":["post-3934","page","type-page","status-publish","hentry"],"acf":[],"yoast_head":"<!-- This site is optimized with the Yoast SEO plugin v27.5 - https:\/\/yoast.com\/product\/yoast-seo-wordpress\/ -->\n<title>Texas Grocers and Retailers Expansion | Ravyx<\/title>\n<meta name=\"description\" content=\"Attention Texas grocers and retailers! Explore how Ravyx can optimize your operations and customer experiences with custom technology.\" \/>\n<meta name=\"robots\" content=\"index, follow, max-snippet:-1, max-image-preview:large, max-video-preview:-1\" \/>\n<link rel=\"canonical\" href=\"https:\/\/ravyx.com\/es\/contact-us\/texas-grocers-and-retailers\/\" \/>\n<meta property=\"og:locale\" content=\"es_ES\" \/>\n<meta property=\"og:type\" content=\"article\" \/>\n<meta property=\"og:title\" content=\"Texas Grocers and Retailers Expansion | Ravyx\" \/>\n<meta property=\"og:description\" content=\"Attention Texas grocers and retailers! Explore how Ravyx can optimize your operations and customer experiences with custom technology.\" \/>\n<meta property=\"og:url\" content=\"https:\/\/ravyx.com\/es\/contact-us\/texas-grocers-and-retailers\/\" \/>\n<meta property=\"og:site_name\" content=\"Ravyx\" \/>\n<meta property=\"article:publisher\" content=\"https:\/\/www.facebook.com\/stcrpos\" \/>\n<meta property=\"article:modified_time\" content=\"2025-11-06T14:10:32+00:00\" \/>\n<meta property=\"og:image\" content=\"https:\/\/ravyx.com\/wp-content\/uploads\/2025\/09\/TX-Grocery-and-Retail-POS.png\" \/>\n\t<meta property=\"og:image:width\" content=\"700\" \/>\n\t<meta property=\"og:image:height\" content=\"500\" \/>\n\t<meta property=\"og:image:type\" content=\"image\/png\" \/>\n<meta name=\"twitter:card\" content=\"summary_large_image\" \/>\n<meta name=\"twitter:site\" content=\"@stcrpos\" \/>\n<meta name=\"twitter:label1\" content=\"Est. reading time\" \/>\n\t<meta name=\"twitter:data1\" content=\"2 minutos\" \/>\n<script type=\"application\/ld+json\" class=\"yoast-schema-graph\">{\"@context\":\"https:\\\/\\\/schema.org\",\"@graph\":[{\"@type\":\"WebPage\",\"@id\":\"https:\\\/\\\/ravyx.com\\\/contact-us\\\/texas-grocers-and-retailers\\\/\",\"url\":\"https:\\\/\\\/ravyx.com\\\/contact-us\\\/texas-grocers-and-retailers\\\/\",\"name\":\"Texas Grocers and Retailers Expansion | Ravyx\",\"isPartOf\":{\"@id\":\"https:\\\/\\\/ravyx.com\\\/#website\"},\"primaryImageOfPage\":{\"@id\":\"https:\\\/\\\/ravyx.com\\\/contact-us\\\/texas-grocers-and-retailers\\\/#primaryimage\"},\"image\":{\"@id\":\"https:\\\/\\\/ravyx.com\\\/contact-us\\\/texas-grocers-and-retailers\\\/#primaryimage\"},\"thumbnailUrl\":\"https:\\\/\\\/ravyx.com\\\/wp-content\\\/uploads\\\/2025\\\/09\\\/TX-Grocery-and-Retail-POS.png\",\"datePublished\":\"2025-09-02T20:49:20+00:00\",\"dateModified\":\"2025-11-06T14:10:32+00:00\",\"description\":\"Attention Texas grocers and retailers! Explore how Ravyx can optimize your operations and customer experiences with custom technology.\",\"breadcrumb\":{\"@id\":\"https:\\\/\\\/ravyx.com\\\/contact-us\\\/texas-grocers-and-retailers\\\/#breadcrumb\"},\"inLanguage\":\"es-DO\",\"potentialAction\":[{\"@type\":\"ReadAction\",\"target\":[\"https:\\\/\\\/ravyx.com\\\/contact-us\\\/texas-grocers-and-retailers\\\/\"]}]},{\"@type\":\"ImageObject\",\"inLanguage\":\"es-DO\",\"@id\":\"https:\\\/\\\/ravyx.com\\\/contact-us\\\/texas-grocers-and-retailers\\\/#primaryimage\",\"url\":\"https:\\\/\\\/ravyx.com\\\/wp-content\\\/uploads\\\/2025\\\/09\\\/TX-Grocery-and-Retail-POS.png\",\"contentUrl\":\"https:\\\/\\\/ravyx.com\\\/wp-content\\\/uploads\\\/2025\\\/09\\\/TX-Grocery-and-Retail-POS.png\"},{\"@type\":\"BreadcrumbList\",\"@id\":\"https:\\\/\\\/ravyx.com\\\/contact-us\\\/texas-grocers-and-retailers\\\/#breadcrumb\",\"itemListElement\":[{\"@type\":\"ListItem\",\"position\":1,\"name\":\"Home\",\"item\":\"https:\\\/\\\/ravyx.com\\\/\"},{\"@type\":\"ListItem\",\"position\":2,\"name\":\"Contact Us\",\"item\":\"https:\\\/\\\/ravyx.com\\\/contact-us\\\/\"},{\"@type\":\"ListItem\",\"position\":3,\"name\":\"Expanding to Texas Grocers and Retailers\"}]},{\"@type\":\"WebSite\",\"@id\":\"https:\\\/\\\/ravyx.com\\\/#website\",\"url\":\"https:\\\/\\\/ravyx.com\\\/\",\"name\":\"Ravyx\",\"description\":\"Proven Grocery Technologies\",\"publisher\":{\"@id\":\"https:\\\/\\\/ravyx.com\\\/#organization\"},\"potentialAction\":[{\"@type\":\"SearchAction\",\"target\":{\"@type\":\"EntryPoint\",\"urlTemplate\":\"https:\\\/\\\/ravyx.com\\\/?s={search_term_string}\"},\"query-input\":{\"@type\":\"PropertyValueSpecification\",\"valueRequired\":true,\"valueName\":\"search_term_string\"}}],\"inLanguage\":\"es-DO\"},{\"@type\":\"Organization\",\"@id\":\"https:\\\/\\\/ravyx.com\\\/#organization\",\"name\":\"Ravyx\",\"url\":\"https:\\\/\\\/ravyx.com\\\/\",\"logo\":{\"@type\":\"ImageObject\",\"inLanguage\":\"es-DO\",\"@id\":\"https:\\\/\\\/ravyx.com\\\/#\\\/schema\\\/logo\\\/image\\\/\",\"url\":\"https:\\\/\\\/ravyx.com\\\/wp-content\\\/uploads\\\/2023\\\/09\\\/generic-brand-1.jpg\",\"contentUrl\":\"https:\\\/\\\/ravyx.com\\\/wp-content\\\/uploads\\\/2023\\\/09\\\/generic-brand-1.jpg\",\"width\":1200,\"height\":1200,\"caption\":\"Ravyx\"},\"image\":{\"@id\":\"https:\\\/\\\/ravyx.com\\\/#\\\/schema\\\/logo\\\/image\\\/\"},\"sameAs\":[\"https:\\\/\\\/www.facebook.com\\\/stcrpos\",\"https:\\\/\\\/x.com\\\/stcrpos\",\"https:\\\/\\\/www.linkedin.com\\\/company\\\/stcr\\\/\",\"https:\\\/\\\/www.youtube.com\\\/channel\\\/UCSWcsJARYjaQnz0T5o4p9DQ\"]}]}<\/script>\n<!-- \/ Yoast SEO plugin. -->","yoast_head_json":{"title":"Texas Grocers and Retailers Expansion | Ravyx","description":"Attention Texas grocers and retailers! Explore how Ravyx can optimize your operations and customer experiences with custom technology.","robots":{"index":"index","follow":"follow","max-snippet":"max-snippet:-1","max-image-preview":"max-image-preview:large","max-video-preview":"max-video-preview:-1"},"canonical":"https:\/\/ravyx.com\/es\/contact-us\/texas-grocers-and-retailers\/","og_locale":"es_ES","og_type":"article","og_title":"Texas Grocers and Retailers Expansion | Ravyx","og_description":"Attention Texas grocers and retailers! Explore how Ravyx can optimize your operations and customer experiences with custom technology.","og_url":"https:\/\/ravyx.com\/es\/contact-us\/texas-grocers-and-retailers\/","og_site_name":"Ravyx","article_publisher":"https:\/\/www.facebook.com\/stcrpos","article_modified_time":"2025-11-06T14:10:32+00:00","og_image":[{"width":700,"height":500,"url":"https:\/\/ravyx.com\/wp-content\/uploads\/2025\/09\/TX-Grocery-and-Retail-POS.png","type":"image\/png"}],"twitter_card":"summary_large_image","twitter_site":"@stcrpos","twitter_misc":{"Est. reading time":"2 minutos"},"schema":{"@context":"https:\/\/schema.org","@graph":[{"@type":"WebPage","@id":"https:\/\/ravyx.com\/contact-us\/texas-grocers-and-retailers\/","url":"https:\/\/ravyx.com\/contact-us\/texas-grocers-and-retailers\/","name":"Texas Grocers and Retailers Expansion | Ravyx","isPartOf":{"@id":"https:\/\/ravyx.com\/#website"},"primaryImageOfPage":{"@id":"https:\/\/ravyx.com\/contact-us\/texas-grocers-and-retailers\/#primaryimage"},"image":{"@id":"https:\/\/ravyx.com\/contact-us\/texas-grocers-and-retailers\/#primaryimage"},"thumbnailUrl":"https:\/\/ravyx.com\/wp-content\/uploads\/2025\/09\/TX-Grocery-and-Retail-POS.png","datePublished":"2025-09-02T20:49:20+00:00","dateModified":"2025-11-06T14:10:32+00:00","description":"Attention Texas grocers and retailers! Explore how Ravyx can optimize your operations and customer experiences with custom technology.","breadcrumb":{"@id":"https:\/\/ravyx.com\/contact-us\/texas-grocers-and-retailers\/#breadcrumb"},"inLanguage":"es-DO","potentialAction":[{"@type":"ReadAction","target":["https:\/\/ravyx.com\/contact-us\/texas-grocers-and-retailers\/"]}]},{"@type":"ImageObject","inLanguage":"es-DO","@id":"https:\/\/ravyx.com\/contact-us\/texas-grocers-and-retailers\/#primaryimage","url":"https:\/\/ravyx.com\/wp-content\/uploads\/2025\/09\/TX-Grocery-and-Retail-POS.png","contentUrl":"https:\/\/ravyx.com\/wp-content\/uploads\/2025\/09\/TX-Grocery-and-Retail-POS.png"},{"@type":"BreadcrumbList","@id":"https:\/\/ravyx.com\/contact-us\/texas-grocers-and-retailers\/#breadcrumb","itemListElement":[{"@type":"ListItem","position":1,"name":"Home","item":"https:\/\/ravyx.com\/"},{"@type":"ListItem","position":2,"name":"Contact Us","item":"https:\/\/ravyx.com\/contact-us\/"},{"@type":"ListItem","position":3,"name":"Expanding to Texas Grocers and Retailers"}]},{"@type":"WebSite","@id":"https:\/\/ravyx.com\/#website","url":"https:\/\/ravyx.com\/","name":"Ravyx","description":"Proven Grocery Technologies","publisher":{"@id":"https:\/\/ravyx.com\/#organization"},"potentialAction":[{"@type":"SearchAction","target":{"@type":"EntryPoint","urlTemplate":"https:\/\/ravyx.com\/?s={search_term_string}"},"query-input":{"@type":"PropertyValueSpecification","valueRequired":true,"valueName":"search_term_string"}}],"inLanguage":"es-DO"},{"@type":"Organization","@id":"https:\/\/ravyx.com\/#organization","name":"Ravyx","url":"https:\/\/ravyx.com\/","logo":{"@type":"ImageObject","inLanguage":"es-DO","@id":"https:\/\/ravyx.com\/#\/schema\/logo\/image\/","url":"https:\/\/ravyx.com\/wp-content\/uploads\/2023\/09\/generic-brand-1.jpg","contentUrl":"https:\/\/ravyx.com\/wp-content\/uploads\/2023\/09\/generic-brand-1.jpg","width":1200,"height":1200,"caption":"Ravyx"},"image":{"@id":"https:\/\/ravyx.com\/#\/schema\/logo\/image\/"},"sameAs":["https:\/\/www.facebook.com\/stcrpos","https:\/\/x.com\/stcrpos","https:\/\/www.linkedin.com\/company\/stcr\/","https:\/\/www.youtube.com\/channel\/UCSWcsJARYjaQnz0T5o4p9DQ"]}]}},"_links":{"self":[{"href":"https:\/\/ravyx.com\/es\/wp-json\/wp\/v2\/pages\/3934","targetHints":{"allow":["GET"]}}],"collection":[{"href":"https:\/\/ravyx.com\/es\/wp-json\/wp\/v2\/pages"}],"about":[{"href":"https:\/\/ravyx.com\/es\/wp-json\/wp\/v2\/types\/page"}],"author":[{"embeddable":true,"href":"https:\/\/ravyx.com\/es\/wp-json\/wp\/v2\/users\/13"}],"replies":[{"embeddable":true,"href":"https:\/\/ravyx.com\/es\/wp-json\/wp\/v2\/comments?post=3934"}],"version-history":[{"count":0,"href":"https:\/\/ravyx.com\/es\/wp-json\/wp\/v2\/pages\/3934\/revisions"}],"up":[{"embeddable":true,"href":"https:\/\/ravyx.com\/es\/wp-json\/wp\/v2\/pages\/596"}],"wp:attachment":[{"href":"https:\/\/ravyx.com\/es\/wp-json\/wp\/v2\/media?parent=3934"}],"curies":[{"name":"wp","href":"https:\/\/api.w.org\/{rel}","templated":true}]}}