{"id":3922,"date":"2025-08-29T10:55:24","date_gmt":"2025-08-29T14:55:24","guid":{"rendered":"https:\/\/ravyx.com\/?page_id=3922"},"modified":"2025-09-18T14:15:29","modified_gmt":"2025-09-18T18:15:29","slug":"technology-for-ethnic-specialty-grocery-stores","status":"publish","type":"page","link":"https:\/\/ravyx.com\/es\/solutions\/technology-for-ethnic-specialty-grocery-stores\/","title":{"rendered":"Tecnolog\u00eda para tiendas de comestibles \u00e9tnicas y especializadas"},"content":{"rendered":"<h2 class=\"wp-block-heading has-text-align-center\">Ayudamos a las tiendas de comestibles \u00e9tnicas a ofrecer experiencias de compra aut\u00e9nticas, eficientes y modernas.<\/h2>\n\n\n\n<p>Una tienda de comestibles \u00e9tnica o especializada hace mucho m\u00e1s que vender alimentos: conecta a las comunidades con su cultura, sus tradiciones y su identidad. Estas tiendas prosperan gracias a su surtido \u00fanico de productos y su servicio personalizado, pero tambi\u00e9n se enfrentan a retos como la complejidad del inventario, la gesti\u00f3n del espacio y la competencia con las grandes cadenas.<\/p>\n\n\n\n<p>Ofrecemos tecnolog\u00eda especializada para tiendas de comestibles dise\u00f1ada para ayudar a los comerciantes \u00e9tnicos a optimizar sus operaciones, reducir las p\u00e9rdidas y fortalecer la lealtad de los clientes, al tiempo que se preserva la autenticidad. Nuestras soluciones para tiendas de comestibles \u00e9tnicas equilibran la eficiencia moderna con la conexi\u00f3n cultural.<\/p>\n\n\n\n<div class=\"wp-block-columns is-layout-flex wp-container-core-columns-is-layout-9d6595d7 wp-block-columns-is-layout-flex\">\n<div class=\"wp-block-column is-layout-flow wp-block-column-is-layout-flow\">\n<h2 class=\"wp-block-heading\">\u00bfQu\u00e9? <strong>Desaf\u00edos<\/strong> \u00bfTiendas de comestibles especializadas y \u00e9tnicas?<\/h2>\n\n\n\n<ul class=\"wp-block-list\">\n<li><strong>Inventario especializado:<\/strong> Gesti\u00f3n de productos \u00fanicos, importados o dif\u00edciles de conseguir.<\/li>\n\n\n\n<li><strong>Necesidades diversas de los clientes:<\/strong> Atendemos a comunidades multiling\u00fces con diferentes preferencias de compra.<\/li>\n\n\n\n<li><strong>Presi\u00f3n competitiva:<\/strong> Competir con los minoristas convencionales que est\u00e1n incorporando secciones internacionales.<\/li>\n\n\n\n<li><strong>Eficiencia operativa:<\/strong> Mantener precios justos mientras se gestionan cadenas de suministro complejas.<\/li>\n\n\n\n<li><strong>Lealtad del cliente:<\/strong> Generar confianza a largo plazo y visitas recurrentes a trav\u00e9s de una interacci\u00f3n personalizada.<\/li>\n<\/ul>\n\n\n\n<div class=\"wp-block-buttons is-content-justification-center is-layout-flex wp-container-core-buttons-is-layout-16018d1d wp-block-buttons-is-layout-flex\">\n<div class=\"wp-block-button\"><a class=\"wp-block-button__link wp-element-button\" href=\"https:\/\/ravyx.com\/es\/contact-us\/\" style=\"border-radius:0px\">Encuentre una mejor soluci\u00f3n<\/a><\/div>\n<\/div>\n<\/div>\n\n\n\n<div class=\"wp-block-column is-layout-flow wp-block-column-is-layout-flow\"><div class=\"wp-block-image\">\n<figure class=\"alignleft size-full\"><img loading=\"lazy\" decoding=\"async\" width=\"940\" height=\"788\" src=\"https:\/\/ravyx.com\/wp-content\/uploads\/2025\/08\/15.png\" alt=\"\" class=\"wp-image-3923\" srcset=\"https:\/\/ravyx.com\/wp-content\/uploads\/2025\/08\/15.png 940w, https:\/\/ravyx.com\/wp-content\/uploads\/2025\/08\/15-300x251.png 300w, https:\/\/ravyx.com\/wp-content\/uploads\/2025\/08\/15-768x644.png 768w, https:\/\/ravyx.com\/wp-content\/uploads\/2025\/08\/15-14x12.png 14w\" sizes=\"auto, (max-width: 940px) 100vw, 940px\" \/><\/figure>\n<\/div><\/div>\n<\/div>\n\n\n\n<div class=\"block-inline-cta wpx-custom-block\" id=\"acf-inline-cta1900\">\n\n\t<div class=\"inline-cta-inner\">\n\t\t\n\t\t<h3 class=\"inline-cta-title\">\u201cDespu\u00e9s de alejarnos por un tiempo, r\u00e1pidamente nos dimos cuenta de lo mucho que valor\u00e1bamos el servicio y el apoyo de Ravyx (antes STCR). Su equipo siempre est\u00e1 disponible, es proactivo y atento, listo para contestar el tel\u00e9fono y ofrecer soluciones reales. Siempre nos ofrecen lo \u00faltimo en tecnolog\u00eda, y estamos muy contentos de volver a contar con un socio que realmente entiende nuestras necesidades\u201d.\u201d<\/h3>\t\t<p>\u2014 Omar Rodr\u00edguez, A Seabra<\/p>\n\t\t\n\t<\/div>\n\n<\/div>\n\n\n<h2 class=\"wp-block-heading has-text-align-center\"><strong>Soluciones tecnol\u00f3gicas para tiendas de comestibles especializadas<\/strong><\/h2>\n\n\n\n<div class=\"wp-block-columns is-layout-flex wp-container-core-columns-is-layout-9d6595d7 wp-block-columns-is-layout-flex\">\n<div class=\"wp-block-column is-layout-flow wp-block-column-is-layout-flow\"><div class=\"wp-block-image\">\n<figure class=\"aligncenter size-full is-resized\"><img loading=\"lazy\" decoding=\"async\" width=\"940\" height=\"788\" src=\"https:\/\/ravyx.com\/wp-content\/uploads\/2025\/08\/POS.png\" alt=\"\" class=\"wp-image-3904\" style=\"aspect-ratio:1;object-fit:cover;width:150px\" srcset=\"https:\/\/ravyx.com\/wp-content\/uploads\/2025\/08\/POS.png 940w, https:\/\/ravyx.com\/wp-content\/uploads\/2025\/08\/POS-300x251.png 300w, https:\/\/ravyx.com\/wp-content\/uploads\/2025\/08\/POS-768x644.png 768w, https:\/\/ravyx.com\/wp-content\/uploads\/2025\/08\/POS-14x12.png 14w\" sizes=\"auto, (max-width: 940px) 100vw, 940px\" \/><\/figure>\n<\/div>\n\n\n<h3 class=\"wp-block-heading has-text-align-center\">Interfaz de usuario<\/h3>\n\n\n\n<p>Punto de venta adaptado a las tiendas de comestibles \u00e9tnicas con interfaces r\u00e1pidas, f\u00e1ciles de usar y multiling\u00fces.<\/p>\n<\/div>\n\n\n\n<div class=\"wp-block-column is-layout-flow wp-block-column-is-layout-flow\"><div class=\"wp-block-image\">\n<figure class=\"aligncenter size-full is-resized\"><img loading=\"lazy\" decoding=\"async\" width=\"940\" height=\"788\" src=\"https:\/\/ravyx.com\/wp-content\/uploads\/2025\/08\/Back-Office.png\" alt=\"\" class=\"wp-image-3905\" style=\"aspect-ratio:1;object-fit:cover;width:150px\" srcset=\"https:\/\/ravyx.com\/wp-content\/uploads\/2025\/08\/Back-Office.png 940w, https:\/\/ravyx.com\/wp-content\/uploads\/2025\/08\/Back-Office-300x251.png 300w, https:\/\/ravyx.com\/wp-content\/uploads\/2025\/08\/Back-Office-768x644.png 768w, https:\/\/ravyx.com\/wp-content\/uploads\/2025\/08\/Back-Office-14x12.png 14w\" sizes=\"auto, (max-width: 940px) 100vw, 940px\" \/><\/figure>\n<\/div>\n\n\n<h3 class=\"wp-block-heading has-text-align-center\">Oficina administrativa<\/h3>\n\n\n\n<p>Informes financieros centralizados y an\u00e1lisis de datos para realizar un seguimiento del rendimiento de las tiendas.<\/p>\n<\/div>\n\n\n\n<div class=\"wp-block-column is-layout-flow wp-block-column-is-layout-flow\"><div class=\"wp-block-image\">\n<figure class=\"aligncenter size-full is-resized\"><img loading=\"lazy\" decoding=\"async\" width=\"94\" height=\"98\" src=\"https:\/\/ravyx.com\/wp-content\/uploads\/2025\/05\/expert-customer-service-3.svg\" alt=\"\" class=\"wp-image-3548\" style=\"aspect-ratio:1;object-fit:cover;width:150px\"\/><\/figure>\n<\/div>\n\n\n<h3 class=\"wp-block-heading has-text-align-center\">Omnicanal<\/h3>\n\n\n\n<p>Soporte para pedidos en l\u00ednea y pago flexible para satisfacer las necesidades cambiantes de los compradores.<\/p>\n<\/div>\n<\/div>\n\n\n\n<div class=\"wp-block-columns is-layout-flex wp-container-core-columns-is-layout-9d6595d7 wp-block-columns-is-layout-flex\">\n<div class=\"wp-block-column is-layout-flow wp-block-column-is-layout-flow\"><div class=\"wp-block-image\">\n<figure class=\"aligncenter size-full is-resized\"><img loading=\"lazy\" decoding=\"async\" width=\"940\" height=\"788\" src=\"https:\/\/ravyx.com\/wp-content\/uploads\/2025\/08\/Inventory-management-1.png\" alt=\"\" class=\"wp-image-3907\" style=\"aspect-ratio:1;object-fit:cover;width:150px\" srcset=\"https:\/\/ravyx.com\/wp-content\/uploads\/2025\/08\/Inventory-management-1.png 940w, https:\/\/ravyx.com\/wp-content\/uploads\/2025\/08\/Inventory-management-1-300x251.png 300w, https:\/\/ravyx.com\/wp-content\/uploads\/2025\/08\/Inventory-management-1-768x644.png 768w, https:\/\/ravyx.com\/wp-content\/uploads\/2025\/08\/Inventory-management-1-14x12.png 14w\" sizes=\"auto, (max-width: 940px) 100vw, 940px\" \/><\/figure>\n<\/div>\n\n\n<h3 class=\"wp-block-heading has-text-align-center\">Gesti\u00f3n de inventario<\/h3>\n\n\n\n<p>Herramientas m\u00e1s inteligentes para gestionar surtidos \u00fanicos, productos importados y art\u00edculos favoritos de gran rotaci\u00f3n.<\/p>\n<\/div>\n\n\n\n<div class=\"wp-block-column is-layout-flow wp-block-column-is-layout-flow\"><div class=\"wp-block-image\">\n<figure class=\"aligncenter size-full is-resized\"><img loading=\"lazy\" decoding=\"async\" width=\"940\" height=\"788\" src=\"https:\/\/ravyx.com\/wp-content\/uploads\/2025\/08\/9.png\" alt=\"Loyalty\" class=\"wp-image-3930\" style=\"aspect-ratio:1;object-fit:cover;width:150px\" srcset=\"https:\/\/ravyx.com\/wp-content\/uploads\/2025\/08\/9.png 940w, https:\/\/ravyx.com\/wp-content\/uploads\/2025\/08\/9-300x251.png 300w, https:\/\/ravyx.com\/wp-content\/uploads\/2025\/08\/9-768x644.png 768w, https:\/\/ravyx.com\/wp-content\/uploads\/2025\/08\/9-14x12.png 14w\" sizes=\"auto, (max-width: 940px) 100vw, 940px\" \/><\/figure>\n<\/div>\n\n\n<h3 class=\"wp-block-heading has-text-align-center\">Lealtad y promociones<\/h3>\n\n\n\n<p>Establezca v\u00ednculos m\u00e1s s\u00f3lidos con recompensas, descuentos y promociones dise\u00f1adas para sus compradores.<\/p>\n<\/div>\n\n\n\n<div class=\"wp-block-column is-layout-flow wp-block-column-is-layout-flow\"><div class=\"wp-block-image\">\n<figure class=\"aligncenter size-full is-resized\"><img loading=\"lazy\" decoding=\"async\" width=\"940\" height=\"788\" src=\"https:\/\/ravyx.com\/wp-content\/uploads\/2025\/08\/Value-Added-Services.png\" alt=\"\" class=\"wp-image-3910\" style=\"aspect-ratio:1;object-fit:cover;width:150px\" srcset=\"https:\/\/ravyx.com\/wp-content\/uploads\/2025\/08\/Value-Added-Services.png 940w, https:\/\/ravyx.com\/wp-content\/uploads\/2025\/08\/Value-Added-Services-300x251.png 300w, https:\/\/ravyx.com\/wp-content\/uploads\/2025\/08\/Value-Added-Services-768x644.png 768w, https:\/\/ravyx.com\/wp-content\/uploads\/2025\/08\/Value-Added-Services-14x12.png 14w\" sizes=\"auto, (max-width: 940px) 100vw, 940px\" \/><\/figure>\n<\/div>\n\n\n<h3 class=\"wp-block-heading has-text-align-center\">Servicios de valor agregado<\/h3>\n\n\n\n<p>Servicios gestionados de TI, seguridad y protecci\u00f3n de datos para reducir el riesgo y la complejidad.<\/p>\n<\/div>\n<\/div>\n\n\n\n<div class=\"block-inline-cta wpx-custom-block\" id=\"acf-inline-cta4722\">\n\n\t<div class=\"inline-cta-inner\">\n\t\t\n\t\t<h3 class=\"inline-cta-title\">Por qu\u00e9 las tiendas de comestibles especializadas eligen Ravyx<\/h3>\t\t<p>Ofrecemos tecnolog\u00eda especializada para tiendas de comestibles, dise\u00f1ada para respaldar la autenticidad cultural y la eficiencia moderna. Desde puntos de venta y inventario hasta programas de fidelizaci\u00f3n y capacidades omnicanal, nuestras soluciones para tiendas de comestibles \u00e9tnicas le ayudan a atender a su comunidad con confianza. \u00bfEst\u00e1 listo para modernizar su tienda de comestibles \u00e9tnicos?<\/p>\n\t\t\t\t\t<div class=\"button-group\">\n\t\t\t\t<a href=\"https:\/\/ravyx.com\/es\/contact-us\/\" target=\"\" class=\"wpx-button\">Cont\u00e1ctenos<\/a>\n\t\t\t<\/div>\n\t\t\n\t<\/div>\n\n<\/div>","protected":false},"excerpt":{"rendered":"<p>Helping Ethnic Grocery Stores Deliver Authentic, Efficient, and Modern Shopping Experiences An ethnic grocery store or specialty grocery store does more than sell food \u2014 it connects communities to culture, tradition, and identity. These stores thrive on unique product assortments and personalized service, but they also face challenges with inventory complexity, space management, and competing [&hellip;]<\/p>\n","protected":false},"author":13,"featured_media":0,"parent":587,"menu_order":1,"comment_status":"closed","ping_status":"closed","template":"","meta":{"_acf_changed":true,"footnotes":""},"class_list":["post-3922","page","type-page","status-publish","hentry"],"acf":[],"yoast_head":"<!-- This site is optimized with the Yoast SEO plugin v27.5 - https:\/\/yoast.com\/product\/yoast-seo-wordpress\/ -->\n<title>Specialty and Ethnic Grocery Store Technology | Ravyx<\/title>\n<meta name=\"description\" content=\"Discover technology for specialty and ethnic grocery stores. Our solutions streamline operations while supporting cultural authenticity.\" \/>\n<meta name=\"robots\" content=\"index, follow, max-snippet:-1, max-image-preview:large, max-video-preview:-1\" \/>\n<link rel=\"canonical\" href=\"https:\/\/ravyx.com\/es\/solutions\/technology-for-ethnic-specialty-grocery-stores\/\" \/>\n<meta property=\"og:locale\" content=\"es_ES\" \/>\n<meta property=\"og:type\" content=\"article\" \/>\n<meta property=\"og:title\" content=\"Specialty and Ethnic Grocery Store Technology | Ravyx\" \/>\n<meta property=\"og:description\" content=\"Discover technology for specialty and ethnic grocery stores. Our solutions streamline operations while supporting cultural authenticity.\" \/>\n<meta property=\"og:url\" content=\"https:\/\/ravyx.com\/es\/solutions\/technology-for-ethnic-specialty-grocery-stores\/\" \/>\n<meta property=\"og:site_name\" content=\"Ravyx\" \/>\n<meta property=\"article:publisher\" content=\"https:\/\/www.facebook.com\/stcrpos\" \/>\n<meta property=\"article:modified_time\" content=\"2025-09-18T18:15:29+00:00\" \/>\n<meta property=\"og:image\" content=\"https:\/\/ravyx.com\/wp-content\/uploads\/2025\/08\/15.png\" \/>\n<meta name=\"twitter:card\" content=\"summary_large_image\" \/>\n<meta name=\"twitter:site\" content=\"@stcrpos\" \/>\n<meta name=\"twitter:label1\" content=\"Est. reading time\" \/>\n\t<meta name=\"twitter:data1\" content=\"3 minutos\" \/>\n<script type=\"application\/ld+json\" class=\"yoast-schema-graph\">{\"@context\":\"https:\\\/\\\/schema.org\",\"@graph\":[{\"@type\":\"WebPage\",\"@id\":\"https:\\\/\\\/ravyx.com\\\/solutions\\\/technology-for-ethnic-specialty-grocery-stores\\\/\",\"url\":\"https:\\\/\\\/ravyx.com\\\/solutions\\\/technology-for-ethnic-specialty-grocery-stores\\\/\",\"name\":\"Specialty and Ethnic Grocery Store Technology | Ravyx\",\"isPartOf\":{\"@id\":\"https:\\\/\\\/ravyx.com\\\/#website\"},\"primaryImageOfPage\":{\"@id\":\"https:\\\/\\\/ravyx.com\\\/solutions\\\/technology-for-ethnic-specialty-grocery-stores\\\/#primaryimage\"},\"image\":{\"@id\":\"https:\\\/\\\/ravyx.com\\\/solutions\\\/technology-for-ethnic-specialty-grocery-stores\\\/#primaryimage\"},\"thumbnailUrl\":\"https:\\\/\\\/ravyx.com\\\/wp-content\\\/uploads\\\/2025\\\/08\\\/15.png\",\"datePublished\":\"2025-08-29T14:55:24+00:00\",\"dateModified\":\"2025-09-18T18:15:29+00:00\",\"description\":\"Discover technology for specialty and ethnic grocery stores. Our solutions streamline operations while supporting cultural authenticity.\",\"breadcrumb\":{\"@id\":\"https:\\\/\\\/ravyx.com\\\/solutions\\\/technology-for-ethnic-specialty-grocery-stores\\\/#breadcrumb\"},\"inLanguage\":\"es-DO\",\"potentialAction\":[{\"@type\":\"ReadAction\",\"target\":[\"https:\\\/\\\/ravyx.com\\\/solutions\\\/technology-for-ethnic-specialty-grocery-stores\\\/\"]}]},{\"@type\":\"ImageObject\",\"inLanguage\":\"es-DO\",\"@id\":\"https:\\\/\\\/ravyx.com\\\/solutions\\\/technology-for-ethnic-specialty-grocery-stores\\\/#primaryimage\",\"url\":\"https:\\\/\\\/ravyx.com\\\/wp-content\\\/uploads\\\/2025\\\/08\\\/15.png\",\"contentUrl\":\"https:\\\/\\\/ravyx.com\\\/wp-content\\\/uploads\\\/2025\\\/08\\\/15.png\"},{\"@type\":\"BreadcrumbList\",\"@id\":\"https:\\\/\\\/ravyx.com\\\/solutions\\\/technology-for-ethnic-specialty-grocery-stores\\\/#breadcrumb\",\"itemListElement\":[{\"@type\":\"ListItem\",\"position\":1,\"name\":\"Home\",\"item\":\"https:\\\/\\\/ravyx.com\\\/\"},{\"@type\":\"ListItem\",\"position\":2,\"name\":\"Solutions\",\"item\":\"https:\\\/\\\/ravyx.com\\\/solutions\\\/\"},{\"@type\":\"ListItem\",\"position\":3,\"name\":\"Technology for Ethnic &amp; Specialty Grocery Stores\"}]},{\"@type\":\"WebSite\",\"@id\":\"https:\\\/\\\/ravyx.com\\\/#website\",\"url\":\"https:\\\/\\\/ravyx.com\\\/\",\"name\":\"Ravyx\",\"description\":\"Proven Grocery Technologies\",\"publisher\":{\"@id\":\"https:\\\/\\\/ravyx.com\\\/#organization\"},\"potentialAction\":[{\"@type\":\"SearchAction\",\"target\":{\"@type\":\"EntryPoint\",\"urlTemplate\":\"https:\\\/\\\/ravyx.com\\\/?s={search_term_string}\"},\"query-input\":{\"@type\":\"PropertyValueSpecification\",\"valueRequired\":true,\"valueName\":\"search_term_string\"}}],\"inLanguage\":\"es-DO\"},{\"@type\":\"Organization\",\"@id\":\"https:\\\/\\\/ravyx.com\\\/#organization\",\"name\":\"Ravyx\",\"url\":\"https:\\\/\\\/ravyx.com\\\/\",\"logo\":{\"@type\":\"ImageObject\",\"inLanguage\":\"es-DO\",\"@id\":\"https:\\\/\\\/ravyx.com\\\/#\\\/schema\\\/logo\\\/image\\\/\",\"url\":\"https:\\\/\\\/ravyx.com\\\/wp-content\\\/uploads\\\/2023\\\/09\\\/generic-brand-1.jpg\",\"contentUrl\":\"https:\\\/\\\/ravyx.com\\\/wp-content\\\/uploads\\\/2023\\\/09\\\/generic-brand-1.jpg\",\"width\":1200,\"height\":1200,\"caption\":\"Ravyx\"},\"image\":{\"@id\":\"https:\\\/\\\/ravyx.com\\\/#\\\/schema\\\/logo\\\/image\\\/\"},\"sameAs\":[\"https:\\\/\\\/www.facebook.com\\\/stcrpos\",\"https:\\\/\\\/x.com\\\/stcrpos\",\"https:\\\/\\\/www.linkedin.com\\\/company\\\/stcr\\\/\",\"https:\\\/\\\/www.youtube.com\\\/channel\\\/UCSWcsJARYjaQnz0T5o4p9DQ\"]}]}<\/script>\n<!-- \/ Yoast SEO plugin. -->","yoast_head_json":{"title":"Specialty and Ethnic Grocery Store Technology | Ravyx","description":"Discover technology for specialty and ethnic grocery stores. Our solutions streamline operations while supporting cultural authenticity.","robots":{"index":"index","follow":"follow","max-snippet":"max-snippet:-1","max-image-preview":"max-image-preview:large","max-video-preview":"max-video-preview:-1"},"canonical":"https:\/\/ravyx.com\/es\/solutions\/technology-for-ethnic-specialty-grocery-stores\/","og_locale":"es_ES","og_type":"article","og_title":"Specialty and Ethnic Grocery Store Technology | Ravyx","og_description":"Discover technology for specialty and ethnic grocery stores. Our solutions streamline operations while supporting cultural authenticity.","og_url":"https:\/\/ravyx.com\/es\/solutions\/technology-for-ethnic-specialty-grocery-stores\/","og_site_name":"Ravyx","article_publisher":"https:\/\/www.facebook.com\/stcrpos","article_modified_time":"2025-09-18T18:15:29+00:00","og_image":[{"url":"https:\/\/ravyx.com\/wp-content\/uploads\/2025\/08\/15.png","type":"","width":"","height":""}],"twitter_card":"summary_large_image","twitter_site":"@stcrpos","twitter_misc":{"Est. reading time":"3 minutos"},"schema":{"@context":"https:\/\/schema.org","@graph":[{"@type":"WebPage","@id":"https:\/\/ravyx.com\/solutions\/technology-for-ethnic-specialty-grocery-stores\/","url":"https:\/\/ravyx.com\/solutions\/technology-for-ethnic-specialty-grocery-stores\/","name":"Specialty and Ethnic Grocery Store Technology | Ravyx","isPartOf":{"@id":"https:\/\/ravyx.com\/#website"},"primaryImageOfPage":{"@id":"https:\/\/ravyx.com\/solutions\/technology-for-ethnic-specialty-grocery-stores\/#primaryimage"},"image":{"@id":"https:\/\/ravyx.com\/solutions\/technology-for-ethnic-specialty-grocery-stores\/#primaryimage"},"thumbnailUrl":"https:\/\/ravyx.com\/wp-content\/uploads\/2025\/08\/15.png","datePublished":"2025-08-29T14:55:24+00:00","dateModified":"2025-09-18T18:15:29+00:00","description":"Discover technology for specialty and ethnic grocery stores. Our solutions streamline operations while supporting cultural authenticity.","breadcrumb":{"@id":"https:\/\/ravyx.com\/solutions\/technology-for-ethnic-specialty-grocery-stores\/#breadcrumb"},"inLanguage":"es-DO","potentialAction":[{"@type":"ReadAction","target":["https:\/\/ravyx.com\/solutions\/technology-for-ethnic-specialty-grocery-stores\/"]}]},{"@type":"ImageObject","inLanguage":"es-DO","@id":"https:\/\/ravyx.com\/solutions\/technology-for-ethnic-specialty-grocery-stores\/#primaryimage","url":"https:\/\/ravyx.com\/wp-content\/uploads\/2025\/08\/15.png","contentUrl":"https:\/\/ravyx.com\/wp-content\/uploads\/2025\/08\/15.png"},{"@type":"BreadcrumbList","@id":"https:\/\/ravyx.com\/solutions\/technology-for-ethnic-specialty-grocery-stores\/#breadcrumb","itemListElement":[{"@type":"ListItem","position":1,"name":"Home","item":"https:\/\/ravyx.com\/"},{"@type":"ListItem","position":2,"name":"Solutions","item":"https:\/\/ravyx.com\/solutions\/"},{"@type":"ListItem","position":3,"name":"Technology for Ethnic &amp; Specialty Grocery Stores"}]},{"@type":"WebSite","@id":"https:\/\/ravyx.com\/#website","url":"https:\/\/ravyx.com\/","name":"Ravyx","description":"Proven Grocery Technologies","publisher":{"@id":"https:\/\/ravyx.com\/#organization"},"potentialAction":[{"@type":"SearchAction","target":{"@type":"EntryPoint","urlTemplate":"https:\/\/ravyx.com\/?s={search_term_string}"},"query-input":{"@type":"PropertyValueSpecification","valueRequired":true,"valueName":"search_term_string"}}],"inLanguage":"es-DO"},{"@type":"Organization","@id":"https:\/\/ravyx.com\/#organization","name":"Ravyx","url":"https:\/\/ravyx.com\/","logo":{"@type":"ImageObject","inLanguage":"es-DO","@id":"https:\/\/ravyx.com\/#\/schema\/logo\/image\/","url":"https:\/\/ravyx.com\/wp-content\/uploads\/2023\/09\/generic-brand-1.jpg","contentUrl":"https:\/\/ravyx.com\/wp-content\/uploads\/2023\/09\/generic-brand-1.jpg","width":1200,"height":1200,"caption":"Ravyx"},"image":{"@id":"https:\/\/ravyx.com\/#\/schema\/logo\/image\/"},"sameAs":["https:\/\/www.facebook.com\/stcrpos","https:\/\/x.com\/stcrpos","https:\/\/www.linkedin.com\/company\/stcr\/","https:\/\/www.youtube.com\/channel\/UCSWcsJARYjaQnz0T5o4p9DQ"]}]}},"_links":{"self":[{"href":"https:\/\/ravyx.com\/es\/wp-json\/wp\/v2\/pages\/3922","targetHints":{"allow":["GET"]}}],"collection":[{"href":"https:\/\/ravyx.com\/es\/wp-json\/wp\/v2\/pages"}],"about":[{"href":"https:\/\/ravyx.com\/es\/wp-json\/wp\/v2\/types\/page"}],"author":[{"embeddable":true,"href":"https:\/\/ravyx.com\/es\/wp-json\/wp\/v2\/users\/13"}],"replies":[{"embeddable":true,"href":"https:\/\/ravyx.com\/es\/wp-json\/wp\/v2\/comments?post=3922"}],"version-history":[{"count":0,"href":"https:\/\/ravyx.com\/es\/wp-json\/wp\/v2\/pages\/3922\/revisions"}],"up":[{"embeddable":true,"href":"https:\/\/ravyx.com\/es\/wp-json\/wp\/v2\/pages\/587"}],"wp:attachment":[{"href":"https:\/\/ravyx.com\/es\/wp-json\/wp\/v2\/media?parent=3922"}],"curies":[{"name":"wp","href":"https:\/\/api.w.org\/{rel}","templated":true}]}}