{"id":3916,"date":"2025-08-29T10:08:24","date_gmt":"2025-08-29T14:08:24","guid":{"rendered":"https:\/\/ravyx.com\/?page_id=3916"},"modified":"2025-08-29T10:08:24","modified_gmt":"2025-08-29T14:08:24","slug":"technology-solutions-for-co-op-grocery-store","status":"publish","type":"page","link":"https:\/\/ravyx.com\/es\/solutions\/technology-solutions-for-co-op-grocery-store\/","title":{"rendered":"Soluciones tecnol\u00f3gicas para tiendas de comestibles cooperativas"},"content":{"rendered":"<h2 class=\"wp-block-heading has-text-align-center\">Potenciando las tiendas de comestibles cooperativas con tecnolog\u00eda que fomenta la comunidad y la eficiencia<\/h2>\n\n\n\n<p>Una tienda de comestibles cooperativa es m\u00e1s que un simple minorista: es un centro comunitario basado en valores compartidos, transparencia y propiedad de los miembros. Para tener \u00e9xito, las cooperativas necesitan herramientas modernas que equilibren la eficiencia con los principios cooperativos.<\/p>\n\n\n\n<p>Ravyx ofrece tecnolog\u00eda dise\u00f1ada para el modelo cooperativo, con soluciones como un sistema POS cooperativo flexible, informes avanzados y herramientas de fidelizaci\u00f3n que facilitan el servicio tanto a los socios como a los compradores, sin dejar de ser fiel a su misi\u00f3n.<\/p>\n\n\n\n<div class=\"wp-block-columns is-layout-flex wp-container-core-columns-is-layout-9d6595d7 wp-block-columns-is-layout-flex\">\n<div class=\"wp-block-column is-layout-flow wp-block-column-is-layout-flow\">\n<h2 class=\"wp-block-heading\">\u00bfQu\u00e9? <strong>Desaf\u00edos <\/strong>\u00bfA qu\u00e9 se enfrentan las tiendas de comestibles cooperativas?<\/h2>\n\n\n\n<ul class=\"wp-block-list\">\n<li><strong>Toma de decisiones compartida:<\/strong> Equilibrar la gobernanza y las operaciones cotidianas.<\/li>\n\n\n\n<li><strong>Exigencias de transparencia:<\/strong> Los miembros esperan tener acceso a datos financieros y operativos precisos.<\/li>\n\n\n\n<li><strong>Enfoque comunitario:<\/strong> Dar prioridad a los productos locales manteniendo precios competitivos.<\/li>\n\n\n\n<li><strong>Eficiencia operativa:<\/strong> Reducci\u00f3n de p\u00e9rdidas, optimizaci\u00f3n de la presentaci\u00f3n de informes y simplificaci\u00f3n de la capacitaci\u00f3n del personal.<\/li>\n\n\n\n<li><strong>Adecuaci\u00f3n tecnol\u00f3gica:<\/strong> Encontrar sistemas dise\u00f1ados para cooperativas, no solo para cadenas o independientes.<\/li>\n<\/ul>\n\n\n\n<div class=\"wp-block-buttons is-content-justification-center is-layout-flex wp-container-core-buttons-is-layout-16018d1d wp-block-buttons-is-layout-flex\">\n<div class=\"wp-block-button\"><a class=\"wp-block-button__link wp-element-button\" href=\"https:\/\/ravyx.com\/es\/contact-us\/\" style=\"border-radius:0px\">Encuentre una mejor soluci\u00f3n<\/a><\/div>\n<\/div>\n<\/div>\n\n\n\n<div class=\"wp-block-column is-layout-flow wp-block-column-is-layout-flow\"><div class=\"wp-block-image\">\n<figure class=\"alignleft size-full is-resized\"><img loading=\"lazy\" decoding=\"async\" width=\"940\" height=\"788\" src=\"https:\/\/ravyx.com\/wp-content\/uploads\/2025\/08\/Website-Icons-1.png\" alt=\"\" class=\"wp-image-3919\" style=\"width:452px;height:auto\" srcset=\"https:\/\/ravyx.com\/wp-content\/uploads\/2025\/08\/Website-Icons-1.png 940w, https:\/\/ravyx.com\/wp-content\/uploads\/2025\/08\/Website-Icons-1-300x251.png 300w, https:\/\/ravyx.com\/wp-content\/uploads\/2025\/08\/Website-Icons-1-768x644.png 768w, https:\/\/ravyx.com\/wp-content\/uploads\/2025\/08\/Website-Icons-1-14x12.png 14w\" sizes=\"auto, (max-width: 940px) 100vw, 940px\" \/><\/figure>\n<\/div><\/div>\n<\/div>\n\n\n\n<div class=\"block-inline-cta wpx-custom-block\" id=\"acf-inline-cta7527\">\n\n\t<div class=\"inline-cta-inner\">\n\t\t\n\t\t<h3 class=\"inline-cta-title\">\u201cContar con un sistema de punto de venta que gestione de manera eficiente nuestras necesidades espec\u00edficas es fundamental; Ravyx ha sido un gran apoyo a la hora de analizar la tecnolog\u00eda y la mejor manera de integrar una soluci\u00f3n completa\u201d.\u201d<\/h3>\t\t<p>\u2014 Mercado Municipal<\/p>\n\t\t\n\t<\/div>\n\n<\/div>\n\n\n<h2 class=\"wp-block-heading has-text-align-center\"><strong>Sistema POS cooperativo y soluciones tecnol\u00f3gicas para tiendas de comestibles<\/strong><\/h2>\n\n\n\n<div class=\"wp-block-columns is-layout-flex wp-container-core-columns-is-layout-9d6595d7 wp-block-columns-is-layout-flex\">\n<div class=\"wp-block-column is-layout-flow wp-block-column-is-layout-flow\"><div class=\"wp-block-image\">\n<figure class=\"aligncenter size-full is-resized\"><img loading=\"lazy\" decoding=\"async\" width=\"940\" height=\"788\" src=\"https:\/\/ravyx.com\/wp-content\/uploads\/2025\/08\/POS.png\" alt=\"\" class=\"wp-image-3904\" style=\"aspect-ratio:1;object-fit:cover;width:150px\" srcset=\"https:\/\/ravyx.com\/wp-content\/uploads\/2025\/08\/POS.png 940w, https:\/\/ravyx.com\/wp-content\/uploads\/2025\/08\/POS-300x251.png 300w, https:\/\/ravyx.com\/wp-content\/uploads\/2025\/08\/POS-768x644.png 768w, https:\/\/ravyx.com\/wp-content\/uploads\/2025\/08\/POS-14x12.png 14w\" sizes=\"auto, (max-width: 940px) 100vw, 940px\" \/><\/figure>\n<\/div>\n\n\n<h3 class=\"wp-block-heading has-text-align-center\">Interfaz de usuario<\/h3>\n\n\n\n<p>Sistema de punto de venta cooperativo dise\u00f1ado para ofrecer velocidad, fiabilidad y transacciones espec\u00edficas para cada miembro.<\/p>\n<\/div>\n\n\n\n<div class=\"wp-block-column is-layout-flow wp-block-column-is-layout-flow\"><div class=\"wp-block-image\">\n<figure class=\"aligncenter size-full is-resized\"><img loading=\"lazy\" decoding=\"async\" width=\"940\" height=\"788\" src=\"https:\/\/ravyx.com\/wp-content\/uploads\/2025\/08\/Back-Office.png\" alt=\"\" class=\"wp-image-3905\" style=\"aspect-ratio:1;object-fit:cover;width:150px\" srcset=\"https:\/\/ravyx.com\/wp-content\/uploads\/2025\/08\/Back-Office.png 940w, https:\/\/ravyx.com\/wp-content\/uploads\/2025\/08\/Back-Office-300x251.png 300w, https:\/\/ravyx.com\/wp-content\/uploads\/2025\/08\/Back-Office-768x644.png 768w, https:\/\/ravyx.com\/wp-content\/uploads\/2025\/08\/Back-Office-14x12.png 14w\" sizes=\"auto, (max-width: 940px) 100vw, 940px\" \/><\/figure>\n<\/div>\n\n\n<h3 class=\"wp-block-heading has-text-align-center\">Oficina administrativa<\/h3>\n\n\n\n<p>Paneles de control centralizados e informes financieros dise\u00f1ados para la gobernanza cooperativa.<\/p>\n<\/div>\n\n\n\n<div class=\"wp-block-column is-layout-flow wp-block-column-is-layout-flow\"><div class=\"wp-block-image\">\n<figure class=\"aligncenter size-full is-resized\"><img loading=\"lazy\" decoding=\"async\" width=\"940\" height=\"788\" src=\"https:\/\/ravyx.com\/wp-content\/uploads\/2025\/08\/Membership-Icons.png\" alt=\"\" class=\"wp-image-3917\" style=\"aspect-ratio:1;object-fit:cover;width:150px\" srcset=\"https:\/\/ravyx.com\/wp-content\/uploads\/2025\/08\/Membership-Icons.png 940w, https:\/\/ravyx.com\/wp-content\/uploads\/2025\/08\/Membership-Icons-300x251.png 300w, https:\/\/ravyx.com\/wp-content\/uploads\/2025\/08\/Membership-Icons-768x644.png 768w, https:\/\/ravyx.com\/wp-content\/uploads\/2025\/08\/Membership-Icons-14x12.png 14w\" sizes=\"auto, (max-width: 940px) 100vw, 940px\" \/><\/figure>\n<\/div>\n\n\n<h3 class=\"wp-block-heading has-text-align-center\">Transparencia en la afiliaci\u00f3n<\/h3>\n\n\n\n<p>Realice un seguimiento de las compras de los miembros, administre los dividendos y habilite herramientas de votaci\u00f3n\/informes.<\/p>\n<\/div>\n<\/div>\n\n\n\n<div class=\"wp-block-columns is-layout-flex wp-container-core-columns-is-layout-9d6595d7 wp-block-columns-is-layout-flex\">\n<div class=\"wp-block-column is-layout-flow wp-block-column-is-layout-flow\"><div class=\"wp-block-image\">\n<figure class=\"aligncenter size-full is-resized\"><img loading=\"lazy\" decoding=\"async\" width=\"940\" height=\"788\" src=\"https:\/\/ravyx.com\/wp-content\/uploads\/2025\/08\/Inventory-management-1.png\" alt=\"\" class=\"wp-image-3907\" style=\"aspect-ratio:1;object-fit:cover;width:150px\" srcset=\"https:\/\/ravyx.com\/wp-content\/uploads\/2025\/08\/Inventory-management-1.png 940w, https:\/\/ravyx.com\/wp-content\/uploads\/2025\/08\/Inventory-management-1-300x251.png 300w, https:\/\/ravyx.com\/wp-content\/uploads\/2025\/08\/Inventory-management-1-768x644.png 768w, https:\/\/ravyx.com\/wp-content\/uploads\/2025\/08\/Inventory-management-1-14x12.png 14w\" sizes=\"auto, (max-width: 940px) 100vw, 940px\" \/><\/figure>\n<\/div>\n\n\n<h3 class=\"wp-block-heading has-text-align-center\">Gesti\u00f3n de inventario<\/h3>\n\n\n\n<p>Pedidos m\u00e1s inteligentes e inventario en tiempo real para reducir las p\u00e9rdidas y apoyar a los proveedores locales.<\/p>\n<\/div>\n\n\n\n<div class=\"wp-block-column is-layout-flow wp-block-column-is-layout-flow\"><div class=\"wp-block-image\">\n<figure class=\"aligncenter size-full is-resized\"><img loading=\"lazy\" decoding=\"async\" width=\"94\" height=\"98\" src=\"https:\/\/ravyx.com\/wp-content\/uploads\/2025\/05\/expert-customer-service-2.svg\" alt=\"\" class=\"wp-image-3545\" style=\"aspect-ratio:1;object-fit:cover;width:150px\"\/><\/figure>\n<\/div>\n\n\n<h3 class=\"wp-block-heading has-text-align-center\">Omnicanal<\/h3>\n\n\n\n<p>Pedidos en l\u00ednea, clic y recoger, y pago m\u00f3vil adaptado a las cooperativas.<\/p>\n<\/div>\n\n\n\n<div class=\"wp-block-column is-layout-flow wp-block-column-is-layout-flow\"><div class=\"wp-block-image\">\n<figure class=\"aligncenter size-full is-resized\"><img loading=\"lazy\" decoding=\"async\" width=\"940\" height=\"788\" src=\"https:\/\/ravyx.com\/wp-content\/uploads\/2025\/08\/Value-Added-Services.png\" alt=\"\" class=\"wp-image-3910\" style=\"aspect-ratio:1;object-fit:cover;width:150px\" srcset=\"https:\/\/ravyx.com\/wp-content\/uploads\/2025\/08\/Value-Added-Services.png 940w, https:\/\/ravyx.com\/wp-content\/uploads\/2025\/08\/Value-Added-Services-300x251.png 300w, https:\/\/ravyx.com\/wp-content\/uploads\/2025\/08\/Value-Added-Services-768x644.png 768w, https:\/\/ravyx.com\/wp-content\/uploads\/2025\/08\/Value-Added-Services-14x12.png 14w\" sizes=\"auto, (max-width: 940px) 100vw, 940px\" \/><\/figure>\n<\/div>\n\n\n<h3 class=\"wp-block-heading has-text-align-center\">Servicios de valor agregado<\/h3>\n\n\n\n<p>Servicios gestionados de TI, seguridad y copias de seguridad para reducir la complejidad y el riesgo.<\/p>\n<\/div>\n<\/div>\n\n\n\n<div class=\"block-inline-cta wpx-custom-block\" id=\"acf-inline-cta9016\">\n\n\t<div class=\"inline-cta-inner\">\n\t\t\n\t\t<h3 class=\"inline-cta-title\">Por qu\u00e9 las tiendas de comestibles cooperativas eligen Ravyx<\/h3>\t\t<p>Ofrecemos soluciones tecnol\u00f3gicas dise\u00f1adas para el modelo cooperativo. Desde un s\u00f3lido sistema de punto de venta para cooperativas hasta funciones de generaci\u00f3n de informes, inventario y omnicanalidad, nuestras herramientas ayudan a que su tienda de comestibles cooperativa prospere sin perder de vista los valores de su comunidad. \u00bfEst\u00e1 listo para modernizar su tienda de comestibles cooperativa?<\/p>\n\t\t\t\t\t<div class=\"button-group\">\n\t\t\t\t<a href=\"https:\/\/ravyx.com\/es\/contact-us\/\" target=\"\" class=\"wpx-button\">Cont\u00e1ctenos<\/a>\n\t\t\t<\/div>\n\t\t\n\t<\/div>\n\n<\/div>","protected":false},"excerpt":{"rendered":"<p>Empowering Co-Op Grocery Stores with Technology That Builds Community and Efficiency A Co-op Grocery Store is more than just a retailer\u2014it\u2019s a community hub built on shared values, transparency, and member ownership. To succeed, co-ops need modern tools that balance efficiency with cooperative principles. Ravyx delivers technology designed for the cooperative model, with solutions like [&hellip;]<\/p>\n","protected":false},"author":13,"featured_media":0,"parent":587,"menu_order":2,"comment_status":"closed","ping_status":"closed","template":"","meta":{"_acf_changed":false,"footnotes":""},"class_list":["post-3916","page","type-page","status-publish","hentry"],"acf":[],"yoast_head":"<!-- This site is optimized with the Yoast SEO plugin v27.5 - https:\/\/yoast.com\/product\/yoast-seo-wordpress\/ -->\n<title>Co-op Grocery Store | Ravyx<\/title>\n<meta name=\"description\" content=\"Discover technology for Co-op Grocery Stores. Our Co-op POS System, reporting, and inventory solutions deliver efficiency and scalability.\" \/>\n<meta name=\"robots\" content=\"index, follow, max-snippet:-1, max-image-preview:large, max-video-preview:-1\" \/>\n<link rel=\"canonical\" href=\"https:\/\/ravyx.com\/es\/solutions\/technology-solutions-for-co-op-grocery-store\/\" \/>\n<meta property=\"og:locale\" content=\"es_ES\" \/>\n<meta property=\"og:type\" content=\"article\" \/>\n<meta property=\"og:title\" content=\"Co-op Grocery Store | Ravyx\" \/>\n<meta property=\"og:description\" content=\"Discover technology for Co-op Grocery Stores. Our Co-op POS System, reporting, and inventory solutions deliver efficiency and scalability.\" \/>\n<meta property=\"og:url\" content=\"https:\/\/ravyx.com\/es\/solutions\/technology-solutions-for-co-op-grocery-store\/\" \/>\n<meta property=\"og:site_name\" content=\"Ravyx\" \/>\n<meta property=\"article:publisher\" content=\"https:\/\/www.facebook.com\/stcrpos\" \/>\n<meta property=\"og:image\" content=\"https:\/\/ravyx.com\/wp-content\/uploads\/2025\/08\/Website-Icons-1.png\" \/>\n<meta name=\"twitter:card\" content=\"summary_large_image\" \/>\n<meta name=\"twitter:site\" content=\"@stcrpos\" \/>\n<meta name=\"twitter:label1\" content=\"Est. reading time\" \/>\n\t<meta name=\"twitter:data1\" content=\"3 minutos\" \/>\n<script type=\"application\/ld+json\" class=\"yoast-schema-graph\">{\"@context\":\"https:\\\/\\\/schema.org\",\"@graph\":[{\"@type\":\"WebPage\",\"@id\":\"https:\\\/\\\/ravyx.com\\\/solutions\\\/technology-solutions-for-co-op-grocery-store\\\/\",\"url\":\"https:\\\/\\\/ravyx.com\\\/solutions\\\/technology-solutions-for-co-op-grocery-store\\\/\",\"name\":\"Co-op Grocery Store | Ravyx\",\"isPartOf\":{\"@id\":\"https:\\\/\\\/ravyx.com\\\/#website\"},\"primaryImageOfPage\":{\"@id\":\"https:\\\/\\\/ravyx.com\\\/solutions\\\/technology-solutions-for-co-op-grocery-store\\\/#primaryimage\"},\"image\":{\"@id\":\"https:\\\/\\\/ravyx.com\\\/solutions\\\/technology-solutions-for-co-op-grocery-store\\\/#primaryimage\"},\"thumbnailUrl\":\"https:\\\/\\\/ravyx.com\\\/wp-content\\\/uploads\\\/2025\\\/08\\\/Website-Icons-1.png\",\"datePublished\":\"2025-08-29T14:08:24+00:00\",\"description\":\"Discover technology for Co-op Grocery Stores. Our Co-op POS System, reporting, and inventory solutions deliver efficiency and scalability.\",\"breadcrumb\":{\"@id\":\"https:\\\/\\\/ravyx.com\\\/solutions\\\/technology-solutions-for-co-op-grocery-store\\\/#breadcrumb\"},\"inLanguage\":\"es-DO\",\"potentialAction\":[{\"@type\":\"ReadAction\",\"target\":[\"https:\\\/\\\/ravyx.com\\\/solutions\\\/technology-solutions-for-co-op-grocery-store\\\/\"]}]},{\"@type\":\"ImageObject\",\"inLanguage\":\"es-DO\",\"@id\":\"https:\\\/\\\/ravyx.com\\\/solutions\\\/technology-solutions-for-co-op-grocery-store\\\/#primaryimage\",\"url\":\"https:\\\/\\\/ravyx.com\\\/wp-content\\\/uploads\\\/2025\\\/08\\\/Website-Icons-1.png\",\"contentUrl\":\"https:\\\/\\\/ravyx.com\\\/wp-content\\\/uploads\\\/2025\\\/08\\\/Website-Icons-1.png\"},{\"@type\":\"BreadcrumbList\",\"@id\":\"https:\\\/\\\/ravyx.com\\\/solutions\\\/technology-solutions-for-co-op-grocery-store\\\/#breadcrumb\",\"itemListElement\":[{\"@type\":\"ListItem\",\"position\":1,\"name\":\"Home\",\"item\":\"https:\\\/\\\/ravyx.com\\\/\"},{\"@type\":\"ListItem\",\"position\":2,\"name\":\"Solutions\",\"item\":\"https:\\\/\\\/ravyx.com\\\/solutions\\\/\"},{\"@type\":\"ListItem\",\"position\":3,\"name\":\"Technology Solutions for Co-op Grocers Stores\"}]},{\"@type\":\"WebSite\",\"@id\":\"https:\\\/\\\/ravyx.com\\\/#website\",\"url\":\"https:\\\/\\\/ravyx.com\\\/\",\"name\":\"Ravyx\",\"description\":\"Proven Grocery Technologies\",\"publisher\":{\"@id\":\"https:\\\/\\\/ravyx.com\\\/#organization\"},\"potentialAction\":[{\"@type\":\"SearchAction\",\"target\":{\"@type\":\"EntryPoint\",\"urlTemplate\":\"https:\\\/\\\/ravyx.com\\\/?s={search_term_string}\"},\"query-input\":{\"@type\":\"PropertyValueSpecification\",\"valueRequired\":true,\"valueName\":\"search_term_string\"}}],\"inLanguage\":\"es-DO\"},{\"@type\":\"Organization\",\"@id\":\"https:\\\/\\\/ravyx.com\\\/#organization\",\"name\":\"Ravyx\",\"url\":\"https:\\\/\\\/ravyx.com\\\/\",\"logo\":{\"@type\":\"ImageObject\",\"inLanguage\":\"es-DO\",\"@id\":\"https:\\\/\\\/ravyx.com\\\/#\\\/schema\\\/logo\\\/image\\\/\",\"url\":\"https:\\\/\\\/ravyx.com\\\/wp-content\\\/uploads\\\/2023\\\/09\\\/generic-brand-1.jpg\",\"contentUrl\":\"https:\\\/\\\/ravyx.com\\\/wp-content\\\/uploads\\\/2023\\\/09\\\/generic-brand-1.jpg\",\"width\":1200,\"height\":1200,\"caption\":\"Ravyx\"},\"image\":{\"@id\":\"https:\\\/\\\/ravyx.com\\\/#\\\/schema\\\/logo\\\/image\\\/\"},\"sameAs\":[\"https:\\\/\\\/www.facebook.com\\\/stcrpos\",\"https:\\\/\\\/x.com\\\/stcrpos\",\"https:\\\/\\\/www.linkedin.com\\\/company\\\/stcr\\\/\",\"https:\\\/\\\/www.youtube.com\\\/channel\\\/UCSWcsJARYjaQnz0T5o4p9DQ\"]}]}<\/script>\n<!-- \/ Yoast SEO plugin. -->","yoast_head_json":{"title":"Co-op Grocery Store | Ravyx","description":"Discover technology for Co-op Grocery Stores. Our Co-op POS System, reporting, and inventory solutions deliver efficiency and scalability.","robots":{"index":"index","follow":"follow","max-snippet":"max-snippet:-1","max-image-preview":"max-image-preview:large","max-video-preview":"max-video-preview:-1"},"canonical":"https:\/\/ravyx.com\/es\/solutions\/technology-solutions-for-co-op-grocery-store\/","og_locale":"es_ES","og_type":"article","og_title":"Co-op Grocery Store | Ravyx","og_description":"Discover technology for Co-op Grocery Stores. Our Co-op POS System, reporting, and inventory solutions deliver efficiency and scalability.","og_url":"https:\/\/ravyx.com\/es\/solutions\/technology-solutions-for-co-op-grocery-store\/","og_site_name":"Ravyx","article_publisher":"https:\/\/www.facebook.com\/stcrpos","og_image":[{"url":"https:\/\/ravyx.com\/wp-content\/uploads\/2025\/08\/Website-Icons-1.png","type":"","width":"","height":""}],"twitter_card":"summary_large_image","twitter_site":"@stcrpos","twitter_misc":{"Est. reading time":"3 minutos"},"schema":{"@context":"https:\/\/schema.org","@graph":[{"@type":"WebPage","@id":"https:\/\/ravyx.com\/solutions\/technology-solutions-for-co-op-grocery-store\/","url":"https:\/\/ravyx.com\/solutions\/technology-solutions-for-co-op-grocery-store\/","name":"Co-op Grocery Store | Ravyx","isPartOf":{"@id":"https:\/\/ravyx.com\/#website"},"primaryImageOfPage":{"@id":"https:\/\/ravyx.com\/solutions\/technology-solutions-for-co-op-grocery-store\/#primaryimage"},"image":{"@id":"https:\/\/ravyx.com\/solutions\/technology-solutions-for-co-op-grocery-store\/#primaryimage"},"thumbnailUrl":"https:\/\/ravyx.com\/wp-content\/uploads\/2025\/08\/Website-Icons-1.png","datePublished":"2025-08-29T14:08:24+00:00","description":"Discover technology for Co-op Grocery Stores. Our Co-op POS System, reporting, and inventory solutions deliver efficiency and scalability.","breadcrumb":{"@id":"https:\/\/ravyx.com\/solutions\/technology-solutions-for-co-op-grocery-store\/#breadcrumb"},"inLanguage":"es-DO","potentialAction":[{"@type":"ReadAction","target":["https:\/\/ravyx.com\/solutions\/technology-solutions-for-co-op-grocery-store\/"]}]},{"@type":"ImageObject","inLanguage":"es-DO","@id":"https:\/\/ravyx.com\/solutions\/technology-solutions-for-co-op-grocery-store\/#primaryimage","url":"https:\/\/ravyx.com\/wp-content\/uploads\/2025\/08\/Website-Icons-1.png","contentUrl":"https:\/\/ravyx.com\/wp-content\/uploads\/2025\/08\/Website-Icons-1.png"},{"@type":"BreadcrumbList","@id":"https:\/\/ravyx.com\/solutions\/technology-solutions-for-co-op-grocery-store\/#breadcrumb","itemListElement":[{"@type":"ListItem","position":1,"name":"Home","item":"https:\/\/ravyx.com\/"},{"@type":"ListItem","position":2,"name":"Solutions","item":"https:\/\/ravyx.com\/solutions\/"},{"@type":"ListItem","position":3,"name":"Technology Solutions for Co-op Grocers Stores"}]},{"@type":"WebSite","@id":"https:\/\/ravyx.com\/#website","url":"https:\/\/ravyx.com\/","name":"Ravyx","description":"Proven Grocery Technologies","publisher":{"@id":"https:\/\/ravyx.com\/#organization"},"potentialAction":[{"@type":"SearchAction","target":{"@type":"EntryPoint","urlTemplate":"https:\/\/ravyx.com\/?s={search_term_string}"},"query-input":{"@type":"PropertyValueSpecification","valueRequired":true,"valueName":"search_term_string"}}],"inLanguage":"es-DO"},{"@type":"Organization","@id":"https:\/\/ravyx.com\/#organization","name":"Ravyx","url":"https:\/\/ravyx.com\/","logo":{"@type":"ImageObject","inLanguage":"es-DO","@id":"https:\/\/ravyx.com\/#\/schema\/logo\/image\/","url":"https:\/\/ravyx.com\/wp-content\/uploads\/2023\/09\/generic-brand-1.jpg","contentUrl":"https:\/\/ravyx.com\/wp-content\/uploads\/2023\/09\/generic-brand-1.jpg","width":1200,"height":1200,"caption":"Ravyx"},"image":{"@id":"https:\/\/ravyx.com\/#\/schema\/logo\/image\/"},"sameAs":["https:\/\/www.facebook.com\/stcrpos","https:\/\/x.com\/stcrpos","https:\/\/www.linkedin.com\/company\/stcr\/","https:\/\/www.youtube.com\/channel\/UCSWcsJARYjaQnz0T5o4p9DQ"]}]}},"_links":{"self":[{"href":"https:\/\/ravyx.com\/es\/wp-json\/wp\/v2\/pages\/3916","targetHints":{"allow":["GET"]}}],"collection":[{"href":"https:\/\/ravyx.com\/es\/wp-json\/wp\/v2\/pages"}],"about":[{"href":"https:\/\/ravyx.com\/es\/wp-json\/wp\/v2\/types\/page"}],"author":[{"embeddable":true,"href":"https:\/\/ravyx.com\/es\/wp-json\/wp\/v2\/users\/13"}],"replies":[{"embeddable":true,"href":"https:\/\/ravyx.com\/es\/wp-json\/wp\/v2\/comments?post=3916"}],"version-history":[{"count":0,"href":"https:\/\/ravyx.com\/es\/wp-json\/wp\/v2\/pages\/3916\/revisions"}],"up":[{"embeddable":true,"href":"https:\/\/ravyx.com\/es\/wp-json\/wp\/v2\/pages\/587"}],"wp:attachment":[{"href":"https:\/\/ravyx.com\/es\/wp-json\/wp\/v2\/media?parent=3916"}],"curies":[{"name":"wp","href":"https:\/\/api.w.org\/{rel}","templated":true}]}}