{"id":3913,"date":"2025-08-28T16:34:26","date_gmt":"2025-08-28T20:34:26","guid":{"rendered":"https:\/\/ravyx.com\/?page_id=3913"},"modified":"2025-08-29T11:01:44","modified_gmt":"2025-08-29T15:01:44","slug":"technology-stacks-for-large-grocery-chains","status":"publish","type":"page","link":"https:\/\/ravyx.com\/es\/solutions\/technology-stacks-for-large-grocery-chains\/","title":{"rendered":"Pilas tecnol\u00f3gicas para grandes cadenas de supermercados"},"content":{"rendered":"<h2 class=\"wp-block-heading has-text-align-center\">Capacitar a las grandes cadenas de supermercados para optimizar y triunfar a nivel empresarial<\/h2>\n\n\n\n<p>Las grandes cadenas de supermercados se enfrentan a una enorme presi\u00f3n para mantener la eficiencia, garantizar la coherencia e innovar en docenas o incluso cientos de establecimientos. Como operador de supermercados, necesita una tecnolog\u00eda potente, escalable y flexible. Ah\u00ed es donde entra en juego Ravyx.<\/p>\n\n\n\n<p>Ya sea que se enfrente a la complejidad de la cadena de suministro, a la fricci\u00f3n de la red de medios minoristas o al cansancio anal\u00edtico, nuestros sistemas est\u00e1n dise\u00f1ados espec\u00edficamente para las exigencias operativas de las grandes cadenas de supermercados, de modo que pueda optimizar el rendimiento sin comprometer la agilidad.<\/p>\n\n\n\n<div class=\"wp-block-columns is-layout-flex wp-container-core-columns-is-layout-9d6595d7 wp-block-columns-is-layout-flex\">\n<div class=\"wp-block-column is-layout-flow wp-block-column-is-layout-flow\">\n<h2 class=\"wp-block-heading\">\u00bfQu\u00e9? <strong>Desaf\u00edos <\/strong>\u00bfA qu\u00e9 se enfrentan las grandes cadenas de supermercados a escala empresarial?<\/h2>\n\n\n\n<ul class=\"wp-block-list\">\n<li><strong>Operar a gran escala:<\/strong> Gestionar cientos de ubicaciones interconectadas y din\u00e1micas con diferentes necesidades y exigencias.<\/li>\n\n\n\n<li><strong>Complejidad de la integraci\u00f3n del sistema:<\/strong> Coordinaci\u00f3n de puntos de venta, inventario, comercio electr\u00f3nico, autopago y servicios de terceros sin silos.<\/li>\n\n\n\n<li><strong>Sobrecarga de datos:<\/strong> Convertir datos masivos de m\u00faltiples ubicaciones en informaci\u00f3n \u00fatil, no solo en m\u00e1s ruido.<\/li>\n\n\n\n<li><strong>Expectativas de la red de medios minoristas:<\/strong> Combina a la perfecci\u00f3n las experiencias en la tienda, en la acera y de entrega a domicilio que satisfacen los est\u00e1ndares de los consumidores modernos.<\/li>\n\n\n\n<li><strong>Consistencia y confiabilidad:<\/strong> Garantizar el tiempo de actividad, experiencias uniformes para los clientes y est\u00e1ndares de marca unificados.<\/li>\n<\/ul>\n\n\n\n<div class=\"wp-block-buttons is-content-justification-center is-layout-flex wp-container-core-buttons-is-layout-16018d1d wp-block-buttons-is-layout-flex\">\n<div class=\"wp-block-button\"><a class=\"wp-block-button__link wp-element-button\" href=\"https:\/\/ravyx.com\/es\/contact-us\/\" style=\"border-radius:0px\">Encuentre una mejor soluci\u00f3n<\/a><\/div>\n<\/div>\n<\/div>\n\n\n\n<div class=\"wp-block-column is-layout-flow wp-block-column-is-layout-flow\"><div class=\"wp-block-image\">\n<figure class=\"alignleft size-large\"><img loading=\"lazy\" decoding=\"async\" width=\"1024\" height=\"678\" src=\"https:\/\/ravyx.com\/wp-content\/uploads\/2025\/08\/supermarket-949913_1280-1024x678.jpg\" alt=\"\" class=\"wp-image-3914\" srcset=\"https:\/\/ravyx.com\/wp-content\/uploads\/2025\/08\/supermarket-949913_1280-1024x678.jpg 1024w, https:\/\/ravyx.com\/wp-content\/uploads\/2025\/08\/supermarket-949913_1280-300x199.jpg 300w, https:\/\/ravyx.com\/wp-content\/uploads\/2025\/08\/supermarket-949913_1280-768x509.jpg 768w, https:\/\/ravyx.com\/wp-content\/uploads\/2025\/08\/supermarket-949913_1280-18x12.jpg 18w, https:\/\/ravyx.com\/wp-content\/uploads\/2025\/08\/supermarket-949913_1280.jpg 1280w\" sizes=\"auto, (max-width: 1024px) 100vw, 1024px\" \/><\/figure>\n<\/div><\/div>\n<\/div>\n\n\n\n<div class=\"block-inline-cta wpx-custom-block\" id=\"acf-inline-cta8041\">\n\n\t<div class=\"inline-cta-inner\">\n\t\t\n\t\t<h3 class=\"inline-cta-title\">\u201cEstamos muy contentos de aumentar el n\u00famero de cajas de autopago en nuestras tiendas. Trabajar con nuestro socio, Ravyx, nos ha ayudado a ofrecer una mejor experiencia al cliente al proporcionar una opci\u00f3n de pago adicional y conveniente. Esto nos ha permitido reducir los tiempos de espera durante las horas pico del d\u00eda y ha permitido a nuestro equipo seguir ofreciendo un servicio personalizado.\u201d<\/h3>\t\t<p>\u2014 Marie Luglio, Longo's<\/p>\n\t\t\n\t<\/div>\n\n<\/div>\n\n\n<h2 class=\"wp-block-heading has-text-align-center\"><strong>Tecnolog\u00eda para operaciones empresariales de abarrotes<\/strong><\/h2>\n\n\n\n<div class=\"wp-block-columns is-layout-flex wp-container-core-columns-is-layout-9d6595d7 wp-block-columns-is-layout-flex\">\n<div class=\"wp-block-column is-layout-flow wp-block-column-is-layout-flow\"><div class=\"wp-block-image\">\n<figure class=\"aligncenter size-full is-resized\"><img loading=\"lazy\" decoding=\"async\" width=\"940\" height=\"788\" src=\"https:\/\/ravyx.com\/wp-content\/uploads\/2025\/08\/POS.png\" alt=\"\" class=\"wp-image-3904\" style=\"aspect-ratio:1;object-fit:cover;width:150px\" srcset=\"https:\/\/ravyx.com\/wp-content\/uploads\/2025\/08\/POS.png 940w, https:\/\/ravyx.com\/wp-content\/uploads\/2025\/08\/POS-300x251.png 300w, https:\/\/ravyx.com\/wp-content\/uploads\/2025\/08\/POS-768x644.png 768w, https:\/\/ravyx.com\/wp-content\/uploads\/2025\/08\/POS-14x12.png 14w\" sizes=\"auto, (max-width: 940px) 100vw, 940px\" \/><\/figure>\n<\/div>\n\n\n<h3 class=\"wp-block-heading has-text-align-center\">Interfaz de usuario<\/h3>\n\n\n\n<p>Punto de venta escalable que se adapta a formatos de tienda, desde tiendas expr\u00e9s hasta tiendas insignia; dise\u00f1ado para manejar grandes vol\u00famenes.<\/p>\n<\/div>\n\n\n\n<div class=\"wp-block-column is-layout-flow wp-block-column-is-layout-flow\"><div class=\"wp-block-image\">\n<figure class=\"aligncenter size-full is-resized\"><img loading=\"lazy\" decoding=\"async\" width=\"940\" height=\"788\" src=\"https:\/\/ravyx.com\/wp-content\/uploads\/2025\/08\/Back-Office.png\" alt=\"\" class=\"wp-image-3905\" style=\"aspect-ratio:1;object-fit:cover;width:150px\" srcset=\"https:\/\/ravyx.com\/wp-content\/uploads\/2025\/08\/Back-Office.png 940w, https:\/\/ravyx.com\/wp-content\/uploads\/2025\/08\/Back-Office-300x251.png 300w, https:\/\/ravyx.com\/wp-content\/uploads\/2025\/08\/Back-Office-768x644.png 768w, https:\/\/ravyx.com\/wp-content\/uploads\/2025\/08\/Back-Office-14x12.png 14w\" sizes=\"auto, (max-width: 940px) 100vw, 940px\" \/><\/figure>\n<\/div>\n\n\n<h3 class=\"wp-block-heading has-text-align-center\">Oficina administrativa<\/h3>\n\n\n\n<p>Paneles centralizados, informes de m\u00faltiples ubicaciones y sincronizaciones contables automatizadas para obtener diversa informaci\u00f3n.<\/p>\n<\/div>\n\n\n\n<div class=\"wp-block-column is-layout-flow wp-block-column-is-layout-flow\"><div class=\"wp-block-image\">\n<figure class=\"aligncenter size-full is-resized\"><img loading=\"lazy\" decoding=\"async\" width=\"940\" height=\"788\" src=\"https:\/\/ravyx.com\/wp-content\/uploads\/2025\/08\/Integration.png\" alt=\"\" class=\"wp-image-3908\" style=\"aspect-ratio:1;object-fit:cover;width:150px\" srcset=\"https:\/\/ravyx.com\/wp-content\/uploads\/2025\/08\/Integration.png 940w, https:\/\/ravyx.com\/wp-content\/uploads\/2025\/08\/Integration-300x251.png 300w, https:\/\/ravyx.com\/wp-content\/uploads\/2025\/08\/Integration-768x644.png 768w, https:\/\/ravyx.com\/wp-content\/uploads\/2025\/08\/Integration-14x12.png 14w\" sizes=\"auto, (max-width: 940px) 100vw, 940px\" \/><\/figure>\n<\/div>\n\n\n<h3 class=\"wp-block-heading has-text-align-center\">Integraciones<\/h3>\n\n\n\n<p>API y conectores personalizados para sistemas ERP, herramientas SaaS, motores de fidelizaci\u00f3n y plataformas de comercio electr\u00f3nico.<\/p>\n<\/div>\n<\/div>\n\n\n\n<div class=\"wp-block-columns is-layout-flex wp-container-core-columns-is-layout-9d6595d7 wp-block-columns-is-layout-flex\">\n<div class=\"wp-block-column is-layout-flow wp-block-column-is-layout-flow\"><div class=\"wp-block-image\">\n<figure class=\"aligncenter size-full is-resized\"><img loading=\"lazy\" decoding=\"async\" width=\"940\" height=\"788\" src=\"https:\/\/ravyx.com\/wp-content\/uploads\/2025\/08\/Inventory-management-1.png\" alt=\"\" class=\"wp-image-3907\" style=\"aspect-ratio:1;object-fit:cover;width:150px\" srcset=\"https:\/\/ravyx.com\/wp-content\/uploads\/2025\/08\/Inventory-management-1.png 940w, https:\/\/ravyx.com\/wp-content\/uploads\/2025\/08\/Inventory-management-1-300x251.png 300w, https:\/\/ravyx.com\/wp-content\/uploads\/2025\/08\/Inventory-management-1-768x644.png 768w, https:\/\/ravyx.com\/wp-content\/uploads\/2025\/08\/Inventory-management-1-14x12.png 14w\" sizes=\"auto, (max-width: 940px) 100vw, 940px\" \/><\/figure>\n<\/div>\n\n\n<h3 class=\"wp-block-heading has-text-align-center\">Gesti\u00f3n de inventario<\/h3>\n\n\n\n<p>Reordenamiento automatizado, sincronizaci\u00f3n entre almac\u00e9n y tienda, reposici\u00f3n predictiva adaptada a la demanda local.<\/p>\n<\/div>\n\n\n\n<div class=\"wp-block-column is-layout-flow wp-block-column-is-layout-flow\"><div class=\"wp-block-image\">\n<figure class=\"aligncenter size-full is-resized\"><img loading=\"lazy\" decoding=\"async\" width=\"94\" height=\"98\" src=\"https:\/\/ravyx.com\/wp-content\/uploads\/2025\/05\/AI-robots.svg\" alt=\"\" class=\"wp-image-3538\" style=\"aspect-ratio:1;object-fit:cover;width:150px\"\/><\/figure>\n<\/div>\n\n\n<h3 class=\"wp-block-heading has-text-align-center\">Redes de medios minoristas<\/h3>\n\n\n\n<p>Habilite el servicio \u00abclick and collect\u00bb, las ventajas para los clientes y los descuentos para ofrecer una experiencia de cliente unificada y eficiente.<\/p>\n<\/div>\n\n\n\n<div class=\"wp-block-column is-layout-flow wp-block-column-is-layout-flow\"><div class=\"wp-block-image\">\n<figure class=\"aligncenter size-full is-resized\"><img loading=\"lazy\" decoding=\"async\" width=\"940\" height=\"788\" src=\"https:\/\/ravyx.com\/wp-content\/uploads\/2025\/08\/Value-Added-Services.png\" alt=\"\" class=\"wp-image-3910\" style=\"aspect-ratio:1;object-fit:cover;width:150px\" srcset=\"https:\/\/ravyx.com\/wp-content\/uploads\/2025\/08\/Value-Added-Services.png 940w, https:\/\/ravyx.com\/wp-content\/uploads\/2025\/08\/Value-Added-Services-300x251.png 300w, https:\/\/ravyx.com\/wp-content\/uploads\/2025\/08\/Value-Added-Services-768x644.png 768w, https:\/\/ravyx.com\/wp-content\/uploads\/2025\/08\/Value-Added-Services-14x12.png 14w\" sizes=\"auto, (max-width: 940px) 100vw, 940px\" \/><\/figure>\n<\/div>\n\n\n<h3 class=\"wp-block-heading has-text-align-center\">Servicios de valor agregado<\/h3>\n\n\n\n<p>Servicios gestionados a medida, desde la implementaci\u00f3n y supervisi\u00f3n hasta el soporte t\u00e9cnico, dise\u00f1ados para empresas.<\/p>\n<\/div>\n<\/div>\n\n\n\n<div class=\"block-inline-cta wpx-custom-block\" id=\"acf-inline-cta1133\">\n\n\t<div class=\"inline-cta-inner\">\n\t\t\n\t\t<h3 class=\"inline-cta-title\">Por qu\u00e9 las grandes cadenas de supermercados eligen Ravyx<\/h3>\t\t<p>Estamos aqu\u00ed para ofrecerle la escalabilidad, la integraci\u00f3n y la inteligencia que exige su negocio de alimentaci\u00f3n. \u00bfEst\u00e1 listo para llevar su gran cadena de supermercados al siguiente nivel con tecnolog\u00eda de vanguardia?<\/p>\n\t\t\t\t\t<div class=\"button-group\">\n\t\t\t\t<a href=\"https:\/\/ravyx.com\/es\/contact-us\/\" target=\"\" class=\"wpx-button\">Cont\u00e1ctenos<\/a>\n\t\t\t<\/div>\n\t\t\n\t<\/div>\n\n<\/div>","protected":false},"excerpt":{"rendered":"<p>Empowering Large Grocery Chains to Streamline and Win at the Enterprise Level Large grocery chains face enormous pressure to stay efficient, ensure consistency, and innovate \u2014 across dozens or even hundreds of locations. As an enterprise grocery operator, you need technology that\u2019s powerful, scalable, and flexible. That\u2019s where Ravyx steps in. Whether you&#8217;re facing supply [&hellip;]<\/p>\n","protected":false},"author":13,"featured_media":0,"parent":587,"menu_order":3,"comment_status":"closed","ping_status":"closed","template":"","meta":{"_acf_changed":false,"footnotes":""},"class_list":["post-3913","page","type-page","status-publish","hentry"],"acf":[],"yoast_head":"<!-- This site is optimized with the Yoast SEO plugin v27.5 - https:\/\/yoast.com\/product\/yoast-seo-wordpress\/ -->\n<title>Large Grocery Chains Technology | Ravyx<\/title>\n<meta name=\"description\" content=\"Discover large grocery chains technology. Enterprise grocery solutions is built to scale and optimize performance throughout your business.\" \/>\n<meta name=\"robots\" content=\"index, follow, max-snippet:-1, max-image-preview:large, max-video-preview:-1\" \/>\n<link rel=\"canonical\" href=\"https:\/\/ravyx.com\/es\/solutions\/technology-stacks-for-large-grocery-chains\/\" \/>\n<meta property=\"og:locale\" content=\"es_ES\" \/>\n<meta property=\"og:type\" content=\"article\" \/>\n<meta property=\"og:title\" content=\"Large Grocery Chains Technology | Ravyx\" \/>\n<meta property=\"og:description\" content=\"Discover large grocery chains technology. Enterprise grocery solutions is built to scale and optimize performance throughout your business.\" \/>\n<meta property=\"og:url\" content=\"https:\/\/ravyx.com\/es\/solutions\/technology-stacks-for-large-grocery-chains\/\" \/>\n<meta property=\"og:site_name\" content=\"Ravyx\" \/>\n<meta property=\"article:publisher\" content=\"https:\/\/www.facebook.com\/stcrpos\" \/>\n<meta property=\"article:modified_time\" content=\"2025-08-29T15:01:44+00:00\" \/>\n<meta property=\"og:image\" content=\"https:\/\/ravyx.com\/wp-content\/uploads\/2025\/08\/supermarket-949913_1280-1024x678.jpg\" \/>\n<meta name=\"twitter:card\" content=\"summary_large_image\" \/>\n<meta name=\"twitter:site\" content=\"@stcrpos\" \/>\n<meta name=\"twitter:label1\" content=\"Est. reading time\" \/>\n\t<meta name=\"twitter:data1\" content=\"3 minutos\" \/>\n<script type=\"application\/ld+json\" class=\"yoast-schema-graph\">{\"@context\":\"https:\\\/\\\/schema.org\",\"@graph\":[{\"@type\":\"WebPage\",\"@id\":\"https:\\\/\\\/ravyx.com\\\/solutions\\\/technology-stacks-for-large-grocery-chains\\\/\",\"url\":\"https:\\\/\\\/ravyx.com\\\/solutions\\\/technology-stacks-for-large-grocery-chains\\\/\",\"name\":\"Large Grocery Chains Technology | Ravyx\",\"isPartOf\":{\"@id\":\"https:\\\/\\\/ravyx.com\\\/#website\"},\"primaryImageOfPage\":{\"@id\":\"https:\\\/\\\/ravyx.com\\\/solutions\\\/technology-stacks-for-large-grocery-chains\\\/#primaryimage\"},\"image\":{\"@id\":\"https:\\\/\\\/ravyx.com\\\/solutions\\\/technology-stacks-for-large-grocery-chains\\\/#primaryimage\"},\"thumbnailUrl\":\"https:\\\/\\\/ravyx.com\\\/wp-content\\\/uploads\\\/2025\\\/08\\\/supermarket-949913_1280-1024x678.jpg\",\"datePublished\":\"2025-08-28T20:34:26+00:00\",\"dateModified\":\"2025-08-29T15:01:44+00:00\",\"description\":\"Discover large grocery chains technology. Enterprise grocery solutions is built to scale and optimize performance throughout your business.\",\"breadcrumb\":{\"@id\":\"https:\\\/\\\/ravyx.com\\\/solutions\\\/technology-stacks-for-large-grocery-chains\\\/#breadcrumb\"},\"inLanguage\":\"es-DO\",\"potentialAction\":[{\"@type\":\"ReadAction\",\"target\":[\"https:\\\/\\\/ravyx.com\\\/solutions\\\/technology-stacks-for-large-grocery-chains\\\/\"]}]},{\"@type\":\"ImageObject\",\"inLanguage\":\"es-DO\",\"@id\":\"https:\\\/\\\/ravyx.com\\\/solutions\\\/technology-stacks-for-large-grocery-chains\\\/#primaryimage\",\"url\":\"https:\\\/\\\/ravyx.com\\\/wp-content\\\/uploads\\\/2025\\\/08\\\/supermarket-949913_1280-1024x678.jpg\",\"contentUrl\":\"https:\\\/\\\/ravyx.com\\\/wp-content\\\/uploads\\\/2025\\\/08\\\/supermarket-949913_1280-1024x678.jpg\"},{\"@type\":\"BreadcrumbList\",\"@id\":\"https:\\\/\\\/ravyx.com\\\/solutions\\\/technology-stacks-for-large-grocery-chains\\\/#breadcrumb\",\"itemListElement\":[{\"@type\":\"ListItem\",\"position\":1,\"name\":\"Home\",\"item\":\"https:\\\/\\\/ravyx.com\\\/\"},{\"@type\":\"ListItem\",\"position\":2,\"name\":\"Solutions\",\"item\":\"https:\\\/\\\/ravyx.com\\\/solutions\\\/\"},{\"@type\":\"ListItem\",\"position\":3,\"name\":\"Technology Stacks for Large Grocery Chains\"}]},{\"@type\":\"WebSite\",\"@id\":\"https:\\\/\\\/ravyx.com\\\/#website\",\"url\":\"https:\\\/\\\/ravyx.com\\\/\",\"name\":\"Ravyx\",\"description\":\"Proven Grocery Technologies\",\"publisher\":{\"@id\":\"https:\\\/\\\/ravyx.com\\\/#organization\"},\"potentialAction\":[{\"@type\":\"SearchAction\",\"target\":{\"@type\":\"EntryPoint\",\"urlTemplate\":\"https:\\\/\\\/ravyx.com\\\/?s={search_term_string}\"},\"query-input\":{\"@type\":\"PropertyValueSpecification\",\"valueRequired\":true,\"valueName\":\"search_term_string\"}}],\"inLanguage\":\"es-DO\"},{\"@type\":\"Organization\",\"@id\":\"https:\\\/\\\/ravyx.com\\\/#organization\",\"name\":\"Ravyx\",\"url\":\"https:\\\/\\\/ravyx.com\\\/\",\"logo\":{\"@type\":\"ImageObject\",\"inLanguage\":\"es-DO\",\"@id\":\"https:\\\/\\\/ravyx.com\\\/#\\\/schema\\\/logo\\\/image\\\/\",\"url\":\"https:\\\/\\\/ravyx.com\\\/wp-content\\\/uploads\\\/2023\\\/09\\\/generic-brand-1.jpg\",\"contentUrl\":\"https:\\\/\\\/ravyx.com\\\/wp-content\\\/uploads\\\/2023\\\/09\\\/generic-brand-1.jpg\",\"width\":1200,\"height\":1200,\"caption\":\"Ravyx\"},\"image\":{\"@id\":\"https:\\\/\\\/ravyx.com\\\/#\\\/schema\\\/logo\\\/image\\\/\"},\"sameAs\":[\"https:\\\/\\\/www.facebook.com\\\/stcrpos\",\"https:\\\/\\\/x.com\\\/stcrpos\",\"https:\\\/\\\/www.linkedin.com\\\/company\\\/stcr\\\/\",\"https:\\\/\\\/www.youtube.com\\\/channel\\\/UCSWcsJARYjaQnz0T5o4p9DQ\"]}]}<\/script>\n<!-- \/ Yoast SEO plugin. -->","yoast_head_json":{"title":"Large Grocery Chains Technology | Ravyx","description":"Discover large grocery chains technology. Enterprise grocery solutions is built to scale and optimize performance throughout your business.","robots":{"index":"index","follow":"follow","max-snippet":"max-snippet:-1","max-image-preview":"max-image-preview:large","max-video-preview":"max-video-preview:-1"},"canonical":"https:\/\/ravyx.com\/es\/solutions\/technology-stacks-for-large-grocery-chains\/","og_locale":"es_ES","og_type":"article","og_title":"Large Grocery Chains Technology | Ravyx","og_description":"Discover large grocery chains technology. Enterprise grocery solutions is built to scale and optimize performance throughout your business.","og_url":"https:\/\/ravyx.com\/es\/solutions\/technology-stacks-for-large-grocery-chains\/","og_site_name":"Ravyx","article_publisher":"https:\/\/www.facebook.com\/stcrpos","article_modified_time":"2025-08-29T15:01:44+00:00","og_image":[{"url":"https:\/\/ravyx.com\/wp-content\/uploads\/2025\/08\/supermarket-949913_1280-1024x678.jpg","type":"","width":"","height":""}],"twitter_card":"summary_large_image","twitter_site":"@stcrpos","twitter_misc":{"Est. reading time":"3 minutos"},"schema":{"@context":"https:\/\/schema.org","@graph":[{"@type":"WebPage","@id":"https:\/\/ravyx.com\/solutions\/technology-stacks-for-large-grocery-chains\/","url":"https:\/\/ravyx.com\/solutions\/technology-stacks-for-large-grocery-chains\/","name":"Large Grocery Chains Technology | Ravyx","isPartOf":{"@id":"https:\/\/ravyx.com\/#website"},"primaryImageOfPage":{"@id":"https:\/\/ravyx.com\/solutions\/technology-stacks-for-large-grocery-chains\/#primaryimage"},"image":{"@id":"https:\/\/ravyx.com\/solutions\/technology-stacks-for-large-grocery-chains\/#primaryimage"},"thumbnailUrl":"https:\/\/ravyx.com\/wp-content\/uploads\/2025\/08\/supermarket-949913_1280-1024x678.jpg","datePublished":"2025-08-28T20:34:26+00:00","dateModified":"2025-08-29T15:01:44+00:00","description":"Discover large grocery chains technology. Enterprise grocery solutions is built to scale and optimize performance throughout your business.","breadcrumb":{"@id":"https:\/\/ravyx.com\/solutions\/technology-stacks-for-large-grocery-chains\/#breadcrumb"},"inLanguage":"es-DO","potentialAction":[{"@type":"ReadAction","target":["https:\/\/ravyx.com\/solutions\/technology-stacks-for-large-grocery-chains\/"]}]},{"@type":"ImageObject","inLanguage":"es-DO","@id":"https:\/\/ravyx.com\/solutions\/technology-stacks-for-large-grocery-chains\/#primaryimage","url":"https:\/\/ravyx.com\/wp-content\/uploads\/2025\/08\/supermarket-949913_1280-1024x678.jpg","contentUrl":"https:\/\/ravyx.com\/wp-content\/uploads\/2025\/08\/supermarket-949913_1280-1024x678.jpg"},{"@type":"BreadcrumbList","@id":"https:\/\/ravyx.com\/solutions\/technology-stacks-for-large-grocery-chains\/#breadcrumb","itemListElement":[{"@type":"ListItem","position":1,"name":"Home","item":"https:\/\/ravyx.com\/"},{"@type":"ListItem","position":2,"name":"Solutions","item":"https:\/\/ravyx.com\/solutions\/"},{"@type":"ListItem","position":3,"name":"Technology Stacks for Large Grocery Chains"}]},{"@type":"WebSite","@id":"https:\/\/ravyx.com\/#website","url":"https:\/\/ravyx.com\/","name":"Ravyx","description":"Proven Grocery Technologies","publisher":{"@id":"https:\/\/ravyx.com\/#organization"},"potentialAction":[{"@type":"SearchAction","target":{"@type":"EntryPoint","urlTemplate":"https:\/\/ravyx.com\/?s={search_term_string}"},"query-input":{"@type":"PropertyValueSpecification","valueRequired":true,"valueName":"search_term_string"}}],"inLanguage":"es-DO"},{"@type":"Organization","@id":"https:\/\/ravyx.com\/#organization","name":"Ravyx","url":"https:\/\/ravyx.com\/","logo":{"@type":"ImageObject","inLanguage":"es-DO","@id":"https:\/\/ravyx.com\/#\/schema\/logo\/image\/","url":"https:\/\/ravyx.com\/wp-content\/uploads\/2023\/09\/generic-brand-1.jpg","contentUrl":"https:\/\/ravyx.com\/wp-content\/uploads\/2023\/09\/generic-brand-1.jpg","width":1200,"height":1200,"caption":"Ravyx"},"image":{"@id":"https:\/\/ravyx.com\/#\/schema\/logo\/image\/"},"sameAs":["https:\/\/www.facebook.com\/stcrpos","https:\/\/x.com\/stcrpos","https:\/\/www.linkedin.com\/company\/stcr\/","https:\/\/www.youtube.com\/channel\/UCSWcsJARYjaQnz0T5o4p9DQ"]}]}},"_links":{"self":[{"href":"https:\/\/ravyx.com\/es\/wp-json\/wp\/v2\/pages\/3913","targetHints":{"allow":["GET"]}}],"collection":[{"href":"https:\/\/ravyx.com\/es\/wp-json\/wp\/v2\/pages"}],"about":[{"href":"https:\/\/ravyx.com\/es\/wp-json\/wp\/v2\/types\/page"}],"author":[{"embeddable":true,"href":"https:\/\/ravyx.com\/es\/wp-json\/wp\/v2\/users\/13"}],"replies":[{"embeddable":true,"href":"https:\/\/ravyx.com\/es\/wp-json\/wp\/v2\/comments?post=3913"}],"version-history":[{"count":0,"href":"https:\/\/ravyx.com\/es\/wp-json\/wp\/v2\/pages\/3913\/revisions"}],"up":[{"embeddable":true,"href":"https:\/\/ravyx.com\/es\/wp-json\/wp\/v2\/pages\/587"}],"wp:attachment":[{"href":"https:\/\/ravyx.com\/es\/wp-json\/wp\/v2\/media?parent=3913"}],"curies":[{"name":"wp","href":"https:\/\/api.w.org\/{rel}","templated":true}]}}