{"id":3902,"date":"2025-08-28T14:46:22","date_gmt":"2025-08-28T18:46:22","guid":{"rendered":"https:\/\/ravyx.com\/?page_id=3902"},"modified":"2025-12-19T09:42:14","modified_gmt":"2025-12-19T14:42:14","slug":"technology-solutions-for-the-independent-grocer","status":"publish","type":"page","link":"https:\/\/ravyx.com\/es\/solutions\/technology-solutions-for-the-independent-grocer\/","title":{"rendered":"Soluciones tecnol\u00f3gicas para tiendas de comestibles independientes"},"content":{"rendered":"<h2 class=\"wp-block-heading has-text-align-center\">Empoderar a los comerciantes independientes con herramientas para competir y prosperar<\/h2>\n\n\n\n<p>Los comercios minoristas independientes desempe\u00f1an un papel fundamental en sus comunidades, ya que ofrecen un servicio personalizado, productos locales y una experiencia de compra de confianza. Sin embargo, competir con las cadenas nacionales conlleva una serie de retos: m\u00e1rgenes ajustados, personal limitado y la necesidad de adaptarse a las expectativas de los compradores, que cambian r\u00e1pidamente. Ah\u00ed es donde entra en juego Ravyx.<\/p>\n\n\n\n<p>Ofrecemos tecnolog\u00eda para tiendas de comestibles independientes que le ayuda a optimizar las operaciones, mejorar la eficiencia y fortalecer la lealtad de los clientes, sin la complejidad ni el costo de los sistemas empresariales.<\/p>\n\n\n\n<div class=\"wp-block-columns is-layout-flex wp-container-core-columns-is-layout-9d6595d7 wp-block-columns-is-layout-flex\">\n<div class=\"wp-block-column is-layout-flow wp-block-column-is-layout-flow\">\n<h2 class=\"wp-block-heading\">\u00bfQu\u00e9? <strong>\u00bfA qu\u00e9 retos se enfrentan los comercios minoristas independientes?<\/strong> \u00bfHoy?<\/h2>\n\n\n\n<ul class=\"wp-block-list\">\n<li><strong>Recursos limitados:<\/strong> Equilibrar el crecimiento con las limitaciones presupuestarias y de personal.<\/li>\n\n\n\n<li><strong>Presi\u00f3n competitiva:<\/strong> Competir con cadenas m\u00e1s grandes que ofrecen comodidad y escala.<\/li>\n\n\n\n<li><strong>Eficiencia operativa:<\/strong> Gesti\u00f3n de p\u00e9rdidas, inventario y rapidez en el proceso de pago.<\/li>\n\n\n\n<li><strong>Expectativas de los clientes:<\/strong> Los compradores esperan promociones personalizadas, programas de fidelizaci\u00f3n y opciones digitales modernas.<\/li>\n<\/ul>\n\n\n\n<div class=\"wp-block-buttons is-content-justification-center is-layout-flex wp-container-core-buttons-is-layout-16018d1d wp-block-buttons-is-layout-flex\">\n<div class=\"wp-block-button\"><a class=\"wp-block-button__link wp-element-button\" href=\"https:\/\/ravyx.com\/es\/contact-us\/\" style=\"border-radius:0px\">Encuentre una mejor soluci\u00f3n<\/a><\/div>\n<\/div>\n<\/div>\n\n\n\n<div class=\"wp-block-column is-layout-flow wp-block-column-is-layout-flow\"><div class=\"wp-block-image\">\n<figure class=\"alignleft size-large\"><img loading=\"lazy\" decoding=\"async\" width=\"1024\" height=\"684\" src=\"https:\/\/ravyx.com\/wp-content\/uploads\/2025\/08\/pexels-kampus-8422730-1024x684.jpg\" alt=\"independent grocer\" class=\"wp-image-3903\" srcset=\"https:\/\/ravyx.com\/wp-content\/uploads\/2025\/08\/pexels-kampus-8422730-1024x684.jpg 1024w, https:\/\/ravyx.com\/wp-content\/uploads\/2025\/08\/pexels-kampus-8422730-300x200.jpg 300w, https:\/\/ravyx.com\/wp-content\/uploads\/2025\/08\/pexels-kampus-8422730-768x513.jpg 768w, https:\/\/ravyx.com\/wp-content\/uploads\/2025\/08\/pexels-kampus-8422730-1536x1026.jpg 1536w, https:\/\/ravyx.com\/wp-content\/uploads\/2025\/08\/pexels-kampus-8422730-18x12.jpg 18w, https:\/\/ravyx.com\/wp-content\/uploads\/2025\/08\/pexels-kampus-8422730.jpg 1920w\" sizes=\"auto, (max-width: 1024px) 100vw, 1024px\" \/><\/figure>\n<\/div><\/div>\n<\/div>\n\n\n\n<div class=\"block-inline-cta wpx-custom-block\" id=\"acf-inline-cta2089\">\n\n\t<div class=\"inline-cta-inner\">\n\t\t\n\t\t<h3 class=\"inline-cta-title\">\u201cDesde que nos asociamos con Ravyx, hemos observado grandes mejoras en nuestras operaciones diarias y en la experiencia general del cliente. Durante la puesta en marcha del programa piloto \u2018Get the Good Stuff\u2019 en nuestra tienda del Bronx, el equipo de implementaci\u00f3n fue excelente y la comunicaci\u00f3n a lo largo del proyecto fue muy buena\u201d.\u201d<\/h3>\t\t<p>\u2014 Frank Pimentel, Key Foods<\/p>\n\t\t\n\t<\/div>\n\n<\/div>\n\n\n<h2 class=\"wp-block-heading has-text-align-center\"><strong>Tecnolog\u00eda para el comerciante independiente<\/strong><\/h2>\n\n\n\n<div class=\"wp-block-columns is-layout-flex wp-container-core-columns-is-layout-9d6595d7 wp-block-columns-is-layout-flex\">\n<div class=\"wp-block-column is-layout-flow wp-block-column-is-layout-flow\"><div class=\"wp-block-image\">\n<figure class=\"aligncenter size-full is-resized\"><img loading=\"lazy\" decoding=\"async\" width=\"940\" height=\"788\" src=\"https:\/\/ravyx.com\/wp-content\/uploads\/2025\/08\/POS.png\" alt=\"\" class=\"wp-image-3904\" style=\"aspect-ratio:1;object-fit:cover;width:150px\" srcset=\"https:\/\/ravyx.com\/wp-content\/uploads\/2025\/08\/POS.png 940w, https:\/\/ravyx.com\/wp-content\/uploads\/2025\/08\/POS-300x251.png 300w, https:\/\/ravyx.com\/wp-content\/uploads\/2025\/08\/POS-768x644.png 768w, https:\/\/ravyx.com\/wp-content\/uploads\/2025\/08\/POS-14x12.png 14w\" sizes=\"auto, (max-width: 940px) 100vw, 940px\" \/><\/figure>\n<\/div>\n\n\n<h3 class=\"wp-block-heading has-text-align-center\">Interfaz de usuario<\/h3>\n\n\n\n<p>R\u00e1pido, confiable y f\u00e1cil de aprender para el personal. Soluciones modulares dise\u00f1adas seg\u00fan sus necesidades espec\u00edficas.<\/p>\n<\/div>\n\n\n\n<div class=\"wp-block-column is-layout-flow wp-block-column-is-layout-flow\"><div class=\"wp-block-image\">\n<figure class=\"aligncenter size-full is-resized\"><img loading=\"lazy\" decoding=\"async\" width=\"940\" height=\"788\" src=\"https:\/\/ravyx.com\/wp-content\/uploads\/2025\/08\/Back-Office.png\" alt=\"\" class=\"wp-image-3905\" style=\"aspect-ratio:1;object-fit:cover;width:150px\" srcset=\"https:\/\/ravyx.com\/wp-content\/uploads\/2025\/08\/Back-Office.png 940w, https:\/\/ravyx.com\/wp-content\/uploads\/2025\/08\/Back-Office-300x251.png 300w, https:\/\/ravyx.com\/wp-content\/uploads\/2025\/08\/Back-Office-768x644.png 768w, https:\/\/ravyx.com\/wp-content\/uploads\/2025\/08\/Back-Office-14x12.png 14w\" sizes=\"auto, (max-width: 940px) 100vw, 940px\" \/><\/figure>\n<\/div>\n\n\n<h3 class=\"wp-block-heading has-text-align-center\">Oficina administrativa<\/h3>\n\n\n\n<p>Ahorre tiempo con informes, contabilidad y an\u00e1lisis de datos optimizados.<\/p>\n<\/div>\n\n\n\n<div class=\"wp-block-column is-layout-flow wp-block-column-is-layout-flow\"><div class=\"wp-block-image\">\n<figure class=\"aligncenter size-full is-resized\"><img loading=\"lazy\" decoding=\"async\" width=\"940\" height=\"788\" src=\"https:\/\/ravyx.com\/wp-content\/uploads\/2025\/08\/Integration.png\" alt=\"\" class=\"wp-image-3908\" style=\"aspect-ratio:1;object-fit:cover;width:150px\" srcset=\"https:\/\/ravyx.com\/wp-content\/uploads\/2025\/08\/Integration.png 940w, https:\/\/ravyx.com\/wp-content\/uploads\/2025\/08\/Integration-300x251.png 300w, https:\/\/ravyx.com\/wp-content\/uploads\/2025\/08\/Integration-768x644.png 768w, https:\/\/ravyx.com\/wp-content\/uploads\/2025\/08\/Integration-14x12.png 14w\" sizes=\"auto, (max-width: 940px) 100vw, 940px\" \/><\/figure>\n<\/div>\n\n\n<h3 class=\"wp-block-heading has-text-align-center\">Integraciones<\/h3>\n\n\n\n<p>Bringing your store operations and third-party partners together in a single, seamless system.<\/p>\n<\/div>\n<\/div>\n\n\n\n<div class=\"wp-block-columns is-layout-flex wp-container-core-columns-is-layout-9d6595d7 wp-block-columns-is-layout-flex\">\n<div class=\"wp-block-column is-layout-flow wp-block-column-is-layout-flow\"><div class=\"wp-block-image\">\n<figure class=\"aligncenter size-full is-resized\"><img loading=\"lazy\" decoding=\"async\" width=\"940\" height=\"788\" src=\"https:\/\/ravyx.com\/wp-content\/uploads\/2025\/08\/Inventory-management-1.png\" alt=\"\" class=\"wp-image-3907\" style=\"aspect-ratio:1;object-fit:cover;width:150px\" srcset=\"https:\/\/ravyx.com\/wp-content\/uploads\/2025\/08\/Inventory-management-1.png 940w, https:\/\/ravyx.com\/wp-content\/uploads\/2025\/08\/Inventory-management-1-300x251.png 300w, https:\/\/ravyx.com\/wp-content\/uploads\/2025\/08\/Inventory-management-1-768x644.png 768w, https:\/\/ravyx.com\/wp-content\/uploads\/2025\/08\/Inventory-management-1-14x12.png 14w\" sizes=\"auto, (max-width: 940px) 100vw, 940px\" \/><\/figure>\n<\/div>\n\n\n<h3 class=\"wp-block-heading has-text-align-center\">Gesti\u00f3n de inventario<\/h3>\n\n\n\n<p>Reduzca las p\u00e9rdidas, mejore la visibilidad y mantenga los estantes abastecidos con lo que sus clientes desean.<\/p>\n<\/div>\n\n\n\n<div class=\"wp-block-column is-layout-flow wp-block-column-is-layout-flow\"><div class=\"wp-block-image\">\n<figure class=\"aligncenter size-full is-resized\"><img loading=\"lazy\" decoding=\"async\" width=\"940\" height=\"788\" src=\"https:\/\/ravyx.com\/wp-content\/uploads\/2025\/08\/Loss-Prevention-2.png\" alt=\"\" class=\"wp-image-3909\" style=\"aspect-ratio:1;object-fit:cover;width:150px\" srcset=\"https:\/\/ravyx.com\/wp-content\/uploads\/2025\/08\/Loss-Prevention-2.png 940w, https:\/\/ravyx.com\/wp-content\/uploads\/2025\/08\/Loss-Prevention-2-300x251.png 300w, https:\/\/ravyx.com\/wp-content\/uploads\/2025\/08\/Loss-Prevention-2-768x644.png 768w, https:\/\/ravyx.com\/wp-content\/uploads\/2025\/08\/Loss-Prevention-2-14x12.png 14w\" sizes=\"auto, (max-width: 940px) 100vw, 940px\" \/><\/figure>\n<\/div>\n\n\n<h3 class=\"wp-block-heading has-text-align-center\">Lealtad y promociones<\/h3>\n\n\n\n<p>Establezca relaciones m\u00e1s s\u00f3lidas con los clientes mediante recompensas espec\u00edficas y campa\u00f1as digitales.<\/p>\n<\/div>\n\n\n\n<div class=\"wp-block-column is-layout-flow wp-block-column-is-layout-flow\"><div class=\"wp-block-image\">\n<figure class=\"aligncenter size-full is-resized\"><img loading=\"lazy\" decoding=\"async\" width=\"940\" height=\"788\" src=\"https:\/\/ravyx.com\/wp-content\/uploads\/2025\/08\/Value-Added-Services.png\" alt=\"\" class=\"wp-image-3910\" style=\"aspect-ratio:1;object-fit:cover;width:150px\" srcset=\"https:\/\/ravyx.com\/wp-content\/uploads\/2025\/08\/Value-Added-Services.png 940w, https:\/\/ravyx.com\/wp-content\/uploads\/2025\/08\/Value-Added-Services-300x251.png 300w, https:\/\/ravyx.com\/wp-content\/uploads\/2025\/08\/Value-Added-Services-768x644.png 768w, https:\/\/ravyx.com\/wp-content\/uploads\/2025\/08\/Value-Added-Services-14x12.png 14w\" sizes=\"auto, (max-width: 940px) 100vw, 940px\" \/><\/figure>\n<\/div>\n\n\n<h3 class=\"wp-block-heading has-text-align-center\">Servicios de valor agregado<\/h3>\n\n\n\n<p>Ampl\u00ede su seguridad con servicios gestionados adaptados a las necesidades de su tienda.<\/p>\n<\/div>\n<\/div>\n\n\n\n<div class=\"block-inline-cta wpx-custom-block\" id=\"acf-inline-cta2774\">\n\n\t<div class=\"inline-cta-inner\">\n\t\t\n\t\t<h3 class=\"inline-cta-title\">Por qu\u00e9 los comerciantes independientes eligen Ravyx<\/h3>\t\t<p>Nos dedicamos a ayudar a los comercios minoristas independientes a triunfar en un mercado competitivo. Tanto si desea modernizar su punto de venta, reducir las p\u00e9rdidas o mejorar la fidelidad de los clientes, nuestras soluciones se adaptan a sus necesidades. \u00bfEst\u00e1 listo para fortalecer su tienda minorista independiente?<\/p>\n\t\t\t\t\t<div class=\"button-group\">\n\t\t\t\t<a href=\"https:\/\/ravyx.com\/es\/contact-us\/\" target=\"\" class=\"wpx-button\">Cont\u00e1ctenos<\/a>\n\t\t\t<\/div>\n\t\t\n\t<\/div>\n\n<\/div>","protected":false},"excerpt":{"rendered":"<p>Empowering Independent Grocers with Tools to Compete and Thrive The Independent grocer plays a vital role in their communities, offering personalized service, local products, and a trusted shopping experience. But competing with national chains comes with challenges \u2014 tight margins, limited staff, and the need to keep up with fast-changing shopper expectations. That\u2019s where Ravyx [&hellip;]<\/p>\n","protected":false},"author":13,"featured_media":0,"parent":587,"menu_order":4,"comment_status":"closed","ping_status":"closed","template":"","meta":{"_acf_changed":true,"footnotes":""},"class_list":["post-3902","page","type-page","status-publish","hentry"],"acf":[],"yoast_head":"<!-- This site is optimized with the Yoast SEO plugin v27.5 - https:\/\/yoast.com\/product\/yoast-seo-wordpress\/ -->\n<title>Independent Grocer Technology | Ravyx<\/title>\n<meta name=\"description\" content=\"Discover technology for the independent grocer. At Ravyx, we help you compete, reduce shrink, and grow your business.\" \/>\n<meta name=\"robots\" content=\"index, follow, max-snippet:-1, max-image-preview:large, max-video-preview:-1\" \/>\n<link rel=\"canonical\" href=\"https:\/\/ravyx.com\/es\/solutions\/technology-solutions-for-the-independent-grocer\/\" \/>\n<meta property=\"og:locale\" content=\"es_ES\" \/>\n<meta property=\"og:type\" content=\"article\" \/>\n<meta property=\"og:title\" content=\"Independent Grocer Technology | Ravyx\" \/>\n<meta property=\"og:description\" content=\"Discover technology for the independent grocer. At Ravyx, we help you compete, reduce shrink, and grow your business.\" \/>\n<meta property=\"og:url\" content=\"https:\/\/ravyx.com\/es\/solutions\/technology-solutions-for-the-independent-grocer\/\" \/>\n<meta property=\"og:site_name\" content=\"Ravyx\" \/>\n<meta property=\"article:publisher\" content=\"https:\/\/www.facebook.com\/stcrpos\" \/>\n<meta property=\"article:modified_time\" content=\"2025-12-19T14:42:14+00:00\" \/>\n<meta property=\"og:image\" content=\"https:\/\/ravyx.com\/wp-content\/uploads\/2025\/08\/pexels-kampus-8422730.jpg\" \/>\n\t<meta property=\"og:image:width\" content=\"1920\" \/>\n\t<meta property=\"og:image:height\" content=\"1282\" \/>\n\t<meta property=\"og:image:type\" content=\"image\/jpeg\" \/>\n<meta name=\"twitter:card\" content=\"summary_large_image\" \/>\n<meta name=\"twitter:site\" content=\"@stcrpos\" \/>\n<meta name=\"twitter:label1\" content=\"Est. reading time\" \/>\n\t<meta name=\"twitter:data1\" content=\"3 minutos\" \/>\n<script type=\"application\/ld+json\" class=\"yoast-schema-graph\">{\"@context\":\"https:\\\/\\\/schema.org\",\"@graph\":[{\"@type\":\"WebPage\",\"@id\":\"https:\\\/\\\/ravyx.com\\\/solutions\\\/technology-solutions-for-the-independent-grocer\\\/\",\"url\":\"https:\\\/\\\/ravyx.com\\\/solutions\\\/technology-solutions-for-the-independent-grocer\\\/\",\"name\":\"Independent Grocer Technology | Ravyx\",\"isPartOf\":{\"@id\":\"https:\\\/\\\/ravyx.com\\\/#website\"},\"primaryImageOfPage\":{\"@id\":\"https:\\\/\\\/ravyx.com\\\/solutions\\\/technology-solutions-for-the-independent-grocer\\\/#primaryimage\"},\"image\":{\"@id\":\"https:\\\/\\\/ravyx.com\\\/solutions\\\/technology-solutions-for-the-independent-grocer\\\/#primaryimage\"},\"thumbnailUrl\":\"https:\\\/\\\/ravyx.com\\\/wp-content\\\/uploads\\\/2025\\\/08\\\/pexels-kampus-8422730-1024x684.jpg\",\"datePublished\":\"2025-08-28T18:46:22+00:00\",\"dateModified\":\"2025-12-19T14:42:14+00:00\",\"description\":\"Discover technology for the independent grocer. At Ravyx, we help you compete, reduce shrink, and grow your business.\",\"breadcrumb\":{\"@id\":\"https:\\\/\\\/ravyx.com\\\/solutions\\\/technology-solutions-for-the-independent-grocer\\\/#breadcrumb\"},\"inLanguage\":\"es-DO\",\"potentialAction\":[{\"@type\":\"ReadAction\",\"target\":[\"https:\\\/\\\/ravyx.com\\\/solutions\\\/technology-solutions-for-the-independent-grocer\\\/\"]}]},{\"@type\":\"ImageObject\",\"inLanguage\":\"es-DO\",\"@id\":\"https:\\\/\\\/ravyx.com\\\/solutions\\\/technology-solutions-for-the-independent-grocer\\\/#primaryimage\",\"url\":\"https:\\\/\\\/ravyx.com\\\/wp-content\\\/uploads\\\/2025\\\/08\\\/pexels-kampus-8422730-1024x684.jpg\",\"contentUrl\":\"https:\\\/\\\/ravyx.com\\\/wp-content\\\/uploads\\\/2025\\\/08\\\/pexels-kampus-8422730-1024x684.jpg\"},{\"@type\":\"BreadcrumbList\",\"@id\":\"https:\\\/\\\/ravyx.com\\\/solutions\\\/technology-solutions-for-the-independent-grocer\\\/#breadcrumb\",\"itemListElement\":[{\"@type\":\"ListItem\",\"position\":1,\"name\":\"Home\",\"item\":\"https:\\\/\\\/ravyx.com\\\/\"},{\"@type\":\"ListItem\",\"position\":2,\"name\":\"Solutions\",\"item\":\"https:\\\/\\\/ravyx.com\\\/solutions\\\/\"},{\"@type\":\"ListItem\",\"position\":3,\"name\":\"Technology Solutions for Independent Grocers\"}]},{\"@type\":\"WebSite\",\"@id\":\"https:\\\/\\\/ravyx.com\\\/#website\",\"url\":\"https:\\\/\\\/ravyx.com\\\/\",\"name\":\"Ravyx\",\"description\":\"Proven Grocery Technologies\",\"publisher\":{\"@id\":\"https:\\\/\\\/ravyx.com\\\/#organization\"},\"potentialAction\":[{\"@type\":\"SearchAction\",\"target\":{\"@type\":\"EntryPoint\",\"urlTemplate\":\"https:\\\/\\\/ravyx.com\\\/?s={search_term_string}\"},\"query-input\":{\"@type\":\"PropertyValueSpecification\",\"valueRequired\":true,\"valueName\":\"search_term_string\"}}],\"inLanguage\":\"es-DO\"},{\"@type\":\"Organization\",\"@id\":\"https:\\\/\\\/ravyx.com\\\/#organization\",\"name\":\"Ravyx\",\"url\":\"https:\\\/\\\/ravyx.com\\\/\",\"logo\":{\"@type\":\"ImageObject\",\"inLanguage\":\"es-DO\",\"@id\":\"https:\\\/\\\/ravyx.com\\\/#\\\/schema\\\/logo\\\/image\\\/\",\"url\":\"https:\\\/\\\/ravyx.com\\\/wp-content\\\/uploads\\\/2023\\\/09\\\/generic-brand-1.jpg\",\"contentUrl\":\"https:\\\/\\\/ravyx.com\\\/wp-content\\\/uploads\\\/2023\\\/09\\\/generic-brand-1.jpg\",\"width\":1200,\"height\":1200,\"caption\":\"Ravyx\"},\"image\":{\"@id\":\"https:\\\/\\\/ravyx.com\\\/#\\\/schema\\\/logo\\\/image\\\/\"},\"sameAs\":[\"https:\\\/\\\/www.facebook.com\\\/stcrpos\",\"https:\\\/\\\/x.com\\\/stcrpos\",\"https:\\\/\\\/www.linkedin.com\\\/company\\\/stcr\\\/\",\"https:\\\/\\\/www.youtube.com\\\/channel\\\/UCSWcsJARYjaQnz0T5o4p9DQ\"]}]}<\/script>\n<!-- \/ Yoast SEO plugin. -->","yoast_head_json":{"title":"Independent Grocer Technology | Ravyx","description":"Discover technology for the independent grocer. At Ravyx, we help you compete, reduce shrink, and grow your business.","robots":{"index":"index","follow":"follow","max-snippet":"max-snippet:-1","max-image-preview":"max-image-preview:large","max-video-preview":"max-video-preview:-1"},"canonical":"https:\/\/ravyx.com\/es\/solutions\/technology-solutions-for-the-independent-grocer\/","og_locale":"es_ES","og_type":"article","og_title":"Independent Grocer Technology | Ravyx","og_description":"Discover technology for the independent grocer. At Ravyx, we help you compete, reduce shrink, and grow your business.","og_url":"https:\/\/ravyx.com\/es\/solutions\/technology-solutions-for-the-independent-grocer\/","og_site_name":"Ravyx","article_publisher":"https:\/\/www.facebook.com\/stcrpos","article_modified_time":"2025-12-19T14:42:14+00:00","og_image":[{"width":1920,"height":1282,"url":"https:\/\/ravyx.com\/wp-content\/uploads\/2025\/08\/pexels-kampus-8422730.jpg","type":"image\/jpeg"}],"twitter_card":"summary_large_image","twitter_site":"@stcrpos","twitter_misc":{"Est. reading time":"3 minutos"},"schema":{"@context":"https:\/\/schema.org","@graph":[{"@type":"WebPage","@id":"https:\/\/ravyx.com\/solutions\/technology-solutions-for-the-independent-grocer\/","url":"https:\/\/ravyx.com\/solutions\/technology-solutions-for-the-independent-grocer\/","name":"Independent Grocer Technology | Ravyx","isPartOf":{"@id":"https:\/\/ravyx.com\/#website"},"primaryImageOfPage":{"@id":"https:\/\/ravyx.com\/solutions\/technology-solutions-for-the-independent-grocer\/#primaryimage"},"image":{"@id":"https:\/\/ravyx.com\/solutions\/technology-solutions-for-the-independent-grocer\/#primaryimage"},"thumbnailUrl":"https:\/\/ravyx.com\/wp-content\/uploads\/2025\/08\/pexels-kampus-8422730-1024x684.jpg","datePublished":"2025-08-28T18:46:22+00:00","dateModified":"2025-12-19T14:42:14+00:00","description":"Discover technology for the independent grocer. At Ravyx, we help you compete, reduce shrink, and grow your business.","breadcrumb":{"@id":"https:\/\/ravyx.com\/solutions\/technology-solutions-for-the-independent-grocer\/#breadcrumb"},"inLanguage":"es-DO","potentialAction":[{"@type":"ReadAction","target":["https:\/\/ravyx.com\/solutions\/technology-solutions-for-the-independent-grocer\/"]}]},{"@type":"ImageObject","inLanguage":"es-DO","@id":"https:\/\/ravyx.com\/solutions\/technology-solutions-for-the-independent-grocer\/#primaryimage","url":"https:\/\/ravyx.com\/wp-content\/uploads\/2025\/08\/pexels-kampus-8422730-1024x684.jpg","contentUrl":"https:\/\/ravyx.com\/wp-content\/uploads\/2025\/08\/pexels-kampus-8422730-1024x684.jpg"},{"@type":"BreadcrumbList","@id":"https:\/\/ravyx.com\/solutions\/technology-solutions-for-the-independent-grocer\/#breadcrumb","itemListElement":[{"@type":"ListItem","position":1,"name":"Home","item":"https:\/\/ravyx.com\/"},{"@type":"ListItem","position":2,"name":"Solutions","item":"https:\/\/ravyx.com\/solutions\/"},{"@type":"ListItem","position":3,"name":"Technology Solutions for Independent Grocers"}]},{"@type":"WebSite","@id":"https:\/\/ravyx.com\/#website","url":"https:\/\/ravyx.com\/","name":"Ravyx","description":"Proven Grocery Technologies","publisher":{"@id":"https:\/\/ravyx.com\/#organization"},"potentialAction":[{"@type":"SearchAction","target":{"@type":"EntryPoint","urlTemplate":"https:\/\/ravyx.com\/?s={search_term_string}"},"query-input":{"@type":"PropertyValueSpecification","valueRequired":true,"valueName":"search_term_string"}}],"inLanguage":"es-DO"},{"@type":"Organization","@id":"https:\/\/ravyx.com\/#organization","name":"Ravyx","url":"https:\/\/ravyx.com\/","logo":{"@type":"ImageObject","inLanguage":"es-DO","@id":"https:\/\/ravyx.com\/#\/schema\/logo\/image\/","url":"https:\/\/ravyx.com\/wp-content\/uploads\/2023\/09\/generic-brand-1.jpg","contentUrl":"https:\/\/ravyx.com\/wp-content\/uploads\/2023\/09\/generic-brand-1.jpg","width":1200,"height":1200,"caption":"Ravyx"},"image":{"@id":"https:\/\/ravyx.com\/#\/schema\/logo\/image\/"},"sameAs":["https:\/\/www.facebook.com\/stcrpos","https:\/\/x.com\/stcrpos","https:\/\/www.linkedin.com\/company\/stcr\/","https:\/\/www.youtube.com\/channel\/UCSWcsJARYjaQnz0T5o4p9DQ"]}]}},"_links":{"self":[{"href":"https:\/\/ravyx.com\/es\/wp-json\/wp\/v2\/pages\/3902","targetHints":{"allow":["GET"]}}],"collection":[{"href":"https:\/\/ravyx.com\/es\/wp-json\/wp\/v2\/pages"}],"about":[{"href":"https:\/\/ravyx.com\/es\/wp-json\/wp\/v2\/types\/page"}],"author":[{"embeddable":true,"href":"https:\/\/ravyx.com\/es\/wp-json\/wp\/v2\/users\/13"}],"replies":[{"embeddable":true,"href":"https:\/\/ravyx.com\/es\/wp-json\/wp\/v2\/comments?post=3902"}],"version-history":[{"count":0,"href":"https:\/\/ravyx.com\/es\/wp-json\/wp\/v2\/pages\/3902\/revisions"}],"up":[{"embeddable":true,"href":"https:\/\/ravyx.com\/es\/wp-json\/wp\/v2\/pages\/587"}],"wp:attachment":[{"href":"https:\/\/ravyx.com\/es\/wp-json\/wp\/v2\/media?parent=3902"}],"curies":[{"name":"wp","href":"https:\/\/api.w.org\/{rel}","templated":true}]}}