{"id":3875,"date":"2025-08-08T10:58:06","date_gmt":"2025-08-08T14:58:06","guid":{"rendered":"https:\/\/ravyx.com\/?page_id=3875"},"modified":"2025-08-08T10:58:07","modified_gmt":"2025-08-08T14:58:07","slug":"multi-store-pos","status":"publish","type":"page","link":"https:\/\/ravyx.com\/es\/solutions\/select-products\/multi-store-pos\/","title":{"rendered":"Sistema de punto de venta para m\u00faltiples tiendas"},"content":{"rendered":"<div class=\"wp-block-columns is-layout-flex wp-container-core-columns-is-layout-9d6595d7 wp-block-columns-is-layout-flex\">\n<div class=\"wp-block-column is-layout-flow wp-block-column-is-layout-flow\"><\/div>\n\n\n\n<div class=\"wp-block-column is-layout-flow wp-block-column-is-layout-flow\" style=\"flex-basis:80%\">\n<p class=\"has-text-align-center has-huge-font-size\"><\/p>\n<\/div>\n\n\n\n<div class=\"wp-block-column is-layout-flow wp-block-column-is-layout-flow\"><\/div>\n<\/div>\n\n\n\n<div class=\"wp-block-columns is-layout-flex wp-container-core-columns-is-layout-9d6595d7 wp-block-columns-is-layout-flex\">\n<div class=\"wp-block-column is-layout-flow wp-block-column-is-layout-flow\">\n<h2 class=\"wp-block-heading\">Centralice sus datos con un sistema de punto de venta para m\u00faltiples tiendas<\/h2>\n\n\n\n<p>Como minorista que opera en m\u00faltiples ubicaciones, centralizar sus datos con un sistema de punto de venta para m\u00faltiples tiendas garantiza una comunicaci\u00f3n optimizada e ininterrumpida entre su oficina central y sus sucursales. Esto crea un entorno cohesionado que promueve la eficiencia operativa. Centralizar sus datos tambi\u00e9n permite una gesti\u00f3n m\u00e1s eficaz del inventario, lo que conduce a decisiones informadas basadas en datos en tiempo real. Ventajas clave:<\/p>\n\n\n\n<ul class=\"wp-block-list stylized-list\">\n<li class=\"stylized-list\">Evaluaci\u00f3n r\u00e1pida de los niveles de pegajosidad<\/li>\n\n\n\n<li>Gesti\u00f3n eficaz de las transferencias de existencias<\/li>\n\n\n\n<li>Decisiones basadas en datos que minimizan el desperdicio y maximizan los ingresos.<\/li>\n<\/ul>\n<\/div>\n\n\n\n<div class=\"wp-block-column is-layout-flow wp-block-column-is-layout-flow\">\n<figure class=\"wp-block-image size-full is-resized\"><img loading=\"lazy\" decoding=\"async\" width=\"1920\" height=\"1278\" src=\"https:\/\/ravyx.com\/wp-content\/uploads\/2025\/08\/YUL_0836.jpg\" alt=\"Multi-Store POS System\" class=\"wp-image-3876\" style=\"width:627px;height:auto\" srcset=\"https:\/\/ravyx.com\/wp-content\/uploads\/2025\/08\/YUL_0836.jpg 1920w, https:\/\/ravyx.com\/wp-content\/uploads\/2025\/08\/YUL_0836-300x200.jpg 300w, https:\/\/ravyx.com\/wp-content\/uploads\/2025\/08\/YUL_0836-1024x682.jpg 1024w, https:\/\/ravyx.com\/wp-content\/uploads\/2025\/08\/YUL_0836-768x511.jpg 768w, https:\/\/ravyx.com\/wp-content\/uploads\/2025\/08\/YUL_0836-1536x1022.jpg 1536w, https:\/\/ravyx.com\/wp-content\/uploads\/2025\/08\/YUL_0836-18x12.jpg 18w\" sizes=\"auto, (max-width: 1920px) 100vw, 1920px\" \/><\/figure>\n<\/div>\n<\/div>\n\n\n\n<div class=\"wp-block-columns is-layout-flex wp-container-core-columns-is-layout-9d6595d7 wp-block-columns-is-layout-flex\">\n<div class=\"wp-block-column order-1 is-layout-flow wp-block-column-is-layout-flow\">\n<figure class=\"wp-block-image size-full is-resized\"><img loading=\"lazy\" decoding=\"async\" width=\"1920\" height=\"1091\" src=\"https:\/\/ravyx.com\/wp-content\/uploads\/2025\/08\/Dashboard.png\" alt=\"\" class=\"wp-image-3877\" style=\"aspect-ratio:1.4772234273318872;width:595px;height:auto\" srcset=\"https:\/\/ravyx.com\/wp-content\/uploads\/2025\/08\/Dashboard.png 1920w, https:\/\/ravyx.com\/wp-content\/uploads\/2025\/08\/Dashboard-300x170.png 300w, https:\/\/ravyx.com\/wp-content\/uploads\/2025\/08\/Dashboard-1024x582.png 1024w, https:\/\/ravyx.com\/wp-content\/uploads\/2025\/08\/Dashboard-768x436.png 768w, https:\/\/ravyx.com\/wp-content\/uploads\/2025\/08\/Dashboard-1536x873.png 1536w, https:\/\/ravyx.com\/wp-content\/uploads\/2025\/08\/Dashboard-18x10.png 18w\" sizes=\"auto, (max-width: 1920px) 100vw, 1920px\" \/><\/figure>\n<\/div>\n\n\n\n<div class=\"wp-block-column order-2 is-layout-flow wp-block-column-is-layout-flow\">\n<h2 class=\"wp-block-heading\">Aprovechamiento para la supervisi\u00f3n del rendimiento en tiempo real<\/h2>\n\n\n\n<p>Con nuestro sistema de punto de venta para m\u00faltiples tiendas, puede aprovechar los informes del panel de control en tiempo real para supervisar meticulosamente el rendimiento de sus tiendas. Haga que su sistema realice un seguimiento de m\u00e9tricas como:<\/p>\n\n\n\n<ul class=\"wp-block-list stylized-list\">\n<li class=\"stylized-list\">Ventas por empleado<\/li>\n\n\n\n<li>Historial de ventas<\/li>\n\n\n\n<li>Niveles de inventario<\/li>\n<\/ul>\n<\/div>\n<\/div>\n\n\n\n<div class=\"wp-block-columns is-layout-flex wp-container-core-columns-is-layout-9d6595d7 wp-block-columns-is-layout-flex\">\n<div class=\"wp-block-column is-layout-flow wp-block-column-is-layout-flow\">\n<h2 class=\"wp-block-heading\">C\u00f3mo ahorrar tiempo y dinero a tu empresa<\/h2>\n\n\n\n<p>La integraci\u00f3n de nuestro sistema de punto de venta para m\u00faltiples tiendas puede optimizar significativamente sus procedimientos, lo que se traduce en un importante ahorro de tiempo y un aumento de la eficiencia en toda su cadena de tiendas minoristas, al mantener de forma centralizada datos cruciales como:<\/p>\n\n\n\n<ul class=\"wp-block-list stylized-list\">\n<li class=\"stylized-list\">Recuentos de inventario<\/li>\n\n\n\n<li>Informes de ventas<\/li>\n\n\n\n<li>Bases de datos de clientes<\/li>\n\n\n\n<li>Bases de datos de empleados<\/li>\n<\/ul>\n<\/div>\n\n\n\n<div class=\"wp-block-column is-layout-flow wp-block-column-is-layout-flow\">\n<figure class=\"wp-block-image size-full is-resized\"><img loading=\"lazy\" decoding=\"async\" width=\"1200\" height=\"900\" src=\"https:\/\/ravyx.com\/wp-content\/uploads\/2025\/06\/10.png\" alt=\"\" class=\"wp-image-3742\" style=\"width:619px;height:auto\" srcset=\"https:\/\/ravyx.com\/wp-content\/uploads\/2025\/06\/10.png 1200w, https:\/\/ravyx.com\/wp-content\/uploads\/2025\/06\/10-300x225.png 300w, https:\/\/ravyx.com\/wp-content\/uploads\/2025\/06\/10-1024x768.png 1024w, https:\/\/ravyx.com\/wp-content\/uploads\/2025\/06\/10-768x576.png 768w, https:\/\/ravyx.com\/wp-content\/uploads\/2025\/06\/10-16x12.png 16w\" sizes=\"auto, (max-width: 1200px) 100vw, 1200px\" \/><\/figure>\n<\/div>\n<\/div>\n\n\n\n<div class=\"block-inline-cta wpx-custom-block\" id=\"acf-inline-cta4498\">\n\n\t<div class=\"inline-cta-inner\">\n\t\t\n\t\t<h3 class=\"inline-cta-title\">\u00bfListo para aprender m\u00e1s?<\/h3>\t\t<p>P\u00f3ngase en contacto con nuestro equipo de expertos para descubrir c\u00f3mo nuestra tecnolog\u00eda puede beneficiar a su cadena de tiendas.<\/p>\n\t\t\t\t\t<div class=\"button-group\">\n\t\t\t\t<a href=\"https:\/\/ravyx.com\/es\/contact-us\/\" target=\"\" class=\"wpx-button\">CONT\u00c1CTENOS<\/a>\n\t\t\t<\/div>\n\t\t\n\t<\/div>\n\n<\/div>\n\n\n<h2 class=\"wp-block-heading has-text-align-center\">M\u00e1s informaci\u00f3n sobre nuestras soluciones:<\/h2>\n\n\n\n<section class=\"block-related wpx-custom-block\" id=\"acf-related-pages5159\">\n\n\t\t\n\t<div class=\"related-inner\">\n\n\t\t\n\t\t\t<article class=\"related-page\">\n\t\t\t\t<a href=\"https:\/\/ravyx.com\/es\/are-out-stock-items-hurting-your-online-grocery-sales\/\">\n\t\t\t\t\t<div class=\"related-page-thumb\">\n\t\t\t\t\t\t\t\t\t\t\t\t<img decoding=\"async\" src=\"https:\/\/ravyx.com\/wp-content\/uploads\/2023\/10\/Are-Out-of-Stock-Items-Hurting-Your-Online-Grocery-Sales_-880x636.jpg\" alt=\"\" srcset=\"\" sizes=\"(max-width: 880px) 100vw, 880px\">\n\t\t\t\t\t<\/div>\n\t\t\t\t\t<div class=\"related-page-header\">\n\t\t\t\t\t\t<h1 class=\"related-page-title\">C\u00f3mo evitar que los art\u00edculos agotados afecten negativamente a tus ventas de comestibles en l\u00ednea.<\/h1>\n\t\t\t\t\t<\/div>\n\t\t\t\t<\/a>\n\t\t\t<\/article>\n\n\t\t\t\n\t\t\n\t\t\t<article class=\"related-page\">\n\t\t\t\t<a href=\"https:\/\/ravyx.com\/es\/how-upgrade-store-shopping-grocery-technology\/\">\n\t\t\t\t\t<div class=\"related-page-thumb\">\n\t\t\t\t\t\t\t\t\t\t\t\t<img decoding=\"async\" src=\"https:\/\/ravyx.com\/wp-content\/uploads\/2023\/10\/How-To-Upgrade-In-Store-Shopping-With-Grocery-Technology-1-880x636.jpg\" alt=\"\" srcset=\"\" sizes=\"(max-width: 880px) 100vw, 880px\">\n\t\t\t\t\t<\/div>\n\t\t\t\t\t<div class=\"related-page-header\">\n\t\t\t\t\t\t<h1 class=\"related-page-title\">C\u00f3mo mejorar la experiencia de compra en la tienda con tecnolog\u00eda para supermercados<\/h1>\n\t\t\t\t\t<\/div>\n\t\t\t\t<\/a>\n\t\t\t<\/article>\n\n\t\t\t\n\t\t\n\t\t\t<article class=\"related-page\">\n\t\t\t\t<a href=\"https:\/\/ravyx.com\/es\/bringing-digital-experiences-shoppers-carts\/\">\n\t\t\t\t\t<div class=\"related-page-thumb\">\n\t\t\t\t\t\t\t\t\t\t\t\t<img decoding=\"async\" src=\"https:\/\/ravyx.com\/wp-content\/uploads\/2023\/09\/generic-blog-img-880x601.jpg\" alt=\"\" srcset=\"\" sizes=\"(max-width: 880px) 100vw, 880px\">\n\t\t\t\t\t<\/div>\n\t\t\t\t\t<div class=\"related-page-header\">\n\t\t\t\t\t\t<h1 class=\"related-page-title\">Llevando las experiencias digitales a los carritos de los compradores<\/h1>\n\t\t\t\t\t<\/div>\n\t\t\t\t<\/a>\n\t\t\t<\/article>\n\n\t\t\t\n\t\t\n\t<\/div>\n\n<\/section>\n\n\n\n\n<p class=\"has-text-align-center\"><a href=\"https:\/\/ravyx.com\/es\/2-ways-self-checkout-technology-advancing\/\"><\/a><\/p>","protected":false},"excerpt":{"rendered":"<p>POS applications like LOC SMS and Toshiba ACE &#038; Elera give you all the features you need to run your business in an integrated way.<\/p>","protected":false},"author":13,"featured_media":0,"parent":668,"menu_order":7,"comment_status":"closed","ping_status":"closed","template":"","meta":{"_acf_changed":true,"footnotes":""},"class_list":["post-3875","page","type-page","status-publish","hentry"],"acf":[],"yoast_head":"<!-- This site is optimized with the Yoast SEO plugin v27.5 - https:\/\/yoast.com\/product\/yoast-seo-wordpress\/ -->\n<title>Anti-Virus and Backup Services | Ravyx<\/title>\n<meta name=\"description\" content=\"Learn more about our complimentary services, including anti-virus and backups, networking, and more. We offer a full-service solution.\" \/>\n<meta name=\"robots\" content=\"index, follow, max-snippet:-1, max-image-preview:large, max-video-preview:-1\" \/>\n<link rel=\"canonical\" href=\"https:\/\/ravyx.com\/es\/solutions\/select-products\/multi-store-pos\/\" \/>\n<meta property=\"og:locale\" content=\"es_ES\" \/>\n<meta property=\"og:type\" content=\"article\" \/>\n<meta property=\"og:title\" content=\"Anti-Virus and Backup Services | Ravyx\" \/>\n<meta property=\"og:description\" content=\"Learn more about our complimentary services, including anti-virus and backups, networking, and more. We offer a full-service solution.\" \/>\n<meta property=\"og:url\" content=\"https:\/\/ravyx.com\/es\/solutions\/select-products\/multi-store-pos\/\" \/>\n<meta property=\"og:site_name\" content=\"Ravyx\" \/>\n<meta property=\"article:publisher\" content=\"https:\/\/www.facebook.com\/stcrpos\" \/>\n<meta property=\"article:modified_time\" content=\"2025-08-08T14:58:07+00:00\" \/>\n<meta property=\"og:image\" content=\"https:\/\/ravyx.com\/wp-content\/uploads\/2025\/08\/YUL_0836.jpg\" \/>\n<meta name=\"twitter:card\" content=\"summary_large_image\" \/>\n<meta name=\"twitter:site\" content=\"@stcrpos\" \/>\n<meta name=\"twitter:label1\" content=\"Est. reading time\" \/>\n\t<meta name=\"twitter:data1\" content=\"2 minutos\" \/>\n<script type=\"application\/ld+json\" class=\"yoast-schema-graph\">{\"@context\":\"https:\\\/\\\/schema.org\",\"@graph\":[{\"@type\":\"WebPage\",\"@id\":\"https:\\\/\\\/ravyx.com\\\/solutions\\\/select-products\\\/multi-store-pos\\\/\",\"url\":\"https:\\\/\\\/ravyx.com\\\/solutions\\\/select-products\\\/multi-store-pos\\\/\",\"name\":\"Anti-Virus and Backup Services | Ravyx\",\"isPartOf\":{\"@id\":\"https:\\\/\\\/ravyx.com\\\/#website\"},\"primaryImageOfPage\":{\"@id\":\"https:\\\/\\\/ravyx.com\\\/solutions\\\/select-products\\\/multi-store-pos\\\/#primaryimage\"},\"image\":{\"@id\":\"https:\\\/\\\/ravyx.com\\\/solutions\\\/select-products\\\/multi-store-pos\\\/#primaryimage\"},\"thumbnailUrl\":\"https:\\\/\\\/ravyx.com\\\/wp-content\\\/uploads\\\/2025\\\/08\\\/YUL_0836.jpg\",\"datePublished\":\"2025-08-08T14:58:06+00:00\",\"dateModified\":\"2025-08-08T14:58:07+00:00\",\"description\":\"Learn more about our complimentary services, including anti-virus and backups, networking, and more. We offer a full-service solution.\",\"breadcrumb\":{\"@id\":\"https:\\\/\\\/ravyx.com\\\/solutions\\\/select-products\\\/multi-store-pos\\\/#breadcrumb\"},\"inLanguage\":\"es-DO\",\"potentialAction\":[{\"@type\":\"ReadAction\",\"target\":[\"https:\\\/\\\/ravyx.com\\\/solutions\\\/select-products\\\/multi-store-pos\\\/\"]}]},{\"@type\":\"ImageObject\",\"inLanguage\":\"es-DO\",\"@id\":\"https:\\\/\\\/ravyx.com\\\/solutions\\\/select-products\\\/multi-store-pos\\\/#primaryimage\",\"url\":\"https:\\\/\\\/ravyx.com\\\/wp-content\\\/uploads\\\/2025\\\/08\\\/YUL_0836.jpg\",\"contentUrl\":\"https:\\\/\\\/ravyx.com\\\/wp-content\\\/uploads\\\/2025\\\/08\\\/YUL_0836.jpg\"},{\"@type\":\"BreadcrumbList\",\"@id\":\"https:\\\/\\\/ravyx.com\\\/solutions\\\/select-products\\\/multi-store-pos\\\/#breadcrumb\",\"itemListElement\":[{\"@type\":\"ListItem\",\"position\":1,\"name\":\"Home\",\"item\":\"https:\\\/\\\/ravyx.com\\\/\"},{\"@type\":\"ListItem\",\"position\":2,\"name\":\"Solutions\",\"item\":\"https:\\\/\\\/ravyx.com\\\/solutions\\\/\"},{\"@type\":\"ListItem\",\"position\":3,\"name\":\"Select Products\",\"item\":\"https:\\\/\\\/ravyx.com\\\/solutions\\\/select-products\\\/\"},{\"@type\":\"ListItem\",\"position\":4,\"name\":\"Multi-Store POS System\"}]},{\"@type\":\"WebSite\",\"@id\":\"https:\\\/\\\/ravyx.com\\\/#website\",\"url\":\"https:\\\/\\\/ravyx.com\\\/\",\"name\":\"Ravyx\",\"description\":\"Proven Grocery Technologies\",\"publisher\":{\"@id\":\"https:\\\/\\\/ravyx.com\\\/#organization\"},\"potentialAction\":[{\"@type\":\"SearchAction\",\"target\":{\"@type\":\"EntryPoint\",\"urlTemplate\":\"https:\\\/\\\/ravyx.com\\\/?s={search_term_string}\"},\"query-input\":{\"@type\":\"PropertyValueSpecification\",\"valueRequired\":true,\"valueName\":\"search_term_string\"}}],\"inLanguage\":\"es-DO\"},{\"@type\":\"Organization\",\"@id\":\"https:\\\/\\\/ravyx.com\\\/#organization\",\"name\":\"Ravyx\",\"url\":\"https:\\\/\\\/ravyx.com\\\/\",\"logo\":{\"@type\":\"ImageObject\",\"inLanguage\":\"es-DO\",\"@id\":\"https:\\\/\\\/ravyx.com\\\/#\\\/schema\\\/logo\\\/image\\\/\",\"url\":\"https:\\\/\\\/ravyx.com\\\/wp-content\\\/uploads\\\/2023\\\/09\\\/generic-brand-1.jpg\",\"contentUrl\":\"https:\\\/\\\/ravyx.com\\\/wp-content\\\/uploads\\\/2023\\\/09\\\/generic-brand-1.jpg\",\"width\":1200,\"height\":1200,\"caption\":\"Ravyx\"},\"image\":{\"@id\":\"https:\\\/\\\/ravyx.com\\\/#\\\/schema\\\/logo\\\/image\\\/\"},\"sameAs\":[\"https:\\\/\\\/www.facebook.com\\\/stcrpos\",\"https:\\\/\\\/x.com\\\/stcrpos\",\"https:\\\/\\\/www.linkedin.com\\\/company\\\/stcr\\\/\",\"https:\\\/\\\/www.youtube.com\\\/channel\\\/UCSWcsJARYjaQnz0T5o4p9DQ\"]}]}<\/script>\n<!-- \/ Yoast SEO plugin. -->","yoast_head_json":{"title":"Anti-Virus and Backup Services | Ravyx","description":"Learn more about our complimentary services, including anti-virus and backups, networking, and more. We offer a full-service solution.","robots":{"index":"index","follow":"follow","max-snippet":"max-snippet:-1","max-image-preview":"max-image-preview:large","max-video-preview":"max-video-preview:-1"},"canonical":"https:\/\/ravyx.com\/es\/solutions\/select-products\/multi-store-pos\/","og_locale":"es_ES","og_type":"article","og_title":"Anti-Virus and Backup Services | Ravyx","og_description":"Learn more about our complimentary services, including anti-virus and backups, networking, and more. We offer a full-service solution.","og_url":"https:\/\/ravyx.com\/es\/solutions\/select-products\/multi-store-pos\/","og_site_name":"Ravyx","article_publisher":"https:\/\/www.facebook.com\/stcrpos","article_modified_time":"2025-08-08T14:58:07+00:00","og_image":[{"url":"https:\/\/ravyx.com\/wp-content\/uploads\/2025\/08\/YUL_0836.jpg","type":"","width":"","height":""}],"twitter_card":"summary_large_image","twitter_site":"@stcrpos","twitter_misc":{"Est. reading time":"2 minutos"},"schema":{"@context":"https:\/\/schema.org","@graph":[{"@type":"WebPage","@id":"https:\/\/ravyx.com\/solutions\/select-products\/multi-store-pos\/","url":"https:\/\/ravyx.com\/solutions\/select-products\/multi-store-pos\/","name":"Anti-Virus and Backup Services | Ravyx","isPartOf":{"@id":"https:\/\/ravyx.com\/#website"},"primaryImageOfPage":{"@id":"https:\/\/ravyx.com\/solutions\/select-products\/multi-store-pos\/#primaryimage"},"image":{"@id":"https:\/\/ravyx.com\/solutions\/select-products\/multi-store-pos\/#primaryimage"},"thumbnailUrl":"https:\/\/ravyx.com\/wp-content\/uploads\/2025\/08\/YUL_0836.jpg","datePublished":"2025-08-08T14:58:06+00:00","dateModified":"2025-08-08T14:58:07+00:00","description":"Learn more about our complimentary services, including anti-virus and backups, networking, and more. We offer a full-service solution.","breadcrumb":{"@id":"https:\/\/ravyx.com\/solutions\/select-products\/multi-store-pos\/#breadcrumb"},"inLanguage":"es-DO","potentialAction":[{"@type":"ReadAction","target":["https:\/\/ravyx.com\/solutions\/select-products\/multi-store-pos\/"]}]},{"@type":"ImageObject","inLanguage":"es-DO","@id":"https:\/\/ravyx.com\/solutions\/select-products\/multi-store-pos\/#primaryimage","url":"https:\/\/ravyx.com\/wp-content\/uploads\/2025\/08\/YUL_0836.jpg","contentUrl":"https:\/\/ravyx.com\/wp-content\/uploads\/2025\/08\/YUL_0836.jpg"},{"@type":"BreadcrumbList","@id":"https:\/\/ravyx.com\/solutions\/select-products\/multi-store-pos\/#breadcrumb","itemListElement":[{"@type":"ListItem","position":1,"name":"Home","item":"https:\/\/ravyx.com\/"},{"@type":"ListItem","position":2,"name":"Solutions","item":"https:\/\/ravyx.com\/solutions\/"},{"@type":"ListItem","position":3,"name":"Select Products","item":"https:\/\/ravyx.com\/solutions\/select-products\/"},{"@type":"ListItem","position":4,"name":"Multi-Store POS System"}]},{"@type":"WebSite","@id":"https:\/\/ravyx.com\/#website","url":"https:\/\/ravyx.com\/","name":"Ravyx","description":"Proven Grocery Technologies","publisher":{"@id":"https:\/\/ravyx.com\/#organization"},"potentialAction":[{"@type":"SearchAction","target":{"@type":"EntryPoint","urlTemplate":"https:\/\/ravyx.com\/?s={search_term_string}"},"query-input":{"@type":"PropertyValueSpecification","valueRequired":true,"valueName":"search_term_string"}}],"inLanguage":"es-DO"},{"@type":"Organization","@id":"https:\/\/ravyx.com\/#organization","name":"Ravyx","url":"https:\/\/ravyx.com\/","logo":{"@type":"ImageObject","inLanguage":"es-DO","@id":"https:\/\/ravyx.com\/#\/schema\/logo\/image\/","url":"https:\/\/ravyx.com\/wp-content\/uploads\/2023\/09\/generic-brand-1.jpg","contentUrl":"https:\/\/ravyx.com\/wp-content\/uploads\/2023\/09\/generic-brand-1.jpg","width":1200,"height":1200,"caption":"Ravyx"},"image":{"@id":"https:\/\/ravyx.com\/#\/schema\/logo\/image\/"},"sameAs":["https:\/\/www.facebook.com\/stcrpos","https:\/\/x.com\/stcrpos","https:\/\/www.linkedin.com\/company\/stcr\/","https:\/\/www.youtube.com\/channel\/UCSWcsJARYjaQnz0T5o4p9DQ"]}]}},"_links":{"self":[{"href":"https:\/\/ravyx.com\/es\/wp-json\/wp\/v2\/pages\/3875","targetHints":{"allow":["GET"]}}],"collection":[{"href":"https:\/\/ravyx.com\/es\/wp-json\/wp\/v2\/pages"}],"about":[{"href":"https:\/\/ravyx.com\/es\/wp-json\/wp\/v2\/types\/page"}],"author":[{"embeddable":true,"href":"https:\/\/ravyx.com\/es\/wp-json\/wp\/v2\/users\/13"}],"replies":[{"embeddable":true,"href":"https:\/\/ravyx.com\/es\/wp-json\/wp\/v2\/comments?post=3875"}],"version-history":[{"count":0,"href":"https:\/\/ravyx.com\/es\/wp-json\/wp\/v2\/pages\/3875\/revisions"}],"up":[{"embeddable":true,"href":"https:\/\/ravyx.com\/es\/wp-json\/wp\/v2\/pages\/668"}],"wp:attachment":[{"href":"https:\/\/ravyx.com\/es\/wp-json\/wp\/v2\/media?parent=3875"}],"curies":[{"name":"wp","href":"https:\/\/api.w.org\/{rel}","templated":true}]}}