{"id":3693,"date":"2025-06-13T09:54:57","date_gmt":"2025-06-13T13:54:57","guid":{"rendered":"https:\/\/stcr.com\/?page_id=3693"},"modified":"2025-06-18T10:53:55","modified_gmt":"2025-06-18T14:53:55","slug":"implementation","status":"publish","type":"page","link":"https:\/\/ravyx.com\/es\/implementation\/","title":{"rendered":"Implementaci\u00f3n"},"content":{"rendered":"<div class=\"wp-block-columns is-layout-flex wp-container-core-columns-is-layout-9d6595d7 wp-block-columns-is-layout-flex\">\n<div class=\"wp-block-column is-layout-flow wp-block-column-is-layout-flow\">\n<div style=\"height:18px\" aria-hidden=\"true\" class=\"wp-block-spacer\"><\/div>\n\n\n\n<p class=\"has-text-align-left has-huge-font-size\">Una vez que haya elegido sus soluciones de punto de venta, comienza el verdadero trabajo. Incluso con equipos internos de TI, necesita un socio especializado que gestione toda la compleja log\u00edstica, las configuraciones y las pruebas necesarias para una implementaci\u00f3n fluida. Ah\u00ed es donde destacan los servicios de implementaci\u00f3n de Ravyx.<\/p>\n<\/div>\n\n\n\n<div class=\"wp-block-column has-white-background-color has-background is-layout-flow wp-block-column-is-layout-flow\">\n<div style=\"height:20px\" aria-hidden=\"true\" class=\"wp-block-spacer\"><\/div>\n\n\n\n<figure class=\"wp-block-image size-large\"><img loading=\"lazy\" decoding=\"async\" width=\"1024\" height=\"768\" src=\"https:\/\/ravyx.com\/wp-content\/uploads\/2025\/06\/25-1024x768.png\" alt=\"\" class=\"wp-image-3736\" srcset=\"https:\/\/ravyx.com\/wp-content\/uploads\/2025\/06\/25-1024x768.png 1024w, https:\/\/ravyx.com\/wp-content\/uploads\/2025\/06\/25-300x225.png 300w, https:\/\/ravyx.com\/wp-content\/uploads\/2025\/06\/25-768x576.png 768w, https:\/\/ravyx.com\/wp-content\/uploads\/2025\/06\/25-16x12.png 16w, https:\/\/ravyx.com\/wp-content\/uploads\/2025\/06\/25.png 1200w\" sizes=\"auto, (max-width: 1024px) 100vw, 1024px\" \/><\/figure>\n<\/div>\n<\/div>\n\n\n\n<div class=\"block-inline-cta wpx-custom-block\" id=\"acf-inline-cta8648\">\n\n\t<div class=\"inline-cta-inner\">\n\t\t\n\t\t<h3 class=\"inline-cta-title\">\u00bfTienes curiosidad por conocer nuestro proceso de implementaci\u00f3n?<\/h3>\t\t<p>\u00a1P\u00f3ngase en contacto con nuestro equipo hoy mismo!<\/p>\n\t\t\t\t\t<div class=\"button-group\">\n\t\t\t\t<a href=\"https:\/\/ravyx.com\/es\/contact-us\/\" target=\"\" class=\"wpx-button\">Cont\u00e1ctenos<\/a>\n\t\t\t<\/div>\n\t\t\n\t<\/div>\n\n<\/div>\n\n\n<h2 class=\"wp-block-heading has-text-align-center\">\u00bfPor qu\u00e9 implementar Ravyx?<\/h2>\n\n\n\n<div class=\"block-checkerboard wpx-custom-block\" id=\"acf-checkerboard5075\">\n\n\t\n\t<div class=\"checkerboard-row\">\n\n\t\t<div class=\"row-col\">\n\t\t\t<div class=\"row-content\">\n\t\t\t\t<h2 class=\"row-title\">Amplia experiencia<\/h2>\t\t\t\t\t\t\t\t\t<p data-start=\"548\" data-end=\"761\">Ravyx aporta una amplia experiencia en implementaci\u00f3n minorista y profundos conocimientos t\u00e9cnicos a cada proyecto, ya sea para instalar nuevos terminales, actualizar teclados PIN, automatizar etiquetas de estantes o implementar sistemas en toda la tienda.<\/p>\n<p data-start=\"763\" data-end=\"797\">Nuestro enfoque integral abarca:<\/p>\n<ul data-start=\"798\" data-end=\"988\">\n<li data-start=\"798\" data-end=\"843\">\n<p data-start=\"800\" data-end=\"843\">Planificaci\u00f3n log\u00edstica<\/p>\n<\/li>\n<li data-start=\"844\" data-end=\"868\">\n<p data-start=\"846\" data-end=\"868\">Configuraci\u00f3n del dispositivo<\/p>\n<\/li>\n<li data-start=\"869\" data-end=\"901\">\n<p data-start=\"871\" data-end=\"901\">Configuraci\u00f3n y prueba de perif\u00e9ricos<\/p>\n<\/li>\n<li data-start=\"902\" data-end=\"945\">\n<p data-start=\"904\" data-end=\"945\">Verificaci\u00f3n de redes e infraestructura<\/p>\n<\/li>\n<li data-start=\"946\" data-end=\"988\">\n<p data-start=\"948\" data-end=\"988\">Formaci\u00f3n del personal y procedimientos de traspaso<\/p>\n<\/li>\n<\/ul>\n<p data-start=\"990\" data-end=\"1071\">Con Ravyx, todos los aspectos se planifican, prueban y validan antes de implementarse en su tienda.<\/p>\n\t\t\t\t\t\t\t\t\t\t\t<\/div>\n\t\t<\/div>\n\n\t\t\t\t\t<div class=\"row-col\">\n\t\t\t\t<img decoding=\"async\" src=\"https:\/\/ravyx.com\/wp-content\/uploads\/2025\/06\/27-680x460.png\" alt=\"Team of Experts\" srcset=\"https:\/\/ravyx.com\/wp-content\/uploads\/2025\/06\/27-680x460.png 680w, https:\/\/ravyx.com\/wp-content\/uploads\/2025\/06\/27-16x12.png 16w\" sizes=\"(max-width: 680px) 100vw, 680px\">\n\t\t\t<\/div>\n\t\t\n\t<\/div>\n\n\t\n<\/div>\n\n\n\n\n<h2 class=\"wp-block-heading has-text-align-center\">Capacidades t\u00e9cnicas<\/h2>\n\n\n\n<div class=\"block-checkerboard wpx-custom-block\" id=\"acf-checkerboard6972\">\n\n\t\n\t<div class=\"checkerboard-row\">\n\n\t\t<div class=\"row-col\">\n\t\t\t<div class=\"row-content\">\n\t\t\t\t<h2 class=\"row-title\">Especialistas en implementaci\u00f3n minorista<\/h2>\t\t\t\t\t\t\t\t\t<p data-start=\"548\" data-end=\"761\">Nuestros expertos en software para puntos de venta, redes, perif\u00e9ricos, autopago, dispositivos m\u00f3viles y mucho m\u00e1s est\u00e1n aqu\u00ed para ayudarle a llevar su tienda al siguiente nivel.<\/p>\n\t\t\t\t\t\t\t\t\t\t\t<\/div>\n\t\t<\/div>\n\n\t\t\t\t\t<div class=\"row-col\">\n\t\t\t\t<img decoding=\"async\" src=\"https:\/\/ravyx.com\/wp-content\/uploads\/2025\/06\/22-680x460.png\" alt=\"Implementation Specialist\" srcset=\"https:\/\/ravyx.com\/wp-content\/uploads\/2025\/06\/22-680x460.png 680w, https:\/\/ravyx.com\/wp-content\/uploads\/2025\/06\/22-16x12.png 16w\" sizes=\"(max-width: 680px) 100vw, 680px\">\n\t\t\t<\/div>\n\t\t\n\t<\/div>\n\n\t\n\t<div class=\"checkerboard-row\">\n\n\t\t<div class=\"row-col\">\n\t\t\t<div class=\"row-content\">\n\t\t\t\t<h2 class=\"row-title\">Cumplimiento garantizado<\/h2>\t\t\t\t\t\t\t\t\t<p>Nos aseguramos de que las normas EMV, PCI y normativas est\u00e9n integradas en cada etapa de su proyecto.<\/p>\n\t\t\t\t\t\t\t\t\t\t\t<\/div>\n\t\t<\/div>\n\n\t\t\t\t\t<div class=\"row-col\">\n\t\t\t\t<img decoding=\"async\" src=\"https:\/\/ravyx.com\/wp-content\/uploads\/2025\/06\/30-680x460.png\" alt=\"Compliance Assistance\" srcset=\"https:\/\/ravyx.com\/wp-content\/uploads\/2025\/06\/30-680x460.png 680w, https:\/\/ravyx.com\/wp-content\/uploads\/2025\/06\/30-16x12.png 16w\" sizes=\"(max-width: 680px) 100vw, 680px\">\n\t\t\t<\/div>\n\t\t\n\t<\/div>\n\n\t\n\t<div class=\"checkerboard-row\">\n\n\t\t<div class=\"row-col\">\n\t\t\t<div class=\"row-content\">\n\t\t\t\t<h2 class=\"row-title\">Preparaci\u00f3n a gran escala<\/h2>\t\t\t\t\t\t\t\t\t<p>Nuestras instalaciones est\u00e1n preparadas para garantizar que los dispositivos est\u00e9n configurados, probados y listos antes de enviarlos a sus tiendas.<\/p>\n\t\t\t\t\t\t\t\t\t\t\t<\/div>\n\t\t<\/div>\n\n\t\t\t\t\t<div class=\"row-col\">\n\t\t\t\t<img decoding=\"async\" src=\"https:\/\/ravyx.com\/wp-content\/uploads\/2025\/06\/28-680x460.png\" alt=\"Pre-Staging\" srcset=\"https:\/\/ravyx.com\/wp-content\/uploads\/2025\/06\/28-680x460.png 680w, https:\/\/ravyx.com\/wp-content\/uploads\/2025\/06\/28-16x12.png 16w\" sizes=\"(max-width: 680px) 100vw, 680px\">\n\t\t\t<\/div>\n\t\t\n\t<\/div>\n\n\t\n<\/div>\n\n\n\n\n<div class=\"block-inline-cta wpx-custom-block\" id=\"acf-inline-cta9901\">\n\n\t<div class=\"inline-cta-inner\">\n\t\t\n\t\t<h3 class=\"inline-cta-title\">\u00bfListo para comenzar tu viaje con Ravyx?<\/h3>\t\t<p>P\u00f3ngase en contacto con nuestro equipo para poner en marcha su proyecto.<\/p>\n\t\t\t\t\t<div class=\"button-group\">\n\t\t\t\t<a href=\"https:\/\/ravyx.com\/es\/contact-us\/\" target=\"\" class=\"wpx-button\">Cont\u00e1ctenos<\/a>\n\t\t\t<\/div>\n\t\t\n\t<\/div>\n\n<\/div>\n\n\n<h2 class=\"wp-block-heading has-text-align-center\">Nuestro compromiso:<\/h2>\n\n\n\n<div class=\"wp-block-columns gap-0-mobile is-layout-flex wp-container-core-columns-is-layout-9d6595d7 wp-block-columns-is-layout-flex\">\n<div class=\"wp-block-column is-layout-flow wp-block-column-is-layout-flow\"><\/div>\n\n\n\n<div class=\"wp-block-column margin-top-0 is-layout-flow wp-block-column-is-layout-flow\" style=\"flex-basis:33%\">\n<ul class=\"wp-block-list stylized-list margin-bottom-0\">\n<li>Red de implementaci\u00f3n a nivel nacional<\/li>\n\n\n\n<li>Experiencia probada en la industria<\/li>\n<\/ul>\n<\/div>\n\n\n\n<div class=\"wp-block-column margin-bottom-0 is-layout-flow wp-block-column-is-layout-flow\" style=\"flex-basis:33%\">\n<ul class=\"wp-block-list stylized-list margin-top-0\">\n<li>Capacitaci\u00f3n llave en mano<\/li>\n\n\n\n<li>Administraci\u00f3n optimizada<\/li>\n<\/ul>\n<\/div>\n\n\n\n<div class=\"wp-block-column is-layout-flow wp-block-column-is-layout-flow\"><\/div>\n<\/div>\n\n\n\n<div style=\"height:75px\" aria-hidden=\"true\" class=\"wp-block-spacer\"><\/div>","protected":false},"excerpt":{"rendered":"<p>Once you\u2019ve chosen your POS solutions, the real work begins. Even with internal IT teams, you need a specialist partner to manage all the intricate logistics, configurations, and testing required for a smooth rollout. That\u2019s where Ravyx implementation services shine. Why Ravyx Implementation? Technical Capabilities Our Promise:<\/p>","protected":false},"author":2,"featured_media":0,"parent":0,"menu_order":16,"comment_status":"closed","ping_status":"closed","template":"","meta":{"_acf_changed":true,"footnotes":""},"class_list":["post-3693","page","type-page","status-publish","hentry"],"acf":[],"yoast_head":"<!-- This site is optimized with the Yoast SEO plugin v27.5 - https:\/\/yoast.com\/product\/yoast-seo-wordpress\/ -->\n<title>POS Implementation | Ravyx<\/title>\n<meta name=\"description\" content=\"Why choose Ravyx? Because of our top-of-the-line implementation strategies and support. Contact us today to learn more!\" \/>\n<meta name=\"robots\" content=\"index, follow, max-snippet:-1, max-image-preview:large, max-video-preview:-1\" \/>\n<link rel=\"canonical\" href=\"https:\/\/ravyx.com\/es\/implementation\/\" \/>\n<meta property=\"og:locale\" content=\"es_ES\" \/>\n<meta property=\"og:type\" content=\"article\" \/>\n<meta property=\"og:title\" content=\"POS Implementation | Ravyx\" \/>\n<meta property=\"og:description\" content=\"Why choose Ravyx? Because of our top-of-the-line implementation strategies and support. Contact us today to learn more!\" \/>\n<meta property=\"og:url\" content=\"https:\/\/ravyx.com\/es\/implementation\/\" \/>\n<meta property=\"og:site_name\" content=\"Ravyx\" \/>\n<meta property=\"article:publisher\" content=\"https:\/\/www.facebook.com\/stcrpos\" \/>\n<meta property=\"article:modified_time\" content=\"2025-06-18T14:53:55+00:00\" \/>\n<meta property=\"og:image\" content=\"https:\/\/ravyx.com\/wp-content\/uploads\/2025\/06\/25-1024x768.png\" \/>\n<meta name=\"twitter:card\" content=\"summary_large_image\" \/>\n<meta name=\"twitter:site\" content=\"@stcrpos\" \/>\n<meta name=\"twitter:label1\" content=\"Est. reading time\" \/>\n\t<meta name=\"twitter:data1\" content=\"1 minuto\" \/>\n<script type=\"application\/ld+json\" class=\"yoast-schema-graph\">{\"@context\":\"https:\\\/\\\/schema.org\",\"@graph\":[{\"@type\":\"WebPage\",\"@id\":\"https:\\\/\\\/ravyx.com\\\/implementation\\\/\",\"url\":\"https:\\\/\\\/ravyx.com\\\/implementation\\\/\",\"name\":\"POS Implementation | Ravyx\",\"isPartOf\":{\"@id\":\"https:\\\/\\\/ravyx.com\\\/#website\"},\"primaryImageOfPage\":{\"@id\":\"https:\\\/\\\/ravyx.com\\\/implementation\\\/#primaryimage\"},\"image\":{\"@id\":\"https:\\\/\\\/ravyx.com\\\/implementation\\\/#primaryimage\"},\"thumbnailUrl\":\"https:\\\/\\\/ravyx.com\\\/wp-content\\\/uploads\\\/2025\\\/06\\\/25-1024x768.png\",\"datePublished\":\"2025-06-13T13:54:57+00:00\",\"dateModified\":\"2025-06-18T14:53:55+00:00\",\"description\":\"Why choose Ravyx? Because of our top-of-the-line implementation strategies and support. Contact us today to learn more!\",\"breadcrumb\":{\"@id\":\"https:\\\/\\\/ravyx.com\\\/implementation\\\/#breadcrumb\"},\"inLanguage\":\"es-DO\",\"potentialAction\":[{\"@type\":\"ReadAction\",\"target\":[\"https:\\\/\\\/ravyx.com\\\/implementation\\\/\"]}]},{\"@type\":\"ImageObject\",\"inLanguage\":\"es-DO\",\"@id\":\"https:\\\/\\\/ravyx.com\\\/implementation\\\/#primaryimage\",\"url\":\"https:\\\/\\\/ravyx.com\\\/wp-content\\\/uploads\\\/2025\\\/06\\\/25-1024x768.png\",\"contentUrl\":\"https:\\\/\\\/ravyx.com\\\/wp-content\\\/uploads\\\/2025\\\/06\\\/25-1024x768.png\"},{\"@type\":\"BreadcrumbList\",\"@id\":\"https:\\\/\\\/ravyx.com\\\/implementation\\\/#breadcrumb\",\"itemListElement\":[{\"@type\":\"ListItem\",\"position\":1,\"name\":\"Home\",\"item\":\"https:\\\/\\\/ravyx.com\\\/\"},{\"@type\":\"ListItem\",\"position\":2,\"name\":\"Implementation\"}]},{\"@type\":\"WebSite\",\"@id\":\"https:\\\/\\\/ravyx.com\\\/#website\",\"url\":\"https:\\\/\\\/ravyx.com\\\/\",\"name\":\"Ravyx\",\"description\":\"Proven Grocery Technologies\",\"publisher\":{\"@id\":\"https:\\\/\\\/ravyx.com\\\/#organization\"},\"potentialAction\":[{\"@type\":\"SearchAction\",\"target\":{\"@type\":\"EntryPoint\",\"urlTemplate\":\"https:\\\/\\\/ravyx.com\\\/?s={search_term_string}\"},\"query-input\":{\"@type\":\"PropertyValueSpecification\",\"valueRequired\":true,\"valueName\":\"search_term_string\"}}],\"inLanguage\":\"es-DO\"},{\"@type\":\"Organization\",\"@id\":\"https:\\\/\\\/ravyx.com\\\/#organization\",\"name\":\"Ravyx\",\"url\":\"https:\\\/\\\/ravyx.com\\\/\",\"logo\":{\"@type\":\"ImageObject\",\"inLanguage\":\"es-DO\",\"@id\":\"https:\\\/\\\/ravyx.com\\\/#\\\/schema\\\/logo\\\/image\\\/\",\"url\":\"https:\\\/\\\/ravyx.com\\\/wp-content\\\/uploads\\\/2023\\\/09\\\/generic-brand-1.jpg\",\"contentUrl\":\"https:\\\/\\\/ravyx.com\\\/wp-content\\\/uploads\\\/2023\\\/09\\\/generic-brand-1.jpg\",\"width\":1200,\"height\":1200,\"caption\":\"Ravyx\"},\"image\":{\"@id\":\"https:\\\/\\\/ravyx.com\\\/#\\\/schema\\\/logo\\\/image\\\/\"},\"sameAs\":[\"https:\\\/\\\/www.facebook.com\\\/stcrpos\",\"https:\\\/\\\/x.com\\\/stcrpos\",\"https:\\\/\\\/www.linkedin.com\\\/company\\\/stcr\\\/\",\"https:\\\/\\\/www.youtube.com\\\/channel\\\/UCSWcsJARYjaQnz0T5o4p9DQ\"]}]}<\/script>\n<!-- \/ Yoast SEO plugin. -->","yoast_head_json":{"title":"POS Implementation | Ravyx","description":"Why choose Ravyx? Because of our top-of-the-line implementation strategies and support. Contact us today to learn more!","robots":{"index":"index","follow":"follow","max-snippet":"max-snippet:-1","max-image-preview":"max-image-preview:large","max-video-preview":"max-video-preview:-1"},"canonical":"https:\/\/ravyx.com\/es\/implementation\/","og_locale":"es_ES","og_type":"article","og_title":"POS Implementation | Ravyx","og_description":"Why choose Ravyx? Because of our top-of-the-line implementation strategies and support. Contact us today to learn more!","og_url":"https:\/\/ravyx.com\/es\/implementation\/","og_site_name":"Ravyx","article_publisher":"https:\/\/www.facebook.com\/stcrpos","article_modified_time":"2025-06-18T14:53:55+00:00","og_image":[{"url":"https:\/\/ravyx.com\/wp-content\/uploads\/2025\/06\/25-1024x768.png","type":"","width":"","height":""}],"twitter_card":"summary_large_image","twitter_site":"@stcrpos","twitter_misc":{"Est. reading time":"1 minuto"},"schema":{"@context":"https:\/\/schema.org","@graph":[{"@type":"WebPage","@id":"https:\/\/ravyx.com\/implementation\/","url":"https:\/\/ravyx.com\/implementation\/","name":"POS Implementation | Ravyx","isPartOf":{"@id":"https:\/\/ravyx.com\/#website"},"primaryImageOfPage":{"@id":"https:\/\/ravyx.com\/implementation\/#primaryimage"},"image":{"@id":"https:\/\/ravyx.com\/implementation\/#primaryimage"},"thumbnailUrl":"https:\/\/ravyx.com\/wp-content\/uploads\/2025\/06\/25-1024x768.png","datePublished":"2025-06-13T13:54:57+00:00","dateModified":"2025-06-18T14:53:55+00:00","description":"Why choose Ravyx? Because of our top-of-the-line implementation strategies and support. Contact us today to learn more!","breadcrumb":{"@id":"https:\/\/ravyx.com\/implementation\/#breadcrumb"},"inLanguage":"es-DO","potentialAction":[{"@type":"ReadAction","target":["https:\/\/ravyx.com\/implementation\/"]}]},{"@type":"ImageObject","inLanguage":"es-DO","@id":"https:\/\/ravyx.com\/implementation\/#primaryimage","url":"https:\/\/ravyx.com\/wp-content\/uploads\/2025\/06\/25-1024x768.png","contentUrl":"https:\/\/ravyx.com\/wp-content\/uploads\/2025\/06\/25-1024x768.png"},{"@type":"BreadcrumbList","@id":"https:\/\/ravyx.com\/implementation\/#breadcrumb","itemListElement":[{"@type":"ListItem","position":1,"name":"Home","item":"https:\/\/ravyx.com\/"},{"@type":"ListItem","position":2,"name":"Implementation"}]},{"@type":"WebSite","@id":"https:\/\/ravyx.com\/#website","url":"https:\/\/ravyx.com\/","name":"Ravyx","description":"Proven Grocery Technologies","publisher":{"@id":"https:\/\/ravyx.com\/#organization"},"potentialAction":[{"@type":"SearchAction","target":{"@type":"EntryPoint","urlTemplate":"https:\/\/ravyx.com\/?s={search_term_string}"},"query-input":{"@type":"PropertyValueSpecification","valueRequired":true,"valueName":"search_term_string"}}],"inLanguage":"es-DO"},{"@type":"Organization","@id":"https:\/\/ravyx.com\/#organization","name":"Ravyx","url":"https:\/\/ravyx.com\/","logo":{"@type":"ImageObject","inLanguage":"es-DO","@id":"https:\/\/ravyx.com\/#\/schema\/logo\/image\/","url":"https:\/\/ravyx.com\/wp-content\/uploads\/2023\/09\/generic-brand-1.jpg","contentUrl":"https:\/\/ravyx.com\/wp-content\/uploads\/2023\/09\/generic-brand-1.jpg","width":1200,"height":1200,"caption":"Ravyx"},"image":{"@id":"https:\/\/ravyx.com\/#\/schema\/logo\/image\/"},"sameAs":["https:\/\/www.facebook.com\/stcrpos","https:\/\/x.com\/stcrpos","https:\/\/www.linkedin.com\/company\/stcr\/","https:\/\/www.youtube.com\/channel\/UCSWcsJARYjaQnz0T5o4p9DQ"]}]}},"_links":{"self":[{"href":"https:\/\/ravyx.com\/es\/wp-json\/wp\/v2\/pages\/3693","targetHints":{"allow":["GET"]}}],"collection":[{"href":"https:\/\/ravyx.com\/es\/wp-json\/wp\/v2\/pages"}],"about":[{"href":"https:\/\/ravyx.com\/es\/wp-json\/wp\/v2\/types\/page"}],"author":[{"embeddable":true,"href":"https:\/\/ravyx.com\/es\/wp-json\/wp\/v2\/users\/2"}],"replies":[{"embeddable":true,"href":"https:\/\/ravyx.com\/es\/wp-json\/wp\/v2\/comments?post=3693"}],"version-history":[{"count":0,"href":"https:\/\/ravyx.com\/es\/wp-json\/wp\/v2\/pages\/3693\/revisions"}],"wp:attachment":[{"href":"https:\/\/ravyx.com\/es\/wp-json\/wp\/v2\/media?parent=3693"}],"curies":[{"name":"wp","href":"https:\/\/api.w.org\/{rel}","templated":true}]}}