{"id":3692,"date":"2025-06-13T09:54:07","date_gmt":"2025-06-13T13:54:07","guid":{"rendered":"https:\/\/stcr.com\/?page_id=3692"},"modified":"2025-08-27T15:52:42","modified_gmt":"2025-08-27T19:52:42","slug":"systems-integration","status":"publish","type":"page","link":"https:\/\/ravyx.com\/es\/systems-integration\/","title":{"rendered":"Integraci\u00f3n de sistemas"},"content":{"rendered":"<div class=\"wp-block-columns is-layout-flex wp-container-core-columns-is-layout-9d6595d7 wp-block-columns-is-layout-flex\">\n<div class=\"wp-block-column is-layout-flow wp-block-column-is-layout-flow\">\n<div style=\"height:18px\" aria-hidden=\"true\" class=\"wp-block-spacer\"><\/div>\n\n\n\n<p class=\"has-text-align-left has-huge-font-size\">Los sistemas desconectados te ralentizan. Ravyx ofrece una integraci\u00f3n experta de sistemas en tiendas f\u00edsicas, en l\u00ednea y en toda la infraestructura empresarial, lo que garantiza que los datos fluyan con fluidez, los sistemas funcionen en armon\u00eda y los equipos permanezcan sincronizados.<\/p>\n<\/div>\n\n\n\n<div class=\"wp-block-column has-white-background-color has-background is-layout-flow wp-block-column-is-layout-flow\">\n<div style=\"height:20px\" aria-hidden=\"true\" class=\"wp-block-spacer\"><\/div>\n\n\n\n<figure class=\"wp-block-image size-large\"><img loading=\"lazy\" decoding=\"async\" width=\"1024\" height=\"768\" src=\"https:\/\/ravyx.com\/wp-content\/uploads\/2025\/06\/10-1024x768.png\" alt=\"\" class=\"wp-image-3742\" srcset=\"https:\/\/ravyx.com\/wp-content\/uploads\/2025\/06\/10-1024x768.png 1024w, https:\/\/ravyx.com\/wp-content\/uploads\/2025\/06\/10-300x225.png 300w, https:\/\/ravyx.com\/wp-content\/uploads\/2025\/06\/10-768x576.png 768w, https:\/\/ravyx.com\/wp-content\/uploads\/2025\/06\/10-16x12.png 16w, https:\/\/ravyx.com\/wp-content\/uploads\/2025\/06\/10.png 1200w\" sizes=\"auto, (max-width: 1024px) 100vw, 1024px\" \/><\/figure>\n<\/div>\n<\/div>\n\n\n\n<div class=\"block-inline-cta wpx-custom-block\" id=\"acf-inline-cta9310\">\n\n\t<div class=\"inline-cta-inner\">\n\t\t\n\t\t<h3 class=\"inline-cta-title\">\u00bfListo para conectar todos los aspectos de su negocio?<\/h3>\t\t<p>P\u00f3ngase en contacto con nuestro equipo hoy mismo.<\/p>\n\t\t\t\t\t<div class=\"button-group\">\n\t\t\t\t<a href=\"https:\/\/ravyx.com\/es\/contact-us\/\" target=\"\" class=\"wpx-button\">Cont\u00e1ctenos<\/a>\n\t\t\t<\/div>\n\t\t\n\t<\/div>\n\n<\/div>\n\n\n<h2 class=\"wp-block-heading has-text-align-center\">Ventajas de la integraci\u00f3n de sistemas<\/h2>\n\n\n\n<div class=\"block-checkerboard wpx-custom-block\" id=\"acf-checkerboard3916\">\n\n\t\n\t<div class=\"checkerboard-row\">\n\n\t\t<div class=\"row-col\">\n\t\t\t<div class=\"row-content\">\n\t\t\t\t<h2 class=\"row-title\">Experiencia centrada en el comercio minorista<\/h2>\t\t\t\t\t\t\t\t\t<p data-start=\"1108\" data-end=\"1281\">Nuestro equipo se especializa exclusivamente en sistemas para el comercio minorista (puntos de venta, ERP, comercio electr\u00f3nico, gesti\u00f3n de inventarios, etc.) y comprende los matices a los que se enfrenta cada d\u00eda.<\/p>\n\t\t\t\t\t\t\t\t\t\t\t<\/div>\n\t\t<\/div>\n\n\t\t\t\t\t<div class=\"row-col\">\n\t\t\t\t<img decoding=\"async\" src=\"https:\/\/ravyx.com\/wp-content\/uploads\/2025\/06\/20-680x460.png\" alt=\"Team\" srcset=\"https:\/\/ravyx.com\/wp-content\/uploads\/2025\/06\/20-680x460.png 680w, https:\/\/ravyx.com\/wp-content\/uploads\/2025\/06\/20-16x12.png 16w\" sizes=\"(max-width: 680px) 100vw, 680px\">\n\t\t\t<\/div>\n\t\t\n\t<\/div>\n\n\t\n\t<div class=\"checkerboard-row\">\n\n\t\t<div class=\"row-col\">\n\t\t\t<div class=\"row-content\">\n\t\t\t\t<h2 class=\"row-title\">Conectores est\u00e1ndar y personalizados<\/h2>\t\t\t\t\t\t\t\t\t<p data-start=\"1286\" data-end=\"1465\">Implementamos conectores listos para usar de plataformas l\u00edderes, al tiempo que creamos API y middleware personalizados para satisfacer sus necesidades espec\u00edficas.<\/p>\n\t\t\t\t\t\t\t\t\t\t\t<\/div>\n\t\t<\/div>\n\n\t\t\t\t\t<div class=\"row-col\">\n\t\t\t\t<img decoding=\"async\" src=\"https:\/\/ravyx.com\/wp-content\/uploads\/2025\/06\/26-680x460.png\" alt=\"Connectors\" srcset=\"https:\/\/ravyx.com\/wp-content\/uploads\/2025\/06\/26-680x460.png 680w, https:\/\/ravyx.com\/wp-content\/uploads\/2025\/06\/26-16x12.png 16w\" sizes=\"(max-width: 680px) 100vw, 680px\">\n\t\t\t<\/div>\n\t\t\n\t<\/div>\n\n\t\n\t<div class=\"checkerboard-row\">\n\n\t\t<div class=\"row-col\">\n\t\t\t<div class=\"row-content\">\n\t\t\t\t<h2 class=\"row-title\">Limpieza y normalizaci\u00f3n de datos<\/h2>\t\t\t\t\t\t\t\t\t<p data-start=\"1643\" data-end=\"1817\">Ravyx garantiza la coherencia de los datos (formato de las unidades, jerarqu\u00edas de cat\u00e1logos, registros de clientes) para que sus sistemas realmente hablen el mismo idioma.<\/p>\n\t\t\t\t\t\t\t\t\t\t\t<\/div>\n\t\t<\/div>\n\n\t\t\t\t\t<div class=\"row-col\">\n\t\t\t\t<img decoding=\"async\" src=\"https:\/\/ravyx.com\/wp-content\/uploads\/2025\/06\/Blog-Images-3-680x460.png\" alt=\"Data\" srcset=\"https:\/\/ravyx.com\/wp-content\/uploads\/2025\/06\/Blog-Images-3-680x460.png 680w, https:\/\/ravyx.com\/wp-content\/uploads\/2025\/06\/Blog-Images-3-18x12.png 18w\" sizes=\"(max-width: 680px) 100vw, 680px\">\n\t\t\t<\/div>\n\t\t\n\t<\/div>\n\n\t\n<\/div>\n\n\n\n\n<div class=\"block-inline-cta wpx-custom-block\" id=\"acf-inline-cta1339\">\n\n\t<div class=\"inline-cta-inner\">\n\t\t\n\t\t<h3 class=\"inline-cta-title\">Une tu tienda<\/h3>\t\t<p>Conecta todos los aspectos de tu negocio y podr\u00e1s contar con un sistema m\u00e1s cohesionado.<\/p>\n\t\t\t\t\t<div class=\"button-group\">\n\t\t\t\t<a href=\"https:\/\/ravyx.com\/es\/contact-us\/\" target=\"\" class=\"wpx-button\">Cont\u00e1ctenos<\/a>\n\t\t\t<\/div>\n\t\t\n\t<\/div>\n\n<\/div>\n\n\n<h2 class=\"wp-block-heading has-text-align-center\">Nuestro proceso:<\/h2>\n\n\n\n<div class=\"wp-block-columns gap-0-mobile is-layout-flex wp-container-core-columns-is-layout-9d6595d7 wp-block-columns-is-layout-flex\">\n<div class=\"wp-block-column is-layout-flow wp-block-column-is-layout-flow\"><\/div>\n\n\n\n<div class=\"wp-block-column margin-top-0 is-layout-flow wp-block-column-is-layout-flow\" style=\"flex-basis:33%\">\n<ul class=\"wp-block-list stylized-list margin-bottom-0\">\n<li>Elaborar estrategias<\/li>\n\n\n\n<li>Pruebas rigurosas<\/li>\n<\/ul>\n<\/div>\n\n\n\n<div class=\"wp-block-column margin-bottom-0 is-layout-flow wp-block-column-is-layout-flow\" style=\"flex-basis:33%\">\n<ul class=\"wp-block-list stylized-list margin-top-0\">\n<li>Implementaci\u00f3n<\/li>\n\n\n\n<li>Supervisi\u00f3n<\/li>\n<\/ul>\n<\/div>\n\n\n\n<div class=\"wp-block-column is-layout-flow wp-block-column-is-layout-flow\"><\/div>\n<\/div>\n\n\n\n<div style=\"height:75px\" aria-hidden=\"true\" class=\"wp-block-spacer\"><\/div>","protected":false},"excerpt":{"rendered":"<p>Disconnected systems slow you down. Ravyx delivers expert systems integration across in-store, online, and across enterprise infrastructure \u2014 ensuring data flows fluidly, systems work harmoniously, and teams stay in sync. Advantages of Systems Integration Our Process:<\/p>","protected":false},"author":2,"featured_media":0,"parent":0,"menu_order":15,"comment_status":"closed","ping_status":"closed","template":"","meta":{"_acf_changed":true,"footnotes":""},"class_list":["post-3692","page","type-page","status-publish","hentry"],"acf":[],"yoast_head":"<!-- This site is optimized with the Yoast SEO plugin v27.5 - https:\/\/yoast.com\/product\/yoast-seo-wordpress\/ -->\n<title>POS System Integration | Ravyx<\/title>\n<meta name=\"description\" content=\"Need your POS system integration done right? Want to learn how we set you up for success. Connect with our team of experts today!\" \/>\n<meta name=\"robots\" content=\"index, follow, max-snippet:-1, max-image-preview:large, max-video-preview:-1\" \/>\n<link rel=\"canonical\" href=\"https:\/\/ravyx.com\/es\/systems-integration\/\" \/>\n<meta property=\"og:locale\" content=\"es_ES\" \/>\n<meta property=\"og:type\" content=\"article\" \/>\n<meta property=\"og:title\" content=\"POS System Integration | Ravyx\" \/>\n<meta property=\"og:description\" content=\"Need your POS system integration done right? Want to learn how we set you up for success. Connect with our team of experts today!\" \/>\n<meta property=\"og:url\" content=\"https:\/\/ravyx.com\/es\/systems-integration\/\" \/>\n<meta property=\"og:site_name\" content=\"Ravyx\" \/>\n<meta property=\"article:publisher\" content=\"https:\/\/www.facebook.com\/stcrpos\" \/>\n<meta property=\"article:modified_time\" content=\"2025-08-27T19:52:42+00:00\" \/>\n<meta property=\"og:image\" content=\"https:\/\/ravyx.com\/wp-content\/uploads\/2025\/06\/10-1024x768.png\" \/>\n<meta name=\"twitter:card\" content=\"summary_large_image\" \/>\n<meta name=\"twitter:site\" content=\"@stcrpos\" \/>\n<meta name=\"twitter:label1\" content=\"Est. reading time\" \/>\n\t<meta name=\"twitter:data1\" content=\"1 minuto\" \/>\n<script type=\"application\/ld+json\" class=\"yoast-schema-graph\">{\"@context\":\"https:\\\/\\\/schema.org\",\"@graph\":[{\"@type\":\"WebPage\",\"@id\":\"https:\\\/\\\/ravyx.com\\\/systems-integration\\\/\",\"url\":\"https:\\\/\\\/ravyx.com\\\/systems-integration\\\/\",\"name\":\"POS System Integration | Ravyx\",\"isPartOf\":{\"@id\":\"https:\\\/\\\/ravyx.com\\\/#website\"},\"primaryImageOfPage\":{\"@id\":\"https:\\\/\\\/ravyx.com\\\/systems-integration\\\/#primaryimage\"},\"image\":{\"@id\":\"https:\\\/\\\/ravyx.com\\\/systems-integration\\\/#primaryimage\"},\"thumbnailUrl\":\"https:\\\/\\\/ravyx.com\\\/wp-content\\\/uploads\\\/2025\\\/06\\\/10-1024x768.png\",\"datePublished\":\"2025-06-13T13:54:07+00:00\",\"dateModified\":\"2025-08-27T19:52:42+00:00\",\"description\":\"Need your POS system integration done right? Want to learn how we set you up for success. Connect with our team of experts today!\",\"breadcrumb\":{\"@id\":\"https:\\\/\\\/ravyx.com\\\/systems-integration\\\/#breadcrumb\"},\"inLanguage\":\"es-DO\",\"potentialAction\":[{\"@type\":\"ReadAction\",\"target\":[\"https:\\\/\\\/ravyx.com\\\/systems-integration\\\/\"]}]},{\"@type\":\"ImageObject\",\"inLanguage\":\"es-DO\",\"@id\":\"https:\\\/\\\/ravyx.com\\\/systems-integration\\\/#primaryimage\",\"url\":\"https:\\\/\\\/ravyx.com\\\/wp-content\\\/uploads\\\/2025\\\/06\\\/10-1024x768.png\",\"contentUrl\":\"https:\\\/\\\/ravyx.com\\\/wp-content\\\/uploads\\\/2025\\\/06\\\/10-1024x768.png\"},{\"@type\":\"BreadcrumbList\",\"@id\":\"https:\\\/\\\/ravyx.com\\\/systems-integration\\\/#breadcrumb\",\"itemListElement\":[{\"@type\":\"ListItem\",\"position\":1,\"name\":\"Home\",\"item\":\"https:\\\/\\\/ravyx.com\\\/\"},{\"@type\":\"ListItem\",\"position\":2,\"name\":\"Systems Integration\"}]},{\"@type\":\"WebSite\",\"@id\":\"https:\\\/\\\/ravyx.com\\\/#website\",\"url\":\"https:\\\/\\\/ravyx.com\\\/\",\"name\":\"Ravyx\",\"description\":\"Proven Grocery Technologies\",\"publisher\":{\"@id\":\"https:\\\/\\\/ravyx.com\\\/#organization\"},\"potentialAction\":[{\"@type\":\"SearchAction\",\"target\":{\"@type\":\"EntryPoint\",\"urlTemplate\":\"https:\\\/\\\/ravyx.com\\\/?s={search_term_string}\"},\"query-input\":{\"@type\":\"PropertyValueSpecification\",\"valueRequired\":true,\"valueName\":\"search_term_string\"}}],\"inLanguage\":\"es-DO\"},{\"@type\":\"Organization\",\"@id\":\"https:\\\/\\\/ravyx.com\\\/#organization\",\"name\":\"Ravyx\",\"url\":\"https:\\\/\\\/ravyx.com\\\/\",\"logo\":{\"@type\":\"ImageObject\",\"inLanguage\":\"es-DO\",\"@id\":\"https:\\\/\\\/ravyx.com\\\/#\\\/schema\\\/logo\\\/image\\\/\",\"url\":\"https:\\\/\\\/ravyx.com\\\/wp-content\\\/uploads\\\/2023\\\/09\\\/generic-brand-1.jpg\",\"contentUrl\":\"https:\\\/\\\/ravyx.com\\\/wp-content\\\/uploads\\\/2023\\\/09\\\/generic-brand-1.jpg\",\"width\":1200,\"height\":1200,\"caption\":\"Ravyx\"},\"image\":{\"@id\":\"https:\\\/\\\/ravyx.com\\\/#\\\/schema\\\/logo\\\/image\\\/\"},\"sameAs\":[\"https:\\\/\\\/www.facebook.com\\\/stcrpos\",\"https:\\\/\\\/x.com\\\/stcrpos\",\"https:\\\/\\\/www.linkedin.com\\\/company\\\/stcr\\\/\",\"https:\\\/\\\/www.youtube.com\\\/channel\\\/UCSWcsJARYjaQnz0T5o4p9DQ\"]}]}<\/script>\n<!-- \/ Yoast SEO plugin. -->","yoast_head_json":{"title":"POS System Integration | Ravyx","description":"Need your POS system integration done right? Want to learn how we set you up for success. Connect with our team of experts today!","robots":{"index":"index","follow":"follow","max-snippet":"max-snippet:-1","max-image-preview":"max-image-preview:large","max-video-preview":"max-video-preview:-1"},"canonical":"https:\/\/ravyx.com\/es\/systems-integration\/","og_locale":"es_ES","og_type":"article","og_title":"POS System Integration | Ravyx","og_description":"Need your POS system integration done right? Want to learn how we set you up for success. Connect with our team of experts today!","og_url":"https:\/\/ravyx.com\/es\/systems-integration\/","og_site_name":"Ravyx","article_publisher":"https:\/\/www.facebook.com\/stcrpos","article_modified_time":"2025-08-27T19:52:42+00:00","og_image":[{"url":"https:\/\/ravyx.com\/wp-content\/uploads\/2025\/06\/10-1024x768.png","type":"","width":"","height":""}],"twitter_card":"summary_large_image","twitter_site":"@stcrpos","twitter_misc":{"Est. reading time":"1 minuto"},"schema":{"@context":"https:\/\/schema.org","@graph":[{"@type":"WebPage","@id":"https:\/\/ravyx.com\/systems-integration\/","url":"https:\/\/ravyx.com\/systems-integration\/","name":"POS System Integration | Ravyx","isPartOf":{"@id":"https:\/\/ravyx.com\/#website"},"primaryImageOfPage":{"@id":"https:\/\/ravyx.com\/systems-integration\/#primaryimage"},"image":{"@id":"https:\/\/ravyx.com\/systems-integration\/#primaryimage"},"thumbnailUrl":"https:\/\/ravyx.com\/wp-content\/uploads\/2025\/06\/10-1024x768.png","datePublished":"2025-06-13T13:54:07+00:00","dateModified":"2025-08-27T19:52:42+00:00","description":"Need your POS system integration done right? Want to learn how we set you up for success. Connect with our team of experts today!","breadcrumb":{"@id":"https:\/\/ravyx.com\/systems-integration\/#breadcrumb"},"inLanguage":"es-DO","potentialAction":[{"@type":"ReadAction","target":["https:\/\/ravyx.com\/systems-integration\/"]}]},{"@type":"ImageObject","inLanguage":"es-DO","@id":"https:\/\/ravyx.com\/systems-integration\/#primaryimage","url":"https:\/\/ravyx.com\/wp-content\/uploads\/2025\/06\/10-1024x768.png","contentUrl":"https:\/\/ravyx.com\/wp-content\/uploads\/2025\/06\/10-1024x768.png"},{"@type":"BreadcrumbList","@id":"https:\/\/ravyx.com\/systems-integration\/#breadcrumb","itemListElement":[{"@type":"ListItem","position":1,"name":"Home","item":"https:\/\/ravyx.com\/"},{"@type":"ListItem","position":2,"name":"Systems Integration"}]},{"@type":"WebSite","@id":"https:\/\/ravyx.com\/#website","url":"https:\/\/ravyx.com\/","name":"Ravyx","description":"Proven Grocery Technologies","publisher":{"@id":"https:\/\/ravyx.com\/#organization"},"potentialAction":[{"@type":"SearchAction","target":{"@type":"EntryPoint","urlTemplate":"https:\/\/ravyx.com\/?s={search_term_string}"},"query-input":{"@type":"PropertyValueSpecification","valueRequired":true,"valueName":"search_term_string"}}],"inLanguage":"es-DO"},{"@type":"Organization","@id":"https:\/\/ravyx.com\/#organization","name":"Ravyx","url":"https:\/\/ravyx.com\/","logo":{"@type":"ImageObject","inLanguage":"es-DO","@id":"https:\/\/ravyx.com\/#\/schema\/logo\/image\/","url":"https:\/\/ravyx.com\/wp-content\/uploads\/2023\/09\/generic-brand-1.jpg","contentUrl":"https:\/\/ravyx.com\/wp-content\/uploads\/2023\/09\/generic-brand-1.jpg","width":1200,"height":1200,"caption":"Ravyx"},"image":{"@id":"https:\/\/ravyx.com\/#\/schema\/logo\/image\/"},"sameAs":["https:\/\/www.facebook.com\/stcrpos","https:\/\/x.com\/stcrpos","https:\/\/www.linkedin.com\/company\/stcr\/","https:\/\/www.youtube.com\/channel\/UCSWcsJARYjaQnz0T5o4p9DQ"]}]}},"_links":{"self":[{"href":"https:\/\/ravyx.com\/es\/wp-json\/wp\/v2\/pages\/3692","targetHints":{"allow":["GET"]}}],"collection":[{"href":"https:\/\/ravyx.com\/es\/wp-json\/wp\/v2\/pages"}],"about":[{"href":"https:\/\/ravyx.com\/es\/wp-json\/wp\/v2\/types\/page"}],"author":[{"embeddable":true,"href":"https:\/\/ravyx.com\/es\/wp-json\/wp\/v2\/users\/2"}],"replies":[{"embeddable":true,"href":"https:\/\/ravyx.com\/es\/wp-json\/wp\/v2\/comments?post=3692"}],"version-history":[{"count":0,"href":"https:\/\/ravyx.com\/es\/wp-json\/wp\/v2\/pages\/3692\/revisions"}],"wp:attachment":[{"href":"https:\/\/ravyx.com\/es\/wp-json\/wp\/v2\/media?parent=3692"}],"curies":[{"name":"wp","href":"https:\/\/api.w.org\/{rel}","templated":true}]}}