{"id":3638,"date":"2025-06-17T10:27:29","date_gmt":"2025-06-17T14:27:29","guid":{"rendered":"https:\/\/stcr.com\/?page_id=3638"},"modified":"2025-06-17T10:27:29","modified_gmt":"2025-06-17T14:27:29","slug":"product-overview","status":"publish","type":"page","link":"https:\/\/ravyx.com\/es\/product-overview\/","title":{"rendered":"New Product Landing Page"},"content":{"rendered":"<h2 class=\"wp-block-heading has-text-align-center\">Tecnolog\u00eda minorista de primer nivel. Accesible para todos.<\/h2>\n\n\n\n<div class=\"wp-block-columns is-layout-flex wp-container-core-columns-is-layout-9d6595d7 wp-block-columns-is-layout-flex\">\n<div class=\"wp-block-column is-layout-flow wp-block-column-is-layout-flow\"><\/div>\n\n\n\n<div class=\"wp-block-column is-layout-flow wp-block-column-is-layout-flow\" style=\"flex-basis:80%\">\n<p class=\"has-text-align-center has-huge-font-size\">Desde autopago y cajas registradoras hasta etiquetas electr\u00f3nicas para estantes y mucho m\u00e1s, Ravyx le ayuda a competir y ganar al proporcionarle acceso a tecnolog\u00edas avanzadas que est\u00e1n implementando los l\u00edderes del sector. Aproveche nuestras relaciones duraderas y nuestro equipo de expertos para su beneficio.<\/p>\n<\/div>\n\n\n\n<div class=\"wp-block-column is-layout-flow wp-block-column-is-layout-flow\"><\/div>\n<\/div>\n\n\n\n<div class=\"wp-block-columns are-vertically-aligned-top is-layout-flex wp-container-core-columns-is-layout-9d6595d7 wp-block-columns-is-layout-flex\">\n<div class=\"wp-block-column is-vertically-aligned-top zoom-hover is-layout-flow wp-block-column-is-layout-flow\"><div class=\"wp-block-image no-margin\">\n<figure class=\"aligncenter size-large is-resized\"><a href=\"https:\/\/ravyx.com\/es\/solutions\/select-products\/self-checkout\/\"><img loading=\"lazy\" decoding=\"async\" width=\"94\" height=\"98\" src=\"https:\/\/ravyx.com\/wp-content\/uploads\/2025\/05\/toshiba-self-checkout.svg\" alt=\"\" class=\"wp-image-3537\" style=\"object-fit:cover;width:100px;height:undefinedpx\"\/><\/a><\/figure>\n<\/div>\n\n\n<h4 class=\"wp-block-heading has-text-align-center margin-top:0px has-magenta-color has-text-color\"><a href=\"https:\/\/ravyx.com\/es\/solutions\/select-products\/self-checkout\/\"><strong>Autocobro de Toshiba<\/strong><\/a><\/h4>\n<\/div>\n\n\n\n<div class=\"wp-block-column is-vertically-aligned-top zoom-hover is-layout-flow wp-block-column-is-layout-flow\"><div class=\"wp-block-image\">\n<figure class=\"aligncenter size-large is-resized\"><a href=\"https:\/\/ravyx.com\/es\/solutions\/select-products\/electronic-shelf-labels\/\"><img loading=\"lazy\" decoding=\"async\" width=\"94\" height=\"98\" src=\"https:\/\/ravyx.com\/wp-content\/uploads\/2025\/05\/electronic-shelf-labels.svg\" alt=\"\" class=\"wp-image-3535\" style=\"width:100px;height:undefinedpx\"\/><\/a><\/figure>\n<\/div>\n\n\n<h4 class=\"wp-block-heading has-text-align-center has-magenta-color has-text-color\"><a href=\"https:\/\/ravyx.com\/es\/solutions\/select-products\/electronic-shelf-labels\/\"><strong>Etiquetas electr\u00f3nicas para estantes<\/strong><\/a><\/h4>\n<\/div>\n\n\n\n<div class=\"wp-block-column is-vertically-aligned-top zoom-hover is-layout-flow wp-block-column-is-layout-flow\"><div class=\"wp-block-image\">\n<figure class=\"aligncenter size-large is-resized\"><a href=\"https:\/\/ravyx.com\/es\/solutions\/select-products\/point-of-sale\/\"><img loading=\"lazy\" decoding=\"async\" width=\"94\" height=\"98\" src=\"https:\/\/ravyx.com\/wp-content\/uploads\/2025\/05\/toshiba-registers-1.svg\" alt=\"\" class=\"wp-image-3536\" style=\"width:100px;height:undefinedpx\"\/><\/a><\/figure>\n<\/div>\n\n\n<h4 class=\"wp-block-heading has-text-align-center has-black-color has-text-color\"><a href=\"https:\/\/ravyx.com\/es\/solutions\/select-products\/point-of-sale\/\"><strong>Toshiba<\/strong> <strong>Registros<\/strong><\/a><\/h4>\n<\/div>\n\n\n\n<div class=\"wp-block-column is-vertically-aligned-top zoom-hover is-layout-flow wp-block-column-is-layout-flow\"><div class=\"wp-block-image\">\n<figure class=\"aligncenter size-large is-resized\"><a href=\"https:\/\/ravyx.com\/es\/solutions\/select-products\/grocery-store-robot\/\"><img loading=\"lazy\" decoding=\"async\" width=\"94\" height=\"98\" src=\"https:\/\/ravyx.com\/wp-content\/uploads\/2025\/05\/AI-robots.svg\" alt=\"\" class=\"wp-image-3538\" style=\"width:100px;height:undefinedpx\"\/><\/a><\/figure>\n<\/div>\n\n\n<h4 class=\"wp-block-heading has-text-align-center has-magenta-color has-text-color\"><a href=\"https:\/\/ravyx.com\/es\/solutions\/select-products\/grocery-store-robot\/\"><strong>IA\/Robots<\/strong><\/a><\/h4>\n<\/div>\n\n\n\n<div class=\"wp-block-column is-vertically-aligned-top zoom-hover is-layout-flow wp-block-column-is-layout-flow\"><div class=\"wp-block-image\">\n<figure class=\"aligncenter size-large is-resized\"><a href=\"https:\/\/ravyx.com\/es\/solutions\/select-products\/pos-applications\/\"><img loading=\"lazy\" decoding=\"async\" width=\"94\" height=\"98\" src=\"https:\/\/ravyx.com\/wp-content\/uploads\/2025\/05\/POS-applications.svg\" alt=\"\" class=\"wp-image-3540\" style=\"width:100px;height:undefinedpx\"\/><\/a><\/figure>\n<\/div>\n\n\n<h4 class=\"wp-block-heading has-text-align-center has-magenta-color has-text-color\"><a href=\"https:\/\/ravyx.com\/es\/solutions\/select-products\/pos-applications\/\"><strong>Aplicaciones para puntos de venta<\/strong><\/a><\/h4>\n<\/div>\n\n\n\n<div class=\"wp-block-column is-vertically-aligned-top zoom-hover is-layout-flow wp-block-column-is-layout-flow\"><div class=\"wp-block-image\">\n<figure class=\"aligncenter size-large is-resized\"><a href=\"https:\/\/ravyx.com\/es\/solutions\/select-products\/peripheral-solutions\/\"><img loading=\"lazy\" decoding=\"async\" width=\"94\" height=\"98\" src=\"https:\/\/ravyx.com\/wp-content\/uploads\/2025\/05\/peripheral-solutions.svg\" alt=\"\" class=\"wp-image-3541\" style=\"width:100px;height:undefinedpx\"\/><\/a><\/figure>\n<\/div>\n\n\n<h4 class=\"wp-block-heading has-text-align-center has-magenta-color has-text-color\"><a href=\"https:\/\/ravyx.com\/es\/solutions\/select-products\/peripheral-solutions\/\"><strong>Soluciones perif\u00e9ricas<\/strong><\/a><\/h4>\n<\/div>\n<\/div>\n\n\n\n<div class=\"wpx-custom-block block-slider-ctas\" id=\"acf-slider-ctas6708\">\n\n\t\n\t\n\t<div class=\"slider-ctas-wrap\">\n\n\t\t<div class=\"slider-ctas\" data-controller=\"blockSliderCTA\" id=\"blockSliderCTAacf-slider-ctas6708\">\n\n\t\t\t\n\t\t\t\t<div class=\"slider-cta-slide\">\n\t\t\t\t\t<div class=\"cta-slide-inner\">\n\t\t\t\t\t\t<div class=\"cta-slide-content\">\n\t\t\t\t\t\t\t<h3>Solicite una demostraci\u00f3n.<\/h3>\t\t\t\t\t\t\t<p>\u00a1Descubre c\u00f3mo funcionan nuestras soluciones para minoristas y comprueba por ti mismo el impacto que pueden tener en tu negocio!<\/p>\t\t\t\t\t\t\t\t\t\t\t\t\t\t<div class=\"button-group\">\n\t\t\t\t\t\t\t\t<a href=\"https:\/\/ravyx.com\/es\/resources\/request-a-demo\/\" target=\"\" class=\"wpx-button\">M\u00e1s informaci\u00f3n<\/a>\n\t\t\t\t\t\t\t<\/div>\n\t\t\t\t\t\t\t\t\t\t\t\t\t<\/div>\n\t\t\t\t\t<\/div>\n\t\t\t\t<\/div>\n\n\t\t\t\n\t\t<\/div>\n\n\t<\/div>\n\n\t<div class=\"slider-ctas-nav\"><\/div>\n\n<\/div>","protected":false},"excerpt":{"rendered":"<p>Check out our comprehensive suite of retail solutions for retailers of all sizes, including grocery, retail, convenience, liquor and wine stores, and more. <\/p>","protected":false},"author":9,"featured_media":0,"parent":0,"menu_order":12,"comment_status":"closed","ping_status":"closed","template":"","meta":{"_acf_changed":false,"footnotes":""},"class_list":["post-3638","page","type-page","status-publish","hentry"],"acf":[],"yoast_head":"<!-- This site is optimized with the Yoast SEO plugin v27.5 - https:\/\/yoast.com\/product\/yoast-seo-wordpress\/ -->\n<title>Select Retail Technology Products | Ravyx<\/title>\n<meta name=\"description\" content=\"Browse Ravyx\u2019s innovative collection of retail tech products, including POS systems, POS applications, self-checkout kiosks, ESLs, handheld devices, and more.\" \/>\n<meta name=\"robots\" content=\"index, follow, max-snippet:-1, max-image-preview:large, max-video-preview:-1\" \/>\n<link rel=\"canonical\" href=\"https:\/\/ravyx.com\/es\/product-overview\/\" \/>\n<meta property=\"og:locale\" content=\"es_ES\" \/>\n<meta property=\"og:type\" content=\"article\" \/>\n<meta property=\"og:title\" content=\"Select Retail Technology Products | Ravyx\" \/>\n<meta property=\"og:description\" content=\"Browse Ravyx\u2019s innovative collection of retail tech products, including POS systems, POS applications, self-checkout kiosks, ESLs, handheld devices, and more.\" \/>\n<meta property=\"og:url\" content=\"https:\/\/ravyx.com\/es\/product-overview\/\" \/>\n<meta property=\"og:site_name\" content=\"Ravyx\" \/>\n<meta property=\"article:publisher\" content=\"https:\/\/www.facebook.com\/stcrpos\" \/>\n<meta property=\"og:image\" content=\"https:\/\/ravyx.com\/wp-content\/uploads\/2025\/05\/toshiba-self-checkout.svg\" \/>\n<meta name=\"twitter:card\" content=\"summary_large_image\" \/>\n<meta name=\"twitter:site\" content=\"@stcrpos\" \/>\n<meta name=\"twitter:label1\" content=\"Est. reading time\" \/>\n\t<meta name=\"twitter:data1\" content=\"2 minutos\" \/>\n<script type=\"application\/ld+json\" class=\"yoast-schema-graph\">{\"@context\":\"https:\\\/\\\/schema.org\",\"@graph\":[{\"@type\":\"WebPage\",\"@id\":\"https:\\\/\\\/ravyx.com\\\/product-overview\\\/\",\"url\":\"https:\\\/\\\/ravyx.com\\\/product-overview\\\/\",\"name\":\"Select Retail Technology Products | Ravyx\",\"isPartOf\":{\"@id\":\"https:\\\/\\\/ravyx.com\\\/#website\"},\"primaryImageOfPage\":{\"@id\":\"https:\\\/\\\/ravyx.com\\\/product-overview\\\/#primaryimage\"},\"image\":{\"@id\":\"https:\\\/\\\/ravyx.com\\\/product-overview\\\/#primaryimage\"},\"thumbnailUrl\":\"https:\\\/\\\/ravyx.com\\\/wp-content\\\/uploads\\\/2025\\\/05\\\/toshiba-self-checkout.svg\",\"datePublished\":\"2025-06-17T14:27:29+00:00\",\"description\":\"Browse Ravyx\u2019s innovative collection of retail tech products, including POS systems, POS applications, self-checkout kiosks, ESLs, handheld devices, and more.\",\"breadcrumb\":{\"@id\":\"https:\\\/\\\/ravyx.com\\\/product-overview\\\/#breadcrumb\"},\"inLanguage\":\"es-DO\",\"potentialAction\":[{\"@type\":\"ReadAction\",\"target\":[\"https:\\\/\\\/ravyx.com\\\/product-overview\\\/\"]}]},{\"@type\":\"ImageObject\",\"inLanguage\":\"es-DO\",\"@id\":\"https:\\\/\\\/ravyx.com\\\/product-overview\\\/#primaryimage\",\"url\":\"https:\\\/\\\/ravyx.com\\\/wp-content\\\/uploads\\\/2025\\\/05\\\/toshiba-self-checkout.svg\",\"contentUrl\":\"https:\\\/\\\/ravyx.com\\\/wp-content\\\/uploads\\\/2025\\\/05\\\/toshiba-self-checkout.svg\"},{\"@type\":\"BreadcrumbList\",\"@id\":\"https:\\\/\\\/ravyx.com\\\/product-overview\\\/#breadcrumb\",\"itemListElement\":[{\"@type\":\"ListItem\",\"position\":1,\"name\":\"Home\",\"item\":\"https:\\\/\\\/ravyx.com\\\/\"},{\"@type\":\"ListItem\",\"position\":2,\"name\":\"New Product Landing Page\"}]},{\"@type\":\"WebSite\",\"@id\":\"https:\\\/\\\/ravyx.com\\\/#website\",\"url\":\"https:\\\/\\\/ravyx.com\\\/\",\"name\":\"Ravyx\",\"description\":\"Proven Grocery Technologies\",\"publisher\":{\"@id\":\"https:\\\/\\\/ravyx.com\\\/#organization\"},\"potentialAction\":[{\"@type\":\"SearchAction\",\"target\":{\"@type\":\"EntryPoint\",\"urlTemplate\":\"https:\\\/\\\/ravyx.com\\\/?s={search_term_string}\"},\"query-input\":{\"@type\":\"PropertyValueSpecification\",\"valueRequired\":true,\"valueName\":\"search_term_string\"}}],\"inLanguage\":\"es-DO\"},{\"@type\":\"Organization\",\"@id\":\"https:\\\/\\\/ravyx.com\\\/#organization\",\"name\":\"Ravyx\",\"url\":\"https:\\\/\\\/ravyx.com\\\/\",\"logo\":{\"@type\":\"ImageObject\",\"inLanguage\":\"es-DO\",\"@id\":\"https:\\\/\\\/ravyx.com\\\/#\\\/schema\\\/logo\\\/image\\\/\",\"url\":\"https:\\\/\\\/ravyx.com\\\/wp-content\\\/uploads\\\/2023\\\/09\\\/generic-brand-1.jpg\",\"contentUrl\":\"https:\\\/\\\/ravyx.com\\\/wp-content\\\/uploads\\\/2023\\\/09\\\/generic-brand-1.jpg\",\"width\":1200,\"height\":1200,\"caption\":\"Ravyx\"},\"image\":{\"@id\":\"https:\\\/\\\/ravyx.com\\\/#\\\/schema\\\/logo\\\/image\\\/\"},\"sameAs\":[\"https:\\\/\\\/www.facebook.com\\\/stcrpos\",\"https:\\\/\\\/x.com\\\/stcrpos\",\"https:\\\/\\\/www.linkedin.com\\\/company\\\/stcr\\\/\",\"https:\\\/\\\/www.youtube.com\\\/channel\\\/UCSWcsJARYjaQnz0T5o4p9DQ\"]}]}<\/script>\n<!-- \/ Yoast SEO plugin. -->","yoast_head_json":{"title":"Select Retail Technology Products | Ravyx","description":"Browse Ravyx\u2019s innovative collection of retail tech products, including POS systems, POS applications, self-checkout kiosks, ESLs, handheld devices, and more.","robots":{"index":"index","follow":"follow","max-snippet":"max-snippet:-1","max-image-preview":"max-image-preview:large","max-video-preview":"max-video-preview:-1"},"canonical":"https:\/\/ravyx.com\/es\/product-overview\/","og_locale":"es_ES","og_type":"article","og_title":"Select Retail Technology Products | Ravyx","og_description":"Browse Ravyx\u2019s innovative collection of retail tech products, including POS systems, POS applications, self-checkout kiosks, ESLs, handheld devices, and more.","og_url":"https:\/\/ravyx.com\/es\/product-overview\/","og_site_name":"Ravyx","article_publisher":"https:\/\/www.facebook.com\/stcrpos","og_image":[{"url":"https:\/\/ravyx.com\/wp-content\/uploads\/2025\/05\/toshiba-self-checkout.svg","type":"","width":"","height":""}],"twitter_card":"summary_large_image","twitter_site":"@stcrpos","twitter_misc":{"Est. reading time":"2 minutos"},"schema":{"@context":"https:\/\/schema.org","@graph":[{"@type":"WebPage","@id":"https:\/\/ravyx.com\/product-overview\/","url":"https:\/\/ravyx.com\/product-overview\/","name":"Select Retail Technology Products | Ravyx","isPartOf":{"@id":"https:\/\/ravyx.com\/#website"},"primaryImageOfPage":{"@id":"https:\/\/ravyx.com\/product-overview\/#primaryimage"},"image":{"@id":"https:\/\/ravyx.com\/product-overview\/#primaryimage"},"thumbnailUrl":"https:\/\/ravyx.com\/wp-content\/uploads\/2025\/05\/toshiba-self-checkout.svg","datePublished":"2025-06-17T14:27:29+00:00","description":"Browse Ravyx\u2019s innovative collection of retail tech products, including POS systems, POS applications, self-checkout kiosks, ESLs, handheld devices, and more.","breadcrumb":{"@id":"https:\/\/ravyx.com\/product-overview\/#breadcrumb"},"inLanguage":"es-DO","potentialAction":[{"@type":"ReadAction","target":["https:\/\/ravyx.com\/product-overview\/"]}]},{"@type":"ImageObject","inLanguage":"es-DO","@id":"https:\/\/ravyx.com\/product-overview\/#primaryimage","url":"https:\/\/ravyx.com\/wp-content\/uploads\/2025\/05\/toshiba-self-checkout.svg","contentUrl":"https:\/\/ravyx.com\/wp-content\/uploads\/2025\/05\/toshiba-self-checkout.svg"},{"@type":"BreadcrumbList","@id":"https:\/\/ravyx.com\/product-overview\/#breadcrumb","itemListElement":[{"@type":"ListItem","position":1,"name":"Home","item":"https:\/\/ravyx.com\/"},{"@type":"ListItem","position":2,"name":"New Product Landing Page"}]},{"@type":"WebSite","@id":"https:\/\/ravyx.com\/#website","url":"https:\/\/ravyx.com\/","name":"Ravyx","description":"Proven Grocery Technologies","publisher":{"@id":"https:\/\/ravyx.com\/#organization"},"potentialAction":[{"@type":"SearchAction","target":{"@type":"EntryPoint","urlTemplate":"https:\/\/ravyx.com\/?s={search_term_string}"},"query-input":{"@type":"PropertyValueSpecification","valueRequired":true,"valueName":"search_term_string"}}],"inLanguage":"es-DO"},{"@type":"Organization","@id":"https:\/\/ravyx.com\/#organization","name":"Ravyx","url":"https:\/\/ravyx.com\/","logo":{"@type":"ImageObject","inLanguage":"es-DO","@id":"https:\/\/ravyx.com\/#\/schema\/logo\/image\/","url":"https:\/\/ravyx.com\/wp-content\/uploads\/2023\/09\/generic-brand-1.jpg","contentUrl":"https:\/\/ravyx.com\/wp-content\/uploads\/2023\/09\/generic-brand-1.jpg","width":1200,"height":1200,"caption":"Ravyx"},"image":{"@id":"https:\/\/ravyx.com\/#\/schema\/logo\/image\/"},"sameAs":["https:\/\/www.facebook.com\/stcrpos","https:\/\/x.com\/stcrpos","https:\/\/www.linkedin.com\/company\/stcr\/","https:\/\/www.youtube.com\/channel\/UCSWcsJARYjaQnz0T5o4p9DQ"]}]}},"_links":{"self":[{"href":"https:\/\/ravyx.com\/es\/wp-json\/wp\/v2\/pages\/3638","targetHints":{"allow":["GET"]}}],"collection":[{"href":"https:\/\/ravyx.com\/es\/wp-json\/wp\/v2\/pages"}],"about":[{"href":"https:\/\/ravyx.com\/es\/wp-json\/wp\/v2\/types\/page"}],"author":[{"embeddable":true,"href":"https:\/\/ravyx.com\/es\/wp-json\/wp\/v2\/users\/9"}],"replies":[{"embeddable":true,"href":"https:\/\/ravyx.com\/es\/wp-json\/wp\/v2\/comments?post=3638"}],"version-history":[{"count":0,"href":"https:\/\/ravyx.com\/es\/wp-json\/wp\/v2\/pages\/3638\/revisions"}],"wp:attachment":[{"href":"https:\/\/ravyx.com\/es\/wp-json\/wp\/v2\/media?parent=3638"}],"curies":[{"name":"wp","href":"https:\/\/api.w.org\/{rel}","templated":true}]}}