{"id":3492,"date":"2025-08-19T08:33:17","date_gmt":"2025-08-19T12:33:17","guid":{"rendered":"https:\/\/stcr.com\/?page_id=3492"},"modified":"2025-08-19T08:34:00","modified_gmt":"2025-08-19T12:34:00","slug":"ecommerce","status":"publish","type":"page","link":"https:\/\/ravyx.com\/es\/ecommerce\/","title":{"rendered":"comercio electr\u00f3nico"},"content":{"rendered":"<div class=\"wp-block-columns is-layout-flex wp-container-core-columns-is-layout-9d6595d7 wp-block-columns-is-layout-flex\">\n<div class=\"wp-block-column is-layout-flow wp-block-column-is-layout-flow\"><\/div>\n\n\n\n<div class=\"wp-block-column is-layout-flow wp-block-column-is-layout-flow\" style=\"flex-basis:80%\">\n<p class=\"has-text-align-center has-huge-font-size\">Conf\u00ede en Ravyx para integrar su software de punto de venta con su plataforma de comercio electr\u00f3nico preferida.<\/p>\n<\/div>\n\n\n\n<div class=\"wp-block-column is-layout-flow wp-block-column-is-layout-flow\"><\/div>\n<\/div>\n\n\n\n<div class=\"wp-block-columns is-layout-flex wp-container-core-columns-is-layout-9d6595d7 wp-block-columns-is-layout-flex\">\n<div class=\"wp-block-column is-layout-flow wp-block-column-is-layout-flow\">\n<h2 class=\"wp-block-heading\">\u00bfPor qu\u00e9 invertir en una plataforma de comercio electr\u00f3nico?<\/h2>\n\n\n\n<p>Hoy en d\u00eda, las compras en l\u00ednea son una parte esencial de la experiencia de compra en general. Una plataforma de comercio electr\u00f3nico ofrece muchas ventajas que es importante tener en cuenta.<\/p>\n\n\n\n<ul class=\"wp-block-list stylized-list\">\n<li class=\"stylized-list\">Mejorar la experiencia de compra del cliente<\/li>\n\n\n\n<li>Estar disponible las 24 horas del d\u00eda, los 7 d\u00edas de la semana.<\/li>\n\n\n\n<li>Llegue a m\u00e1s consumidores y aumente potencialmente su base de clientes.<\/li>\n\n\n\n<li>Haz que te vean y toma la parte que te corresponde del mercado en l\u00ednea.<\/li>\n<\/ul>\n<\/div>\n\n\n\n<div class=\"wp-block-column is-layout-flow wp-block-column-is-layout-flow\">\n<figure class=\"wp-block-image size-full\"><img loading=\"lazy\" decoding=\"async\" width=\"600\" height=\"400\" src=\"https:\/\/ravyx.com\/wp-content\/uploads\/2025\/08\/20.png\" alt=\"\" class=\"wp-image-3888\" srcset=\"https:\/\/ravyx.com\/wp-content\/uploads\/2025\/08\/20.png 600w, https:\/\/ravyx.com\/wp-content\/uploads\/2025\/08\/20-300x200.png 300w, https:\/\/ravyx.com\/wp-content\/uploads\/2025\/08\/20-18x12.png 18w\" sizes=\"auto, (max-width: 600px) 100vw, 600px\" \/><\/figure>\n<\/div>\n<\/div>\n\n\n\n<div class=\"wp-block-columns is-layout-flex wp-container-core-columns-is-layout-9d6595d7 wp-block-columns-is-layout-flex\">\n<div class=\"wp-block-column order-1 is-layout-flow wp-block-column-is-layout-flow\">\n<figure class=\"wp-block-image size-full is-resized\"><img loading=\"lazy\" decoding=\"async\" width=\"600\" height=\"400\" src=\"https:\/\/ravyx.com\/wp-content\/uploads\/2025\/08\/21.png\" alt=\"\" class=\"wp-image-3889\" style=\"aspect-ratio:1.4772234273318872;width:518px;height:auto\" srcset=\"https:\/\/ravyx.com\/wp-content\/uploads\/2025\/08\/21.png 600w, https:\/\/ravyx.com\/wp-content\/uploads\/2025\/08\/21-300x200.png 300w, https:\/\/ravyx.com\/wp-content\/uploads\/2025\/08\/21-18x12.png 18w\" sizes=\"auto, (max-width: 600px) 100vw, 600px\" \/><\/figure>\n<\/div>\n\n\n\n<div class=\"wp-block-column order-2 is-layout-flow wp-block-column-is-layout-flow\">\n<h2 class=\"wp-block-heading\">Integraci\u00f3n completa del comercio electr\u00f3nico con su software de punto de venta<br><\/h2>\n\n\n\n<p>Toda tu base de datos se gestiona desde tu software de punto de venta y se sincroniza autom\u00e1ticamente con tu sitio web. Aprovecha esta comunicaci\u00f3n bidireccional para aumentar tu eficiencia operativa.<\/p>\n\n\n\n<ul class=\"wp-block-list stylized-list\">\n<li class=\"stylized-list\">La informaci\u00f3n sobre los productos, como los precios, el inventario o las promociones, se transfiere autom\u00e1ticamente a su sitio web.<\/li>\n\n\n\n<li>Los pedidos realizados en l\u00ednea se transfieren directamente a su SMS.<\/li>\n\n\n\n<li>Cuando se realiza un pedido en l\u00ednea, el nivel de inventario en SMS se ajusta autom\u00e1ticamente.<\/li>\n<\/ul>\n<\/div>\n<\/div>\n\n\n\n<div class=\"wp-block-columns is-layout-flex wp-container-core-columns-is-layout-9d6595d7 wp-block-columns-is-layout-flex\">\n<div class=\"wp-block-column is-layout-flow wp-block-column-is-layout-flow\">\n<h2 class=\"wp-block-heading\">Desarrolle su imagen de marca y su estrategia de mercadotecnia&nbsp;<\/h2>\n\n\n\n<p>Tu sitio web es una extensi\u00f3n de tu tienda, pero cuenta con sus propias herramientas de gesti\u00f3n de contenido, lo que te abre todo tipo de posibilidades de mercadotecnia. Con el auge del comercio en l\u00ednea, es fundamental optimizar tu presencia en Internet y asegurarte de aparecer entre los primeros resultados de b\u00fasqueda en la web.<\/p>\n\n\n\n<ul class=\"wp-block-list stylized-list\">\n<li class=\"stylized-list\">Aseg\u00farate de aparecer entre los primeros resultados de b\u00fasqueda en la web con la ayuda de nuestras herramientas de posicionamiento.<\/li>\n\n\n\n<li>Cree combinaciones de productos para aumentar sus ventas.<\/li>\n\n\n\n<li class=\"stylized-list\">Aprovecha los informes de ventas en l\u00ednea para ver cu\u00e1les son tus productos m\u00e1s vendidos, pero tambi\u00e9n para realizar promociones en productos seleccionados.<\/li>\n<\/ul>\n<\/div>\n\n\n\n<div class=\"wp-block-column is-layout-flow wp-block-column-is-layout-flow\">\n<figure class=\"wp-block-image size-full\"><img loading=\"lazy\" decoding=\"async\" width=\"600\" height=\"400\" src=\"https:\/\/ravyx.com\/wp-content\/uploads\/2025\/08\/23.png\" alt=\"\" class=\"wp-image-3890\" srcset=\"https:\/\/ravyx.com\/wp-content\/uploads\/2025\/08\/23.png 600w, https:\/\/ravyx.com\/wp-content\/uploads\/2025\/08\/23-300x200.png 300w, https:\/\/ravyx.com\/wp-content\/uploads\/2025\/08\/23-18x12.png 18w\" sizes=\"auto, (max-width: 600px) 100vw, 600px\" \/><\/figure>\n<\/div>\n<\/div>\n\n\n\n<div class=\"block-inline-cta wpx-custom-block\" id=\"acf-inline-cta1684\">\n\n\t<div class=\"inline-cta-inner\">\n\t\t\n\t\t<h3 class=\"inline-cta-title\">\u00bfQuieres saber m\u00e1s?<\/h3>\t\t\n\t\t\t\t\t<div class=\"button-group\">\n\t\t\t\t<a href=\"https:\/\/ravyx.com\/es\/contact-us\/\" target=\"\" class=\"wpx-button\">CONT\u00c1CTENOS<\/a>\n\t\t\t<\/div>\n\t\t\n\t<\/div>\n\n<\/div>\n\n\n<h2 class=\"wp-block-heading has-text-align-center\">M\u00e1s informaci\u00f3n sobre nuestras soluciones:<\/h2>\n\n\n\n<section class=\"block-related wpx-custom-block\" id=\"acf-related-pages2539\">\n\n\t\t\n\t<div class=\"related-inner\">\n\n\t\t\n\t\t\t<article class=\"related-page\">\n\t\t\t\t<a href=\"https:\/\/ravyx.com\/es\/are-out-stock-items-hurting-your-online-grocery-sales\/\">\n\t\t\t\t\t<div class=\"related-page-thumb\">\n\t\t\t\t\t\t\t\t\t\t\t\t<img decoding=\"async\" src=\"https:\/\/ravyx.com\/wp-content\/uploads\/2023\/10\/Are-Out-of-Stock-Items-Hurting-Your-Online-Grocery-Sales_-880x636.jpg\" alt=\"\" srcset=\"\" sizes=\"(max-width: 880px) 100vw, 880px\">\n\t\t\t\t\t<\/div>\n\t\t\t\t\t<div class=\"related-page-header\">\n\t\t\t\t\t\t<h1 class=\"related-page-title\">C\u00f3mo evitar que los art\u00edculos agotados afecten negativamente a tus ventas de comestibles en l\u00ednea.<\/h1>\n\t\t\t\t\t<\/div>\n\t\t\t\t<\/a>\n\t\t\t<\/article>\n\n\t\t\t\n\t\t\n\t\t\t<article class=\"related-page\">\n\t\t\t\t<a href=\"https:\/\/ravyx.com\/es\/how-upgrade-store-shopping-grocery-technology\/\">\n\t\t\t\t\t<div class=\"related-page-thumb\">\n\t\t\t\t\t\t\t\t\t\t\t\t<img decoding=\"async\" src=\"https:\/\/ravyx.com\/wp-content\/uploads\/2023\/10\/How-To-Upgrade-In-Store-Shopping-With-Grocery-Technology-1-880x636.jpg\" alt=\"\" srcset=\"\" sizes=\"(max-width: 880px) 100vw, 880px\">\n\t\t\t\t\t<\/div>\n\t\t\t\t\t<div class=\"related-page-header\">\n\t\t\t\t\t\t<h1 class=\"related-page-title\">C\u00f3mo mejorar la experiencia de compra en la tienda con tecnolog\u00eda para supermercados<\/h1>\n\t\t\t\t\t<\/div>\n\t\t\t\t<\/a>\n\t\t\t<\/article>\n\n\t\t\t\n\t\t\n\t\t\t<article class=\"related-page\">\n\t\t\t\t<a href=\"https:\/\/ravyx.com\/es\/bringing-digital-experiences-shoppers-carts\/\">\n\t\t\t\t\t<div class=\"related-page-thumb\">\n\t\t\t\t\t\t\t\t\t\t\t\t<img decoding=\"async\" src=\"https:\/\/ravyx.com\/wp-content\/uploads\/2023\/09\/generic-blog-img-880x601.jpg\" alt=\"\" srcset=\"\" sizes=\"(max-width: 880px) 100vw, 880px\">\n\t\t\t\t\t<\/div>\n\t\t\t\t\t<div class=\"related-page-header\">\n\t\t\t\t\t\t<h1 class=\"related-page-title\">Llevando las experiencias digitales a los carritos de los compradores<\/h1>\n\t\t\t\t\t<\/div>\n\t\t\t\t<\/a>\n\t\t\t<\/article>\n\n\t\t\t\n\t\t\n\t<\/div>\n\n<\/section>\n\n\n\n\n<p class=\"has-text-align-center\"><a href=\"https:\/\/ravyx.com\/es\/2-ways-self-checkout-technology-advancing\/\"><\/a><\/p>","protected":false},"excerpt":{"rendered":"<p>POS applications like LOC SMS and Toshiba ACE &#038; Elera give you all the features you need to run your business in an integrated way.<\/p>","protected":false},"author":7,"featured_media":0,"parent":0,"menu_order":9,"comment_status":"closed","ping_status":"closed","template":"","meta":{"_acf_changed":true,"footnotes":""},"class_list":["post-3492","page","type-page","status-publish","hentry"],"acf":[],"yoast_head":"<!-- This site is optimized with the Yoast SEO plugin v27.5 - https:\/\/yoast.com\/product\/yoast-seo-wordpress\/ -->\n<title>eCommerce Integrations | Ravyx<\/title>\n<meta name=\"description\" content=\"Seamlessly connect your retail systems with eCommerce integration services. Enhance your online presence and streamline operations.\" \/>\n<meta name=\"robots\" content=\"index, follow, max-snippet:-1, max-image-preview:large, max-video-preview:-1\" \/>\n<link rel=\"canonical\" href=\"https:\/\/ravyx.com\/es\/ecommerce\/\" \/>\n<meta property=\"og:locale\" content=\"es_ES\" \/>\n<meta property=\"og:type\" content=\"article\" \/>\n<meta property=\"og:title\" content=\"eCommerce Integrations | Ravyx\" \/>\n<meta property=\"og:description\" content=\"Seamlessly connect your retail systems with eCommerce integration services. Enhance your online presence and streamline operations.\" \/>\n<meta property=\"og:url\" content=\"https:\/\/ravyx.com\/es\/ecommerce\/\" \/>\n<meta property=\"og:site_name\" content=\"Ravyx\" \/>\n<meta property=\"article:publisher\" content=\"https:\/\/www.facebook.com\/stcrpos\" \/>\n<meta property=\"article:modified_time\" content=\"2025-08-19T12:34:00+00:00\" \/>\n<meta property=\"og:image\" content=\"https:\/\/ravyx.com\/wp-content\/uploads\/2025\/08\/20.png\" \/>\n<meta name=\"twitter:card\" content=\"summary_large_image\" \/>\n<meta name=\"twitter:site\" content=\"@stcrpos\" \/>\n<meta name=\"twitter:label1\" content=\"Est. reading time\" \/>\n\t<meta name=\"twitter:data1\" content=\"2 minutos\" \/>\n<script type=\"application\/ld+json\" class=\"yoast-schema-graph\">{\"@context\":\"https:\\\/\\\/schema.org\",\"@graph\":[{\"@type\":\"WebPage\",\"@id\":\"https:\\\/\\\/ravyx.com\\\/ecommerce\\\/\",\"url\":\"https:\\\/\\\/ravyx.com\\\/ecommerce\\\/\",\"name\":\"eCommerce Integrations | Ravyx\",\"isPartOf\":{\"@id\":\"https:\\\/\\\/ravyx.com\\\/#website\"},\"primaryImageOfPage\":{\"@id\":\"https:\\\/\\\/ravyx.com\\\/ecommerce\\\/#primaryimage\"},\"image\":{\"@id\":\"https:\\\/\\\/ravyx.com\\\/ecommerce\\\/#primaryimage\"},\"thumbnailUrl\":\"https:\\\/\\\/ravyx.com\\\/wp-content\\\/uploads\\\/2025\\\/08\\\/20.png\",\"datePublished\":\"2025-08-19T12:33:17+00:00\",\"dateModified\":\"2025-08-19T12:34:00+00:00\",\"description\":\"Seamlessly connect your retail systems with eCommerce integration services. Enhance your online presence and streamline operations.\",\"breadcrumb\":{\"@id\":\"https:\\\/\\\/ravyx.com\\\/ecommerce\\\/#breadcrumb\"},\"inLanguage\":\"es-DO\",\"potentialAction\":[{\"@type\":\"ReadAction\",\"target\":[\"https:\\\/\\\/ravyx.com\\\/ecommerce\\\/\"]}]},{\"@type\":\"ImageObject\",\"inLanguage\":\"es-DO\",\"@id\":\"https:\\\/\\\/ravyx.com\\\/ecommerce\\\/#primaryimage\",\"url\":\"https:\\\/\\\/ravyx.com\\\/wp-content\\\/uploads\\\/2025\\\/08\\\/20.png\",\"contentUrl\":\"https:\\\/\\\/ravyx.com\\\/wp-content\\\/uploads\\\/2025\\\/08\\\/20.png\"},{\"@type\":\"BreadcrumbList\",\"@id\":\"https:\\\/\\\/ravyx.com\\\/ecommerce\\\/#breadcrumb\",\"itemListElement\":[{\"@type\":\"ListItem\",\"position\":1,\"name\":\"Home\",\"item\":\"https:\\\/\\\/ravyx.com\\\/\"},{\"@type\":\"ListItem\",\"position\":2,\"name\":\"eCommerce\"}]},{\"@type\":\"WebSite\",\"@id\":\"https:\\\/\\\/ravyx.com\\\/#website\",\"url\":\"https:\\\/\\\/ravyx.com\\\/\",\"name\":\"Ravyx\",\"description\":\"Proven Grocery Technologies\",\"publisher\":{\"@id\":\"https:\\\/\\\/ravyx.com\\\/#organization\"},\"potentialAction\":[{\"@type\":\"SearchAction\",\"target\":{\"@type\":\"EntryPoint\",\"urlTemplate\":\"https:\\\/\\\/ravyx.com\\\/?s={search_term_string}\"},\"query-input\":{\"@type\":\"PropertyValueSpecification\",\"valueRequired\":true,\"valueName\":\"search_term_string\"}}],\"inLanguage\":\"es-DO\"},{\"@type\":\"Organization\",\"@id\":\"https:\\\/\\\/ravyx.com\\\/#organization\",\"name\":\"Ravyx\",\"url\":\"https:\\\/\\\/ravyx.com\\\/\",\"logo\":{\"@type\":\"ImageObject\",\"inLanguage\":\"es-DO\",\"@id\":\"https:\\\/\\\/ravyx.com\\\/#\\\/schema\\\/logo\\\/image\\\/\",\"url\":\"https:\\\/\\\/ravyx.com\\\/wp-content\\\/uploads\\\/2023\\\/09\\\/generic-brand-1.jpg\",\"contentUrl\":\"https:\\\/\\\/ravyx.com\\\/wp-content\\\/uploads\\\/2023\\\/09\\\/generic-brand-1.jpg\",\"width\":1200,\"height\":1200,\"caption\":\"Ravyx\"},\"image\":{\"@id\":\"https:\\\/\\\/ravyx.com\\\/#\\\/schema\\\/logo\\\/image\\\/\"},\"sameAs\":[\"https:\\\/\\\/www.facebook.com\\\/stcrpos\",\"https:\\\/\\\/x.com\\\/stcrpos\",\"https:\\\/\\\/www.linkedin.com\\\/company\\\/stcr\\\/\",\"https:\\\/\\\/www.youtube.com\\\/channel\\\/UCSWcsJARYjaQnz0T5o4p9DQ\"]}]}<\/script>\n<!-- \/ Yoast SEO plugin. -->","yoast_head_json":{"title":"eCommerce Integrations | Ravyx","description":"Seamlessly connect your retail systems with eCommerce integration services. Enhance your online presence and streamline operations.","robots":{"index":"index","follow":"follow","max-snippet":"max-snippet:-1","max-image-preview":"max-image-preview:large","max-video-preview":"max-video-preview:-1"},"canonical":"https:\/\/ravyx.com\/es\/ecommerce\/","og_locale":"es_ES","og_type":"article","og_title":"eCommerce Integrations | Ravyx","og_description":"Seamlessly connect your retail systems with eCommerce integration services. Enhance your online presence and streamline operations.","og_url":"https:\/\/ravyx.com\/es\/ecommerce\/","og_site_name":"Ravyx","article_publisher":"https:\/\/www.facebook.com\/stcrpos","article_modified_time":"2025-08-19T12:34:00+00:00","og_image":[{"url":"https:\/\/ravyx.com\/wp-content\/uploads\/2025\/08\/20.png","type":"","width":"","height":""}],"twitter_card":"summary_large_image","twitter_site":"@stcrpos","twitter_misc":{"Est. reading time":"2 minutos"},"schema":{"@context":"https:\/\/schema.org","@graph":[{"@type":"WebPage","@id":"https:\/\/ravyx.com\/ecommerce\/","url":"https:\/\/ravyx.com\/ecommerce\/","name":"eCommerce Integrations | Ravyx","isPartOf":{"@id":"https:\/\/ravyx.com\/#website"},"primaryImageOfPage":{"@id":"https:\/\/ravyx.com\/ecommerce\/#primaryimage"},"image":{"@id":"https:\/\/ravyx.com\/ecommerce\/#primaryimage"},"thumbnailUrl":"https:\/\/ravyx.com\/wp-content\/uploads\/2025\/08\/20.png","datePublished":"2025-08-19T12:33:17+00:00","dateModified":"2025-08-19T12:34:00+00:00","description":"Seamlessly connect your retail systems with eCommerce integration services. Enhance your online presence and streamline operations.","breadcrumb":{"@id":"https:\/\/ravyx.com\/ecommerce\/#breadcrumb"},"inLanguage":"es-DO","potentialAction":[{"@type":"ReadAction","target":["https:\/\/ravyx.com\/ecommerce\/"]}]},{"@type":"ImageObject","inLanguage":"es-DO","@id":"https:\/\/ravyx.com\/ecommerce\/#primaryimage","url":"https:\/\/ravyx.com\/wp-content\/uploads\/2025\/08\/20.png","contentUrl":"https:\/\/ravyx.com\/wp-content\/uploads\/2025\/08\/20.png"},{"@type":"BreadcrumbList","@id":"https:\/\/ravyx.com\/ecommerce\/#breadcrumb","itemListElement":[{"@type":"ListItem","position":1,"name":"Home","item":"https:\/\/ravyx.com\/"},{"@type":"ListItem","position":2,"name":"eCommerce"}]},{"@type":"WebSite","@id":"https:\/\/ravyx.com\/#website","url":"https:\/\/ravyx.com\/","name":"Ravyx","description":"Proven Grocery Technologies","publisher":{"@id":"https:\/\/ravyx.com\/#organization"},"potentialAction":[{"@type":"SearchAction","target":{"@type":"EntryPoint","urlTemplate":"https:\/\/ravyx.com\/?s={search_term_string}"},"query-input":{"@type":"PropertyValueSpecification","valueRequired":true,"valueName":"search_term_string"}}],"inLanguage":"es-DO"},{"@type":"Organization","@id":"https:\/\/ravyx.com\/#organization","name":"Ravyx","url":"https:\/\/ravyx.com\/","logo":{"@type":"ImageObject","inLanguage":"es-DO","@id":"https:\/\/ravyx.com\/#\/schema\/logo\/image\/","url":"https:\/\/ravyx.com\/wp-content\/uploads\/2023\/09\/generic-brand-1.jpg","contentUrl":"https:\/\/ravyx.com\/wp-content\/uploads\/2023\/09\/generic-brand-1.jpg","width":1200,"height":1200,"caption":"Ravyx"},"image":{"@id":"https:\/\/ravyx.com\/#\/schema\/logo\/image\/"},"sameAs":["https:\/\/www.facebook.com\/stcrpos","https:\/\/x.com\/stcrpos","https:\/\/www.linkedin.com\/company\/stcr\/","https:\/\/www.youtube.com\/channel\/UCSWcsJARYjaQnz0T5o4p9DQ"]}]}},"_links":{"self":[{"href":"https:\/\/ravyx.com\/es\/wp-json\/wp\/v2\/pages\/3492","targetHints":{"allow":["GET"]}}],"collection":[{"href":"https:\/\/ravyx.com\/es\/wp-json\/wp\/v2\/pages"}],"about":[{"href":"https:\/\/ravyx.com\/es\/wp-json\/wp\/v2\/types\/page"}],"author":[{"embeddable":true,"href":"https:\/\/ravyx.com\/es\/wp-json\/wp\/v2\/users\/7"}],"replies":[{"embeddable":true,"href":"https:\/\/ravyx.com\/es\/wp-json\/wp\/v2\/comments?post=3492"}],"version-history":[{"count":0,"href":"https:\/\/ravyx.com\/es\/wp-json\/wp\/v2\/pages\/3492\/revisions"}],"wp:attachment":[{"href":"https:\/\/ravyx.com\/es\/wp-json\/wp\/v2\/media?parent=3492"}],"curies":[{"name":"wp","href":"https:\/\/api.w.org\/{rel}","templated":true}]}}