{"id":3490,"date":"2025-06-18T13:36:18","date_gmt":"2025-06-18T17:36:18","guid":{"rendered":"https:\/\/stcr.com\/?page_id=3490"},"modified":"2025-06-18T13:37:45","modified_gmt":"2025-06-18T17:37:45","slug":"anti-virus-and-backup-services","status":"publish","type":"page","link":"https:\/\/ravyx.com\/es\/solutions\/select-products\/anti-virus-and-backup-services\/","title":{"rendered":"Servicios complementarios"},"content":{"rendered":"<div class=\"wp-block-columns is-layout-flex wp-container-core-columns-is-layout-9d6595d7 wp-block-columns-is-layout-flex\">\n<div class=\"wp-block-column is-layout-flow wp-block-column-is-layout-flow\"><\/div>\n\n\n\n<div class=\"wp-block-column is-layout-flow wp-block-column-is-layout-flow\" style=\"flex-basis:80%\">\n<p class=\"has-text-align-center has-huge-font-size\"><\/p>\n<\/div>\n\n\n\n<div class=\"wp-block-column is-layout-flow wp-block-column-is-layout-flow\"><\/div>\n<\/div>\n\n\n\n<div class=\"wp-block-columns is-layout-flex wp-container-core-columns-is-layout-9d6595d7 wp-block-columns-is-layout-flex\">\n<div class=\"wp-block-column is-layout-flow wp-block-column-is-layout-flow\">\n<h2 class=\"wp-block-heading\">Antivirus y copia de seguridad<\/h2>\n\n\n\n<p>Las amenazas cibern\u00e9ticas ponen en riesgo sus operaciones y datos, y pueden tener graves consecuencias, especialmente econ\u00f3micas. Pero se pueden prevenir. Nuestra doble protecci\u00f3n, que consiste en un antivirus gestionado de forma remota y un servicio de copia de seguridad, garantiza una seguridad infalible.<\/p>\n\n\n\n<ul class=\"wp-block-list stylized-list\">\n<li class=\"stylized-list\">Informes mensuales sobre el estado de las alertas<\/li>\n\n\n\n<li>Monitoreo realizado por nuestro equipo<\/li>\n\n\n\n<li>Instalaci\u00f3n y actualizaciones con el apoyo de nuestro equipo.<\/li>\n\n\n\n<li>Obtenga hasta 30 d\u00edas de datos de trabajo en caso de p\u00e9rdida.<\/li>\n\n\n\n<li>Las copias de seguridad se realizan diaria y mensualmente en nuestros servidores.<\/li>\n<\/ul>\n<\/div>\n\n\n\n<div class=\"wp-block-column is-layout-flow wp-block-column-is-layout-flow\">\n<figure class=\"wp-block-image size-full is-resized\"><img loading=\"lazy\" decoding=\"async\" width=\"1200\" height=\"900\" src=\"https:\/\/ravyx.com\/wp-content\/uploads\/2025\/06\/1-2.png\" alt=\"\" class=\"wp-image-3801\" style=\"width:627px;height:auto\" srcset=\"https:\/\/ravyx.com\/wp-content\/uploads\/2025\/06\/1-2.png 1200w, https:\/\/ravyx.com\/wp-content\/uploads\/2025\/06\/1-2-300x225.png 300w, https:\/\/ravyx.com\/wp-content\/uploads\/2025\/06\/1-2-1024x768.png 1024w, https:\/\/ravyx.com\/wp-content\/uploads\/2025\/06\/1-2-768x576.png 768w, https:\/\/ravyx.com\/wp-content\/uploads\/2025\/06\/1-2-16x12.png 16w\" sizes=\"auto, (max-width: 1200px) 100vw, 1200px\" \/><\/figure>\n<\/div>\n<\/div>\n\n\n\n<div class=\"wp-block-columns is-layout-flex wp-container-core-columns-is-layout-9d6595d7 wp-block-columns-is-layout-flex\">\n<div class=\"wp-block-column order-1 is-layout-flow wp-block-column-is-layout-flow\">\n<figure class=\"wp-block-image size-full is-resized\"><img loading=\"lazy\" decoding=\"async\" width=\"1200\" height=\"900\" src=\"https:\/\/ravyx.com\/wp-content\/uploads\/2025\/06\/System-Integration-Banner-1.png\" alt=\"\" class=\"wp-image-3803\" style=\"aspect-ratio:1.4772234273318872;width:595px;height:auto\" srcset=\"https:\/\/ravyx.com\/wp-content\/uploads\/2025\/06\/System-Integration-Banner-1.png 1200w, https:\/\/ravyx.com\/wp-content\/uploads\/2025\/06\/System-Integration-Banner-1-300x225.png 300w, https:\/\/ravyx.com\/wp-content\/uploads\/2025\/06\/System-Integration-Banner-1-1024x768.png 1024w, https:\/\/ravyx.com\/wp-content\/uploads\/2025\/06\/System-Integration-Banner-1-768x576.png 768w, https:\/\/ravyx.com\/wp-content\/uploads\/2025\/06\/System-Integration-Banner-1-16x12.png 16w\" sizes=\"auto, (max-width: 1200px) 100vw, 1200px\" \/><\/figure>\n<\/div>\n\n\n\n<div class=\"wp-block-column order-2 is-layout-flow wp-block-column-is-layout-flow\">\n<h2 class=\"wp-block-heading\">Enrutador de red<\/h2>\n\n\n\n<p>Nuestro equipo de expertos act\u00faa como \u00fanico punto de contacto para la conectividad de su red, con el fin de garantizar unas comunicaciones unificadas de calidad. Nuestro equipo gestionar\u00e1 su red para ayudar a su empresa a alcanzar la m\u00e1xima rentabilidad mediante una optimizaci\u00f3n y reducci\u00f3n de costos.&nbsp;<\/p>\n\n\n\n<ul class=\"wp-block-list stylized-list\">\n<li class=\"stylized-list\">Sea receptivo mediante un mayor monitoreo de las actividades diarias de su red.<\/li>\n\n\n\n<li>El mantenimiento y las actualizaciones peri\u00f3dicas permiten un tiempo de respuesta r\u00e1pido.<\/li>\n\n\n\n<li>Evite interrupciones inesperadas del servicio.<\/li>\n<\/ul>\n<\/div>\n<\/div>\n\n\n\n<div class=\"wp-block-columns is-layout-flex wp-container-core-columns-is-layout-9d6595d7 wp-block-columns-is-layout-flex\">\n<div class=\"wp-block-column is-layout-flow wp-block-column-is-layout-flow\">\n<h2 class=\"wp-block-heading\">Virtualizaci\u00f3n<\/h2>\n\n\n\n<p>\u00a1El poder de la nube a su servicio! La consolidaci\u00f3n de servidores basada en la nube se integra en su infraestructura de TI existente para proporcionar un acceso flexible y seguro a sus datos.<\/p>\n\n\n\n<ul class=\"wp-block-list stylized-list\">\n<li class=\"stylized-list\">Servicio que incluye antivirus y copia de seguridad.<\/li>\n\n\n\n<li>Reduzca sus costos operativos y de TI.<\/li>\n\n\n\n<li>Infraestructuras totalmente autogestionadas<\/li>\n\n\n\n<li>Alta disponibilidad y rendimiento<\/li>\n\n\n\n<li class=\"stylized-list\">Todo se hace internamente, sin intervenci\u00f3n de terceros, lo que acelera el tiempo de respuesta y reacci\u00f3n.<\/li>\n<\/ul>\n<\/div>\n\n\n\n<div class=\"wp-block-column is-layout-flow wp-block-column-is-layout-flow\">\n<figure class=\"wp-block-image size-full is-resized\"><img loading=\"lazy\" decoding=\"async\" width=\"1200\" height=\"900\" src=\"https:\/\/ravyx.com\/wp-content\/uploads\/2025\/06\/CD-Banner.png\" alt=\"\" class=\"wp-image-3779\" style=\"width:619px;height:auto\" srcset=\"https:\/\/ravyx.com\/wp-content\/uploads\/2025\/06\/CD-Banner.png 1200w, https:\/\/ravyx.com\/wp-content\/uploads\/2025\/06\/CD-Banner-300x225.png 300w, https:\/\/ravyx.com\/wp-content\/uploads\/2025\/06\/CD-Banner-1024x768.png 1024w, https:\/\/ravyx.com\/wp-content\/uploads\/2025\/06\/CD-Banner-768x576.png 768w, https:\/\/ravyx.com\/wp-content\/uploads\/2025\/06\/CD-Banner-16x12.png 16w\" sizes=\"auto, (max-width: 1200px) 100vw, 1200px\" \/><\/figure>\n<\/div>\n<\/div>\n\n\n\n<div class=\"block-inline-cta wpx-custom-block\" id=\"acf-inline-cta6635\">\n\n\t<div class=\"inline-cta-inner\">\n\t\t\n\t\t<h3 class=\"inline-cta-title\">\u00bfQuieres saber m\u00e1s?<\/h3>\t\t\n\t\t\t\t\t<div class=\"button-group\">\n\t\t\t\t<a href=\"https:\/\/ravyx.com\/es\/contact-us\/\" target=\"\" class=\"wpx-button\">CONT\u00c1CTENOS<\/a>\n\t\t\t<\/div>\n\t\t\n\t<\/div>\n\n<\/div>\n\n\n<h2 class=\"wp-block-heading has-text-align-center\">M\u00e1s informaci\u00f3n sobre nuestras soluciones:<\/h2>\n\n\n\n<section class=\"block-related wpx-custom-block\" id=\"acf-related-pages7671\">\n\n\t\t\n\t<div class=\"related-inner\">\n\n\t\t\n\t\t\t<article class=\"related-page\">\n\t\t\t\t<a href=\"https:\/\/ravyx.com\/es\/are-out-stock-items-hurting-your-online-grocery-sales\/\">\n\t\t\t\t\t<div class=\"related-page-thumb\">\n\t\t\t\t\t\t\t\t\t\t\t\t<img decoding=\"async\" src=\"https:\/\/ravyx.com\/wp-content\/uploads\/2023\/10\/Are-Out-of-Stock-Items-Hurting-Your-Online-Grocery-Sales_-880x636.jpg\" alt=\"\" srcset=\"\" sizes=\"(max-width: 880px) 100vw, 880px\">\n\t\t\t\t\t<\/div>\n\t\t\t\t\t<div class=\"related-page-header\">\n\t\t\t\t\t\t<h1 class=\"related-page-title\">C\u00f3mo evitar que los art\u00edculos agotados afecten negativamente a tus ventas de comestibles en l\u00ednea.<\/h1>\n\t\t\t\t\t<\/div>\n\t\t\t\t<\/a>\n\t\t\t<\/article>\n\n\t\t\t\n\t\t\n\t\t\t<article class=\"related-page\">\n\t\t\t\t<a href=\"https:\/\/ravyx.com\/es\/how-upgrade-store-shopping-grocery-technology\/\">\n\t\t\t\t\t<div class=\"related-page-thumb\">\n\t\t\t\t\t\t\t\t\t\t\t\t<img decoding=\"async\" src=\"https:\/\/ravyx.com\/wp-content\/uploads\/2023\/10\/How-To-Upgrade-In-Store-Shopping-With-Grocery-Technology-1-880x636.jpg\" alt=\"\" srcset=\"\" sizes=\"(max-width: 880px) 100vw, 880px\">\n\t\t\t\t\t<\/div>\n\t\t\t\t\t<div class=\"related-page-header\">\n\t\t\t\t\t\t<h1 class=\"related-page-title\">C\u00f3mo mejorar la experiencia de compra en la tienda con tecnolog\u00eda para supermercados<\/h1>\n\t\t\t\t\t<\/div>\n\t\t\t\t<\/a>\n\t\t\t<\/article>\n\n\t\t\t\n\t\t\n\t\t\t<article class=\"related-page\">\n\t\t\t\t<a href=\"https:\/\/ravyx.com\/es\/bringing-digital-experiences-shoppers-carts\/\">\n\t\t\t\t\t<div class=\"related-page-thumb\">\n\t\t\t\t\t\t\t\t\t\t\t\t<img decoding=\"async\" src=\"https:\/\/ravyx.com\/wp-content\/uploads\/2023\/09\/generic-blog-img-880x601.jpg\" alt=\"\" srcset=\"\" sizes=\"(max-width: 880px) 100vw, 880px\">\n\t\t\t\t\t<\/div>\n\t\t\t\t\t<div class=\"related-page-header\">\n\t\t\t\t\t\t<h1 class=\"related-page-title\">Llevando las experiencias digitales a los carritos de los compradores<\/h1>\n\t\t\t\t\t<\/div>\n\t\t\t\t<\/a>\n\t\t\t<\/article>\n\n\t\t\t\n\t\t\n\t<\/div>\n\n<\/section>\n\n\n\n\n<p class=\"has-text-align-center\"><a href=\"https:\/\/ravyx.com\/es\/2-ways-self-checkout-technology-advancing\/\"><\/a><\/p>","protected":false},"excerpt":{"rendered":"<p>POS applications like LOC SMS and Toshiba ACE &#038; Elera give you all the features you need to run your business in an integrated way.<\/p>","protected":false},"author":7,"featured_media":0,"parent":668,"menu_order":9,"comment_status":"closed","ping_status":"closed","template":"","meta":{"_acf_changed":true,"footnotes":""},"class_list":["post-3490","page","type-page","status-publish","hentry"],"acf":[],"yoast_head":"<!-- This site is optimized with the Yoast SEO plugin v27.5 - https:\/\/yoast.com\/product\/yoast-seo-wordpress\/ -->\n<title>Anti-Virus and Backup Services | Ravyx<\/title>\n<meta name=\"description\" content=\"Learn more about our complimentary services, including anti-virus and backups, networking, and more. We offer a full-service solution.\" \/>\n<meta name=\"robots\" content=\"index, follow, max-snippet:-1, max-image-preview:large, max-video-preview:-1\" \/>\n<link rel=\"canonical\" href=\"https:\/\/ravyx.com\/es\/solutions\/select-products\/anti-virus-and-backup-services\/\" \/>\n<meta property=\"og:locale\" content=\"es_ES\" \/>\n<meta property=\"og:type\" content=\"article\" \/>\n<meta property=\"og:title\" content=\"Anti-Virus and Backup Services | Ravyx\" \/>\n<meta property=\"og:description\" content=\"Learn more about our complimentary services, including anti-virus and backups, networking, and more. We offer a full-service solution.\" \/>\n<meta property=\"og:url\" content=\"https:\/\/ravyx.com\/es\/solutions\/select-products\/anti-virus-and-backup-services\/\" \/>\n<meta property=\"og:site_name\" content=\"Ravyx\" \/>\n<meta property=\"article:publisher\" content=\"https:\/\/www.facebook.com\/stcrpos\" \/>\n<meta property=\"article:modified_time\" content=\"2025-06-18T17:37:45+00:00\" \/>\n<meta property=\"og:image\" content=\"https:\/\/ravyx.com\/wp-content\/uploads\/2025\/06\/1-2.png\" \/>\n<meta name=\"twitter:card\" content=\"summary_large_image\" \/>\n<meta name=\"twitter:site\" content=\"@stcrpos\" \/>\n<meta name=\"twitter:label1\" content=\"Est. reading time\" \/>\n\t<meta name=\"twitter:data1\" content=\"2 minutos\" \/>\n<script type=\"application\/ld+json\" class=\"yoast-schema-graph\">{\"@context\":\"https:\\\/\\\/schema.org\",\"@graph\":[{\"@type\":\"WebPage\",\"@id\":\"https:\\\/\\\/ravyx.com\\\/solutions\\\/select-products\\\/anti-virus-and-backup-services\\\/\",\"url\":\"https:\\\/\\\/ravyx.com\\\/solutions\\\/select-products\\\/anti-virus-and-backup-services\\\/\",\"name\":\"Anti-Virus and Backup Services | Ravyx\",\"isPartOf\":{\"@id\":\"https:\\\/\\\/ravyx.com\\\/#website\"},\"primaryImageOfPage\":{\"@id\":\"https:\\\/\\\/ravyx.com\\\/solutions\\\/select-products\\\/anti-virus-and-backup-services\\\/#primaryimage\"},\"image\":{\"@id\":\"https:\\\/\\\/ravyx.com\\\/solutions\\\/select-products\\\/anti-virus-and-backup-services\\\/#primaryimage\"},\"thumbnailUrl\":\"https:\\\/\\\/ravyx.com\\\/wp-content\\\/uploads\\\/2025\\\/06\\\/1-2.png\",\"datePublished\":\"2025-06-18T17:36:18+00:00\",\"dateModified\":\"2025-06-18T17:37:45+00:00\",\"description\":\"Learn more about our complimentary services, including anti-virus and backups, networking, and more. We offer a full-service solution.\",\"breadcrumb\":{\"@id\":\"https:\\\/\\\/ravyx.com\\\/solutions\\\/select-products\\\/anti-virus-and-backup-services\\\/#breadcrumb\"},\"inLanguage\":\"es-DO\",\"potentialAction\":[{\"@type\":\"ReadAction\",\"target\":[\"https:\\\/\\\/ravyx.com\\\/solutions\\\/select-products\\\/anti-virus-and-backup-services\\\/\"]}]},{\"@type\":\"ImageObject\",\"inLanguage\":\"es-DO\",\"@id\":\"https:\\\/\\\/ravyx.com\\\/solutions\\\/select-products\\\/anti-virus-and-backup-services\\\/#primaryimage\",\"url\":\"https:\\\/\\\/ravyx.com\\\/wp-content\\\/uploads\\\/2025\\\/06\\\/1-2.png\",\"contentUrl\":\"https:\\\/\\\/ravyx.com\\\/wp-content\\\/uploads\\\/2025\\\/06\\\/1-2.png\"},{\"@type\":\"BreadcrumbList\",\"@id\":\"https:\\\/\\\/ravyx.com\\\/solutions\\\/select-products\\\/anti-virus-and-backup-services\\\/#breadcrumb\",\"itemListElement\":[{\"@type\":\"ListItem\",\"position\":1,\"name\":\"Home\",\"item\":\"https:\\\/\\\/ravyx.com\\\/\"},{\"@type\":\"ListItem\",\"position\":2,\"name\":\"Solutions\",\"item\":\"https:\\\/\\\/ravyx.com\\\/solutions\\\/\"},{\"@type\":\"ListItem\",\"position\":3,\"name\":\"Select Products\",\"item\":\"https:\\\/\\\/ravyx.com\\\/solutions\\\/select-products\\\/\"},{\"@type\":\"ListItem\",\"position\":4,\"name\":\"Complementary Services\"}]},{\"@type\":\"WebSite\",\"@id\":\"https:\\\/\\\/ravyx.com\\\/#website\",\"url\":\"https:\\\/\\\/ravyx.com\\\/\",\"name\":\"Ravyx\",\"description\":\"Proven Grocery Technologies\",\"publisher\":{\"@id\":\"https:\\\/\\\/ravyx.com\\\/#organization\"},\"potentialAction\":[{\"@type\":\"SearchAction\",\"target\":{\"@type\":\"EntryPoint\",\"urlTemplate\":\"https:\\\/\\\/ravyx.com\\\/?s={search_term_string}\"},\"query-input\":{\"@type\":\"PropertyValueSpecification\",\"valueRequired\":true,\"valueName\":\"search_term_string\"}}],\"inLanguage\":\"es-DO\"},{\"@type\":\"Organization\",\"@id\":\"https:\\\/\\\/ravyx.com\\\/#organization\",\"name\":\"Ravyx\",\"url\":\"https:\\\/\\\/ravyx.com\\\/\",\"logo\":{\"@type\":\"ImageObject\",\"inLanguage\":\"es-DO\",\"@id\":\"https:\\\/\\\/ravyx.com\\\/#\\\/schema\\\/logo\\\/image\\\/\",\"url\":\"https:\\\/\\\/ravyx.com\\\/wp-content\\\/uploads\\\/2023\\\/09\\\/generic-brand-1.jpg\",\"contentUrl\":\"https:\\\/\\\/ravyx.com\\\/wp-content\\\/uploads\\\/2023\\\/09\\\/generic-brand-1.jpg\",\"width\":1200,\"height\":1200,\"caption\":\"Ravyx\"},\"image\":{\"@id\":\"https:\\\/\\\/ravyx.com\\\/#\\\/schema\\\/logo\\\/image\\\/\"},\"sameAs\":[\"https:\\\/\\\/www.facebook.com\\\/stcrpos\",\"https:\\\/\\\/x.com\\\/stcrpos\",\"https:\\\/\\\/www.linkedin.com\\\/company\\\/stcr\\\/\",\"https:\\\/\\\/www.youtube.com\\\/channel\\\/UCSWcsJARYjaQnz0T5o4p9DQ\"]}]}<\/script>\n<!-- \/ Yoast SEO plugin. -->","yoast_head_json":{"title":"Anti-Virus and Backup Services | Ravyx","description":"Learn more about our complimentary services, including anti-virus and backups, networking, and more. We offer a full-service solution.","robots":{"index":"index","follow":"follow","max-snippet":"max-snippet:-1","max-image-preview":"max-image-preview:large","max-video-preview":"max-video-preview:-1"},"canonical":"https:\/\/ravyx.com\/es\/solutions\/select-products\/anti-virus-and-backup-services\/","og_locale":"es_ES","og_type":"article","og_title":"Anti-Virus and Backup Services | Ravyx","og_description":"Learn more about our complimentary services, including anti-virus and backups, networking, and more. We offer a full-service solution.","og_url":"https:\/\/ravyx.com\/es\/solutions\/select-products\/anti-virus-and-backup-services\/","og_site_name":"Ravyx","article_publisher":"https:\/\/www.facebook.com\/stcrpos","article_modified_time":"2025-06-18T17:37:45+00:00","og_image":[{"url":"https:\/\/ravyx.com\/wp-content\/uploads\/2025\/06\/1-2.png","type":"","width":"","height":""}],"twitter_card":"summary_large_image","twitter_site":"@stcrpos","twitter_misc":{"Est. reading time":"2 minutos"},"schema":{"@context":"https:\/\/schema.org","@graph":[{"@type":"WebPage","@id":"https:\/\/ravyx.com\/solutions\/select-products\/anti-virus-and-backup-services\/","url":"https:\/\/ravyx.com\/solutions\/select-products\/anti-virus-and-backup-services\/","name":"Anti-Virus and Backup Services | Ravyx","isPartOf":{"@id":"https:\/\/ravyx.com\/#website"},"primaryImageOfPage":{"@id":"https:\/\/ravyx.com\/solutions\/select-products\/anti-virus-and-backup-services\/#primaryimage"},"image":{"@id":"https:\/\/ravyx.com\/solutions\/select-products\/anti-virus-and-backup-services\/#primaryimage"},"thumbnailUrl":"https:\/\/ravyx.com\/wp-content\/uploads\/2025\/06\/1-2.png","datePublished":"2025-06-18T17:36:18+00:00","dateModified":"2025-06-18T17:37:45+00:00","description":"Learn more about our complimentary services, including anti-virus and backups, networking, and more. We offer a full-service solution.","breadcrumb":{"@id":"https:\/\/ravyx.com\/solutions\/select-products\/anti-virus-and-backup-services\/#breadcrumb"},"inLanguage":"es-DO","potentialAction":[{"@type":"ReadAction","target":["https:\/\/ravyx.com\/solutions\/select-products\/anti-virus-and-backup-services\/"]}]},{"@type":"ImageObject","inLanguage":"es-DO","@id":"https:\/\/ravyx.com\/solutions\/select-products\/anti-virus-and-backup-services\/#primaryimage","url":"https:\/\/ravyx.com\/wp-content\/uploads\/2025\/06\/1-2.png","contentUrl":"https:\/\/ravyx.com\/wp-content\/uploads\/2025\/06\/1-2.png"},{"@type":"BreadcrumbList","@id":"https:\/\/ravyx.com\/solutions\/select-products\/anti-virus-and-backup-services\/#breadcrumb","itemListElement":[{"@type":"ListItem","position":1,"name":"Home","item":"https:\/\/ravyx.com\/"},{"@type":"ListItem","position":2,"name":"Solutions","item":"https:\/\/ravyx.com\/solutions\/"},{"@type":"ListItem","position":3,"name":"Select Products","item":"https:\/\/ravyx.com\/solutions\/select-products\/"},{"@type":"ListItem","position":4,"name":"Complementary Services"}]},{"@type":"WebSite","@id":"https:\/\/ravyx.com\/#website","url":"https:\/\/ravyx.com\/","name":"Ravyx","description":"Proven Grocery Technologies","publisher":{"@id":"https:\/\/ravyx.com\/#organization"},"potentialAction":[{"@type":"SearchAction","target":{"@type":"EntryPoint","urlTemplate":"https:\/\/ravyx.com\/?s={search_term_string}"},"query-input":{"@type":"PropertyValueSpecification","valueRequired":true,"valueName":"search_term_string"}}],"inLanguage":"es-DO"},{"@type":"Organization","@id":"https:\/\/ravyx.com\/#organization","name":"Ravyx","url":"https:\/\/ravyx.com\/","logo":{"@type":"ImageObject","inLanguage":"es-DO","@id":"https:\/\/ravyx.com\/#\/schema\/logo\/image\/","url":"https:\/\/ravyx.com\/wp-content\/uploads\/2023\/09\/generic-brand-1.jpg","contentUrl":"https:\/\/ravyx.com\/wp-content\/uploads\/2023\/09\/generic-brand-1.jpg","width":1200,"height":1200,"caption":"Ravyx"},"image":{"@id":"https:\/\/ravyx.com\/#\/schema\/logo\/image\/"},"sameAs":["https:\/\/www.facebook.com\/stcrpos","https:\/\/x.com\/stcrpos","https:\/\/www.linkedin.com\/company\/stcr\/","https:\/\/www.youtube.com\/channel\/UCSWcsJARYjaQnz0T5o4p9DQ"]}]}},"_links":{"self":[{"href":"https:\/\/ravyx.com\/es\/wp-json\/wp\/v2\/pages\/3490","targetHints":{"allow":["GET"]}}],"collection":[{"href":"https:\/\/ravyx.com\/es\/wp-json\/wp\/v2\/pages"}],"about":[{"href":"https:\/\/ravyx.com\/es\/wp-json\/wp\/v2\/types\/page"}],"author":[{"embeddable":true,"href":"https:\/\/ravyx.com\/es\/wp-json\/wp\/v2\/users\/7"}],"replies":[{"embeddable":true,"href":"https:\/\/ravyx.com\/es\/wp-json\/wp\/v2\/comments?post=3490"}],"version-history":[{"count":0,"href":"https:\/\/ravyx.com\/es\/wp-json\/wp\/v2\/pages\/3490\/revisions"}],"up":[{"embeddable":true,"href":"https:\/\/ravyx.com\/es\/wp-json\/wp\/v2\/pages\/668"}],"wp:attachment":[{"href":"https:\/\/ravyx.com\/es\/wp-json\/wp\/v2\/media?parent=3490"}],"curies":[{"name":"wp","href":"https:\/\/api.w.org\/{rel}","templated":true}]}}